{"id":9880,"date":"2022-05-03T01:47:10","date_gmt":"2022-05-03T01:47:10","guid":{"rendered":"https:\/\/zepestonia.com\/toode\/solo-alusvaha\/"},"modified":"2025-07-01T00:23:59","modified_gmt":"2025-07-01T00:23:59","slug":"solo-alusvaha","status":"publish","type":"product","link":"https:\/\/zepestonia.com\/en\/toode\/solo-alusvaha\/","title":{"rendered":"SOLO* &#8211; P\u00f5randavaha"},"content":{"rendered":"<p>Katvus: 40 &#8211; 50 m\u00b2\/l kihi kohta.<br \/>\nVeep\u00f5hine pesu: lihtne kasutada.<br \/>\n\u00d6konoomne: \u00dcks toode kahe funktsiooni jaoks, pooride t\u00e4itmiseks ja pinnat\u00f6\u00f6tluseks.<br \/>\nLihtne hooldus: tagab k\u00f5va ja l\u00e4bipaistva kihi, mida on lihtne hooldada<br \/>\npihustusmeetodil (Buff-Up) v\u00f5i poleerides seda kord n\u00e4dalas keskmise kiirusega.<br \/>\nIgap\u00e4evane hooldus mopi ja neutraalse pesuvahendi pealekandminenagu Q4.1 Floor 3 v\u00f5i Vita Pin, ilma s\u00e4raefekti v\u00e4hendamata.<br \/>\nEi j\u00e4ta j\u00e4lgi, kuivab 30 minutiga, hea \u00fchendus olemasolevate vahadega.<\/p>\n","protected":false},"excerpt":{"rendered":"<p>\u00c4\u00e4rmiselt vastupidav pooride t\u00e4iteaine ja p\u00f5randavahana.<br \/>\nN\u00f5uetekohase hoolduse korral vastab libisemisvastasele testile (ASTM D-2047).<br \/>\nAnnab pinnale v\u00e4ga k\u00f5va ja erakordselt l\u00e4ikiva katte, mis tagab suurep\u00e4rase vastupidavuse kriimustustele ja jalatsitaldade j\u00e4lgedele.<\/p>\n","protected":false},"featured_media":9881,"comment_status":"closed","ping_status":"closed","template":"","meta":[],"product_brand":[],"product_cat":[197],"product_tag":[],"class_list":{"0":"post-9880","1":"product","2":"type-product","3":"status-publish","4":"has-post-thumbnail","6":"product_cat-kaitse","8":"first","9":"instock","10":"taxable","11":"shipping-taxable","12":"purchasable","13":"product-type-simple"},"yoast_head":"<!-- This site is optimized with the Yoast SEO plugin v26.5 - https:\/\/yoast.com\/wordpress\/plugins\/seo\/ -->\n<title>SOLO* - P\u00f5randavaha - ZEP Eesti I Puhastusvahendid I E-pood<\/title>\n<meta name=\"robots\" content=\"index, follow, max-snippet:-1, max-image-preview:large, max-video-preview:-1\" \/>\n<link rel=\"canonical\" href=\"https:\/\/zepestonia.com\/en\/toode\/solo-alusvaha\/\" \/>\n<meta property=\"og:locale\" content=\"en_US\" \/>\n<meta property=\"og:type\" content=\"article\" \/>\n<meta property=\"og:title\" content=\"SOLO* - P\u00f5randavaha - ZEP Eesti I Puhastusvahendid I E-pood\" \/>\n<meta property=\"og:description\" content=\"\u00c4\u00e4rmiselt vastupidav pooride t\u00e4iteaine ja p\u00f5randavahana. N\u00f5uetekohase hoolduse korral vastab libisemisvastasele testile (ASTM D-2047).  Annab pinnale v\u00e4ga k\u00f5va ja erakordselt l\u00e4ikiva katte, mis tagab suurep\u00e4rase vastupidavuse kriimustustele ja jalatsitaldade j\u00e4lgedele.\" \/>\n<meta property=\"og:url\" content=\"https:\/\/zepestonia.com\/en\/toode\/solo-alusvaha\/\" \/>\n<meta property=\"og:site_name\" content=\"ZEP Eesti I Puhastusvahendid I E-pood\" \/>\n<meta property=\"article:publisher\" content=\"https:\/\/www.facebook.com\/ZepEesti\" \/>\n<meta property=\"article:modified_time\" content=\"2025-07-01T00:23:59+00:00\" \/>\n<meta property=\"og:image\" content=\"https:\/\/zepestonia.com\/wp-content\/uploads\/2022\/05\/SOLO.png\" \/>\n\t<meta property=\"og:image:width\" content=\"200\" \/>\n\t<meta property=\"og:image:height\" content=\"300\" \/>\n\t<meta property=\"og:image:type\" content=\"image\/png\" \/>\n<meta name=\"twitter:card\" content=\"summary_large_image\" \/>\n<script type=\"application\/ld+json\" class=\"yoast-schema-graph\">{\"@context\":\"https:\/\/schema.org\",\"@graph\":[{\"@type\":\"WebPage\",\"@id\":\"https:\/\/zepestonia.com\/en\/toode\/solo-alusvaha\/\",\"url\":\"https:\/\/zepestonia.com\/en\/toode\/solo-alusvaha\/\",\"name\":\"SOLO* - P\u00f5randavaha - ZEP Eesti I Puhastusvahendid I E-pood\",\"isPartOf\":{\"@id\":\"https:\/\/zepestonia.com\/en\/#website\"},\"primaryImageOfPage\":{\"@id\":\"https:\/\/zepestonia.com\/en\/toode\/solo-alusvaha\/#primaryimage\"},\"image\":{\"@id\":\"https:\/\/zepestonia.com\/en\/toode\/solo-alusvaha\/#primaryimage\"},\"thumbnailUrl\":\"https:\/\/zepestonia.com\/wp-content\/uploads\/2022\/05\/SOLO.png\",\"datePublished\":\"2022-05-03T01:47:10+00:00\",\"dateModified\":\"2025-07-01T00:23:59+00:00\",\"breadcrumb\":{\"@id\":\"https:\/\/zepestonia.com\/en\/toode\/solo-alusvaha\/#breadcrumb\"},\"inLanguage\":\"en-US\",\"potentialAction\":[{\"@type\":\"ReadAction\",\"target\":[\"https:\/\/zepestonia.com\/en\/toode\/solo-alusvaha\/\"]}]},{\"@type\":\"ImageObject\",\"inLanguage\":\"en-US\",\"@id\":\"https:\/\/zepestonia.com\/en\/toode\/solo-alusvaha\/#primaryimage\",\"url\":\"https:\/\/zepestonia.com\/wp-content\/uploads\/2022\/05\/SOLO.png\",\"contentUrl\":\"https:\/\/zepestonia.com\/wp-content\/uploads\/2022\/05\/SOLO.png\",\"width\":200,\"height\":300,\"caption\":\"SOLO\"},{\"@type\":\"BreadcrumbList\",\"@id\":\"https:\/\/zepestonia.com\/en\/toode\/solo-alusvaha\/#breadcrumb\",\"itemListElement\":[{\"@type\":\"ListItem\",\"position\":1,\"name\":\"Home\",\"item\":\"https:\/\/zepestonia.com\/en\/\"},{\"@type\":\"ListItem\",\"position\":2,\"name\":\"Shop\",\"item\":\"https:\/\/zepestonia.com\/en\/?page_id=4643\"},{\"@type\":\"ListItem\",\"position\":3,\"name\":\"SOLO* &#8211; P\u00f5randavaha\"}]},{\"@type\":\"WebSite\",\"@id\":\"https:\/\/zepestonia.com\/en\/#website\",\"url\":\"https:\/\/zepestonia.com\/en\/\",\"name\":\"ZEP Eesti I Puhastusvahendid I E-pood\",\"description\":\"Pakume puhastus- ja hooldusprobleemidele efektiivseid keskkonnas\u00f5bralikke lahendusi!\",\"publisher\":{\"@id\":\"https:\/\/zepestonia.com\/en\/#organization\"},\"potentialAction\":[{\"@type\":\"SearchAction\",\"target\":{\"@type\":\"EntryPoint\",\"urlTemplate\":\"https:\/\/zepestonia.com\/en\/?s={search_term_string}\"},\"query-input\":{\"@type\":\"PropertyValueSpecification\",\"valueRequired\":true,\"valueName\":\"search_term_string\"}}],\"inLanguage\":\"en-US\"},{\"@type\":\"Organization\",\"@id\":\"https:\/\/zepestonia.com\/en\/#organization\",\"name\":\"Zep Estonia\",\"url\":\"https:\/\/zepestonia.com\/en\/\",\"logo\":{\"@type\":\"ImageObject\",\"inLanguage\":\"en-US\",\"@id\":\"https:\/\/zepestonia.com\/en\/#\/schema\/logo\/image\/\",\"url\":\"https:\/\/zepestonia.com\/wp-content\/uploads\/2022\/03\/Zep-Logo_png.jpeg\",\"contentUrl\":\"https:\/\/zepestonia.com\/wp-content\/uploads\/2022\/03\/Zep-Logo_png.jpeg\",\"width\":109,\"height\":70,\"caption\":\"Zep Estonia\"},\"image\":{\"@id\":\"https:\/\/zepestonia.com\/en\/#\/schema\/logo\/image\/\"},\"sameAs\":[\"https:\/\/www.facebook.com\/ZepEesti\"]}]}<\/script>\n<!-- \/ Yoast SEO plugin. -->","yoast_head_json":{"title":"SOLO* - P\u00f5randavaha - ZEP Eesti I Puhastusvahendid I E-pood","robots":{"index":"index","follow":"follow","max-snippet":"max-snippet:-1","max-image-preview":"max-image-preview:large","max-video-preview":"max-video-preview:-1"},"canonical":"https:\/\/zepestonia.com\/en\/toode\/solo-alusvaha\/","og_locale":"en_US","og_type":"article","og_title":"SOLO* - P\u00f5randavaha - ZEP Eesti I Puhastusvahendid I E-pood","og_description":"\u00c4\u00e4rmiselt vastupidav pooride t\u00e4iteaine ja p\u00f5randavahana. N\u00f5uetekohase hoolduse korral vastab libisemisvastasele testile (ASTM D-2047).  Annab pinnale v\u00e4ga k\u00f5va ja erakordselt l\u00e4ikiva katte, mis tagab suurep\u00e4rase vastupidavuse kriimustustele ja jalatsitaldade j\u00e4lgedele.","og_url":"https:\/\/zepestonia.com\/en\/toode\/solo-alusvaha\/","og_site_name":"ZEP Eesti I Puhastusvahendid I E-pood","article_publisher":"https:\/\/www.facebook.com\/ZepEesti","article_modified_time":"2025-07-01T00:23:59+00:00","og_image":[{"width":200,"height":300,"url":"https:\/\/zepestonia.com\/wp-content\/uploads\/2022\/05\/SOLO.png","type":"image\/png"}],"twitter_card":"summary_large_image","schema":{"@context":"https:\/\/schema.org","@graph":[{"@type":"WebPage","@id":"https:\/\/zepestonia.com\/en\/toode\/solo-alusvaha\/","url":"https:\/\/zepestonia.com\/en\/toode\/solo-alusvaha\/","name":"SOLO* - P\u00f5randavaha - ZEP Eesti I Puhastusvahendid I E-pood","isPartOf":{"@id":"https:\/\/zepestonia.com\/en\/#website"},"primaryImageOfPage":{"@id":"https:\/\/zepestonia.com\/en\/toode\/solo-alusvaha\/#primaryimage"},"image":{"@id":"https:\/\/zepestonia.com\/en\/toode\/solo-alusvaha\/#primaryimage"},"thumbnailUrl":"https:\/\/zepestonia.com\/wp-content\/uploads\/2022\/05\/SOLO.png","datePublished":"2022-05-03T01:47:10+00:00","dateModified":"2025-07-01T00:23:59+00:00","breadcrumb":{"@id":"https:\/\/zepestonia.com\/en\/toode\/solo-alusvaha\/#breadcrumb"},"inLanguage":"en-US","potentialAction":[{"@type":"ReadAction","target":["https:\/\/zepestonia.com\/en\/toode\/solo-alusvaha\/"]}]},{"@type":"ImageObject","inLanguage":"en-US","@id":"https:\/\/zepestonia.com\/en\/toode\/solo-alusvaha\/#primaryimage","url":"https:\/\/zepestonia.com\/wp-content\/uploads\/2022\/05\/SOLO.png","contentUrl":"https:\/\/zepestonia.com\/wp-content\/uploads\/2022\/05\/SOLO.png","width":200,"height":300,"caption":"SOLO"},{"@type":"BreadcrumbList","@id":"https:\/\/zepestonia.com\/en\/toode\/solo-alusvaha\/#breadcrumb","itemListElement":[{"@type":"ListItem","position":1,"name":"Home","item":"https:\/\/zepestonia.com\/en\/"},{"@type":"ListItem","position":2,"name":"Shop","item":"https:\/\/zepestonia.com\/en\/?page_id=4643"},{"@type":"ListItem","position":3,"name":"SOLO* &#8211; P\u00f5randavaha"}]},{"@type":"WebSite","@id":"https:\/\/zepestonia.com\/en\/#website","url":"https:\/\/zepestonia.com\/en\/","name":"ZEP Eesti I Puhastusvahendid I E-pood","description":"Pakume puhastus- ja hooldusprobleemidele efektiivseid keskkonnas\u00f5bralikke lahendusi!","publisher":{"@id":"https:\/\/zepestonia.com\/en\/#organization"},"potentialAction":[{"@type":"SearchAction","target":{"@type":"EntryPoint","urlTemplate":"https:\/\/zepestonia.com\/en\/?s={search_term_string}"},"query-input":{"@type":"PropertyValueSpecification","valueRequired":true,"valueName":"search_term_string"}}],"inLanguage":"en-US"},{"@type":"Organization","@id":"https:\/\/zepestonia.com\/en\/#organization","name":"Zep Estonia","url":"https:\/\/zepestonia.com\/en\/","logo":{"@type":"ImageObject","inLanguage":"en-US","@id":"https:\/\/zepestonia.com\/en\/#\/schema\/logo\/image\/","url":"https:\/\/zepestonia.com\/wp-content\/uploads\/2022\/03\/Zep-Logo_png.jpeg","contentUrl":"https:\/\/zepestonia.com\/wp-content\/uploads\/2022\/03\/Zep-Logo_png.jpeg","width":109,"height":70,"caption":"Zep Estonia"},"image":{"@id":"https:\/\/zepestonia.com\/en\/#\/schema\/logo\/image\/"},"sameAs":["https:\/\/www.facebook.com\/ZepEesti"]}]}},"_links":{"self":[{"href":"https:\/\/zepestonia.com\/en\/wp-json\/wp\/v2\/product\/9880","targetHints":{"allow":["GET"]}}],"collection":[{"href":"https:\/\/zepestonia.com\/en\/wp-json\/wp\/v2\/product"}],"about":[{"href":"https:\/\/zepestonia.com\/en\/wp-json\/wp\/v2\/types\/product"}],"replies":[{"embeddable":true,"href":"https:\/\/zepestonia.com\/en\/wp-json\/wp\/v2\/comments?post=9880"}],"version-history":[{"count":1,"href":"https:\/\/zepestonia.com\/en\/wp-json\/wp\/v2\/product\/9880\/revisions"}],"predecessor-version":[{"id":12264,"href":"https:\/\/zepestonia.com\/en\/wp-json\/wp\/v2\/product\/9880\/revisions\/12264"}],"wp:featuredmedia":[{"embeddable":true,"href":"https:\/\/zepestonia.com\/en\/wp-json\/wp\/v2\/media\/9881"}],"wp:attachment":[{"href":"https:\/\/zepestonia.com\/en\/wp-json\/wp\/v2\/media?parent=9880"}],"wp:term":[{"taxonomy":"product_brand","embeddable":true,"href":"https:\/\/zepestonia.com\/en\/wp-json\/wp\/v2\/product_brand?post=9880"},{"taxonomy":"product_cat","embeddable":true,"href":"https:\/\/zepestonia.com\/en\/wp-json\/wp\/v2\/product_cat?post=9880"},{"taxonomy":"product_tag","embeddable":true,"href":"https:\/\/zepestonia.com\/en\/wp-json\/wp\/v2\/product_tag?post=9880"}],"curies":[{"name":"wp","href":"https:\/\/api.w.org\/{rel}","templated":true}]}}