{"id":9877,"date":"2022-05-03T01:22:19","date_gmt":"2022-05-03T01:22:19","guid":{"rendered":"https:\/\/zepestonia.com\/toode\/steelbrite-roostevaba-terase-puhastaja-ja-laigestaja\/"},"modified":"2025-10-31T00:00:15","modified_gmt":"2025-10-31T00:00:15","slug":"steelbrite-roostevaba-terase-puhastaja-ja-laigestaja","status":"publish","type":"product","link":"https:\/\/zepestonia.com\/en\/toode\/steelbrite-roostevaba-terase-puhastaja-ja-laigestaja\/","title":{"rendered":"Steelbrite* &#8211; Roostevaba terase puhastaja ja l\u00e4igestaja"},"content":{"rendered":"<p><span class=\"VIiyi\" lang=\"et\"><span class=\"JLqJ4b ChMk0b\" data-language-for-alternatives=\"et\" data-language-to-translate-into=\"nl\" data-number-of-phrases=\"47\" data-phrase-index=\"25\"><span class=\"Q4iAWc\">Loksutage korralikult enne<\/span><\/span><span class=\"JLqJ4b\" data-language-for-alternatives=\"et\" data-language-to-translate-into=\"nl\" data-number-of-phrases=\"47\" data-phrase-index=\"26\"><span class=\"Q4iAWc\"> <\/span><\/span><span class=\"JLqJ4b ChMk0b\" data-language-for-alternatives=\"et\" data-language-to-translate-into=\"nl\" data-number-of-phrases=\"47\" data-phrase-index=\"27\"><span class=\"Q4iAWc\">kasutamine.<\/span><\/span><br \/>\n<span class=\"JLqJ4b ChMk0b\" data-language-for-alternatives=\"et\" data-language-to-translate-into=\"nl\" data-number-of-phrases=\"47\" data-phrase-index=\"28\"><span class=\"Q4iAWc\">Pihustada 20-30 cm kauguselt pinnast v\u00f5i<\/span><\/span><span class=\"JLqJ4b\" data-language-for-alternatives=\"et\" data-language-to-translate-into=\"nl\" data-number-of-phrases=\"47\" data-phrase-index=\"29\"><span class=\"Q4iAWc\"> <\/span><\/span><span class=\"JLqJ4b ChMk0b\" data-language-for-alternatives=\"et\" data-language-to-translate-into=\"nl\" data-number-of-phrases=\"47\" data-phrase-index=\"30\"><span class=\"Q4iAWc\">kandke puhtale ebemevabale lapile ja p\u00fchkige pikki struktuuri<\/span><\/span><span class=\"JLqJ4b ChMk0b\" data-language-for-alternatives=\"et\" data-language-to-translate-into=\"nl\" data-number-of-phrases=\"47\" data-phrase-index=\"32\"><span class=\"Q4iAWc\">.<\/span><\/span> <\/span><br \/>\n<span class=\"VIiyi\" lang=\"et\"><span class=\"JLqJ4b ChMk0b\" data-language-for-alternatives=\"et\" data-language-to-translate-into=\"nl\" data-number-of-phrases=\"47\" data-phrase-index=\"35\"><span class=\"Q4iAWc\">L\u00e4ike saamiseks<\/span><\/span><span class=\"JLqJ4b ChMk0b\" data-language-for-alternatives=\"et\" data-language-to-translate-into=\"nl\" data-number-of-phrases=\"47\" data-phrase-index=\"33\"><span class=\"Q4iAWc\"> h\u00f5\u00f5ruge <\/span><\/span><span class=\"JLqJ4b ChMk0b\" data-language-for-alternatives=\"et\" data-language-to-translate-into=\"nl\" data-number-of-phrases=\"47\" data-phrase-index=\"35\"><span class=\"Q4iAWc\">kuiva lappiga.<\/p>\n<p>Jagub&nbsp;<\/span><\/span><\/span> ~20-30m\u00b2<\/p>\n","protected":false},"excerpt":{"rendered":"<p>Puhastab, poleerib ja kaitseb roostevabast terasest, alumiiniumist ja kroomitud pindu<br \/>\nToiduainet\u00f6\u00f6stuses kasutamiseks v\u00e4lja t\u00f6\u00f6tatud NSF H1 registreeringuga.<br \/>\nEi sisalda kriimustavaid komponente, mis v\u00f5ivad pindu kahjustada v\u00f5i plekke j\u00e4tta.<\/p>\n","protected":false},"featured_media":9878,"comment_status":"closed","ping_status":"closed","template":"","meta":[],"product_brand":[],"product_cat":[216],"product_tag":[],"class_list":{"0":"post-9877","1":"product","2":"type-product","3":"status-publish","4":"has-post-thumbnail","6":"product_cat-igapaevane-puhastus","8":"first","9":"instock","10":"taxable","11":"shipping-taxable","12":"purchasable","13":"product-type-simple"},"yoast_head":"<!-- This site is optimized with the Yoast SEO plugin v26.5 - https:\/\/yoast.com\/wordpress\/plugins\/seo\/ -->\n<title>Steelbrite* - Roostevaba terase puhastaja ja l\u00e4igestaja - ZEP Eesti I Puhastusvahendid I E-pood<\/title>\n<meta name=\"robots\" content=\"index, follow, max-snippet:-1, max-image-preview:large, max-video-preview:-1\" \/>\n<link rel=\"canonical\" href=\"https:\/\/zepestonia.com\/en\/toode\/steelbrite-roostevaba-terase-puhastaja-ja-laigestaja\/\" \/>\n<meta property=\"og:locale\" content=\"en_US\" \/>\n<meta property=\"og:type\" content=\"article\" \/>\n<meta property=\"og:title\" content=\"Steelbrite* - Roostevaba terase puhastaja ja l\u00e4igestaja - ZEP Eesti I Puhastusvahendid I E-pood\" \/>\n<meta property=\"og:description\" content=\"Puhastab, poleerib ja kaitseb roostevabast terasest, alumiiniumist ja kroomitud pindu Toiduainet\u00f6\u00f6stuses kasutamiseks v\u00e4lja t\u00f6\u00f6tatud NSF H1 registreeringuga.  Ei sisalda kriimustavaid komponente, mis v\u00f5ivad pindu kahjustada v\u00f5i plekke j\u00e4tta.\" \/>\n<meta property=\"og:url\" content=\"https:\/\/zepestonia.com\/en\/toode\/steelbrite-roostevaba-terase-puhastaja-ja-laigestaja\/\" \/>\n<meta property=\"og:site_name\" content=\"ZEP Eesti I Puhastusvahendid I E-pood\" \/>\n<meta property=\"article:publisher\" content=\"https:\/\/www.facebook.com\/ZepEesti\" \/>\n<meta property=\"article:modified_time\" content=\"2025-10-31T00:00:15+00:00\" \/>\n<meta property=\"og:image\" content=\"https:\/\/zepestonia.com\/wp-content\/uploads\/2022\/05\/STEELBRITE.png\" \/>\n\t<meta property=\"og:image:width\" content=\"200\" \/>\n\t<meta property=\"og:image:height\" content=\"300\" \/>\n\t<meta property=\"og:image:type\" content=\"image\/png\" \/>\n<meta name=\"twitter:card\" content=\"summary_large_image\" \/>\n<script type=\"application\/ld+json\" class=\"yoast-schema-graph\">{\"@context\":\"https:\/\/schema.org\",\"@graph\":[{\"@type\":\"WebPage\",\"@id\":\"https:\/\/zepestonia.com\/en\/toode\/steelbrite-roostevaba-terase-puhastaja-ja-laigestaja\/\",\"url\":\"https:\/\/zepestonia.com\/en\/toode\/steelbrite-roostevaba-terase-puhastaja-ja-laigestaja\/\",\"name\":\"Steelbrite* - Roostevaba terase puhastaja ja l\u00e4igestaja - ZEP Eesti I Puhastusvahendid I E-pood\",\"isPartOf\":{\"@id\":\"https:\/\/zepestonia.com\/en\/#website\"},\"primaryImageOfPage\":{\"@id\":\"https:\/\/zepestonia.com\/en\/toode\/steelbrite-roostevaba-terase-puhastaja-ja-laigestaja\/#primaryimage\"},\"image\":{\"@id\":\"https:\/\/zepestonia.com\/en\/toode\/steelbrite-roostevaba-terase-puhastaja-ja-laigestaja\/#primaryimage\"},\"thumbnailUrl\":\"https:\/\/zepestonia.com\/wp-content\/uploads\/2022\/05\/STEELBRITE.png\",\"datePublished\":\"2022-05-03T01:22:19+00:00\",\"dateModified\":\"2025-10-31T00:00:15+00:00\",\"breadcrumb\":{\"@id\":\"https:\/\/zepestonia.com\/en\/toode\/steelbrite-roostevaba-terase-puhastaja-ja-laigestaja\/#breadcrumb\"},\"inLanguage\":\"en-US\",\"potentialAction\":[{\"@type\":\"ReadAction\",\"target\":[\"https:\/\/zepestonia.com\/en\/toode\/steelbrite-roostevaba-terase-puhastaja-ja-laigestaja\/\"]}]},{\"@type\":\"ImageObject\",\"inLanguage\":\"en-US\",\"@id\":\"https:\/\/zepestonia.com\/en\/toode\/steelbrite-roostevaba-terase-puhastaja-ja-laigestaja\/#primaryimage\",\"url\":\"https:\/\/zepestonia.com\/wp-content\/uploads\/2022\/05\/STEELBRITE.png\",\"contentUrl\":\"https:\/\/zepestonia.com\/wp-content\/uploads\/2022\/05\/STEELBRITE.png\",\"width\":200,\"height\":300,\"caption\":\"STEELBRITE\"},{\"@type\":\"BreadcrumbList\",\"@id\":\"https:\/\/zepestonia.com\/en\/toode\/steelbrite-roostevaba-terase-puhastaja-ja-laigestaja\/#breadcrumb\",\"itemListElement\":[{\"@type\":\"ListItem\",\"position\":1,\"name\":\"Home\",\"item\":\"https:\/\/zepestonia.com\/en\/\"},{\"@type\":\"ListItem\",\"position\":2,\"name\":\"Shop\",\"item\":\"https:\/\/zepestonia.com\/en\/?page_id=4643\"},{\"@type\":\"ListItem\",\"position\":3,\"name\":\"Steelbrite* &#8211; Roostevaba terase puhastaja ja l\u00e4igestaja\"}]},{\"@type\":\"WebSite\",\"@id\":\"https:\/\/zepestonia.com\/en\/#website\",\"url\":\"https:\/\/zepestonia.com\/en\/\",\"name\":\"ZEP Eesti I Puhastusvahendid I E-pood\",\"description\":\"Pakume puhastus- ja hooldusprobleemidele efektiivseid keskkonnas\u00f5bralikke lahendusi!\",\"publisher\":{\"@id\":\"https:\/\/zepestonia.com\/en\/#organization\"},\"potentialAction\":[{\"@type\":\"SearchAction\",\"target\":{\"@type\":\"EntryPoint\",\"urlTemplate\":\"https:\/\/zepestonia.com\/en\/?s={search_term_string}\"},\"query-input\":{\"@type\":\"PropertyValueSpecification\",\"valueRequired\":true,\"valueName\":\"search_term_string\"}}],\"inLanguage\":\"en-US\"},{\"@type\":\"Organization\",\"@id\":\"https:\/\/zepestonia.com\/en\/#organization\",\"name\":\"Zep Estonia\",\"url\":\"https:\/\/zepestonia.com\/en\/\",\"logo\":{\"@type\":\"ImageObject\",\"inLanguage\":\"en-US\",\"@id\":\"https:\/\/zepestonia.com\/en\/#\/schema\/logo\/image\/\",\"url\":\"https:\/\/zepestonia.com\/wp-content\/uploads\/2022\/03\/Zep-Logo_png.jpeg\",\"contentUrl\":\"https:\/\/zepestonia.com\/wp-content\/uploads\/2022\/03\/Zep-Logo_png.jpeg\",\"width\":109,\"height\":70,\"caption\":\"Zep Estonia\"},\"image\":{\"@id\":\"https:\/\/zepestonia.com\/en\/#\/schema\/logo\/image\/\"},\"sameAs\":[\"https:\/\/www.facebook.com\/ZepEesti\"]}]}<\/script>\n<!-- \/ Yoast SEO plugin. -->","yoast_head_json":{"title":"Steelbrite* - Roostevaba terase puhastaja ja l\u00e4igestaja - ZEP Eesti I Puhastusvahendid I E-pood","robots":{"index":"index","follow":"follow","max-snippet":"max-snippet:-1","max-image-preview":"max-image-preview:large","max-video-preview":"max-video-preview:-1"},"canonical":"https:\/\/zepestonia.com\/en\/toode\/steelbrite-roostevaba-terase-puhastaja-ja-laigestaja\/","og_locale":"en_US","og_type":"article","og_title":"Steelbrite* - Roostevaba terase puhastaja ja l\u00e4igestaja - ZEP Eesti I Puhastusvahendid I E-pood","og_description":"Puhastab, poleerib ja kaitseb roostevabast terasest, alumiiniumist ja kroomitud pindu Toiduainet\u00f6\u00f6stuses kasutamiseks v\u00e4lja t\u00f6\u00f6tatud NSF H1 registreeringuga.  Ei sisalda kriimustavaid komponente, mis v\u00f5ivad pindu kahjustada v\u00f5i plekke j\u00e4tta.","og_url":"https:\/\/zepestonia.com\/en\/toode\/steelbrite-roostevaba-terase-puhastaja-ja-laigestaja\/","og_site_name":"ZEP Eesti I Puhastusvahendid I E-pood","article_publisher":"https:\/\/www.facebook.com\/ZepEesti","article_modified_time":"2025-10-31T00:00:15+00:00","og_image":[{"width":200,"height":300,"url":"https:\/\/zepestonia.com\/wp-content\/uploads\/2022\/05\/STEELBRITE.png","type":"image\/png"}],"twitter_card":"summary_large_image","schema":{"@context":"https:\/\/schema.org","@graph":[{"@type":"WebPage","@id":"https:\/\/zepestonia.com\/en\/toode\/steelbrite-roostevaba-terase-puhastaja-ja-laigestaja\/","url":"https:\/\/zepestonia.com\/en\/toode\/steelbrite-roostevaba-terase-puhastaja-ja-laigestaja\/","name":"Steelbrite* - Roostevaba terase puhastaja ja l\u00e4igestaja - ZEP Eesti I Puhastusvahendid I E-pood","isPartOf":{"@id":"https:\/\/zepestonia.com\/en\/#website"},"primaryImageOfPage":{"@id":"https:\/\/zepestonia.com\/en\/toode\/steelbrite-roostevaba-terase-puhastaja-ja-laigestaja\/#primaryimage"},"image":{"@id":"https:\/\/zepestonia.com\/en\/toode\/steelbrite-roostevaba-terase-puhastaja-ja-laigestaja\/#primaryimage"},"thumbnailUrl":"https:\/\/zepestonia.com\/wp-content\/uploads\/2022\/05\/STEELBRITE.png","datePublished":"2022-05-03T01:22:19+00:00","dateModified":"2025-10-31T00:00:15+00:00","breadcrumb":{"@id":"https:\/\/zepestonia.com\/en\/toode\/steelbrite-roostevaba-terase-puhastaja-ja-laigestaja\/#breadcrumb"},"inLanguage":"en-US","potentialAction":[{"@type":"ReadAction","target":["https:\/\/zepestonia.com\/en\/toode\/steelbrite-roostevaba-terase-puhastaja-ja-laigestaja\/"]}]},{"@type":"ImageObject","inLanguage":"en-US","@id":"https:\/\/zepestonia.com\/en\/toode\/steelbrite-roostevaba-terase-puhastaja-ja-laigestaja\/#primaryimage","url":"https:\/\/zepestonia.com\/wp-content\/uploads\/2022\/05\/STEELBRITE.png","contentUrl":"https:\/\/zepestonia.com\/wp-content\/uploads\/2022\/05\/STEELBRITE.png","width":200,"height":300,"caption":"STEELBRITE"},{"@type":"BreadcrumbList","@id":"https:\/\/zepestonia.com\/en\/toode\/steelbrite-roostevaba-terase-puhastaja-ja-laigestaja\/#breadcrumb","itemListElement":[{"@type":"ListItem","position":1,"name":"Home","item":"https:\/\/zepestonia.com\/en\/"},{"@type":"ListItem","position":2,"name":"Shop","item":"https:\/\/zepestonia.com\/en\/?page_id=4643"},{"@type":"ListItem","position":3,"name":"Steelbrite* &#8211; Roostevaba terase puhastaja ja l\u00e4igestaja"}]},{"@type":"WebSite","@id":"https:\/\/zepestonia.com\/en\/#website","url":"https:\/\/zepestonia.com\/en\/","name":"ZEP Eesti I Puhastusvahendid I E-pood","description":"Pakume puhastus- ja hooldusprobleemidele efektiivseid keskkonnas\u00f5bralikke lahendusi!","publisher":{"@id":"https:\/\/zepestonia.com\/en\/#organization"},"potentialAction":[{"@type":"SearchAction","target":{"@type":"EntryPoint","urlTemplate":"https:\/\/zepestonia.com\/en\/?s={search_term_string}"},"query-input":{"@type":"PropertyValueSpecification","valueRequired":true,"valueName":"search_term_string"}}],"inLanguage":"en-US"},{"@type":"Organization","@id":"https:\/\/zepestonia.com\/en\/#organization","name":"Zep Estonia","url":"https:\/\/zepestonia.com\/en\/","logo":{"@type":"ImageObject","inLanguage":"en-US","@id":"https:\/\/zepestonia.com\/en\/#\/schema\/logo\/image\/","url":"https:\/\/zepestonia.com\/wp-content\/uploads\/2022\/03\/Zep-Logo_png.jpeg","contentUrl":"https:\/\/zepestonia.com\/wp-content\/uploads\/2022\/03\/Zep-Logo_png.jpeg","width":109,"height":70,"caption":"Zep Estonia"},"image":{"@id":"https:\/\/zepestonia.com\/en\/#\/schema\/logo\/image\/"},"sameAs":["https:\/\/www.facebook.com\/ZepEesti"]}]}},"_links":{"self":[{"href":"https:\/\/zepestonia.com\/en\/wp-json\/wp\/v2\/product\/9877","targetHints":{"allow":["GET"]}}],"collection":[{"href":"https:\/\/zepestonia.com\/en\/wp-json\/wp\/v2\/product"}],"about":[{"href":"https:\/\/zepestonia.com\/en\/wp-json\/wp\/v2\/types\/product"}],"replies":[{"embeddable":true,"href":"https:\/\/zepestonia.com\/en\/wp-json\/wp\/v2\/comments?post=9877"}],"version-history":[{"count":2,"href":"https:\/\/zepestonia.com\/en\/wp-json\/wp\/v2\/product\/9877\/revisions"}],"predecessor-version":[{"id":10887,"href":"https:\/\/zepestonia.com\/en\/wp-json\/wp\/v2\/product\/9877\/revisions\/10887"}],"wp:featuredmedia":[{"embeddable":true,"href":"https:\/\/zepestonia.com\/en\/wp-json\/wp\/v2\/media\/9878"}],"wp:attachment":[{"href":"https:\/\/zepestonia.com\/en\/wp-json\/wp\/v2\/media?parent=9877"}],"wp:term":[{"taxonomy":"product_brand","embeddable":true,"href":"https:\/\/zepestonia.com\/en\/wp-json\/wp\/v2\/product_brand?post=9877"},{"taxonomy":"product_cat","embeddable":true,"href":"https:\/\/zepestonia.com\/en\/wp-json\/wp\/v2\/product_cat?post=9877"},{"taxonomy":"product_tag","embeddable":true,"href":"https:\/\/zepestonia.com\/en\/wp-json\/wp\/v2\/product_tag?post=9877"}],"curies":[{"name":"wp","href":"https:\/\/api.w.org\/{rel}","templated":true}]}}