{"id":9834,"date":"2022-04-20T05:22:28","date_gmt":"2022-04-20T05:22:28","guid":{"rendered":"https:\/\/zepestonia.com\/toode\/wasp-trap-putukate-loks\/"},"modified":"2025-07-01T00:23:19","modified_gmt":"2025-07-01T00:23:19","slug":"wasp-trap-putukate-loks","status":"publish","type":"product","link":"https:\/\/zepestonia.com\/en\/toode\/wasp-trap-putukate-loks\/","title":{"rendered":"WASP TRAP &#8211; Putukate l\u00f5ks"},"content":{"rendered":"<ol>\n<li>Keerake kaas lahti ja valage anumasse 125 ml WASP ATTRACT NATURE lahust soovitatud lahjenduses (25 ml toodet iga 100 ml vee kohta)<\/li>\n<li>Sulgege anum ja riputage see v\u00f5imalikult tuule eest eemale&nbsp; ja mitte t\u00e4ielikult varju.<\/li>\n<li>Uuendage lahust, kui p\u00fc\u00fcnis on putukaid t\u00e4is.<\/li>\n<\/ol>\n<p><span style=\"color:#FF0000\"><strong>NB!<\/strong><\/span><br \/>\nP\u00fc\u00fcnis ei sobi kasutamiseks siseruumides ega s\u00e4\u00e4skede p\u00fc\u00fcdmiseks.<\/p>\n","protected":false},"excerpt":{"rendered":"<p>WASP TRAP on t\u00f5hus s\u00fcsteem aedades leiduvate soovimatute putukate mehaaniliseks p\u00fc\u00fcdmiseks, r\u00f5dudel, lehtlates ja muudes v\u00e4litingimustes ning neid saab rakendada ka viljapuuaedadele ja viinamarjaistandused.<br \/>\nL\u00f5ksu v\u00e4rv aitab meelitada sinna l\u00f5ksu j\u00e4\u00e4nud putukaid.<\/p>\n","protected":false},"featured_media":9835,"comment_status":"closed","ping_status":"closed","template":"","meta":[],"product_brand":[],"product_cat":[206],"product_tag":[],"class_list":{"0":"post-9834","1":"product","2":"type-product","3":"status-publish","4":"has-post-thumbnail","6":"product_cat-putukad-kahjurid","8":"first","9":"instock","10":"taxable","11":"shipping-taxable","12":"purchasable","13":"product-type-simple"},"yoast_head":"<!-- This site is optimized with the Yoast SEO plugin v26.5 - https:\/\/yoast.com\/wordpress\/plugins\/seo\/ -->\n<title>WASP TRAP - Putukate l\u00f5ks - ZEP Eesti I Puhastusvahendid I E-pood<\/title>\n<meta name=\"robots\" content=\"index, follow, max-snippet:-1, max-image-preview:large, max-video-preview:-1\" \/>\n<link rel=\"canonical\" href=\"https:\/\/zepestonia.com\/en\/toode\/wasp-trap-putukate-loks\/\" \/>\n<meta property=\"og:locale\" content=\"en_US\" \/>\n<meta property=\"og:type\" content=\"article\" \/>\n<meta property=\"og:title\" content=\"WASP TRAP - Putukate l\u00f5ks - ZEP Eesti I Puhastusvahendid I E-pood\" \/>\n<meta property=\"og:description\" content=\"WASP TRAP on t\u00f5hus s\u00fcsteem aedades leiduvate soovimatute putukate mehaaniliseks p\u00fc\u00fcdmiseks, r\u00f5dudel, lehtlates ja muudes v\u00e4litingimustes ning neid saab rakendada ka viljapuuaedadele ja viinamarjaistandused.  L\u00f5ksu v\u00e4rv aitab meelitada sinna l\u00f5ksu j\u00e4\u00e4nud putukaid.\" \/>\n<meta property=\"og:url\" content=\"https:\/\/zepestonia.com\/en\/toode\/wasp-trap-putukate-loks\/\" \/>\n<meta property=\"og:site_name\" content=\"ZEP Eesti I Puhastusvahendid I E-pood\" \/>\n<meta property=\"article:publisher\" content=\"https:\/\/www.facebook.com\/ZepEesti\" \/>\n<meta property=\"article:modified_time\" content=\"2025-07-01T00:23:19+00:00\" \/>\n<meta property=\"og:image\" content=\"https:\/\/zepestonia.com\/wp-content\/uploads\/2022\/04\/WASP-TRAP.png\" \/>\n\t<meta property=\"og:image:width\" content=\"200\" \/>\n\t<meta property=\"og:image:height\" content=\"300\" \/>\n\t<meta property=\"og:image:type\" content=\"image\/png\" \/>\n<meta name=\"twitter:card\" content=\"summary_large_image\" \/>\n<script type=\"application\/ld+json\" class=\"yoast-schema-graph\">{\"@context\":\"https:\/\/schema.org\",\"@graph\":[{\"@type\":\"WebPage\",\"@id\":\"https:\/\/zepestonia.com\/en\/toode\/wasp-trap-putukate-loks\/\",\"url\":\"https:\/\/zepestonia.com\/en\/toode\/wasp-trap-putukate-loks\/\",\"name\":\"WASP TRAP - Putukate l\u00f5ks - ZEP Eesti I Puhastusvahendid I E-pood\",\"isPartOf\":{\"@id\":\"https:\/\/zepestonia.com\/en\/#website\"},\"primaryImageOfPage\":{\"@id\":\"https:\/\/zepestonia.com\/en\/toode\/wasp-trap-putukate-loks\/#primaryimage\"},\"image\":{\"@id\":\"https:\/\/zepestonia.com\/en\/toode\/wasp-trap-putukate-loks\/#primaryimage\"},\"thumbnailUrl\":\"https:\/\/zepestonia.com\/wp-content\/uploads\/2022\/04\/WASP-TRAP.png\",\"datePublished\":\"2022-04-20T05:22:28+00:00\",\"dateModified\":\"2025-07-01T00:23:19+00:00\",\"breadcrumb\":{\"@id\":\"https:\/\/zepestonia.com\/en\/toode\/wasp-trap-putukate-loks\/#breadcrumb\"},\"inLanguage\":\"en-US\",\"potentialAction\":[{\"@type\":\"ReadAction\",\"target\":[\"https:\/\/zepestonia.com\/en\/toode\/wasp-trap-putukate-loks\/\"]}]},{\"@type\":\"ImageObject\",\"inLanguage\":\"en-US\",\"@id\":\"https:\/\/zepestonia.com\/en\/toode\/wasp-trap-putukate-loks\/#primaryimage\",\"url\":\"https:\/\/zepestonia.com\/wp-content\/uploads\/2022\/04\/WASP-TRAP.png\",\"contentUrl\":\"https:\/\/zepestonia.com\/wp-content\/uploads\/2022\/04\/WASP-TRAP.png\",\"width\":200,\"height\":300,\"caption\":\"WASP-TRAP\"},{\"@type\":\"BreadcrumbList\",\"@id\":\"https:\/\/zepestonia.com\/en\/toode\/wasp-trap-putukate-loks\/#breadcrumb\",\"itemListElement\":[{\"@type\":\"ListItem\",\"position\":1,\"name\":\"Home\",\"item\":\"https:\/\/zepestonia.com\/en\/\"},{\"@type\":\"ListItem\",\"position\":2,\"name\":\"Shop\",\"item\":\"https:\/\/zepestonia.com\/en\/?page_id=4643\"},{\"@type\":\"ListItem\",\"position\":3,\"name\":\"WASP TRAP &#8211; Putukate l\u00f5ks\"}]},{\"@type\":\"WebSite\",\"@id\":\"https:\/\/zepestonia.com\/en\/#website\",\"url\":\"https:\/\/zepestonia.com\/en\/\",\"name\":\"ZEP Eesti I Puhastusvahendid I E-pood\",\"description\":\"Pakume puhastus- ja hooldusprobleemidele efektiivseid keskkonnas\u00f5bralikke lahendusi!\",\"publisher\":{\"@id\":\"https:\/\/zepestonia.com\/en\/#organization\"},\"potentialAction\":[{\"@type\":\"SearchAction\",\"target\":{\"@type\":\"EntryPoint\",\"urlTemplate\":\"https:\/\/zepestonia.com\/en\/?s={search_term_string}\"},\"query-input\":{\"@type\":\"PropertyValueSpecification\",\"valueRequired\":true,\"valueName\":\"search_term_string\"}}],\"inLanguage\":\"en-US\"},{\"@type\":\"Organization\",\"@id\":\"https:\/\/zepestonia.com\/en\/#organization\",\"name\":\"Zep Estonia\",\"url\":\"https:\/\/zepestonia.com\/en\/\",\"logo\":{\"@type\":\"ImageObject\",\"inLanguage\":\"en-US\",\"@id\":\"https:\/\/zepestonia.com\/en\/#\/schema\/logo\/image\/\",\"url\":\"https:\/\/zepestonia.com\/wp-content\/uploads\/2022\/03\/Zep-Logo_png.jpeg\",\"contentUrl\":\"https:\/\/zepestonia.com\/wp-content\/uploads\/2022\/03\/Zep-Logo_png.jpeg\",\"width\":109,\"height\":70,\"caption\":\"Zep Estonia\"},\"image\":{\"@id\":\"https:\/\/zepestonia.com\/en\/#\/schema\/logo\/image\/\"},\"sameAs\":[\"https:\/\/www.facebook.com\/ZepEesti\"]}]}<\/script>\n<!-- \/ Yoast SEO plugin. -->","yoast_head_json":{"title":"WASP TRAP - Putukate l\u00f5ks - ZEP Eesti I Puhastusvahendid I E-pood","robots":{"index":"index","follow":"follow","max-snippet":"max-snippet:-1","max-image-preview":"max-image-preview:large","max-video-preview":"max-video-preview:-1"},"canonical":"https:\/\/zepestonia.com\/en\/toode\/wasp-trap-putukate-loks\/","og_locale":"en_US","og_type":"article","og_title":"WASP TRAP - Putukate l\u00f5ks - ZEP Eesti I Puhastusvahendid I E-pood","og_description":"WASP TRAP on t\u00f5hus s\u00fcsteem aedades leiduvate soovimatute putukate mehaaniliseks p\u00fc\u00fcdmiseks, r\u00f5dudel, lehtlates ja muudes v\u00e4litingimustes ning neid saab rakendada ka viljapuuaedadele ja viinamarjaistandused.  L\u00f5ksu v\u00e4rv aitab meelitada sinna l\u00f5ksu j\u00e4\u00e4nud putukaid.","og_url":"https:\/\/zepestonia.com\/en\/toode\/wasp-trap-putukate-loks\/","og_site_name":"ZEP Eesti I Puhastusvahendid I E-pood","article_publisher":"https:\/\/www.facebook.com\/ZepEesti","article_modified_time":"2025-07-01T00:23:19+00:00","og_image":[{"width":200,"height":300,"url":"https:\/\/zepestonia.com\/wp-content\/uploads\/2022\/04\/WASP-TRAP.png","type":"image\/png"}],"twitter_card":"summary_large_image","schema":{"@context":"https:\/\/schema.org","@graph":[{"@type":"WebPage","@id":"https:\/\/zepestonia.com\/en\/toode\/wasp-trap-putukate-loks\/","url":"https:\/\/zepestonia.com\/en\/toode\/wasp-trap-putukate-loks\/","name":"WASP TRAP - Putukate l\u00f5ks - ZEP Eesti I Puhastusvahendid I E-pood","isPartOf":{"@id":"https:\/\/zepestonia.com\/en\/#website"},"primaryImageOfPage":{"@id":"https:\/\/zepestonia.com\/en\/toode\/wasp-trap-putukate-loks\/#primaryimage"},"image":{"@id":"https:\/\/zepestonia.com\/en\/toode\/wasp-trap-putukate-loks\/#primaryimage"},"thumbnailUrl":"https:\/\/zepestonia.com\/wp-content\/uploads\/2022\/04\/WASP-TRAP.png","datePublished":"2022-04-20T05:22:28+00:00","dateModified":"2025-07-01T00:23:19+00:00","breadcrumb":{"@id":"https:\/\/zepestonia.com\/en\/toode\/wasp-trap-putukate-loks\/#breadcrumb"},"inLanguage":"en-US","potentialAction":[{"@type":"ReadAction","target":["https:\/\/zepestonia.com\/en\/toode\/wasp-trap-putukate-loks\/"]}]},{"@type":"ImageObject","inLanguage":"en-US","@id":"https:\/\/zepestonia.com\/en\/toode\/wasp-trap-putukate-loks\/#primaryimage","url":"https:\/\/zepestonia.com\/wp-content\/uploads\/2022\/04\/WASP-TRAP.png","contentUrl":"https:\/\/zepestonia.com\/wp-content\/uploads\/2022\/04\/WASP-TRAP.png","width":200,"height":300,"caption":"WASP-TRAP"},{"@type":"BreadcrumbList","@id":"https:\/\/zepestonia.com\/en\/toode\/wasp-trap-putukate-loks\/#breadcrumb","itemListElement":[{"@type":"ListItem","position":1,"name":"Home","item":"https:\/\/zepestonia.com\/en\/"},{"@type":"ListItem","position":2,"name":"Shop","item":"https:\/\/zepestonia.com\/en\/?page_id=4643"},{"@type":"ListItem","position":3,"name":"WASP TRAP &#8211; Putukate l\u00f5ks"}]},{"@type":"WebSite","@id":"https:\/\/zepestonia.com\/en\/#website","url":"https:\/\/zepestonia.com\/en\/","name":"ZEP Eesti I Puhastusvahendid I E-pood","description":"Pakume puhastus- ja hooldusprobleemidele efektiivseid keskkonnas\u00f5bralikke lahendusi!","publisher":{"@id":"https:\/\/zepestonia.com\/en\/#organization"},"potentialAction":[{"@type":"SearchAction","target":{"@type":"EntryPoint","urlTemplate":"https:\/\/zepestonia.com\/en\/?s={search_term_string}"},"query-input":{"@type":"PropertyValueSpecification","valueRequired":true,"valueName":"search_term_string"}}],"inLanguage":"en-US"},{"@type":"Organization","@id":"https:\/\/zepestonia.com\/en\/#organization","name":"Zep Estonia","url":"https:\/\/zepestonia.com\/en\/","logo":{"@type":"ImageObject","inLanguage":"en-US","@id":"https:\/\/zepestonia.com\/en\/#\/schema\/logo\/image\/","url":"https:\/\/zepestonia.com\/wp-content\/uploads\/2022\/03\/Zep-Logo_png.jpeg","contentUrl":"https:\/\/zepestonia.com\/wp-content\/uploads\/2022\/03\/Zep-Logo_png.jpeg","width":109,"height":70,"caption":"Zep Estonia"},"image":{"@id":"https:\/\/zepestonia.com\/en\/#\/schema\/logo\/image\/"},"sameAs":["https:\/\/www.facebook.com\/ZepEesti"]}]}},"_links":{"self":[{"href":"https:\/\/zepestonia.com\/en\/wp-json\/wp\/v2\/product\/9834","targetHints":{"allow":["GET"]}}],"collection":[{"href":"https:\/\/zepestonia.com\/en\/wp-json\/wp\/v2\/product"}],"about":[{"href":"https:\/\/zepestonia.com\/en\/wp-json\/wp\/v2\/types\/product"}],"replies":[{"embeddable":true,"href":"https:\/\/zepestonia.com\/en\/wp-json\/wp\/v2\/comments?post=9834"}],"version-history":[{"count":1,"href":"https:\/\/zepestonia.com\/en\/wp-json\/wp\/v2\/product\/9834\/revisions"}],"predecessor-version":[{"id":10172,"href":"https:\/\/zepestonia.com\/en\/wp-json\/wp\/v2\/product\/9834\/revisions\/10172"}],"wp:featuredmedia":[{"embeddable":true,"href":"https:\/\/zepestonia.com\/en\/wp-json\/wp\/v2\/media\/9835"}],"wp:attachment":[{"href":"https:\/\/zepestonia.com\/en\/wp-json\/wp\/v2\/media?parent=9834"}],"wp:term":[{"taxonomy":"product_brand","embeddable":true,"href":"https:\/\/zepestonia.com\/en\/wp-json\/wp\/v2\/product_brand?post=9834"},{"taxonomy":"product_cat","embeddable":true,"href":"https:\/\/zepestonia.com\/en\/wp-json\/wp\/v2\/product_cat?post=9834"},{"taxonomy":"product_tag","embeddable":true,"href":"https:\/\/zepestonia.com\/en\/wp-json\/wp\/v2\/product_tag?post=9834"}],"curies":[{"name":"wp","href":"https:\/\/api.w.org\/{rel}","templated":true}]}}