{"id":9832,"date":"2022-04-20T05:02:23","date_gmt":"2022-04-20T05:02:23","guid":{"rendered":"https:\/\/zepestonia.com\/toode\/wasp-attract-nature-herilaste-meelitusaine\/"},"modified":"2025-07-01T00:24:02","modified_gmt":"2025-07-01T00:24:02","slug":"wasp-attract-nature-herilaste-meelitusaine","status":"publish","type":"product","link":"https:\/\/zepestonia.com\/en\/toode\/wasp-attract-nature-herilaste-meelitusaine\/","title":{"rendered":"WASP ATTRACT NATURE* &#8211; Herilaste meelitusaine"},"content":{"rendered":"<p>Kasutatakse WASP TRAP l\u00f5ksu jaoks.<\/p>\n<ul>\n<li>Lahjendage 25 ml toodet iga 100 ml vee kohta ja valage lahus WASP TRAP p\u00fc\u00fcdurisse.<\/li>\n<li>Toote paremaks s\u00e4ilimiseks lahjenda ainult vajalik kogus kasutada kasutamiseks (125 ml).<\/li>\n<li>Soovitatav on mitte s\u00e4ilitada lahjendatud toode.<\/li>\n<li>T\u00f5hus toode p\u00fcsib aktiivsena umbes 6 n\u00e4dalat.<\/li>\n<li>See toimib kiiresti igal temperatuuril<\/li>\n<li>L\u00f5hnatu ega eralda ebameeldivaid l\u00f5hnu<\/li>\n<\/ul>\n","protected":false},"excerpt":{"rendered":"<p>Kasutatakse WASP TRAP l\u00f5ksu jaoks herilaste meelitusainena<br \/>\nValmistatud 100% looduslikest koostisosadest.<\/p>\n","protected":false},"featured_media":9845,"comment_status":"closed","ping_status":"closed","template":"","meta":[],"product_brand":[],"product_cat":[206],"product_tag":[],"class_list":{"0":"post-9832","1":"product","2":"type-product","3":"status-publish","4":"has-post-thumbnail","6":"product_cat-putukad-kahjurid","8":"first","9":"instock","10":"taxable","11":"shipping-taxable","12":"purchasable","13":"product-type-simple"},"yoast_head":"<!-- This site is optimized with the Yoast SEO plugin v26.5 - https:\/\/yoast.com\/wordpress\/plugins\/seo\/ -->\n<title>WASP ATTRACT NATURE* - Herilaste meelitusaine - ZEP Eesti I Puhastusvahendid I E-pood<\/title>\n<meta name=\"robots\" content=\"index, follow, max-snippet:-1, max-image-preview:large, max-video-preview:-1\" \/>\n<link rel=\"canonical\" href=\"https:\/\/zepestonia.com\/en\/toode\/wasp-attract-nature-herilaste-meelitusaine\/\" \/>\n<meta property=\"og:locale\" content=\"en_US\" \/>\n<meta property=\"og:type\" content=\"article\" \/>\n<meta property=\"og:title\" content=\"WASP ATTRACT NATURE* - Herilaste meelitusaine - ZEP Eesti I Puhastusvahendid I E-pood\" \/>\n<meta property=\"og:description\" content=\"Kasutatakse WASP TRAP l\u00f5ksu jaoks herilaste meelitusainena Valmistatud 100% looduslikest koostisosadest.\" \/>\n<meta property=\"og:url\" content=\"https:\/\/zepestonia.com\/en\/toode\/wasp-attract-nature-herilaste-meelitusaine\/\" \/>\n<meta property=\"og:site_name\" content=\"ZEP Eesti I Puhastusvahendid I E-pood\" \/>\n<meta property=\"article:publisher\" content=\"https:\/\/www.facebook.com\/ZepEesti\" \/>\n<meta property=\"article:modified_time\" content=\"2025-07-01T00:24:02+00:00\" \/>\n<meta property=\"og:image\" content=\"https:\/\/zepestonia.com\/wp-content\/uploads\/2022\/04\/WASP-ATTRACT-NATURE.png\" \/>\n\t<meta property=\"og:image:width\" content=\"200\" \/>\n\t<meta property=\"og:image:height\" content=\"300\" \/>\n\t<meta property=\"og:image:type\" content=\"image\/png\" \/>\n<meta name=\"twitter:card\" content=\"summary_large_image\" \/>\n<script type=\"application\/ld+json\" class=\"yoast-schema-graph\">{\"@context\":\"https:\/\/schema.org\",\"@graph\":[{\"@type\":\"WebPage\",\"@id\":\"https:\/\/zepestonia.com\/en\/toode\/wasp-attract-nature-herilaste-meelitusaine\/\",\"url\":\"https:\/\/zepestonia.com\/en\/toode\/wasp-attract-nature-herilaste-meelitusaine\/\",\"name\":\"WASP ATTRACT NATURE* - Herilaste meelitusaine - ZEP Eesti I Puhastusvahendid I E-pood\",\"isPartOf\":{\"@id\":\"https:\/\/zepestonia.com\/en\/#website\"},\"primaryImageOfPage\":{\"@id\":\"https:\/\/zepestonia.com\/en\/toode\/wasp-attract-nature-herilaste-meelitusaine\/#primaryimage\"},\"image\":{\"@id\":\"https:\/\/zepestonia.com\/en\/toode\/wasp-attract-nature-herilaste-meelitusaine\/#primaryimage\"},\"thumbnailUrl\":\"https:\/\/zepestonia.com\/wp-content\/uploads\/2022\/04\/WASP-ATTRACT-NATURE.png\",\"datePublished\":\"2022-04-20T05:02:23+00:00\",\"dateModified\":\"2025-07-01T00:24:02+00:00\",\"breadcrumb\":{\"@id\":\"https:\/\/zepestonia.com\/en\/toode\/wasp-attract-nature-herilaste-meelitusaine\/#breadcrumb\"},\"inLanguage\":\"en-US\",\"potentialAction\":[{\"@type\":\"ReadAction\",\"target\":[\"https:\/\/zepestonia.com\/en\/toode\/wasp-attract-nature-herilaste-meelitusaine\/\"]}]},{\"@type\":\"ImageObject\",\"inLanguage\":\"en-US\",\"@id\":\"https:\/\/zepestonia.com\/en\/toode\/wasp-attract-nature-herilaste-meelitusaine\/#primaryimage\",\"url\":\"https:\/\/zepestonia.com\/wp-content\/uploads\/2022\/04\/WASP-ATTRACT-NATURE.png\",\"contentUrl\":\"https:\/\/zepestonia.com\/wp-content\/uploads\/2022\/04\/WASP-ATTRACT-NATURE.png\",\"width\":200,\"height\":300,\"caption\":\"WASP-ATTRACT-NATURE\"},{\"@type\":\"BreadcrumbList\",\"@id\":\"https:\/\/zepestonia.com\/en\/toode\/wasp-attract-nature-herilaste-meelitusaine\/#breadcrumb\",\"itemListElement\":[{\"@type\":\"ListItem\",\"position\":1,\"name\":\"Home\",\"item\":\"https:\/\/zepestonia.com\/en\/\"},{\"@type\":\"ListItem\",\"position\":2,\"name\":\"Shop\",\"item\":\"https:\/\/zepestonia.com\/en\/?page_id=4643\"},{\"@type\":\"ListItem\",\"position\":3,\"name\":\"WASP ATTRACT NATURE* &#8211; Herilaste meelitusaine\"}]},{\"@type\":\"WebSite\",\"@id\":\"https:\/\/zepestonia.com\/en\/#website\",\"url\":\"https:\/\/zepestonia.com\/en\/\",\"name\":\"ZEP Eesti I Puhastusvahendid I E-pood\",\"description\":\"Pakume puhastus- ja hooldusprobleemidele efektiivseid keskkonnas\u00f5bralikke lahendusi!\",\"publisher\":{\"@id\":\"https:\/\/zepestonia.com\/en\/#organization\"},\"potentialAction\":[{\"@type\":\"SearchAction\",\"target\":{\"@type\":\"EntryPoint\",\"urlTemplate\":\"https:\/\/zepestonia.com\/en\/?s={search_term_string}\"},\"query-input\":{\"@type\":\"PropertyValueSpecification\",\"valueRequired\":true,\"valueName\":\"search_term_string\"}}],\"inLanguage\":\"en-US\"},{\"@type\":\"Organization\",\"@id\":\"https:\/\/zepestonia.com\/en\/#organization\",\"name\":\"Zep Estonia\",\"url\":\"https:\/\/zepestonia.com\/en\/\",\"logo\":{\"@type\":\"ImageObject\",\"inLanguage\":\"en-US\",\"@id\":\"https:\/\/zepestonia.com\/en\/#\/schema\/logo\/image\/\",\"url\":\"https:\/\/zepestonia.com\/wp-content\/uploads\/2022\/03\/Zep-Logo_png.jpeg\",\"contentUrl\":\"https:\/\/zepestonia.com\/wp-content\/uploads\/2022\/03\/Zep-Logo_png.jpeg\",\"width\":109,\"height\":70,\"caption\":\"Zep Estonia\"},\"image\":{\"@id\":\"https:\/\/zepestonia.com\/en\/#\/schema\/logo\/image\/\"},\"sameAs\":[\"https:\/\/www.facebook.com\/ZepEesti\"]}]}<\/script>\n<!-- \/ Yoast SEO plugin. -->","yoast_head_json":{"title":"WASP ATTRACT NATURE* - Herilaste meelitusaine - ZEP Eesti I Puhastusvahendid I E-pood","robots":{"index":"index","follow":"follow","max-snippet":"max-snippet:-1","max-image-preview":"max-image-preview:large","max-video-preview":"max-video-preview:-1"},"canonical":"https:\/\/zepestonia.com\/en\/toode\/wasp-attract-nature-herilaste-meelitusaine\/","og_locale":"en_US","og_type":"article","og_title":"WASP ATTRACT NATURE* - Herilaste meelitusaine - ZEP Eesti I Puhastusvahendid I E-pood","og_description":"Kasutatakse WASP TRAP l\u00f5ksu jaoks herilaste meelitusainena Valmistatud 100% looduslikest koostisosadest.","og_url":"https:\/\/zepestonia.com\/en\/toode\/wasp-attract-nature-herilaste-meelitusaine\/","og_site_name":"ZEP Eesti I Puhastusvahendid I E-pood","article_publisher":"https:\/\/www.facebook.com\/ZepEesti","article_modified_time":"2025-07-01T00:24:02+00:00","og_image":[{"width":200,"height":300,"url":"https:\/\/zepestonia.com\/wp-content\/uploads\/2022\/04\/WASP-ATTRACT-NATURE.png","type":"image\/png"}],"twitter_card":"summary_large_image","schema":{"@context":"https:\/\/schema.org","@graph":[{"@type":"WebPage","@id":"https:\/\/zepestonia.com\/en\/toode\/wasp-attract-nature-herilaste-meelitusaine\/","url":"https:\/\/zepestonia.com\/en\/toode\/wasp-attract-nature-herilaste-meelitusaine\/","name":"WASP ATTRACT NATURE* - Herilaste meelitusaine - ZEP Eesti I Puhastusvahendid I E-pood","isPartOf":{"@id":"https:\/\/zepestonia.com\/en\/#website"},"primaryImageOfPage":{"@id":"https:\/\/zepestonia.com\/en\/toode\/wasp-attract-nature-herilaste-meelitusaine\/#primaryimage"},"image":{"@id":"https:\/\/zepestonia.com\/en\/toode\/wasp-attract-nature-herilaste-meelitusaine\/#primaryimage"},"thumbnailUrl":"https:\/\/zepestonia.com\/wp-content\/uploads\/2022\/04\/WASP-ATTRACT-NATURE.png","datePublished":"2022-04-20T05:02:23+00:00","dateModified":"2025-07-01T00:24:02+00:00","breadcrumb":{"@id":"https:\/\/zepestonia.com\/en\/toode\/wasp-attract-nature-herilaste-meelitusaine\/#breadcrumb"},"inLanguage":"en-US","potentialAction":[{"@type":"ReadAction","target":["https:\/\/zepestonia.com\/en\/toode\/wasp-attract-nature-herilaste-meelitusaine\/"]}]},{"@type":"ImageObject","inLanguage":"en-US","@id":"https:\/\/zepestonia.com\/en\/toode\/wasp-attract-nature-herilaste-meelitusaine\/#primaryimage","url":"https:\/\/zepestonia.com\/wp-content\/uploads\/2022\/04\/WASP-ATTRACT-NATURE.png","contentUrl":"https:\/\/zepestonia.com\/wp-content\/uploads\/2022\/04\/WASP-ATTRACT-NATURE.png","width":200,"height":300,"caption":"WASP-ATTRACT-NATURE"},{"@type":"BreadcrumbList","@id":"https:\/\/zepestonia.com\/en\/toode\/wasp-attract-nature-herilaste-meelitusaine\/#breadcrumb","itemListElement":[{"@type":"ListItem","position":1,"name":"Home","item":"https:\/\/zepestonia.com\/en\/"},{"@type":"ListItem","position":2,"name":"Shop","item":"https:\/\/zepestonia.com\/en\/?page_id=4643"},{"@type":"ListItem","position":3,"name":"WASP ATTRACT NATURE* &#8211; Herilaste meelitusaine"}]},{"@type":"WebSite","@id":"https:\/\/zepestonia.com\/en\/#website","url":"https:\/\/zepestonia.com\/en\/","name":"ZEP Eesti I Puhastusvahendid I E-pood","description":"Pakume puhastus- ja hooldusprobleemidele efektiivseid keskkonnas\u00f5bralikke lahendusi!","publisher":{"@id":"https:\/\/zepestonia.com\/en\/#organization"},"potentialAction":[{"@type":"SearchAction","target":{"@type":"EntryPoint","urlTemplate":"https:\/\/zepestonia.com\/en\/?s={search_term_string}"},"query-input":{"@type":"PropertyValueSpecification","valueRequired":true,"valueName":"search_term_string"}}],"inLanguage":"en-US"},{"@type":"Organization","@id":"https:\/\/zepestonia.com\/en\/#organization","name":"Zep Estonia","url":"https:\/\/zepestonia.com\/en\/","logo":{"@type":"ImageObject","inLanguage":"en-US","@id":"https:\/\/zepestonia.com\/en\/#\/schema\/logo\/image\/","url":"https:\/\/zepestonia.com\/wp-content\/uploads\/2022\/03\/Zep-Logo_png.jpeg","contentUrl":"https:\/\/zepestonia.com\/wp-content\/uploads\/2022\/03\/Zep-Logo_png.jpeg","width":109,"height":70,"caption":"Zep Estonia"},"image":{"@id":"https:\/\/zepestonia.com\/en\/#\/schema\/logo\/image\/"},"sameAs":["https:\/\/www.facebook.com\/ZepEesti"]}]}},"_links":{"self":[{"href":"https:\/\/zepestonia.com\/en\/wp-json\/wp\/v2\/product\/9832","targetHints":{"allow":["GET"]}}],"collection":[{"href":"https:\/\/zepestonia.com\/en\/wp-json\/wp\/v2\/product"}],"about":[{"href":"https:\/\/zepestonia.com\/en\/wp-json\/wp\/v2\/types\/product"}],"replies":[{"embeddable":true,"href":"https:\/\/zepestonia.com\/en\/wp-json\/wp\/v2\/comments?post=9832"}],"version-history":[{"count":1,"href":"https:\/\/zepestonia.com\/en\/wp-json\/wp\/v2\/product\/9832\/revisions"}],"predecessor-version":[{"id":12269,"href":"https:\/\/zepestonia.com\/en\/wp-json\/wp\/v2\/product\/9832\/revisions\/12269"}],"wp:featuredmedia":[{"embeddable":true,"href":"https:\/\/zepestonia.com\/en\/wp-json\/wp\/v2\/media\/9845"}],"wp:attachment":[{"href":"https:\/\/zepestonia.com\/en\/wp-json\/wp\/v2\/media?parent=9832"}],"wp:term":[{"taxonomy":"product_brand","embeddable":true,"href":"https:\/\/zepestonia.com\/en\/wp-json\/wp\/v2\/product_brand?post=9832"},{"taxonomy":"product_cat","embeddable":true,"href":"https:\/\/zepestonia.com\/en\/wp-json\/wp\/v2\/product_cat?post=9832"},{"taxonomy":"product_tag","embeddable":true,"href":"https:\/\/zepestonia.com\/en\/wp-json\/wp\/v2\/product_tag?post=9832"}],"curies":[{"name":"wp","href":"https:\/\/api.w.org\/{rel}","templated":true}]}}