{"id":9827,"date":"2022-04-20T04:07:27","date_gmt":"2022-04-20T04:07:27","guid":{"rendered":"https:\/\/zepestonia.com\/toode\/foam-sprayer-1l-vahuprits\/"},"modified":"2025-07-01T00:23:57","modified_gmt":"2025-07-01T00:23:57","slug":"foam-sprayer-1l-vahuprits","status":"publish","type":"product","link":"https:\/\/zepestonia.com\/en\/toode\/foam-sprayer-1l-vahuprits\/","title":{"rendered":"Foam Sprayer 1L &#8211; K\u00e4sipumbaga vahuprits"},"content":{"rendered":"<p>Manuaalne pumbaga vahupihusti, t\u00e4ielikult plastikust ehitatud.<\/p>\n<ul>\n<li>1-liitrine HDPE paak<\/li>\n<li>PP pump FPM tihenditega<\/li>\n<li>Lantsett vahtotsikuga<\/li>\n<li>R\u00f5hualandusklapp<\/li>\n<\/ul>\n<p>\n&nbsp;<\/p>\n","protected":false},"excerpt":{"rendered":"<p>K\u00e4sipumbaga vahupihusti.<br \/>\nSobib vahutavate pesuvahendite kandmiseks v\u00e4ikestele pindadele<br \/>\n(riiulid, letid, seadmed, valamud, du\u0161id jne). <\/p>\n","protected":false},"featured_media":9841,"comment_status":"closed","ping_status":"closed","template":"","meta":[],"product_brand":[],"product_cat":[191],"product_tag":[],"class_list":{"0":"post-9827","1":"product","2":"type-product","3":"status-publish","4":"has-post-thumbnail","6":"product_cat-tarvikud","8":"first","9":"instock","10":"taxable","11":"shipping-taxable","12":"purchasable","13":"product-type-simple"},"yoast_head":"<!-- This site is optimized with the Yoast SEO plugin v26.5 - https:\/\/yoast.com\/wordpress\/plugins\/seo\/ -->\n<title>Foam Sprayer 1L - K\u00e4sipumbaga vahuprits - ZEP Eesti I Puhastusvahendid I E-pood<\/title>\n<meta name=\"robots\" content=\"index, follow, max-snippet:-1, max-image-preview:large, max-video-preview:-1\" \/>\n<link rel=\"canonical\" href=\"https:\/\/zepestonia.com\/en\/toode\/foam-sprayer-1l-vahuprits\/\" \/>\n<meta property=\"og:locale\" content=\"en_US\" \/>\n<meta property=\"og:type\" content=\"article\" \/>\n<meta property=\"og:title\" content=\"Foam Sprayer 1L - K\u00e4sipumbaga vahuprits - ZEP Eesti I Puhastusvahendid I E-pood\" \/>\n<meta property=\"og:description\" content=\"K\u00e4sipumbaga vahupihusti. Sobib vahutavate pesuvahendite kandmiseks v\u00e4ikestele pindadele  (riiulid, letid, seadmed, valamud, du\u0161id jne).\" \/>\n<meta property=\"og:url\" content=\"https:\/\/zepestonia.com\/en\/toode\/foam-sprayer-1l-vahuprits\/\" \/>\n<meta property=\"og:site_name\" content=\"ZEP Eesti I Puhastusvahendid I E-pood\" \/>\n<meta property=\"article:publisher\" content=\"https:\/\/www.facebook.com\/ZepEesti\" \/>\n<meta property=\"article:modified_time\" content=\"2025-07-01T00:23:57+00:00\" \/>\n<meta property=\"og:image\" content=\"https:\/\/zepestonia.com\/wp-content\/uploads\/2022\/04\/FOAM-SPRAYER-1-LT.png\" \/>\n\t<meta property=\"og:image:width\" content=\"200\" \/>\n\t<meta property=\"og:image:height\" content=\"300\" \/>\n\t<meta property=\"og:image:type\" content=\"image\/png\" \/>\n<meta name=\"twitter:card\" content=\"summary_large_image\" \/>\n<script type=\"application\/ld+json\" class=\"yoast-schema-graph\">{\"@context\":\"https:\/\/schema.org\",\"@graph\":[{\"@type\":\"WebPage\",\"@id\":\"https:\/\/zepestonia.com\/en\/toode\/foam-sprayer-1l-vahuprits\/\",\"url\":\"https:\/\/zepestonia.com\/en\/toode\/foam-sprayer-1l-vahuprits\/\",\"name\":\"Foam Sprayer 1L - K\u00e4sipumbaga vahuprits - ZEP Eesti I Puhastusvahendid I E-pood\",\"isPartOf\":{\"@id\":\"https:\/\/zepestonia.com\/en\/#website\"},\"primaryImageOfPage\":{\"@id\":\"https:\/\/zepestonia.com\/en\/toode\/foam-sprayer-1l-vahuprits\/#primaryimage\"},\"image\":{\"@id\":\"https:\/\/zepestonia.com\/en\/toode\/foam-sprayer-1l-vahuprits\/#primaryimage\"},\"thumbnailUrl\":\"https:\/\/zepestonia.com\/wp-content\/uploads\/2022\/04\/FOAM-SPRAYER-1-LT.png\",\"datePublished\":\"2022-04-20T04:07:27+00:00\",\"dateModified\":\"2025-07-01T00:23:57+00:00\",\"breadcrumb\":{\"@id\":\"https:\/\/zepestonia.com\/en\/toode\/foam-sprayer-1l-vahuprits\/#breadcrumb\"},\"inLanguage\":\"en-US\",\"potentialAction\":[{\"@type\":\"ReadAction\",\"target\":[\"https:\/\/zepestonia.com\/en\/toode\/foam-sprayer-1l-vahuprits\/\"]}]},{\"@type\":\"ImageObject\",\"inLanguage\":\"en-US\",\"@id\":\"https:\/\/zepestonia.com\/en\/toode\/foam-sprayer-1l-vahuprits\/#primaryimage\",\"url\":\"https:\/\/zepestonia.com\/wp-content\/uploads\/2022\/04\/FOAM-SPRAYER-1-LT.png\",\"contentUrl\":\"https:\/\/zepestonia.com\/wp-content\/uploads\/2022\/04\/FOAM-SPRAYER-1-LT.png\",\"width\":200,\"height\":300,\"caption\":\"FOAM-SPRAYER-1-LT\"},{\"@type\":\"BreadcrumbList\",\"@id\":\"https:\/\/zepestonia.com\/en\/toode\/foam-sprayer-1l-vahuprits\/#breadcrumb\",\"itemListElement\":[{\"@type\":\"ListItem\",\"position\":1,\"name\":\"Home\",\"item\":\"https:\/\/zepestonia.com\/en\/\"},{\"@type\":\"ListItem\",\"position\":2,\"name\":\"Shop\",\"item\":\"https:\/\/zepestonia.com\/en\/?page_id=4643\"},{\"@type\":\"ListItem\",\"position\":3,\"name\":\"Foam Sprayer 1L &#8211; K\u00e4sipumbaga vahuprits\"}]},{\"@type\":\"WebSite\",\"@id\":\"https:\/\/zepestonia.com\/en\/#website\",\"url\":\"https:\/\/zepestonia.com\/en\/\",\"name\":\"ZEP Eesti I Puhastusvahendid I E-pood\",\"description\":\"Pakume puhastus- ja hooldusprobleemidele efektiivseid keskkonnas\u00f5bralikke lahendusi!\",\"publisher\":{\"@id\":\"https:\/\/zepestonia.com\/en\/#organization\"},\"potentialAction\":[{\"@type\":\"SearchAction\",\"target\":{\"@type\":\"EntryPoint\",\"urlTemplate\":\"https:\/\/zepestonia.com\/en\/?s={search_term_string}\"},\"query-input\":{\"@type\":\"PropertyValueSpecification\",\"valueRequired\":true,\"valueName\":\"search_term_string\"}}],\"inLanguage\":\"en-US\"},{\"@type\":\"Organization\",\"@id\":\"https:\/\/zepestonia.com\/en\/#organization\",\"name\":\"Zep Estonia\",\"url\":\"https:\/\/zepestonia.com\/en\/\",\"logo\":{\"@type\":\"ImageObject\",\"inLanguage\":\"en-US\",\"@id\":\"https:\/\/zepestonia.com\/en\/#\/schema\/logo\/image\/\",\"url\":\"https:\/\/zepestonia.com\/wp-content\/uploads\/2022\/03\/Zep-Logo_png.jpeg\",\"contentUrl\":\"https:\/\/zepestonia.com\/wp-content\/uploads\/2022\/03\/Zep-Logo_png.jpeg\",\"width\":109,\"height\":70,\"caption\":\"Zep Estonia\"},\"image\":{\"@id\":\"https:\/\/zepestonia.com\/en\/#\/schema\/logo\/image\/\"},\"sameAs\":[\"https:\/\/www.facebook.com\/ZepEesti\"]}]}<\/script>\n<!-- \/ Yoast SEO plugin. -->","yoast_head_json":{"title":"Foam Sprayer 1L - K\u00e4sipumbaga vahuprits - ZEP Eesti I Puhastusvahendid I E-pood","robots":{"index":"index","follow":"follow","max-snippet":"max-snippet:-1","max-image-preview":"max-image-preview:large","max-video-preview":"max-video-preview:-1"},"canonical":"https:\/\/zepestonia.com\/en\/toode\/foam-sprayer-1l-vahuprits\/","og_locale":"en_US","og_type":"article","og_title":"Foam Sprayer 1L - K\u00e4sipumbaga vahuprits - ZEP Eesti I Puhastusvahendid I E-pood","og_description":"K\u00e4sipumbaga vahupihusti. Sobib vahutavate pesuvahendite kandmiseks v\u00e4ikestele pindadele  (riiulid, letid, seadmed, valamud, du\u0161id jne).","og_url":"https:\/\/zepestonia.com\/en\/toode\/foam-sprayer-1l-vahuprits\/","og_site_name":"ZEP Eesti I Puhastusvahendid I E-pood","article_publisher":"https:\/\/www.facebook.com\/ZepEesti","article_modified_time":"2025-07-01T00:23:57+00:00","og_image":[{"width":200,"height":300,"url":"https:\/\/zepestonia.com\/wp-content\/uploads\/2022\/04\/FOAM-SPRAYER-1-LT.png","type":"image\/png"}],"twitter_card":"summary_large_image","schema":{"@context":"https:\/\/schema.org","@graph":[{"@type":"WebPage","@id":"https:\/\/zepestonia.com\/en\/toode\/foam-sprayer-1l-vahuprits\/","url":"https:\/\/zepestonia.com\/en\/toode\/foam-sprayer-1l-vahuprits\/","name":"Foam Sprayer 1L - K\u00e4sipumbaga vahuprits - ZEP Eesti I Puhastusvahendid I E-pood","isPartOf":{"@id":"https:\/\/zepestonia.com\/en\/#website"},"primaryImageOfPage":{"@id":"https:\/\/zepestonia.com\/en\/toode\/foam-sprayer-1l-vahuprits\/#primaryimage"},"image":{"@id":"https:\/\/zepestonia.com\/en\/toode\/foam-sprayer-1l-vahuprits\/#primaryimage"},"thumbnailUrl":"https:\/\/zepestonia.com\/wp-content\/uploads\/2022\/04\/FOAM-SPRAYER-1-LT.png","datePublished":"2022-04-20T04:07:27+00:00","dateModified":"2025-07-01T00:23:57+00:00","breadcrumb":{"@id":"https:\/\/zepestonia.com\/en\/toode\/foam-sprayer-1l-vahuprits\/#breadcrumb"},"inLanguage":"en-US","potentialAction":[{"@type":"ReadAction","target":["https:\/\/zepestonia.com\/en\/toode\/foam-sprayer-1l-vahuprits\/"]}]},{"@type":"ImageObject","inLanguage":"en-US","@id":"https:\/\/zepestonia.com\/en\/toode\/foam-sprayer-1l-vahuprits\/#primaryimage","url":"https:\/\/zepestonia.com\/wp-content\/uploads\/2022\/04\/FOAM-SPRAYER-1-LT.png","contentUrl":"https:\/\/zepestonia.com\/wp-content\/uploads\/2022\/04\/FOAM-SPRAYER-1-LT.png","width":200,"height":300,"caption":"FOAM-SPRAYER-1-LT"},{"@type":"BreadcrumbList","@id":"https:\/\/zepestonia.com\/en\/toode\/foam-sprayer-1l-vahuprits\/#breadcrumb","itemListElement":[{"@type":"ListItem","position":1,"name":"Home","item":"https:\/\/zepestonia.com\/en\/"},{"@type":"ListItem","position":2,"name":"Shop","item":"https:\/\/zepestonia.com\/en\/?page_id=4643"},{"@type":"ListItem","position":3,"name":"Foam Sprayer 1L &#8211; K\u00e4sipumbaga vahuprits"}]},{"@type":"WebSite","@id":"https:\/\/zepestonia.com\/en\/#website","url":"https:\/\/zepestonia.com\/en\/","name":"ZEP Eesti I Puhastusvahendid I E-pood","description":"Pakume puhastus- ja hooldusprobleemidele efektiivseid keskkonnas\u00f5bralikke lahendusi!","publisher":{"@id":"https:\/\/zepestonia.com\/en\/#organization"},"potentialAction":[{"@type":"SearchAction","target":{"@type":"EntryPoint","urlTemplate":"https:\/\/zepestonia.com\/en\/?s={search_term_string}"},"query-input":{"@type":"PropertyValueSpecification","valueRequired":true,"valueName":"search_term_string"}}],"inLanguage":"en-US"},{"@type":"Organization","@id":"https:\/\/zepestonia.com\/en\/#organization","name":"Zep Estonia","url":"https:\/\/zepestonia.com\/en\/","logo":{"@type":"ImageObject","inLanguage":"en-US","@id":"https:\/\/zepestonia.com\/en\/#\/schema\/logo\/image\/","url":"https:\/\/zepestonia.com\/wp-content\/uploads\/2022\/03\/Zep-Logo_png.jpeg","contentUrl":"https:\/\/zepestonia.com\/wp-content\/uploads\/2022\/03\/Zep-Logo_png.jpeg","width":109,"height":70,"caption":"Zep Estonia"},"image":{"@id":"https:\/\/zepestonia.com\/en\/#\/schema\/logo\/image\/"},"sameAs":["https:\/\/www.facebook.com\/ZepEesti"]}]}},"_links":{"self":[{"href":"https:\/\/zepestonia.com\/en\/wp-json\/wp\/v2\/product\/9827","targetHints":{"allow":["GET"]}}],"collection":[{"href":"https:\/\/zepestonia.com\/en\/wp-json\/wp\/v2\/product"}],"about":[{"href":"https:\/\/zepestonia.com\/en\/wp-json\/wp\/v2\/types\/product"}],"replies":[{"embeddable":true,"href":"https:\/\/zepestonia.com\/en\/wp-json\/wp\/v2\/comments?post=9827"}],"version-history":[{"count":1,"href":"https:\/\/zepestonia.com\/en\/wp-json\/wp\/v2\/product\/9827\/revisions"}],"predecessor-version":[{"id":12272,"href":"https:\/\/zepestonia.com\/en\/wp-json\/wp\/v2\/product\/9827\/revisions\/12272"}],"wp:featuredmedia":[{"embeddable":true,"href":"https:\/\/zepestonia.com\/en\/wp-json\/wp\/v2\/media\/9841"}],"wp:attachment":[{"href":"https:\/\/zepestonia.com\/en\/wp-json\/wp\/v2\/media?parent=9827"}],"wp:term":[{"taxonomy":"product_brand","embeddable":true,"href":"https:\/\/zepestonia.com\/en\/wp-json\/wp\/v2\/product_brand?post=9827"},{"taxonomy":"product_cat","embeddable":true,"href":"https:\/\/zepestonia.com\/en\/wp-json\/wp\/v2\/product_cat?post=9827"},{"taxonomy":"product_tag","embeddable":true,"href":"https:\/\/zepestonia.com\/en\/wp-json\/wp\/v2\/product_tag?post=9827"}],"curies":[{"name":"wp","href":"https:\/\/api.w.org\/{rel}","templated":true}]}}