{"id":4788,"date":"2022-02-14T11:35:05","date_gmt":"2022-02-14T11:35:05","guid":{"rendered":"https:\/\/zep.valgekana.ee\/toode\/aq-1140-20kg-katlakivi-eemaldaja-laevanduses\/"},"modified":"2025-09-16T00:00:10","modified_gmt":"2025-09-16T00:00:10","slug":"aq-1140-20kg-katlakivi-eemaldaja-laevanduses","status":"publish","type":"product","link":"https:\/\/zepestonia.com\/en\/toode\/aq-1140-20kg-katlakivi-eemaldaja-laevanduses\/","title":{"rendered":"AQ 1140 1L &#8211; Katlakivi eemaldaja laevanduses"},"content":{"rendered":"<ul>\n<li>Katlakivi eemalduseks t\u00fchjendada s\u00fcsteem, loputada p\u00f5hjalikult.<\/li>\n<li>Proovida eemaldada muda ja teised lahtised j\u00e4\u00e4gid.<\/li>\n<li>Lasta lahus s\u00fcsteemi.<\/li>\n<li>Lasta lahusel ringelda 1-3 tundi vastavalt mustuse astmele. Kui on tarvis pesuaega l\u00fchendada, kuumutada vesi 40-50 \u00baC.<\/li>\n<li>Kontrollida vee pH taset. Kui see on liiga k\u00f5rge, siis kaotab lahus oma efektiivsuse. Sel juhul on tarvis valmistada uus lahus.<\/li>\n<li>Kui lahuse pH p\u00fcsib 2-3 30-40 minuti jooksul, on puhastusts\u00fckkel l\u00f5petatud.<\/li>\n<li>Loputada, kuni puhas vesi tuleb s\u00fcsteemist v\u00e4lja.<\/li>\n<\/ul>\n<p>Lahjendada AQ 1140 vees vastavalt tabelile:<\/p>\n<ul>\n<li>Boilerid &#8211; 20%<\/li>\n<li>Soojusvahetid&nbsp; -10%<\/li>\n<li>Tavalised torud -5%<\/li>\n<\/ul>\n","protected":false},"excerpt":{"rendered":"<p>AQ 1140 on tugevatoimeline katlakivi eemaldaja, mis eemaldab kiiresti nii katlakivi kui rooste j\u00e4\u00e4gid.<br \/>\nToode on rikastatud korrosiooni inhibiitoritega ning ei kahjusta metallpindu, kui kasutatakse \u00f5iget lahuse kontsentratsiooni.<br \/>\nSpetsiaalselt toodetud merenduse jaoks, seet\u00f5ttu on see suurep\u00e4rane vahend laevade soojusvahetite ja jahutuss\u00fcsteemide hooldamiseks.<br \/>\nHeakskiidetud Itaalia Merev\u00e4e poolt ja vastab standarditele NAV-M-M 2\/PC ja 1\/84.<\/p>\n","protected":false},"featured_media":4806,"comment_status":"closed","ping_status":"closed","template":"","meta":[],"product_brand":[],"product_cat":[202],"product_tag":[],"class_list":{"0":"post-4788","1":"product","2":"type-product","3":"status-publish","4":"has-post-thumbnail","6":"product_cat-laevandus","8":"first","9":"instock","10":"taxable","11":"shipping-taxable","12":"purchasable","13":"product-type-simple"},"yoast_head":"<!-- This site is optimized with the Yoast SEO plugin v26.5 - https:\/\/yoast.com\/wordpress\/plugins\/seo\/ -->\n<title>AQ 1140 1L - Katlakivi eemaldaja laevanduses I ZEP Eesti<\/title>\n<meta name=\"description\" content=\"AQ 1140 on tugevatoimeline katlakivi eemaldaja, mis eemaldab kiiresti nii katlakivi kui rooste j\u00e4\u00e4gid. Antud toode on spetsiaalselt toodetud merenduse jaoks.\" \/>\n<meta name=\"robots\" content=\"index, follow, max-snippet:-1, max-image-preview:large, max-video-preview:-1\" \/>\n<link rel=\"canonical\" href=\"https:\/\/zepestonia.com\/en\/toode\/aq-1140-20kg-katlakivi-eemaldaja-laevanduses\/\" \/>\n<meta property=\"og:locale\" content=\"en_US\" \/>\n<meta property=\"og:type\" content=\"article\" \/>\n<meta property=\"og:title\" content=\"AQ 1140 1L - Katlakivi eemaldaja laevanduses I ZEP Eesti\" \/>\n<meta property=\"og:description\" content=\"AQ 1140 on tugevatoimeline katlakivi eemaldaja, mis eemaldab kiiresti nii katlakivi kui rooste j\u00e4\u00e4gid. Antud toode on spetsiaalselt toodetud merenduse jaoks.\" \/>\n<meta property=\"og:url\" content=\"https:\/\/zepestonia.com\/en\/toode\/aq-1140-20kg-katlakivi-eemaldaja-laevanduses\/\" \/>\n<meta property=\"og:site_name\" content=\"ZEP Eesti I Puhastusvahendid I E-pood\" \/>\n<meta property=\"article:publisher\" content=\"https:\/\/www.facebook.com\/ZepEesti\" \/>\n<meta property=\"article:modified_time\" content=\"2025-09-16T00:00:10+00:00\" \/>\n<meta property=\"og:image\" content=\"https:\/\/zepestonia.com\/wp-content\/uploads\/2022\/02\/AQ-1140.png\" \/>\n\t<meta property=\"og:image:width\" content=\"400\" \/>\n\t<meta property=\"og:image:height\" content=\"600\" \/>\n\t<meta property=\"og:image:type\" content=\"image\/png\" \/>\n<meta name=\"twitter:card\" content=\"summary_large_image\" \/>\n<script type=\"application\/ld+json\" class=\"yoast-schema-graph\">{\"@context\":\"https:\/\/schema.org\",\"@graph\":[{\"@type\":\"WebPage\",\"@id\":\"https:\/\/zepestonia.com\/en\/toode\/aq-1140-20kg-katlakivi-eemaldaja-laevanduses\/\",\"url\":\"https:\/\/zepestonia.com\/en\/toode\/aq-1140-20kg-katlakivi-eemaldaja-laevanduses\/\",\"name\":\"AQ 1140 1L - Katlakivi eemaldaja laevanduses I ZEP Eesti\",\"isPartOf\":{\"@id\":\"https:\/\/zepestonia.com\/en\/#website\"},\"primaryImageOfPage\":{\"@id\":\"https:\/\/zepestonia.com\/en\/toode\/aq-1140-20kg-katlakivi-eemaldaja-laevanduses\/#primaryimage\"},\"image\":{\"@id\":\"https:\/\/zepestonia.com\/en\/toode\/aq-1140-20kg-katlakivi-eemaldaja-laevanduses\/#primaryimage\"},\"thumbnailUrl\":\"https:\/\/zepestonia.com\/wp-content\/uploads\/2022\/02\/AQ-1140.png\",\"datePublished\":\"2022-02-14T11:35:05+00:00\",\"dateModified\":\"2025-09-16T00:00:10+00:00\",\"description\":\"AQ 1140 on tugevatoimeline katlakivi eemaldaja, mis eemaldab kiiresti nii katlakivi kui rooste j\u00e4\u00e4gid. Antud toode on spetsiaalselt toodetud merenduse jaoks.\",\"breadcrumb\":{\"@id\":\"https:\/\/zepestonia.com\/en\/toode\/aq-1140-20kg-katlakivi-eemaldaja-laevanduses\/#breadcrumb\"},\"inLanguage\":\"en-US\",\"potentialAction\":[{\"@type\":\"ReadAction\",\"target\":[\"https:\/\/zepestonia.com\/en\/toode\/aq-1140-20kg-katlakivi-eemaldaja-laevanduses\/\"]}]},{\"@type\":\"ImageObject\",\"inLanguage\":\"en-US\",\"@id\":\"https:\/\/zepestonia.com\/en\/toode\/aq-1140-20kg-katlakivi-eemaldaja-laevanduses\/#primaryimage\",\"url\":\"https:\/\/zepestonia.com\/wp-content\/uploads\/2022\/02\/AQ-1140.png\",\"contentUrl\":\"https:\/\/zepestonia.com\/wp-content\/uploads\/2022\/02\/AQ-1140.png\",\"width\":400,\"height\":600,\"caption\":\"AQ-1140\"},{\"@type\":\"BreadcrumbList\",\"@id\":\"https:\/\/zepestonia.com\/en\/toode\/aq-1140-20kg-katlakivi-eemaldaja-laevanduses\/#breadcrumb\",\"itemListElement\":[{\"@type\":\"ListItem\",\"position\":1,\"name\":\"Home\",\"item\":\"https:\/\/zepestonia.com\/en\/\"},{\"@type\":\"ListItem\",\"position\":2,\"name\":\"Shop\",\"item\":\"https:\/\/zepestonia.com\/en\/?page_id=4643\"},{\"@type\":\"ListItem\",\"position\":3,\"name\":\"AQ 1140 1L &#8211; Katlakivi eemaldaja laevanduses\"}]},{\"@type\":\"WebSite\",\"@id\":\"https:\/\/zepestonia.com\/en\/#website\",\"url\":\"https:\/\/zepestonia.com\/en\/\",\"name\":\"ZEP Eesti I Puhastusvahendid I E-pood\",\"description\":\"Pakume puhastus- ja hooldusprobleemidele efektiivseid keskkonnas\u00f5bralikke lahendusi!\",\"publisher\":{\"@id\":\"https:\/\/zepestonia.com\/en\/#organization\"},\"potentialAction\":[{\"@type\":\"SearchAction\",\"target\":{\"@type\":\"EntryPoint\",\"urlTemplate\":\"https:\/\/zepestonia.com\/en\/?s={search_term_string}\"},\"query-input\":{\"@type\":\"PropertyValueSpecification\",\"valueRequired\":true,\"valueName\":\"search_term_string\"}}],\"inLanguage\":\"en-US\"},{\"@type\":\"Organization\",\"@id\":\"https:\/\/zepestonia.com\/en\/#organization\",\"name\":\"Zep Estonia\",\"url\":\"https:\/\/zepestonia.com\/en\/\",\"logo\":{\"@type\":\"ImageObject\",\"inLanguage\":\"en-US\",\"@id\":\"https:\/\/zepestonia.com\/en\/#\/schema\/logo\/image\/\",\"url\":\"https:\/\/zepestonia.com\/wp-content\/uploads\/2022\/03\/Zep-Logo_png.jpeg\",\"contentUrl\":\"https:\/\/zepestonia.com\/wp-content\/uploads\/2022\/03\/Zep-Logo_png.jpeg\",\"width\":109,\"height\":70,\"caption\":\"Zep Estonia\"},\"image\":{\"@id\":\"https:\/\/zepestonia.com\/en\/#\/schema\/logo\/image\/\"},\"sameAs\":[\"https:\/\/www.facebook.com\/ZepEesti\"]}]}<\/script>\n<!-- \/ Yoast SEO plugin. -->","yoast_head_json":{"title":"AQ 1140 1L - Katlakivi eemaldaja laevanduses I ZEP Eesti","description":"AQ 1140 on tugevatoimeline katlakivi eemaldaja, mis eemaldab kiiresti nii katlakivi kui rooste j\u00e4\u00e4gid. Antud toode on spetsiaalselt toodetud merenduse jaoks.","robots":{"index":"index","follow":"follow","max-snippet":"max-snippet:-1","max-image-preview":"max-image-preview:large","max-video-preview":"max-video-preview:-1"},"canonical":"https:\/\/zepestonia.com\/en\/toode\/aq-1140-20kg-katlakivi-eemaldaja-laevanduses\/","og_locale":"en_US","og_type":"article","og_title":"AQ 1140 1L - Katlakivi eemaldaja laevanduses I ZEP Eesti","og_description":"AQ 1140 on tugevatoimeline katlakivi eemaldaja, mis eemaldab kiiresti nii katlakivi kui rooste j\u00e4\u00e4gid. Antud toode on spetsiaalselt toodetud merenduse jaoks.","og_url":"https:\/\/zepestonia.com\/en\/toode\/aq-1140-20kg-katlakivi-eemaldaja-laevanduses\/","og_site_name":"ZEP Eesti I Puhastusvahendid I E-pood","article_publisher":"https:\/\/www.facebook.com\/ZepEesti","article_modified_time":"2025-09-16T00:00:10+00:00","og_image":[{"width":400,"height":600,"url":"https:\/\/zepestonia.com\/wp-content\/uploads\/2022\/02\/AQ-1140.png","type":"image\/png"}],"twitter_card":"summary_large_image","schema":{"@context":"https:\/\/schema.org","@graph":[{"@type":"WebPage","@id":"https:\/\/zepestonia.com\/en\/toode\/aq-1140-20kg-katlakivi-eemaldaja-laevanduses\/","url":"https:\/\/zepestonia.com\/en\/toode\/aq-1140-20kg-katlakivi-eemaldaja-laevanduses\/","name":"AQ 1140 1L - Katlakivi eemaldaja laevanduses I ZEP Eesti","isPartOf":{"@id":"https:\/\/zepestonia.com\/en\/#website"},"primaryImageOfPage":{"@id":"https:\/\/zepestonia.com\/en\/toode\/aq-1140-20kg-katlakivi-eemaldaja-laevanduses\/#primaryimage"},"image":{"@id":"https:\/\/zepestonia.com\/en\/toode\/aq-1140-20kg-katlakivi-eemaldaja-laevanduses\/#primaryimage"},"thumbnailUrl":"https:\/\/zepestonia.com\/wp-content\/uploads\/2022\/02\/AQ-1140.png","datePublished":"2022-02-14T11:35:05+00:00","dateModified":"2025-09-16T00:00:10+00:00","description":"AQ 1140 on tugevatoimeline katlakivi eemaldaja, mis eemaldab kiiresti nii katlakivi kui rooste j\u00e4\u00e4gid. Antud toode on spetsiaalselt toodetud merenduse jaoks.","breadcrumb":{"@id":"https:\/\/zepestonia.com\/en\/toode\/aq-1140-20kg-katlakivi-eemaldaja-laevanduses\/#breadcrumb"},"inLanguage":"en-US","potentialAction":[{"@type":"ReadAction","target":["https:\/\/zepestonia.com\/en\/toode\/aq-1140-20kg-katlakivi-eemaldaja-laevanduses\/"]}]},{"@type":"ImageObject","inLanguage":"en-US","@id":"https:\/\/zepestonia.com\/en\/toode\/aq-1140-20kg-katlakivi-eemaldaja-laevanduses\/#primaryimage","url":"https:\/\/zepestonia.com\/wp-content\/uploads\/2022\/02\/AQ-1140.png","contentUrl":"https:\/\/zepestonia.com\/wp-content\/uploads\/2022\/02\/AQ-1140.png","width":400,"height":600,"caption":"AQ-1140"},{"@type":"BreadcrumbList","@id":"https:\/\/zepestonia.com\/en\/toode\/aq-1140-20kg-katlakivi-eemaldaja-laevanduses\/#breadcrumb","itemListElement":[{"@type":"ListItem","position":1,"name":"Home","item":"https:\/\/zepestonia.com\/en\/"},{"@type":"ListItem","position":2,"name":"Shop","item":"https:\/\/zepestonia.com\/en\/?page_id=4643"},{"@type":"ListItem","position":3,"name":"AQ 1140 1L &#8211; Katlakivi eemaldaja laevanduses"}]},{"@type":"WebSite","@id":"https:\/\/zepestonia.com\/en\/#website","url":"https:\/\/zepestonia.com\/en\/","name":"ZEP Eesti I Puhastusvahendid I E-pood","description":"Pakume puhastus- ja hooldusprobleemidele efektiivseid keskkonnas\u00f5bralikke lahendusi!","publisher":{"@id":"https:\/\/zepestonia.com\/en\/#organization"},"potentialAction":[{"@type":"SearchAction","target":{"@type":"EntryPoint","urlTemplate":"https:\/\/zepestonia.com\/en\/?s={search_term_string}"},"query-input":{"@type":"PropertyValueSpecification","valueRequired":true,"valueName":"search_term_string"}}],"inLanguage":"en-US"},{"@type":"Organization","@id":"https:\/\/zepestonia.com\/en\/#organization","name":"Zep Estonia","url":"https:\/\/zepestonia.com\/en\/","logo":{"@type":"ImageObject","inLanguage":"en-US","@id":"https:\/\/zepestonia.com\/en\/#\/schema\/logo\/image\/","url":"https:\/\/zepestonia.com\/wp-content\/uploads\/2022\/03\/Zep-Logo_png.jpeg","contentUrl":"https:\/\/zepestonia.com\/wp-content\/uploads\/2022\/03\/Zep-Logo_png.jpeg","width":109,"height":70,"caption":"Zep Estonia"},"image":{"@id":"https:\/\/zepestonia.com\/en\/#\/schema\/logo\/image\/"},"sameAs":["https:\/\/www.facebook.com\/ZepEesti"]}]}},"_links":{"self":[{"href":"https:\/\/zepestonia.com\/en\/wp-json\/wp\/v2\/product\/4788","targetHints":{"allow":["GET"]}}],"collection":[{"href":"https:\/\/zepestonia.com\/en\/wp-json\/wp\/v2\/product"}],"about":[{"href":"https:\/\/zepestonia.com\/en\/wp-json\/wp\/v2\/types\/product"}],"replies":[{"embeddable":true,"href":"https:\/\/zepestonia.com\/en\/wp-json\/wp\/v2\/comments?post=4788"}],"version-history":[{"count":1,"href":"https:\/\/zepestonia.com\/en\/wp-json\/wp\/v2\/product\/4788\/revisions"}],"predecessor-version":[{"id":12274,"href":"https:\/\/zepestonia.com\/en\/wp-json\/wp\/v2\/product\/4788\/revisions\/12274"}],"wp:featuredmedia":[{"embeddable":true,"href":"https:\/\/zepestonia.com\/en\/wp-json\/wp\/v2\/media\/4806"}],"wp:attachment":[{"href":"https:\/\/zepestonia.com\/en\/wp-json\/wp\/v2\/media?parent=4788"}],"wp:term":[{"taxonomy":"product_brand","embeddable":true,"href":"https:\/\/zepestonia.com\/en\/wp-json\/wp\/v2\/product_brand?post=4788"},{"taxonomy":"product_cat","embeddable":true,"href":"https:\/\/zepestonia.com\/en\/wp-json\/wp\/v2\/product_cat?post=4788"},{"taxonomy":"product_tag","embeddable":true,"href":"https:\/\/zepestonia.com\/en\/wp-json\/wp\/v2\/product_tag?post=4788"}],"curies":[{"name":"wp","href":"https:\/\/api.w.org\/{rel}","templated":true}]}}