{"id":4672,"date":"2021-12-20T00:11:10","date_gmt":"2021-12-20T00:11:10","guid":{"rendered":"https:\/\/zep.valgekana.ee\/toode\/detecgaz\/"},"modified":"2025-07-01T00:23:42","modified_gmt":"2025-07-01T00:23:42","slug":"detecgaz","status":"publish","type":"product","link":"https:\/\/zepestonia.com\/en\/toode\/detecgaz\/","title":{"rendered":"Detecgaz * &#8211; Lekkedetektor"},"content":{"rendered":"<ul>\n<li><span class=\"VIiyi\" lang=\"et\"><span class=\"JLqJ4b ChMk0b\" data-language-for-alternatives=\"et\" data-language-to-translate-into=\"nl\" data-number-of-phrases=\"26\" data-phrase-index=\"8\"><span>Aerosool t\u00f6\u00f6tab nii otsikuga \u00fcles kui alla.<\/span><\/span><span class=\"JLqJ4b\" data-language-for-alternatives=\"et\" data-language-to-translate-into=\"nl\" data-number-of-phrases=\"26\" data-phrase-index=\"9\"><span> <\/span><\/span><\/span><\/li>\n<li><span class=\"VIiyi\" lang=\"et\"><span class=\"JLqJ4b ChMk0b\" data-language-for-alternatives=\"et\" data-language-to-translate-into=\"nl\" data-number-of-phrases=\"26\" data-phrase-index=\"10\"><span>Pihustage umbes 20 cm kaugusel t\u00f6\u00f6deldavast alast<\/span><\/span><span class=\"JLqJ4b\" data-language-for-alternatives=\"et\" data-language-to-translate-into=\"nl\" data-number-of-phrases=\"26\" data-phrase-index=\"11\"><span> <\/span><\/span><span class=\"JLqJ4b ChMk0b\" data-language-for-alternatives=\"et\" data-language-to-translate-into=\"nl\" data-number-of-phrases=\"26\" data-phrase-index=\"12\"><span>pinnale.<\/span><\/span> <\/span><\/li>\n<li><span class=\"VIiyi\" lang=\"et\"><span class=\"JLqJ4b ChMk0b\" data-language-for-alternatives=\"et\" data-language-to-translate-into=\"nl\" data-number-of-phrases=\"26\" data-phrase-index=\"13\"><span>Seal, kus on lekkeid, tuleb<\/span><\/span><span class=\"JLqJ4b\" data-language-for-alternatives=\"et\" data-language-to-translate-into=\"nl\" data-number-of-phrases=\"26\" data-phrase-index=\"14\"><span> <\/span><\/span><span class=\"JLqJ4b ChMk0b\" data-language-for-alternatives=\"et\" data-language-to-translate-into=\"nl\" data-number-of-phrases=\"26\" data-phrase-index=\"15\"><span>kohe vahtu.<\/span><\/span><\/span><\/li>\n<\/ul>\n<p><span class=\"VIiyi\" lang=\"et\"><span class=\"JLqJ4b ChMk0b\" data-language-for-alternatives=\"et\" data-language-to-translate-into=\"nl\" data-number-of-phrases=\"26\" data-phrase-index=\"23\"><strong><span style=\"color:#FF0000\">NB! <\/span><\/strong><span>Tuleohtlike gaaside gaasilekke tuvastamisel<\/span><\/span><span class=\"JLqJ4b\" data-language-for-alternatives=\"et\" data-language-to-translate-into=\"nl\" data-number-of-phrases=\"26\" data-phrase-index=\"24\"><span> <\/span><\/span><span class=\"JLqJ4b ChMk0b\" data-language-for-alternatives=\"et\" data-language-to-translate-into=\"nl\" data-number-of-phrases=\"26\" data-phrase-index=\"25\"><span>\u00e4rge suitsetage toote pealekandmisel.<\/span><\/span><\/span><\/p>\n","protected":false},"excerpt":{"rendered":"<p>Tuvastab gaasilekkeid, isegi tuleohtlikke ja madala r\u00f5huga.<br \/>\nSobib ka jahutusvedelikele nagu butaan, propaan ja hapnik.<br \/>\nKiire tegevus ja kohe n\u00e4htav.<br \/>\nT\u00e4iesti mittes\u00fcttiv.<br \/>\nKatab t\u00f6\u00f6deldud pinna t\u00e4ielikult.<br \/>\nEi j\u00e4ta j\u00e4\u00e4ke ega plekke.<br \/>\nV\u00e4rvi kahjustamata.<br \/>\nK\u00f5igi metallide puhul neutraalne.<br \/>\nV\u00f5ib kasutada isegi m\u00e4rgadel pindadel.<\/p>\n","protected":false},"featured_media":4818,"comment_status":"closed","ping_status":"closed","template":"","meta":[],"product_brand":[],"product_cat":[221],"product_tag":[],"class_list":{"0":"post-4672","1":"product","2":"type-product","3":"status-publish","4":"has-post-thumbnail","6":"product_cat-gaas","8":"first","9":"instock","10":"taxable","11":"shipping-taxable","12":"purchasable","13":"product-type-simple"},"yoast_head":"<!-- This site is optimized with the Yoast SEO plugin v26.5 - https:\/\/yoast.com\/wordpress\/plugins\/seo\/ -->\n<title>Detecgaz * - Lekkedetektor, aerosoolina I ZEP Eesti<\/title>\n<meta name=\"description\" content=\"Tuvastab gaasilekkeid, isegi tuleohtlikke ja madala r\u00f5huga. Sobib ka jahutusvedelikele nagu butaan, propaan ja hapnik. Ei j\u00e4ta j\u00e4\u00e4ke, plekke ega kahjusta v\u00e4rvi.\" \/>\n<meta name=\"robots\" content=\"index, follow, max-snippet:-1, max-image-preview:large, max-video-preview:-1\" \/>\n<link rel=\"canonical\" href=\"https:\/\/zepestonia.com\/en\/toode\/detecgaz\/\" \/>\n<meta property=\"og:locale\" content=\"en_US\" \/>\n<meta property=\"og:type\" content=\"article\" \/>\n<meta property=\"og:title\" content=\"Detecgaz * - Lekkedetektor, aerosoolina I ZEP Eesti\" \/>\n<meta property=\"og:description\" content=\"Tuvastab gaasilekkeid, isegi tuleohtlikke ja madala r\u00f5huga. Sobib ka jahutusvedelikele nagu butaan, propaan ja hapnik. Ei j\u00e4ta j\u00e4\u00e4ke, plekke ega kahjusta v\u00e4rvi.\" \/>\n<meta property=\"og:url\" content=\"https:\/\/zepestonia.com\/en\/toode\/detecgaz\/\" \/>\n<meta property=\"og:site_name\" content=\"ZEP Eesti I Puhastusvahendid I E-pood\" \/>\n<meta property=\"article:publisher\" content=\"https:\/\/www.facebook.com\/ZepEesti\" \/>\n<meta property=\"article:modified_time\" content=\"2025-07-01T00:23:42+00:00\" \/>\n<meta property=\"og:image\" content=\"https:\/\/zepestonia.com\/wp-content\/uploads\/2022\/02\/Detecgaz.png\" \/>\n\t<meta property=\"og:image:width\" content=\"200\" \/>\n\t<meta property=\"og:image:height\" content=\"300\" \/>\n\t<meta property=\"og:image:type\" content=\"image\/png\" \/>\n<meta name=\"twitter:card\" content=\"summary_large_image\" \/>\n<script type=\"application\/ld+json\" class=\"yoast-schema-graph\">{\"@context\":\"https:\/\/schema.org\",\"@graph\":[{\"@type\":\"WebPage\",\"@id\":\"https:\/\/zepestonia.com\/en\/toode\/detecgaz\/\",\"url\":\"https:\/\/zepestonia.com\/en\/toode\/detecgaz\/\",\"name\":\"Detecgaz * - Lekkedetektor, aerosoolina I ZEP Eesti\",\"isPartOf\":{\"@id\":\"https:\/\/zepestonia.com\/en\/#website\"},\"primaryImageOfPage\":{\"@id\":\"https:\/\/zepestonia.com\/en\/toode\/detecgaz\/#primaryimage\"},\"image\":{\"@id\":\"https:\/\/zepestonia.com\/en\/toode\/detecgaz\/#primaryimage\"},\"thumbnailUrl\":\"https:\/\/zepestonia.com\/wp-content\/uploads\/2022\/02\/Detecgaz.png\",\"datePublished\":\"2021-12-20T00:11:10+00:00\",\"dateModified\":\"2025-07-01T00:23:42+00:00\",\"description\":\"Tuvastab gaasilekkeid, isegi tuleohtlikke ja madala r\u00f5huga. Sobib ka jahutusvedelikele nagu butaan, propaan ja hapnik. Ei j\u00e4ta j\u00e4\u00e4ke, plekke ega kahjusta v\u00e4rvi.\",\"breadcrumb\":{\"@id\":\"https:\/\/zepestonia.com\/en\/toode\/detecgaz\/#breadcrumb\"},\"inLanguage\":\"en-US\",\"potentialAction\":[{\"@type\":\"ReadAction\",\"target\":[\"https:\/\/zepestonia.com\/en\/toode\/detecgaz\/\"]}]},{\"@type\":\"ImageObject\",\"inLanguage\":\"en-US\",\"@id\":\"https:\/\/zepestonia.com\/en\/toode\/detecgaz\/#primaryimage\",\"url\":\"https:\/\/zepestonia.com\/wp-content\/uploads\/2022\/02\/Detecgaz.png\",\"contentUrl\":\"https:\/\/zepestonia.com\/wp-content\/uploads\/2022\/02\/Detecgaz.png\",\"width\":200,\"height\":300,\"caption\":\"Detecgaz\"},{\"@type\":\"BreadcrumbList\",\"@id\":\"https:\/\/zepestonia.com\/en\/toode\/detecgaz\/#breadcrumb\",\"itemListElement\":[{\"@type\":\"ListItem\",\"position\":1,\"name\":\"Home\",\"item\":\"https:\/\/zepestonia.com\/en\/\"},{\"@type\":\"ListItem\",\"position\":2,\"name\":\"Shop\",\"item\":\"https:\/\/zepestonia.com\/en\/?page_id=4643\"},{\"@type\":\"ListItem\",\"position\":3,\"name\":\"Detecgaz * &#8211; Lekkedetektor\"}]},{\"@type\":\"WebSite\",\"@id\":\"https:\/\/zepestonia.com\/en\/#website\",\"url\":\"https:\/\/zepestonia.com\/en\/\",\"name\":\"ZEP Eesti I Puhastusvahendid I E-pood\",\"description\":\"Pakume puhastus- ja hooldusprobleemidele efektiivseid keskkonnas\u00f5bralikke lahendusi!\",\"publisher\":{\"@id\":\"https:\/\/zepestonia.com\/en\/#organization\"},\"potentialAction\":[{\"@type\":\"SearchAction\",\"target\":{\"@type\":\"EntryPoint\",\"urlTemplate\":\"https:\/\/zepestonia.com\/en\/?s={search_term_string}\"},\"query-input\":{\"@type\":\"PropertyValueSpecification\",\"valueRequired\":true,\"valueName\":\"search_term_string\"}}],\"inLanguage\":\"en-US\"},{\"@type\":\"Organization\",\"@id\":\"https:\/\/zepestonia.com\/en\/#organization\",\"name\":\"Zep Estonia\",\"url\":\"https:\/\/zepestonia.com\/en\/\",\"logo\":{\"@type\":\"ImageObject\",\"inLanguage\":\"en-US\",\"@id\":\"https:\/\/zepestonia.com\/en\/#\/schema\/logo\/image\/\",\"url\":\"https:\/\/zepestonia.com\/wp-content\/uploads\/2022\/03\/Zep-Logo_png.jpeg\",\"contentUrl\":\"https:\/\/zepestonia.com\/wp-content\/uploads\/2022\/03\/Zep-Logo_png.jpeg\",\"width\":109,\"height\":70,\"caption\":\"Zep Estonia\"},\"image\":{\"@id\":\"https:\/\/zepestonia.com\/en\/#\/schema\/logo\/image\/\"},\"sameAs\":[\"https:\/\/www.facebook.com\/ZepEesti\"]}]}<\/script>\n<!-- \/ Yoast SEO plugin. -->","yoast_head_json":{"title":"Detecgaz * - Lekkedetektor, aerosoolina I ZEP Eesti","description":"Tuvastab gaasilekkeid, isegi tuleohtlikke ja madala r\u00f5huga. Sobib ka jahutusvedelikele nagu butaan, propaan ja hapnik. Ei j\u00e4ta j\u00e4\u00e4ke, plekke ega kahjusta v\u00e4rvi.","robots":{"index":"index","follow":"follow","max-snippet":"max-snippet:-1","max-image-preview":"max-image-preview:large","max-video-preview":"max-video-preview:-1"},"canonical":"https:\/\/zepestonia.com\/en\/toode\/detecgaz\/","og_locale":"en_US","og_type":"article","og_title":"Detecgaz * - Lekkedetektor, aerosoolina I ZEP Eesti","og_description":"Tuvastab gaasilekkeid, isegi tuleohtlikke ja madala r\u00f5huga. Sobib ka jahutusvedelikele nagu butaan, propaan ja hapnik. Ei j\u00e4ta j\u00e4\u00e4ke, plekke ega kahjusta v\u00e4rvi.","og_url":"https:\/\/zepestonia.com\/en\/toode\/detecgaz\/","og_site_name":"ZEP Eesti I Puhastusvahendid I E-pood","article_publisher":"https:\/\/www.facebook.com\/ZepEesti","article_modified_time":"2025-07-01T00:23:42+00:00","og_image":[{"width":200,"height":300,"url":"https:\/\/zepestonia.com\/wp-content\/uploads\/2022\/02\/Detecgaz.png","type":"image\/png"}],"twitter_card":"summary_large_image","schema":{"@context":"https:\/\/schema.org","@graph":[{"@type":"WebPage","@id":"https:\/\/zepestonia.com\/en\/toode\/detecgaz\/","url":"https:\/\/zepestonia.com\/en\/toode\/detecgaz\/","name":"Detecgaz * - Lekkedetektor, aerosoolina I ZEP Eesti","isPartOf":{"@id":"https:\/\/zepestonia.com\/en\/#website"},"primaryImageOfPage":{"@id":"https:\/\/zepestonia.com\/en\/toode\/detecgaz\/#primaryimage"},"image":{"@id":"https:\/\/zepestonia.com\/en\/toode\/detecgaz\/#primaryimage"},"thumbnailUrl":"https:\/\/zepestonia.com\/wp-content\/uploads\/2022\/02\/Detecgaz.png","datePublished":"2021-12-20T00:11:10+00:00","dateModified":"2025-07-01T00:23:42+00:00","description":"Tuvastab gaasilekkeid, isegi tuleohtlikke ja madala r\u00f5huga. Sobib ka jahutusvedelikele nagu butaan, propaan ja hapnik. Ei j\u00e4ta j\u00e4\u00e4ke, plekke ega kahjusta v\u00e4rvi.","breadcrumb":{"@id":"https:\/\/zepestonia.com\/en\/toode\/detecgaz\/#breadcrumb"},"inLanguage":"en-US","potentialAction":[{"@type":"ReadAction","target":["https:\/\/zepestonia.com\/en\/toode\/detecgaz\/"]}]},{"@type":"ImageObject","inLanguage":"en-US","@id":"https:\/\/zepestonia.com\/en\/toode\/detecgaz\/#primaryimage","url":"https:\/\/zepestonia.com\/wp-content\/uploads\/2022\/02\/Detecgaz.png","contentUrl":"https:\/\/zepestonia.com\/wp-content\/uploads\/2022\/02\/Detecgaz.png","width":200,"height":300,"caption":"Detecgaz"},{"@type":"BreadcrumbList","@id":"https:\/\/zepestonia.com\/en\/toode\/detecgaz\/#breadcrumb","itemListElement":[{"@type":"ListItem","position":1,"name":"Home","item":"https:\/\/zepestonia.com\/en\/"},{"@type":"ListItem","position":2,"name":"Shop","item":"https:\/\/zepestonia.com\/en\/?page_id=4643"},{"@type":"ListItem","position":3,"name":"Detecgaz * &#8211; Lekkedetektor"}]},{"@type":"WebSite","@id":"https:\/\/zepestonia.com\/en\/#website","url":"https:\/\/zepestonia.com\/en\/","name":"ZEP Eesti I Puhastusvahendid I E-pood","description":"Pakume puhastus- ja hooldusprobleemidele efektiivseid keskkonnas\u00f5bralikke lahendusi!","publisher":{"@id":"https:\/\/zepestonia.com\/en\/#organization"},"potentialAction":[{"@type":"SearchAction","target":{"@type":"EntryPoint","urlTemplate":"https:\/\/zepestonia.com\/en\/?s={search_term_string}"},"query-input":{"@type":"PropertyValueSpecification","valueRequired":true,"valueName":"search_term_string"}}],"inLanguage":"en-US"},{"@type":"Organization","@id":"https:\/\/zepestonia.com\/en\/#organization","name":"Zep Estonia","url":"https:\/\/zepestonia.com\/en\/","logo":{"@type":"ImageObject","inLanguage":"en-US","@id":"https:\/\/zepestonia.com\/en\/#\/schema\/logo\/image\/","url":"https:\/\/zepestonia.com\/wp-content\/uploads\/2022\/03\/Zep-Logo_png.jpeg","contentUrl":"https:\/\/zepestonia.com\/wp-content\/uploads\/2022\/03\/Zep-Logo_png.jpeg","width":109,"height":70,"caption":"Zep Estonia"},"image":{"@id":"https:\/\/zepestonia.com\/en\/#\/schema\/logo\/image\/"},"sameAs":["https:\/\/www.facebook.com\/ZepEesti"]}]}},"_links":{"self":[{"href":"https:\/\/zepestonia.com\/en\/wp-json\/wp\/v2\/product\/4672","targetHints":{"allow":["GET"]}}],"collection":[{"href":"https:\/\/zepestonia.com\/en\/wp-json\/wp\/v2\/product"}],"about":[{"href":"https:\/\/zepestonia.com\/en\/wp-json\/wp\/v2\/types\/product"}],"replies":[{"embeddable":true,"href":"https:\/\/zepestonia.com\/en\/wp-json\/wp\/v2\/comments?post=4672"}],"version-history":[{"count":1,"href":"https:\/\/zepestonia.com\/en\/wp-json\/wp\/v2\/product\/4672\/revisions"}],"predecessor-version":[{"id":10246,"href":"https:\/\/zepestonia.com\/en\/wp-json\/wp\/v2\/product\/4672\/revisions\/10246"}],"wp:featuredmedia":[{"embeddable":true,"href":"https:\/\/zepestonia.com\/en\/wp-json\/wp\/v2\/media\/4818"}],"wp:attachment":[{"href":"https:\/\/zepestonia.com\/en\/wp-json\/wp\/v2\/media?parent=4672"}],"wp:term":[{"taxonomy":"product_brand","embeddable":true,"href":"https:\/\/zepestonia.com\/en\/wp-json\/wp\/v2\/product_brand?post=4672"},{"taxonomy":"product_cat","embeddable":true,"href":"https:\/\/zepestonia.com\/en\/wp-json\/wp\/v2\/product_cat?post=4672"},{"taxonomy":"product_tag","embeddable":true,"href":"https:\/\/zepestonia.com\/en\/wp-json\/wp\/v2\/product_tag?post=4672"}],"curies":[{"name":"wp","href":"https:\/\/api.w.org\/{rel}","templated":true}]}}