{"id":3225,"date":"2021-11-29T19:01:03","date_gmt":"2021-11-29T19:01:03","guid":{"rendered":"https:\/\/zep.valgekana.ee\/toode\/paroxide-250-ml\/"},"modified":"2026-04-14T00:00:07","modified_gmt":"2026-04-14T00:00:07","slug":"paroxide-250-ml","status":"publish","type":"product","link":"https:\/\/zepestonia.com\/en\/toode\/paroxide-250-ml\/","title":{"rendered":"Paroxide 250ml  &#8211; Roostemuundur"},"content":{"rendered":"<ul>\n<li><span style=\"font-size:14px\"><span class=\"markedContent\" id=\"page3R_mcid25\"><span dir=\"ltr\" role=\"presentation\" style=\"left: 149.04px;top: 665.711px;font-family: sans-serif\">Kanda pe<\/span><span dir=\"ltr\" role=\"presentation\" style=\"left: 234.833px;top: 665.711px;font-family: sans-serif\">ale pintsliga nagu tavalist v\u00e4rvi.<\/span><\/span><\/span><\/li>\n<li><span style=\"font-size:14px\"><span class=\"markedContent\" id=\"page3R_mcid26\"><span dir=\"ltr\" role=\"presentation\" style=\"left: 149.04px;top: 690.111px;font-family: sans-serif\">Lasta kuivada 30 minutit tolmuvabas keskkonnas.<\/span><\/span><\/span><\/li>\n<li><span style=\"font-size:14px\"><span class=\"markedContent\" id=\"page3R_mcid27\"><span dir=\"ltr\" role=\"presentation\" style=\"left: 149.04px;top: 714.511px;font-family: sans-serif\">Toode kivistub 20 tunni p\u00e4rast.<\/span><\/span><\/span><\/li>\n<li><span style=\"font-size:14px\"><span class=\"markedContent\"><span dir=\"ltr\" role=\"presentation\" style=\"left: 149.04px;top: 714.511px;font-family: sans-serif\">\u00dcle v\u00e4rvitav 3 \u00f6\u00f6p\u00e4va p\u00e4rast.<\/span><\/span><\/span><\/li>\n<\/ul>\n<p><span style=\"font-size:14px\"><span style=\"font-size:14px\"><span class=\"markedContent\" id=\"page3R_mcid28\"><span dir=\"ltr\" role=\"presentation\" style=\"left: 149.04px;top: 738.744px;font-family: sans-serif\">250ml, katab ~<\/span><span dir=\"ltr\" role=\"presentation\" style=\"left: 274.2px;top: 738.744px;font-family: sans-serif\"> <\/span><span dir=\"ltr\" role=\"presentation\" style=\"left: 279.833px;top: 738.744px;font-family: sans-serif\">5m\u00b2<\/span><\/span><\/span><\/span><\/p>\n","protected":false},"excerpt":{"rendered":"<p>Kiiresti imenduv toode, mis imbub l\u00e4bi rooste l\u00f5petades oks\u00fcdeerumise protsessi<br \/>\nKinnitub tugevasti hooldatavale pinnale.<br \/>\nErinevalt teistest samalaadi toodetest on PAROXIDE \u00f5rna h\u00e4irimatu l\u00f5hnaga.<br \/>\nHooldatud pinda v\u00f5ib \u00fcle v\u00e4rvida, kui tegemist ei ole klooriga.<br \/>\nKasutamiseks metallist struktuuridele, ustele, hingedele jne.<br \/>\nSobib kasutamiseks t\u00f6\u00f6kodades, t\u00f6\u00f6stustes jne.<\/p>\n","protected":false},"featured_media":4934,"comment_status":"closed","ping_status":"closed","template":"","meta":[],"product_brand":[],"product_cat":[215],"product_tag":[],"class_list":{"0":"post-3225","1":"product","2":"type-product","3":"status-publish","4":"has-post-thumbnail","6":"product_cat-metall","8":"first","9":"instock","10":"taxable","11":"shipping-taxable","12":"purchasable","13":"product-type-simple"},"yoast_head":"<!-- This site is optimized with the Yoast SEO plugin v26.5 - https:\/\/yoast.com\/wordpress\/plugins\/seo\/ -->\n<title>Paroxide 250ml - Roostemuundur, kiiretoimeline I ZEP Eesti<\/title>\n<meta name=\"description\" content=\"Kiiresti imenduv toode, mis imbub l\u00e4bi rooste l\u00f5petades oks\u00fcdeerumise protsessi. Kinnitub tugevasti hooldatavale pinnale. Antud toode on \u00f5rna h\u00e4irimatu l\u00f5hnaga.\" \/>\n<meta name=\"robots\" content=\"index, follow, max-snippet:-1, max-image-preview:large, max-video-preview:-1\" \/>\n<link rel=\"canonical\" href=\"https:\/\/zepestonia.com\/en\/toode\/paroxide-250-ml\/\" \/>\n<meta property=\"og:locale\" content=\"en_US\" \/>\n<meta property=\"og:type\" content=\"article\" \/>\n<meta property=\"og:title\" content=\"Paroxide 250ml - Roostemuundur, kiiretoimeline I ZEP Eesti\" \/>\n<meta property=\"og:description\" content=\"Kiiresti imenduv toode, mis imbub l\u00e4bi rooste l\u00f5petades oks\u00fcdeerumise protsessi. Kinnitub tugevasti hooldatavale pinnale. Antud toode on \u00f5rna h\u00e4irimatu l\u00f5hnaga.\" \/>\n<meta property=\"og:url\" content=\"https:\/\/zepestonia.com\/en\/toode\/paroxide-250-ml\/\" \/>\n<meta property=\"og:site_name\" content=\"ZEP Eesti I Puhastusvahendid I E-pood\" \/>\n<meta property=\"article:publisher\" content=\"https:\/\/www.facebook.com\/ZepEesti\" \/>\n<meta property=\"article:modified_time\" content=\"2026-04-14T00:00:07+00:00\" \/>\n<meta property=\"og:image\" content=\"https:\/\/zepestonia.com\/wp-content\/uploads\/2022\/02\/Paroxide-9.png\" \/>\n\t<meta property=\"og:image:width\" content=\"400\" \/>\n\t<meta property=\"og:image:height\" content=\"600\" \/>\n\t<meta property=\"og:image:type\" content=\"image\/png\" \/>\n<meta name=\"twitter:card\" content=\"summary_large_image\" \/>\n<script type=\"application\/ld+json\" class=\"yoast-schema-graph\">{\"@context\":\"https:\/\/schema.org\",\"@graph\":[{\"@type\":\"WebPage\",\"@id\":\"https:\/\/zepestonia.com\/en\/toode\/paroxide-250-ml\/\",\"url\":\"https:\/\/zepestonia.com\/en\/toode\/paroxide-250-ml\/\",\"name\":\"Paroxide 250ml - Roostemuundur, kiiretoimeline I ZEP Eesti\",\"isPartOf\":{\"@id\":\"https:\/\/zepestonia.com\/en\/#website\"},\"primaryImageOfPage\":{\"@id\":\"https:\/\/zepestonia.com\/en\/toode\/paroxide-250-ml\/#primaryimage\"},\"image\":{\"@id\":\"https:\/\/zepestonia.com\/en\/toode\/paroxide-250-ml\/#primaryimage\"},\"thumbnailUrl\":\"https:\/\/zepestonia.com\/wp-content\/uploads\/2022\/02\/Paroxide-9.png\",\"datePublished\":\"2021-11-29T19:01:03+00:00\",\"dateModified\":\"2026-04-14T00:00:07+00:00\",\"description\":\"Kiiresti imenduv toode, mis imbub l\u00e4bi rooste l\u00f5petades oks\u00fcdeerumise protsessi. Kinnitub tugevasti hooldatavale pinnale. Antud toode on \u00f5rna h\u00e4irimatu l\u00f5hnaga.\",\"breadcrumb\":{\"@id\":\"https:\/\/zepestonia.com\/en\/toode\/paroxide-250-ml\/#breadcrumb\"},\"inLanguage\":\"en-US\",\"potentialAction\":[{\"@type\":\"ReadAction\",\"target\":[\"https:\/\/zepestonia.com\/en\/toode\/paroxide-250-ml\/\"]}]},{\"@type\":\"ImageObject\",\"inLanguage\":\"en-US\",\"@id\":\"https:\/\/zepestonia.com\/en\/toode\/paroxide-250-ml\/#primaryimage\",\"url\":\"https:\/\/zepestonia.com\/wp-content\/uploads\/2022\/02\/Paroxide-9.png\",\"contentUrl\":\"https:\/\/zepestonia.com\/wp-content\/uploads\/2022\/02\/Paroxide-9.png\",\"width\":400,\"height\":600,\"caption\":\"Paroxide-9\"},{\"@type\":\"BreadcrumbList\",\"@id\":\"https:\/\/zepestonia.com\/en\/toode\/paroxide-250-ml\/#breadcrumb\",\"itemListElement\":[{\"@type\":\"ListItem\",\"position\":1,\"name\":\"Home\",\"item\":\"https:\/\/zepestonia.com\/en\/\"},{\"@type\":\"ListItem\",\"position\":2,\"name\":\"Shop\",\"item\":\"https:\/\/zepestonia.com\/en\/?page_id=4643\"},{\"@type\":\"ListItem\",\"position\":3,\"name\":\"Paroxide 250ml &#8211; Roostemuundur\"}]},{\"@type\":\"WebSite\",\"@id\":\"https:\/\/zepestonia.com\/en\/#website\",\"url\":\"https:\/\/zepestonia.com\/en\/\",\"name\":\"ZEP Eesti I Puhastusvahendid I E-pood\",\"description\":\"Pakume puhastus- ja hooldusprobleemidele efektiivseid keskkonnas\u00f5bralikke lahendusi!\",\"publisher\":{\"@id\":\"https:\/\/zepestonia.com\/en\/#organization\"},\"potentialAction\":[{\"@type\":\"SearchAction\",\"target\":{\"@type\":\"EntryPoint\",\"urlTemplate\":\"https:\/\/zepestonia.com\/en\/?s={search_term_string}\"},\"query-input\":{\"@type\":\"PropertyValueSpecification\",\"valueRequired\":true,\"valueName\":\"search_term_string\"}}],\"inLanguage\":\"en-US\"},{\"@type\":\"Organization\",\"@id\":\"https:\/\/zepestonia.com\/en\/#organization\",\"name\":\"Zep Estonia\",\"url\":\"https:\/\/zepestonia.com\/en\/\",\"logo\":{\"@type\":\"ImageObject\",\"inLanguage\":\"en-US\",\"@id\":\"https:\/\/zepestonia.com\/en\/#\/schema\/logo\/image\/\",\"url\":\"https:\/\/zepestonia.com\/wp-content\/uploads\/2022\/03\/Zep-Logo_png.jpeg\",\"contentUrl\":\"https:\/\/zepestonia.com\/wp-content\/uploads\/2022\/03\/Zep-Logo_png.jpeg\",\"width\":109,\"height\":70,\"caption\":\"Zep Estonia\"},\"image\":{\"@id\":\"https:\/\/zepestonia.com\/en\/#\/schema\/logo\/image\/\"},\"sameAs\":[\"https:\/\/www.facebook.com\/ZepEesti\"]}]}<\/script>\n<!-- \/ Yoast SEO plugin. -->","yoast_head_json":{"title":"Paroxide 250ml - Roostemuundur, kiiretoimeline I ZEP Eesti","description":"Kiiresti imenduv toode, mis imbub l\u00e4bi rooste l\u00f5petades oks\u00fcdeerumise protsessi. Kinnitub tugevasti hooldatavale pinnale. Antud toode on \u00f5rna h\u00e4irimatu l\u00f5hnaga.","robots":{"index":"index","follow":"follow","max-snippet":"max-snippet:-1","max-image-preview":"max-image-preview:large","max-video-preview":"max-video-preview:-1"},"canonical":"https:\/\/zepestonia.com\/en\/toode\/paroxide-250-ml\/","og_locale":"en_US","og_type":"article","og_title":"Paroxide 250ml - Roostemuundur, kiiretoimeline I ZEP Eesti","og_description":"Kiiresti imenduv toode, mis imbub l\u00e4bi rooste l\u00f5petades oks\u00fcdeerumise protsessi. Kinnitub tugevasti hooldatavale pinnale. Antud toode on \u00f5rna h\u00e4irimatu l\u00f5hnaga.","og_url":"https:\/\/zepestonia.com\/en\/toode\/paroxide-250-ml\/","og_site_name":"ZEP Eesti I Puhastusvahendid I E-pood","article_publisher":"https:\/\/www.facebook.com\/ZepEesti","article_modified_time":"2026-04-14T00:00:07+00:00","og_image":[{"width":400,"height":600,"url":"https:\/\/zepestonia.com\/wp-content\/uploads\/2022\/02\/Paroxide-9.png","type":"image\/png"}],"twitter_card":"summary_large_image","schema":{"@context":"https:\/\/schema.org","@graph":[{"@type":"WebPage","@id":"https:\/\/zepestonia.com\/en\/toode\/paroxide-250-ml\/","url":"https:\/\/zepestonia.com\/en\/toode\/paroxide-250-ml\/","name":"Paroxide 250ml - Roostemuundur, kiiretoimeline I ZEP Eesti","isPartOf":{"@id":"https:\/\/zepestonia.com\/en\/#website"},"primaryImageOfPage":{"@id":"https:\/\/zepestonia.com\/en\/toode\/paroxide-250-ml\/#primaryimage"},"image":{"@id":"https:\/\/zepestonia.com\/en\/toode\/paroxide-250-ml\/#primaryimage"},"thumbnailUrl":"https:\/\/zepestonia.com\/wp-content\/uploads\/2022\/02\/Paroxide-9.png","datePublished":"2021-11-29T19:01:03+00:00","dateModified":"2026-04-14T00:00:07+00:00","description":"Kiiresti imenduv toode, mis imbub l\u00e4bi rooste l\u00f5petades oks\u00fcdeerumise protsessi. Kinnitub tugevasti hooldatavale pinnale. Antud toode on \u00f5rna h\u00e4irimatu l\u00f5hnaga.","breadcrumb":{"@id":"https:\/\/zepestonia.com\/en\/toode\/paroxide-250-ml\/#breadcrumb"},"inLanguage":"en-US","potentialAction":[{"@type":"ReadAction","target":["https:\/\/zepestonia.com\/en\/toode\/paroxide-250-ml\/"]}]},{"@type":"ImageObject","inLanguage":"en-US","@id":"https:\/\/zepestonia.com\/en\/toode\/paroxide-250-ml\/#primaryimage","url":"https:\/\/zepestonia.com\/wp-content\/uploads\/2022\/02\/Paroxide-9.png","contentUrl":"https:\/\/zepestonia.com\/wp-content\/uploads\/2022\/02\/Paroxide-9.png","width":400,"height":600,"caption":"Paroxide-9"},{"@type":"BreadcrumbList","@id":"https:\/\/zepestonia.com\/en\/toode\/paroxide-250-ml\/#breadcrumb","itemListElement":[{"@type":"ListItem","position":1,"name":"Home","item":"https:\/\/zepestonia.com\/en\/"},{"@type":"ListItem","position":2,"name":"Shop","item":"https:\/\/zepestonia.com\/en\/?page_id=4643"},{"@type":"ListItem","position":3,"name":"Paroxide 250ml &#8211; Roostemuundur"}]},{"@type":"WebSite","@id":"https:\/\/zepestonia.com\/en\/#website","url":"https:\/\/zepestonia.com\/en\/","name":"ZEP Eesti I Puhastusvahendid I E-pood","description":"Pakume puhastus- ja hooldusprobleemidele efektiivseid keskkonnas\u00f5bralikke lahendusi!","publisher":{"@id":"https:\/\/zepestonia.com\/en\/#organization"},"potentialAction":[{"@type":"SearchAction","target":{"@type":"EntryPoint","urlTemplate":"https:\/\/zepestonia.com\/en\/?s={search_term_string}"},"query-input":{"@type":"PropertyValueSpecification","valueRequired":true,"valueName":"search_term_string"}}],"inLanguage":"en-US"},{"@type":"Organization","@id":"https:\/\/zepestonia.com\/en\/#organization","name":"Zep Estonia","url":"https:\/\/zepestonia.com\/en\/","logo":{"@type":"ImageObject","inLanguage":"en-US","@id":"https:\/\/zepestonia.com\/en\/#\/schema\/logo\/image\/","url":"https:\/\/zepestonia.com\/wp-content\/uploads\/2022\/03\/Zep-Logo_png.jpeg","contentUrl":"https:\/\/zepestonia.com\/wp-content\/uploads\/2022\/03\/Zep-Logo_png.jpeg","width":109,"height":70,"caption":"Zep Estonia"},"image":{"@id":"https:\/\/zepestonia.com\/en\/#\/schema\/logo\/image\/"},"sameAs":["https:\/\/www.facebook.com\/ZepEesti"]}]}},"_links":{"self":[{"href":"https:\/\/zepestonia.com\/en\/wp-json\/wp\/v2\/product\/3225","targetHints":{"allow":["GET"]}}],"collection":[{"href":"https:\/\/zepestonia.com\/en\/wp-json\/wp\/v2\/product"}],"about":[{"href":"https:\/\/zepestonia.com\/en\/wp-json\/wp\/v2\/types\/product"}],"replies":[{"embeddable":true,"href":"https:\/\/zepestonia.com\/en\/wp-json\/wp\/v2\/comments?post=3225"}],"version-history":[{"count":2,"href":"https:\/\/zepestonia.com\/en\/wp-json\/wp\/v2\/product\/3225\/revisions"}],"predecessor-version":[{"id":11247,"href":"https:\/\/zepestonia.com\/en\/wp-json\/wp\/v2\/product\/3225\/revisions\/11247"}],"wp:featuredmedia":[{"embeddable":true,"href":"https:\/\/zepestonia.com\/en\/wp-json\/wp\/v2\/media\/4934"}],"wp:attachment":[{"href":"https:\/\/zepestonia.com\/en\/wp-json\/wp\/v2\/media?parent=3225"}],"wp:term":[{"taxonomy":"product_brand","embeddable":true,"href":"https:\/\/zepestonia.com\/en\/wp-json\/wp\/v2\/product_brand?post=3225"},{"taxonomy":"product_cat","embeddable":true,"href":"https:\/\/zepestonia.com\/en\/wp-json\/wp\/v2\/product_cat?post=3225"},{"taxonomy":"product_tag","embeddable":true,"href":"https:\/\/zepestonia.com\/en\/wp-json\/wp\/v2\/product_tag?post=3225"}],"curies":[{"name":"wp","href":"https:\/\/api.w.org\/{rel}","templated":true}]}}