{"id":3215,"date":"2021-11-29T19:01:02","date_gmt":"2021-11-29T19:01:02","guid":{"rendered":"https:\/\/zep.valgekana.ee\/toode\/fs-lime-remover-5l\/"},"modified":"2026-04-02T13:10:37","modified_gmt":"2026-04-02T13:10:37","slug":"fs-lime-remover-5l","status":"publish","type":"product","link":"https:\/\/zepestonia.com\/en\/toode\/fs-lime-remover-5l\/","title":{"rendered":"FS Lime Remover 5L &#8211; Katlakivi j\u00e4\u00e4kide eemaldusvahend"},"content":{"rendered":"<ul>\n<li><span style=\"font-size:14px\"><span class=\"markedContent\" id=\"page3R_mcid50\"><span dir=\"ltr\" role=\"presentation\" style=\"left: 177.233px;top: 1069.79px;font-family: sans-serif\">Kanda pinnale piserdades v\u00f5i k\u00e4snaga.<\/span><\/span><\/span><\/li>\n<li><span style=\"font-size:14px\"><span class=\"markedContent\" id=\"page3R_mcid51\"><span dir=\"ltr\" role=\"presentation\" style=\"left: 177.233px;top: 1094.19px;font-family: sans-serif\">Lasta m\u00f5juda.<\/span><\/span><\/span><\/li>\n<li><span style=\"font-size:14px\"><span class=\"markedContent\" id=\"page3R_mcid52\"><span dir=\"ltr\" role=\"presentation\" style=\"left: 177.233px;top: 1118.59px;font-family: sans-serif\">Loputada p\u00f5hjalikult.<\/span><\/span><\/span><\/li>\n<\/ul>\n<p><span style=\"font-size:14px\"><span class=\"markedContent\"><span dir=\"ltr\" role=\"presentation\" style=\"left: 177.233px;top: 1118.59px;font-family: sans-serif\"><strong>Doseerimine:<\/strong><\/span><\/span><br \/>\n<span class=\"markedContent\" id=\"page3R_mcid43\"><span dir=\"ltr\" role=\"presentation\" style=\"left: 130.04px;top: 903.344px;font-family: sans-serif\">\u2022<\/span><span dir=\"ltr\" role=\"presentation\" style=\"left: 139.24px;top: 903.344px;font-family: sans-serif\"> <\/span><\/span><span class=\"markedContent\"><span dir=\"ltr\" role=\"presentation\" style=\"left: 177.233px;top: 878.944px;font-family: sans-serif\">K<\/span><span dir=\"ltr\" role=\"presentation\" style=\"left: 190.633px;top: 878.944px;font-family: sans-serif\">ohvimasinad<\/span><span dir=\"ltr\" role=\"presentation\" style=\"left: 367.483px;top: 878.944px;font-family: sans-serif\"> 1%&nbsp; <\/span><\/span><br role=\"presentation\" \/><br \/>\n<span class=\"markedContent\" id=\"page3R_mcid43\"><span dir=\"ltr\" role=\"presentation\" style=\"left: 130.04px;top: 903.344px;font-family: sans-serif\">\u2022<\/span><span dir=\"ltr\" role=\"presentation\" style=\"left: 139.24px;top: 903.344px;font-family: sans-serif\"> <\/span><span dir=\"ltr\" role=\"presentation\" style=\"left: 177.233px;top: 903.344px;font-family: sans-serif\">A<\/span><span dir=\"ltr\" role=\"presentation\" style=\"left: 190.633px;top: 903.344px;font-family: sans-serif\">lumiiniumriistade p<\/span><span dir=\"ltr\" role=\"presentation\" style=\"left: 356.283px;top: 903.344px;font-family: sans-serif\">u<\/span><span dir=\"ltr\" role=\"presentation\" style=\"left: 367.483px;top: 903.344px;font-family: sans-serif\">hastamiseks&nbsp; 3%&nbsp; <\/span><\/span><br role=\"presentation\" \/><br \/>\n<span class=\"markedContent\" id=\"page3R_mcid44\"><span dir=\"ltr\" role=\"presentation\" style=\"left: 130.04px;top: 927.744px;font-family: sans-serif\">\u2022<\/span><span dir=\"ltr\" role=\"presentation\" style=\"left: 139.24px;top: 927.744px;font-family: sans-serif\"> <\/span><span dir=\"ltr\" role=\"presentation\" style=\"left: 177.233px;top: 927.744px;font-family: sans-serif\">K<\/span><span dir=\"ltr\" role=\"presentation\" style=\"left: 190.633px;top: 927.744px;font-family: sans-serif\">laasilt ja plastikult <\/span><\/span><span class=\"markedContent\" id=\"page3R_mcid43\"><span dir=\"ltr\" role=\"presentation\" style=\"left: 190.633px;top: 903.344px;font-family: sans-serif\">p<\/span><span dir=\"ltr\" role=\"presentation\" style=\"left: 356.283px;top: 903.344px;font-family: sans-serif\">u<\/span><span dir=\"ltr\" role=\"presentation\" style=\"left: 367.483px;top: 903.344px;font-family: sans-serif\">hastamiseks<\/span><\/span><span class=\"markedContent\"><span dir=\"ltr\" role=\"presentation\" style=\"left: 190.633px;top: 927.744px;font-family: sans-serif\"> 3% lahus.<\/span><\/span><br role=\"presentation\" \/><br \/>\n<span class=\"markedContent\" id=\"page3R_mcid45\"><span dir=\"ltr\" role=\"presentation\" style=\"left: 130.04px;top: 952.144px;font-family: sans-serif\">\u2022<\/span><span dir=\"ltr\" role=\"presentation\" style=\"left: 139.24px;top: 952.144px;font-family: sans-serif\"> <\/span><span dir=\"ltr\" role=\"presentation\" style=\"left: 177.233px;top: 952.144px;font-family: sans-serif\">K<\/span><span dir=\"ltr\" role=\"presentation\" style=\"left: 190.633px;top: 952.144px;font-family: sans-serif\">erge katlakivi 3<\/span><span dir=\"ltr\" role=\"presentation\" style=\"left: 324.283px;top: 952.144px;font-family: sans-serif\">&#8211;<\/span><span dir=\"ltr\" role=\"presentation\" style=\"left: 330.883px;top: 952.144px;font-family: sans-serif\">5% <\/span><\/span><br role=\"presentation\" \/><br \/>\n<span class=\"markedContent\" id=\"page3R_mcid46\"><span dir=\"ltr\" role=\"presentation\" style=\"left: 130.04px;top: 976.344px;font-family: sans-serif\">\u2022<\/span><span dir=\"ltr\" role=\"presentation\" style=\"left: 139.24px;top: 976.344px;font-family: sans-serif\"> <\/span><span dir=\"ltr\" role=\"presentation\" style=\"left: 177.233px;top: 976.344px;font-family: sans-serif\">Tugeva katlakivi<\/span><span dir=\"ltr\" role=\"presentation\" style=\"left: 320.813px;top: 976.344px;font-family: sans-serif\"> <\/span><span dir=\"ltr\" role=\"presentation\" style=\"left: 326.283px;top: 976.344px;font-family: sans-serif\">eemaldamiseks 5<\/span><span dir=\"ltr\" role=\"presentation\" style=\"left: 482.083px;top: 976.344px;font-family: sans-serif\">&#8211;<\/span><span dir=\"ltr\" role=\"presentation\" style=\"left: 488.683px;top: 976.344px;font-family: sans-serif\">10%<br \/>\npH 0,5<\/span><\/span><\/span><br \/>\n<img decoding=\"async\" src=\"https:\/\/cdn.erply.com\/assets\/386945\/file\/hDvMfH2w1EgjEDhy6n0KaZd3ZtPG1aUD78gdm5WhUPbuuX3v9i.jpg\" \/><span style=\"font-size:14px\"><span class=\"markedContent\"><span dir=\"ltr\" role=\"presentation\" style=\"left: 384.883px;top: 1052.99px;font-family: sans-serif\"><img decoding=\"async\" alt=\"\" height=\"95\" src=\"https:\/\/zep.it\/doc\/images\/halal.png\" width=\"105\" \/><\/span><\/span><\/span><br \/>\n&nbsp;<\/p>\n","protected":false},"excerpt":{"rendered":"<p>Eemaldab kiiresti ja ohutult lubja j\u00e4\u00e4gid n\u00f5udepseumasinast, kohvimasinatelt, j\u00e4\u00e4masinatest, jahutitest, roostevaba ja alumiiniumpindadelt ja k\u00f6\u00f6gitarvetelt, keraamiliselt klaasilt ja plastikn\u00f5udelt.<br \/>\nRegistreeritud NSF A3<\/p>\n","protected":false},"featured_media":3660,"comment_status":"closed","ping_status":"closed","template":"","meta":[],"product_brand":[],"product_cat":[217],"product_tag":[],"class_list":{"0":"post-3215","1":"product","2":"type-product","3":"status-publish","4":"has-post-thumbnail","6":"product_cat-suvapuhastus-horeca","8":"first","9":"instock","10":"taxable","11":"shipping-taxable","12":"purchasable","13":"product-type-simple"},"yoast_head":"<!-- This site is optimized with the Yoast SEO plugin v26.5 - https:\/\/yoast.com\/wordpress\/plugins\/seo\/ -->\n<title>FS Lime Remover 5L - Katlakivi j\u00e4\u00e4kide eemaldusvahend I ZEP Eesti<\/title>\n<meta name=\"description\" content=\"Eemaldab kiiresti ja ohutult lubja ning katlakivi j\u00e4\u00e4gid n\u00f5udepesumasinast, kohvimasinatelt, j\u00e4\u00e4masinatest, jahutitest, roostevabast ja alumiiniumpindadelt.\" \/>\n<meta name=\"robots\" content=\"index, follow, max-snippet:-1, max-image-preview:large, max-video-preview:-1\" \/>\n<link rel=\"canonical\" href=\"https:\/\/zepestonia.com\/en\/toode\/fs-lime-remover-5l\/\" \/>\n<meta property=\"og:locale\" content=\"en_US\" \/>\n<meta property=\"og:type\" content=\"article\" \/>\n<meta property=\"og:title\" content=\"FS Lime Remover 5L - Katlakivi j\u00e4\u00e4kide eemaldusvahend I ZEP Eesti\" \/>\n<meta property=\"og:description\" content=\"Eemaldab kiiresti ja ohutult lubja ning katlakivi j\u00e4\u00e4gid n\u00f5udepesumasinast, kohvimasinatelt, j\u00e4\u00e4masinatest, jahutitest, roostevabast ja alumiiniumpindadelt.\" \/>\n<meta property=\"og:url\" content=\"https:\/\/zepestonia.com\/en\/toode\/fs-lime-remover-5l\/\" \/>\n<meta property=\"og:site_name\" content=\"ZEP Eesti I Puhastusvahendid I E-pood\" \/>\n<meta property=\"article:publisher\" content=\"https:\/\/www.facebook.com\/ZepEesti\" \/>\n<meta property=\"article:modified_time\" content=\"2026-04-02T13:10:37+00:00\" \/>\n<meta property=\"og:image\" content=\"https:\/\/zepestonia.com\/wp-content\/uploads\/2021\/12\/78-60dea1be08b3d0-21999565-FS20LIME20REMOVER.png\" \/>\n\t<meta property=\"og:image:width\" content=\"400\" \/>\n\t<meta property=\"og:image:height\" content=\"600\" \/>\n\t<meta property=\"og:image:type\" content=\"image\/png\" \/>\n<meta name=\"twitter:card\" content=\"summary_large_image\" \/>\n<script type=\"application\/ld+json\" class=\"yoast-schema-graph\">{\"@context\":\"https:\/\/schema.org\",\"@graph\":[{\"@type\":\"WebPage\",\"@id\":\"https:\/\/zepestonia.com\/en\/toode\/fs-lime-remover-5l\/\",\"url\":\"https:\/\/zepestonia.com\/en\/toode\/fs-lime-remover-5l\/\",\"name\":\"FS Lime Remover 5L - Katlakivi j\u00e4\u00e4kide eemaldusvahend I ZEP Eesti\",\"isPartOf\":{\"@id\":\"https:\/\/zepestonia.com\/en\/#website\"},\"primaryImageOfPage\":{\"@id\":\"https:\/\/zepestonia.com\/en\/toode\/fs-lime-remover-5l\/#primaryimage\"},\"image\":{\"@id\":\"https:\/\/zepestonia.com\/en\/toode\/fs-lime-remover-5l\/#primaryimage\"},\"thumbnailUrl\":\"https:\/\/zepestonia.com\/wp-content\/uploads\/2021\/12\/78-60dea1be08b3d0-21999565-FS20LIME20REMOVER.png\",\"datePublished\":\"2021-11-29T19:01:02+00:00\",\"dateModified\":\"2026-04-02T13:10:37+00:00\",\"description\":\"Eemaldab kiiresti ja ohutult lubja ning katlakivi j\u00e4\u00e4gid n\u00f5udepesumasinast, kohvimasinatelt, j\u00e4\u00e4masinatest, jahutitest, roostevabast ja alumiiniumpindadelt.\",\"breadcrumb\":{\"@id\":\"https:\/\/zepestonia.com\/en\/toode\/fs-lime-remover-5l\/#breadcrumb\"},\"inLanguage\":\"en-US\",\"potentialAction\":[{\"@type\":\"ReadAction\",\"target\":[\"https:\/\/zepestonia.com\/en\/toode\/fs-lime-remover-5l\/\"]}]},{\"@type\":\"ImageObject\",\"inLanguage\":\"en-US\",\"@id\":\"https:\/\/zepestonia.com\/en\/toode\/fs-lime-remover-5l\/#primaryimage\",\"url\":\"https:\/\/zepestonia.com\/wp-content\/uploads\/2021\/12\/78-60dea1be08b3d0-21999565-FS20LIME20REMOVER.png\",\"contentUrl\":\"https:\/\/zepestonia.com\/wp-content\/uploads\/2021\/12\/78-60dea1be08b3d0-21999565-FS20LIME20REMOVER.png\",\"width\":400,\"height\":600,\"caption\":\"78-60dea1be08b3d0-21999565-FS20LIME20REMOVER\"},{\"@type\":\"BreadcrumbList\",\"@id\":\"https:\/\/zepestonia.com\/en\/toode\/fs-lime-remover-5l\/#breadcrumb\",\"itemListElement\":[{\"@type\":\"ListItem\",\"position\":1,\"name\":\"Home\",\"item\":\"https:\/\/zepestonia.com\/en\/\"},{\"@type\":\"ListItem\",\"position\":2,\"name\":\"Shop\",\"item\":\"https:\/\/zepestonia.com\/en\/?page_id=4643\"},{\"@type\":\"ListItem\",\"position\":3,\"name\":\"FS Lime Remover 5L &#8211; Katlakivi j\u00e4\u00e4kide eemaldusvahend\"}]},{\"@type\":\"WebSite\",\"@id\":\"https:\/\/zepestonia.com\/en\/#website\",\"url\":\"https:\/\/zepestonia.com\/en\/\",\"name\":\"ZEP Eesti I Puhastusvahendid I E-pood\",\"description\":\"Pakume puhastus- ja hooldusprobleemidele efektiivseid keskkonnas\u00f5bralikke lahendusi!\",\"publisher\":{\"@id\":\"https:\/\/zepestonia.com\/en\/#organization\"},\"potentialAction\":[{\"@type\":\"SearchAction\",\"target\":{\"@type\":\"EntryPoint\",\"urlTemplate\":\"https:\/\/zepestonia.com\/en\/?s={search_term_string}\"},\"query-input\":{\"@type\":\"PropertyValueSpecification\",\"valueRequired\":true,\"valueName\":\"search_term_string\"}}],\"inLanguage\":\"en-US\"},{\"@type\":\"Organization\",\"@id\":\"https:\/\/zepestonia.com\/en\/#organization\",\"name\":\"Zep Estonia\",\"url\":\"https:\/\/zepestonia.com\/en\/\",\"logo\":{\"@type\":\"ImageObject\",\"inLanguage\":\"en-US\",\"@id\":\"https:\/\/zepestonia.com\/en\/#\/schema\/logo\/image\/\",\"url\":\"https:\/\/zepestonia.com\/wp-content\/uploads\/2022\/03\/Zep-Logo_png.jpeg\",\"contentUrl\":\"https:\/\/zepestonia.com\/wp-content\/uploads\/2022\/03\/Zep-Logo_png.jpeg\",\"width\":109,\"height\":70,\"caption\":\"Zep Estonia\"},\"image\":{\"@id\":\"https:\/\/zepestonia.com\/en\/#\/schema\/logo\/image\/\"},\"sameAs\":[\"https:\/\/www.facebook.com\/ZepEesti\"]}]}<\/script>\n<!-- \/ Yoast SEO plugin. -->","yoast_head_json":{"title":"FS Lime Remover 5L - Katlakivi j\u00e4\u00e4kide eemaldusvahend I ZEP Eesti","description":"Eemaldab kiiresti ja ohutult lubja ning katlakivi j\u00e4\u00e4gid n\u00f5udepesumasinast, kohvimasinatelt, j\u00e4\u00e4masinatest, jahutitest, roostevabast ja alumiiniumpindadelt.","robots":{"index":"index","follow":"follow","max-snippet":"max-snippet:-1","max-image-preview":"max-image-preview:large","max-video-preview":"max-video-preview:-1"},"canonical":"https:\/\/zepestonia.com\/en\/toode\/fs-lime-remover-5l\/","og_locale":"en_US","og_type":"article","og_title":"FS Lime Remover 5L - Katlakivi j\u00e4\u00e4kide eemaldusvahend I ZEP Eesti","og_description":"Eemaldab kiiresti ja ohutult lubja ning katlakivi j\u00e4\u00e4gid n\u00f5udepesumasinast, kohvimasinatelt, j\u00e4\u00e4masinatest, jahutitest, roostevabast ja alumiiniumpindadelt.","og_url":"https:\/\/zepestonia.com\/en\/toode\/fs-lime-remover-5l\/","og_site_name":"ZEP Eesti I Puhastusvahendid I E-pood","article_publisher":"https:\/\/www.facebook.com\/ZepEesti","article_modified_time":"2026-04-02T13:10:37+00:00","og_image":[{"width":400,"height":600,"url":"https:\/\/zepestonia.com\/wp-content\/uploads\/2021\/12\/78-60dea1be08b3d0-21999565-FS20LIME20REMOVER.png","type":"image\/png"}],"twitter_card":"summary_large_image","schema":{"@context":"https:\/\/schema.org","@graph":[{"@type":"WebPage","@id":"https:\/\/zepestonia.com\/en\/toode\/fs-lime-remover-5l\/","url":"https:\/\/zepestonia.com\/en\/toode\/fs-lime-remover-5l\/","name":"FS Lime Remover 5L - Katlakivi j\u00e4\u00e4kide eemaldusvahend I ZEP Eesti","isPartOf":{"@id":"https:\/\/zepestonia.com\/en\/#website"},"primaryImageOfPage":{"@id":"https:\/\/zepestonia.com\/en\/toode\/fs-lime-remover-5l\/#primaryimage"},"image":{"@id":"https:\/\/zepestonia.com\/en\/toode\/fs-lime-remover-5l\/#primaryimage"},"thumbnailUrl":"https:\/\/zepestonia.com\/wp-content\/uploads\/2021\/12\/78-60dea1be08b3d0-21999565-FS20LIME20REMOVER.png","datePublished":"2021-11-29T19:01:02+00:00","dateModified":"2026-04-02T13:10:37+00:00","description":"Eemaldab kiiresti ja ohutult lubja ning katlakivi j\u00e4\u00e4gid n\u00f5udepesumasinast, kohvimasinatelt, j\u00e4\u00e4masinatest, jahutitest, roostevabast ja alumiiniumpindadelt.","breadcrumb":{"@id":"https:\/\/zepestonia.com\/en\/toode\/fs-lime-remover-5l\/#breadcrumb"},"inLanguage":"en-US","potentialAction":[{"@type":"ReadAction","target":["https:\/\/zepestonia.com\/en\/toode\/fs-lime-remover-5l\/"]}]},{"@type":"ImageObject","inLanguage":"en-US","@id":"https:\/\/zepestonia.com\/en\/toode\/fs-lime-remover-5l\/#primaryimage","url":"https:\/\/zepestonia.com\/wp-content\/uploads\/2021\/12\/78-60dea1be08b3d0-21999565-FS20LIME20REMOVER.png","contentUrl":"https:\/\/zepestonia.com\/wp-content\/uploads\/2021\/12\/78-60dea1be08b3d0-21999565-FS20LIME20REMOVER.png","width":400,"height":600,"caption":"78-60dea1be08b3d0-21999565-FS20LIME20REMOVER"},{"@type":"BreadcrumbList","@id":"https:\/\/zepestonia.com\/en\/toode\/fs-lime-remover-5l\/#breadcrumb","itemListElement":[{"@type":"ListItem","position":1,"name":"Home","item":"https:\/\/zepestonia.com\/en\/"},{"@type":"ListItem","position":2,"name":"Shop","item":"https:\/\/zepestonia.com\/en\/?page_id=4643"},{"@type":"ListItem","position":3,"name":"FS Lime Remover 5L &#8211; Katlakivi j\u00e4\u00e4kide eemaldusvahend"}]},{"@type":"WebSite","@id":"https:\/\/zepestonia.com\/en\/#website","url":"https:\/\/zepestonia.com\/en\/","name":"ZEP Eesti I Puhastusvahendid I E-pood","description":"Pakume puhastus- ja hooldusprobleemidele efektiivseid keskkonnas\u00f5bralikke lahendusi!","publisher":{"@id":"https:\/\/zepestonia.com\/en\/#organization"},"potentialAction":[{"@type":"SearchAction","target":{"@type":"EntryPoint","urlTemplate":"https:\/\/zepestonia.com\/en\/?s={search_term_string}"},"query-input":{"@type":"PropertyValueSpecification","valueRequired":true,"valueName":"search_term_string"}}],"inLanguage":"en-US"},{"@type":"Organization","@id":"https:\/\/zepestonia.com\/en\/#organization","name":"Zep Estonia","url":"https:\/\/zepestonia.com\/en\/","logo":{"@type":"ImageObject","inLanguage":"en-US","@id":"https:\/\/zepestonia.com\/en\/#\/schema\/logo\/image\/","url":"https:\/\/zepestonia.com\/wp-content\/uploads\/2022\/03\/Zep-Logo_png.jpeg","contentUrl":"https:\/\/zepestonia.com\/wp-content\/uploads\/2022\/03\/Zep-Logo_png.jpeg","width":109,"height":70,"caption":"Zep Estonia"},"image":{"@id":"https:\/\/zepestonia.com\/en\/#\/schema\/logo\/image\/"},"sameAs":["https:\/\/www.facebook.com\/ZepEesti"]}]}},"_links":{"self":[{"href":"https:\/\/zepestonia.com\/en\/wp-json\/wp\/v2\/product\/3215","targetHints":{"allow":["GET"]}}],"collection":[{"href":"https:\/\/zepestonia.com\/en\/wp-json\/wp\/v2\/product"}],"about":[{"href":"https:\/\/zepestonia.com\/en\/wp-json\/wp\/v2\/types\/product"}],"replies":[{"embeddable":true,"href":"https:\/\/zepestonia.com\/en\/wp-json\/wp\/v2\/comments?post=3215"}],"version-history":[{"count":5,"href":"https:\/\/zepestonia.com\/en\/wp-json\/wp\/v2\/product\/3215\/revisions"}],"predecessor-version":[{"id":14224,"href":"https:\/\/zepestonia.com\/en\/wp-json\/wp\/v2\/product\/3215\/revisions\/14224"}],"wp:featuredmedia":[{"embeddable":true,"href":"https:\/\/zepestonia.com\/en\/wp-json\/wp\/v2\/media\/3660"}],"wp:attachment":[{"href":"https:\/\/zepestonia.com\/en\/wp-json\/wp\/v2\/media?parent=3215"}],"wp:term":[{"taxonomy":"product_brand","embeddable":true,"href":"https:\/\/zepestonia.com\/en\/wp-json\/wp\/v2\/product_brand?post=3215"},{"taxonomy":"product_cat","embeddable":true,"href":"https:\/\/zepestonia.com\/en\/wp-json\/wp\/v2\/product_cat?post=3215"},{"taxonomy":"product_tag","embeddable":true,"href":"https:\/\/zepestonia.com\/en\/wp-json\/wp\/v2\/product_tag?post=3215"}],"curies":[{"name":"wp","href":"https:\/\/api.w.org\/{rel}","templated":true}]}}