{"id":3211,"date":"2021-11-29T19:01:02","date_gmt":"2021-11-29T19:01:02","guid":{"rendered":"https:\/\/zep.valgekana.ee\/toode\/fs-cip-cleaner\/"},"modified":"2026-02-21T01:30:30","modified_gmt":"2026-02-21T01:30:30","slug":"fs-cip-cleaner","status":"publish","type":"product","link":"https:\/\/zepestonia.com\/en\/toode\/fs-cip-cleaner\/","title":{"rendered":"FS CIP CLEANER 20L- V\u00e4hevahutav CIP pesuaine"},"content":{"rendered":"<p><strong>C.I.P. Rakendus:<\/strong><\/p>\n<ul>\n<li>Loputage s\u00fcsteemi vahendiga vesi.<\/li>\n<li>Valmistage lahus 10\u201340 ml. toode 1 liitri vee kohta (olenevalt reostus). Laske lahusel ringelda kuni mustuse tekkimiseni on leotatud ja\/v\u00f5i eemaldatud; kontrolli seda regulaarselt.<\/li>\n<li>Visake lahus \u00e4ra ja loputage hoolikalt puhta veega.<\/li>\n<\/ul>\n<p><strong>Keetmiseks ja leotamiseks:<\/strong><\/p>\n<ul>\n<li>Kasutage 15\u201360 ml toode 1 liitri vee kohta.<\/li>\n<li>Kuumutage lahus ja lase sellel imbuda, kuni mustus on maha imbunud;<\/li>\n<li>kontrollige seda regulaarselt.<\/li>\n<li>Vajadusel harja t\u00f5rksad plekid nailonharjaga v\u00f5i k\u00fc\u00fcrimislapp.<\/li>\n<li>Visake lahus \u00e4ra ja loputage hoolikalt p\u00e4rast puhta veega.<\/li>\n<\/ul>\n<p><img decoding=\"async\" src=\"https:\/\/cdn.erply.com\/assets\/386945\/file\/hDvMfH2w1EgjEDhy6n0KaZd3ZtPG1aUD78gdm5WhUPbuuX3v9i.jpg\" \/><\/p>\n<p><strong>Ahjude ja suitsukastide puhastamiseks: <\/strong><\/p>\n<ul>\n<li>Kuumutamine ahju v\u00f5i suitsukasti temperatuurini umbes 40\u00b0C &#8211; 50\u00b0C.<\/li>\n<li>Kasutage toodet lahjendamata kujul.<\/li>\n<li>Tooge toode ahju k\u00f5ikidele sisepindadele v\u00f5i suitsukast ZEP pihusti abil.<\/li>\n<li>J\u00e4ta ringluses pihustatud toode l\u00e4bi ahju v\u00f5i suitsukasti \u00f5huringluss\u00fcsteem.<\/li>\n<li>Oota ahju v\u00f5i suitsukasti avamine kuni selleni toode on sadestunud v\u00f5i levinud. m\u00e4his k\u00f5ik pinnad survepesuri abil p\u00f5hjalikult puhta veega.<\/li>\n<\/ul>\n<p>pH 14,0<br \/>\n<span style=\"font-size:14px\"><span class=\"markedContent\" id=\"page3R_mcid56\"><span dir=\"ltr\" role=\"presentation\" style=\"left: 384.883px;top: 1052.99px;font-family: sans-serif\"><img decoding=\"async\" alt=\"\" height=\"95\" src=\"https:\/\/zep.it\/doc\/images\/halal.png\" width=\"105\" \/><\/span><\/span><\/span><\/p>\n","protected":false},"excerpt":{"rendered":"<p>V\u00e4ga v\u00f5imas v\u00e4hevahutav aluseline puhastusvahend.<br \/>\nEemaldab kiiresti ja t\u00f5husalt t\u00f5rksa mustuse<br \/>\nSoovitatav torude jaoks konservitehastes, joogit\u00f6\u00f6stused ja meiereid.<br \/>\nFS CIP CLEANER v\u00f5ib kasutada liha, kala ja ja linnuliha t\u00f6\u00f6tlemisettev\u00f5tted, villimistehased, kus selleks on vaja v\u00f5imsaid puhastusmeetodeid k\u00f5rgsurvepuhastus, leotamine, keetmine v\u00f5i tsirkulatsioonipuhastus (CIP rakendus).<br \/>\nRegistreeritud NSF A2<\/p>\n<p>Ei sobi kasutamiseks alumiiniumil, tsingitud metall v\u00f5i v\u00e4rvitud pinnad.<br \/>\nMitte lasta pinnal kuivada.<br \/>\nVajalik loputamine veega.<\/p>\n","protected":false},"featured_media":4830,"comment_status":"closed","ping_status":"closed","template":"","meta":[],"product_brand":[],"product_cat":[217],"product_tag":[],"class_list":{"0":"post-3211","1":"product","2":"type-product","3":"status-publish","4":"has-post-thumbnail","6":"product_cat-suvapuhastus-horeca","8":"first","9":"instock","10":"taxable","11":"shipping-taxable","12":"purchasable","13":"product-type-simple"},"yoast_head":"<!-- This site is optimized with the Yoast SEO plugin v26.5 - https:\/\/yoast.com\/wordpress\/plugins\/seo\/ -->\n<title>FS CIP CLEANER 20L - V\u00e4hevahutav CIP pesuaine I ZEP Eesti<\/title>\n<meta name=\"description\" content=\"V\u00f5imas v\u00e4hevahutav aluseline puhastusvahend. Eemaldab kiiresti ja t\u00f5husalt t\u00f5rksa mustuse. Soovitatav torude jaoks konservitehastes, joogit\u00f6\u00f6stused ja meiereid.\" \/>\n<meta name=\"robots\" content=\"index, follow, max-snippet:-1, max-image-preview:large, max-video-preview:-1\" \/>\n<link rel=\"canonical\" href=\"https:\/\/zepestonia.com\/en\/toode\/fs-cip-cleaner\/\" \/>\n<meta property=\"og:locale\" content=\"en_US\" \/>\n<meta property=\"og:type\" content=\"article\" \/>\n<meta property=\"og:title\" content=\"FS CIP CLEANER 20L - V\u00e4hevahutav CIP pesuaine I ZEP Eesti\" \/>\n<meta property=\"og:description\" content=\"V\u00f5imas v\u00e4hevahutav aluseline puhastusvahend. Eemaldab kiiresti ja t\u00f5husalt t\u00f5rksa mustuse. Soovitatav torude jaoks konservitehastes, joogit\u00f6\u00f6stused ja meiereid.\" \/>\n<meta property=\"og:url\" content=\"https:\/\/zepestonia.com\/en\/toode\/fs-cip-cleaner\/\" \/>\n<meta property=\"og:site_name\" content=\"ZEP Eesti I Puhastusvahendid I E-pood\" \/>\n<meta property=\"article:publisher\" content=\"https:\/\/www.facebook.com\/ZepEesti\" \/>\n<meta property=\"article:modified_time\" content=\"2026-02-21T01:30:30+00:00\" \/>\n<meta property=\"og:image\" content=\"https:\/\/zepestonia.com\/wp-content\/uploads\/2022\/02\/FS-CIP-CLEANER-3.png\" \/>\n\t<meta property=\"og:image:width\" content=\"200\" \/>\n\t<meta property=\"og:image:height\" content=\"300\" \/>\n\t<meta property=\"og:image:type\" content=\"image\/png\" \/>\n<meta name=\"twitter:card\" content=\"summary_large_image\" \/>\n<meta name=\"twitter:label1\" content=\"Est. reading time\" \/>\n\t<meta name=\"twitter:data1\" content=\"1 minute\" \/>\n<script type=\"application\/ld+json\" class=\"yoast-schema-graph\">{\"@context\":\"https:\/\/schema.org\",\"@graph\":[{\"@type\":\"WebPage\",\"@id\":\"https:\/\/zepestonia.com\/en\/toode\/fs-cip-cleaner\/\",\"url\":\"https:\/\/zepestonia.com\/en\/toode\/fs-cip-cleaner\/\",\"name\":\"FS CIP CLEANER 20L - V\u00e4hevahutav CIP pesuaine I ZEP Eesti\",\"isPartOf\":{\"@id\":\"https:\/\/zepestonia.com\/en\/#website\"},\"primaryImageOfPage\":{\"@id\":\"https:\/\/zepestonia.com\/en\/toode\/fs-cip-cleaner\/#primaryimage\"},\"image\":{\"@id\":\"https:\/\/zepestonia.com\/en\/toode\/fs-cip-cleaner\/#primaryimage\"},\"thumbnailUrl\":\"https:\/\/zepestonia.com\/wp-content\/uploads\/2022\/02\/FS-CIP-CLEANER-3.png\",\"datePublished\":\"2021-11-29T19:01:02+00:00\",\"dateModified\":\"2026-02-21T01:30:30+00:00\",\"description\":\"V\u00f5imas v\u00e4hevahutav aluseline puhastusvahend. Eemaldab kiiresti ja t\u00f5husalt t\u00f5rksa mustuse. Soovitatav torude jaoks konservitehastes, joogit\u00f6\u00f6stused ja meiereid.\",\"breadcrumb\":{\"@id\":\"https:\/\/zepestonia.com\/en\/toode\/fs-cip-cleaner\/#breadcrumb\"},\"inLanguage\":\"en-US\",\"potentialAction\":[{\"@type\":\"ReadAction\",\"target\":[\"https:\/\/zepestonia.com\/en\/toode\/fs-cip-cleaner\/\"]}]},{\"@type\":\"ImageObject\",\"inLanguage\":\"en-US\",\"@id\":\"https:\/\/zepestonia.com\/en\/toode\/fs-cip-cleaner\/#primaryimage\",\"url\":\"https:\/\/zepestonia.com\/wp-content\/uploads\/2022\/02\/FS-CIP-CLEANER-3.png\",\"contentUrl\":\"https:\/\/zepestonia.com\/wp-content\/uploads\/2022\/02\/FS-CIP-CLEANER-3.png\",\"width\":200,\"height\":300,\"caption\":\"FS-CIP-CLEANER-3\"},{\"@type\":\"BreadcrumbList\",\"@id\":\"https:\/\/zepestonia.com\/en\/toode\/fs-cip-cleaner\/#breadcrumb\",\"itemListElement\":[{\"@type\":\"ListItem\",\"position\":1,\"name\":\"Home\",\"item\":\"https:\/\/zepestonia.com\/en\/\"},{\"@type\":\"ListItem\",\"position\":2,\"name\":\"Shop\",\"item\":\"https:\/\/zepestonia.com\/en\/?page_id=4643\"},{\"@type\":\"ListItem\",\"position\":3,\"name\":\"FS CIP CLEANER 20L- V\u00e4hevahutav CIP pesuaine\"}]},{\"@type\":\"WebSite\",\"@id\":\"https:\/\/zepestonia.com\/en\/#website\",\"url\":\"https:\/\/zepestonia.com\/en\/\",\"name\":\"ZEP Eesti I Puhastusvahendid I E-pood\",\"description\":\"Pakume puhastus- ja hooldusprobleemidele efektiivseid keskkonnas\u00f5bralikke lahendusi!\",\"publisher\":{\"@id\":\"https:\/\/zepestonia.com\/en\/#organization\"},\"potentialAction\":[{\"@type\":\"SearchAction\",\"target\":{\"@type\":\"EntryPoint\",\"urlTemplate\":\"https:\/\/zepestonia.com\/en\/?s={search_term_string}\"},\"query-input\":{\"@type\":\"PropertyValueSpecification\",\"valueRequired\":true,\"valueName\":\"search_term_string\"}}],\"inLanguage\":\"en-US\"},{\"@type\":\"Organization\",\"@id\":\"https:\/\/zepestonia.com\/en\/#organization\",\"name\":\"Zep Estonia\",\"url\":\"https:\/\/zepestonia.com\/en\/\",\"logo\":{\"@type\":\"ImageObject\",\"inLanguage\":\"en-US\",\"@id\":\"https:\/\/zepestonia.com\/en\/#\/schema\/logo\/image\/\",\"url\":\"https:\/\/zepestonia.com\/wp-content\/uploads\/2022\/03\/Zep-Logo_png.jpeg\",\"contentUrl\":\"https:\/\/zepestonia.com\/wp-content\/uploads\/2022\/03\/Zep-Logo_png.jpeg\",\"width\":109,\"height\":70,\"caption\":\"Zep Estonia\"},\"image\":{\"@id\":\"https:\/\/zepestonia.com\/en\/#\/schema\/logo\/image\/\"},\"sameAs\":[\"https:\/\/www.facebook.com\/ZepEesti\"]}]}<\/script>\n<!-- \/ Yoast SEO plugin. -->","yoast_head_json":{"title":"FS CIP CLEANER 20L - V\u00e4hevahutav CIP pesuaine I ZEP Eesti","description":"V\u00f5imas v\u00e4hevahutav aluseline puhastusvahend. Eemaldab kiiresti ja t\u00f5husalt t\u00f5rksa mustuse. Soovitatav torude jaoks konservitehastes, joogit\u00f6\u00f6stused ja meiereid.","robots":{"index":"index","follow":"follow","max-snippet":"max-snippet:-1","max-image-preview":"max-image-preview:large","max-video-preview":"max-video-preview:-1"},"canonical":"https:\/\/zepestonia.com\/en\/toode\/fs-cip-cleaner\/","og_locale":"en_US","og_type":"article","og_title":"FS CIP CLEANER 20L - V\u00e4hevahutav CIP pesuaine I ZEP Eesti","og_description":"V\u00f5imas v\u00e4hevahutav aluseline puhastusvahend. Eemaldab kiiresti ja t\u00f5husalt t\u00f5rksa mustuse. Soovitatav torude jaoks konservitehastes, joogit\u00f6\u00f6stused ja meiereid.","og_url":"https:\/\/zepestonia.com\/en\/toode\/fs-cip-cleaner\/","og_site_name":"ZEP Eesti I Puhastusvahendid I E-pood","article_publisher":"https:\/\/www.facebook.com\/ZepEesti","article_modified_time":"2026-02-21T01:30:30+00:00","og_image":[{"width":200,"height":300,"url":"https:\/\/zepestonia.com\/wp-content\/uploads\/2022\/02\/FS-CIP-CLEANER-3.png","type":"image\/png"}],"twitter_card":"summary_large_image","twitter_misc":{"Est. reading time":"1 minute"},"schema":{"@context":"https:\/\/schema.org","@graph":[{"@type":"WebPage","@id":"https:\/\/zepestonia.com\/en\/toode\/fs-cip-cleaner\/","url":"https:\/\/zepestonia.com\/en\/toode\/fs-cip-cleaner\/","name":"FS CIP CLEANER 20L - V\u00e4hevahutav CIP pesuaine I ZEP Eesti","isPartOf":{"@id":"https:\/\/zepestonia.com\/en\/#website"},"primaryImageOfPage":{"@id":"https:\/\/zepestonia.com\/en\/toode\/fs-cip-cleaner\/#primaryimage"},"image":{"@id":"https:\/\/zepestonia.com\/en\/toode\/fs-cip-cleaner\/#primaryimage"},"thumbnailUrl":"https:\/\/zepestonia.com\/wp-content\/uploads\/2022\/02\/FS-CIP-CLEANER-3.png","datePublished":"2021-11-29T19:01:02+00:00","dateModified":"2026-02-21T01:30:30+00:00","description":"V\u00f5imas v\u00e4hevahutav aluseline puhastusvahend. Eemaldab kiiresti ja t\u00f5husalt t\u00f5rksa mustuse. Soovitatav torude jaoks konservitehastes, joogit\u00f6\u00f6stused ja meiereid.","breadcrumb":{"@id":"https:\/\/zepestonia.com\/en\/toode\/fs-cip-cleaner\/#breadcrumb"},"inLanguage":"en-US","potentialAction":[{"@type":"ReadAction","target":["https:\/\/zepestonia.com\/en\/toode\/fs-cip-cleaner\/"]}]},{"@type":"ImageObject","inLanguage":"en-US","@id":"https:\/\/zepestonia.com\/en\/toode\/fs-cip-cleaner\/#primaryimage","url":"https:\/\/zepestonia.com\/wp-content\/uploads\/2022\/02\/FS-CIP-CLEANER-3.png","contentUrl":"https:\/\/zepestonia.com\/wp-content\/uploads\/2022\/02\/FS-CIP-CLEANER-3.png","width":200,"height":300,"caption":"FS-CIP-CLEANER-3"},{"@type":"BreadcrumbList","@id":"https:\/\/zepestonia.com\/en\/toode\/fs-cip-cleaner\/#breadcrumb","itemListElement":[{"@type":"ListItem","position":1,"name":"Home","item":"https:\/\/zepestonia.com\/en\/"},{"@type":"ListItem","position":2,"name":"Shop","item":"https:\/\/zepestonia.com\/en\/?page_id=4643"},{"@type":"ListItem","position":3,"name":"FS CIP CLEANER 20L- V\u00e4hevahutav CIP pesuaine"}]},{"@type":"WebSite","@id":"https:\/\/zepestonia.com\/en\/#website","url":"https:\/\/zepestonia.com\/en\/","name":"ZEP Eesti I Puhastusvahendid I E-pood","description":"Pakume puhastus- ja hooldusprobleemidele efektiivseid keskkonnas\u00f5bralikke lahendusi!","publisher":{"@id":"https:\/\/zepestonia.com\/en\/#organization"},"potentialAction":[{"@type":"SearchAction","target":{"@type":"EntryPoint","urlTemplate":"https:\/\/zepestonia.com\/en\/?s={search_term_string}"},"query-input":{"@type":"PropertyValueSpecification","valueRequired":true,"valueName":"search_term_string"}}],"inLanguage":"en-US"},{"@type":"Organization","@id":"https:\/\/zepestonia.com\/en\/#organization","name":"Zep Estonia","url":"https:\/\/zepestonia.com\/en\/","logo":{"@type":"ImageObject","inLanguage":"en-US","@id":"https:\/\/zepestonia.com\/en\/#\/schema\/logo\/image\/","url":"https:\/\/zepestonia.com\/wp-content\/uploads\/2022\/03\/Zep-Logo_png.jpeg","contentUrl":"https:\/\/zepestonia.com\/wp-content\/uploads\/2022\/03\/Zep-Logo_png.jpeg","width":109,"height":70,"caption":"Zep Estonia"},"image":{"@id":"https:\/\/zepestonia.com\/en\/#\/schema\/logo\/image\/"},"sameAs":["https:\/\/www.facebook.com\/ZepEesti"]}]}},"_links":{"self":[{"href":"https:\/\/zepestonia.com\/en\/wp-json\/wp\/v2\/product\/3211","targetHints":{"allow":["GET"]}}],"collection":[{"href":"https:\/\/zepestonia.com\/en\/wp-json\/wp\/v2\/product"}],"about":[{"href":"https:\/\/zepestonia.com\/en\/wp-json\/wp\/v2\/types\/product"}],"replies":[{"embeddable":true,"href":"https:\/\/zepestonia.com\/en\/wp-json\/wp\/v2\/comments?post=3211"}],"version-history":[{"count":4,"href":"https:\/\/zepestonia.com\/en\/wp-json\/wp\/v2\/product\/3211\/revisions"}],"predecessor-version":[{"id":14240,"href":"https:\/\/zepestonia.com\/en\/wp-json\/wp\/v2\/product\/3211\/revisions\/14240"}],"wp:featuredmedia":[{"embeddable":true,"href":"https:\/\/zepestonia.com\/en\/wp-json\/wp\/v2\/media\/4830"}],"wp:attachment":[{"href":"https:\/\/zepestonia.com\/en\/wp-json\/wp\/v2\/media?parent=3211"}],"wp:term":[{"taxonomy":"product_brand","embeddable":true,"href":"https:\/\/zepestonia.com\/en\/wp-json\/wp\/v2\/product_brand?post=3211"},{"taxonomy":"product_cat","embeddable":true,"href":"https:\/\/zepestonia.com\/en\/wp-json\/wp\/v2\/product_cat?post=3211"},{"taxonomy":"product_tag","embeddable":true,"href":"https:\/\/zepestonia.com\/en\/wp-json\/wp\/v2\/product_tag?post=3211"}],"curies":[{"name":"wp","href":"https:\/\/api.w.org\/{rel}","templated":true}]}}