{"id":3201,"date":"2021-11-29T19:01:01","date_gmt":"2021-11-29T19:01:01","guid":{"rendered":"https:\/\/zep.valgekana.ee\/toode\/kb-26-10-5l\/"},"modified":"2025-11-13T00:00:08","modified_gmt":"2025-11-13T00:00:08","slug":"kb-26-10-5l","status":"publish","type":"product","link":"https:\/\/zepestonia.com\/en\/toode\/kb-26-10-5l\/","title":{"rendered":"KB  26\/10  5L &#8211; Sambla ja vetikate eemaldaja"},"content":{"rendered":"<ul>\n<li><span style=\"font-size:14px\"><span class=\"markedContent\" id=\"page3R_mcid24\"><span dir=\"ltr\" role=\"presentation\" style=\"left: 180.033px;top: 882.144px;font-family: sans-serif\">Valmistada 2,5% lahus (25ml kontsentraati 1L vee kohta).<\/span><\/span><\/span><\/li>\n<li><span style=\"font-size:14px\"><span class=\"markedContent\" id=\"page3R_mcid25\"><span dir=\"ltr\" role=\"presentation\" style=\"left: 180.033px;top: 906.544px;font-family: sans-serif\">Pihustada, valada v\u00f5i kanda peale pintsli abil.<\/span><\/span><\/span><\/li>\n<li><span style=\"color:#B22222\"><strong><span style=\"font-size:14px\"><span class=\"markedContent\" id=\"page3R_mcid26\"><span dir=\"ltr\" role=\"presentation\" style=\"left: 180.033px;top: 930.944px;font-family: sans-serif\">M\u00f5ne p\u00e4eva (5-7) p\u00e4rast<\/span><span dir=\"ltr\" role=\"presentation\" style=\"left: 363.193px;top: 930.944px;font-family: sans-serif\"> <\/span><span dir=\"ltr\" role=\"presentation\" style=\"left: 374.883px;top: 930.944px;font-family: sans-serif\">eemaldada surnud samblaj\u00e4\u00e4gid ja muu mustus<\/span><span dir=\"ltr\" role=\"presentation\" style=\"left: 829.483px;top: 930.944px;font-family: sans-serif\"> <\/span><span dir=\"ltr\" role=\"presentation\" style=\"left: 841.567px;top: 930.944px;font-family: sans-serif\">kas<\/span><span dir=\"ltr\" role=\"presentation\" style=\"left: 872.567px;top: 930.944px;font-family: sans-serif\">utades<\/span> <span dir=\"ltr\" role=\"presentation\" style=\"left: 180.033px;top: 953.944px;font-family: sans-serif\">survepesuri<\/span><span dir=\"ltr\" role=\"presentation\" style=\"left: 283.433px;top: 953.944px;font-family: sans-serif\">t v\u00f5<\/span><span dir=\"ltr\" role=\"presentation\" style=\"left: 315.883px;top: 953.944px;font-family: sans-serif\">i<\/span><span dir=\"ltr\" role=\"presentation\" style=\"left: 320.323px;top: 953.944px;font-family: sans-serif\"> <\/span><span dir=\"ltr\" role=\"presentation\" style=\"left: 325.883px;top: 953.944px;font-family: sans-serif\">tugeva<\/span><span dir=\"ltr\" role=\"presentation\" style=\"left: 385.883px;top: 953.944px;font-family: sans-serif\">t harja<\/span><span dir=\"ltr\" role=\"presentation\" style=\"left: 441.483px;top: 953.944px;font-family: sans-serif\">mist.<\/span><\/span><\/span><\/strong><\/span><\/li>\n<\/ul>\n<p><span style=\"font-size:14px\"><strong><span class=\"markedContent\" id=\"page35R_mcid10\"><span dir=\"ltr\" role=\"presentation\" style=\"left: 60px;top: 355.861px;font-family: sans-serif\">Ennetusprotsess v<\/span><span dir=\"ltr\" role=\"presentation\" style=\"left: 239.033px;top: 355.861px;font-family: sans-serif\">etikate ladestumise v\u00e4ltimiseks<\/span><span dir=\"ltr\" role=\"presentation\" style=\"left: 536.893px;top: 355.861px;font-family: sans-serif\"> <\/span><span dir=\"ltr\" role=\"presentation\" style=\"left: 542.717px;top: 355.861px;font-family: sans-serif\">seadmetel ja akendel<\/span><span dir=\"ltr\" role=\"presentation\" style=\"left: 742.967px;top: 355.861px;font-family: sans-serif\">:<\/span><\/span><\/strong><\/span><\/p>\n<ul>\n<li><span style=\"font-size:14px\"><span class=\"markedContent\"><span dir=\"ltr\" role=\"presentation\" style=\"left: 120.04px;top: 378.861px;font-family: sans-serif\">Valmistada<\/span><span dir=\"ltr\" role=\"presentation\" style=\"left: 219.06px;top: 378.861px;font-family: sans-serif\"> <\/span><span dir=\"ltr\" role=\"presentation\" style=\"left: 224.633px;top: 378.861px;font-family: sans-serif\">1,5% lahus<\/span><span dir=\"ltr\" role=\"presentation\" style=\"left: 323.573px;top: 378.861px;font-family: sans-serif\"> <\/span><span dir=\"ltr\" role=\"presentation\" style=\"left: 329.083px;top: 378.861px;font-family: sans-serif\">(150 ml kontsentraati 10 liitri vee kohta)<\/span><span dir=\"ltr\" role=\"presentation\" style=\"left: 678.117px;top: 378.861px;font-family: sans-serif\">.<\/span><\/span><\/span><\/li>\n<li><span style=\"font-size:14px\"><span class=\"markedContent\"><span dir=\"ltr\" role=\"presentation\" style=\"left: 678.117px;top: 378.861px;font-family: sans-serif\"><span class=\"markedContent\"><span dir=\"ltr\" role=\"presentation\" style=\"left: 120.04px;top: 401.861px;font-family: sans-serif\">Pihustada<\/span><span dir=\"ltr\" role=\"presentation\" style=\"left: 209.1px;top: 401.861px;font-family: sans-serif\"> <\/span><span dir=\"ltr\" role=\"presentation\" style=\"left: 220.233px;top: 401.861px;font-family: sans-serif\">t\u00f6\u00f6lahus<\/span><span dir=\"ltr\" role=\"presentation\" style=\"left: 295.793px;top: 401.861px;font-family: sans-serif\"> <\/span><span dir=\"ltr\" role=\"presentation\" style=\"left: 301.433px;top: 401.861px;font-family: sans-serif\">eelnevalt puhastatud<\/span><span dir=\"ltr\" role=\"presentation\" style=\"left: 485.993px;top: 401.861px;font-family: sans-serif\"> <\/span><span dir=\"ltr\" role=\"presentation\" style=\"left: 491.683px;top: 401.861px;font-family: sans-serif\">pinnale<\/span><span dir=\"ltr\" role=\"presentation\" style=\"left: 556.317px;top: 401.861px;font-family: sans-serif\">.<\/span><\/span><\/span><\/span><\/span><\/li>\n<li><span style=\"font-size:14px\"><span style=\"font-size:14px\"><span class=\"markedContent\"><span dir=\"ltr\" role=\"presentation\" style=\"left: 167.833px;top: 424.861px;font-family: sans-serif\">Sambla tekkimise v\u00f5imalus<\/span> <span dir=\"ltr\" role=\"presentation\" style=\"left: 120.04px;top: 447.911px;font-family: sans-serif\">t\u00f6\u00f6deldud pinnal on<\/span><span dir=\"ltr\" role=\"presentation\" style=\"left: 294.6px;top: 447.911px;font-family: sans-serif\"> <\/span><span dir=\"ltr\" role=\"presentation\" style=\"left: 300.233px;top: 447.911px;font-family: sans-serif\">peatatud mitmeks kuuks.<\/span><\/span><\/span><\/span><\/li>\n<li><span style=\"font-size:14px\"><span class=\"markedContent\"><span dir=\"ltr\" role=\"presentation\" style=\"left: 556.317px;top: 401.861px;font-family: sans-serif\">Kuna toode ei ole m\u00fcrgine ja j\u00e4\u00e4tmeid<\/span> <span dir=\"ltr\" role=\"presentation\" style=\"left: 120.04px;top: 424.861px;font-family: sans-serif\">tekib<\/span><span dir=\"ltr\" role=\"presentation\" style=\"left: 162.38px;top: 424.861px;font-family: sans-serif\"> <\/span><span dir=\"ltr\" role=\"presentation\" style=\"left: 167.833px;top: 424.861px;font-family: sans-serif\">minimaalselt, pole loputamine vajalik ega soovitatav. <\/span><\/span><\/span><\/li>\n<\/ul>\n<p><span style=\"font-size:14px\">pH 7,0<\/span><\/p>\n","protected":false},"excerpt":{"rendered":"<p>Mugav sambla ja vetikate ladestuste eemaldamiseks.<br \/>\nOhutu alternatiiv tugevatele hapetele.<br \/>\nSaab kasutada nii sise- kui ka v\u00e4lisruumides, tagatud peaks olema normaalne ventilatsioon.<br \/>\nT\u00e4iesti ohutu kasutamine: mittetoksiline, kiiretoimeline ja \u00f6konoomne.<br \/>\nPuhastab t\u00f6\u00f6deldud pinnad s\u00fcgavuti.<br \/>\nEemaldab ja hoiab \u00e4ra sambla tekkimise akendel, k\u00f5nniteedel, katustel, p\u00f5randaplaatidel ja sillutuskividel, uksepiitadel, aiam\u00f6\u00f6blil, taladel, fassaadidel, tellispindadel, betoonpindadel, m\u00e4lestusm\u00e4rkidel, hauakividel jm.<br \/>\nSamuti eemaldab ja hoiab \u00e4ra vetikate tekke veega kokkupuutuvatelt pindadelt (basseinid, paadid jne.).<\/p>\n","protected":false},"featured_media":3841,"comment_status":"closed","ping_status":"closed","template":"","meta":[],"product_brand":[],"product_cat":[197],"product_tag":[],"class_list":{"0":"post-3201","1":"product","2":"type-product","3":"status-publish","4":"has-post-thumbnail","6":"product_cat-kaitse","8":"first","9":"instock","10":"taxable","11":"shipping-taxable","12":"purchasable","13":"product-type-simple"},"yoast_head":"<!-- This site is optimized with the Yoast SEO plugin v26.5 - https:\/\/yoast.com\/wordpress\/plugins\/seo\/ -->\n<title>KB 26\/10 5L - Sambla ja vetikate eemaldaja I ZEP Eesti<\/title>\n<meta name=\"description\" content=\"Mugav sambla ja vetikate ladestuste eemaldamiseks. Ohutu alternatiiv tugevatele hapetele. Sobib nii sise- kui ka v\u00e4lisruumides. T\u00e4iesti ohutu ja \u00f6konoomne.\" \/>\n<meta name=\"robots\" content=\"index, follow, max-snippet:-1, max-image-preview:large, max-video-preview:-1\" \/>\n<link rel=\"canonical\" href=\"https:\/\/zepestonia.com\/en\/toode\/kb-26-10-5l\/\" \/>\n<meta property=\"og:locale\" content=\"en_US\" \/>\n<meta property=\"og:type\" content=\"article\" \/>\n<meta property=\"og:title\" content=\"KB 26\/10 5L - Sambla ja vetikate eemaldaja I ZEP Eesti\" \/>\n<meta property=\"og:description\" content=\"Mugav sambla ja vetikate ladestuste eemaldamiseks. Ohutu alternatiiv tugevatele hapetele. Sobib nii sise- kui ka v\u00e4lisruumides. T\u00e4iesti ohutu ja \u00f6konoomne.\" \/>\n<meta property=\"og:url\" content=\"https:\/\/zepestonia.com\/en\/toode\/kb-26-10-5l\/\" \/>\n<meta property=\"og:site_name\" content=\"ZEP Eesti I Puhastusvahendid I E-pood\" \/>\n<meta property=\"article:publisher\" content=\"https:\/\/www.facebook.com\/ZepEesti\" \/>\n<meta property=\"article:modified_time\" content=\"2025-11-13T00:00:08+00:00\" \/>\n<meta property=\"og:image\" content=\"https:\/\/zepestonia.com\/wp-content\/uploads\/2021\/12\/578-60debebe3935d4-94407695-KB2026-10.png\" \/>\n\t<meta property=\"og:image:width\" content=\"600\" \/>\n\t<meta property=\"og:image:height\" content=\"338\" \/>\n\t<meta property=\"og:image:type\" content=\"image\/png\" \/>\n<meta name=\"twitter:card\" content=\"summary_large_image\" \/>\n<script type=\"application\/ld+json\" class=\"yoast-schema-graph\">{\"@context\":\"https:\/\/schema.org\",\"@graph\":[{\"@type\":\"WebPage\",\"@id\":\"https:\/\/zepestonia.com\/en\/toode\/kb-26-10-5l\/\",\"url\":\"https:\/\/zepestonia.com\/en\/toode\/kb-26-10-5l\/\",\"name\":\"KB 26\/10 5L - Sambla ja vetikate eemaldaja I ZEP Eesti\",\"isPartOf\":{\"@id\":\"https:\/\/zepestonia.com\/en\/#website\"},\"primaryImageOfPage\":{\"@id\":\"https:\/\/zepestonia.com\/en\/toode\/kb-26-10-5l\/#primaryimage\"},\"image\":{\"@id\":\"https:\/\/zepestonia.com\/en\/toode\/kb-26-10-5l\/#primaryimage\"},\"thumbnailUrl\":\"https:\/\/zepestonia.com\/wp-content\/uploads\/2021\/12\/578-60debebe3935d4-94407695-KB2026-10.png\",\"datePublished\":\"2021-11-29T19:01:01+00:00\",\"dateModified\":\"2025-11-13T00:00:08+00:00\",\"description\":\"Mugav sambla ja vetikate ladestuste eemaldamiseks. Ohutu alternatiiv tugevatele hapetele. Sobib nii sise- kui ka v\u00e4lisruumides. T\u00e4iesti ohutu ja \u00f6konoomne.\",\"breadcrumb\":{\"@id\":\"https:\/\/zepestonia.com\/en\/toode\/kb-26-10-5l\/#breadcrumb\"},\"inLanguage\":\"en-US\",\"potentialAction\":[{\"@type\":\"ReadAction\",\"target\":[\"https:\/\/zepestonia.com\/en\/toode\/kb-26-10-5l\/\"]}]},{\"@type\":\"ImageObject\",\"inLanguage\":\"en-US\",\"@id\":\"https:\/\/zepestonia.com\/en\/toode\/kb-26-10-5l\/#primaryimage\",\"url\":\"https:\/\/zepestonia.com\/wp-content\/uploads\/2021\/12\/578-60debebe3935d4-94407695-KB2026-10.png\",\"contentUrl\":\"https:\/\/zepestonia.com\/wp-content\/uploads\/2021\/12\/578-60debebe3935d4-94407695-KB2026-10.png\",\"width\":600,\"height\":338,\"caption\":\"578-60debebe3935d4-94407695-KB2026-10\"},{\"@type\":\"BreadcrumbList\",\"@id\":\"https:\/\/zepestonia.com\/en\/toode\/kb-26-10-5l\/#breadcrumb\",\"itemListElement\":[{\"@type\":\"ListItem\",\"position\":1,\"name\":\"Home\",\"item\":\"https:\/\/zepestonia.com\/en\/\"},{\"@type\":\"ListItem\",\"position\":2,\"name\":\"Shop\",\"item\":\"https:\/\/zepestonia.com\/en\/?page_id=4643\"},{\"@type\":\"ListItem\",\"position\":3,\"name\":\"KB 26\/10 5L &#8211; Sambla ja vetikate eemaldaja\"}]},{\"@type\":\"WebSite\",\"@id\":\"https:\/\/zepestonia.com\/en\/#website\",\"url\":\"https:\/\/zepestonia.com\/en\/\",\"name\":\"ZEP Eesti I Puhastusvahendid I E-pood\",\"description\":\"Pakume puhastus- ja hooldusprobleemidele efektiivseid keskkonnas\u00f5bralikke lahendusi!\",\"publisher\":{\"@id\":\"https:\/\/zepestonia.com\/en\/#organization\"},\"potentialAction\":[{\"@type\":\"SearchAction\",\"target\":{\"@type\":\"EntryPoint\",\"urlTemplate\":\"https:\/\/zepestonia.com\/en\/?s={search_term_string}\"},\"query-input\":{\"@type\":\"PropertyValueSpecification\",\"valueRequired\":true,\"valueName\":\"search_term_string\"}}],\"inLanguage\":\"en-US\"},{\"@type\":\"Organization\",\"@id\":\"https:\/\/zepestonia.com\/en\/#organization\",\"name\":\"Zep Estonia\",\"url\":\"https:\/\/zepestonia.com\/en\/\",\"logo\":{\"@type\":\"ImageObject\",\"inLanguage\":\"en-US\",\"@id\":\"https:\/\/zepestonia.com\/en\/#\/schema\/logo\/image\/\",\"url\":\"https:\/\/zepestonia.com\/wp-content\/uploads\/2022\/03\/Zep-Logo_png.jpeg\",\"contentUrl\":\"https:\/\/zepestonia.com\/wp-content\/uploads\/2022\/03\/Zep-Logo_png.jpeg\",\"width\":109,\"height\":70,\"caption\":\"Zep Estonia\"},\"image\":{\"@id\":\"https:\/\/zepestonia.com\/en\/#\/schema\/logo\/image\/\"},\"sameAs\":[\"https:\/\/www.facebook.com\/ZepEesti\"]}]}<\/script>\n<!-- \/ Yoast SEO plugin. -->","yoast_head_json":{"title":"KB 26\/10 5L - Sambla ja vetikate eemaldaja I ZEP Eesti","description":"Mugav sambla ja vetikate ladestuste eemaldamiseks. Ohutu alternatiiv tugevatele hapetele. Sobib nii sise- kui ka v\u00e4lisruumides. T\u00e4iesti ohutu ja \u00f6konoomne.","robots":{"index":"index","follow":"follow","max-snippet":"max-snippet:-1","max-image-preview":"max-image-preview:large","max-video-preview":"max-video-preview:-1"},"canonical":"https:\/\/zepestonia.com\/en\/toode\/kb-26-10-5l\/","og_locale":"en_US","og_type":"article","og_title":"KB 26\/10 5L - Sambla ja vetikate eemaldaja I ZEP Eesti","og_description":"Mugav sambla ja vetikate ladestuste eemaldamiseks. Ohutu alternatiiv tugevatele hapetele. Sobib nii sise- kui ka v\u00e4lisruumides. T\u00e4iesti ohutu ja \u00f6konoomne.","og_url":"https:\/\/zepestonia.com\/en\/toode\/kb-26-10-5l\/","og_site_name":"ZEP Eesti I Puhastusvahendid I E-pood","article_publisher":"https:\/\/www.facebook.com\/ZepEesti","article_modified_time":"2025-11-13T00:00:08+00:00","og_image":[{"width":600,"height":338,"url":"https:\/\/zepestonia.com\/wp-content\/uploads\/2021\/12\/578-60debebe3935d4-94407695-KB2026-10.png","type":"image\/png"}],"twitter_card":"summary_large_image","schema":{"@context":"https:\/\/schema.org","@graph":[{"@type":"WebPage","@id":"https:\/\/zepestonia.com\/en\/toode\/kb-26-10-5l\/","url":"https:\/\/zepestonia.com\/en\/toode\/kb-26-10-5l\/","name":"KB 26\/10 5L - Sambla ja vetikate eemaldaja I ZEP Eesti","isPartOf":{"@id":"https:\/\/zepestonia.com\/en\/#website"},"primaryImageOfPage":{"@id":"https:\/\/zepestonia.com\/en\/toode\/kb-26-10-5l\/#primaryimage"},"image":{"@id":"https:\/\/zepestonia.com\/en\/toode\/kb-26-10-5l\/#primaryimage"},"thumbnailUrl":"https:\/\/zepestonia.com\/wp-content\/uploads\/2021\/12\/578-60debebe3935d4-94407695-KB2026-10.png","datePublished":"2021-11-29T19:01:01+00:00","dateModified":"2025-11-13T00:00:08+00:00","description":"Mugav sambla ja vetikate ladestuste eemaldamiseks. Ohutu alternatiiv tugevatele hapetele. Sobib nii sise- kui ka v\u00e4lisruumides. T\u00e4iesti ohutu ja \u00f6konoomne.","breadcrumb":{"@id":"https:\/\/zepestonia.com\/en\/toode\/kb-26-10-5l\/#breadcrumb"},"inLanguage":"en-US","potentialAction":[{"@type":"ReadAction","target":["https:\/\/zepestonia.com\/en\/toode\/kb-26-10-5l\/"]}]},{"@type":"ImageObject","inLanguage":"en-US","@id":"https:\/\/zepestonia.com\/en\/toode\/kb-26-10-5l\/#primaryimage","url":"https:\/\/zepestonia.com\/wp-content\/uploads\/2021\/12\/578-60debebe3935d4-94407695-KB2026-10.png","contentUrl":"https:\/\/zepestonia.com\/wp-content\/uploads\/2021\/12\/578-60debebe3935d4-94407695-KB2026-10.png","width":600,"height":338,"caption":"578-60debebe3935d4-94407695-KB2026-10"},{"@type":"BreadcrumbList","@id":"https:\/\/zepestonia.com\/en\/toode\/kb-26-10-5l\/#breadcrumb","itemListElement":[{"@type":"ListItem","position":1,"name":"Home","item":"https:\/\/zepestonia.com\/en\/"},{"@type":"ListItem","position":2,"name":"Shop","item":"https:\/\/zepestonia.com\/en\/?page_id=4643"},{"@type":"ListItem","position":3,"name":"KB 26\/10 5L &#8211; Sambla ja vetikate eemaldaja"}]},{"@type":"WebSite","@id":"https:\/\/zepestonia.com\/en\/#website","url":"https:\/\/zepestonia.com\/en\/","name":"ZEP Eesti I Puhastusvahendid I E-pood","description":"Pakume puhastus- ja hooldusprobleemidele efektiivseid keskkonnas\u00f5bralikke lahendusi!","publisher":{"@id":"https:\/\/zepestonia.com\/en\/#organization"},"potentialAction":[{"@type":"SearchAction","target":{"@type":"EntryPoint","urlTemplate":"https:\/\/zepestonia.com\/en\/?s={search_term_string}"},"query-input":{"@type":"PropertyValueSpecification","valueRequired":true,"valueName":"search_term_string"}}],"inLanguage":"en-US"},{"@type":"Organization","@id":"https:\/\/zepestonia.com\/en\/#organization","name":"Zep Estonia","url":"https:\/\/zepestonia.com\/en\/","logo":{"@type":"ImageObject","inLanguage":"en-US","@id":"https:\/\/zepestonia.com\/en\/#\/schema\/logo\/image\/","url":"https:\/\/zepestonia.com\/wp-content\/uploads\/2022\/03\/Zep-Logo_png.jpeg","contentUrl":"https:\/\/zepestonia.com\/wp-content\/uploads\/2022\/03\/Zep-Logo_png.jpeg","width":109,"height":70,"caption":"Zep Estonia"},"image":{"@id":"https:\/\/zepestonia.com\/en\/#\/schema\/logo\/image\/"},"sameAs":["https:\/\/www.facebook.com\/ZepEesti"]}]}},"_links":{"self":[{"href":"https:\/\/zepestonia.com\/en\/wp-json\/wp\/v2\/product\/3201","targetHints":{"allow":["GET"]}}],"collection":[{"href":"https:\/\/zepestonia.com\/en\/wp-json\/wp\/v2\/product"}],"about":[{"href":"https:\/\/zepestonia.com\/en\/wp-json\/wp\/v2\/types\/product"}],"replies":[{"embeddable":true,"href":"https:\/\/zepestonia.com\/en\/wp-json\/wp\/v2\/comments?post=3201"}],"version-history":[{"count":2,"href":"https:\/\/zepestonia.com\/en\/wp-json\/wp\/v2\/product\/3201\/revisions"}],"predecessor-version":[{"id":11250,"href":"https:\/\/zepestonia.com\/en\/wp-json\/wp\/v2\/product\/3201\/revisions\/11250"}],"wp:featuredmedia":[{"embeddable":true,"href":"https:\/\/zepestonia.com\/en\/wp-json\/wp\/v2\/media\/3841"}],"wp:attachment":[{"href":"https:\/\/zepestonia.com\/en\/wp-json\/wp\/v2\/media?parent=3201"}],"wp:term":[{"taxonomy":"product_brand","embeddable":true,"href":"https:\/\/zepestonia.com\/en\/wp-json\/wp\/v2\/product_brand?post=3201"},{"taxonomy":"product_cat","embeddable":true,"href":"https:\/\/zepestonia.com\/en\/wp-json\/wp\/v2\/product_cat?post=3201"},{"taxonomy":"product_tag","embeddable":true,"href":"https:\/\/zepestonia.com\/en\/wp-json\/wp\/v2\/product_tag?post=3201"}],"curies":[{"name":"wp","href":"https:\/\/api.w.org\/{rel}","templated":true}]}}