{"id":3195,"date":"2021-11-29T19:01:01","date_gmt":"2021-11-29T19:01:01","guid":{"rendered":"https:\/\/zep.valgekana.ee\/toode\/big-orange-e-250-ml\/"},"modified":"2026-01-22T00:00:08","modified_gmt":"2026-01-22T00:00:08","slug":"big-orange-e-250-ml","status":"publish","type":"product","link":"https:\/\/zepestonia.com\/en\/toode\/big-orange-e-250-ml\/","title":{"rendered":"Big Orange E 250 ml*- Looduslik puhastusvahend ja l\u00f5hnastaja"},"content":{"rendered":"<p><strong>P\u00f5rand: <\/strong><\/p>\n<ul>\n<li>Olenevalt mustuse astmest kasutada kas kontsentraati v\u00f5i vesilahust (1:60).<\/li>\n<li>H\u00f5\u00f5ruda v\u00f5i pesta masinaga. Loputada korralikult.<\/li>\n<\/ul>\n<p><strong>Rasvased esemed: <\/strong><\/p>\n<ul>\n<li>H\u00f5\u00f5ruda vahendit esemele, korralikult loputada, soovitavalt survepesuriga.<\/li>\n<li><span style=\"color:#FF0000\">PS!<\/span> V\u00f5ib kahjustada m\u00f5ningaid plastmass-, kummi- v\u00f5i v\u00e4rvitud pindu.<\/li>\n<li>Testida v\u00e4ikese osa peal enne kasutamist.<\/li>\n<\/ul>\n<p><strong>Reoveetorustiku ja rasvap\u00fc\u00fcdurite puhastus: <\/strong><\/p>\n<ul>\n<li>Valada 240 ml. vahendit torustikku ja lasta seista \u00fcks tund.<\/li>\n<li>Loputada kuuma veega.<\/li>\n<li>V\u00e4ltimaks rasva ladestumist kasutada 60- 120 ml. n\u00e4dalas.<\/li>\n<li>PS! Mitte kasutada Big Orange E&#8217;d koos happeliste torustiku puhastusvahenditega.<\/li>\n<\/ul>\n<p><strong>L\u00f5hnade eemaldamine:<\/strong><\/p>\n<ul>\n<li>Ebameeldivate l\u00f5hnade eemaldamiseks kasutada vesilahust (1:30) ja piserdada soovitud kohta (nt. pr\u00fcgikastidesse).<\/li>\n<\/ul>\n<p><strong>Grafiti eemaldamine: <\/strong><\/p>\n<ul>\n<li>Segada 3:1 (kolm osa ainet \u00fche osa veega) ja loksutada kuni tekib paks piimjas vedelik.<\/li>\n<li>Katta grafiti vahendiga kasutades pritspudelit ja lasta m\u00f5juda 5-10 minutit.<\/li>\n<li>Tugevamaid plekke h\u00f5\u00f5ruda harjaga, loputada surveveega.<\/li>\n<\/ul>\n<p><strong>Vaibaplekkide ja n\u00e4tsu eemaldamine: <\/strong><\/p>\n<ul>\n<li>Plekiline koht teha niiskeks, seej\u00e4rel katta vahendiga m\u00e4\u00e4rdunud koht ja h\u00f5\u00f5ruda.<\/li>\n<li><span style=\"color:#FF0000\">PS!<\/span> Kummip\u00f5hjaga vaipu mitte l\u00e4bi leotada.<\/li>\n<\/ul>\n","protected":false},"excerpt":{"rendered":"<p>Eemaldab pigi, asfaldi, liimide jms. j\u00e4\u00e4gid ning ebameeldivad l\u00f5hnad<br \/>\nPuhastab h\u00e4sti v\u00e4rvimata betoonp\u00f5randaid, eemaldab efektiivselt rehvij\u00e4ljed, samuti plekid ja n\u00e4tsuj\u00e4\u00e4gid vaipadelt.<br \/>\nV\u00f5ib kahjustada m\u00f5ningaid plastik- ja\/v\u00f5i v\u00e4rvitud pinda, enne kasutamist testida.<br \/>\nIdeaalne kasutamiseks puhastusfirmades, toitlustusasutustes, terviseasutustes, hotellides, hooldusasutustes, korteri\u00fchistutes, lasteasutustes, lihat\u00f6\u00f6stustes, j\u00e4\u00e4tmek\u00e4itluses.<\/p>\n","protected":false},"featured_media":5016,"comment_status":"closed","ping_status":"closed","template":"","meta":[],"product_brand":[],"product_cat":[196],"product_tag":[],"class_list":{"0":"post-3195","1":"product","2":"type-product","3":"status-publish","4":"has-post-thumbnail","6":"product_cat-suvapuhastus","8":"first","9":"instock","10":"taxable","11":"shipping-taxable","12":"purchasable","13":"product-type-simple"},"yoast_head":"<!-- This site is optimized with the Yoast SEO plugin v26.5 - https:\/\/yoast.com\/wordpress\/plugins\/seo\/ -->\n<title>Big Orange E 250 ml* - Looduslik puhastusvahend I ZEP Eesti<\/title>\n<meta name=\"description\" content=\"Eemaldab pigi, asfaldi, liimide j\u00e4\u00e4gid ning ebameeldivad l\u00f5hnad. Ideaalne kasutamiseks puhastusfirmades, toitlustusasutustes, terviseasutustes, hotellides jne.\" \/>\n<meta name=\"robots\" content=\"index, follow, max-snippet:-1, max-image-preview:large, max-video-preview:-1\" \/>\n<link rel=\"canonical\" href=\"https:\/\/zepestonia.com\/en\/toode\/big-orange-e-250-ml\/\" \/>\n<meta property=\"og:locale\" content=\"en_US\" \/>\n<meta property=\"og:type\" content=\"article\" \/>\n<meta property=\"og:title\" content=\"Big Orange E 250 ml* - Looduslik puhastusvahend I ZEP Eesti\" \/>\n<meta property=\"og:description\" content=\"Eemaldab pigi, asfaldi, liimide j\u00e4\u00e4gid ning ebameeldivad l\u00f5hnad. Ideaalne kasutamiseks puhastusfirmades, toitlustusasutustes, terviseasutustes, hotellides jne.\" \/>\n<meta property=\"og:url\" content=\"https:\/\/zepestonia.com\/en\/toode\/big-orange-e-250-ml\/\" \/>\n<meta property=\"og:site_name\" content=\"ZEP Eesti I Puhastusvahendid I E-pood\" \/>\n<meta property=\"article:publisher\" content=\"https:\/\/www.facebook.com\/ZepEesti\" \/>\n<meta property=\"article:modified_time\" content=\"2026-01-22T00:00:08+00:00\" \/>\n<meta property=\"og:image\" content=\"https:\/\/zepestonia.com\/wp-content\/uploads\/2022\/02\/BIG-ORANGE-E-2.png\" \/>\n\t<meta property=\"og:image:width\" content=\"400\" \/>\n\t<meta property=\"og:image:height\" content=\"600\" \/>\n\t<meta property=\"og:image:type\" content=\"image\/png\" \/>\n<meta name=\"twitter:card\" content=\"summary_large_image\" \/>\n<meta name=\"twitter:label1\" content=\"Est. reading time\" \/>\n\t<meta name=\"twitter:data1\" content=\"1 minute\" \/>\n<script type=\"application\/ld+json\" class=\"yoast-schema-graph\">{\"@context\":\"https:\/\/schema.org\",\"@graph\":[{\"@type\":\"WebPage\",\"@id\":\"https:\/\/zepestonia.com\/en\/toode\/big-orange-e-250-ml\/\",\"url\":\"https:\/\/zepestonia.com\/en\/toode\/big-orange-e-250-ml\/\",\"name\":\"Big Orange E 250 ml* - Looduslik puhastusvahend I ZEP Eesti\",\"isPartOf\":{\"@id\":\"https:\/\/zepestonia.com\/en\/#website\"},\"primaryImageOfPage\":{\"@id\":\"https:\/\/zepestonia.com\/en\/toode\/big-orange-e-250-ml\/#primaryimage\"},\"image\":{\"@id\":\"https:\/\/zepestonia.com\/en\/toode\/big-orange-e-250-ml\/#primaryimage\"},\"thumbnailUrl\":\"https:\/\/zepestonia.com\/wp-content\/uploads\/2022\/02\/BIG-ORANGE-E-2.png\",\"datePublished\":\"2021-11-29T19:01:01+00:00\",\"dateModified\":\"2026-01-22T00:00:08+00:00\",\"description\":\"Eemaldab pigi, asfaldi, liimide j\u00e4\u00e4gid ning ebameeldivad l\u00f5hnad. Ideaalne kasutamiseks puhastusfirmades, toitlustusasutustes, terviseasutustes, hotellides jne.\",\"breadcrumb\":{\"@id\":\"https:\/\/zepestonia.com\/en\/toode\/big-orange-e-250-ml\/#breadcrumb\"},\"inLanguage\":\"en-US\",\"potentialAction\":[{\"@type\":\"ReadAction\",\"target\":[\"https:\/\/zepestonia.com\/en\/toode\/big-orange-e-250-ml\/\"]}]},{\"@type\":\"ImageObject\",\"inLanguage\":\"en-US\",\"@id\":\"https:\/\/zepestonia.com\/en\/toode\/big-orange-e-250-ml\/#primaryimage\",\"url\":\"https:\/\/zepestonia.com\/wp-content\/uploads\/2022\/02\/BIG-ORANGE-E-2.png\",\"contentUrl\":\"https:\/\/zepestonia.com\/wp-content\/uploads\/2022\/02\/BIG-ORANGE-E-2.png\",\"width\":400,\"height\":600,\"caption\":\"BIG-ORANGE-E-2\"},{\"@type\":\"BreadcrumbList\",\"@id\":\"https:\/\/zepestonia.com\/en\/toode\/big-orange-e-250-ml\/#breadcrumb\",\"itemListElement\":[{\"@type\":\"ListItem\",\"position\":1,\"name\":\"Home\",\"item\":\"https:\/\/zepestonia.com\/en\/\"},{\"@type\":\"ListItem\",\"position\":2,\"name\":\"Shop\",\"item\":\"https:\/\/zepestonia.com\/en\/?page_id=4643\"},{\"@type\":\"ListItem\",\"position\":3,\"name\":\"Big Orange E 250 ml*- Looduslik puhastusvahend ja l\u00f5hnastaja\"}]},{\"@type\":\"WebSite\",\"@id\":\"https:\/\/zepestonia.com\/en\/#website\",\"url\":\"https:\/\/zepestonia.com\/en\/\",\"name\":\"ZEP Eesti I Puhastusvahendid I E-pood\",\"description\":\"Pakume puhastus- ja hooldusprobleemidele efektiivseid keskkonnas\u00f5bralikke lahendusi!\",\"publisher\":{\"@id\":\"https:\/\/zepestonia.com\/en\/#organization\"},\"potentialAction\":[{\"@type\":\"SearchAction\",\"target\":{\"@type\":\"EntryPoint\",\"urlTemplate\":\"https:\/\/zepestonia.com\/en\/?s={search_term_string}\"},\"query-input\":{\"@type\":\"PropertyValueSpecification\",\"valueRequired\":true,\"valueName\":\"search_term_string\"}}],\"inLanguage\":\"en-US\"},{\"@type\":\"Organization\",\"@id\":\"https:\/\/zepestonia.com\/en\/#organization\",\"name\":\"Zep Estonia\",\"url\":\"https:\/\/zepestonia.com\/en\/\",\"logo\":{\"@type\":\"ImageObject\",\"inLanguage\":\"en-US\",\"@id\":\"https:\/\/zepestonia.com\/en\/#\/schema\/logo\/image\/\",\"url\":\"https:\/\/zepestonia.com\/wp-content\/uploads\/2022\/03\/Zep-Logo_png.jpeg\",\"contentUrl\":\"https:\/\/zepestonia.com\/wp-content\/uploads\/2022\/03\/Zep-Logo_png.jpeg\",\"width\":109,\"height\":70,\"caption\":\"Zep Estonia\"},\"image\":{\"@id\":\"https:\/\/zepestonia.com\/en\/#\/schema\/logo\/image\/\"},\"sameAs\":[\"https:\/\/www.facebook.com\/ZepEesti\"]}]}<\/script>\n<!-- \/ Yoast SEO plugin. -->","yoast_head_json":{"title":"Big Orange E 250 ml* - Looduslik puhastusvahend I ZEP Eesti","description":"Eemaldab pigi, asfaldi, liimide j\u00e4\u00e4gid ning ebameeldivad l\u00f5hnad. Ideaalne kasutamiseks puhastusfirmades, toitlustusasutustes, terviseasutustes, hotellides jne.","robots":{"index":"index","follow":"follow","max-snippet":"max-snippet:-1","max-image-preview":"max-image-preview:large","max-video-preview":"max-video-preview:-1"},"canonical":"https:\/\/zepestonia.com\/en\/toode\/big-orange-e-250-ml\/","og_locale":"en_US","og_type":"article","og_title":"Big Orange E 250 ml* - Looduslik puhastusvahend I ZEP Eesti","og_description":"Eemaldab pigi, asfaldi, liimide j\u00e4\u00e4gid ning ebameeldivad l\u00f5hnad. Ideaalne kasutamiseks puhastusfirmades, toitlustusasutustes, terviseasutustes, hotellides jne.","og_url":"https:\/\/zepestonia.com\/en\/toode\/big-orange-e-250-ml\/","og_site_name":"ZEP Eesti I Puhastusvahendid I E-pood","article_publisher":"https:\/\/www.facebook.com\/ZepEesti","article_modified_time":"2026-01-22T00:00:08+00:00","og_image":[{"width":400,"height":600,"url":"https:\/\/zepestonia.com\/wp-content\/uploads\/2022\/02\/BIG-ORANGE-E-2.png","type":"image\/png"}],"twitter_card":"summary_large_image","twitter_misc":{"Est. reading time":"1 minute"},"schema":{"@context":"https:\/\/schema.org","@graph":[{"@type":"WebPage","@id":"https:\/\/zepestonia.com\/en\/toode\/big-orange-e-250-ml\/","url":"https:\/\/zepestonia.com\/en\/toode\/big-orange-e-250-ml\/","name":"Big Orange E 250 ml* - Looduslik puhastusvahend I ZEP Eesti","isPartOf":{"@id":"https:\/\/zepestonia.com\/en\/#website"},"primaryImageOfPage":{"@id":"https:\/\/zepestonia.com\/en\/toode\/big-orange-e-250-ml\/#primaryimage"},"image":{"@id":"https:\/\/zepestonia.com\/en\/toode\/big-orange-e-250-ml\/#primaryimage"},"thumbnailUrl":"https:\/\/zepestonia.com\/wp-content\/uploads\/2022\/02\/BIG-ORANGE-E-2.png","datePublished":"2021-11-29T19:01:01+00:00","dateModified":"2026-01-22T00:00:08+00:00","description":"Eemaldab pigi, asfaldi, liimide j\u00e4\u00e4gid ning ebameeldivad l\u00f5hnad. Ideaalne kasutamiseks puhastusfirmades, toitlustusasutustes, terviseasutustes, hotellides jne.","breadcrumb":{"@id":"https:\/\/zepestonia.com\/en\/toode\/big-orange-e-250-ml\/#breadcrumb"},"inLanguage":"en-US","potentialAction":[{"@type":"ReadAction","target":["https:\/\/zepestonia.com\/en\/toode\/big-orange-e-250-ml\/"]}]},{"@type":"ImageObject","inLanguage":"en-US","@id":"https:\/\/zepestonia.com\/en\/toode\/big-orange-e-250-ml\/#primaryimage","url":"https:\/\/zepestonia.com\/wp-content\/uploads\/2022\/02\/BIG-ORANGE-E-2.png","contentUrl":"https:\/\/zepestonia.com\/wp-content\/uploads\/2022\/02\/BIG-ORANGE-E-2.png","width":400,"height":600,"caption":"BIG-ORANGE-E-2"},{"@type":"BreadcrumbList","@id":"https:\/\/zepestonia.com\/en\/toode\/big-orange-e-250-ml\/#breadcrumb","itemListElement":[{"@type":"ListItem","position":1,"name":"Home","item":"https:\/\/zepestonia.com\/en\/"},{"@type":"ListItem","position":2,"name":"Shop","item":"https:\/\/zepestonia.com\/en\/?page_id=4643"},{"@type":"ListItem","position":3,"name":"Big Orange E 250 ml*- Looduslik puhastusvahend ja l\u00f5hnastaja"}]},{"@type":"WebSite","@id":"https:\/\/zepestonia.com\/en\/#website","url":"https:\/\/zepestonia.com\/en\/","name":"ZEP Eesti I Puhastusvahendid I E-pood","description":"Pakume puhastus- ja hooldusprobleemidele efektiivseid keskkonnas\u00f5bralikke lahendusi!","publisher":{"@id":"https:\/\/zepestonia.com\/en\/#organization"},"potentialAction":[{"@type":"SearchAction","target":{"@type":"EntryPoint","urlTemplate":"https:\/\/zepestonia.com\/en\/?s={search_term_string}"},"query-input":{"@type":"PropertyValueSpecification","valueRequired":true,"valueName":"search_term_string"}}],"inLanguage":"en-US"},{"@type":"Organization","@id":"https:\/\/zepestonia.com\/en\/#organization","name":"Zep Estonia","url":"https:\/\/zepestonia.com\/en\/","logo":{"@type":"ImageObject","inLanguage":"en-US","@id":"https:\/\/zepestonia.com\/en\/#\/schema\/logo\/image\/","url":"https:\/\/zepestonia.com\/wp-content\/uploads\/2022\/03\/Zep-Logo_png.jpeg","contentUrl":"https:\/\/zepestonia.com\/wp-content\/uploads\/2022\/03\/Zep-Logo_png.jpeg","width":109,"height":70,"caption":"Zep Estonia"},"image":{"@id":"https:\/\/zepestonia.com\/en\/#\/schema\/logo\/image\/"},"sameAs":["https:\/\/www.facebook.com\/ZepEesti"]}]}},"_links":{"self":[{"href":"https:\/\/zepestonia.com\/en\/wp-json\/wp\/v2\/product\/3195","targetHints":{"allow":["GET"]}}],"collection":[{"href":"https:\/\/zepestonia.com\/en\/wp-json\/wp\/v2\/product"}],"about":[{"href":"https:\/\/zepestonia.com\/en\/wp-json\/wp\/v2\/types\/product"}],"replies":[{"embeddable":true,"href":"https:\/\/zepestonia.com\/en\/wp-json\/wp\/v2\/comments?post=3195"}],"version-history":[{"count":1,"href":"https:\/\/zepestonia.com\/en\/wp-json\/wp\/v2\/product\/3195\/revisions"}],"predecessor-version":[{"id":10159,"href":"https:\/\/zepestonia.com\/en\/wp-json\/wp\/v2\/product\/3195\/revisions\/10159"}],"wp:featuredmedia":[{"embeddable":true,"href":"https:\/\/zepestonia.com\/en\/wp-json\/wp\/v2\/media\/5016"}],"wp:attachment":[{"href":"https:\/\/zepestonia.com\/en\/wp-json\/wp\/v2\/media?parent=3195"}],"wp:term":[{"taxonomy":"product_brand","embeddable":true,"href":"https:\/\/zepestonia.com\/en\/wp-json\/wp\/v2\/product_brand?post=3195"},{"taxonomy":"product_cat","embeddable":true,"href":"https:\/\/zepestonia.com\/en\/wp-json\/wp\/v2\/product_cat?post=3195"},{"taxonomy":"product_tag","embeddable":true,"href":"https:\/\/zepestonia.com\/en\/wp-json\/wp\/v2\/product_tag?post=3195"}],"curies":[{"name":"wp","href":"https:\/\/api.w.org\/{rel}","templated":true}]}}