{"id":3192,"date":"2021-11-29T19:01:01","date_gmt":"2021-11-29T19:01:01","guid":{"rendered":"https:\/\/zep.valgekana.ee\/toode\/deterlux-5kg\/"},"modified":"2025-07-01T00:23:47","modified_gmt":"2025-07-01T00:23:47","slug":"deterlux-5kg","status":"publish","type":"product","link":"https:\/\/zepestonia.com\/en\/toode\/deterlux-5kg\/","title":{"rendered":"Deterlux 5kg * &#8211; Poleeritav p\u00f5randahooldusvahend"},"content":{"rendered":"<ul>\n<li><span style=\"font-family:arial,helvetica,sans-serif\"><span style=\"font-size:14px\"><span class=\"markedContent\"><span dir=\"ltr\" role=\"presentation\" style=\"left: 90px;top: 611.911px\">Lahjenda<\/span><span dir=\"ltr\" role=\"presentation\" style=\"left: 172.433px;top: 611.911px\">da<\/span><span dir=\"ltr\" role=\"presentation\" style=\"left: 194.753px;top: 611.911px\"> <\/span><span dir=\"ltr\" role=\"presentation\" style=\"left: 202.433px;top: 611.911px\">vahekorras<\/span><span dir=\"ltr\" role=\"presentation\" style=\"left: 301.233px;top: 611.911px\">:<\/span><span dir=\"ltr\" role=\"presentation\" style=\"left: 306.793px;top: 611.911px\"> <\/span><span dir=\"ltr\" role=\"presentation\" style=\"left: 314.433px;top: 611.911px\">1<\/span><span dir=\"ltr\" role=\"presentation\" style=\"left: 325.553px;top: 611.911px\"> <\/span><span dir=\"ltr\" role=\"presentation\" style=\"left: 333.283px;top: 611.911px\">\/<\/span><span dir=\"ltr\" role=\"presentation\" style=\"left: 338.843px;top: 611.911px\"> <\/span><span dir=\"ltr\" role=\"presentation\" style=\"left: 346.483px;top: 611.911px\">1<\/span><span dir=\"ltr\" role=\"presentation\" style=\"left: 357.603px;top: 611.911px\"> <\/span><span dir=\"ltr\" role=\"presentation\" style=\"left: 365.283px;top: 611.911px\">:<\/span><span dir=\"ltr\" role=\"presentation\" style=\"left: 371.943px;top: 611.911px\"> <\/span><span dir=\"ltr\" role=\"presentation\" style=\"left: 379.483px;top: 611.911px\">3<\/span><span dir=\"ltr\" role=\"presentation\" style=\"left: 390.683px;top: 611.911px\">, s\u00f5ltuvalt pesemisvahendist ja soovitud heledusest ning<\/span> <span style=\"font-family:arial,helvetica,sans-serif\"><span style=\"font-size:14px\"><span class=\"markedContent\" id=\"page3R_mcid23\"><span dir=\"ltr\" role=\"presentation\" style=\"left: 90px;top: 634.911px\">samuti<\/span><span dir=\"ltr\" role=\"presentation\" style=\"left: 148.96px;top: 634.911px\"> <\/span><span dir=\"ltr\" role=\"presentation\" style=\"left: 154.64px;top: 634.911px\">s\u00f5ltuvalt<\/span><span dir=\"ltr\" role=\"presentation\" style=\"left: 227.98px;top: 634.911px\"> <\/span><span dir=\"ltr\" role=\"presentation\" style=\"left: 233.633px;top: 634.911px\">sellest, kas t\u00f6\u00f6deldak<\/span><span dir=\"ltr\" role=\"presentation\" style=\"left: 424.883px;top: 634.911px\">se pinda<\/span><span dir=\"ltr\" role=\"presentation\" style=\"left: 500.163px;top: 634.911px\"> <\/span><span dir=\"ltr\" role=\"presentation\" style=\"left: 505.883px;top: 634.911px\">mehaanilise<\/span><span dir=\"ltr\" role=\"presentation\" style=\"left: 612.717px;top: 634.911px\">l<\/span><span dir=\"ltr\" role=\"presentation\" style=\"left: 617.117px;top: 634.911px\">t v\u00f5i k\u00e4sit<\/span><span dir=\"ltr\" role=\"presentation\" style=\"left: 700.317px;top: 634.911px\">si.<\/span><\/span><\/span><\/span><\/span><\/span><\/span><\/li>\n<li><span style=\"font-family:arial,helvetica,sans-serif\"><span style=\"font-size:14px\"><span class=\"markedContent\"><span dir=\"ltr\" role=\"presentation\" style=\"left: 90px;top: 657.911px\">Lahjendamisel lisa<\/span><span dir=\"ltr\" role=\"presentation\" style=\"left: 256.433px;top: 657.911px\">da<\/span><span dir=\"ltr\" role=\"presentation\" style=\"left: 278.753px;top: 657.911px\"> <\/span><span dir=\"ltr\" role=\"presentation\" style=\"left: 286.033px;top: 657.911px\">tootele<\/span><span dir=\"ltr\" role=\"presentation\" style=\"left: 345.893px;top: 657.911px\"> <\/span><span dir=\"ltr\" role=\"presentation\" style=\"left: 353.483px;top: 657.911px\">vett samaaegselt<\/span><span dir=\"ltr\" role=\"presentation\" style=\"left: 506.143px;top: 657.911px\"> <\/span><span dir=\"ltr\" role=\"presentation\" style=\"left: 513.683px;top: 657.911px\">aeglaselt<\/span><span dir=\"ltr\" role=\"presentation\" style=\"left: 593.623px;top: 657.911px\"> <\/span><span dir=\"ltr\" role=\"presentation\" style=\"left: 601.117px;top: 657.911px\">segades<\/span><span dir=\"ltr\" role=\"presentation\" style=\"left: 676.717px;top: 657.911px\">. <\/span><\/span><\/span><\/span><\/li>\n<li><span style=\"font-family:arial,helvetica,sans-serif\"><span style=\"font-size:14px\"><span class=\"markedContent\" id=\"page3R_mcid24\"><span dir=\"ltr\" role=\"presentation\" style=\"left: 676.717px;top: 657.911px\">P\u00e4rast niiske lap<\/span><span dir=\"ltr\" role=\"presentation\" style=\"left: 839.767px;top: 657.911px\">iga \u00fcle<\/span> <span dir=\"ltr\" role=\"presentation\" style=\"left: 90px;top: 680.911px\">k\u00e4imist,<\/span><span dir=\"ltr\" role=\"presentation\" style=\"left: 157.92px;top: 680.911px\"> <\/span><span dir=\"ltr\" role=\"presentation\" style=\"left: 163.64px;top: 680.911px\">las<\/span><span dir=\"ltr\" role=\"presentation\" style=\"left: 189.033px;top: 680.911px\">ta<\/span><span dir=\"ltr\" role=\"presentation\" style=\"left: 205.753px;top: 680.911px\"> <\/span><span dir=\"ltr\" role=\"presentation\" style=\"left: 211.233px;top: 680.911px\">pinnal<\/span><span dir=\"ltr\" role=\"presentation\" style=\"left: 264.633px;top: 680.911px\"> <\/span><span dir=\"ltr\" role=\"presentation\" style=\"left: 270.233px;top: 680.911px\">kuivada, seej\u00e4rel poleeri<\/span><span dir=\"ltr\" role=\"presentation\" style=\"left: 485.883px;top: 680.911px\">da.<\/span><\/span><\/span><\/span><\/li>\n<\/ul>\n<p><span style=\"font-family:arial,helvetica,sans-serif\"><span style=\"font-size:14px\"><span class=\"markedContent\"><span dir=\"ltr\" role=\"presentation\" style=\"left: 485.883px;top: 680.911px\">pH 6,6<\/span><\/span><\/span><\/span><\/p>\n","protected":false},"excerpt":{"rendered":"<p>Sobib kerge mustusega p\u00f5randate tavap\u00e4raseks hooldamiseks, puhastab ja poleerib samaaegselt.<br \/>\nSobib s\u00e4ra andmiseks ja puuduvate vahaosade taastamiseks.<br \/>\nP\u00e4rast kuiva lapiga v\u00f5i poleerijaga pealekandmist ja kuivatamist saavutatakse suurep\u00e4rane l\u00e4ige.<br \/>\nKaitseb p\u00f5randat kulumise eest.<br \/>\nEriti sobiv marmor- aga ka parkett- ja v\u00e4rvitud p\u00f5rand, linoleum jne.<\/p>\n","protected":false},"featured_media":3592,"comment_status":"closed","ping_status":"closed","template":"","meta":[],"product_brand":[],"product_cat":[197],"product_tag":[],"class_list":{"0":"post-3192","1":"product","2":"type-product","3":"status-publish","4":"has-post-thumbnail","6":"product_cat-kaitse","8":"first","9":"instock","10":"taxable","11":"shipping-taxable","12":"purchasable","13":"product-type-simple"},"yoast_head":"<!-- This site is optimized with the Yoast SEO plugin v26.5 - https:\/\/yoast.com\/wordpress\/plugins\/seo\/ -->\n<title>Deterlux 5kg * - Poleeritav p\u00f5randahooldusvahend I ZEP Eesti<\/title>\n<meta name=\"description\" content=\"Sobib kerge mustusega p\u00f5randate tavap\u00e4raseks hooldamiseks, puhastades ja poleerides samaaegselt. Sobib s\u00e4ra andmiseks ning puuduvate vahaosade taastamiseks.\" \/>\n<meta name=\"robots\" content=\"index, follow, max-snippet:-1, max-image-preview:large, max-video-preview:-1\" \/>\n<link rel=\"canonical\" href=\"https:\/\/zepestonia.com\/en\/toode\/deterlux-5kg\/\" \/>\n<meta property=\"og:locale\" content=\"en_US\" \/>\n<meta property=\"og:type\" content=\"article\" \/>\n<meta property=\"og:title\" content=\"Deterlux 5kg * - Poleeritav p\u00f5randahooldusvahend I ZEP Eesti\" \/>\n<meta property=\"og:description\" content=\"Sobib kerge mustusega p\u00f5randate tavap\u00e4raseks hooldamiseks, puhastades ja poleerides samaaegselt. Sobib s\u00e4ra andmiseks ning puuduvate vahaosade taastamiseks.\" \/>\n<meta property=\"og:url\" content=\"https:\/\/zepestonia.com\/en\/toode\/deterlux-5kg\/\" \/>\n<meta property=\"og:site_name\" content=\"ZEP Eesti I Puhastusvahendid I E-pood\" \/>\n<meta property=\"article:publisher\" content=\"https:\/\/www.facebook.com\/ZepEesti\" \/>\n<meta property=\"article:modified_time\" content=\"2025-07-01T00:23:47+00:00\" \/>\n<meta property=\"og:image\" content=\"https:\/\/zepestonia.com\/wp-content\/uploads\/2021\/12\/57-60bef9549d0291-60714353-DETERLUX.png\" \/>\n\t<meta property=\"og:image:width\" content=\"400\" \/>\n\t<meta property=\"og:image:height\" content=\"600\" \/>\n\t<meta property=\"og:image:type\" content=\"image\/png\" \/>\n<meta name=\"twitter:card\" content=\"summary_large_image\" \/>\n<script type=\"application\/ld+json\" class=\"yoast-schema-graph\">{\"@context\":\"https:\/\/schema.org\",\"@graph\":[{\"@type\":\"WebPage\",\"@id\":\"https:\/\/zepestonia.com\/en\/toode\/deterlux-5kg\/\",\"url\":\"https:\/\/zepestonia.com\/en\/toode\/deterlux-5kg\/\",\"name\":\"Deterlux 5kg * - Poleeritav p\u00f5randahooldusvahend I ZEP Eesti\",\"isPartOf\":{\"@id\":\"https:\/\/zepestonia.com\/en\/#website\"},\"primaryImageOfPage\":{\"@id\":\"https:\/\/zepestonia.com\/en\/toode\/deterlux-5kg\/#primaryimage\"},\"image\":{\"@id\":\"https:\/\/zepestonia.com\/en\/toode\/deterlux-5kg\/#primaryimage\"},\"thumbnailUrl\":\"https:\/\/zepestonia.com\/wp-content\/uploads\/2021\/12\/57-60bef9549d0291-60714353-DETERLUX.png\",\"datePublished\":\"2021-11-29T19:01:01+00:00\",\"dateModified\":\"2025-07-01T00:23:47+00:00\",\"description\":\"Sobib kerge mustusega p\u00f5randate tavap\u00e4raseks hooldamiseks, puhastades ja poleerides samaaegselt. Sobib s\u00e4ra andmiseks ning puuduvate vahaosade taastamiseks.\",\"breadcrumb\":{\"@id\":\"https:\/\/zepestonia.com\/en\/toode\/deterlux-5kg\/#breadcrumb\"},\"inLanguage\":\"en-US\",\"potentialAction\":[{\"@type\":\"ReadAction\",\"target\":[\"https:\/\/zepestonia.com\/en\/toode\/deterlux-5kg\/\"]}]},{\"@type\":\"ImageObject\",\"inLanguage\":\"en-US\",\"@id\":\"https:\/\/zepestonia.com\/en\/toode\/deterlux-5kg\/#primaryimage\",\"url\":\"https:\/\/zepestonia.com\/wp-content\/uploads\/2021\/12\/57-60bef9549d0291-60714353-DETERLUX.png\",\"contentUrl\":\"https:\/\/zepestonia.com\/wp-content\/uploads\/2021\/12\/57-60bef9549d0291-60714353-DETERLUX.png\",\"width\":400,\"height\":600,\"caption\":\"57-60bef9549d0291-60714353-DETERLUX\"},{\"@type\":\"BreadcrumbList\",\"@id\":\"https:\/\/zepestonia.com\/en\/toode\/deterlux-5kg\/#breadcrumb\",\"itemListElement\":[{\"@type\":\"ListItem\",\"position\":1,\"name\":\"Home\",\"item\":\"https:\/\/zepestonia.com\/en\/\"},{\"@type\":\"ListItem\",\"position\":2,\"name\":\"Shop\",\"item\":\"https:\/\/zepestonia.com\/en\/?page_id=4643\"},{\"@type\":\"ListItem\",\"position\":3,\"name\":\"Deterlux 5kg * &#8211; Poleeritav p\u00f5randahooldusvahend\"}]},{\"@type\":\"WebSite\",\"@id\":\"https:\/\/zepestonia.com\/en\/#website\",\"url\":\"https:\/\/zepestonia.com\/en\/\",\"name\":\"ZEP Eesti I Puhastusvahendid I E-pood\",\"description\":\"Pakume puhastus- ja hooldusprobleemidele efektiivseid keskkonnas\u00f5bralikke lahendusi!\",\"publisher\":{\"@id\":\"https:\/\/zepestonia.com\/en\/#organization\"},\"potentialAction\":[{\"@type\":\"SearchAction\",\"target\":{\"@type\":\"EntryPoint\",\"urlTemplate\":\"https:\/\/zepestonia.com\/en\/?s={search_term_string}\"},\"query-input\":{\"@type\":\"PropertyValueSpecification\",\"valueRequired\":true,\"valueName\":\"search_term_string\"}}],\"inLanguage\":\"en-US\"},{\"@type\":\"Organization\",\"@id\":\"https:\/\/zepestonia.com\/en\/#organization\",\"name\":\"Zep Estonia\",\"url\":\"https:\/\/zepestonia.com\/en\/\",\"logo\":{\"@type\":\"ImageObject\",\"inLanguage\":\"en-US\",\"@id\":\"https:\/\/zepestonia.com\/en\/#\/schema\/logo\/image\/\",\"url\":\"https:\/\/zepestonia.com\/wp-content\/uploads\/2022\/03\/Zep-Logo_png.jpeg\",\"contentUrl\":\"https:\/\/zepestonia.com\/wp-content\/uploads\/2022\/03\/Zep-Logo_png.jpeg\",\"width\":109,\"height\":70,\"caption\":\"Zep Estonia\"},\"image\":{\"@id\":\"https:\/\/zepestonia.com\/en\/#\/schema\/logo\/image\/\"},\"sameAs\":[\"https:\/\/www.facebook.com\/ZepEesti\"]}]}<\/script>\n<!-- \/ Yoast SEO plugin. -->","yoast_head_json":{"title":"Deterlux 5kg * - Poleeritav p\u00f5randahooldusvahend I ZEP Eesti","description":"Sobib kerge mustusega p\u00f5randate tavap\u00e4raseks hooldamiseks, puhastades ja poleerides samaaegselt. Sobib s\u00e4ra andmiseks ning puuduvate vahaosade taastamiseks.","robots":{"index":"index","follow":"follow","max-snippet":"max-snippet:-1","max-image-preview":"max-image-preview:large","max-video-preview":"max-video-preview:-1"},"canonical":"https:\/\/zepestonia.com\/en\/toode\/deterlux-5kg\/","og_locale":"en_US","og_type":"article","og_title":"Deterlux 5kg * - Poleeritav p\u00f5randahooldusvahend I ZEP Eesti","og_description":"Sobib kerge mustusega p\u00f5randate tavap\u00e4raseks hooldamiseks, puhastades ja poleerides samaaegselt. Sobib s\u00e4ra andmiseks ning puuduvate vahaosade taastamiseks.","og_url":"https:\/\/zepestonia.com\/en\/toode\/deterlux-5kg\/","og_site_name":"ZEP Eesti I Puhastusvahendid I E-pood","article_publisher":"https:\/\/www.facebook.com\/ZepEesti","article_modified_time":"2025-07-01T00:23:47+00:00","og_image":[{"width":400,"height":600,"url":"https:\/\/zepestonia.com\/wp-content\/uploads\/2021\/12\/57-60bef9549d0291-60714353-DETERLUX.png","type":"image\/png"}],"twitter_card":"summary_large_image","schema":{"@context":"https:\/\/schema.org","@graph":[{"@type":"WebPage","@id":"https:\/\/zepestonia.com\/en\/toode\/deterlux-5kg\/","url":"https:\/\/zepestonia.com\/en\/toode\/deterlux-5kg\/","name":"Deterlux 5kg * - Poleeritav p\u00f5randahooldusvahend I ZEP Eesti","isPartOf":{"@id":"https:\/\/zepestonia.com\/en\/#website"},"primaryImageOfPage":{"@id":"https:\/\/zepestonia.com\/en\/toode\/deterlux-5kg\/#primaryimage"},"image":{"@id":"https:\/\/zepestonia.com\/en\/toode\/deterlux-5kg\/#primaryimage"},"thumbnailUrl":"https:\/\/zepestonia.com\/wp-content\/uploads\/2021\/12\/57-60bef9549d0291-60714353-DETERLUX.png","datePublished":"2021-11-29T19:01:01+00:00","dateModified":"2025-07-01T00:23:47+00:00","description":"Sobib kerge mustusega p\u00f5randate tavap\u00e4raseks hooldamiseks, puhastades ja poleerides samaaegselt. Sobib s\u00e4ra andmiseks ning puuduvate vahaosade taastamiseks.","breadcrumb":{"@id":"https:\/\/zepestonia.com\/en\/toode\/deterlux-5kg\/#breadcrumb"},"inLanguage":"en-US","potentialAction":[{"@type":"ReadAction","target":["https:\/\/zepestonia.com\/en\/toode\/deterlux-5kg\/"]}]},{"@type":"ImageObject","inLanguage":"en-US","@id":"https:\/\/zepestonia.com\/en\/toode\/deterlux-5kg\/#primaryimage","url":"https:\/\/zepestonia.com\/wp-content\/uploads\/2021\/12\/57-60bef9549d0291-60714353-DETERLUX.png","contentUrl":"https:\/\/zepestonia.com\/wp-content\/uploads\/2021\/12\/57-60bef9549d0291-60714353-DETERLUX.png","width":400,"height":600,"caption":"57-60bef9549d0291-60714353-DETERLUX"},{"@type":"BreadcrumbList","@id":"https:\/\/zepestonia.com\/en\/toode\/deterlux-5kg\/#breadcrumb","itemListElement":[{"@type":"ListItem","position":1,"name":"Home","item":"https:\/\/zepestonia.com\/en\/"},{"@type":"ListItem","position":2,"name":"Shop","item":"https:\/\/zepestonia.com\/en\/?page_id=4643"},{"@type":"ListItem","position":3,"name":"Deterlux 5kg * &#8211; Poleeritav p\u00f5randahooldusvahend"}]},{"@type":"WebSite","@id":"https:\/\/zepestonia.com\/en\/#website","url":"https:\/\/zepestonia.com\/en\/","name":"ZEP Eesti I Puhastusvahendid I E-pood","description":"Pakume puhastus- ja hooldusprobleemidele efektiivseid keskkonnas\u00f5bralikke lahendusi!","publisher":{"@id":"https:\/\/zepestonia.com\/en\/#organization"},"potentialAction":[{"@type":"SearchAction","target":{"@type":"EntryPoint","urlTemplate":"https:\/\/zepestonia.com\/en\/?s={search_term_string}"},"query-input":{"@type":"PropertyValueSpecification","valueRequired":true,"valueName":"search_term_string"}}],"inLanguage":"en-US"},{"@type":"Organization","@id":"https:\/\/zepestonia.com\/en\/#organization","name":"Zep Estonia","url":"https:\/\/zepestonia.com\/en\/","logo":{"@type":"ImageObject","inLanguage":"en-US","@id":"https:\/\/zepestonia.com\/en\/#\/schema\/logo\/image\/","url":"https:\/\/zepestonia.com\/wp-content\/uploads\/2022\/03\/Zep-Logo_png.jpeg","contentUrl":"https:\/\/zepestonia.com\/wp-content\/uploads\/2022\/03\/Zep-Logo_png.jpeg","width":109,"height":70,"caption":"Zep Estonia"},"image":{"@id":"https:\/\/zepestonia.com\/en\/#\/schema\/logo\/image\/"},"sameAs":["https:\/\/www.facebook.com\/ZepEesti"]}]}},"_links":{"self":[{"href":"https:\/\/zepestonia.com\/en\/wp-json\/wp\/v2\/product\/3192","targetHints":{"allow":["GET"]}}],"collection":[{"href":"https:\/\/zepestonia.com\/en\/wp-json\/wp\/v2\/product"}],"about":[{"href":"https:\/\/zepestonia.com\/en\/wp-json\/wp\/v2\/types\/product"}],"replies":[{"embeddable":true,"href":"https:\/\/zepestonia.com\/en\/wp-json\/wp\/v2\/comments?post=3192"}],"version-history":[{"count":2,"href":"https:\/\/zepestonia.com\/en\/wp-json\/wp\/v2\/product\/3192\/revisions"}],"predecessor-version":[{"id":11154,"href":"https:\/\/zepestonia.com\/en\/wp-json\/wp\/v2\/product\/3192\/revisions\/11154"}],"wp:featuredmedia":[{"embeddable":true,"href":"https:\/\/zepestonia.com\/en\/wp-json\/wp\/v2\/media\/3592"}],"wp:attachment":[{"href":"https:\/\/zepestonia.com\/en\/wp-json\/wp\/v2\/media?parent=3192"}],"wp:term":[{"taxonomy":"product_brand","embeddable":true,"href":"https:\/\/zepestonia.com\/en\/wp-json\/wp\/v2\/product_brand?post=3192"},{"taxonomy":"product_cat","embeddable":true,"href":"https:\/\/zepestonia.com\/en\/wp-json\/wp\/v2\/product_cat?post=3192"},{"taxonomy":"product_tag","embeddable":true,"href":"https:\/\/zepestonia.com\/en\/wp-json\/wp\/v2\/product_tag?post=3192"}],"curies":[{"name":"wp","href":"https:\/\/api.w.org\/{rel}","templated":true}]}}