{"id":3191,"date":"2021-11-29T19:01:01","date_gmt":"2021-11-29T19:01:01","guid":{"rendered":"https:\/\/zep.valgekana.ee\/toode\/con-kleen-5l\/"},"modified":"2025-07-01T00:24:30","modified_gmt":"2025-07-01T00:24:30","slug":"con-kleen-5l","status":"publish","type":"product","link":"https:\/\/zepestonia.com\/en\/toode\/con-kleen-5l\/","title":{"rendered":"Con Kleen 5L &#8211; Lubja ja rooste eemaldaja"},"content":{"rendered":"<p><span style=\"font-family:arial,helvetica,sans-serif\"><span style=\"font-size:14px\"><strong><span class=\"markedContent\" id=\"page28R_mcid13\"><span dir=\"ltr\" role=\"presentation\" style=\"left: 60px;top: 447.911px\">Esmane puhastus ja betoonij\u00e4\u00e4kide<\/span><span dir=\"ltr\" role=\"presentation\" style=\"left: 381.04px;top: 447.911px\"> <\/span><span dir=\"ltr\" role=\"presentation\" style=\"left: 387.083px;top: 447.911px\">lahustamine:<\/span><\/span><\/strong><\/span><\/span><\/p>\n<ul>\n<li><span style=\"font-family:arial,helvetica,sans-serif\"><span style=\"font-size:14px\"><span class=\"markedContent\" id=\"page28R_mcid15\"><span dir=\"ltr\" role=\"presentation\" style=\"left: 120.04px;top: 493.911px\">T\u00f6\u00f6lahus 1:4<\/span><span dir=\"ltr\" role=\"presentation\" style=\"left: 235.833px;top: 493.911px\">.<\/span><\/span><\/span><\/span><\/li>\n<li><span style=\"font-family:arial,helvetica,sans-serif\"><span style=\"font-size:14px\"><span class=\"markedContent\" id=\"page28R_mcid16\"><span dir=\"ltr\" role=\"presentation\" style=\"left: 120.04px;top: 516.911px\">Kanda t\u00f6\u00f6deldavale pinnale pihusti v\u00f5i harjaga<\/span><span dir=\"ltr\" role=\"presentation\" style=\"left: 533.917px;top: 516.911px\">.<\/span><\/span><\/span><\/span><\/li>\n<li><span style=\"font-family:arial,helvetica,sans-serif\"><span style=\"font-size:14px\"><span class=\"markedContent\" id=\"page28R_mcid17\"><span dir=\"ltr\" role=\"presentation\" style=\"left: 120.04px;top: 539.711px\">Lasta m\u00f5juda 5<\/span><span dir=\"ltr\" role=\"presentation\" style=\"left: 257.033px;top: 539.711px\">&#8211;<\/span><span dir=\"ltr\" role=\"presentation\" style=\"left: 263.633px;top: 539.711px\">10 minutit<\/span><span dir=\"ltr\" role=\"presentation\" style=\"left: 350.283px;top: 539.711px\">.<\/span><\/span><\/span><\/span><\/li>\n<li><span style=\"font-family:arial,helvetica,sans-serif\"><span style=\"font-size:14px\"><span class=\"markedContent\" id=\"page28R_mcid18\"><span dir=\"ltr\" role=\"presentation\" style=\"left: 120.04px;top: 562.711px\">Loputada puhta veega<\/span><span dir=\"ltr\" role=\"presentation\" style=\"left: 319.283px;top: 562.711px\">.<\/span><\/span><\/span><\/span><\/li>\n<li><span style=\"font-family:arial,helvetica,sans-serif\"><span style=\"font-size:14px\"><span class=\"markedContent\" id=\"page28R_mcid19\"><span dir=\"ltr\" role=\"presentation\" style=\"left: 120.04px;top: 585.711px\">Kangekaelsemate j\u00e4\u00e4kide eemaldamiseks korrata t\u00f6\u00f6protsessi<\/span><span dir=\"ltr\" role=\"presentation\" style=\"left: 675.117px;top: 585.711px\">.<\/span><\/span><\/span><\/span><\/li>\n<\/ul>\n<p><span style=\"font-family:arial,helvetica,sans-serif\"><span style=\"font-size:14px\"><strong><span class=\"markedContent\" id=\"page28R_mcid21\"><span dir=\"ltr\" role=\"presentation\" style=\"left: 60px;top: 631.711px\">Metallpindade puhastus katlakivist:<\/span><\/span><\/strong><\/span><\/span><\/p>\n<ul>\n<li><span style=\"font-family:arial,helvetica,sans-serif\"><span style=\"font-size:14px\"><span class=\"markedContent\" id=\"page28R_mcid23\"><span dir=\"ltr\" role=\"presentation\" style=\"left: 120.04px;top: 677.711px\">T\u00f6\u00f6lahus 1:4<\/span><span dir=\"ltr\" role=\"presentation\" style=\"left: 235.833px;top: 677.711px\">.<\/span><\/span><\/span><\/span><\/li>\n<li><span style=\"font-family:arial,helvetica,sans-serif\"><span style=\"font-size:14px\"><span class=\"markedContent\" id=\"page28R_mcid24\"><span dir=\"ltr\" role=\"presentation\" style=\"left: 120.04px;top: 700.711px\">Kanda t\u00f6\u00f6lahus<\/span><span dir=\"ltr\" role=\"presentation\" style=\"left: 259.08px;top: 700.711px\"> <\/span><span dir=\"ltr\" role=\"presentation\" style=\"left: 264.633px;top: 700.711px\">pihusti v\u00f5i harjaga t\u00f6\u00f6deldavale pinnale<\/span><span dir=\"ltr\" role=\"presentation\" style=\"left: 615.317px;top: 700.711px\">.<\/span><\/span><\/span><\/span><\/li>\n<li><span style=\"font-family:arial,helvetica,sans-serif\"><span style=\"font-size:14px\"><span class=\"markedContent\" id=\"page28R_mcid25\"><span dir=\"ltr\" role=\"presentation\" style=\"left: 120.04px;top: 723.711px\">Lasta m\u00f5nda aega m\u00f5juda<\/span><span dir=\"ltr\" role=\"presentation\" style=\"left: 357.083px;top: 723.711px\">.<\/span><\/span><\/span><\/span><\/li>\n<li><span style=\"font-family:arial,helvetica,sans-serif\"><span style=\"font-size:14px\"><span class=\"markedContent\" id=\"page28R_mcid26\"><span dir=\"ltr\" role=\"presentation\" style=\"left: 120.04px;top: 746.744px\">Loputada puhta veega<\/span><span dir=\"ltr\" role=\"presentation\" style=\"left: 319.283px;top: 746.744px\">.<\/span><\/span><\/span><\/span><\/li>\n<li><span style=\"font-family:arial,helvetica,sans-serif\"><span style=\"font-size:14px\"><span class=\"markedContent\" id=\"page28R_mcid27\"><span dir=\"ltr\" role=\"presentation\" style=\"left: 120.04px;top: 769.744px\">Pind kuivatada<\/span><span dir=\"ltr\" role=\"presentation\" style=\"left: 251.433px;top: 769.744px\">.<\/span><\/span><\/span><\/span><\/li>\n<\/ul>\n<p><span style=\"font-family:arial,helvetica,sans-serif\"><span style=\"font-size:14px\"><span style=\"color:#FF0000\"><strong><span class=\"markedContent\" id=\"page28R_mcid29\"><span dir=\"ltr\" role=\"presentation\" style=\"left: 60px;top: 815.744px\">NB!<\/span><\/span><\/strong><\/span><\/span><\/span><\/p>\n<ul>\n<li><span style=\"font-family:arial,helvetica,sans-serif\"><span style=\"font-size:14px\"><span class=\"markedContent\"><span dir=\"ltr\" role=\"presentation\" style=\"left: 120.04px;top: 840.144px\">Ei sobi kasutamiseks linoleumist p\u00f5randatel, puitterrassidel, marmoril, happe suhtes tundlikel<\/span><\/span><\/span><\/span><\/li>\n<li><span style=\"font-family:arial,helvetica,sans-serif\"><span style=\"font-size:14px\"><span class=\"markedContent\" id=\"page28R_mcid30\"><span dir=\"ltr\" role=\"presentation\" style=\"left: 120.04px;top: 863.144px\">kivipindadel, roostevabast terastel, kroom<\/span><span dir=\"ltr\" role=\"presentation\" style=\"left: 488.283px;top: 863.144px\">&#8211;<\/span><span dir=\"ltr\" role=\"presentation\" style=\"left: 494.943px;top: 863.144px\"> <\/span><span dir=\"ltr\" role=\"presentation\" style=\"left: 500.483px;top: 863.144px\">ja<\/span><span dir=\"ltr\" role=\"presentation\" style=\"left: 516.043px;top: 863.144px\"> <\/span><span dir=\"ltr\" role=\"presentation\" style=\"left: 521.283px;top: 863.144px\">emailpindadel ega ka nende l\u00e4heduses.<\/span><\/span><\/span><\/span><\/li>\n<li><span style=\"font-family:arial,helvetica,sans-serif\"><span style=\"font-size:14px\"><span class=\"markedContent\" id=\"page28R_mcid31\"><span dir=\"ltr\" role=\"presentation\" style=\"left: 120.04px;top: 887.544px\">Regulaarne CON<\/span><span dir=\"ltr\" role=\"presentation\" style=\"left: 273.633px;top: 887.544px\">&#8211;<\/span><span dir=\"ltr\" role=\"presentation\" style=\"left: 280.233px;top: 887.544px\">Kleen kasutamine v\u00f5ib p\u00f5hjustada betoonpindade kahjustusi<\/span><\/span><\/span><\/span><\/li>\n<li><span style=\"font-family:arial,helvetica,sans-serif\"><span style=\"font-size:14px\"><span class=\"markedContent\" id=\"page28R_mcid32\"><span dir=\"ltr\" role=\"presentation\" style=\"left: 120.04px;top: 911.944px\">V\u00f5imalusel katta kuivanud pind koheselt v\u00e4rvi<\/span><span dir=\"ltr\" role=\"presentation\" style=\"left: 543.72px;top: 911.944px\"> <\/span><span dir=\"ltr\" role=\"presentation\" style=\"left: 562.98px;top: 911.944px\">v\u00f5i m\u00f5ne muu korrosioonit\u00f5ket pakkuva <\/span><\/span><span class=\"markedContent\" id=\"page28R_mcid33\"><span dir=\"ltr\" role=\"presentation\" style=\"left: 120.04px;top: 934.944px\">vahendiga.<\/span><\/span><\/span><\/span><\/li>\n<\/ul>\n<p><span style=\"font-family:arial,helvetica,sans-serif\"><span style=\"font-size:14px\"><span class=\"markedContent\"><span dir=\"ltr\" role=\"presentation\" style=\"left: 120.04px;top: 934.944px\">pH &lt;1,0<\/span><\/span><\/span><\/span><\/p>\n","protected":false},"excerpt":{"rendered":"<p>Suurep\u00e4rane, ohutu ja t\u00f5hus puhastusvahend m\u00f6rdij\u00e4\u00e4tmete, krohvikihi ja muude lahustumatute ladestuste jaoks.<br \/>\nT\u00f5hus puhasti ja neutraliseerija pestitsiidide ladestumise ja muu mustuse eemaldamiseks mahutitest, poomidest, voolikutest, filtritest, pihustitest ja masinatest<br \/>\nEriti t\u00f5hus raualadestuste korral.<br \/>\nOhutu p\u00f5randa- ja seinaplaatide puhastamisel pesu- ja tualettruumides.<br \/>\nSuurep\u00e4rane puhastustoode ehitusj\u00e4rgseks koristuseks, eemaldades krohvipuru ja muud muidu lahustumatud sadestused.<br \/>\nEfektiivne golfiv\u00e4ljaku niiisutuss\u00fcsteemide pihustusmasinate elementide ja -paakide puhastamiseks<\/p>\n","protected":false},"featured_media":3649,"comment_status":"closed","ping_status":"closed","template":"","meta":[],"product_brand":[],"product_cat":[196],"product_tag":[],"class_list":{"0":"post-3191","1":"product","2":"type-product","3":"status-publish","4":"has-post-thumbnail","6":"product_cat-suvapuhastus","8":"first","9":"instock","10":"taxable","11":"shipping-taxable","12":"purchasable","13":"product-type-simple"},"yoast_head":"<!-- This site is optimized with the Yoast SEO plugin v26.5 - https:\/\/yoast.com\/wordpress\/plugins\/seo\/ -->\n<title>Con Kleen 5L - Lubja ja rooste eemaldaja I ZEP Eesti<\/title>\n<meta name=\"description\" content=\"Puhasti ja neutraliseerija pestitsiidide ladestumise ja muu mustuse eemaldamiseks mahutitest, poomidest, voolikutest, filtritest, pihustitest ja masinatest.\" \/>\n<meta name=\"robots\" content=\"index, follow, max-snippet:-1, max-image-preview:large, max-video-preview:-1\" \/>\n<link rel=\"canonical\" href=\"https:\/\/zepestonia.com\/en\/toode\/con-kleen-5l\/\" \/>\n<meta property=\"og:locale\" content=\"en_US\" \/>\n<meta property=\"og:type\" content=\"article\" \/>\n<meta property=\"og:title\" content=\"Con Kleen 5L - Lubja ja rooste eemaldaja I ZEP Eesti\" \/>\n<meta property=\"og:description\" content=\"Puhasti ja neutraliseerija pestitsiidide ladestumise ja muu mustuse eemaldamiseks mahutitest, poomidest, voolikutest, filtritest, pihustitest ja masinatest.\" \/>\n<meta property=\"og:url\" content=\"https:\/\/zepestonia.com\/en\/toode\/con-kleen-5l\/\" \/>\n<meta property=\"og:site_name\" content=\"ZEP Eesti I Puhastusvahendid I E-pood\" \/>\n<meta property=\"article:publisher\" content=\"https:\/\/www.facebook.com\/ZepEesti\" \/>\n<meta property=\"article:modified_time\" content=\"2025-07-01T00:24:30+00:00\" \/>\n<meta property=\"og:image\" content=\"https:\/\/zepestonia.com\/wp-content\/uploads\/2021\/12\/600-60bb2a932fe320-88320116-Con20Kleen.png\" \/>\n\t<meta property=\"og:image:width\" content=\"400\" \/>\n\t<meta property=\"og:image:height\" content=\"600\" \/>\n\t<meta property=\"og:image:type\" content=\"image\/png\" \/>\n<meta name=\"twitter:card\" content=\"summary_large_image\" \/>\n<meta name=\"twitter:label1\" content=\"Est. reading time\" \/>\n\t<meta name=\"twitter:data1\" content=\"1 minute\" \/>\n<script type=\"application\/ld+json\" class=\"yoast-schema-graph\">{\"@context\":\"https:\/\/schema.org\",\"@graph\":[{\"@type\":\"WebPage\",\"@id\":\"https:\/\/zepestonia.com\/en\/toode\/con-kleen-5l\/\",\"url\":\"https:\/\/zepestonia.com\/en\/toode\/con-kleen-5l\/\",\"name\":\"Con Kleen 5L - Lubja ja rooste eemaldaja I ZEP Eesti\",\"isPartOf\":{\"@id\":\"https:\/\/zepestonia.com\/en\/#website\"},\"primaryImageOfPage\":{\"@id\":\"https:\/\/zepestonia.com\/en\/toode\/con-kleen-5l\/#primaryimage\"},\"image\":{\"@id\":\"https:\/\/zepestonia.com\/en\/toode\/con-kleen-5l\/#primaryimage\"},\"thumbnailUrl\":\"https:\/\/zepestonia.com\/wp-content\/uploads\/2021\/12\/600-60bb2a932fe320-88320116-Con20Kleen.png\",\"datePublished\":\"2021-11-29T19:01:01+00:00\",\"dateModified\":\"2025-07-01T00:24:30+00:00\",\"description\":\"Puhasti ja neutraliseerija pestitsiidide ladestumise ja muu mustuse eemaldamiseks mahutitest, poomidest, voolikutest, filtritest, pihustitest ja masinatest.\",\"breadcrumb\":{\"@id\":\"https:\/\/zepestonia.com\/en\/toode\/con-kleen-5l\/#breadcrumb\"},\"inLanguage\":\"en-US\",\"potentialAction\":[{\"@type\":\"ReadAction\",\"target\":[\"https:\/\/zepestonia.com\/en\/toode\/con-kleen-5l\/\"]}]},{\"@type\":\"ImageObject\",\"inLanguage\":\"en-US\",\"@id\":\"https:\/\/zepestonia.com\/en\/toode\/con-kleen-5l\/#primaryimage\",\"url\":\"https:\/\/zepestonia.com\/wp-content\/uploads\/2021\/12\/600-60bb2a932fe320-88320116-Con20Kleen.png\",\"contentUrl\":\"https:\/\/zepestonia.com\/wp-content\/uploads\/2021\/12\/600-60bb2a932fe320-88320116-Con20Kleen.png\",\"width\":400,\"height\":600,\"caption\":\"600-60bb2a932fe320-88320116-Con20Kleen\"},{\"@type\":\"BreadcrumbList\",\"@id\":\"https:\/\/zepestonia.com\/en\/toode\/con-kleen-5l\/#breadcrumb\",\"itemListElement\":[{\"@type\":\"ListItem\",\"position\":1,\"name\":\"Home\",\"item\":\"https:\/\/zepestonia.com\/en\/\"},{\"@type\":\"ListItem\",\"position\":2,\"name\":\"Shop\",\"item\":\"https:\/\/zepestonia.com\/en\/?page_id=4643\"},{\"@type\":\"ListItem\",\"position\":3,\"name\":\"Con Kleen 5L &#8211; Lubja ja rooste eemaldaja\"}]},{\"@type\":\"WebSite\",\"@id\":\"https:\/\/zepestonia.com\/en\/#website\",\"url\":\"https:\/\/zepestonia.com\/en\/\",\"name\":\"ZEP Eesti I Puhastusvahendid I E-pood\",\"description\":\"Pakume puhastus- ja hooldusprobleemidele efektiivseid keskkonnas\u00f5bralikke lahendusi!\",\"publisher\":{\"@id\":\"https:\/\/zepestonia.com\/en\/#organization\"},\"potentialAction\":[{\"@type\":\"SearchAction\",\"target\":{\"@type\":\"EntryPoint\",\"urlTemplate\":\"https:\/\/zepestonia.com\/en\/?s={search_term_string}\"},\"query-input\":{\"@type\":\"PropertyValueSpecification\",\"valueRequired\":true,\"valueName\":\"search_term_string\"}}],\"inLanguage\":\"en-US\"},{\"@type\":\"Organization\",\"@id\":\"https:\/\/zepestonia.com\/en\/#organization\",\"name\":\"Zep Estonia\",\"url\":\"https:\/\/zepestonia.com\/en\/\",\"logo\":{\"@type\":\"ImageObject\",\"inLanguage\":\"en-US\",\"@id\":\"https:\/\/zepestonia.com\/en\/#\/schema\/logo\/image\/\",\"url\":\"https:\/\/zepestonia.com\/wp-content\/uploads\/2022\/03\/Zep-Logo_png.jpeg\",\"contentUrl\":\"https:\/\/zepestonia.com\/wp-content\/uploads\/2022\/03\/Zep-Logo_png.jpeg\",\"width\":109,\"height\":70,\"caption\":\"Zep Estonia\"},\"image\":{\"@id\":\"https:\/\/zepestonia.com\/en\/#\/schema\/logo\/image\/\"},\"sameAs\":[\"https:\/\/www.facebook.com\/ZepEesti\"]}]}<\/script>\n<!-- \/ Yoast SEO plugin. -->","yoast_head_json":{"title":"Con Kleen 5L - Lubja ja rooste eemaldaja I ZEP Eesti","description":"Puhasti ja neutraliseerija pestitsiidide ladestumise ja muu mustuse eemaldamiseks mahutitest, poomidest, voolikutest, filtritest, pihustitest ja masinatest.","robots":{"index":"index","follow":"follow","max-snippet":"max-snippet:-1","max-image-preview":"max-image-preview:large","max-video-preview":"max-video-preview:-1"},"canonical":"https:\/\/zepestonia.com\/en\/toode\/con-kleen-5l\/","og_locale":"en_US","og_type":"article","og_title":"Con Kleen 5L - Lubja ja rooste eemaldaja I ZEP Eesti","og_description":"Puhasti ja neutraliseerija pestitsiidide ladestumise ja muu mustuse eemaldamiseks mahutitest, poomidest, voolikutest, filtritest, pihustitest ja masinatest.","og_url":"https:\/\/zepestonia.com\/en\/toode\/con-kleen-5l\/","og_site_name":"ZEP Eesti I Puhastusvahendid I E-pood","article_publisher":"https:\/\/www.facebook.com\/ZepEesti","article_modified_time":"2025-07-01T00:24:30+00:00","og_image":[{"width":400,"height":600,"url":"https:\/\/zepestonia.com\/wp-content\/uploads\/2021\/12\/600-60bb2a932fe320-88320116-Con20Kleen.png","type":"image\/png"}],"twitter_card":"summary_large_image","twitter_misc":{"Est. reading time":"1 minute"},"schema":{"@context":"https:\/\/schema.org","@graph":[{"@type":"WebPage","@id":"https:\/\/zepestonia.com\/en\/toode\/con-kleen-5l\/","url":"https:\/\/zepestonia.com\/en\/toode\/con-kleen-5l\/","name":"Con Kleen 5L - Lubja ja rooste eemaldaja I ZEP Eesti","isPartOf":{"@id":"https:\/\/zepestonia.com\/en\/#website"},"primaryImageOfPage":{"@id":"https:\/\/zepestonia.com\/en\/toode\/con-kleen-5l\/#primaryimage"},"image":{"@id":"https:\/\/zepestonia.com\/en\/toode\/con-kleen-5l\/#primaryimage"},"thumbnailUrl":"https:\/\/zepestonia.com\/wp-content\/uploads\/2021\/12\/600-60bb2a932fe320-88320116-Con20Kleen.png","datePublished":"2021-11-29T19:01:01+00:00","dateModified":"2025-07-01T00:24:30+00:00","description":"Puhasti ja neutraliseerija pestitsiidide ladestumise ja muu mustuse eemaldamiseks mahutitest, poomidest, voolikutest, filtritest, pihustitest ja masinatest.","breadcrumb":{"@id":"https:\/\/zepestonia.com\/en\/toode\/con-kleen-5l\/#breadcrumb"},"inLanguage":"en-US","potentialAction":[{"@type":"ReadAction","target":["https:\/\/zepestonia.com\/en\/toode\/con-kleen-5l\/"]}]},{"@type":"ImageObject","inLanguage":"en-US","@id":"https:\/\/zepestonia.com\/en\/toode\/con-kleen-5l\/#primaryimage","url":"https:\/\/zepestonia.com\/wp-content\/uploads\/2021\/12\/600-60bb2a932fe320-88320116-Con20Kleen.png","contentUrl":"https:\/\/zepestonia.com\/wp-content\/uploads\/2021\/12\/600-60bb2a932fe320-88320116-Con20Kleen.png","width":400,"height":600,"caption":"600-60bb2a932fe320-88320116-Con20Kleen"},{"@type":"BreadcrumbList","@id":"https:\/\/zepestonia.com\/en\/toode\/con-kleen-5l\/#breadcrumb","itemListElement":[{"@type":"ListItem","position":1,"name":"Home","item":"https:\/\/zepestonia.com\/en\/"},{"@type":"ListItem","position":2,"name":"Shop","item":"https:\/\/zepestonia.com\/en\/?page_id=4643"},{"@type":"ListItem","position":3,"name":"Con Kleen 5L &#8211; Lubja ja rooste eemaldaja"}]},{"@type":"WebSite","@id":"https:\/\/zepestonia.com\/en\/#website","url":"https:\/\/zepestonia.com\/en\/","name":"ZEP Eesti I Puhastusvahendid I E-pood","description":"Pakume puhastus- ja hooldusprobleemidele efektiivseid keskkonnas\u00f5bralikke lahendusi!","publisher":{"@id":"https:\/\/zepestonia.com\/en\/#organization"},"potentialAction":[{"@type":"SearchAction","target":{"@type":"EntryPoint","urlTemplate":"https:\/\/zepestonia.com\/en\/?s={search_term_string}"},"query-input":{"@type":"PropertyValueSpecification","valueRequired":true,"valueName":"search_term_string"}}],"inLanguage":"en-US"},{"@type":"Organization","@id":"https:\/\/zepestonia.com\/en\/#organization","name":"Zep Estonia","url":"https:\/\/zepestonia.com\/en\/","logo":{"@type":"ImageObject","inLanguage":"en-US","@id":"https:\/\/zepestonia.com\/en\/#\/schema\/logo\/image\/","url":"https:\/\/zepestonia.com\/wp-content\/uploads\/2022\/03\/Zep-Logo_png.jpeg","contentUrl":"https:\/\/zepestonia.com\/wp-content\/uploads\/2022\/03\/Zep-Logo_png.jpeg","width":109,"height":70,"caption":"Zep Estonia"},"image":{"@id":"https:\/\/zepestonia.com\/en\/#\/schema\/logo\/image\/"},"sameAs":["https:\/\/www.facebook.com\/ZepEesti"]}]}},"_links":{"self":[{"href":"https:\/\/zepestonia.com\/en\/wp-json\/wp\/v2\/product\/3191","targetHints":{"allow":["GET"]}}],"collection":[{"href":"https:\/\/zepestonia.com\/en\/wp-json\/wp\/v2\/product"}],"about":[{"href":"https:\/\/zepestonia.com\/en\/wp-json\/wp\/v2\/types\/product"}],"replies":[{"embeddable":true,"href":"https:\/\/zepestonia.com\/en\/wp-json\/wp\/v2\/comments?post=3191"}],"version-history":[{"count":2,"href":"https:\/\/zepestonia.com\/en\/wp-json\/wp\/v2\/product\/3191\/revisions"}],"predecessor-version":[{"id":11267,"href":"https:\/\/zepestonia.com\/en\/wp-json\/wp\/v2\/product\/3191\/revisions\/11267"}],"wp:featuredmedia":[{"embeddable":true,"href":"https:\/\/zepestonia.com\/en\/wp-json\/wp\/v2\/media\/3649"}],"wp:attachment":[{"href":"https:\/\/zepestonia.com\/en\/wp-json\/wp\/v2\/media?parent=3191"}],"wp:term":[{"taxonomy":"product_brand","embeddable":true,"href":"https:\/\/zepestonia.com\/en\/wp-json\/wp\/v2\/product_brand?post=3191"},{"taxonomy":"product_cat","embeddable":true,"href":"https:\/\/zepestonia.com\/en\/wp-json\/wp\/v2\/product_cat?post=3191"},{"taxonomy":"product_tag","embeddable":true,"href":"https:\/\/zepestonia.com\/en\/wp-json\/wp\/v2\/product_tag?post=3191"}],"curies":[{"name":"wp","href":"https:\/\/api.w.org\/{rel}","templated":true}]}}