{"id":3190,"date":"2021-11-29T19:01:00","date_gmt":"2021-11-29T19:01:00","guid":{"rendered":"https:\/\/zep.valgekana.ee\/toode\/liquazyme-250ml\/"},"modified":"2026-03-10T00:00:13","modified_gmt":"2026-03-10T00:00:13","slug":"liquazyme-250ml","status":"publish","type":"product","link":"https:\/\/zepestonia.com\/en\/toode\/liquazyme-250ml\/","title":{"rendered":"LIQUAZYME 250ml &#8211; Bakterid heitvee hoolduseks"},"content":{"rendered":"<p><span style=\"font-family: Arial;font-size: 13px;font-style: normal;letter-spacing: normal;text-align: left;text-indent: 0px;text-transform: none;white-space: pre-wrap;text-decoration: none;font-weight: bold\">Trappi<\/span><span style=\"font-family: Arial;font-size: 13px;font-style: normal;font-weight: normal;letter-spacing: normal;text-align: left;text-indent: 0px;text-transform: none;white-space: pre-wrap;text-decoration: none\"> 50ml.+1L vett \/ 2-4 x kuus <\/span><\/p>\n<p><span style=\"font-family: Arial;font-size: 13px;font-style: normal;letter-spacing: normal;text-align: left;text-indent: 0px;text-transform: none;white-space: pre-wrap;text-decoration: none;font-weight: bold\">Valamusse trassi hoolduseks:<\/span><br \/>\n<span style=\"font-family: Arial;font-size: 13px;font-style: normal;font-weight: normal;letter-spacing: normal;text-align: left;text-indent: 0px;text-transform: none;white-space: pre-wrap;text-decoration: none\">\u00d8 50mm &#8211; 50ml\/1-3 x n\u00e4dalas<br \/>\n\u00d8 100mm &#8211; 50ml\/5-7 x n\u00e4dalas <\/span><\/p>\n<p><span style=\"font-family: Arial;font-size: 13px;font-style: normal;letter-spacing: normal;text-align: left;text-indent: 0px;text-transform: none;white-space: pre-wrap;text-decoration: none;font-weight: bold\">Septiku hooldus:<\/span><br \/>\n<span style=\"font-family: Arial;font-size: 13px;font-style: normal;font-weight: normal;letter-spacing: normal;text-align: left;text-indent: 0px;text-transform: none;white-space: pre-wrap;text-decoration: none\">&lt; 2m\u00b3\/ 2L\/kuu jooksul<br \/>\n&lt; 5m\u00b3\/ 3L\/kuu jooksul<br \/>\n&lt; 10m\u00b3\/ 5L\/kuu jooksul <\/span><br \/>\n<span style=\"font-family: Arial;font-size: 13px;font-style: normal;letter-spacing: normal;text-align: left;text-indent: 0px;text-transform: none;white-space: pre-wrap;text-decoration: none;font-weight: bold\">Kuivk\u00e4imla ja kodulooma v\u00e4ljaheidete ala<\/span><span style=\"font-family: Arial;font-size: 13px;font-style: normal;font-weight: normal;letter-spacing: normal;text-align: left;text-indent: 0px;text-transform: none;white-space: pre-wrap;text-decoration: none\"> kastmiseks 50-100ml + 6-8L vett\/ n\u00e4dalas <\/span><\/p>\n<p><span style=\"font-family: Arial;font-size: 13px;font-style: normal;letter-spacing: normal;text-align: left;text-indent: 0px;text-transform: none;white-space: pre-wrap;text-decoration: none;font-weight: bold\">Omadused: <\/span><span style=\"font-family: Arial;font-size: 13px;font-style: normal;font-weight: normal;letter-spacing: normal;text-align: left;text-indent: 0px;text-transform: none;white-space: pre-wrap;text-decoration: none\"> pH: 7,4<br \/>\n<strong>T\u00f6\u00f6temperatuur:<\/strong> kuni 40\u00b0C<br \/>\n<strong>T\u00f6\u00f6ala:<\/strong> pH 4,5 &#8211; 9,6<\/span><\/p>\n","protected":false},"excerpt":{"rendered":"<p>Ens\u00fc\u00fcmidest ja bakteritest koosnev bioaktivaator, mis eemaldab haisud, hoiab t\u00f6\u00f6korras trapid, trassid, septikud, kaevud, imbv\u00e4ljakud ja biotiigid v\u00e4hendades j\u00e4\u00e4tmete kuhjumist ja kiirendades lagundamist ning pikendab hooldusv\u00e4lpa.<br \/>\nToode lagundab divesiniksulfiidi (H2S) e. m\u00e4damuna haisu, rasva, \u00f5lid, valgu, t\u00e4rklise, suhkru ja paberi.<\/p>\n","protected":false},"featured_media":14242,"comment_status":"closed","ping_status":"closed","template":"","meta":[],"product_brand":[],"product_cat":[208],"product_tag":[],"class_list":{"0":"post-3190","1":"product","2":"type-product","3":"status-publish","4":"has-post-thumbnail","6":"product_cat-heitvesi","8":"first","9":"instock","10":"taxable","11":"shipping-taxable","12":"purchasable","13":"product-type-simple"},"yoast_head":"<!-- This site is optimized with the Yoast SEO plugin v26.5 - https:\/\/yoast.com\/wordpress\/plugins\/seo\/ -->\n<title>Liquazyme 250ml - Bakteriaalne lisand I ZEP Eesti<\/title>\n<meta name=\"robots\" content=\"index, follow, max-snippet:-1, max-image-preview:large, max-video-preview:-1\" \/>\n<link rel=\"canonical\" href=\"https:\/\/zepestonia.com\/en\/toode\/liquazyme-250ml\/\" \/>\n<meta property=\"og:locale\" content=\"en_US\" \/>\n<meta property=\"og:type\" content=\"article\" \/>\n<meta property=\"og:title\" content=\"Liquazyme 250ml - Bakteriaalne lisand I ZEP Eesti\" \/>\n<meta property=\"og:description\" content=\"Ens\u00fc\u00fcmidest ja bakteritest koosnev bioaktivaator, mis eemaldab haisud, hoiab t\u00f6\u00f6korras trapid, trassid, septikud, kaevud, imbv\u00e4ljakud ja biotiigid v\u00e4hendades j\u00e4\u00e4tmete kuhjumist ja kiirendades lagundamist ning pikendab hooldusv\u00e4lpa. Toode lagundab divesiniksulfiidi (H2S) e. m\u00e4damuna haisu, rasva, \u00f5lid, valgu, t\u00e4rklise, suhkru ja paberi.\" \/>\n<meta property=\"og:url\" content=\"https:\/\/zepestonia.com\/en\/toode\/liquazyme-250ml\/\" \/>\n<meta property=\"og:site_name\" content=\"ZEP Eesti I Puhastusvahendid I E-pood\" \/>\n<meta property=\"article:publisher\" content=\"https:\/\/www.facebook.com\/ZepEesti\" \/>\n<meta property=\"article:modified_time\" content=\"2026-03-10T00:00:13+00:00\" \/>\n<meta property=\"og:image\" content=\"https:\/\/zepestonia.com\/wp-content\/uploads\/2026\/02\/LIQUAZYME-10.png\" \/>\n\t<meta property=\"og:image:width\" content=\"400\" \/>\n\t<meta property=\"og:image:height\" content=\"600\" \/>\n\t<meta property=\"og:image:type\" content=\"image\/png\" \/>\n<meta name=\"twitter:card\" content=\"summary_large_image\" \/>\n<script type=\"application\/ld+json\" class=\"yoast-schema-graph\">{\"@context\":\"https:\/\/schema.org\",\"@graph\":[{\"@type\":\"WebPage\",\"@id\":\"https:\/\/zepestonia.com\/en\/toode\/liquazyme-250ml\/\",\"url\":\"https:\/\/zepestonia.com\/en\/toode\/liquazyme-250ml\/\",\"name\":\"Liquazyme 250ml - Bakteriaalne lisand I ZEP Eesti\",\"isPartOf\":{\"@id\":\"https:\/\/zepestonia.com\/en\/#website\"},\"primaryImageOfPage\":{\"@id\":\"https:\/\/zepestonia.com\/en\/toode\/liquazyme-250ml\/#primaryimage\"},\"image\":{\"@id\":\"https:\/\/zepestonia.com\/en\/toode\/liquazyme-250ml\/#primaryimage\"},\"thumbnailUrl\":\"https:\/\/zepestonia.com\/wp-content\/uploads\/2026\/02\/LIQUAZYME-10.png\",\"datePublished\":\"2021-11-29T19:01:00+00:00\",\"dateModified\":\"2026-03-10T00:00:13+00:00\",\"breadcrumb\":{\"@id\":\"https:\/\/zepestonia.com\/en\/toode\/liquazyme-250ml\/#breadcrumb\"},\"inLanguage\":\"en-US\",\"potentialAction\":[{\"@type\":\"ReadAction\",\"target\":[\"https:\/\/zepestonia.com\/en\/toode\/liquazyme-250ml\/\"]}]},{\"@type\":\"ImageObject\",\"inLanguage\":\"en-US\",\"@id\":\"https:\/\/zepestonia.com\/en\/toode\/liquazyme-250ml\/#primaryimage\",\"url\":\"https:\/\/zepestonia.com\/wp-content\/uploads\/2026\/02\/LIQUAZYME-10.png\",\"contentUrl\":\"https:\/\/zepestonia.com\/wp-content\/uploads\/2026\/02\/LIQUAZYME-10.png\",\"width\":400,\"height\":600,\"caption\":\"LIQUAZYME-10\"},{\"@type\":\"BreadcrumbList\",\"@id\":\"https:\/\/zepestonia.com\/en\/toode\/liquazyme-250ml\/#breadcrumb\",\"itemListElement\":[{\"@type\":\"ListItem\",\"position\":1,\"name\":\"Home\",\"item\":\"https:\/\/zepestonia.com\/en\/\"},{\"@type\":\"ListItem\",\"position\":2,\"name\":\"Shop\",\"item\":\"https:\/\/zepestonia.com\/en\/?page_id=4643\"},{\"@type\":\"ListItem\",\"position\":3,\"name\":\"LIQUAZYME 250ml &#8211; Bakterid heitvee hoolduseks\"}]},{\"@type\":\"WebSite\",\"@id\":\"https:\/\/zepestonia.com\/en\/#website\",\"url\":\"https:\/\/zepestonia.com\/en\/\",\"name\":\"ZEP Eesti I Puhastusvahendid I E-pood\",\"description\":\"Pakume puhastus- ja hooldusprobleemidele efektiivseid keskkonnas\u00f5bralikke lahendusi!\",\"publisher\":{\"@id\":\"https:\/\/zepestonia.com\/en\/#organization\"},\"potentialAction\":[{\"@type\":\"SearchAction\",\"target\":{\"@type\":\"EntryPoint\",\"urlTemplate\":\"https:\/\/zepestonia.com\/en\/?s={search_term_string}\"},\"query-input\":{\"@type\":\"PropertyValueSpecification\",\"valueRequired\":true,\"valueName\":\"search_term_string\"}}],\"inLanguage\":\"en-US\"},{\"@type\":\"Organization\",\"@id\":\"https:\/\/zepestonia.com\/en\/#organization\",\"name\":\"Zep Estonia\",\"url\":\"https:\/\/zepestonia.com\/en\/\",\"logo\":{\"@type\":\"ImageObject\",\"inLanguage\":\"en-US\",\"@id\":\"https:\/\/zepestonia.com\/en\/#\/schema\/logo\/image\/\",\"url\":\"https:\/\/zepestonia.com\/wp-content\/uploads\/2022\/03\/Zep-Logo_png.jpeg\",\"contentUrl\":\"https:\/\/zepestonia.com\/wp-content\/uploads\/2022\/03\/Zep-Logo_png.jpeg\",\"width\":109,\"height\":70,\"caption\":\"Zep Estonia\"},\"image\":{\"@id\":\"https:\/\/zepestonia.com\/en\/#\/schema\/logo\/image\/\"},\"sameAs\":[\"https:\/\/www.facebook.com\/ZepEesti\"]}]}<\/script>\n<!-- \/ Yoast SEO plugin. -->","yoast_head_json":{"title":"Liquazyme 250ml - Bakteriaalne lisand I ZEP Eesti","robots":{"index":"index","follow":"follow","max-snippet":"max-snippet:-1","max-image-preview":"max-image-preview:large","max-video-preview":"max-video-preview:-1"},"canonical":"https:\/\/zepestonia.com\/en\/toode\/liquazyme-250ml\/","og_locale":"en_US","og_type":"article","og_title":"Liquazyme 250ml - Bakteriaalne lisand I ZEP Eesti","og_description":"Ens\u00fc\u00fcmidest ja bakteritest koosnev bioaktivaator, mis eemaldab haisud, hoiab t\u00f6\u00f6korras trapid, trassid, septikud, kaevud, imbv\u00e4ljakud ja biotiigid v\u00e4hendades j\u00e4\u00e4tmete kuhjumist ja kiirendades lagundamist ning pikendab hooldusv\u00e4lpa. Toode lagundab divesiniksulfiidi (H2S) e. m\u00e4damuna haisu, rasva, \u00f5lid, valgu, t\u00e4rklise, suhkru ja paberi.","og_url":"https:\/\/zepestonia.com\/en\/toode\/liquazyme-250ml\/","og_site_name":"ZEP Eesti I Puhastusvahendid I E-pood","article_publisher":"https:\/\/www.facebook.com\/ZepEesti","article_modified_time":"2026-03-10T00:00:13+00:00","og_image":[{"width":400,"height":600,"url":"https:\/\/zepestonia.com\/wp-content\/uploads\/2026\/02\/LIQUAZYME-10.png","type":"image\/png"}],"twitter_card":"summary_large_image","schema":{"@context":"https:\/\/schema.org","@graph":[{"@type":"WebPage","@id":"https:\/\/zepestonia.com\/en\/toode\/liquazyme-250ml\/","url":"https:\/\/zepestonia.com\/en\/toode\/liquazyme-250ml\/","name":"Liquazyme 250ml - Bakteriaalne lisand I ZEP Eesti","isPartOf":{"@id":"https:\/\/zepestonia.com\/en\/#website"},"primaryImageOfPage":{"@id":"https:\/\/zepestonia.com\/en\/toode\/liquazyme-250ml\/#primaryimage"},"image":{"@id":"https:\/\/zepestonia.com\/en\/toode\/liquazyme-250ml\/#primaryimage"},"thumbnailUrl":"https:\/\/zepestonia.com\/wp-content\/uploads\/2026\/02\/LIQUAZYME-10.png","datePublished":"2021-11-29T19:01:00+00:00","dateModified":"2026-03-10T00:00:13+00:00","breadcrumb":{"@id":"https:\/\/zepestonia.com\/en\/toode\/liquazyme-250ml\/#breadcrumb"},"inLanguage":"en-US","potentialAction":[{"@type":"ReadAction","target":["https:\/\/zepestonia.com\/en\/toode\/liquazyme-250ml\/"]}]},{"@type":"ImageObject","inLanguage":"en-US","@id":"https:\/\/zepestonia.com\/en\/toode\/liquazyme-250ml\/#primaryimage","url":"https:\/\/zepestonia.com\/wp-content\/uploads\/2026\/02\/LIQUAZYME-10.png","contentUrl":"https:\/\/zepestonia.com\/wp-content\/uploads\/2026\/02\/LIQUAZYME-10.png","width":400,"height":600,"caption":"LIQUAZYME-10"},{"@type":"BreadcrumbList","@id":"https:\/\/zepestonia.com\/en\/toode\/liquazyme-250ml\/#breadcrumb","itemListElement":[{"@type":"ListItem","position":1,"name":"Home","item":"https:\/\/zepestonia.com\/en\/"},{"@type":"ListItem","position":2,"name":"Shop","item":"https:\/\/zepestonia.com\/en\/?page_id=4643"},{"@type":"ListItem","position":3,"name":"LIQUAZYME 250ml &#8211; Bakterid heitvee hoolduseks"}]},{"@type":"WebSite","@id":"https:\/\/zepestonia.com\/en\/#website","url":"https:\/\/zepestonia.com\/en\/","name":"ZEP Eesti I Puhastusvahendid I E-pood","description":"Pakume puhastus- ja hooldusprobleemidele efektiivseid keskkonnas\u00f5bralikke lahendusi!","publisher":{"@id":"https:\/\/zepestonia.com\/en\/#organization"},"potentialAction":[{"@type":"SearchAction","target":{"@type":"EntryPoint","urlTemplate":"https:\/\/zepestonia.com\/en\/?s={search_term_string}"},"query-input":{"@type":"PropertyValueSpecification","valueRequired":true,"valueName":"search_term_string"}}],"inLanguage":"en-US"},{"@type":"Organization","@id":"https:\/\/zepestonia.com\/en\/#organization","name":"Zep Estonia","url":"https:\/\/zepestonia.com\/en\/","logo":{"@type":"ImageObject","inLanguage":"en-US","@id":"https:\/\/zepestonia.com\/en\/#\/schema\/logo\/image\/","url":"https:\/\/zepestonia.com\/wp-content\/uploads\/2022\/03\/Zep-Logo_png.jpeg","contentUrl":"https:\/\/zepestonia.com\/wp-content\/uploads\/2022\/03\/Zep-Logo_png.jpeg","width":109,"height":70,"caption":"Zep Estonia"},"image":{"@id":"https:\/\/zepestonia.com\/en\/#\/schema\/logo\/image\/"},"sameAs":["https:\/\/www.facebook.com\/ZepEesti"]}]}},"_links":{"self":[{"href":"https:\/\/zepestonia.com\/en\/wp-json\/wp\/v2\/product\/3190","targetHints":{"allow":["GET"]}}],"collection":[{"href":"https:\/\/zepestonia.com\/en\/wp-json\/wp\/v2\/product"}],"about":[{"href":"https:\/\/zepestonia.com\/en\/wp-json\/wp\/v2\/types\/product"}],"replies":[{"embeddable":true,"href":"https:\/\/zepestonia.com\/en\/wp-json\/wp\/v2\/comments?post=3190"}],"version-history":[{"count":2,"href":"https:\/\/zepestonia.com\/en\/wp-json\/wp\/v2\/product\/3190\/revisions"}],"predecessor-version":[{"id":14244,"href":"https:\/\/zepestonia.com\/en\/wp-json\/wp\/v2\/product\/3190\/revisions\/14244"}],"wp:featuredmedia":[{"embeddable":true,"href":"https:\/\/zepestonia.com\/en\/wp-json\/wp\/v2\/media\/14242"}],"wp:attachment":[{"href":"https:\/\/zepestonia.com\/en\/wp-json\/wp\/v2\/media?parent=3190"}],"wp:term":[{"taxonomy":"product_brand","embeddable":true,"href":"https:\/\/zepestonia.com\/en\/wp-json\/wp\/v2\/product_brand?post=3190"},{"taxonomy":"product_cat","embeddable":true,"href":"https:\/\/zepestonia.com\/en\/wp-json\/wp\/v2\/product_cat?post=3190"},{"taxonomy":"product_tag","embeddable":true,"href":"https:\/\/zepestonia.com\/en\/wp-json\/wp\/v2\/product_tag?post=3190"}],"curies":[{"name":"wp","href":"https:\/\/api.w.org\/{rel}","templated":true}]}}