{"id":3184,"date":"2021-11-29T19:01:00","date_gmt":"2021-11-29T19:01:00","guid":{"rendered":"https:\/\/zep.valgekana.ee\/toode\/betomex-lp-5l\/"},"modified":"2025-07-01T00:23:25","modified_gmt":"2025-07-01T00:23:25","slug":"betomex-lp-5l","status":"publish","type":"product","link":"https:\/\/zepestonia.com\/en\/toode\/betomex-lp-5l\/","title":{"rendered":"Betomex LP 5L &#8211; Betooni eemaldaja"},"content":{"rendered":"<ul>\n<li>Betooni eemaldaja kasutamiseks tuleb eemaldada surveveega suuremad setted.<\/li>\n<li>Betomex LP pihustatakse t\u00f6\u00f6deldavale pinnale vahekorras 1:3-10 vastavalt betoonij\u00e4\u00e4kide paksusele.<\/li>\n<li>Ehitusj\u00e4rgsel koristusel tuleb kasutada vesilahust 1:30-60<\/li>\n<li><span style=\"color:#FF0000\">Loputada p\u00f5hjalikult.<\/span><\/li>\n<li><span style=\"color:#FF0000\">Alati kasutada kindaid, kaitseprille, n\u00e4okaitset ja happekindlat p\u00f5lle<\/span><\/li>\n<li><span style=\"color:#FF0000\">Mitte kasutada alumiiniumil, roostevaba terasel ja galvaniseeritud raual.<\/span><\/li>\n<\/ul>\n<p>pH &lt;1,0<\/p>\n","protected":false},"excerpt":{"rendered":"<p>Efektiivne ja \u00f6konoomne, happeline vahend betooni eemaldamiseks.<br \/>\nVahend on m\u00f5eldud kasutamiseks betoonimasinatel, ehitusinventaridel, p\u00f5randatel ja muudel pindadel.<br \/>\nT\u00e4nu oma erilistele imbuvatele koostisosadele v\u00f5imaldab efektiivselt eemaldada tsemendij\u00e4\u00e4gid materjale kahjustamata.<br \/>\nBetomex LP on ka efektiivne pooride avaja betoonp\u00f5randate paigaldamisel ning \u00fcldine t\u00f6\u00f6stuslik puhastaja.<\/p>\n","protected":false},"featured_media":5012,"comment_status":"closed","ping_status":"closed","template":"","meta":[],"product_brand":[],"product_cat":[213],"product_tag":[],"class_list":{"0":"post-3184","1":"product","2":"type-product","3":"status-publish","4":"has-post-thumbnail","6":"product_cat-kivi-betoon","8":"first","9":"instock","10":"taxable","11":"shipping-taxable","12":"purchasable","13":"product-type-simple"},"yoast_head":"<!-- This site is optimized with the Yoast SEO plugin v26.5 - https:\/\/yoast.com\/wordpress\/plugins\/seo\/ -->\n<title>Betomex LP 5L - Betooni eemaldaja, \u00f6konoomne I ZEP Eesti<\/title>\n<meta name=\"description\" content=\"Efektiivne ja \u00f6konoomne, happeline vahend betooni eemaldamiseks. Vahendit sobib kasutada betoonimasinatel, ehitusinventaridel, p\u00f5randatel ja muudel pindadel.\" \/>\n<meta name=\"robots\" content=\"index, follow, max-snippet:-1, max-image-preview:large, max-video-preview:-1\" \/>\n<link rel=\"canonical\" href=\"https:\/\/zepestonia.com\/en\/toode\/betomex-lp-5l\/\" \/>\n<meta property=\"og:locale\" content=\"en_US\" \/>\n<meta property=\"og:type\" content=\"article\" \/>\n<meta property=\"og:title\" content=\"Betomex LP 5L - Betooni eemaldaja, \u00f6konoomne I ZEP Eesti\" \/>\n<meta property=\"og:description\" content=\"Efektiivne ja \u00f6konoomne, happeline vahend betooni eemaldamiseks. Vahendit sobib kasutada betoonimasinatel, ehitusinventaridel, p\u00f5randatel ja muudel pindadel.\" \/>\n<meta property=\"og:url\" content=\"https:\/\/zepestonia.com\/en\/toode\/betomex-lp-5l\/\" \/>\n<meta property=\"og:site_name\" content=\"ZEP Eesti I Puhastusvahendid I E-pood\" \/>\n<meta property=\"article:publisher\" content=\"https:\/\/www.facebook.com\/ZepEesti\" \/>\n<meta property=\"article:modified_time\" content=\"2025-07-01T00:23:25+00:00\" \/>\n<meta property=\"og:image\" content=\"https:\/\/zepestonia.com\/wp-content\/uploads\/2022\/02\/BETOMEX-5.png\" \/>\n\t<meta property=\"og:image:width\" content=\"400\" \/>\n\t<meta property=\"og:image:height\" content=\"600\" \/>\n\t<meta property=\"og:image:type\" content=\"image\/png\" \/>\n<meta name=\"twitter:card\" content=\"summary_large_image\" \/>\n<script type=\"application\/ld+json\" class=\"yoast-schema-graph\">{\"@context\":\"https:\/\/schema.org\",\"@graph\":[{\"@type\":\"WebPage\",\"@id\":\"https:\/\/zepestonia.com\/en\/toode\/betomex-lp-5l\/\",\"url\":\"https:\/\/zepestonia.com\/en\/toode\/betomex-lp-5l\/\",\"name\":\"Betomex LP 5L - Betooni eemaldaja, \u00f6konoomne I ZEP Eesti\",\"isPartOf\":{\"@id\":\"https:\/\/zepestonia.com\/en\/#website\"},\"primaryImageOfPage\":{\"@id\":\"https:\/\/zepestonia.com\/en\/toode\/betomex-lp-5l\/#primaryimage\"},\"image\":{\"@id\":\"https:\/\/zepestonia.com\/en\/toode\/betomex-lp-5l\/#primaryimage\"},\"thumbnailUrl\":\"https:\/\/zepestonia.com\/wp-content\/uploads\/2022\/02\/BETOMEX-5.png\",\"datePublished\":\"2021-11-29T19:01:00+00:00\",\"dateModified\":\"2025-07-01T00:23:25+00:00\",\"description\":\"Efektiivne ja \u00f6konoomne, happeline vahend betooni eemaldamiseks. Vahendit sobib kasutada betoonimasinatel, ehitusinventaridel, p\u00f5randatel ja muudel pindadel.\",\"breadcrumb\":{\"@id\":\"https:\/\/zepestonia.com\/en\/toode\/betomex-lp-5l\/#breadcrumb\"},\"inLanguage\":\"en-US\",\"potentialAction\":[{\"@type\":\"ReadAction\",\"target\":[\"https:\/\/zepestonia.com\/en\/toode\/betomex-lp-5l\/\"]}]},{\"@type\":\"ImageObject\",\"inLanguage\":\"en-US\",\"@id\":\"https:\/\/zepestonia.com\/en\/toode\/betomex-lp-5l\/#primaryimage\",\"url\":\"https:\/\/zepestonia.com\/wp-content\/uploads\/2022\/02\/BETOMEX-5.png\",\"contentUrl\":\"https:\/\/zepestonia.com\/wp-content\/uploads\/2022\/02\/BETOMEX-5.png\",\"width\":400,\"height\":600,\"caption\":\"BETOMEX-5\"},{\"@type\":\"BreadcrumbList\",\"@id\":\"https:\/\/zepestonia.com\/en\/toode\/betomex-lp-5l\/#breadcrumb\",\"itemListElement\":[{\"@type\":\"ListItem\",\"position\":1,\"name\":\"Home\",\"item\":\"https:\/\/zepestonia.com\/en\/\"},{\"@type\":\"ListItem\",\"position\":2,\"name\":\"Shop\",\"item\":\"https:\/\/zepestonia.com\/en\/?page_id=4643\"},{\"@type\":\"ListItem\",\"position\":3,\"name\":\"Betomex LP 5L &#8211; Betooni eemaldaja\"}]},{\"@type\":\"WebSite\",\"@id\":\"https:\/\/zepestonia.com\/en\/#website\",\"url\":\"https:\/\/zepestonia.com\/en\/\",\"name\":\"ZEP Eesti I Puhastusvahendid I E-pood\",\"description\":\"Pakume puhastus- ja hooldusprobleemidele efektiivseid keskkonnas\u00f5bralikke lahendusi!\",\"publisher\":{\"@id\":\"https:\/\/zepestonia.com\/en\/#organization\"},\"potentialAction\":[{\"@type\":\"SearchAction\",\"target\":{\"@type\":\"EntryPoint\",\"urlTemplate\":\"https:\/\/zepestonia.com\/en\/?s={search_term_string}\"},\"query-input\":{\"@type\":\"PropertyValueSpecification\",\"valueRequired\":true,\"valueName\":\"search_term_string\"}}],\"inLanguage\":\"en-US\"},{\"@type\":\"Organization\",\"@id\":\"https:\/\/zepestonia.com\/en\/#organization\",\"name\":\"Zep Estonia\",\"url\":\"https:\/\/zepestonia.com\/en\/\",\"logo\":{\"@type\":\"ImageObject\",\"inLanguage\":\"en-US\",\"@id\":\"https:\/\/zepestonia.com\/en\/#\/schema\/logo\/image\/\",\"url\":\"https:\/\/zepestonia.com\/wp-content\/uploads\/2022\/03\/Zep-Logo_png.jpeg\",\"contentUrl\":\"https:\/\/zepestonia.com\/wp-content\/uploads\/2022\/03\/Zep-Logo_png.jpeg\",\"width\":109,\"height\":70,\"caption\":\"Zep Estonia\"},\"image\":{\"@id\":\"https:\/\/zepestonia.com\/en\/#\/schema\/logo\/image\/\"},\"sameAs\":[\"https:\/\/www.facebook.com\/ZepEesti\"]}]}<\/script>\n<!-- \/ Yoast SEO plugin. -->","yoast_head_json":{"title":"Betomex LP 5L - Betooni eemaldaja, \u00f6konoomne I ZEP Eesti","description":"Efektiivne ja \u00f6konoomne, happeline vahend betooni eemaldamiseks. Vahendit sobib kasutada betoonimasinatel, ehitusinventaridel, p\u00f5randatel ja muudel pindadel.","robots":{"index":"index","follow":"follow","max-snippet":"max-snippet:-1","max-image-preview":"max-image-preview:large","max-video-preview":"max-video-preview:-1"},"canonical":"https:\/\/zepestonia.com\/en\/toode\/betomex-lp-5l\/","og_locale":"en_US","og_type":"article","og_title":"Betomex LP 5L - Betooni eemaldaja, \u00f6konoomne I ZEP Eesti","og_description":"Efektiivne ja \u00f6konoomne, happeline vahend betooni eemaldamiseks. Vahendit sobib kasutada betoonimasinatel, ehitusinventaridel, p\u00f5randatel ja muudel pindadel.","og_url":"https:\/\/zepestonia.com\/en\/toode\/betomex-lp-5l\/","og_site_name":"ZEP Eesti I Puhastusvahendid I E-pood","article_publisher":"https:\/\/www.facebook.com\/ZepEesti","article_modified_time":"2025-07-01T00:23:25+00:00","og_image":[{"width":400,"height":600,"url":"https:\/\/zepestonia.com\/wp-content\/uploads\/2022\/02\/BETOMEX-5.png","type":"image\/png"}],"twitter_card":"summary_large_image","schema":{"@context":"https:\/\/schema.org","@graph":[{"@type":"WebPage","@id":"https:\/\/zepestonia.com\/en\/toode\/betomex-lp-5l\/","url":"https:\/\/zepestonia.com\/en\/toode\/betomex-lp-5l\/","name":"Betomex LP 5L - Betooni eemaldaja, \u00f6konoomne I ZEP Eesti","isPartOf":{"@id":"https:\/\/zepestonia.com\/en\/#website"},"primaryImageOfPage":{"@id":"https:\/\/zepestonia.com\/en\/toode\/betomex-lp-5l\/#primaryimage"},"image":{"@id":"https:\/\/zepestonia.com\/en\/toode\/betomex-lp-5l\/#primaryimage"},"thumbnailUrl":"https:\/\/zepestonia.com\/wp-content\/uploads\/2022\/02\/BETOMEX-5.png","datePublished":"2021-11-29T19:01:00+00:00","dateModified":"2025-07-01T00:23:25+00:00","description":"Efektiivne ja \u00f6konoomne, happeline vahend betooni eemaldamiseks. Vahendit sobib kasutada betoonimasinatel, ehitusinventaridel, p\u00f5randatel ja muudel pindadel.","breadcrumb":{"@id":"https:\/\/zepestonia.com\/en\/toode\/betomex-lp-5l\/#breadcrumb"},"inLanguage":"en-US","potentialAction":[{"@type":"ReadAction","target":["https:\/\/zepestonia.com\/en\/toode\/betomex-lp-5l\/"]}]},{"@type":"ImageObject","inLanguage":"en-US","@id":"https:\/\/zepestonia.com\/en\/toode\/betomex-lp-5l\/#primaryimage","url":"https:\/\/zepestonia.com\/wp-content\/uploads\/2022\/02\/BETOMEX-5.png","contentUrl":"https:\/\/zepestonia.com\/wp-content\/uploads\/2022\/02\/BETOMEX-5.png","width":400,"height":600,"caption":"BETOMEX-5"},{"@type":"BreadcrumbList","@id":"https:\/\/zepestonia.com\/en\/toode\/betomex-lp-5l\/#breadcrumb","itemListElement":[{"@type":"ListItem","position":1,"name":"Home","item":"https:\/\/zepestonia.com\/en\/"},{"@type":"ListItem","position":2,"name":"Shop","item":"https:\/\/zepestonia.com\/en\/?page_id=4643"},{"@type":"ListItem","position":3,"name":"Betomex LP 5L &#8211; Betooni eemaldaja"}]},{"@type":"WebSite","@id":"https:\/\/zepestonia.com\/en\/#website","url":"https:\/\/zepestonia.com\/en\/","name":"ZEP Eesti I Puhastusvahendid I E-pood","description":"Pakume puhastus- ja hooldusprobleemidele efektiivseid keskkonnas\u00f5bralikke lahendusi!","publisher":{"@id":"https:\/\/zepestonia.com\/en\/#organization"},"potentialAction":[{"@type":"SearchAction","target":{"@type":"EntryPoint","urlTemplate":"https:\/\/zepestonia.com\/en\/?s={search_term_string}"},"query-input":{"@type":"PropertyValueSpecification","valueRequired":true,"valueName":"search_term_string"}}],"inLanguage":"en-US"},{"@type":"Organization","@id":"https:\/\/zepestonia.com\/en\/#organization","name":"Zep Estonia","url":"https:\/\/zepestonia.com\/en\/","logo":{"@type":"ImageObject","inLanguage":"en-US","@id":"https:\/\/zepestonia.com\/en\/#\/schema\/logo\/image\/","url":"https:\/\/zepestonia.com\/wp-content\/uploads\/2022\/03\/Zep-Logo_png.jpeg","contentUrl":"https:\/\/zepestonia.com\/wp-content\/uploads\/2022\/03\/Zep-Logo_png.jpeg","width":109,"height":70,"caption":"Zep Estonia"},"image":{"@id":"https:\/\/zepestonia.com\/en\/#\/schema\/logo\/image\/"},"sameAs":["https:\/\/www.facebook.com\/ZepEesti"]}]}},"_links":{"self":[{"href":"https:\/\/zepestonia.com\/en\/wp-json\/wp\/v2\/product\/3184","targetHints":{"allow":["GET"]}}],"collection":[{"href":"https:\/\/zepestonia.com\/en\/wp-json\/wp\/v2\/product"}],"about":[{"href":"https:\/\/zepestonia.com\/en\/wp-json\/wp\/v2\/types\/product"}],"replies":[{"embeddable":true,"href":"https:\/\/zepestonia.com\/en\/wp-json\/wp\/v2\/comments?post=3184"}],"version-history":[{"count":1,"href":"https:\/\/zepestonia.com\/en\/wp-json\/wp\/v2\/product\/3184\/revisions"}],"predecessor-version":[{"id":10219,"href":"https:\/\/zepestonia.com\/en\/wp-json\/wp\/v2\/product\/3184\/revisions\/10219"}],"wp:featuredmedia":[{"embeddable":true,"href":"https:\/\/zepestonia.com\/en\/wp-json\/wp\/v2\/media\/5012"}],"wp:attachment":[{"href":"https:\/\/zepestonia.com\/en\/wp-json\/wp\/v2\/media?parent=3184"}],"wp:term":[{"taxonomy":"product_brand","embeddable":true,"href":"https:\/\/zepestonia.com\/en\/wp-json\/wp\/v2\/product_brand?post=3184"},{"taxonomy":"product_cat","embeddable":true,"href":"https:\/\/zepestonia.com\/en\/wp-json\/wp\/v2\/product_cat?post=3184"},{"taxonomy":"product_tag","embeddable":true,"href":"https:\/\/zepestonia.com\/en\/wp-json\/wp\/v2\/product_tag?post=3184"}],"curies":[{"name":"wp","href":"https:\/\/api.w.org\/{rel}","templated":true}]}}