{"id":3165,"date":"2021-11-29T19:00:59","date_gmt":"2021-11-29T19:00:59","guid":{"rendered":"https:\/\/zep.valgekana.ee\/toode\/wood-doctor\/"},"modified":"2026-01-07T00:00:11","modified_gmt":"2026-01-07T00:00:11","slug":"wood-doctor","status":"publish","type":"product","link":"https:\/\/zepestonia.com\/en\/toode\/wood-doctor\/","title":{"rendered":"Wood Doctor  &#8211; Puitpindade puhastaja ja s\u00e4ilitaja"},"content":{"rendered":"<ul>\n<li>Piserdada \u00fchtlaselt naturaalsele puidule hoides pudelit 15 \u2013 20 cm kaugusel pinnast.<\/li>\n<li>Hoiduda \u00fclepiserdamisest.<\/li>\n<li>P\u00fchkida pind puhta lapiga \u00fcle, liikudes m\u00f6\u00f6da puidu s\u00fc\u00fcd.<\/li>\n<li>Vana vaha eemaldamiseks lasta seista mitmeid tunde enne maha p\u00fchkimist.<\/li>\n<li>Kogu vana vaha eemaldamiseks v\u00f5ib olla vajadus protseduuri korrata.<\/li>\n<li>Tihe kasutamine m\u00f5jub enamustele puitpindadele kasulikult.<\/li>\n<li>V\u00e4rvitud v\u00f5i pleegitatud puidul v\u00f5i p\u00f5randal ei ole soovitatav kasutada.<\/li>\n<li><span style=\"color:#FF0000\">Pritsmed on tuleohtlikud! <\/span><\/li>\n<\/ul>\n<p><strong>Kulu<\/strong>: \u2248 12 m\u00b2<\/p>\n","protected":false},"excerpt":{"rendered":"<p>Toode taastab puidu algelise tekstuuri ja v\u00e4limuse, elimineerib kriimustused, plekid ja veeplekid puitpaneelidelt, m\u00f6\u00f6blilt, ja k\u00f5ikidelt teistelt puitpindadelt.<br \/>\nT\u00f6\u00f6tab h\u00e4sti tiikpuul, vahtral, palisandril, p\u00e4hklipuul, mahagonil, seedril, kirsipuul, m\u00e4nnil ja tammel.<br \/>\nPuhastaja ei sisalda kuhjuvaid vahasid ega abrasiive.<br \/>\nVahend sisaldab loodusliku p\u00e4ritoluga komponente.<\/p>\n","protected":false},"featured_media":3943,"comment_status":"closed","ping_status":"closed","template":"","meta":[],"product_brand":[],"product_cat":[212],"product_tag":[],"class_list":{"0":"post-3165","1":"product","2":"type-product","3":"status-publish","4":"has-post-thumbnail","6":"product_cat-puit","8":"first","9":"instock","10":"taxable","11":"shipping-taxable","12":"purchasable","13":"product-type-simple"},"yoast_head":"<!-- This site is optimized with the Yoast SEO plugin v26.5 - https:\/\/yoast.com\/wordpress\/plugins\/seo\/ -->\n<title>Wood Doctor - Puitpindade puhastaja ja s\u00e4ilitaja I ZEP Eesti<\/title>\n<meta name=\"description\" content=\"Toode taastab puidu algelise tekstuuri ja v\u00e4limuse, elimineerib kriimustused, plekid, veeplekid puitpaneelidelt, m\u00f6\u00f6blilt ja k\u00f5ikidelt teistelt puitpindadelt.\" \/>\n<meta name=\"robots\" content=\"index, follow, max-snippet:-1, max-image-preview:large, max-video-preview:-1\" \/>\n<link rel=\"canonical\" href=\"https:\/\/zepestonia.com\/en\/toode\/wood-doctor\/\" \/>\n<meta property=\"og:locale\" content=\"en_US\" \/>\n<meta property=\"og:type\" content=\"article\" \/>\n<meta property=\"og:title\" content=\"Wood Doctor - Puitpindade puhastaja ja s\u00e4ilitaja I ZEP Eesti\" \/>\n<meta property=\"og:description\" content=\"Toode taastab puidu algelise tekstuuri ja v\u00e4limuse, elimineerib kriimustused, plekid, veeplekid puitpaneelidelt, m\u00f6\u00f6blilt ja k\u00f5ikidelt teistelt puitpindadelt.\" \/>\n<meta property=\"og:url\" content=\"https:\/\/zepestonia.com\/en\/toode\/wood-doctor\/\" \/>\n<meta property=\"og:site_name\" content=\"ZEP Eesti I Puhastusvahendid I E-pood\" \/>\n<meta property=\"article:publisher\" content=\"https:\/\/www.facebook.com\/ZepEesti\" \/>\n<meta property=\"article:modified_time\" content=\"2026-01-07T00:00:11+00:00\" \/>\n<meta property=\"og:image\" content=\"https:\/\/zepestonia.com\/wp-content\/uploads\/2021\/12\/207-605ae4afcfdbf9-70083231-WOODDOCUV.png\" \/>\n\t<meta property=\"og:image:width\" content=\"400\" \/>\n\t<meta property=\"og:image:height\" content=\"600\" \/>\n\t<meta property=\"og:image:type\" content=\"image\/png\" \/>\n<meta name=\"twitter:card\" content=\"summary_large_image\" \/>\n<script type=\"application\/ld+json\" class=\"yoast-schema-graph\">{\"@context\":\"https:\/\/schema.org\",\"@graph\":[{\"@type\":\"WebPage\",\"@id\":\"https:\/\/zepestonia.com\/en\/toode\/wood-doctor\/\",\"url\":\"https:\/\/zepestonia.com\/en\/toode\/wood-doctor\/\",\"name\":\"Wood Doctor - Puitpindade puhastaja ja s\u00e4ilitaja I ZEP Eesti\",\"isPartOf\":{\"@id\":\"https:\/\/zepestonia.com\/en\/#website\"},\"primaryImageOfPage\":{\"@id\":\"https:\/\/zepestonia.com\/en\/toode\/wood-doctor\/#primaryimage\"},\"image\":{\"@id\":\"https:\/\/zepestonia.com\/en\/toode\/wood-doctor\/#primaryimage\"},\"thumbnailUrl\":\"https:\/\/zepestonia.com\/wp-content\/uploads\/2021\/12\/207-605ae4afcfdbf9-70083231-WOODDOCUV.png\",\"datePublished\":\"2021-11-29T19:00:59+00:00\",\"dateModified\":\"2026-01-07T00:00:11+00:00\",\"description\":\"Toode taastab puidu algelise tekstuuri ja v\u00e4limuse, elimineerib kriimustused, plekid, veeplekid puitpaneelidelt, m\u00f6\u00f6blilt ja k\u00f5ikidelt teistelt puitpindadelt.\",\"breadcrumb\":{\"@id\":\"https:\/\/zepestonia.com\/en\/toode\/wood-doctor\/#breadcrumb\"},\"inLanguage\":\"en-US\",\"potentialAction\":[{\"@type\":\"ReadAction\",\"target\":[\"https:\/\/zepestonia.com\/en\/toode\/wood-doctor\/\"]}]},{\"@type\":\"ImageObject\",\"inLanguage\":\"en-US\",\"@id\":\"https:\/\/zepestonia.com\/en\/toode\/wood-doctor\/#primaryimage\",\"url\":\"https:\/\/zepestonia.com\/wp-content\/uploads\/2021\/12\/207-605ae4afcfdbf9-70083231-WOODDOCUV.png\",\"contentUrl\":\"https:\/\/zepestonia.com\/wp-content\/uploads\/2021\/12\/207-605ae4afcfdbf9-70083231-WOODDOCUV.png\",\"width\":400,\"height\":600,\"caption\":\"207-605ae4afcfdbf9-70083231-WOODDOCUV\"},{\"@type\":\"BreadcrumbList\",\"@id\":\"https:\/\/zepestonia.com\/en\/toode\/wood-doctor\/#breadcrumb\",\"itemListElement\":[{\"@type\":\"ListItem\",\"position\":1,\"name\":\"Home\",\"item\":\"https:\/\/zepestonia.com\/en\/\"},{\"@type\":\"ListItem\",\"position\":2,\"name\":\"Shop\",\"item\":\"https:\/\/zepestonia.com\/en\/?page_id=4643\"},{\"@type\":\"ListItem\",\"position\":3,\"name\":\"Wood Doctor &#8211; Puitpindade puhastaja ja s\u00e4ilitaja\"}]},{\"@type\":\"WebSite\",\"@id\":\"https:\/\/zepestonia.com\/en\/#website\",\"url\":\"https:\/\/zepestonia.com\/en\/\",\"name\":\"ZEP Eesti I Puhastusvahendid I E-pood\",\"description\":\"Pakume puhastus- ja hooldusprobleemidele efektiivseid keskkonnas\u00f5bralikke lahendusi!\",\"publisher\":{\"@id\":\"https:\/\/zepestonia.com\/en\/#organization\"},\"potentialAction\":[{\"@type\":\"SearchAction\",\"target\":{\"@type\":\"EntryPoint\",\"urlTemplate\":\"https:\/\/zepestonia.com\/en\/?s={search_term_string}\"},\"query-input\":{\"@type\":\"PropertyValueSpecification\",\"valueRequired\":true,\"valueName\":\"search_term_string\"}}],\"inLanguage\":\"en-US\"},{\"@type\":\"Organization\",\"@id\":\"https:\/\/zepestonia.com\/en\/#organization\",\"name\":\"Zep Estonia\",\"url\":\"https:\/\/zepestonia.com\/en\/\",\"logo\":{\"@type\":\"ImageObject\",\"inLanguage\":\"en-US\",\"@id\":\"https:\/\/zepestonia.com\/en\/#\/schema\/logo\/image\/\",\"url\":\"https:\/\/zepestonia.com\/wp-content\/uploads\/2022\/03\/Zep-Logo_png.jpeg\",\"contentUrl\":\"https:\/\/zepestonia.com\/wp-content\/uploads\/2022\/03\/Zep-Logo_png.jpeg\",\"width\":109,\"height\":70,\"caption\":\"Zep Estonia\"},\"image\":{\"@id\":\"https:\/\/zepestonia.com\/en\/#\/schema\/logo\/image\/\"},\"sameAs\":[\"https:\/\/www.facebook.com\/ZepEesti\"]}]}<\/script>\n<!-- \/ Yoast SEO plugin. -->","yoast_head_json":{"title":"Wood Doctor - Puitpindade puhastaja ja s\u00e4ilitaja I ZEP Eesti","description":"Toode taastab puidu algelise tekstuuri ja v\u00e4limuse, elimineerib kriimustused, plekid, veeplekid puitpaneelidelt, m\u00f6\u00f6blilt ja k\u00f5ikidelt teistelt puitpindadelt.","robots":{"index":"index","follow":"follow","max-snippet":"max-snippet:-1","max-image-preview":"max-image-preview:large","max-video-preview":"max-video-preview:-1"},"canonical":"https:\/\/zepestonia.com\/en\/toode\/wood-doctor\/","og_locale":"en_US","og_type":"article","og_title":"Wood Doctor - Puitpindade puhastaja ja s\u00e4ilitaja I ZEP Eesti","og_description":"Toode taastab puidu algelise tekstuuri ja v\u00e4limuse, elimineerib kriimustused, plekid, veeplekid puitpaneelidelt, m\u00f6\u00f6blilt ja k\u00f5ikidelt teistelt puitpindadelt.","og_url":"https:\/\/zepestonia.com\/en\/toode\/wood-doctor\/","og_site_name":"ZEP Eesti I Puhastusvahendid I E-pood","article_publisher":"https:\/\/www.facebook.com\/ZepEesti","article_modified_time":"2026-01-07T00:00:11+00:00","og_image":[{"width":400,"height":600,"url":"https:\/\/zepestonia.com\/wp-content\/uploads\/2021\/12\/207-605ae4afcfdbf9-70083231-WOODDOCUV.png","type":"image\/png"}],"twitter_card":"summary_large_image","schema":{"@context":"https:\/\/schema.org","@graph":[{"@type":"WebPage","@id":"https:\/\/zepestonia.com\/en\/toode\/wood-doctor\/","url":"https:\/\/zepestonia.com\/en\/toode\/wood-doctor\/","name":"Wood Doctor - Puitpindade puhastaja ja s\u00e4ilitaja I ZEP Eesti","isPartOf":{"@id":"https:\/\/zepestonia.com\/en\/#website"},"primaryImageOfPage":{"@id":"https:\/\/zepestonia.com\/en\/toode\/wood-doctor\/#primaryimage"},"image":{"@id":"https:\/\/zepestonia.com\/en\/toode\/wood-doctor\/#primaryimage"},"thumbnailUrl":"https:\/\/zepestonia.com\/wp-content\/uploads\/2021\/12\/207-605ae4afcfdbf9-70083231-WOODDOCUV.png","datePublished":"2021-11-29T19:00:59+00:00","dateModified":"2026-01-07T00:00:11+00:00","description":"Toode taastab puidu algelise tekstuuri ja v\u00e4limuse, elimineerib kriimustused, plekid, veeplekid puitpaneelidelt, m\u00f6\u00f6blilt ja k\u00f5ikidelt teistelt puitpindadelt.","breadcrumb":{"@id":"https:\/\/zepestonia.com\/en\/toode\/wood-doctor\/#breadcrumb"},"inLanguage":"en-US","potentialAction":[{"@type":"ReadAction","target":["https:\/\/zepestonia.com\/en\/toode\/wood-doctor\/"]}]},{"@type":"ImageObject","inLanguage":"en-US","@id":"https:\/\/zepestonia.com\/en\/toode\/wood-doctor\/#primaryimage","url":"https:\/\/zepestonia.com\/wp-content\/uploads\/2021\/12\/207-605ae4afcfdbf9-70083231-WOODDOCUV.png","contentUrl":"https:\/\/zepestonia.com\/wp-content\/uploads\/2021\/12\/207-605ae4afcfdbf9-70083231-WOODDOCUV.png","width":400,"height":600,"caption":"207-605ae4afcfdbf9-70083231-WOODDOCUV"},{"@type":"BreadcrumbList","@id":"https:\/\/zepestonia.com\/en\/toode\/wood-doctor\/#breadcrumb","itemListElement":[{"@type":"ListItem","position":1,"name":"Home","item":"https:\/\/zepestonia.com\/en\/"},{"@type":"ListItem","position":2,"name":"Shop","item":"https:\/\/zepestonia.com\/en\/?page_id=4643"},{"@type":"ListItem","position":3,"name":"Wood Doctor &#8211; Puitpindade puhastaja ja s\u00e4ilitaja"}]},{"@type":"WebSite","@id":"https:\/\/zepestonia.com\/en\/#website","url":"https:\/\/zepestonia.com\/en\/","name":"ZEP Eesti I Puhastusvahendid I E-pood","description":"Pakume puhastus- ja hooldusprobleemidele efektiivseid keskkonnas\u00f5bralikke lahendusi!","publisher":{"@id":"https:\/\/zepestonia.com\/en\/#organization"},"potentialAction":[{"@type":"SearchAction","target":{"@type":"EntryPoint","urlTemplate":"https:\/\/zepestonia.com\/en\/?s={search_term_string}"},"query-input":{"@type":"PropertyValueSpecification","valueRequired":true,"valueName":"search_term_string"}}],"inLanguage":"en-US"},{"@type":"Organization","@id":"https:\/\/zepestonia.com\/en\/#organization","name":"Zep Estonia","url":"https:\/\/zepestonia.com\/en\/","logo":{"@type":"ImageObject","inLanguage":"en-US","@id":"https:\/\/zepestonia.com\/en\/#\/schema\/logo\/image\/","url":"https:\/\/zepestonia.com\/wp-content\/uploads\/2022\/03\/Zep-Logo_png.jpeg","contentUrl":"https:\/\/zepestonia.com\/wp-content\/uploads\/2022\/03\/Zep-Logo_png.jpeg","width":109,"height":70,"caption":"Zep Estonia"},"image":{"@id":"https:\/\/zepestonia.com\/en\/#\/schema\/logo\/image\/"},"sameAs":["https:\/\/www.facebook.com\/ZepEesti"]}]}},"_links":{"self":[{"href":"https:\/\/zepestonia.com\/en\/wp-json\/wp\/v2\/product\/3165","targetHints":{"allow":["GET"]}}],"collection":[{"href":"https:\/\/zepestonia.com\/en\/wp-json\/wp\/v2\/product"}],"about":[{"href":"https:\/\/zepestonia.com\/en\/wp-json\/wp\/v2\/types\/product"}],"replies":[{"embeddable":true,"href":"https:\/\/zepestonia.com\/en\/wp-json\/wp\/v2\/comments?post=3165"}],"version-history":[{"count":1,"href":"https:\/\/zepestonia.com\/en\/wp-json\/wp\/v2\/product\/3165\/revisions"}],"predecessor-version":[{"id":10462,"href":"https:\/\/zepestonia.com\/en\/wp-json\/wp\/v2\/product\/3165\/revisions\/10462"}],"wp:featuredmedia":[{"embeddable":true,"href":"https:\/\/zepestonia.com\/en\/wp-json\/wp\/v2\/media\/3943"}],"wp:attachment":[{"href":"https:\/\/zepestonia.com\/en\/wp-json\/wp\/v2\/media?parent=3165"}],"wp:term":[{"taxonomy":"product_brand","embeddable":true,"href":"https:\/\/zepestonia.com\/en\/wp-json\/wp\/v2\/product_brand?post=3165"},{"taxonomy":"product_cat","embeddable":true,"href":"https:\/\/zepestonia.com\/en\/wp-json\/wp\/v2\/product_cat?post=3165"},{"taxonomy":"product_tag","embeddable":true,"href":"https:\/\/zepestonia.com\/en\/wp-json\/wp\/v2\/product_tag?post=3165"}],"curies":[{"name":"wp","href":"https:\/\/api.w.org\/{rel}","templated":true}]}}