{"id":3160,"date":"2021-11-29T19:00:58","date_gmt":"2021-11-29T19:00:58","guid":{"rendered":"https:\/\/zep.valgekana.ee\/toode\/vespa-stop\/"},"modified":"2025-10-31T00:00:15","modified_gmt":"2025-10-31T00:00:15","slug":"vespa-stop","status":"publish","type":"product","link":"https:\/\/zepestonia.com\/en\/toode\/vespa-stop\/","title":{"rendered":"VESPA STOP* &#8211; Herilaste ja vapsikute t\u00f5rjevahend"},"content":{"rendered":"<ul>\n<li><span style=\"font-size:14px\"><span class=\"markedContent\" id=\"page3R_mcid34\"><span dir=\"ltr\" role=\"presentation\" style=\"left: 149.04px;top: 709.911px;font-family: sans-serif\">Enne kasutamist<\/span><span dir=\"ltr\" role=\"presentation\" style=\"left: 296.94px;top: 709.911px;font-family: sans-serif\"> <\/span><span dir=\"ltr\" role=\"presentation\" style=\"left: 302.633px;top: 709.911px;font-family: sans-serif\">korralikult<\/span><span dir=\"ltr\" role=\"presentation\" style=\"left: 387.953px;top: 709.911px;font-family: sans-serif\"> <\/span><span dir=\"ltr\" role=\"presentation\" style=\"left: 393.683px;top: 709.911px;font-family: sans-serif\">loksuta<\/span><span dir=\"ltr\" role=\"presentation\" style=\"left: 457.083px;top: 709.911px;font-family: sans-serif\">d<\/span><span dir=\"ltr\" role=\"presentation\" style=\"left: 468.283px;top: 709.911px;font-family: sans-serif\">a.<\/span><\/span><\/span><\/li>\n<li><span style=\"font-size:14px\"><span class=\"markedContent\" id=\"page3R_mcid35\"><span dir=\"ltr\" role=\"presentation\" style=\"left: 149.04px;top: 734.111px;font-family: sans-serif\">Pihusta<\/span><span dir=\"ltr\" role=\"presentation\" style=\"left: 215.833px;top: 734.111px;font-family: sans-serif\">da<\/span><span dir=\"ltr\" role=\"presentation\" style=\"left: 238.133px;top: 734.111px;font-family: sans-serif\"> <\/span><span dir=\"ltr\" role=\"presentation\" style=\"left: 244.833px;top: 734.111px;font-family: sans-serif\">VESPA<\/span><span dir=\"ltr\" role=\"presentation\" style=\"left: 311.513px;top: 734.111px;font-family: sans-serif\"> <\/span><span dir=\"ltr\" role=\"presentation\" style=\"left: 318.283px;top: 734.111px;font-family: sans-serif\">STOPi l\u00fchikeste intervallidega (mitte rohkem kui 3<\/span><span dir=\"ltr\" role=\"presentation\" style=\"left: 767.043px;top: 734.111px;font-family: sans-serif\"> <\/span><span dir=\"ltr\" role=\"presentation\" style=\"left: 774.367px;top: 734.111px;font-family: sans-serif\">sekundit) otse<\/span> <span dir=\"ltr\" role=\"presentation\" style=\"left: 150.04px;top: 757.111px;font-family: sans-serif\">herilaste ja<\/span><span dir=\"ltr\" role=\"presentation\" style=\"left: 246.88px;top: 757.111px;font-family: sans-serif\"> <\/span><span dir=\"ltr\" role=\"presentation\" style=\"left: 252.433px;top: 757.111px;font-family: sans-serif\">vapsikute<\/span><span dir=\"ltr\" role=\"presentation\" style=\"left: 336.873px;top: 757.111px;font-family: sans-serif\"> <\/span><span dir=\"ltr\" role=\"presentation\" style=\"left: 342.483px;top: 757.111px;font-family: sans-serif\">pesadesse<\/span><span dir=\"ltr\" role=\"presentation\" style=\"left: 439.143px;top: 757.111px;font-family: sans-serif\"> <\/span><span dir=\"ltr\" role=\"presentation\" style=\"left: 444.883px;top: 757.111px;font-family: sans-serif\">3<\/span><span dir=\"ltr\" role=\"presentation\" style=\"left: 456.083px;top: 757.111px;font-family: sans-serif\">&#8211;<\/span><span dir=\"ltr\" role=\"presentation\" style=\"left: 462.483px;top: 757.111px;font-family: sans-serif\">4 meetr<\/span><span dir=\"ltr\" role=\"presentation\" style=\"left: 530.517px;top: 757.111px;font-family: sans-serif\">i kaugusel<\/span><span dir=\"ltr\" role=\"presentation\" style=\"left: 620.517px;top: 757.111px;font-family: sans-serif\">t<\/span><span dir=\"ltr\" role=\"presentation\" style=\"left: 626.117px;top: 757.111px;font-family: sans-serif\">.<\/span><\/span><\/span><\/li>\n<\/ul>\n","protected":false},"excerpt":{"rendered":"<p>Toode on varustatud spetsiaalse pihustiga, mis v\u00f5imaldab t\u00f5rjet teostada 3-4 meetri pealt.<br \/>\nT\u00e4nu sellele pihustile p\u00e4\u00e4seb t\u00f5rjet tegema ka raskesti ligip\u00e4\u00e4setavatesse kohtadesse nagu p\u00f6\u00f6ningud, aknalaudade alused, seina\u00f5\u00f5nsused jne.<br \/>\nSobib kasutamiseks k\u00f5ikjal (kodu, kontor, t\u00f6\u00f6stus jpt institutsioonid).<br \/>\nTootel on kohene toiming.<\/p>\n","protected":false},"featured_media":3897,"comment_status":"closed","ping_status":"closed","template":"","meta":[],"product_brand":[],"product_cat":[206],"product_tag":[],"class_list":{"0":"post-3160","1":"product","2":"type-product","3":"status-publish","4":"has-post-thumbnail","6":"product_cat-putukad-kahjurid","8":"first","9":"instock","10":"taxable","11":"shipping-taxable","12":"purchasable","13":"product-type-simple"},"yoast_head":"<!-- This site is optimized with the Yoast SEO plugin v26.5 - https:\/\/yoast.com\/wordpress\/plugins\/seo\/ -->\n<title>VESPA STOP* - Herilaste ja vapsikute t\u00f5rjevahend I ZEP Eesti<\/title>\n<meta name=\"description\" content=\"Toode on varustatud spetsiaalse pihustiga, mis v\u00f5imaldab t\u00f5rjet teostada 3-4 meetri pealt, meega p\u00e4\u00e4seb t\u00f5rjet tegema ka raskesti ligip\u00e4\u00e4setavatesse kohtadesse.\" \/>\n<meta name=\"robots\" content=\"index, follow, max-snippet:-1, max-image-preview:large, max-video-preview:-1\" \/>\n<link rel=\"canonical\" href=\"https:\/\/zepestonia.com\/en\/toode\/vespa-stop\/\" \/>\n<meta property=\"og:locale\" content=\"en_US\" \/>\n<meta property=\"og:type\" content=\"article\" \/>\n<meta property=\"og:title\" content=\"VESPA STOP* - Herilaste ja vapsikute t\u00f5rjevahend I ZEP Eesti\" \/>\n<meta property=\"og:description\" content=\"Toode on varustatud spetsiaalse pihustiga, mis v\u00f5imaldab t\u00f5rjet teostada 3-4 meetri pealt, meega p\u00e4\u00e4seb t\u00f5rjet tegema ka raskesti ligip\u00e4\u00e4setavatesse kohtadesse.\" \/>\n<meta property=\"og:url\" content=\"https:\/\/zepestonia.com\/en\/toode\/vespa-stop\/\" \/>\n<meta property=\"og:site_name\" content=\"ZEP Eesti I Puhastusvahendid I E-pood\" \/>\n<meta property=\"article:publisher\" content=\"https:\/\/www.facebook.com\/ZepEesti\" \/>\n<meta property=\"article:modified_time\" content=\"2025-10-31T00:00:15+00:00\" \/>\n<meta property=\"og:image\" content=\"https:\/\/zepestonia.com\/wp-content\/uploads\/2021\/12\/651-60ea472c9111c4-82469859-VESPA20STOP.png\" \/>\n\t<meta property=\"og:image:width\" content=\"400\" \/>\n\t<meta property=\"og:image:height\" content=\"600\" \/>\n\t<meta property=\"og:image:type\" content=\"image\/png\" \/>\n<meta name=\"twitter:card\" content=\"summary_large_image\" \/>\n<script type=\"application\/ld+json\" class=\"yoast-schema-graph\">{\"@context\":\"https:\/\/schema.org\",\"@graph\":[{\"@type\":\"WebPage\",\"@id\":\"https:\/\/zepestonia.com\/en\/toode\/vespa-stop\/\",\"url\":\"https:\/\/zepestonia.com\/en\/toode\/vespa-stop\/\",\"name\":\"VESPA STOP* - Herilaste ja vapsikute t\u00f5rjevahend I ZEP Eesti\",\"isPartOf\":{\"@id\":\"https:\/\/zepestonia.com\/en\/#website\"},\"primaryImageOfPage\":{\"@id\":\"https:\/\/zepestonia.com\/en\/toode\/vespa-stop\/#primaryimage\"},\"image\":{\"@id\":\"https:\/\/zepestonia.com\/en\/toode\/vespa-stop\/#primaryimage\"},\"thumbnailUrl\":\"https:\/\/zepestonia.com\/wp-content\/uploads\/2021\/12\/651-60ea472c9111c4-82469859-VESPA20STOP.png\",\"datePublished\":\"2021-11-29T19:00:58+00:00\",\"dateModified\":\"2025-10-31T00:00:15+00:00\",\"description\":\"Toode on varustatud spetsiaalse pihustiga, mis v\u00f5imaldab t\u00f5rjet teostada 3-4 meetri pealt, meega p\u00e4\u00e4seb t\u00f5rjet tegema ka raskesti ligip\u00e4\u00e4setavatesse kohtadesse.\",\"breadcrumb\":{\"@id\":\"https:\/\/zepestonia.com\/en\/toode\/vespa-stop\/#breadcrumb\"},\"inLanguage\":\"en-US\",\"potentialAction\":[{\"@type\":\"ReadAction\",\"target\":[\"https:\/\/zepestonia.com\/en\/toode\/vespa-stop\/\"]}]},{\"@type\":\"ImageObject\",\"inLanguage\":\"en-US\",\"@id\":\"https:\/\/zepestonia.com\/en\/toode\/vespa-stop\/#primaryimage\",\"url\":\"https:\/\/zepestonia.com\/wp-content\/uploads\/2021\/12\/651-60ea472c9111c4-82469859-VESPA20STOP.png\",\"contentUrl\":\"https:\/\/zepestonia.com\/wp-content\/uploads\/2021\/12\/651-60ea472c9111c4-82469859-VESPA20STOP.png\",\"width\":400,\"height\":600,\"caption\":\"651-60ea472c9111c4-82469859-VESPA20STOP\"},{\"@type\":\"BreadcrumbList\",\"@id\":\"https:\/\/zepestonia.com\/en\/toode\/vespa-stop\/#breadcrumb\",\"itemListElement\":[{\"@type\":\"ListItem\",\"position\":1,\"name\":\"Home\",\"item\":\"https:\/\/zepestonia.com\/en\/\"},{\"@type\":\"ListItem\",\"position\":2,\"name\":\"Shop\",\"item\":\"https:\/\/zepestonia.com\/en\/?page_id=4643\"},{\"@type\":\"ListItem\",\"position\":3,\"name\":\"VESPA STOP* &#8211; Herilaste ja vapsikute t\u00f5rjevahend\"}]},{\"@type\":\"WebSite\",\"@id\":\"https:\/\/zepestonia.com\/en\/#website\",\"url\":\"https:\/\/zepestonia.com\/en\/\",\"name\":\"ZEP Eesti I Puhastusvahendid I E-pood\",\"description\":\"Pakume puhastus- ja hooldusprobleemidele efektiivseid keskkonnas\u00f5bralikke lahendusi!\",\"publisher\":{\"@id\":\"https:\/\/zepestonia.com\/en\/#organization\"},\"potentialAction\":[{\"@type\":\"SearchAction\",\"target\":{\"@type\":\"EntryPoint\",\"urlTemplate\":\"https:\/\/zepestonia.com\/en\/?s={search_term_string}\"},\"query-input\":{\"@type\":\"PropertyValueSpecification\",\"valueRequired\":true,\"valueName\":\"search_term_string\"}}],\"inLanguage\":\"en-US\"},{\"@type\":\"Organization\",\"@id\":\"https:\/\/zepestonia.com\/en\/#organization\",\"name\":\"Zep Estonia\",\"url\":\"https:\/\/zepestonia.com\/en\/\",\"logo\":{\"@type\":\"ImageObject\",\"inLanguage\":\"en-US\",\"@id\":\"https:\/\/zepestonia.com\/en\/#\/schema\/logo\/image\/\",\"url\":\"https:\/\/zepestonia.com\/wp-content\/uploads\/2022\/03\/Zep-Logo_png.jpeg\",\"contentUrl\":\"https:\/\/zepestonia.com\/wp-content\/uploads\/2022\/03\/Zep-Logo_png.jpeg\",\"width\":109,\"height\":70,\"caption\":\"Zep Estonia\"},\"image\":{\"@id\":\"https:\/\/zepestonia.com\/en\/#\/schema\/logo\/image\/\"},\"sameAs\":[\"https:\/\/www.facebook.com\/ZepEesti\"]}]}<\/script>\n<!-- \/ Yoast SEO plugin. -->","yoast_head_json":{"title":"VESPA STOP* - Herilaste ja vapsikute t\u00f5rjevahend I ZEP Eesti","description":"Toode on varustatud spetsiaalse pihustiga, mis v\u00f5imaldab t\u00f5rjet teostada 3-4 meetri pealt, meega p\u00e4\u00e4seb t\u00f5rjet tegema ka raskesti ligip\u00e4\u00e4setavatesse kohtadesse.","robots":{"index":"index","follow":"follow","max-snippet":"max-snippet:-1","max-image-preview":"max-image-preview:large","max-video-preview":"max-video-preview:-1"},"canonical":"https:\/\/zepestonia.com\/en\/toode\/vespa-stop\/","og_locale":"en_US","og_type":"article","og_title":"VESPA STOP* - Herilaste ja vapsikute t\u00f5rjevahend I ZEP Eesti","og_description":"Toode on varustatud spetsiaalse pihustiga, mis v\u00f5imaldab t\u00f5rjet teostada 3-4 meetri pealt, meega p\u00e4\u00e4seb t\u00f5rjet tegema ka raskesti ligip\u00e4\u00e4setavatesse kohtadesse.","og_url":"https:\/\/zepestonia.com\/en\/toode\/vespa-stop\/","og_site_name":"ZEP Eesti I Puhastusvahendid I E-pood","article_publisher":"https:\/\/www.facebook.com\/ZepEesti","article_modified_time":"2025-10-31T00:00:15+00:00","og_image":[{"width":400,"height":600,"url":"https:\/\/zepestonia.com\/wp-content\/uploads\/2021\/12\/651-60ea472c9111c4-82469859-VESPA20STOP.png","type":"image\/png"}],"twitter_card":"summary_large_image","schema":{"@context":"https:\/\/schema.org","@graph":[{"@type":"WebPage","@id":"https:\/\/zepestonia.com\/en\/toode\/vespa-stop\/","url":"https:\/\/zepestonia.com\/en\/toode\/vespa-stop\/","name":"VESPA STOP* - Herilaste ja vapsikute t\u00f5rjevahend I ZEP Eesti","isPartOf":{"@id":"https:\/\/zepestonia.com\/en\/#website"},"primaryImageOfPage":{"@id":"https:\/\/zepestonia.com\/en\/toode\/vespa-stop\/#primaryimage"},"image":{"@id":"https:\/\/zepestonia.com\/en\/toode\/vespa-stop\/#primaryimage"},"thumbnailUrl":"https:\/\/zepestonia.com\/wp-content\/uploads\/2021\/12\/651-60ea472c9111c4-82469859-VESPA20STOP.png","datePublished":"2021-11-29T19:00:58+00:00","dateModified":"2025-10-31T00:00:15+00:00","description":"Toode on varustatud spetsiaalse pihustiga, mis v\u00f5imaldab t\u00f5rjet teostada 3-4 meetri pealt, meega p\u00e4\u00e4seb t\u00f5rjet tegema ka raskesti ligip\u00e4\u00e4setavatesse kohtadesse.","breadcrumb":{"@id":"https:\/\/zepestonia.com\/en\/toode\/vespa-stop\/#breadcrumb"},"inLanguage":"en-US","potentialAction":[{"@type":"ReadAction","target":["https:\/\/zepestonia.com\/en\/toode\/vespa-stop\/"]}]},{"@type":"ImageObject","inLanguage":"en-US","@id":"https:\/\/zepestonia.com\/en\/toode\/vespa-stop\/#primaryimage","url":"https:\/\/zepestonia.com\/wp-content\/uploads\/2021\/12\/651-60ea472c9111c4-82469859-VESPA20STOP.png","contentUrl":"https:\/\/zepestonia.com\/wp-content\/uploads\/2021\/12\/651-60ea472c9111c4-82469859-VESPA20STOP.png","width":400,"height":600,"caption":"651-60ea472c9111c4-82469859-VESPA20STOP"},{"@type":"BreadcrumbList","@id":"https:\/\/zepestonia.com\/en\/toode\/vespa-stop\/#breadcrumb","itemListElement":[{"@type":"ListItem","position":1,"name":"Home","item":"https:\/\/zepestonia.com\/en\/"},{"@type":"ListItem","position":2,"name":"Shop","item":"https:\/\/zepestonia.com\/en\/?page_id=4643"},{"@type":"ListItem","position":3,"name":"VESPA STOP* &#8211; Herilaste ja vapsikute t\u00f5rjevahend"}]},{"@type":"WebSite","@id":"https:\/\/zepestonia.com\/en\/#website","url":"https:\/\/zepestonia.com\/en\/","name":"ZEP Eesti I Puhastusvahendid I E-pood","description":"Pakume puhastus- ja hooldusprobleemidele efektiivseid keskkonnas\u00f5bralikke lahendusi!","publisher":{"@id":"https:\/\/zepestonia.com\/en\/#organization"},"potentialAction":[{"@type":"SearchAction","target":{"@type":"EntryPoint","urlTemplate":"https:\/\/zepestonia.com\/en\/?s={search_term_string}"},"query-input":{"@type":"PropertyValueSpecification","valueRequired":true,"valueName":"search_term_string"}}],"inLanguage":"en-US"},{"@type":"Organization","@id":"https:\/\/zepestonia.com\/en\/#organization","name":"Zep Estonia","url":"https:\/\/zepestonia.com\/en\/","logo":{"@type":"ImageObject","inLanguage":"en-US","@id":"https:\/\/zepestonia.com\/en\/#\/schema\/logo\/image\/","url":"https:\/\/zepestonia.com\/wp-content\/uploads\/2022\/03\/Zep-Logo_png.jpeg","contentUrl":"https:\/\/zepestonia.com\/wp-content\/uploads\/2022\/03\/Zep-Logo_png.jpeg","width":109,"height":70,"caption":"Zep Estonia"},"image":{"@id":"https:\/\/zepestonia.com\/en\/#\/schema\/logo\/image\/"},"sameAs":["https:\/\/www.facebook.com\/ZepEesti"]}]}},"_links":{"self":[{"href":"https:\/\/zepestonia.com\/en\/wp-json\/wp\/v2\/product\/3160","targetHints":{"allow":["GET"]}}],"collection":[{"href":"https:\/\/zepestonia.com\/en\/wp-json\/wp\/v2\/product"}],"about":[{"href":"https:\/\/zepestonia.com\/en\/wp-json\/wp\/v2\/types\/product"}],"replies":[{"embeddable":true,"href":"https:\/\/zepestonia.com\/en\/wp-json\/wp\/v2\/comments?post=3160"}],"version-history":[{"count":2,"href":"https:\/\/zepestonia.com\/en\/wp-json\/wp\/v2\/product\/3160\/revisions"}],"predecessor-version":[{"id":11273,"href":"https:\/\/zepestonia.com\/en\/wp-json\/wp\/v2\/product\/3160\/revisions\/11273"}],"wp:featuredmedia":[{"embeddable":true,"href":"https:\/\/zepestonia.com\/en\/wp-json\/wp\/v2\/media\/3897"}],"wp:attachment":[{"href":"https:\/\/zepestonia.com\/en\/wp-json\/wp\/v2\/media?parent=3160"}],"wp:term":[{"taxonomy":"product_brand","embeddable":true,"href":"https:\/\/zepestonia.com\/en\/wp-json\/wp\/v2\/product_brand?post=3160"},{"taxonomy":"product_cat","embeddable":true,"href":"https:\/\/zepestonia.com\/en\/wp-json\/wp\/v2\/product_cat?post=3160"},{"taxonomy":"product_tag","embeddable":true,"href":"https:\/\/zepestonia.com\/en\/wp-json\/wp\/v2\/product_tag?post=3160"}],"curies":[{"name":"wp","href":"https:\/\/api.w.org\/{rel}","templated":true}]}}