{"id":3155,"date":"2021-11-29T19:00:58","date_gmt":"2021-11-29T19:00:58","guid":{"rendered":"https:\/\/zep.valgekana.ee\/toode\/fs-formula-3685-lp-250ml\/"},"modified":"2026-04-23T00:00:07","modified_gmt":"2026-04-23T00:00:07","slug":"fs-formula-3685-lp-250ml","status":"publish","type":"product","link":"https:\/\/zepestonia.com\/en\/toode\/fs-formula-3685-lp-250ml\/","title":{"rendered":"FS Formula 3685 LP 250ml- Katlakivi eemaldaja toiduainetet\u00f6\u00f6stusele"},"content":{"rendered":"<p><strong>Kaltsiumi ja valgu kihi eemaldamine liha- ja linnut\u00f6\u00f6stuse masinatelt: <\/strong><\/p>\n<ul>\n<li>Lahustada veega 1 : 5 ja kanda lahust ohtralt pinnale.<\/li>\n<li>Lasta m\u00f5juda 5-10 minutit.<\/li>\n<li>H\u00f5\u00f5ruda naturaalsete harjastega harjaga v\u00f5i k\u00fc\u00fcrimisnuustikuga.<\/li>\n<li>Loputada korralikult.<\/li>\n<\/ul>\n<p><strong>Alumiiniumi, galvaniseeritud v\u00f5i roostevaba terase l\u00e4igestamine: <\/strong><\/p>\n<ul>\n<li>Lahustada veega 1 : 3 &#8211; 5 ja kanda lahust ohtralt pinnale.<\/li>\n<li>H\u00f5\u00f5ruda l\u00e4ikimiseni ja loputada veega.<\/li>\n<li>V\u00e4ga tuhmunud pinna korral korrata protseduuri.<\/li>\n<\/ul>\n<p><strong>N\u00f5udepesumasinad: <\/strong><\/p>\n<ul>\n<li>Lisada 1-4 liitrit ainet masinasse ja lasta t\u00f6\u00f6tada kuni katlakivi j\u00e4\u00e4gid on lahustunud.<\/li>\n<li>Lasta vahend masinast v\u00e4lja ja lisada puhas vesi.<\/li>\n<li>Lasta t\u00f6\u00f6tada 5 minutit ning lasta vesi v\u00e4lja.<\/li>\n<li>Korrata protseduuri nii tihti kui vajalik.<\/li>\n<\/ul>\n<p><strong>Klaasn\u00f5ud ja plastik :<\/strong><\/p>\n<ul>\n<li>Et eemaldada katlakivi rant klaasilt ja plastikult, lasta esemeid seista sooja vee lahuses 1:15-20 kuni rant on kadunud.<\/li>\n<li>Loputada korralikult ning kuivatada.<\/li>\n<\/ul>\n<p><strong>C.I.P katlakivi eemaldus:<\/strong><\/p>\n<ul>\n<li>Loputada s\u00fcsteem k\u00fclma veega.<\/li>\n<li>Valmistada lahus 1:5 \u201310.<\/li>\n<li>Tsirkuleerida l\u00e4bi s\u00fcsteemi 20 minutit kuni 1 tund s\u00f5ltuvalt katlakivi kogusest.<\/li>\n<li>Lasta aine s\u00fcsteemist v\u00e4lja ja loputada korralikult.<\/li>\n<\/ul>\n<p>pH &gt;1<br \/>\nErikaal 1,2<br \/>\n<img decoding=\"async\" src=\"https:\/\/cdn.erply.com\/assets\/386945\/file\/hDvMfH2w1EgjEDhy6n0KaZd3ZtPG1aUD78gdm5WhUPbuuX3v9i.jpg\" \/><span style=\"font-size:14px\"><span class=\"markedContent\"><span dir=\"ltr\" role=\"presentation\" style=\"left: 384.883px;top: 1052.99px;font-family: sans-serif\"><img decoding=\"async\" alt=\"\" height=\"95\" src=\"https:\/\/zep.it\/doc\/images\/halal.png\" width=\"105\" \/><\/span><\/span><\/span><\/p>\n","protected":false},"excerpt":{"rendered":"<p>Ideaalne katlakivi, rooste ja valgu j\u00e4\u00e4kide  eemaldaja toiduainetet\u00f6\u00f6stuses.<br \/>\nPuhastab ja l\u00e4igestab roostevaba terast, alumiiniumi ja galvaniseeritud metalle.<br \/>\nRegistreeritud NSF A3: n\u00b0 142314<\/p>\n","protected":false},"featured_media":4976,"comment_status":"closed","ping_status":"closed","template":"","meta":[],"product_brand":[],"product_cat":[207],"product_tag":[],"class_list":{"0":"post-3155","1":"product","2":"type-product","3":"status-publish","4":"has-post-thumbnail","6":"product_cat-joogivesi","8":"first","9":"instock","10":"taxable","11":"shipping-taxable","12":"purchasable","13":"product-type-simple"},"yoast_head":"<!-- This site is optimized with the Yoast SEO plugin v26.5 - https:\/\/yoast.com\/wordpress\/plugins\/seo\/ -->\n<title>FS Formula 3685 LP 250ml-Katlakivi eemaldaja toiduainetet\u00f6\u00f6stusele I ZEP Eesti<\/title>\n<meta name=\"description\" content=\"Ideaalne katlakivi, rooste ja valgu j\u00e4\u00e4kide eemaldaja toiduainetet\u00f6\u00f6stuses. Puhastab ja l\u00e4igestab roostevaba terast, alumiiniumi ja galvaniseeritud metalle.\" \/>\n<meta name=\"robots\" content=\"index, follow, max-snippet:-1, max-image-preview:large, max-video-preview:-1\" \/>\n<link rel=\"canonical\" href=\"https:\/\/zepestonia.com\/en\/toode\/fs-formula-3685-lp-250ml\/\" \/>\n<meta property=\"og:locale\" content=\"en_US\" \/>\n<meta property=\"og:type\" content=\"article\" \/>\n<meta property=\"og:title\" content=\"FS Formula 3685 LP 250ml-Katlakivi eemaldaja toiduainetet\u00f6\u00f6stusele I ZEP Eesti\" \/>\n<meta property=\"og:description\" content=\"Ideaalne katlakivi, rooste ja valgu j\u00e4\u00e4kide eemaldaja toiduainetet\u00f6\u00f6stuses. Puhastab ja l\u00e4igestab roostevaba terast, alumiiniumi ja galvaniseeritud metalle.\" \/>\n<meta property=\"og:url\" content=\"https:\/\/zepestonia.com\/en\/toode\/fs-formula-3685-lp-250ml\/\" \/>\n<meta property=\"og:site_name\" content=\"ZEP Eesti I Puhastusvahendid I E-pood\" \/>\n<meta property=\"article:publisher\" content=\"https:\/\/www.facebook.com\/ZepEesti\" \/>\n<meta property=\"article:modified_time\" content=\"2026-04-23T00:00:07+00:00\" \/>\n<meta property=\"og:image\" content=\"https:\/\/zepestonia.com\/wp-content\/uploads\/2022\/02\/FS-FORMULA-3685.png\" \/>\n\t<meta property=\"og:image:width\" content=\"400\" \/>\n\t<meta property=\"og:image:height\" content=\"600\" \/>\n\t<meta property=\"og:image:type\" content=\"image\/png\" \/>\n<meta name=\"twitter:card\" content=\"summary_large_image\" \/>\n<meta name=\"twitter:label1\" content=\"Est. reading time\" \/>\n\t<meta name=\"twitter:data1\" content=\"1 minute\" \/>\n<script type=\"application\/ld+json\" class=\"yoast-schema-graph\">{\"@context\":\"https:\/\/schema.org\",\"@graph\":[{\"@type\":\"WebPage\",\"@id\":\"https:\/\/zepestonia.com\/en\/toode\/fs-formula-3685-lp-250ml\/\",\"url\":\"https:\/\/zepestonia.com\/en\/toode\/fs-formula-3685-lp-250ml\/\",\"name\":\"FS Formula 3685 LP 250ml-Katlakivi eemaldaja toiduainetet\u00f6\u00f6stusele I ZEP Eesti\",\"isPartOf\":{\"@id\":\"https:\/\/zepestonia.com\/en\/#website\"},\"primaryImageOfPage\":{\"@id\":\"https:\/\/zepestonia.com\/en\/toode\/fs-formula-3685-lp-250ml\/#primaryimage\"},\"image\":{\"@id\":\"https:\/\/zepestonia.com\/en\/toode\/fs-formula-3685-lp-250ml\/#primaryimage\"},\"thumbnailUrl\":\"https:\/\/zepestonia.com\/wp-content\/uploads\/2022\/02\/FS-FORMULA-3685.png\",\"datePublished\":\"2021-11-29T19:00:58+00:00\",\"dateModified\":\"2026-04-23T00:00:07+00:00\",\"description\":\"Ideaalne katlakivi, rooste ja valgu j\u00e4\u00e4kide eemaldaja toiduainetet\u00f6\u00f6stuses. Puhastab ja l\u00e4igestab roostevaba terast, alumiiniumi ja galvaniseeritud metalle.\",\"breadcrumb\":{\"@id\":\"https:\/\/zepestonia.com\/en\/toode\/fs-formula-3685-lp-250ml\/#breadcrumb\"},\"inLanguage\":\"en-US\",\"potentialAction\":[{\"@type\":\"ReadAction\",\"target\":[\"https:\/\/zepestonia.com\/en\/toode\/fs-formula-3685-lp-250ml\/\"]}]},{\"@type\":\"ImageObject\",\"inLanguage\":\"en-US\",\"@id\":\"https:\/\/zepestonia.com\/en\/toode\/fs-formula-3685-lp-250ml\/#primaryimage\",\"url\":\"https:\/\/zepestonia.com\/wp-content\/uploads\/2022\/02\/FS-FORMULA-3685.png\",\"contentUrl\":\"https:\/\/zepestonia.com\/wp-content\/uploads\/2022\/02\/FS-FORMULA-3685.png\",\"width\":400,\"height\":600,\"caption\":\"FS-FORMULA-3685\"},{\"@type\":\"BreadcrumbList\",\"@id\":\"https:\/\/zepestonia.com\/en\/toode\/fs-formula-3685-lp-250ml\/#breadcrumb\",\"itemListElement\":[{\"@type\":\"ListItem\",\"position\":1,\"name\":\"Home\",\"item\":\"https:\/\/zepestonia.com\/en\/\"},{\"@type\":\"ListItem\",\"position\":2,\"name\":\"Shop\",\"item\":\"https:\/\/zepestonia.com\/en\/?page_id=4643\"},{\"@type\":\"ListItem\",\"position\":3,\"name\":\"FS Formula 3685 LP 250ml- Katlakivi eemaldaja toiduainetet\u00f6\u00f6stusele\"}]},{\"@type\":\"WebSite\",\"@id\":\"https:\/\/zepestonia.com\/en\/#website\",\"url\":\"https:\/\/zepestonia.com\/en\/\",\"name\":\"ZEP Eesti I Puhastusvahendid I E-pood\",\"description\":\"Pakume puhastus- ja hooldusprobleemidele efektiivseid keskkonnas\u00f5bralikke lahendusi!\",\"publisher\":{\"@id\":\"https:\/\/zepestonia.com\/en\/#organization\"},\"potentialAction\":[{\"@type\":\"SearchAction\",\"target\":{\"@type\":\"EntryPoint\",\"urlTemplate\":\"https:\/\/zepestonia.com\/en\/?s={search_term_string}\"},\"query-input\":{\"@type\":\"PropertyValueSpecification\",\"valueRequired\":true,\"valueName\":\"search_term_string\"}}],\"inLanguage\":\"en-US\"},{\"@type\":\"Organization\",\"@id\":\"https:\/\/zepestonia.com\/en\/#organization\",\"name\":\"Zep Estonia\",\"url\":\"https:\/\/zepestonia.com\/en\/\",\"logo\":{\"@type\":\"ImageObject\",\"inLanguage\":\"en-US\",\"@id\":\"https:\/\/zepestonia.com\/en\/#\/schema\/logo\/image\/\",\"url\":\"https:\/\/zepestonia.com\/wp-content\/uploads\/2022\/03\/Zep-Logo_png.jpeg\",\"contentUrl\":\"https:\/\/zepestonia.com\/wp-content\/uploads\/2022\/03\/Zep-Logo_png.jpeg\",\"width\":109,\"height\":70,\"caption\":\"Zep Estonia\"},\"image\":{\"@id\":\"https:\/\/zepestonia.com\/en\/#\/schema\/logo\/image\/\"},\"sameAs\":[\"https:\/\/www.facebook.com\/ZepEesti\"]}]}<\/script>\n<!-- \/ Yoast SEO plugin. -->","yoast_head_json":{"title":"FS Formula 3685 LP 250ml-Katlakivi eemaldaja toiduainetet\u00f6\u00f6stusele I ZEP Eesti","description":"Ideaalne katlakivi, rooste ja valgu j\u00e4\u00e4kide eemaldaja toiduainetet\u00f6\u00f6stuses. Puhastab ja l\u00e4igestab roostevaba terast, alumiiniumi ja galvaniseeritud metalle.","robots":{"index":"index","follow":"follow","max-snippet":"max-snippet:-1","max-image-preview":"max-image-preview:large","max-video-preview":"max-video-preview:-1"},"canonical":"https:\/\/zepestonia.com\/en\/toode\/fs-formula-3685-lp-250ml\/","og_locale":"en_US","og_type":"article","og_title":"FS Formula 3685 LP 250ml-Katlakivi eemaldaja toiduainetet\u00f6\u00f6stusele I ZEP Eesti","og_description":"Ideaalne katlakivi, rooste ja valgu j\u00e4\u00e4kide eemaldaja toiduainetet\u00f6\u00f6stuses. Puhastab ja l\u00e4igestab roostevaba terast, alumiiniumi ja galvaniseeritud metalle.","og_url":"https:\/\/zepestonia.com\/en\/toode\/fs-formula-3685-lp-250ml\/","og_site_name":"ZEP Eesti I Puhastusvahendid I E-pood","article_publisher":"https:\/\/www.facebook.com\/ZepEesti","article_modified_time":"2026-04-23T00:00:07+00:00","og_image":[{"width":400,"height":600,"url":"https:\/\/zepestonia.com\/wp-content\/uploads\/2022\/02\/FS-FORMULA-3685.png","type":"image\/png"}],"twitter_card":"summary_large_image","twitter_misc":{"Est. reading time":"1 minute"},"schema":{"@context":"https:\/\/schema.org","@graph":[{"@type":"WebPage","@id":"https:\/\/zepestonia.com\/en\/toode\/fs-formula-3685-lp-250ml\/","url":"https:\/\/zepestonia.com\/en\/toode\/fs-formula-3685-lp-250ml\/","name":"FS Formula 3685 LP 250ml-Katlakivi eemaldaja toiduainetet\u00f6\u00f6stusele I ZEP Eesti","isPartOf":{"@id":"https:\/\/zepestonia.com\/en\/#website"},"primaryImageOfPage":{"@id":"https:\/\/zepestonia.com\/en\/toode\/fs-formula-3685-lp-250ml\/#primaryimage"},"image":{"@id":"https:\/\/zepestonia.com\/en\/toode\/fs-formula-3685-lp-250ml\/#primaryimage"},"thumbnailUrl":"https:\/\/zepestonia.com\/wp-content\/uploads\/2022\/02\/FS-FORMULA-3685.png","datePublished":"2021-11-29T19:00:58+00:00","dateModified":"2026-04-23T00:00:07+00:00","description":"Ideaalne katlakivi, rooste ja valgu j\u00e4\u00e4kide eemaldaja toiduainetet\u00f6\u00f6stuses. Puhastab ja l\u00e4igestab roostevaba terast, alumiiniumi ja galvaniseeritud metalle.","breadcrumb":{"@id":"https:\/\/zepestonia.com\/en\/toode\/fs-formula-3685-lp-250ml\/#breadcrumb"},"inLanguage":"en-US","potentialAction":[{"@type":"ReadAction","target":["https:\/\/zepestonia.com\/en\/toode\/fs-formula-3685-lp-250ml\/"]}]},{"@type":"ImageObject","inLanguage":"en-US","@id":"https:\/\/zepestonia.com\/en\/toode\/fs-formula-3685-lp-250ml\/#primaryimage","url":"https:\/\/zepestonia.com\/wp-content\/uploads\/2022\/02\/FS-FORMULA-3685.png","contentUrl":"https:\/\/zepestonia.com\/wp-content\/uploads\/2022\/02\/FS-FORMULA-3685.png","width":400,"height":600,"caption":"FS-FORMULA-3685"},{"@type":"BreadcrumbList","@id":"https:\/\/zepestonia.com\/en\/toode\/fs-formula-3685-lp-250ml\/#breadcrumb","itemListElement":[{"@type":"ListItem","position":1,"name":"Home","item":"https:\/\/zepestonia.com\/en\/"},{"@type":"ListItem","position":2,"name":"Shop","item":"https:\/\/zepestonia.com\/en\/?page_id=4643"},{"@type":"ListItem","position":3,"name":"FS Formula 3685 LP 250ml- Katlakivi eemaldaja toiduainetet\u00f6\u00f6stusele"}]},{"@type":"WebSite","@id":"https:\/\/zepestonia.com\/en\/#website","url":"https:\/\/zepestonia.com\/en\/","name":"ZEP Eesti I Puhastusvahendid I E-pood","description":"Pakume puhastus- ja hooldusprobleemidele efektiivseid keskkonnas\u00f5bralikke lahendusi!","publisher":{"@id":"https:\/\/zepestonia.com\/en\/#organization"},"potentialAction":[{"@type":"SearchAction","target":{"@type":"EntryPoint","urlTemplate":"https:\/\/zepestonia.com\/en\/?s={search_term_string}"},"query-input":{"@type":"PropertyValueSpecification","valueRequired":true,"valueName":"search_term_string"}}],"inLanguage":"en-US"},{"@type":"Organization","@id":"https:\/\/zepestonia.com\/en\/#organization","name":"Zep Estonia","url":"https:\/\/zepestonia.com\/en\/","logo":{"@type":"ImageObject","inLanguage":"en-US","@id":"https:\/\/zepestonia.com\/en\/#\/schema\/logo\/image\/","url":"https:\/\/zepestonia.com\/wp-content\/uploads\/2022\/03\/Zep-Logo_png.jpeg","contentUrl":"https:\/\/zepestonia.com\/wp-content\/uploads\/2022\/03\/Zep-Logo_png.jpeg","width":109,"height":70,"caption":"Zep Estonia"},"image":{"@id":"https:\/\/zepestonia.com\/en\/#\/schema\/logo\/image\/"},"sameAs":["https:\/\/www.facebook.com\/ZepEesti"]}]}},"_links":{"self":[{"href":"https:\/\/zepestonia.com\/en\/wp-json\/wp\/v2\/product\/3155","targetHints":{"allow":["GET"]}}],"collection":[{"href":"https:\/\/zepestonia.com\/en\/wp-json\/wp\/v2\/product"}],"about":[{"href":"https:\/\/zepestonia.com\/en\/wp-json\/wp\/v2\/types\/product"}],"replies":[{"embeddable":true,"href":"https:\/\/zepestonia.com\/en\/wp-json\/wp\/v2\/comments?post=3155"}],"version-history":[{"count":5,"href":"https:\/\/zepestonia.com\/en\/wp-json\/wp\/v2\/product\/3155\/revisions"}],"predecessor-version":[{"id":14234,"href":"https:\/\/zepestonia.com\/en\/wp-json\/wp\/v2\/product\/3155\/revisions\/14234"}],"wp:featuredmedia":[{"embeddable":true,"href":"https:\/\/zepestonia.com\/en\/wp-json\/wp\/v2\/media\/4976"}],"wp:attachment":[{"href":"https:\/\/zepestonia.com\/en\/wp-json\/wp\/v2\/media?parent=3155"}],"wp:term":[{"taxonomy":"product_brand","embeddable":true,"href":"https:\/\/zepestonia.com\/en\/wp-json\/wp\/v2\/product_brand?post=3155"},{"taxonomy":"product_cat","embeddable":true,"href":"https:\/\/zepestonia.com\/en\/wp-json\/wp\/v2\/product_cat?post=3155"},{"taxonomy":"product_tag","embeddable":true,"href":"https:\/\/zepestonia.com\/en\/wp-json\/wp\/v2\/product_tag?post=3155"}],"curies":[{"name":"wp","href":"https:\/\/api.w.org\/{rel}","templated":true}]}}