{"id":3152,"date":"2021-11-29T19:00:58","date_gmt":"2021-11-29T19:00:58","guid":{"rendered":"https:\/\/zep.valgekana.ee\/toode\/q7-1-sanitizer-2l\/"},"modified":"2026-03-11T00:00:06","modified_gmt":"2026-03-11T00:00:06","slug":"q7-1-sanitizer-2l","status":"publish","type":"product","link":"https:\/\/zepestonia.com\/en\/toode\/q7-1-sanitizer-2l\/","title":{"rendered":"Q7.1 SANITIZER DEBAC 2L &#8211; Konsentreeritud desinfitseerimisvahend"},"content":{"rendered":"<ul>\n<li><span style=\"font-family: Arial;font-size: 13px;font-style: normal;font-weight: 400;letter-spacing: normal;text-align: left;text-indent: 0px;text-transform: none;white-space: pre-wrap;float: none\">Teha pritspudelisse vesilahus 1:100. <\/span><\/li>\n<li><span style=\"font-family: Arial;font-size: 13px;font-style: normal;font-weight: 400;letter-spacing: normal;text-align: left;text-indent: 0px;text-transform: none;white-space: pre-wrap;float: none\">Piserdada pinnale. <\/span><\/li>\n<li><span style=\"font-family: Arial;font-size: 13px;font-style: normal;font-weight: 400;letter-spacing: normal;text-align: left;text-indent: 0px;text-transform: none;white-space: pre-wrap;float: none\">P\u00fchkida puhta lapi v\u00f5i paberiga. <\/span><\/li>\n<\/ul>\n<p><span style=\"font-family: Arial;font-size: 13px;font-style: normal;font-weight: 400;letter-spacing: normal;text-align: left;text-indent: 0px;text-transform: none;white-space: pre-wrap;float: none\">pH: 12,5<br \/>\nTarvik: P-600<\/span><\/p>\n","protected":false},"excerpt":{"rendered":"<p>Toode lagundab mustuse kiiresti ning h\u00e4vitab ebameeldivad l\u00f5hnad ja bakterid lihtsalt.<br \/>\nVahend ei sisalda l\u00f5hnaaineid, mis rikuksid toiduaineid.<br \/>\nToode on v\u00e4ga \u00f6konoomne 2L=202 L valmislahust<\/p>\n","protected":false},"featured_media":3632,"comment_status":"closed","ping_status":"closed","template":"","meta":[],"product_brand":[],"product_cat":[211],"product_tag":[],"class_list":{"0":"post-3152","1":"product","2":"type-product","3":"status-publish","4":"has-post-thumbnail","6":"product_cat-desinfitseerimine","8":"first","9":"instock","10":"taxable","11":"shipping-taxable","12":"purchasable","13":"product-type-simple"},"yoast_head":"<!-- This site is optimized with the Yoast SEO plugin v26.5 - https:\/\/yoast.com\/wordpress\/plugins\/seo\/ -->\n<title>Q7.1 SANITIZER DEBAC 2L - Desinfitseerimisvahend I ZEP Eesti<\/title>\n<meta name=\"description\" content=\"Toode lagundab mustuse kiiresti ning h\u00e4vitab ebameeldivad l\u00f5hnad ning bakterid lihtsalt. Vahend ei sisalda l\u00f5hnaaineid, mis rikuksid toiduaineid. \u00d6konoomne.\" \/>\n<meta name=\"robots\" content=\"index, follow, max-snippet:-1, max-image-preview:large, max-video-preview:-1\" \/>\n<link rel=\"canonical\" href=\"https:\/\/zepestonia.com\/en\/toode\/q7-1-sanitizer-2l\/\" \/>\n<meta property=\"og:locale\" content=\"en_US\" \/>\n<meta property=\"og:type\" content=\"article\" \/>\n<meta property=\"og:title\" content=\"Q7.1 SANITIZER DEBAC 2L - Desinfitseerimisvahend I ZEP Eesti\" \/>\n<meta property=\"og:description\" content=\"Toode lagundab mustuse kiiresti ning h\u00e4vitab ebameeldivad l\u00f5hnad ning bakterid lihtsalt. Vahend ei sisalda l\u00f5hnaaineid, mis rikuksid toiduaineid. \u00d6konoomne.\" \/>\n<meta property=\"og:url\" content=\"https:\/\/zepestonia.com\/en\/toode\/q7-1-sanitizer-2l\/\" \/>\n<meta property=\"og:site_name\" content=\"ZEP Eesti I Puhastusvahendid I E-pood\" \/>\n<meta property=\"article:publisher\" content=\"https:\/\/www.facebook.com\/ZepEesti\" \/>\n<meta property=\"article:modified_time\" content=\"2026-03-11T00:00:06+00:00\" \/>\n<meta property=\"og:image\" content=\"https:\/\/zepestonia.com\/wp-content\/uploads\/2021\/12\/140-60e7e34f0f0084-04788272-Q7-120Sanitizer20DEBAC.png\" \/>\n\t<meta property=\"og:image:width\" content=\"400\" \/>\n\t<meta property=\"og:image:height\" content=\"600\" \/>\n\t<meta property=\"og:image:type\" content=\"image\/png\" \/>\n<meta name=\"twitter:card\" content=\"summary_large_image\" \/>\n<script type=\"application\/ld+json\" class=\"yoast-schema-graph\">{\"@context\":\"https:\/\/schema.org\",\"@graph\":[{\"@type\":\"WebPage\",\"@id\":\"https:\/\/zepestonia.com\/en\/toode\/q7-1-sanitizer-2l\/\",\"url\":\"https:\/\/zepestonia.com\/en\/toode\/q7-1-sanitizer-2l\/\",\"name\":\"Q7.1 SANITIZER DEBAC 2L - Desinfitseerimisvahend I ZEP Eesti\",\"isPartOf\":{\"@id\":\"https:\/\/zepestonia.com\/en\/#website\"},\"primaryImageOfPage\":{\"@id\":\"https:\/\/zepestonia.com\/en\/toode\/q7-1-sanitizer-2l\/#primaryimage\"},\"image\":{\"@id\":\"https:\/\/zepestonia.com\/en\/toode\/q7-1-sanitizer-2l\/#primaryimage\"},\"thumbnailUrl\":\"https:\/\/zepestonia.com\/wp-content\/uploads\/2021\/12\/140-60e7e34f0f0084-04788272-Q7-120Sanitizer20DEBAC.png\",\"datePublished\":\"2021-11-29T19:00:58+00:00\",\"dateModified\":\"2026-03-11T00:00:06+00:00\",\"description\":\"Toode lagundab mustuse kiiresti ning h\u00e4vitab ebameeldivad l\u00f5hnad ning bakterid lihtsalt. Vahend ei sisalda l\u00f5hnaaineid, mis rikuksid toiduaineid. \u00d6konoomne.\",\"breadcrumb\":{\"@id\":\"https:\/\/zepestonia.com\/en\/toode\/q7-1-sanitizer-2l\/#breadcrumb\"},\"inLanguage\":\"en-US\",\"potentialAction\":[{\"@type\":\"ReadAction\",\"target\":[\"https:\/\/zepestonia.com\/en\/toode\/q7-1-sanitizer-2l\/\"]}]},{\"@type\":\"ImageObject\",\"inLanguage\":\"en-US\",\"@id\":\"https:\/\/zepestonia.com\/en\/toode\/q7-1-sanitizer-2l\/#primaryimage\",\"url\":\"https:\/\/zepestonia.com\/wp-content\/uploads\/2021\/12\/140-60e7e34f0f0084-04788272-Q7-120Sanitizer20DEBAC.png\",\"contentUrl\":\"https:\/\/zepestonia.com\/wp-content\/uploads\/2021\/12\/140-60e7e34f0f0084-04788272-Q7-120Sanitizer20DEBAC.png\",\"width\":400,\"height\":600,\"caption\":\"140-60e7e34f0f0084-04788272-Q7-120Sanitizer20DEBAC\"},{\"@type\":\"BreadcrumbList\",\"@id\":\"https:\/\/zepestonia.com\/en\/toode\/q7-1-sanitizer-2l\/#breadcrumb\",\"itemListElement\":[{\"@type\":\"ListItem\",\"position\":1,\"name\":\"Home\",\"item\":\"https:\/\/zepestonia.com\/en\/\"},{\"@type\":\"ListItem\",\"position\":2,\"name\":\"Shop\",\"item\":\"https:\/\/zepestonia.com\/en\/?page_id=4643\"},{\"@type\":\"ListItem\",\"position\":3,\"name\":\"Q7.1 SANITIZER DEBAC 2L &#8211; Konsentreeritud desinfitseerimisvahend\"}]},{\"@type\":\"WebSite\",\"@id\":\"https:\/\/zepestonia.com\/en\/#website\",\"url\":\"https:\/\/zepestonia.com\/en\/\",\"name\":\"ZEP Eesti I Puhastusvahendid I E-pood\",\"description\":\"Pakume puhastus- ja hooldusprobleemidele efektiivseid keskkonnas\u00f5bralikke lahendusi!\",\"publisher\":{\"@id\":\"https:\/\/zepestonia.com\/en\/#organization\"},\"potentialAction\":[{\"@type\":\"SearchAction\",\"target\":{\"@type\":\"EntryPoint\",\"urlTemplate\":\"https:\/\/zepestonia.com\/en\/?s={search_term_string}\"},\"query-input\":{\"@type\":\"PropertyValueSpecification\",\"valueRequired\":true,\"valueName\":\"search_term_string\"}}],\"inLanguage\":\"en-US\"},{\"@type\":\"Organization\",\"@id\":\"https:\/\/zepestonia.com\/en\/#organization\",\"name\":\"Zep Estonia\",\"url\":\"https:\/\/zepestonia.com\/en\/\",\"logo\":{\"@type\":\"ImageObject\",\"inLanguage\":\"en-US\",\"@id\":\"https:\/\/zepestonia.com\/en\/#\/schema\/logo\/image\/\",\"url\":\"https:\/\/zepestonia.com\/wp-content\/uploads\/2022\/03\/Zep-Logo_png.jpeg\",\"contentUrl\":\"https:\/\/zepestonia.com\/wp-content\/uploads\/2022\/03\/Zep-Logo_png.jpeg\",\"width\":109,\"height\":70,\"caption\":\"Zep Estonia\"},\"image\":{\"@id\":\"https:\/\/zepestonia.com\/en\/#\/schema\/logo\/image\/\"},\"sameAs\":[\"https:\/\/www.facebook.com\/ZepEesti\"]}]}<\/script>\n<!-- \/ Yoast SEO plugin. -->","yoast_head_json":{"title":"Q7.1 SANITIZER DEBAC 2L - Desinfitseerimisvahend I ZEP Eesti","description":"Toode lagundab mustuse kiiresti ning h\u00e4vitab ebameeldivad l\u00f5hnad ning bakterid lihtsalt. Vahend ei sisalda l\u00f5hnaaineid, mis rikuksid toiduaineid. \u00d6konoomne.","robots":{"index":"index","follow":"follow","max-snippet":"max-snippet:-1","max-image-preview":"max-image-preview:large","max-video-preview":"max-video-preview:-1"},"canonical":"https:\/\/zepestonia.com\/en\/toode\/q7-1-sanitizer-2l\/","og_locale":"en_US","og_type":"article","og_title":"Q7.1 SANITIZER DEBAC 2L - Desinfitseerimisvahend I ZEP Eesti","og_description":"Toode lagundab mustuse kiiresti ning h\u00e4vitab ebameeldivad l\u00f5hnad ning bakterid lihtsalt. Vahend ei sisalda l\u00f5hnaaineid, mis rikuksid toiduaineid. \u00d6konoomne.","og_url":"https:\/\/zepestonia.com\/en\/toode\/q7-1-sanitizer-2l\/","og_site_name":"ZEP Eesti I Puhastusvahendid I E-pood","article_publisher":"https:\/\/www.facebook.com\/ZepEesti","article_modified_time":"2026-03-11T00:00:06+00:00","og_image":[{"width":400,"height":600,"url":"https:\/\/zepestonia.com\/wp-content\/uploads\/2021\/12\/140-60e7e34f0f0084-04788272-Q7-120Sanitizer20DEBAC.png","type":"image\/png"}],"twitter_card":"summary_large_image","schema":{"@context":"https:\/\/schema.org","@graph":[{"@type":"WebPage","@id":"https:\/\/zepestonia.com\/en\/toode\/q7-1-sanitizer-2l\/","url":"https:\/\/zepestonia.com\/en\/toode\/q7-1-sanitizer-2l\/","name":"Q7.1 SANITIZER DEBAC 2L - Desinfitseerimisvahend I ZEP Eesti","isPartOf":{"@id":"https:\/\/zepestonia.com\/en\/#website"},"primaryImageOfPage":{"@id":"https:\/\/zepestonia.com\/en\/toode\/q7-1-sanitizer-2l\/#primaryimage"},"image":{"@id":"https:\/\/zepestonia.com\/en\/toode\/q7-1-sanitizer-2l\/#primaryimage"},"thumbnailUrl":"https:\/\/zepestonia.com\/wp-content\/uploads\/2021\/12\/140-60e7e34f0f0084-04788272-Q7-120Sanitizer20DEBAC.png","datePublished":"2021-11-29T19:00:58+00:00","dateModified":"2026-03-11T00:00:06+00:00","description":"Toode lagundab mustuse kiiresti ning h\u00e4vitab ebameeldivad l\u00f5hnad ning bakterid lihtsalt. Vahend ei sisalda l\u00f5hnaaineid, mis rikuksid toiduaineid. \u00d6konoomne.","breadcrumb":{"@id":"https:\/\/zepestonia.com\/en\/toode\/q7-1-sanitizer-2l\/#breadcrumb"},"inLanguage":"en-US","potentialAction":[{"@type":"ReadAction","target":["https:\/\/zepestonia.com\/en\/toode\/q7-1-sanitizer-2l\/"]}]},{"@type":"ImageObject","inLanguage":"en-US","@id":"https:\/\/zepestonia.com\/en\/toode\/q7-1-sanitizer-2l\/#primaryimage","url":"https:\/\/zepestonia.com\/wp-content\/uploads\/2021\/12\/140-60e7e34f0f0084-04788272-Q7-120Sanitizer20DEBAC.png","contentUrl":"https:\/\/zepestonia.com\/wp-content\/uploads\/2021\/12\/140-60e7e34f0f0084-04788272-Q7-120Sanitizer20DEBAC.png","width":400,"height":600,"caption":"140-60e7e34f0f0084-04788272-Q7-120Sanitizer20DEBAC"},{"@type":"BreadcrumbList","@id":"https:\/\/zepestonia.com\/en\/toode\/q7-1-sanitizer-2l\/#breadcrumb","itemListElement":[{"@type":"ListItem","position":1,"name":"Home","item":"https:\/\/zepestonia.com\/en\/"},{"@type":"ListItem","position":2,"name":"Shop","item":"https:\/\/zepestonia.com\/en\/?page_id=4643"},{"@type":"ListItem","position":3,"name":"Q7.1 SANITIZER DEBAC 2L &#8211; Konsentreeritud desinfitseerimisvahend"}]},{"@type":"WebSite","@id":"https:\/\/zepestonia.com\/en\/#website","url":"https:\/\/zepestonia.com\/en\/","name":"ZEP Eesti I Puhastusvahendid I E-pood","description":"Pakume puhastus- ja hooldusprobleemidele efektiivseid keskkonnas\u00f5bralikke lahendusi!","publisher":{"@id":"https:\/\/zepestonia.com\/en\/#organization"},"potentialAction":[{"@type":"SearchAction","target":{"@type":"EntryPoint","urlTemplate":"https:\/\/zepestonia.com\/en\/?s={search_term_string}"},"query-input":{"@type":"PropertyValueSpecification","valueRequired":true,"valueName":"search_term_string"}}],"inLanguage":"en-US"},{"@type":"Organization","@id":"https:\/\/zepestonia.com\/en\/#organization","name":"Zep Estonia","url":"https:\/\/zepestonia.com\/en\/","logo":{"@type":"ImageObject","inLanguage":"en-US","@id":"https:\/\/zepestonia.com\/en\/#\/schema\/logo\/image\/","url":"https:\/\/zepestonia.com\/wp-content\/uploads\/2022\/03\/Zep-Logo_png.jpeg","contentUrl":"https:\/\/zepestonia.com\/wp-content\/uploads\/2022\/03\/Zep-Logo_png.jpeg","width":109,"height":70,"caption":"Zep Estonia"},"image":{"@id":"https:\/\/zepestonia.com\/en\/#\/schema\/logo\/image\/"},"sameAs":["https:\/\/www.facebook.com\/ZepEesti"]}]}},"_links":{"self":[{"href":"https:\/\/zepestonia.com\/en\/wp-json\/wp\/v2\/product\/3152","targetHints":{"allow":["GET"]}}],"collection":[{"href":"https:\/\/zepestonia.com\/en\/wp-json\/wp\/v2\/product"}],"about":[{"href":"https:\/\/zepestonia.com\/en\/wp-json\/wp\/v2\/types\/product"}],"replies":[{"embeddable":true,"href":"https:\/\/zepestonia.com\/en\/wp-json\/wp\/v2\/comments?post=3152"}],"version-history":[{"count":3,"href":"https:\/\/zepestonia.com\/en\/wp-json\/wp\/v2\/product\/3152\/revisions"}],"predecessor-version":[{"id":14272,"href":"https:\/\/zepestonia.com\/en\/wp-json\/wp\/v2\/product\/3152\/revisions\/14272"}],"wp:featuredmedia":[{"embeddable":true,"href":"https:\/\/zepestonia.com\/en\/wp-json\/wp\/v2\/media\/3632"}],"wp:attachment":[{"href":"https:\/\/zepestonia.com\/en\/wp-json\/wp\/v2\/media?parent=3152"}],"wp:term":[{"taxonomy":"product_brand","embeddable":true,"href":"https:\/\/zepestonia.com\/en\/wp-json\/wp\/v2\/product_brand?post=3152"},{"taxonomy":"product_cat","embeddable":true,"href":"https:\/\/zepestonia.com\/en\/wp-json\/wp\/v2\/product_cat?post=3152"},{"taxonomy":"product_tag","embeddable":true,"href":"https:\/\/zepestonia.com\/en\/wp-json\/wp\/v2\/product_tag?post=3152"}],"curies":[{"name":"wp","href":"https:\/\/api.w.org\/{rel}","templated":true}]}}