{"id":3147,"date":"2021-11-29T19:00:57","date_gmt":"2021-11-29T19:00:57","guid":{"rendered":"https:\/\/zep.valgekana.ee\/toode\/rapid-sorb-roll\/"},"modified":"2025-07-01T00:24:35","modified_gmt":"2025-07-01T00:24:35","slug":"rapid-sorb-roll","status":"publish","type":"product","link":"https:\/\/zepestonia.com\/en\/toode\/rapid-sorb-roll\/","title":{"rendered":"Rapid Sorb Roll* &#8211; Absorbeeriv rullr\u00e4tt"},"content":{"rendered":"","protected":false},"excerpt":{"rendered":"<p>Pol\u00fcprop\u00fcleenist absorbeeriv rull, mis jaotatud sektoriteks (41x46cm.)Efektiivne vedelike ja \u00f5lide absorbeerimiseks.<br \/>\nAbsorbeerib: 27L.<br \/>\nPakend: 1\u00d724.4m<br \/>\nM\u00f5\u00f5dud: 0,41\u00d724,4m.<\/p>\n","protected":false},"featured_media":3831,"comment_status":"closed","ping_status":"closed","template":"","meta":[],"product_brand":[],"product_cat":[204],"product_tag":[],"class_list":{"0":"post-3147","1":"product","2":"type-product","3":"status-publish","4":"has-post-thumbnail","6":"product_cat-keskkond","8":"first","9":"instock","10":"taxable","11":"shipping-taxable","12":"purchasable","13":"product-type-simple"},"yoast_head":"<!-- This site is optimized with the Yoast SEO plugin v26.5 - https:\/\/yoast.com\/wordpress\/plugins\/seo\/ -->\n<title>Rapid Sorb Roll* - Absorbeeriv rullr\u00e4tt I ZEP Eesti<\/title>\n<meta name=\"description\" content=\"Pol\u00fcprop\u00fcleenist absorbeeriv rull, mis jaotatud sektoriteks. Efektiivne vedelike, \u00f5lide absorbeerimiseks. Absorbeerib: 27L. Pakend: 1\u00d724.4m. M\u00f5\u00f5dud: 0,41\u00d724,4m.\" \/>\n<meta name=\"robots\" content=\"index, follow, max-snippet:-1, max-image-preview:large, max-video-preview:-1\" \/>\n<link rel=\"canonical\" href=\"https:\/\/zepestonia.com\/en\/toode\/rapid-sorb-roll\/\" \/>\n<meta property=\"og:locale\" content=\"en_US\" \/>\n<meta property=\"og:type\" content=\"article\" \/>\n<meta property=\"og:title\" content=\"Rapid Sorb Roll* - Absorbeeriv rullr\u00e4tt I ZEP Eesti\" \/>\n<meta property=\"og:description\" content=\"Pol\u00fcprop\u00fcleenist absorbeeriv rull, mis jaotatud sektoriteks. Efektiivne vedelike, \u00f5lide absorbeerimiseks. Absorbeerib: 27L. Pakend: 1\u00d724.4m. M\u00f5\u00f5dud: 0,41\u00d724,4m.\" \/>\n<meta property=\"og:url\" content=\"https:\/\/zepestonia.com\/en\/toode\/rapid-sorb-roll\/\" \/>\n<meta property=\"og:site_name\" content=\"ZEP Eesti I Puhastusvahendid I E-pood\" \/>\n<meta property=\"article:publisher\" content=\"https:\/\/www.facebook.com\/ZepEesti\" \/>\n<meta property=\"article:modified_time\" content=\"2025-07-01T00:24:35+00:00\" \/>\n<meta property=\"og:image\" content=\"https:\/\/zepestonia.com\/wp-content\/uploads\/2021\/12\/144-60e8edaf5a5f78-87675067-Rapid20Sorb20Roll.png\" \/>\n\t<meta property=\"og:image:width\" content=\"400\" \/>\n\t<meta property=\"og:image:height\" content=\"600\" \/>\n\t<meta property=\"og:image:type\" content=\"image\/png\" \/>\n<meta name=\"twitter:card\" content=\"summary_large_image\" \/>\n<script type=\"application\/ld+json\" class=\"yoast-schema-graph\">{\"@context\":\"https:\/\/schema.org\",\"@graph\":[{\"@type\":\"WebPage\",\"@id\":\"https:\/\/zepestonia.com\/en\/toode\/rapid-sorb-roll\/\",\"url\":\"https:\/\/zepestonia.com\/en\/toode\/rapid-sorb-roll\/\",\"name\":\"Rapid Sorb Roll* - Absorbeeriv rullr\u00e4tt I ZEP Eesti\",\"isPartOf\":{\"@id\":\"https:\/\/zepestonia.com\/en\/#website\"},\"primaryImageOfPage\":{\"@id\":\"https:\/\/zepestonia.com\/en\/toode\/rapid-sorb-roll\/#primaryimage\"},\"image\":{\"@id\":\"https:\/\/zepestonia.com\/en\/toode\/rapid-sorb-roll\/#primaryimage\"},\"thumbnailUrl\":\"https:\/\/zepestonia.com\/wp-content\/uploads\/2021\/12\/144-60e8edaf5a5f78-87675067-Rapid20Sorb20Roll.png\",\"datePublished\":\"2021-11-29T19:00:57+00:00\",\"dateModified\":\"2025-07-01T00:24:35+00:00\",\"description\":\"Pol\u00fcprop\u00fcleenist absorbeeriv rull, mis jaotatud sektoriteks. Efektiivne vedelike, \u00f5lide absorbeerimiseks. Absorbeerib: 27L. Pakend: 1\u00d724.4m. M\u00f5\u00f5dud: 0,41\u00d724,4m.\",\"breadcrumb\":{\"@id\":\"https:\/\/zepestonia.com\/en\/toode\/rapid-sorb-roll\/#breadcrumb\"},\"inLanguage\":\"en-US\",\"potentialAction\":[{\"@type\":\"ReadAction\",\"target\":[\"https:\/\/zepestonia.com\/en\/toode\/rapid-sorb-roll\/\"]}]},{\"@type\":\"ImageObject\",\"inLanguage\":\"en-US\",\"@id\":\"https:\/\/zepestonia.com\/en\/toode\/rapid-sorb-roll\/#primaryimage\",\"url\":\"https:\/\/zepestonia.com\/wp-content\/uploads\/2021\/12\/144-60e8edaf5a5f78-87675067-Rapid20Sorb20Roll.png\",\"contentUrl\":\"https:\/\/zepestonia.com\/wp-content\/uploads\/2021\/12\/144-60e8edaf5a5f78-87675067-Rapid20Sorb20Roll.png\",\"width\":400,\"height\":600,\"caption\":\"144-60e8edaf5a5f78-87675067-Rapid20Sorb20Roll\"},{\"@type\":\"BreadcrumbList\",\"@id\":\"https:\/\/zepestonia.com\/en\/toode\/rapid-sorb-roll\/#breadcrumb\",\"itemListElement\":[{\"@type\":\"ListItem\",\"position\":1,\"name\":\"Home\",\"item\":\"https:\/\/zepestonia.com\/en\/\"},{\"@type\":\"ListItem\",\"position\":2,\"name\":\"Shop\",\"item\":\"https:\/\/zepestonia.com\/en\/?page_id=4643\"},{\"@type\":\"ListItem\",\"position\":3,\"name\":\"Rapid Sorb Roll* &#8211; Absorbeeriv rullr\u00e4tt\"}]},{\"@type\":\"WebSite\",\"@id\":\"https:\/\/zepestonia.com\/en\/#website\",\"url\":\"https:\/\/zepestonia.com\/en\/\",\"name\":\"ZEP Eesti I Puhastusvahendid I E-pood\",\"description\":\"Pakume puhastus- ja hooldusprobleemidele efektiivseid keskkonnas\u00f5bralikke lahendusi!\",\"publisher\":{\"@id\":\"https:\/\/zepestonia.com\/en\/#organization\"},\"potentialAction\":[{\"@type\":\"SearchAction\",\"target\":{\"@type\":\"EntryPoint\",\"urlTemplate\":\"https:\/\/zepestonia.com\/en\/?s={search_term_string}\"},\"query-input\":{\"@type\":\"PropertyValueSpecification\",\"valueRequired\":true,\"valueName\":\"search_term_string\"}}],\"inLanguage\":\"en-US\"},{\"@type\":\"Organization\",\"@id\":\"https:\/\/zepestonia.com\/en\/#organization\",\"name\":\"Zep Estonia\",\"url\":\"https:\/\/zepestonia.com\/en\/\",\"logo\":{\"@type\":\"ImageObject\",\"inLanguage\":\"en-US\",\"@id\":\"https:\/\/zepestonia.com\/en\/#\/schema\/logo\/image\/\",\"url\":\"https:\/\/zepestonia.com\/wp-content\/uploads\/2022\/03\/Zep-Logo_png.jpeg\",\"contentUrl\":\"https:\/\/zepestonia.com\/wp-content\/uploads\/2022\/03\/Zep-Logo_png.jpeg\",\"width\":109,\"height\":70,\"caption\":\"Zep Estonia\"},\"image\":{\"@id\":\"https:\/\/zepestonia.com\/en\/#\/schema\/logo\/image\/\"},\"sameAs\":[\"https:\/\/www.facebook.com\/ZepEesti\"]}]}<\/script>\n<!-- \/ Yoast SEO plugin. -->","yoast_head_json":{"title":"Rapid Sorb Roll* - Absorbeeriv rullr\u00e4tt I ZEP Eesti","description":"Pol\u00fcprop\u00fcleenist absorbeeriv rull, mis jaotatud sektoriteks. Efektiivne vedelike, \u00f5lide absorbeerimiseks. Absorbeerib: 27L. Pakend: 1\u00d724.4m. M\u00f5\u00f5dud: 0,41\u00d724,4m.","robots":{"index":"index","follow":"follow","max-snippet":"max-snippet:-1","max-image-preview":"max-image-preview:large","max-video-preview":"max-video-preview:-1"},"canonical":"https:\/\/zepestonia.com\/en\/toode\/rapid-sorb-roll\/","og_locale":"en_US","og_type":"article","og_title":"Rapid Sorb Roll* - Absorbeeriv rullr\u00e4tt I ZEP Eesti","og_description":"Pol\u00fcprop\u00fcleenist absorbeeriv rull, mis jaotatud sektoriteks. Efektiivne vedelike, \u00f5lide absorbeerimiseks. Absorbeerib: 27L. Pakend: 1\u00d724.4m. M\u00f5\u00f5dud: 0,41\u00d724,4m.","og_url":"https:\/\/zepestonia.com\/en\/toode\/rapid-sorb-roll\/","og_site_name":"ZEP Eesti I Puhastusvahendid I E-pood","article_publisher":"https:\/\/www.facebook.com\/ZepEesti","article_modified_time":"2025-07-01T00:24:35+00:00","og_image":[{"width":400,"height":600,"url":"https:\/\/zepestonia.com\/wp-content\/uploads\/2021\/12\/144-60e8edaf5a5f78-87675067-Rapid20Sorb20Roll.png","type":"image\/png"}],"twitter_card":"summary_large_image","schema":{"@context":"https:\/\/schema.org","@graph":[{"@type":"WebPage","@id":"https:\/\/zepestonia.com\/en\/toode\/rapid-sorb-roll\/","url":"https:\/\/zepestonia.com\/en\/toode\/rapid-sorb-roll\/","name":"Rapid Sorb Roll* - Absorbeeriv rullr\u00e4tt I ZEP Eesti","isPartOf":{"@id":"https:\/\/zepestonia.com\/en\/#website"},"primaryImageOfPage":{"@id":"https:\/\/zepestonia.com\/en\/toode\/rapid-sorb-roll\/#primaryimage"},"image":{"@id":"https:\/\/zepestonia.com\/en\/toode\/rapid-sorb-roll\/#primaryimage"},"thumbnailUrl":"https:\/\/zepestonia.com\/wp-content\/uploads\/2021\/12\/144-60e8edaf5a5f78-87675067-Rapid20Sorb20Roll.png","datePublished":"2021-11-29T19:00:57+00:00","dateModified":"2025-07-01T00:24:35+00:00","description":"Pol\u00fcprop\u00fcleenist absorbeeriv rull, mis jaotatud sektoriteks. Efektiivne vedelike, \u00f5lide absorbeerimiseks. Absorbeerib: 27L. Pakend: 1\u00d724.4m. M\u00f5\u00f5dud: 0,41\u00d724,4m.","breadcrumb":{"@id":"https:\/\/zepestonia.com\/en\/toode\/rapid-sorb-roll\/#breadcrumb"},"inLanguage":"en-US","potentialAction":[{"@type":"ReadAction","target":["https:\/\/zepestonia.com\/en\/toode\/rapid-sorb-roll\/"]}]},{"@type":"ImageObject","inLanguage":"en-US","@id":"https:\/\/zepestonia.com\/en\/toode\/rapid-sorb-roll\/#primaryimage","url":"https:\/\/zepestonia.com\/wp-content\/uploads\/2021\/12\/144-60e8edaf5a5f78-87675067-Rapid20Sorb20Roll.png","contentUrl":"https:\/\/zepestonia.com\/wp-content\/uploads\/2021\/12\/144-60e8edaf5a5f78-87675067-Rapid20Sorb20Roll.png","width":400,"height":600,"caption":"144-60e8edaf5a5f78-87675067-Rapid20Sorb20Roll"},{"@type":"BreadcrumbList","@id":"https:\/\/zepestonia.com\/en\/toode\/rapid-sorb-roll\/#breadcrumb","itemListElement":[{"@type":"ListItem","position":1,"name":"Home","item":"https:\/\/zepestonia.com\/en\/"},{"@type":"ListItem","position":2,"name":"Shop","item":"https:\/\/zepestonia.com\/en\/?page_id=4643"},{"@type":"ListItem","position":3,"name":"Rapid Sorb Roll* &#8211; Absorbeeriv rullr\u00e4tt"}]},{"@type":"WebSite","@id":"https:\/\/zepestonia.com\/en\/#website","url":"https:\/\/zepestonia.com\/en\/","name":"ZEP Eesti I Puhastusvahendid I E-pood","description":"Pakume puhastus- ja hooldusprobleemidele efektiivseid keskkonnas\u00f5bralikke lahendusi!","publisher":{"@id":"https:\/\/zepestonia.com\/en\/#organization"},"potentialAction":[{"@type":"SearchAction","target":{"@type":"EntryPoint","urlTemplate":"https:\/\/zepestonia.com\/en\/?s={search_term_string}"},"query-input":{"@type":"PropertyValueSpecification","valueRequired":true,"valueName":"search_term_string"}}],"inLanguage":"en-US"},{"@type":"Organization","@id":"https:\/\/zepestonia.com\/en\/#organization","name":"Zep Estonia","url":"https:\/\/zepestonia.com\/en\/","logo":{"@type":"ImageObject","inLanguage":"en-US","@id":"https:\/\/zepestonia.com\/en\/#\/schema\/logo\/image\/","url":"https:\/\/zepestonia.com\/wp-content\/uploads\/2022\/03\/Zep-Logo_png.jpeg","contentUrl":"https:\/\/zepestonia.com\/wp-content\/uploads\/2022\/03\/Zep-Logo_png.jpeg","width":109,"height":70,"caption":"Zep Estonia"},"image":{"@id":"https:\/\/zepestonia.com\/en\/#\/schema\/logo\/image\/"},"sameAs":["https:\/\/www.facebook.com\/ZepEesti"]}]}},"_links":{"self":[{"href":"https:\/\/zepestonia.com\/en\/wp-json\/wp\/v2\/product\/3147","targetHints":{"allow":["GET"]}}],"collection":[{"href":"https:\/\/zepestonia.com\/en\/wp-json\/wp\/v2\/product"}],"about":[{"href":"https:\/\/zepestonia.com\/en\/wp-json\/wp\/v2\/types\/product"}],"replies":[{"embeddable":true,"href":"https:\/\/zepestonia.com\/en\/wp-json\/wp\/v2\/comments?post=3147"}],"version-history":[{"count":1,"href":"https:\/\/zepestonia.com\/en\/wp-json\/wp\/v2\/product\/3147\/revisions"}],"predecessor-version":[{"id":12295,"href":"https:\/\/zepestonia.com\/en\/wp-json\/wp\/v2\/product\/3147\/revisions\/12295"}],"wp:featuredmedia":[{"embeddable":true,"href":"https:\/\/zepestonia.com\/en\/wp-json\/wp\/v2\/media\/3831"}],"wp:attachment":[{"href":"https:\/\/zepestonia.com\/en\/wp-json\/wp\/v2\/media?parent=3147"}],"wp:term":[{"taxonomy":"product_brand","embeddable":true,"href":"https:\/\/zepestonia.com\/en\/wp-json\/wp\/v2\/product_brand?post=3147"},{"taxonomy":"product_cat","embeddable":true,"href":"https:\/\/zepestonia.com\/en\/wp-json\/wp\/v2\/product_cat?post=3147"},{"taxonomy":"product_tag","embeddable":true,"href":"https:\/\/zepestonia.com\/en\/wp-json\/wp\/v2\/product_tag?post=3147"}],"curies":[{"name":"wp","href":"https:\/\/api.w.org\/{rel}","templated":true}]}}