{"id":3145,"date":"2021-11-29T19:00:57","date_gmt":"2021-11-29T19:00:57","guid":{"rendered":"https:\/\/zep.valgekana.ee\/toode\/paintex-rc-5l-tile-red\/"},"modified":"2025-07-01T00:24:23","modified_gmt":"2025-07-01T00:24:23","slug":"paintex-rc-5l-tile-red","status":"publish","type":"product","link":"https:\/\/zepestonia.com\/en\/toode\/paintex-rc-5l-tile-red\/","title":{"rendered":"Paintex RC 5L Tile Red- T\u00f6\u00f6stuslik alk\u00fc\u00fcdvaiguga v\u00e4rv"},"content":{"rendered":"<p><span style=\"font-size:14px\"><span class=\"markedContent\" id=\"page37R_mcid25\"><span dir=\"ltr\" role=\"presentation\" style=\"left: 60px;top: 648.711px;font-family: sans-serif\">Pindade ettevalmistamine<\/span><\/span>:<\/span><\/p>\n<ul>\n<li><span style=\"font-size:14px\"><span class=\"markedContent\"><span dir=\"ltr\" role=\"presentation\" style=\"left: 60px;top: 671.711px;font-family: sans-serif\">V\u00e4rvitavad pinnad pea<\/span><span dir=\"ltr\" role=\"presentation\" style=\"left: 259.033px;top: 671.711px;font-family: sans-serif\">vad<\/span><span dir=\"ltr\" role=\"presentation\" style=\"left: 291.333px;top: 671.711px;font-family: sans-serif\"> <\/span><span dir=\"ltr\" role=\"presentation\" style=\"left: 297.033px;top: 671.711px;font-family: sans-serif\">olema puhtad, kuivad ja vabad lahtisest<\/span><span dir=\"ltr\" role=\"presentation\" style=\"left: 646.853px;top: 671.711px;font-family: sans-serif\"> <\/span><span dir=\"ltr\" role=\"presentation\" style=\"left: 652.717px;top: 671.711px;font-family: sans-serif\">v\u00e4rvist<\/span><span dir=\"ltr\" role=\"presentation\" style=\"left: 710.457px;top: 671.711px;font-family: sans-serif\"> <\/span><span dir=\"ltr\" role=\"presentation\" style=\"left: 716.117px;top: 671.711px;font-family: sans-serif\">v\u00f5i<\/span><span dir=\"ltr\" role=\"presentation\" style=\"left: 741.737px;top: 671.711px;font-family: sans-serif\"> <\/span><span dir=\"ltr\" role=\"presentation\" style=\"left: 747.367px;top: 671.711px;font-family: sans-serif\">mustusest<\/span><span dir=\"ltr\" role=\"presentation\" style=\"left: 838.567px;top: 671.711px;font-family: sans-serif\">.<\/span><\/span><\/span><\/li>\n<li><span style=\"font-size:14px\"><span class=\"markedContent\" id=\"page37R_mcid26\"><span dir=\"ltr\" role=\"presentation\" style=\"left: 60px;top: 694.711px;font-family: sans-serif\">Paadisil<\/span><span dir=\"ltr\" role=\"presentation\" style=\"left: 130.24px;top: 694.711px;font-family: sans-serif\">dad<\/span><span dir=\"ltr\" role=\"presentation\" style=\"left: 163.64px;top: 694.711px;font-family: sans-serif\">e pinnad tuleb<\/span><span dir=\"ltr\" role=\"presentation\" style=\"left: 289.06px;top: 694.711px;font-family: sans-serif\"> <\/span><span dir=\"ltr\" role=\"presentation\" style=\"left: 300.433px;top: 694.711px;font-family: sans-serif\">enne<\/span><span dir=\"ltr\" role=\"presentation\" style=\"left: 344.913px;top: 694.711px;font-family: sans-serif\"> <\/span><span dir=\"ltr\" role=\"presentation\" style=\"left: 350.483px;top: 694.711px;font-family: sans-serif\">v\u00e4rviga katmist<\/span><span dir=\"ltr\" role=\"presentation\" style=\"left: 483.623px;top: 694.711px;font-family: sans-serif\"> <\/span><span dir=\"ltr\" role=\"presentation\" style=\"left: 489.283px;top: 694.711px;font-family: sans-serif\">asjakohas<\/span><span dir=\"ltr\" role=\"presentation\" style=\"left: 579.517px;top: 694.711px;font-family: sans-serif\">elt<\/span><span dir=\"ltr\" role=\"presentation\" style=\"left: 600.697px;top: 694.711px;font-family: sans-serif\"> <\/span><span dir=\"ltr\" role=\"presentation\" style=\"left: 606.117px;top: 694.711px;font-family: sans-serif\">t\u00f6\u00f6<\/span><span dir=\"ltr\" role=\"presentation\" style=\"left: 633.917px;top: 694.711px;font-family: sans-serif\">delda<\/span><span dir=\"ltr\" role=\"presentation\" style=\"left: 682.777px;top: 694.711px;font-family: sans-serif\"> <\/span><span dir=\"ltr\" role=\"presentation\" style=\"left: 688.517px;top: 694.711px;font-family: sans-serif\">(<\/span><span dir=\"ltr\" role=\"presentation\" style=\"left: 695.117px;top: 694.711px;font-family: sans-serif\">nt.<\/span><span dir=\"ltr\" role=\"presentation\" style=\"left: 717.417px;top: 694.711px;font-family: sans-serif\"> <\/span><span dir=\"ltr\" role=\"presentation\" style=\"left: 722.917px;top: 694.711px;font-family: sans-serif\">happes\u00f6\u00f6vit<\/span><span dir=\"ltr\" role=\"presentation\" style=\"left: 830.767px;top: 694.711px;font-family: sans-serif\">us<\/span><span dir=\"ltr\" role=\"presentation\" style=\"left: 851.967px;top: 694.711px;font-family: sans-serif\">).<\/span><\/span><\/span><\/li>\n<li><span style=\"font-size:14px\"><span class=\"markedContent\"><span dir=\"ltr\" role=\"presentation\" style=\"left: 60px;top: 717.711px;font-family: sans-serif\">V\u00e4rskelt<\/span><span dir=\"ltr\" role=\"presentation\" style=\"left: 132.34px;top: 717.711px;font-family: sans-serif\"> <\/span><span dir=\"ltr\" role=\"presentation\" style=\"left: 138.04px;top: 717.711px;font-family: sans-serif\">valatud<\/span><span dir=\"ltr\" role=\"presentation\" style=\"left: 202.52px;top: 717.711px;font-family: sans-serif\"> <\/span><span dir=\"ltr\" role=\"presentation\" style=\"left: 213.633px;top: 717.711px;font-family: sans-serif\">betoon<\/span><span dir=\"ltr\" role=\"presentation\" style=\"left: 274.533px;top: 717.711px;font-family: sans-serif\"> <\/span><span dir=\"ltr\" role=\"presentation\" style=\"left: 280.233px;top: 717.711px;font-family: sans-serif\">peab<\/span><span dir=\"ltr\" role=\"presentation\" style=\"left: 324.713px;top: 717.711px;font-family: sans-serif\"> <\/span><span dir=\"ltr\" role=\"presentation\" style=\"left: 330.283px;top: 717.711px;font-family: sans-serif\">enne v\u00e4rvimist<\/span><span dir=\"ltr\" role=\"presentation\" style=\"left: 459.183px;top: 717.711px;font-family: sans-serif\"> <\/span><span dir=\"ltr\" role=\"presentation\" style=\"left: 464.683px;top: 717.711px;font-family: sans-serif\">kuivam<\/span><span dir=\"ltr\" role=\"presentation\" style=\"left: 528.083px;top: 717.711px;font-family: sans-serif\">a<\/span><span dir=\"ltr\" role=\"presentation\" style=\"left: 539.203px;top: 717.711px;font-family: sans-serif\"> <\/span><span dir=\"ltr\" role=\"presentation\" style=\"left: 544.917px;top: 717.711px;font-family: sans-serif\">28 p\u00e4eva, et kogu liigne vesi<\/span><span dir=\"ltr\" role=\"presentation\" style=\"left: 797.137px;top: 717.711px;font-family: sans-serif\"> <\/span><span dir=\"ltr\" role=\"presentation\" style=\"left: 802.767px;top: 717.711px;font-family: sans-serif\">betoonist<\/span><\/span><\/span><\/li>\n<li><span style=\"font-size:14px\"><span class=\"markedContent\" id=\"page37R_mcid27\"><span dir=\"ltr\" role=\"presentation\" style=\"left: 60px;top: 740.711px;font-family: sans-serif\">oleks kadunud.<\/span><\/span><\/span><\/li>\n<\/ul>\n<p><span style=\"font-size:14px\"><span class=\"markedContent\" id=\"page37R_mcid29\"><span dir=\"ltr\" role=\"presentation\" style=\"left: 60px;top: 786.744px;font-family: sans-serif\">Peale kandmine<\/span><\/span>:<\/span><\/p>\n<ul>\n<li><span style=\"font-size:14px\"><span class=\"markedContent\" id=\"page37R_mcid30\"><span dir=\"ltr\" role=\"presentation\" style=\"left: 60px;top: 809.744px;font-family: sans-serif\">Kanda peale pintsli v\u00f5i<\/span><span dir=\"ltr\" role=\"presentation\" style=\"left: 260.26px;top: 809.744px;font-family: sans-serif\"> <\/span><span dir=\"ltr\" role=\"presentation\" style=\"left: 265.833px;top: 809.744px;font-family: sans-serif\">rulli<\/span><span dir=\"ltr\" role=\"presentation\" style=\"left: 296.833px;top: 809.744px;font-family: sans-serif\">ga.<\/span><\/span><\/span><\/li>\n<li><span style=\"font-size:14px\"><span class=\"markedContent\"><span dir=\"ltr\" role=\"presentation\" style=\"left: 60px;top: 832.744px;font-family: sans-serif\">U<\/span><span dir=\"ltr\" role=\"presentation\" style=\"left: 74.4px;top: 832.744px;font-family: sans-serif\">ute pindade<\/span><span dir=\"ltr\" role=\"presentation\" style=\"left: 179px;top: 832.744px;font-family: sans-serif\"> <\/span><span dir=\"ltr\" role=\"presentation\" style=\"left: 184.833px;top: 832.744px;font-family: sans-serif\">t\u00f6\u00f6tlusel lisada<\/span><span dir=\"ltr\" role=\"presentation\" style=\"left: 316.833px;top: 832.744px;font-family: sans-serif\"> <\/span><span dir=\"ltr\" role=\"presentation\" style=\"left: 328.283px;top: 832.744px;font-family: sans-serif\">v\u00e4rvikihtide tihendamise eesm\u00e4rgil \u00fche v\u00e4r<\/span><span dir=\"ltr\" role=\"presentation\" style=\"left: 711.717px;top: 832.744px;font-family: sans-serif\">vikihi pealekandmise<\/span><span dir=\"ltr\" role=\"presentation\" style=\"left: 896.367px;top: 832.744px;font-family: sans-serif\">l<\/span><\/span><\/span><\/li>\n<li><span style=\"font-size:14px\"><span class=\"markedContent\" id=\"page37R_mcid31\"><span dir=\"ltr\" role=\"presentation\" style=\"left: 60px;top: 855.744px;font-family: sans-serif\">v\u00e4rvi sisse<\/span><span dir=\"ltr\" role=\"presentation\" style=\"left: 153.3px;top: 855.744px;font-family: sans-serif\"> <\/span><span dir=\"ltr\" role=\"presentation\" style=\"left: 159.04px;top: 855.744px;font-family: sans-serif\">25% vedeldajat<\/span><span dir=\"ltr\" role=\"presentation\" style=\"left: 295.833px;top: 855.744px;font-family: sans-serif\">.<\/span><\/span><\/span><\/li>\n<li><span style=\"font-size:14px\"><span class=\"markedContent\" id=\"page37R_mcid32\"><span dir=\"ltr\" role=\"presentation\" style=\"left: 60px;top: 878.744px;font-family: sans-serif\">Viimane kiht v\u00e4rvi kanda peale lahjendamata kujul.<\/span><\/span><\/span><\/li>\n<\/ul>\n<p><span style=\"font-size:14px\"><span class=\"markedContent\" id=\"page37R_mcid35\"><span dir=\"ltr\" role=\"presentation\" style=\"left: 60px;top: 947.744px;font-family: sans-serif\">Kuiva<\/span><span dir=\"ltr\" role=\"presentation\" style=\"left: 114.64px;top: 947.744px;font-family: sans-serif\">mine<\/span><\/span>:<\/span><\/p>\n<ul>\n<li><span style=\"font-size:14px\"><span class=\"markedContent\" id=\"page37R_mcid36\"><span dir=\"ltr\" role=\"presentation\" style=\"left: 60px;top: 970.744px;font-family: sans-serif\">Pinnakuiv 2<\/span><span dir=\"ltr\" role=\"presentation\" style=\"left: 163.44px;top: 970.744px;font-family: sans-serif\"> <\/span><span dir=\"ltr\" role=\"presentation\" style=\"left: 169.233px;top: 970.744px;font-family: sans-serif\">&#8211;<\/span><span dir=\"ltr\" role=\"presentation\" style=\"left: 175.893px;top: 970.744px;font-family: sans-serif\"> <\/span><span dir=\"ltr\" role=\"presentation\" style=\"left: 181.433px;top: 970.744px;font-family: sans-serif\">3 tundi temperatuuril 20<\/span><span dir=\"ltr\" role=\"presentation\" style=\"left: 391.173px;top: 970.744px;font-family: sans-serif\"> <\/span><span dir=\"ltr\" role=\"presentation\" style=\"left: 397.083px;top: 970.744px;font-family: sans-serif\">\u00b0 C<\/span><\/span><\/span><\/li>\n<li><span style=\"font-size:14px\"><span class=\"markedContent\" id=\"page37R_mcid37\"><span dir=\"ltr\" role=\"presentation\" style=\"left: 60px;top: 993.744px;font-family: sans-serif\">T\u00e4iesti<\/span><span dir=\"ltr\" role=\"presentation\" style=\"left: 119px;top: 993.744px;font-family: sans-serif\"> <\/span><span dir=\"ltr\" role=\"presentation\" style=\"left: 124.64px;top: 993.744px;font-family: sans-serif\">kuiv 24 tundi temperatuuril 20 \u00b0 C<\/span><\/span><\/span><\/li>\n<li><span style=\"font-size:14px\"><span class=\"markedContent\" id=\"page37R_mcid38\"><span dir=\"ltr\" role=\"presentation\" style=\"left: 60px;top: 1016.74px;font-family: sans-serif\">Uuesti katmine 4<\/span><span dir=\"ltr\" role=\"presentation\" style=\"left: 209.233px;top: 1016.74px;font-family: sans-serif\">&#8211;<\/span><span dir=\"ltr\" role=\"presentation\" style=\"left: 215.833px;top: 1016.74px;font-family: sans-serif\">6 tundi temperatuuril 20<\/span><span dir=\"ltr\" role=\"presentation\" style=\"left: 425.773px;top: 1016.74px;font-family: sans-serif\"> <\/span><span dir=\"ltr\" role=\"presentation\" style=\"left: 431.683px;top: 1016.74px;font-family: sans-serif\">\u00b0 C<\/span><\/span><\/span><\/li>\n<\/ul>\n<p>\u00d6konoomne: 10 m2 = 1 L v\u00e4rvi (olenevalt aluspinnast ja pealekandmistehnikast).<br \/>\nV\u00e4rvus punane.<\/p>\n","protected":false},"excerpt":{"rendered":"<p>Ideaalne kasutamiseks kerge ja keskmise liiklusega piirkondades.<br \/>\nJ\u00e4tab pooll\u00e4ikiva pinna.<br \/>\nSobib kasutamiseks enamusele pindadele.<br \/>\nHea vastupidavus kemikaalidele, \u00f5lidele ja m\u00e4\u00e4rdeainetele.<br \/>\nKuivab kiiresti.<br \/>\nKleepub enamiku pindade k\u00fclge.<br \/>\nVastupidav ja saab kanda eelnevalt v\u00e4rvitud pindadele.<br \/>\nTagab libisemiskindla pinna.<br \/>\nV\u00f5ib peale kanda nii pintsli kui rulliga.<br \/>\nSobib betooni, terase v\u00f5i siseruumides olevate puitpindade v\u00e4rvimiseks.<\/p>\n","protected":false},"featured_media":3745,"comment_status":"closed","ping_status":"closed","template":"","meta":[],"product_brand":[],"product_cat":[213],"product_tag":[],"class_list":{"0":"post-3145","1":"product","2":"type-product","3":"status-publish","4":"has-post-thumbnail","6":"product_cat-kivi-betoon","8":"first","9":"instock","10":"taxable","11":"shipping-taxable","12":"purchasable","13":"product-type-simple"},"yoast_head":"<!-- This site is optimized with the Yoast SEO plugin v26.5 - https:\/\/yoast.com\/wordpress\/plugins\/seo\/ -->\n<title>Paintex RC 5L Tile Red - T\u00f6\u00f6stuslik alk\u00fc\u00fcdvaiguga v\u00e4rv I ZEP Eesti<\/title>\n<meta name=\"description\" content=\"Ideaalne kasutamiseks kerge ning keskmise liiklusega piirkondades. J\u00e4tab pooll\u00e4ikiva pinna. Toodet sobib kasutamiseks enamusele pindadele. V\u00e4rv kuivab kiiresti.\" \/>\n<meta name=\"robots\" content=\"index, follow, max-snippet:-1, max-image-preview:large, max-video-preview:-1\" \/>\n<link rel=\"canonical\" href=\"https:\/\/zepestonia.com\/en\/toode\/paintex-rc-5l-tile-red\/\" \/>\n<meta property=\"og:locale\" content=\"en_US\" \/>\n<meta property=\"og:type\" content=\"article\" \/>\n<meta property=\"og:title\" content=\"Paintex RC 5L Tile Red - T\u00f6\u00f6stuslik alk\u00fc\u00fcdvaiguga v\u00e4rv I ZEP Eesti\" \/>\n<meta property=\"og:description\" content=\"Ideaalne kasutamiseks kerge ning keskmise liiklusega piirkondades. J\u00e4tab pooll\u00e4ikiva pinna. Toodet sobib kasutamiseks enamusele pindadele. V\u00e4rv kuivab kiiresti.\" \/>\n<meta property=\"og:url\" content=\"https:\/\/zepestonia.com\/en\/toode\/paintex-rc-5l-tile-red\/\" \/>\n<meta property=\"og:site_name\" content=\"ZEP Eesti I Puhastusvahendid I E-pood\" \/>\n<meta property=\"article:publisher\" content=\"https:\/\/www.facebook.com\/ZepEesti\" \/>\n<meta property=\"article:modified_time\" content=\"2025-07-01T00:24:23+00:00\" \/>\n<meta property=\"og:image\" content=\"https:\/\/zepestonia.com\/wp-content\/uploads\/2021\/12\/643-60e79e345c19e6-97067676-Paintex20RC.png\" \/>\n\t<meta property=\"og:image:width\" content=\"400\" \/>\n\t<meta property=\"og:image:height\" content=\"600\" \/>\n\t<meta property=\"og:image:type\" content=\"image\/png\" \/>\n<meta name=\"twitter:card\" content=\"summary_large_image\" \/>\n<meta name=\"twitter:label1\" content=\"Est. reading time\" \/>\n\t<meta name=\"twitter:data1\" content=\"1 minute\" \/>\n<script type=\"application\/ld+json\" class=\"yoast-schema-graph\">{\"@context\":\"https:\/\/schema.org\",\"@graph\":[{\"@type\":\"WebPage\",\"@id\":\"https:\/\/zepestonia.com\/en\/toode\/paintex-rc-5l-tile-red\/\",\"url\":\"https:\/\/zepestonia.com\/en\/toode\/paintex-rc-5l-tile-red\/\",\"name\":\"Paintex RC 5L Tile Red - T\u00f6\u00f6stuslik alk\u00fc\u00fcdvaiguga v\u00e4rv I ZEP Eesti\",\"isPartOf\":{\"@id\":\"https:\/\/zepestonia.com\/en\/#website\"},\"primaryImageOfPage\":{\"@id\":\"https:\/\/zepestonia.com\/en\/toode\/paintex-rc-5l-tile-red\/#primaryimage\"},\"image\":{\"@id\":\"https:\/\/zepestonia.com\/en\/toode\/paintex-rc-5l-tile-red\/#primaryimage\"},\"thumbnailUrl\":\"https:\/\/zepestonia.com\/wp-content\/uploads\/2021\/12\/643-60e79e345c19e6-97067676-Paintex20RC.png\",\"datePublished\":\"2021-11-29T19:00:57+00:00\",\"dateModified\":\"2025-07-01T00:24:23+00:00\",\"description\":\"Ideaalne kasutamiseks kerge ning keskmise liiklusega piirkondades. J\u00e4tab pooll\u00e4ikiva pinna. Toodet sobib kasutamiseks enamusele pindadele. V\u00e4rv kuivab kiiresti.\",\"breadcrumb\":{\"@id\":\"https:\/\/zepestonia.com\/en\/toode\/paintex-rc-5l-tile-red\/#breadcrumb\"},\"inLanguage\":\"en-US\",\"potentialAction\":[{\"@type\":\"ReadAction\",\"target\":[\"https:\/\/zepestonia.com\/en\/toode\/paintex-rc-5l-tile-red\/\"]}]},{\"@type\":\"ImageObject\",\"inLanguage\":\"en-US\",\"@id\":\"https:\/\/zepestonia.com\/en\/toode\/paintex-rc-5l-tile-red\/#primaryimage\",\"url\":\"https:\/\/zepestonia.com\/wp-content\/uploads\/2021\/12\/643-60e79e345c19e6-97067676-Paintex20RC.png\",\"contentUrl\":\"https:\/\/zepestonia.com\/wp-content\/uploads\/2021\/12\/643-60e79e345c19e6-97067676-Paintex20RC.png\",\"width\":400,\"height\":600,\"caption\":\"643-60e79e345c19e6-97067676-Paintex20RC\"},{\"@type\":\"BreadcrumbList\",\"@id\":\"https:\/\/zepestonia.com\/en\/toode\/paintex-rc-5l-tile-red\/#breadcrumb\",\"itemListElement\":[{\"@type\":\"ListItem\",\"position\":1,\"name\":\"Home\",\"item\":\"https:\/\/zepestonia.com\/en\/\"},{\"@type\":\"ListItem\",\"position\":2,\"name\":\"Shop\",\"item\":\"https:\/\/zepestonia.com\/en\/?page_id=4643\"},{\"@type\":\"ListItem\",\"position\":3,\"name\":\"Paintex RC 5L Tile Red- T\u00f6\u00f6stuslik alk\u00fc\u00fcdvaiguga v\u00e4rv\"}]},{\"@type\":\"WebSite\",\"@id\":\"https:\/\/zepestonia.com\/en\/#website\",\"url\":\"https:\/\/zepestonia.com\/en\/\",\"name\":\"ZEP Eesti I Puhastusvahendid I E-pood\",\"description\":\"Pakume puhastus- ja hooldusprobleemidele efektiivseid keskkonnas\u00f5bralikke lahendusi!\",\"publisher\":{\"@id\":\"https:\/\/zepestonia.com\/en\/#organization\"},\"potentialAction\":[{\"@type\":\"SearchAction\",\"target\":{\"@type\":\"EntryPoint\",\"urlTemplate\":\"https:\/\/zepestonia.com\/en\/?s={search_term_string}\"},\"query-input\":{\"@type\":\"PropertyValueSpecification\",\"valueRequired\":true,\"valueName\":\"search_term_string\"}}],\"inLanguage\":\"en-US\"},{\"@type\":\"Organization\",\"@id\":\"https:\/\/zepestonia.com\/en\/#organization\",\"name\":\"Zep Estonia\",\"url\":\"https:\/\/zepestonia.com\/en\/\",\"logo\":{\"@type\":\"ImageObject\",\"inLanguage\":\"en-US\",\"@id\":\"https:\/\/zepestonia.com\/en\/#\/schema\/logo\/image\/\",\"url\":\"https:\/\/zepestonia.com\/wp-content\/uploads\/2022\/03\/Zep-Logo_png.jpeg\",\"contentUrl\":\"https:\/\/zepestonia.com\/wp-content\/uploads\/2022\/03\/Zep-Logo_png.jpeg\",\"width\":109,\"height\":70,\"caption\":\"Zep Estonia\"},\"image\":{\"@id\":\"https:\/\/zepestonia.com\/en\/#\/schema\/logo\/image\/\"},\"sameAs\":[\"https:\/\/www.facebook.com\/ZepEesti\"]}]}<\/script>\n<!-- \/ Yoast SEO plugin. -->","yoast_head_json":{"title":"Paintex RC 5L Tile Red - T\u00f6\u00f6stuslik alk\u00fc\u00fcdvaiguga v\u00e4rv I ZEP Eesti","description":"Ideaalne kasutamiseks kerge ning keskmise liiklusega piirkondades. J\u00e4tab pooll\u00e4ikiva pinna. Toodet sobib kasutamiseks enamusele pindadele. V\u00e4rv kuivab kiiresti.","robots":{"index":"index","follow":"follow","max-snippet":"max-snippet:-1","max-image-preview":"max-image-preview:large","max-video-preview":"max-video-preview:-1"},"canonical":"https:\/\/zepestonia.com\/en\/toode\/paintex-rc-5l-tile-red\/","og_locale":"en_US","og_type":"article","og_title":"Paintex RC 5L Tile Red - T\u00f6\u00f6stuslik alk\u00fc\u00fcdvaiguga v\u00e4rv I ZEP Eesti","og_description":"Ideaalne kasutamiseks kerge ning keskmise liiklusega piirkondades. J\u00e4tab pooll\u00e4ikiva pinna. Toodet sobib kasutamiseks enamusele pindadele. V\u00e4rv kuivab kiiresti.","og_url":"https:\/\/zepestonia.com\/en\/toode\/paintex-rc-5l-tile-red\/","og_site_name":"ZEP Eesti I Puhastusvahendid I E-pood","article_publisher":"https:\/\/www.facebook.com\/ZepEesti","article_modified_time":"2025-07-01T00:24:23+00:00","og_image":[{"width":400,"height":600,"url":"https:\/\/zepestonia.com\/wp-content\/uploads\/2021\/12\/643-60e79e345c19e6-97067676-Paintex20RC.png","type":"image\/png"}],"twitter_card":"summary_large_image","twitter_misc":{"Est. reading time":"1 minute"},"schema":{"@context":"https:\/\/schema.org","@graph":[{"@type":"WebPage","@id":"https:\/\/zepestonia.com\/en\/toode\/paintex-rc-5l-tile-red\/","url":"https:\/\/zepestonia.com\/en\/toode\/paintex-rc-5l-tile-red\/","name":"Paintex RC 5L Tile Red - T\u00f6\u00f6stuslik alk\u00fc\u00fcdvaiguga v\u00e4rv I ZEP Eesti","isPartOf":{"@id":"https:\/\/zepestonia.com\/en\/#website"},"primaryImageOfPage":{"@id":"https:\/\/zepestonia.com\/en\/toode\/paintex-rc-5l-tile-red\/#primaryimage"},"image":{"@id":"https:\/\/zepestonia.com\/en\/toode\/paintex-rc-5l-tile-red\/#primaryimage"},"thumbnailUrl":"https:\/\/zepestonia.com\/wp-content\/uploads\/2021\/12\/643-60e79e345c19e6-97067676-Paintex20RC.png","datePublished":"2021-11-29T19:00:57+00:00","dateModified":"2025-07-01T00:24:23+00:00","description":"Ideaalne kasutamiseks kerge ning keskmise liiklusega piirkondades. J\u00e4tab pooll\u00e4ikiva pinna. Toodet sobib kasutamiseks enamusele pindadele. V\u00e4rv kuivab kiiresti.","breadcrumb":{"@id":"https:\/\/zepestonia.com\/en\/toode\/paintex-rc-5l-tile-red\/#breadcrumb"},"inLanguage":"en-US","potentialAction":[{"@type":"ReadAction","target":["https:\/\/zepestonia.com\/en\/toode\/paintex-rc-5l-tile-red\/"]}]},{"@type":"ImageObject","inLanguage":"en-US","@id":"https:\/\/zepestonia.com\/en\/toode\/paintex-rc-5l-tile-red\/#primaryimage","url":"https:\/\/zepestonia.com\/wp-content\/uploads\/2021\/12\/643-60e79e345c19e6-97067676-Paintex20RC.png","contentUrl":"https:\/\/zepestonia.com\/wp-content\/uploads\/2021\/12\/643-60e79e345c19e6-97067676-Paintex20RC.png","width":400,"height":600,"caption":"643-60e79e345c19e6-97067676-Paintex20RC"},{"@type":"BreadcrumbList","@id":"https:\/\/zepestonia.com\/en\/toode\/paintex-rc-5l-tile-red\/#breadcrumb","itemListElement":[{"@type":"ListItem","position":1,"name":"Home","item":"https:\/\/zepestonia.com\/en\/"},{"@type":"ListItem","position":2,"name":"Shop","item":"https:\/\/zepestonia.com\/en\/?page_id=4643"},{"@type":"ListItem","position":3,"name":"Paintex RC 5L Tile Red- T\u00f6\u00f6stuslik alk\u00fc\u00fcdvaiguga v\u00e4rv"}]},{"@type":"WebSite","@id":"https:\/\/zepestonia.com\/en\/#website","url":"https:\/\/zepestonia.com\/en\/","name":"ZEP Eesti I Puhastusvahendid I E-pood","description":"Pakume puhastus- ja hooldusprobleemidele efektiivseid keskkonnas\u00f5bralikke lahendusi!","publisher":{"@id":"https:\/\/zepestonia.com\/en\/#organization"},"potentialAction":[{"@type":"SearchAction","target":{"@type":"EntryPoint","urlTemplate":"https:\/\/zepestonia.com\/en\/?s={search_term_string}"},"query-input":{"@type":"PropertyValueSpecification","valueRequired":true,"valueName":"search_term_string"}}],"inLanguage":"en-US"},{"@type":"Organization","@id":"https:\/\/zepestonia.com\/en\/#organization","name":"Zep Estonia","url":"https:\/\/zepestonia.com\/en\/","logo":{"@type":"ImageObject","inLanguage":"en-US","@id":"https:\/\/zepestonia.com\/en\/#\/schema\/logo\/image\/","url":"https:\/\/zepestonia.com\/wp-content\/uploads\/2022\/03\/Zep-Logo_png.jpeg","contentUrl":"https:\/\/zepestonia.com\/wp-content\/uploads\/2022\/03\/Zep-Logo_png.jpeg","width":109,"height":70,"caption":"Zep Estonia"},"image":{"@id":"https:\/\/zepestonia.com\/en\/#\/schema\/logo\/image\/"},"sameAs":["https:\/\/www.facebook.com\/ZepEesti"]}]}},"_links":{"self":[{"href":"https:\/\/zepestonia.com\/en\/wp-json\/wp\/v2\/product\/3145","targetHints":{"allow":["GET"]}}],"collection":[{"href":"https:\/\/zepestonia.com\/en\/wp-json\/wp\/v2\/product"}],"about":[{"href":"https:\/\/zepestonia.com\/en\/wp-json\/wp\/v2\/types\/product"}],"replies":[{"embeddable":true,"href":"https:\/\/zepestonia.com\/en\/wp-json\/wp\/v2\/comments?post=3145"}],"version-history":[{"count":2,"href":"https:\/\/zepestonia.com\/en\/wp-json\/wp\/v2\/product\/3145\/revisions"}],"predecessor-version":[{"id":11268,"href":"https:\/\/zepestonia.com\/en\/wp-json\/wp\/v2\/product\/3145\/revisions\/11268"}],"wp:featuredmedia":[{"embeddable":true,"href":"https:\/\/zepestonia.com\/en\/wp-json\/wp\/v2\/media\/3745"}],"wp:attachment":[{"href":"https:\/\/zepestonia.com\/en\/wp-json\/wp\/v2\/media?parent=3145"}],"wp:term":[{"taxonomy":"product_brand","embeddable":true,"href":"https:\/\/zepestonia.com\/en\/wp-json\/wp\/v2\/product_brand?post=3145"},{"taxonomy":"product_cat","embeddable":true,"href":"https:\/\/zepestonia.com\/en\/wp-json\/wp\/v2\/product_cat?post=3145"},{"taxonomy":"product_tag","embeddable":true,"href":"https:\/\/zepestonia.com\/en\/wp-json\/wp\/v2\/product_tag?post=3145"}],"curies":[{"name":"wp","href":"https:\/\/api.w.org\/{rel}","templated":true}]}}