{"id":3141,"date":"2021-11-29T19:00:57","date_gmt":"2021-11-29T19:00:57","guid":{"rendered":"https:\/\/zep.valgekana.ee\/toode\/bio-microtabs-12tk\/"},"modified":"2026-03-03T00:00:08","modified_gmt":"2026-03-03T00:00:08","slug":"bio-microtabs-12tk","status":"publish","type":"product","link":"https:\/\/zepestonia.com\/en\/toode\/bio-microtabs-12tk\/","title":{"rendered":"BIO MICROTABS 12tbl. &#8211; Bakteri tabletid trappidesse"},"content":{"rendered":"<p><span style=\"font-family: Arial;font-size: 13px;font-style: normal;font-weight: normal;letter-spacing: normal;text-align: left;text-indent: 0px;text-transform: none;text-decoration: none\">\u2022 Asetada tablett k\u00f6\u00f6gi valamusse<br \/>\n\u2022 Mitte kasutada koos kuuma veega <\/span><\/p>\n<p><span style=\"font-family: Arial;font-size: 13px;font-style: normal;letter-spacing: normal;text-align: left;text-indent: 0px;text-transform: none;text-decoration: none;font-weight: bold\">Hooldus: <\/span><br \/>\n<span style=\"font-family: Arial;font-size: 13px;font-style: normal;font-weight: normal;letter-spacing: normal;text-align: left;text-indent: 0px;text-transform: none;text-decoration: none\">\u2022 Trapid, WC-d &#8211; 1tbl\/n\u00e4dalas<br \/>\n\u2022 Septikud &#8211; 2tbl\/m\u00b3\/n\u00e4dalas<br \/>\n\u2022 Toitlustamine 50-100 portsjonit &#8211; 6tbl\/2xn\u00e4dalas<\/span><\/p>\n","protected":false},"excerpt":{"rendered":"<p>Kanalisatsiooni ja WC bioloogiline aktivaator, mis on pakendatud vees lahustuvatesse 2,5g tablettidesse<br \/>\nToode lahustab orgaanilised j\u00e4\u00e4tmed sh. rasvad, proteiinid, t\u00e4rklis ja tselluloos,<br \/>\naidates kaasa s\u00fcsteemi \u00fcldisele hooldusele kodudes, haiglates, hotellides, hooldusasutustes, koolides, lennujaamades, s\u00f6\u00f6klates<br \/>\nja k\u00f5ikjal, kus on kanalisatsioonitorud ja rasvap\u00fc\u00fcdurid.<\/p>\n","protected":false},"featured_media":3651,"comment_status":"closed","ping_status":"closed","template":"","meta":[],"product_brand":[],"product_cat":[208],"product_tag":[],"class_list":{"0":"post-3141","1":"product","2":"type-product","3":"status-publish","4":"has-post-thumbnail","6":"product_cat-heitvesi","8":"first","9":"instock","10":"taxable","11":"shipping-taxable","12":"purchasable","13":"product-type-simple"},"yoast_head":"<!-- This site is optimized with the Yoast SEO plugin v26.5 - https:\/\/yoast.com\/wordpress\/plugins\/seo\/ -->\n<title>BIO MICROTABS 12tbl - Bakteri tabletid trappidesse I ZEP Eesti<\/title>\n<meta name=\"description\" content=\"Kanalisatsiooni ja WC bioloogiline aktivaator, lahustades orgaanilised j\u00e4\u00e4tmed sh. rasvad, proteiinid, t\u00e4rklis ja tselluloos, aidates kaasa s\u00fcsteemi hooldusele.\" \/>\n<meta name=\"robots\" content=\"index, follow, max-snippet:-1, max-image-preview:large, max-video-preview:-1\" \/>\n<link rel=\"canonical\" href=\"https:\/\/zepestonia.com\/en\/toode\/bio-microtabs-12tk\/\" \/>\n<meta property=\"og:locale\" content=\"en_US\" \/>\n<meta property=\"og:type\" content=\"article\" \/>\n<meta property=\"og:title\" content=\"BIO MICROTABS 12tbl - Bakteri tabletid trappidesse I ZEP Eesti\" \/>\n<meta property=\"og:description\" content=\"Kanalisatsiooni ja WC bioloogiline aktivaator, lahustades orgaanilised j\u00e4\u00e4tmed sh. rasvad, proteiinid, t\u00e4rklis ja tselluloos, aidates kaasa s\u00fcsteemi hooldusele.\" \/>\n<meta property=\"og:url\" content=\"https:\/\/zepestonia.com\/en\/toode\/bio-microtabs-12tk\/\" \/>\n<meta property=\"og:site_name\" content=\"ZEP Eesti I Puhastusvahendid I E-pood\" \/>\n<meta property=\"article:publisher\" content=\"https:\/\/www.facebook.com\/ZepEesti\" \/>\n<meta property=\"article:modified_time\" content=\"2026-03-03T00:00:08+00:00\" \/>\n<meta property=\"og:image\" content=\"https:\/\/zepestonia.com\/wp-content\/uploads\/2021\/12\/240-60baceeb688392-96406959-BIO20MICROTAB.png\" \/>\n\t<meta property=\"og:image:width\" content=\"400\" \/>\n\t<meta property=\"og:image:height\" content=\"600\" \/>\n\t<meta property=\"og:image:type\" content=\"image\/png\" \/>\n<meta name=\"twitter:card\" content=\"summary_large_image\" \/>\n<script type=\"application\/ld+json\" class=\"yoast-schema-graph\">{\"@context\":\"https:\/\/schema.org\",\"@graph\":[{\"@type\":\"WebPage\",\"@id\":\"https:\/\/zepestonia.com\/en\/toode\/bio-microtabs-12tk\/\",\"url\":\"https:\/\/zepestonia.com\/en\/toode\/bio-microtabs-12tk\/\",\"name\":\"BIO MICROTABS 12tbl - Bakteri tabletid trappidesse I ZEP Eesti\",\"isPartOf\":{\"@id\":\"https:\/\/zepestonia.com\/en\/#website\"},\"primaryImageOfPage\":{\"@id\":\"https:\/\/zepestonia.com\/en\/toode\/bio-microtabs-12tk\/#primaryimage\"},\"image\":{\"@id\":\"https:\/\/zepestonia.com\/en\/toode\/bio-microtabs-12tk\/#primaryimage\"},\"thumbnailUrl\":\"https:\/\/zepestonia.com\/wp-content\/uploads\/2021\/12\/240-60baceeb688392-96406959-BIO20MICROTAB.png\",\"datePublished\":\"2021-11-29T19:00:57+00:00\",\"dateModified\":\"2026-03-03T00:00:08+00:00\",\"description\":\"Kanalisatsiooni ja WC bioloogiline aktivaator, lahustades orgaanilised j\u00e4\u00e4tmed sh. rasvad, proteiinid, t\u00e4rklis ja tselluloos, aidates kaasa s\u00fcsteemi hooldusele.\",\"breadcrumb\":{\"@id\":\"https:\/\/zepestonia.com\/en\/toode\/bio-microtabs-12tk\/#breadcrumb\"},\"inLanguage\":\"en-US\",\"potentialAction\":[{\"@type\":\"ReadAction\",\"target\":[\"https:\/\/zepestonia.com\/en\/toode\/bio-microtabs-12tk\/\"]}]},{\"@type\":\"ImageObject\",\"inLanguage\":\"en-US\",\"@id\":\"https:\/\/zepestonia.com\/en\/toode\/bio-microtabs-12tk\/#primaryimage\",\"url\":\"https:\/\/zepestonia.com\/wp-content\/uploads\/2021\/12\/240-60baceeb688392-96406959-BIO20MICROTAB.png\",\"contentUrl\":\"https:\/\/zepestonia.com\/wp-content\/uploads\/2021\/12\/240-60baceeb688392-96406959-BIO20MICROTAB.png\",\"width\":400,\"height\":600,\"caption\":\"240-60baceeb688392-96406959-BIO20MICROTAB\"},{\"@type\":\"BreadcrumbList\",\"@id\":\"https:\/\/zepestonia.com\/en\/toode\/bio-microtabs-12tk\/#breadcrumb\",\"itemListElement\":[{\"@type\":\"ListItem\",\"position\":1,\"name\":\"Home\",\"item\":\"https:\/\/zepestonia.com\/en\/\"},{\"@type\":\"ListItem\",\"position\":2,\"name\":\"Shop\",\"item\":\"https:\/\/zepestonia.com\/en\/?page_id=4643\"},{\"@type\":\"ListItem\",\"position\":3,\"name\":\"BIO MICROTABS 12tbl. &#8211; Bakteri tabletid trappidesse\"}]},{\"@type\":\"WebSite\",\"@id\":\"https:\/\/zepestonia.com\/en\/#website\",\"url\":\"https:\/\/zepestonia.com\/en\/\",\"name\":\"ZEP Eesti I Puhastusvahendid I E-pood\",\"description\":\"Pakume puhastus- ja hooldusprobleemidele efektiivseid keskkonnas\u00f5bralikke lahendusi!\",\"publisher\":{\"@id\":\"https:\/\/zepestonia.com\/en\/#organization\"},\"potentialAction\":[{\"@type\":\"SearchAction\",\"target\":{\"@type\":\"EntryPoint\",\"urlTemplate\":\"https:\/\/zepestonia.com\/en\/?s={search_term_string}\"},\"query-input\":{\"@type\":\"PropertyValueSpecification\",\"valueRequired\":true,\"valueName\":\"search_term_string\"}}],\"inLanguage\":\"en-US\"},{\"@type\":\"Organization\",\"@id\":\"https:\/\/zepestonia.com\/en\/#organization\",\"name\":\"Zep Estonia\",\"url\":\"https:\/\/zepestonia.com\/en\/\",\"logo\":{\"@type\":\"ImageObject\",\"inLanguage\":\"en-US\",\"@id\":\"https:\/\/zepestonia.com\/en\/#\/schema\/logo\/image\/\",\"url\":\"https:\/\/zepestonia.com\/wp-content\/uploads\/2022\/03\/Zep-Logo_png.jpeg\",\"contentUrl\":\"https:\/\/zepestonia.com\/wp-content\/uploads\/2022\/03\/Zep-Logo_png.jpeg\",\"width\":109,\"height\":70,\"caption\":\"Zep Estonia\"},\"image\":{\"@id\":\"https:\/\/zepestonia.com\/en\/#\/schema\/logo\/image\/\"},\"sameAs\":[\"https:\/\/www.facebook.com\/ZepEesti\"]}]}<\/script>\n<!-- \/ Yoast SEO plugin. -->","yoast_head_json":{"title":"BIO MICROTABS 12tbl - Bakteri tabletid trappidesse I ZEP Eesti","description":"Kanalisatsiooni ja WC bioloogiline aktivaator, lahustades orgaanilised j\u00e4\u00e4tmed sh. rasvad, proteiinid, t\u00e4rklis ja tselluloos, aidates kaasa s\u00fcsteemi hooldusele.","robots":{"index":"index","follow":"follow","max-snippet":"max-snippet:-1","max-image-preview":"max-image-preview:large","max-video-preview":"max-video-preview:-1"},"canonical":"https:\/\/zepestonia.com\/en\/toode\/bio-microtabs-12tk\/","og_locale":"en_US","og_type":"article","og_title":"BIO MICROTABS 12tbl - Bakteri tabletid trappidesse I ZEP Eesti","og_description":"Kanalisatsiooni ja WC bioloogiline aktivaator, lahustades orgaanilised j\u00e4\u00e4tmed sh. rasvad, proteiinid, t\u00e4rklis ja tselluloos, aidates kaasa s\u00fcsteemi hooldusele.","og_url":"https:\/\/zepestonia.com\/en\/toode\/bio-microtabs-12tk\/","og_site_name":"ZEP Eesti I Puhastusvahendid I E-pood","article_publisher":"https:\/\/www.facebook.com\/ZepEesti","article_modified_time":"2026-03-03T00:00:08+00:00","og_image":[{"width":400,"height":600,"url":"https:\/\/zepestonia.com\/wp-content\/uploads\/2021\/12\/240-60baceeb688392-96406959-BIO20MICROTAB.png","type":"image\/png"}],"twitter_card":"summary_large_image","schema":{"@context":"https:\/\/schema.org","@graph":[{"@type":"WebPage","@id":"https:\/\/zepestonia.com\/en\/toode\/bio-microtabs-12tk\/","url":"https:\/\/zepestonia.com\/en\/toode\/bio-microtabs-12tk\/","name":"BIO MICROTABS 12tbl - Bakteri tabletid trappidesse I ZEP Eesti","isPartOf":{"@id":"https:\/\/zepestonia.com\/en\/#website"},"primaryImageOfPage":{"@id":"https:\/\/zepestonia.com\/en\/toode\/bio-microtabs-12tk\/#primaryimage"},"image":{"@id":"https:\/\/zepestonia.com\/en\/toode\/bio-microtabs-12tk\/#primaryimage"},"thumbnailUrl":"https:\/\/zepestonia.com\/wp-content\/uploads\/2021\/12\/240-60baceeb688392-96406959-BIO20MICROTAB.png","datePublished":"2021-11-29T19:00:57+00:00","dateModified":"2026-03-03T00:00:08+00:00","description":"Kanalisatsiooni ja WC bioloogiline aktivaator, lahustades orgaanilised j\u00e4\u00e4tmed sh. rasvad, proteiinid, t\u00e4rklis ja tselluloos, aidates kaasa s\u00fcsteemi hooldusele.","breadcrumb":{"@id":"https:\/\/zepestonia.com\/en\/toode\/bio-microtabs-12tk\/#breadcrumb"},"inLanguage":"en-US","potentialAction":[{"@type":"ReadAction","target":["https:\/\/zepestonia.com\/en\/toode\/bio-microtabs-12tk\/"]}]},{"@type":"ImageObject","inLanguage":"en-US","@id":"https:\/\/zepestonia.com\/en\/toode\/bio-microtabs-12tk\/#primaryimage","url":"https:\/\/zepestonia.com\/wp-content\/uploads\/2021\/12\/240-60baceeb688392-96406959-BIO20MICROTAB.png","contentUrl":"https:\/\/zepestonia.com\/wp-content\/uploads\/2021\/12\/240-60baceeb688392-96406959-BIO20MICROTAB.png","width":400,"height":600,"caption":"240-60baceeb688392-96406959-BIO20MICROTAB"},{"@type":"BreadcrumbList","@id":"https:\/\/zepestonia.com\/en\/toode\/bio-microtabs-12tk\/#breadcrumb","itemListElement":[{"@type":"ListItem","position":1,"name":"Home","item":"https:\/\/zepestonia.com\/en\/"},{"@type":"ListItem","position":2,"name":"Shop","item":"https:\/\/zepestonia.com\/en\/?page_id=4643"},{"@type":"ListItem","position":3,"name":"BIO MICROTABS 12tbl. &#8211; Bakteri tabletid trappidesse"}]},{"@type":"WebSite","@id":"https:\/\/zepestonia.com\/en\/#website","url":"https:\/\/zepestonia.com\/en\/","name":"ZEP Eesti I Puhastusvahendid I E-pood","description":"Pakume puhastus- ja hooldusprobleemidele efektiivseid keskkonnas\u00f5bralikke lahendusi!","publisher":{"@id":"https:\/\/zepestonia.com\/en\/#organization"},"potentialAction":[{"@type":"SearchAction","target":{"@type":"EntryPoint","urlTemplate":"https:\/\/zepestonia.com\/en\/?s={search_term_string}"},"query-input":{"@type":"PropertyValueSpecification","valueRequired":true,"valueName":"search_term_string"}}],"inLanguage":"en-US"},{"@type":"Organization","@id":"https:\/\/zepestonia.com\/en\/#organization","name":"Zep Estonia","url":"https:\/\/zepestonia.com\/en\/","logo":{"@type":"ImageObject","inLanguage":"en-US","@id":"https:\/\/zepestonia.com\/en\/#\/schema\/logo\/image\/","url":"https:\/\/zepestonia.com\/wp-content\/uploads\/2022\/03\/Zep-Logo_png.jpeg","contentUrl":"https:\/\/zepestonia.com\/wp-content\/uploads\/2022\/03\/Zep-Logo_png.jpeg","width":109,"height":70,"caption":"Zep Estonia"},"image":{"@id":"https:\/\/zepestonia.com\/en\/#\/schema\/logo\/image\/"},"sameAs":["https:\/\/www.facebook.com\/ZepEesti"]}]}},"_links":{"self":[{"href":"https:\/\/zepestonia.com\/en\/wp-json\/wp\/v2\/product\/3141","targetHints":{"allow":["GET"]}}],"collection":[{"href":"https:\/\/zepestonia.com\/en\/wp-json\/wp\/v2\/product"}],"about":[{"href":"https:\/\/zepestonia.com\/en\/wp-json\/wp\/v2\/types\/product"}],"replies":[{"embeddable":true,"href":"https:\/\/zepestonia.com\/en\/wp-json\/wp\/v2\/comments?post=3141"}],"version-history":[{"count":1,"href":"https:\/\/zepestonia.com\/en\/wp-json\/wp\/v2\/product\/3141\/revisions"}],"predecessor-version":[{"id":10163,"href":"https:\/\/zepestonia.com\/en\/wp-json\/wp\/v2\/product\/3141\/revisions\/10163"}],"wp:featuredmedia":[{"embeddable":true,"href":"https:\/\/zepestonia.com\/en\/wp-json\/wp\/v2\/media\/3651"}],"wp:attachment":[{"href":"https:\/\/zepestonia.com\/en\/wp-json\/wp\/v2\/media?parent=3141"}],"wp:term":[{"taxonomy":"product_brand","embeddable":true,"href":"https:\/\/zepestonia.com\/en\/wp-json\/wp\/v2\/product_brand?post=3141"},{"taxonomy":"product_cat","embeddable":true,"href":"https:\/\/zepestonia.com\/en\/wp-json\/wp\/v2\/product_cat?post=3141"},{"taxonomy":"product_tag","embeddable":true,"href":"https:\/\/zepestonia.com\/en\/wp-json\/wp\/v2\/product_tag?post=3141"}],"curies":[{"name":"wp","href":"https:\/\/api.w.org\/{rel}","templated":true}]}}