{"id":3128,"date":"2021-11-29T19:00:56","date_gmt":"2021-11-29T19:00:56","guid":{"rendered":"https:\/\/zep.valgekana.ee\/toode\/natura-sorb-30l\/"},"modified":"2025-07-01T00:24:28","modified_gmt":"2025-07-01T00:24:28","slug":"natura-sorb-30l","status":"publish","type":"product","link":"https:\/\/zepestonia.com\/en\/toode\/natura-sorb-30l\/","title":{"rendered":"Natura Sorb 30L* &#8211; Looduslik absorbent"},"content":{"rendered":"<p>Kasutamiseks eraldi v\u00f5i&nbsp; Natura Box&#8217;iga.<\/p>\n<ul>\n<li><span class=\"VIiyi\" lang=\"et\"><span class=\"JLqJ4b\" data-language-for-alternatives=\"et\" data-language-to-translate-into=\"nl\" data-number-of-phrases=\"1\" data-phrase-index=\"0\"><span>Koti avamiseks t\u00f5mmake sakist ja valgest n\u00f6\u00f6rist avama. <\/span><\/span><\/span><\/li>\n<li><span class=\"VIiyi\" lang=\"et\"><span class=\"JLqJ4b\" data-language-for-alternatives=\"et\" data-language-to-translate-into=\"nl\" data-number-of-phrases=\"1\" data-phrase-index=\"0\"><span>Puista kiht Natura Sorb&#8217;i imenduvale pinnale vedel (pole probleem, kui toodet on m\u00e4\u00e4ritud liiga palju) on, sest k\u00f5ike, mis pole k\u00fcllastunud, saab uuesti kasutada muutuma millekski). <\/span><\/span><\/span><\/li>\n<li><span class=\"VIiyi\" lang=\"et\"><span class=\"JLqJ4b\" data-language-for-alternatives=\"et\" data-language-to-translate-into=\"nl\" data-number-of-phrases=\"1\" data-phrase-index=\"0\"><span>P\u00fchkige kohe \u00fcles Natura Sorb, p\u00f5rand on kuiv ja ohutu. <\/span><\/span><\/span><\/li>\n<li><span class=\"VIiyi\" lang=\"et\"><span class=\"JLqJ4b\" data-language-for-alternatives=\"et\" data-language-to-translate-into=\"nl\" data-number-of-phrases=\"1\" data-phrase-index=\"0\"><span>Kareda p\u00f5randaga kasutamine harja k\u00f5vade harjastega kokku kergus. <\/span><\/span><\/span><\/li>\n<li><span class=\"VIiyi\" lang=\"et\"><span class=\"JLqJ4b\" data-language-for-alternatives=\"et\" data-language-to-translate-into=\"nl\" data-number-of-phrases=\"1\" data-phrase-index=\"0\"><span>P\u00fchkige toodet hunnikus. <\/span><\/span><\/span><\/li>\n<li><span class=\"VIiyi\" lang=\"et\"><span class=\"JLqJ4b\" data-language-for-alternatives=\"et\" data-language-to-translate-into=\"nl\" data-number-of-phrases=\"1\" data-phrase-index=\"0\"><span>Nii kaua absorbent j\u00e4\u00e4b pulbri kujule korduvkasutatavad. <\/span><\/span><\/span><\/li>\n<li><span class=\"VIiyi\" lang=\"et\"><span class=\"JLqJ4b\" data-language-for-alternatives=\"et\" data-language-to-translate-into=\"nl\" data-number-of-phrases=\"1\" data-phrase-index=\"0\"><span>Mittekleepuvate sf\u00e4\u00e4ride v\u00e4limus on m\u00e4rk, et ravim on k\u00fcllastunud.<\/span><\/span><\/span><\/li>\n<li><span class=\"VIiyi\" lang=\"et\"><span class=\"JLqJ4b\" data-language-for-alternatives=\"et\" data-language-to-translate-into=\"nl\" data-number-of-phrases=\"1\" data-phrase-index=\"0\"><span>Kasutades Natura Boxi, mis sisaldab absorbendit s\u00f5eluda, et eraldada puhas toode&nbsp; saastunud tootest, mis v\u00f5imaldab k\u00fcllastumata toodet hiljem uuesti kasutada. <\/span><\/span><\/span><\/li>\n<\/ul>\n<p><span class=\"VIiyi\" lang=\"et\"><span class=\"JLqJ4b\" data-language-for-alternatives=\"et\" data-language-to-translate-into=\"nl\" data-number-of-phrases=\"1\" data-phrase-index=\"0\"><strong><span style=\"color:#FF0000\">NB!<\/span><\/strong><span> Ei sobi tugevate hapete imamiseks.<\/span><\/span><\/span><\/p>\n","protected":false},"excerpt":{"rendered":"<p>Taimne absorbent<br \/>\nT\u00f5hus: omab suure imamisv\u00f5imega k\u00f5iki vedelikke, eriti \u00f5lide ja s\u00fcsivesinike imamine p\u00f5randatelt.<br \/>\nHoiab \u00e4ra p\u00f5randate libeduse, eemaldades t\u00e4ielikult k\u00f5ik rasvaj\u00e4ljed.<br \/>\nKorduvkasutatav kuni k\u00fcllastumiseni: v\u00e4hendab j\u00e4\u00e4tmete k\u00f5rvaldamise kulusid 8 korda<br \/>\nP\u00f5lev: tuhasisaldus on alla 3%.<br \/>\nLooduslik toode: valmistatud t\u00f6\u00f6deldud puuvillakiududest.<br \/>\nImab 8 korda rohkem kui saepuru.<br \/>\nS\u00e4ilitab imendunud toote.<br \/>\nMitteabrasiivne, keemiliselt t\u00e4iesti neutraalne.<br \/>\nBiolagunev.<br \/>\nKasutavad autot\u00f6\u00f6stus, tehnilised t\u00f6\u00f6kojad, garaa\u017eid, tr\u00fckikojad, bensiinijaamad, hooldust\u00f6\u00f6kojad, valla t\u00f6\u00f6kojad jne. <\/p>\n","protected":false},"featured_media":3950,"comment_status":"closed","ping_status":"closed","template":"","meta":[],"product_brand":[],"product_cat":[204],"product_tag":[],"class_list":{"0":"post-3128","1":"product","2":"type-product","3":"status-publish","4":"has-post-thumbnail","6":"product_cat-keskkond","8":"first","9":"instock","10":"taxable","11":"shipping-taxable","12":"purchasable","13":"product-type-simple"},"yoast_head":"<!-- This site is optimized with the Yoast SEO plugin v26.5 - https:\/\/yoast.com\/wordpress\/plugins\/seo\/ -->\n<title>Natura Sorb 30L* - Looduslik absorbent I ZEP Eesti<\/title>\n<meta name=\"description\" content=\"Taimne absorbent. Toode imab k\u00f5iki vedelikke, eriti \u00f5lide ja s\u00fcsivesinikke p\u00f5randatelt. Hoiab \u00e4ra p\u00f5randate libeduse, eemaldades t\u00e4ielikult k\u00f5ik rasvaj\u00e4ljed.\" \/>\n<meta name=\"robots\" content=\"index, follow, max-snippet:-1, max-image-preview:large, max-video-preview:-1\" \/>\n<link rel=\"canonical\" href=\"https:\/\/zepestonia.com\/en\/toode\/natura-sorb-30l\/\" \/>\n<meta property=\"og:locale\" content=\"en_US\" \/>\n<meta property=\"og:type\" content=\"article\" \/>\n<meta property=\"og:title\" content=\"Natura Sorb 30L* - Looduslik absorbent I ZEP Eesti\" \/>\n<meta property=\"og:description\" content=\"Taimne absorbent. Toode imab k\u00f5iki vedelikke, eriti \u00f5lide ja s\u00fcsivesinikke p\u00f5randatelt. Hoiab \u00e4ra p\u00f5randate libeduse, eemaldades t\u00e4ielikult k\u00f5ik rasvaj\u00e4ljed.\" \/>\n<meta property=\"og:url\" content=\"https:\/\/zepestonia.com\/en\/toode\/natura-sorb-30l\/\" \/>\n<meta property=\"og:site_name\" content=\"ZEP Eesti I Puhastusvahendid I E-pood\" \/>\n<meta property=\"article:publisher\" content=\"https:\/\/www.facebook.com\/ZepEesti\" \/>\n<meta property=\"article:modified_time\" content=\"2025-07-01T00:24:28+00:00\" \/>\n<meta property=\"og:image\" content=\"https:\/\/zepestonia.com\/wp-content\/uploads\/2021\/12\/637-60e1174e4d3999-49276315-Natura20Sorb.png\" \/>\n\t<meta property=\"og:image:width\" content=\"200\" \/>\n\t<meta property=\"og:image:height\" content=\"300\" \/>\n\t<meta property=\"og:image:type\" content=\"image\/png\" \/>\n<meta name=\"twitter:card\" content=\"summary_large_image\" \/>\n<meta name=\"twitter:label1\" content=\"Est. reading time\" \/>\n\t<meta name=\"twitter:data1\" content=\"1 minute\" \/>\n<script type=\"application\/ld+json\" class=\"yoast-schema-graph\">{\"@context\":\"https:\/\/schema.org\",\"@graph\":[{\"@type\":\"WebPage\",\"@id\":\"https:\/\/zepestonia.com\/en\/toode\/natura-sorb-30l\/\",\"url\":\"https:\/\/zepestonia.com\/en\/toode\/natura-sorb-30l\/\",\"name\":\"Natura Sorb 30L* - Looduslik absorbent I ZEP Eesti\",\"isPartOf\":{\"@id\":\"https:\/\/zepestonia.com\/en\/#website\"},\"primaryImageOfPage\":{\"@id\":\"https:\/\/zepestonia.com\/en\/toode\/natura-sorb-30l\/#primaryimage\"},\"image\":{\"@id\":\"https:\/\/zepestonia.com\/en\/toode\/natura-sorb-30l\/#primaryimage\"},\"thumbnailUrl\":\"https:\/\/zepestonia.com\/wp-content\/uploads\/2021\/12\/637-60e1174e4d3999-49276315-Natura20Sorb.png\",\"datePublished\":\"2021-11-29T19:00:56+00:00\",\"dateModified\":\"2025-07-01T00:24:28+00:00\",\"description\":\"Taimne absorbent. Toode imab k\u00f5iki vedelikke, eriti \u00f5lide ja s\u00fcsivesinikke p\u00f5randatelt. Hoiab \u00e4ra p\u00f5randate libeduse, eemaldades t\u00e4ielikult k\u00f5ik rasvaj\u00e4ljed.\",\"breadcrumb\":{\"@id\":\"https:\/\/zepestonia.com\/en\/toode\/natura-sorb-30l\/#breadcrumb\"},\"inLanguage\":\"en-US\",\"potentialAction\":[{\"@type\":\"ReadAction\",\"target\":[\"https:\/\/zepestonia.com\/en\/toode\/natura-sorb-30l\/\"]}]},{\"@type\":\"ImageObject\",\"inLanguage\":\"en-US\",\"@id\":\"https:\/\/zepestonia.com\/en\/toode\/natura-sorb-30l\/#primaryimage\",\"url\":\"https:\/\/zepestonia.com\/wp-content\/uploads\/2021\/12\/637-60e1174e4d3999-49276315-Natura20Sorb.png\",\"contentUrl\":\"https:\/\/zepestonia.com\/wp-content\/uploads\/2021\/12\/637-60e1174e4d3999-49276315-Natura20Sorb.png\",\"width\":200,\"height\":300,\"caption\":\"637-60e1174e4d3999-49276315-Natura20Sorb\"},{\"@type\":\"BreadcrumbList\",\"@id\":\"https:\/\/zepestonia.com\/en\/toode\/natura-sorb-30l\/#breadcrumb\",\"itemListElement\":[{\"@type\":\"ListItem\",\"position\":1,\"name\":\"Home\",\"item\":\"https:\/\/zepestonia.com\/en\/\"},{\"@type\":\"ListItem\",\"position\":2,\"name\":\"Shop\",\"item\":\"https:\/\/zepestonia.com\/en\/?page_id=4643\"},{\"@type\":\"ListItem\",\"position\":3,\"name\":\"Natura Sorb 30L* &#8211; Looduslik absorbent\"}]},{\"@type\":\"WebSite\",\"@id\":\"https:\/\/zepestonia.com\/en\/#website\",\"url\":\"https:\/\/zepestonia.com\/en\/\",\"name\":\"ZEP Eesti I Puhastusvahendid I E-pood\",\"description\":\"Pakume puhastus- ja hooldusprobleemidele efektiivseid keskkonnas\u00f5bralikke lahendusi!\",\"publisher\":{\"@id\":\"https:\/\/zepestonia.com\/en\/#organization\"},\"potentialAction\":[{\"@type\":\"SearchAction\",\"target\":{\"@type\":\"EntryPoint\",\"urlTemplate\":\"https:\/\/zepestonia.com\/en\/?s={search_term_string}\"},\"query-input\":{\"@type\":\"PropertyValueSpecification\",\"valueRequired\":true,\"valueName\":\"search_term_string\"}}],\"inLanguage\":\"en-US\"},{\"@type\":\"Organization\",\"@id\":\"https:\/\/zepestonia.com\/en\/#organization\",\"name\":\"Zep Estonia\",\"url\":\"https:\/\/zepestonia.com\/en\/\",\"logo\":{\"@type\":\"ImageObject\",\"inLanguage\":\"en-US\",\"@id\":\"https:\/\/zepestonia.com\/en\/#\/schema\/logo\/image\/\",\"url\":\"https:\/\/zepestonia.com\/wp-content\/uploads\/2022\/03\/Zep-Logo_png.jpeg\",\"contentUrl\":\"https:\/\/zepestonia.com\/wp-content\/uploads\/2022\/03\/Zep-Logo_png.jpeg\",\"width\":109,\"height\":70,\"caption\":\"Zep Estonia\"},\"image\":{\"@id\":\"https:\/\/zepestonia.com\/en\/#\/schema\/logo\/image\/\"},\"sameAs\":[\"https:\/\/www.facebook.com\/ZepEesti\"]}]}<\/script>\n<!-- \/ Yoast SEO plugin. -->","yoast_head_json":{"title":"Natura Sorb 30L* - Looduslik absorbent I ZEP Eesti","description":"Taimne absorbent. Toode imab k\u00f5iki vedelikke, eriti \u00f5lide ja s\u00fcsivesinikke p\u00f5randatelt. Hoiab \u00e4ra p\u00f5randate libeduse, eemaldades t\u00e4ielikult k\u00f5ik rasvaj\u00e4ljed.","robots":{"index":"index","follow":"follow","max-snippet":"max-snippet:-1","max-image-preview":"max-image-preview:large","max-video-preview":"max-video-preview:-1"},"canonical":"https:\/\/zepestonia.com\/en\/toode\/natura-sorb-30l\/","og_locale":"en_US","og_type":"article","og_title":"Natura Sorb 30L* - Looduslik absorbent I ZEP Eesti","og_description":"Taimne absorbent. Toode imab k\u00f5iki vedelikke, eriti \u00f5lide ja s\u00fcsivesinikke p\u00f5randatelt. Hoiab \u00e4ra p\u00f5randate libeduse, eemaldades t\u00e4ielikult k\u00f5ik rasvaj\u00e4ljed.","og_url":"https:\/\/zepestonia.com\/en\/toode\/natura-sorb-30l\/","og_site_name":"ZEP Eesti I Puhastusvahendid I E-pood","article_publisher":"https:\/\/www.facebook.com\/ZepEesti","article_modified_time":"2025-07-01T00:24:28+00:00","og_image":[{"width":200,"height":300,"url":"https:\/\/zepestonia.com\/wp-content\/uploads\/2021\/12\/637-60e1174e4d3999-49276315-Natura20Sorb.png","type":"image\/png"}],"twitter_card":"summary_large_image","twitter_misc":{"Est. reading time":"1 minute"},"schema":{"@context":"https:\/\/schema.org","@graph":[{"@type":"WebPage","@id":"https:\/\/zepestonia.com\/en\/toode\/natura-sorb-30l\/","url":"https:\/\/zepestonia.com\/en\/toode\/natura-sorb-30l\/","name":"Natura Sorb 30L* - Looduslik absorbent I ZEP Eesti","isPartOf":{"@id":"https:\/\/zepestonia.com\/en\/#website"},"primaryImageOfPage":{"@id":"https:\/\/zepestonia.com\/en\/toode\/natura-sorb-30l\/#primaryimage"},"image":{"@id":"https:\/\/zepestonia.com\/en\/toode\/natura-sorb-30l\/#primaryimage"},"thumbnailUrl":"https:\/\/zepestonia.com\/wp-content\/uploads\/2021\/12\/637-60e1174e4d3999-49276315-Natura20Sorb.png","datePublished":"2021-11-29T19:00:56+00:00","dateModified":"2025-07-01T00:24:28+00:00","description":"Taimne absorbent. Toode imab k\u00f5iki vedelikke, eriti \u00f5lide ja s\u00fcsivesinikke p\u00f5randatelt. Hoiab \u00e4ra p\u00f5randate libeduse, eemaldades t\u00e4ielikult k\u00f5ik rasvaj\u00e4ljed.","breadcrumb":{"@id":"https:\/\/zepestonia.com\/en\/toode\/natura-sorb-30l\/#breadcrumb"},"inLanguage":"en-US","potentialAction":[{"@type":"ReadAction","target":["https:\/\/zepestonia.com\/en\/toode\/natura-sorb-30l\/"]}]},{"@type":"ImageObject","inLanguage":"en-US","@id":"https:\/\/zepestonia.com\/en\/toode\/natura-sorb-30l\/#primaryimage","url":"https:\/\/zepestonia.com\/wp-content\/uploads\/2021\/12\/637-60e1174e4d3999-49276315-Natura20Sorb.png","contentUrl":"https:\/\/zepestonia.com\/wp-content\/uploads\/2021\/12\/637-60e1174e4d3999-49276315-Natura20Sorb.png","width":200,"height":300,"caption":"637-60e1174e4d3999-49276315-Natura20Sorb"},{"@type":"BreadcrumbList","@id":"https:\/\/zepestonia.com\/en\/toode\/natura-sorb-30l\/#breadcrumb","itemListElement":[{"@type":"ListItem","position":1,"name":"Home","item":"https:\/\/zepestonia.com\/en\/"},{"@type":"ListItem","position":2,"name":"Shop","item":"https:\/\/zepestonia.com\/en\/?page_id=4643"},{"@type":"ListItem","position":3,"name":"Natura Sorb 30L* &#8211; Looduslik absorbent"}]},{"@type":"WebSite","@id":"https:\/\/zepestonia.com\/en\/#website","url":"https:\/\/zepestonia.com\/en\/","name":"ZEP Eesti I Puhastusvahendid I E-pood","description":"Pakume puhastus- ja hooldusprobleemidele efektiivseid keskkonnas\u00f5bralikke lahendusi!","publisher":{"@id":"https:\/\/zepestonia.com\/en\/#organization"},"potentialAction":[{"@type":"SearchAction","target":{"@type":"EntryPoint","urlTemplate":"https:\/\/zepestonia.com\/en\/?s={search_term_string}"},"query-input":{"@type":"PropertyValueSpecification","valueRequired":true,"valueName":"search_term_string"}}],"inLanguage":"en-US"},{"@type":"Organization","@id":"https:\/\/zepestonia.com\/en\/#organization","name":"Zep Estonia","url":"https:\/\/zepestonia.com\/en\/","logo":{"@type":"ImageObject","inLanguage":"en-US","@id":"https:\/\/zepestonia.com\/en\/#\/schema\/logo\/image\/","url":"https:\/\/zepestonia.com\/wp-content\/uploads\/2022\/03\/Zep-Logo_png.jpeg","contentUrl":"https:\/\/zepestonia.com\/wp-content\/uploads\/2022\/03\/Zep-Logo_png.jpeg","width":109,"height":70,"caption":"Zep Estonia"},"image":{"@id":"https:\/\/zepestonia.com\/en\/#\/schema\/logo\/image\/"},"sameAs":["https:\/\/www.facebook.com\/ZepEesti"]}]}},"_links":{"self":[{"href":"https:\/\/zepestonia.com\/en\/wp-json\/wp\/v2\/product\/3128","targetHints":{"allow":["GET"]}}],"collection":[{"href":"https:\/\/zepestonia.com\/en\/wp-json\/wp\/v2\/product"}],"about":[{"href":"https:\/\/zepestonia.com\/en\/wp-json\/wp\/v2\/types\/product"}],"replies":[{"embeddable":true,"href":"https:\/\/zepestonia.com\/en\/wp-json\/wp\/v2\/comments?post=3128"}],"version-history":[{"count":1,"href":"https:\/\/zepestonia.com\/en\/wp-json\/wp\/v2\/product\/3128\/revisions"}],"predecessor-version":[{"id":10204,"href":"https:\/\/zepestonia.com\/en\/wp-json\/wp\/v2\/product\/3128\/revisions\/10204"}],"wp:featuredmedia":[{"embeddable":true,"href":"https:\/\/zepestonia.com\/en\/wp-json\/wp\/v2\/media\/3950"}],"wp:attachment":[{"href":"https:\/\/zepestonia.com\/en\/wp-json\/wp\/v2\/media?parent=3128"}],"wp:term":[{"taxonomy":"product_brand","embeddable":true,"href":"https:\/\/zepestonia.com\/en\/wp-json\/wp\/v2\/product_brand?post=3128"},{"taxonomy":"product_cat","embeddable":true,"href":"https:\/\/zepestonia.com\/en\/wp-json\/wp\/v2\/product_cat?post=3128"},{"taxonomy":"product_tag","embeddable":true,"href":"https:\/\/zepestonia.com\/en\/wp-json\/wp\/v2\/product_tag?post=3128"}],"curies":[{"name":"wp","href":"https:\/\/api.w.org\/{rel}","templated":true}]}}