{"id":3127,"date":"2021-11-29T19:00:56","date_gmt":"2021-11-29T19:00:56","guid":{"rendered":"https:\/\/zep.valgekana.ee\/toode\/silphos-sw-20l\/"},"modified":"2026-03-20T00:00:07","modified_gmt":"2026-03-20T00:00:07","slug":"silphos-sw-20l","status":"publish","type":"product","link":"https:\/\/zepestonia.com\/en\/toode\/silphos-sw-20l\/","title":{"rendered":"Silphos SW 20L &#8211; Tarbevee hooldusvahend"},"content":{"rendered":"<ul>\n<li><span style=\"font-size:14px\"><span class=\"markedContent\" id=\"page3R_mcid24\"><span dir=\"ltr\" role=\"presentation\" style=\"left: 90.04px;top: 797.461px;font-family: sans-serif\">SILPHOS SW<\/span><span dir=\"ltr\" role=\"presentation\" style=\"left: 215.3px;top: 797.461px;font-family: sans-serif\"> <\/span><span dir=\"ltr\" role=\"presentation\" style=\"left: 220.883px;top: 797.461px;font-family: sans-serif\">peab j\u00e4rjepidevalt doseerima sanitaarvee s\u00fcsteemi sissetulevasse vette.<\/span><\/span><\/span><\/li>\n<li><span style=\"font-size:14px\"><span class=\"markedContent\"><span dir=\"ltr\" role=\"presentation\" style=\"left: 90.04px;top: 820.661px;font-family: sans-serif\">On<\/span><span dir=\"ltr\" role=\"presentation\" style=\"left: 116.72px;top: 820.661px;font-family: sans-serif\"> <\/span><span dir=\"ltr\" role=\"presentation\" style=\"left: 133.6px;top: 820.661px;font-family: sans-serif\">soovitav<\/span><span dir=\"ltr\" role=\"presentation\" style=\"left: 207.14px;top: 820.661px;font-family: sans-serif\"> <\/span><span dir=\"ltr\" role=\"presentation\" style=\"left: 223.92px;top: 820.661px;font-family: sans-serif\">kasutada<\/span><span dir=\"ltr\" role=\"presentation\" style=\"left: 304.98px;top: 820.661px;font-family: sans-serif\"> <\/span><span dir=\"ltr\" role=\"presentation\" style=\"left: 321.82px;top: 820.661px;font-family: sans-serif\">doseerimiseks<\/span><span dir=\"ltr\" role=\"presentation\" style=\"left: 449.66px;top: 820.661px;font-family: sans-serif\"> <\/span><span dir=\"ltr\" role=\"presentation\" style=\"left: 466.48px;top: 820.661px;font-family: sans-serif\">automaatset<\/span><span dir=\"ltr\" role=\"presentation\" style=\"left: 576.7px;top: 820.661px;font-family: sans-serif\"> <\/span><span dir=\"ltr\" role=\"presentation\" style=\"left: 593.52px;top: 820.661px;font-family: sans-serif\">s\u00fcsteemi,<\/span><span dir=\"ltr\" role=\"presentation\" style=\"left: 679.04px;top: 820.661px;font-family: sans-serif\"> <\/span><span dir=\"ltr\" role=\"presentation\" style=\"left: 695.82px;top: 820.661px;font-family: sans-serif\">mi<\/span><span dir=\"ltr\" role=\"presentation\" style=\"left: 717.917px;top: 820.661px;font-family: sans-serif\">s<\/span><span dir=\"ltr\" role=\"presentation\" style=\"left: 727.917px;top: 820.661px;font-family: sans-serif\"> <\/span><span dir=\"ltr\" role=\"presentation\" style=\"left: 744.717px;top: 820.661px;font-family: sans-serif\">sisaldab<\/span><span dir=\"ltr\" role=\"presentation\" style=\"left: 817.817px;top: 820.661px;font-family: sans-serif\"> <\/span><span dir=\"ltr\" role=\"presentation\" style=\"left: 834.657px;top: 820.661px;font-family: sans-serif\">impulss<\/span> <span dir=\"ltr\" role=\"presentation\" style=\"left: 90.04px;top: 843.461px;font-family: sans-serif\">v<\/span><span dir=\"ltr\" role=\"presentation\" style=\"left: 100.04px;top: 843.461px;font-family: sans-serif\">eem\u00f5\u00f5dikut ja doseerimispumpa.<\/span><\/span><\/span><\/li>\n<li><span style=\"font-size:14px\"><span class=\"markedContent\"><span dir=\"ltr\" role=\"presentation\" style=\"left: 398.967px;top: 843.461px;font-family: sans-serif\">Doseerimise kogus s\u00f5ltub s\u00fcsteemi omadustest ning vee<\/span> <span dir=\"ltr\" role=\"presentation\" style=\"left: 90.04px;top: 866.661px;font-family: sans-serif\">keemilisest koostisest (30-250ppm).<\/span><\/span><\/span><\/li>\n<\/ul>\n<p><span style=\"font-size:14px\"><span class=\"markedContent\"><span dir=\"ltr\" role=\"presentation\" style=\"left: 90.04px;top: 866.661px;font-family: sans-serif\">pH 12,0<\/span><\/span><\/span><br \/>\n<img decoding=\"async\" src=\"https:\/\/cdn.erply.com\/assets\/386945\/file\/hDvMfH2w1EgjEDhy6n0KaZd3ZtPG1aUD78gdm5WhUPbuuX3v9i.jpg\" \/><\/p>\n<p>&nbsp;<\/p>\n","protected":false},"excerpt":{"rendered":"<p>SILPHOS SW on uue generatsiooni toode (patent RM2005A000296), mis on m\u00f5eldud kuuma ja\/v\u00f5i k\u00fclma vee s\u00fcsteemidele katlakivi kontrolliks ning korrosiooni \u00e4rahoidmiseks.<br \/>\nHoiab \u00e4ra nii kaltsiumi- kui magneesiumsoolade kuhjumise;<br \/>\nHoiab kogu s\u00fcsteemi puhta, mis aitab sellel kauem ja efektiivsemalt t\u00f6\u00f6s olla.<br \/>\nToodet saab kasutada ka toiduainetet\u00f6\u00f6stuses. Registreeritud NSF G2, G3<br \/>\nSILPHOS SW on v\u00e4ga tugevatoimeline ning stabiilne katlakivi ning korrosiooni \u00e4ra hoidmiseks torudes, boilerites ja soojusvahetites.<\/p>\n","protected":false},"featured_media":3518,"comment_status":"closed","ping_status":"closed","template":"","meta":[],"product_brand":[],"product_cat":[220],"product_tag":[],"class_list":{"0":"post-3127","1":"product","2":"type-product","3":"status-publish","4":"has-post-thumbnail","6":"product_cat-tarbevesi","8":"first","9":"instock","10":"taxable","11":"shipping-taxable","12":"purchasable","13":"product-type-simple"},"yoast_head":"<!-- This site is optimized with the Yoast SEO plugin v26.5 - https:\/\/yoast.com\/wordpress\/plugins\/seo\/ -->\n<title>Silphos SW 20L - Tarbevee hooldusvahend I ZEP Eesti<\/title>\n<meta name=\"description\" content=\"SILPHOS SW on toode, mis on m\u00f5eldud kuuma ja\/v\u00f5i k\u00fclma vee s\u00fcsteemidele katlakivi kontrolliks ja korrosiooni \u00e4rahoidmiseks. Vahend hoiab kogu s\u00fcsteemi puhtana.\" \/>\n<meta name=\"robots\" content=\"index, follow, max-snippet:-1, max-image-preview:large, max-video-preview:-1\" \/>\n<link rel=\"canonical\" href=\"https:\/\/zepestonia.com\/en\/toode\/silphos-sw-20l\/\" \/>\n<meta property=\"og:locale\" content=\"en_US\" \/>\n<meta property=\"og:type\" content=\"article\" \/>\n<meta property=\"og:title\" content=\"Silphos SW 20L - Tarbevee hooldusvahend I ZEP Eesti\" \/>\n<meta property=\"og:description\" content=\"SILPHOS SW on toode, mis on m\u00f5eldud kuuma ja\/v\u00f5i k\u00fclma vee s\u00fcsteemidele katlakivi kontrolliks ja korrosiooni \u00e4rahoidmiseks. Vahend hoiab kogu s\u00fcsteemi puhtana.\" \/>\n<meta property=\"og:url\" content=\"https:\/\/zepestonia.com\/en\/toode\/silphos-sw-20l\/\" \/>\n<meta property=\"og:site_name\" content=\"ZEP Eesti I Puhastusvahendid I E-pood\" \/>\n<meta property=\"article:publisher\" content=\"https:\/\/www.facebook.com\/ZepEesti\" \/>\n<meta property=\"article:modified_time\" content=\"2026-03-20T00:00:07+00:00\" \/>\n<meta property=\"og:image\" content=\"https:\/\/zepestonia.com\/wp-content\/uploads\/2021\/12\/157-60e9022a405262-07759539-Silphos20SW.png\" \/>\n\t<meta property=\"og:image:width\" content=\"400\" \/>\n\t<meta property=\"og:image:height\" content=\"600\" \/>\n\t<meta property=\"og:image:type\" content=\"image\/png\" \/>\n<meta name=\"twitter:card\" content=\"summary_large_image\" \/>\n<script type=\"application\/ld+json\" class=\"yoast-schema-graph\">{\"@context\":\"https:\/\/schema.org\",\"@graph\":[{\"@type\":\"WebPage\",\"@id\":\"https:\/\/zepestonia.com\/en\/toode\/silphos-sw-20l\/\",\"url\":\"https:\/\/zepestonia.com\/en\/toode\/silphos-sw-20l\/\",\"name\":\"Silphos SW 20L - Tarbevee hooldusvahend I ZEP Eesti\",\"isPartOf\":{\"@id\":\"https:\/\/zepestonia.com\/en\/#website\"},\"primaryImageOfPage\":{\"@id\":\"https:\/\/zepestonia.com\/en\/toode\/silphos-sw-20l\/#primaryimage\"},\"image\":{\"@id\":\"https:\/\/zepestonia.com\/en\/toode\/silphos-sw-20l\/#primaryimage\"},\"thumbnailUrl\":\"https:\/\/zepestonia.com\/wp-content\/uploads\/2021\/12\/157-60e9022a405262-07759539-Silphos20SW.png\",\"datePublished\":\"2021-11-29T19:00:56+00:00\",\"dateModified\":\"2026-03-20T00:00:07+00:00\",\"description\":\"SILPHOS SW on toode, mis on m\u00f5eldud kuuma ja\/v\u00f5i k\u00fclma vee s\u00fcsteemidele katlakivi kontrolliks ja korrosiooni \u00e4rahoidmiseks. Vahend hoiab kogu s\u00fcsteemi puhtana.\",\"breadcrumb\":{\"@id\":\"https:\/\/zepestonia.com\/en\/toode\/silphos-sw-20l\/#breadcrumb\"},\"inLanguage\":\"en-US\",\"potentialAction\":[{\"@type\":\"ReadAction\",\"target\":[\"https:\/\/zepestonia.com\/en\/toode\/silphos-sw-20l\/\"]}]},{\"@type\":\"ImageObject\",\"inLanguage\":\"en-US\",\"@id\":\"https:\/\/zepestonia.com\/en\/toode\/silphos-sw-20l\/#primaryimage\",\"url\":\"https:\/\/zepestonia.com\/wp-content\/uploads\/2021\/12\/157-60e9022a405262-07759539-Silphos20SW.png\",\"contentUrl\":\"https:\/\/zepestonia.com\/wp-content\/uploads\/2021\/12\/157-60e9022a405262-07759539-Silphos20SW.png\",\"width\":400,\"height\":600,\"caption\":\"157-60e9022a405262-07759539-Silphos20SW\"},{\"@type\":\"BreadcrumbList\",\"@id\":\"https:\/\/zepestonia.com\/en\/toode\/silphos-sw-20l\/#breadcrumb\",\"itemListElement\":[{\"@type\":\"ListItem\",\"position\":1,\"name\":\"Home\",\"item\":\"https:\/\/zepestonia.com\/en\/\"},{\"@type\":\"ListItem\",\"position\":2,\"name\":\"Shop\",\"item\":\"https:\/\/zepestonia.com\/en\/?page_id=4643\"},{\"@type\":\"ListItem\",\"position\":3,\"name\":\"Silphos SW 20L &#8211; Tarbevee hooldusvahend\"}]},{\"@type\":\"WebSite\",\"@id\":\"https:\/\/zepestonia.com\/en\/#website\",\"url\":\"https:\/\/zepestonia.com\/en\/\",\"name\":\"ZEP Eesti I Puhastusvahendid I E-pood\",\"description\":\"Pakume puhastus- ja hooldusprobleemidele efektiivseid keskkonnas\u00f5bralikke lahendusi!\",\"publisher\":{\"@id\":\"https:\/\/zepestonia.com\/en\/#organization\"},\"potentialAction\":[{\"@type\":\"SearchAction\",\"target\":{\"@type\":\"EntryPoint\",\"urlTemplate\":\"https:\/\/zepestonia.com\/en\/?s={search_term_string}\"},\"query-input\":{\"@type\":\"PropertyValueSpecification\",\"valueRequired\":true,\"valueName\":\"search_term_string\"}}],\"inLanguage\":\"en-US\"},{\"@type\":\"Organization\",\"@id\":\"https:\/\/zepestonia.com\/en\/#organization\",\"name\":\"Zep Estonia\",\"url\":\"https:\/\/zepestonia.com\/en\/\",\"logo\":{\"@type\":\"ImageObject\",\"inLanguage\":\"en-US\",\"@id\":\"https:\/\/zepestonia.com\/en\/#\/schema\/logo\/image\/\",\"url\":\"https:\/\/zepestonia.com\/wp-content\/uploads\/2022\/03\/Zep-Logo_png.jpeg\",\"contentUrl\":\"https:\/\/zepestonia.com\/wp-content\/uploads\/2022\/03\/Zep-Logo_png.jpeg\",\"width\":109,\"height\":70,\"caption\":\"Zep Estonia\"},\"image\":{\"@id\":\"https:\/\/zepestonia.com\/en\/#\/schema\/logo\/image\/\"},\"sameAs\":[\"https:\/\/www.facebook.com\/ZepEesti\"]}]}<\/script>\n<!-- \/ Yoast SEO plugin. -->","yoast_head_json":{"title":"Silphos SW 20L - Tarbevee hooldusvahend I ZEP Eesti","description":"SILPHOS SW on toode, mis on m\u00f5eldud kuuma ja\/v\u00f5i k\u00fclma vee s\u00fcsteemidele katlakivi kontrolliks ja korrosiooni \u00e4rahoidmiseks. Vahend hoiab kogu s\u00fcsteemi puhtana.","robots":{"index":"index","follow":"follow","max-snippet":"max-snippet:-1","max-image-preview":"max-image-preview:large","max-video-preview":"max-video-preview:-1"},"canonical":"https:\/\/zepestonia.com\/en\/toode\/silphos-sw-20l\/","og_locale":"en_US","og_type":"article","og_title":"Silphos SW 20L - Tarbevee hooldusvahend I ZEP Eesti","og_description":"SILPHOS SW on toode, mis on m\u00f5eldud kuuma ja\/v\u00f5i k\u00fclma vee s\u00fcsteemidele katlakivi kontrolliks ja korrosiooni \u00e4rahoidmiseks. Vahend hoiab kogu s\u00fcsteemi puhtana.","og_url":"https:\/\/zepestonia.com\/en\/toode\/silphos-sw-20l\/","og_site_name":"ZEP Eesti I Puhastusvahendid I E-pood","article_publisher":"https:\/\/www.facebook.com\/ZepEesti","article_modified_time":"2026-03-20T00:00:07+00:00","og_image":[{"width":400,"height":600,"url":"https:\/\/zepestonia.com\/wp-content\/uploads\/2021\/12\/157-60e9022a405262-07759539-Silphos20SW.png","type":"image\/png"}],"twitter_card":"summary_large_image","schema":{"@context":"https:\/\/schema.org","@graph":[{"@type":"WebPage","@id":"https:\/\/zepestonia.com\/en\/toode\/silphos-sw-20l\/","url":"https:\/\/zepestonia.com\/en\/toode\/silphos-sw-20l\/","name":"Silphos SW 20L - Tarbevee hooldusvahend I ZEP Eesti","isPartOf":{"@id":"https:\/\/zepestonia.com\/en\/#website"},"primaryImageOfPage":{"@id":"https:\/\/zepestonia.com\/en\/toode\/silphos-sw-20l\/#primaryimage"},"image":{"@id":"https:\/\/zepestonia.com\/en\/toode\/silphos-sw-20l\/#primaryimage"},"thumbnailUrl":"https:\/\/zepestonia.com\/wp-content\/uploads\/2021\/12\/157-60e9022a405262-07759539-Silphos20SW.png","datePublished":"2021-11-29T19:00:56+00:00","dateModified":"2026-03-20T00:00:07+00:00","description":"SILPHOS SW on toode, mis on m\u00f5eldud kuuma ja\/v\u00f5i k\u00fclma vee s\u00fcsteemidele katlakivi kontrolliks ja korrosiooni \u00e4rahoidmiseks. Vahend hoiab kogu s\u00fcsteemi puhtana.","breadcrumb":{"@id":"https:\/\/zepestonia.com\/en\/toode\/silphos-sw-20l\/#breadcrumb"},"inLanguage":"en-US","potentialAction":[{"@type":"ReadAction","target":["https:\/\/zepestonia.com\/en\/toode\/silphos-sw-20l\/"]}]},{"@type":"ImageObject","inLanguage":"en-US","@id":"https:\/\/zepestonia.com\/en\/toode\/silphos-sw-20l\/#primaryimage","url":"https:\/\/zepestonia.com\/wp-content\/uploads\/2021\/12\/157-60e9022a405262-07759539-Silphos20SW.png","contentUrl":"https:\/\/zepestonia.com\/wp-content\/uploads\/2021\/12\/157-60e9022a405262-07759539-Silphos20SW.png","width":400,"height":600,"caption":"157-60e9022a405262-07759539-Silphos20SW"},{"@type":"BreadcrumbList","@id":"https:\/\/zepestonia.com\/en\/toode\/silphos-sw-20l\/#breadcrumb","itemListElement":[{"@type":"ListItem","position":1,"name":"Home","item":"https:\/\/zepestonia.com\/en\/"},{"@type":"ListItem","position":2,"name":"Shop","item":"https:\/\/zepestonia.com\/en\/?page_id=4643"},{"@type":"ListItem","position":3,"name":"Silphos SW 20L &#8211; Tarbevee hooldusvahend"}]},{"@type":"WebSite","@id":"https:\/\/zepestonia.com\/en\/#website","url":"https:\/\/zepestonia.com\/en\/","name":"ZEP Eesti I Puhastusvahendid I E-pood","description":"Pakume puhastus- ja hooldusprobleemidele efektiivseid keskkonnas\u00f5bralikke lahendusi!","publisher":{"@id":"https:\/\/zepestonia.com\/en\/#organization"},"potentialAction":[{"@type":"SearchAction","target":{"@type":"EntryPoint","urlTemplate":"https:\/\/zepestonia.com\/en\/?s={search_term_string}"},"query-input":{"@type":"PropertyValueSpecification","valueRequired":true,"valueName":"search_term_string"}}],"inLanguage":"en-US"},{"@type":"Organization","@id":"https:\/\/zepestonia.com\/en\/#organization","name":"Zep Estonia","url":"https:\/\/zepestonia.com\/en\/","logo":{"@type":"ImageObject","inLanguage":"en-US","@id":"https:\/\/zepestonia.com\/en\/#\/schema\/logo\/image\/","url":"https:\/\/zepestonia.com\/wp-content\/uploads\/2022\/03\/Zep-Logo_png.jpeg","contentUrl":"https:\/\/zepestonia.com\/wp-content\/uploads\/2022\/03\/Zep-Logo_png.jpeg","width":109,"height":70,"caption":"Zep Estonia"},"image":{"@id":"https:\/\/zepestonia.com\/en\/#\/schema\/logo\/image\/"},"sameAs":["https:\/\/www.facebook.com\/ZepEesti"]}]}},"_links":{"self":[{"href":"https:\/\/zepestonia.com\/en\/wp-json\/wp\/v2\/product\/3127","targetHints":{"allow":["GET"]}}],"collection":[{"href":"https:\/\/zepestonia.com\/en\/wp-json\/wp\/v2\/product"}],"about":[{"href":"https:\/\/zepestonia.com\/en\/wp-json\/wp\/v2\/types\/product"}],"replies":[{"embeddable":true,"href":"https:\/\/zepestonia.com\/en\/wp-json\/wp\/v2\/comments?post=3127"}],"version-history":[{"count":4,"href":"https:\/\/zepestonia.com\/en\/wp-json\/wp\/v2\/product\/3127\/revisions"}],"predecessor-version":[{"id":14221,"href":"https:\/\/zepestonia.com\/en\/wp-json\/wp\/v2\/product\/3127\/revisions\/14221"}],"wp:featuredmedia":[{"embeddable":true,"href":"https:\/\/zepestonia.com\/en\/wp-json\/wp\/v2\/media\/3518"}],"wp:attachment":[{"href":"https:\/\/zepestonia.com\/en\/wp-json\/wp\/v2\/media?parent=3127"}],"wp:term":[{"taxonomy":"product_brand","embeddable":true,"href":"https:\/\/zepestonia.com\/en\/wp-json\/wp\/v2\/product_brand?post=3127"},{"taxonomy":"product_cat","embeddable":true,"href":"https:\/\/zepestonia.com\/en\/wp-json\/wp\/v2\/product_cat?post=3127"},{"taxonomy":"product_tag","embeddable":true,"href":"https:\/\/zepestonia.com\/en\/wp-json\/wp\/v2\/product_tag?post=3127"}],"curies":[{"name":"wp","href":"https:\/\/api.w.org\/{rel}","templated":true}]}}