{"id":3125,"date":"2021-11-29T19:00:56","date_gmt":"2021-11-29T19:00:56","guid":{"rendered":"https:\/\/zep.valgekana.ee\/toode\/natural-1l\/"},"modified":"2026-04-02T14:53:52","modified_gmt":"2026-04-02T14:53:52","slug":"natural-1l","status":"publish","type":"product","link":"https:\/\/zepestonia.com\/en\/toode\/natural-1l\/","title":{"rendered":"Natural 1L &#8211; \u00dcldpuhastusvahend"},"content":{"rendered":"<ul>\n<li><span style=\"font-size: 14px;\"><span id=\"page3R_mcid70\" class=\"markedContent\"><span dir=\"ltr\" style=\"left: 150.04px; top: 1100.01px; font-family: sans-serif;\" role=\"presentation\">Kanda lahus 2-4% pinnale mopi, lapi v\u00f5i k\u00e4snaga.<\/span><\/span><\/span><\/li>\n<li><span style=\"font-size: 14px;\"><span id=\"page3R_mcid71\" class=\"markedContent\"><span dir=\"ltr\" style=\"left: 150.04px; top: 1122.41px; font-family: sans-serif;\" role=\"presentation\">Efektiivseks sanitaarseks muutmiseks lasta pinnal seista m\u00e4rjana 10 minutit, seej\u00e4rel lasta<\/span> <span dir=\"ltr\" style=\"left: 150.04px; top: 1143.41px; font-family: sans-serif;\" role=\"presentation\">kuivada.<\/span><\/span><\/span><\/li>\n<\/ul>\n<p><span style=\"font-size: 14px;\"><span class=\"markedContent\"><span dir=\"ltr\" style=\"left: 150.04px; top: 1143.41px; font-family: sans-serif;\" role=\"presentation\">pH 9,5<\/span><\/span><\/span><\/p>\n","protected":false},"excerpt":{"rendered":"<p>Kontsentreeritud tugevatoimeline puhastusvahend ja l\u00f5hnastaja.<br \/>\nPuhastab k\u00f5ik pinnad \u2013 p\u00f5randad, seinad, varustus, kumm, v\u00e4rvitud pinnad jne.<br \/>\nSoovitatav ka restoranidele, t\u00f6\u00f6stustele, loomakliinikutele, kontoritele, motellidele, hotellidele, kus iganes on tarvis \u00f6konoomset tugevatoimelist puhastusvahendit.<br \/>\nPuhastab ka vannitoad, tualetid, du\u0161inurgad, lauapealsed, pr\u00fcgikastid jne.<\/p>\n","protected":false},"featured_media":5095,"comment_status":"closed","ping_status":"closed","template":"","meta":[],"product_brand":[],"product_cat":[195,249],"product_tag":[],"class_list":{"0":"post-3125","1":"product","2":"type-product","3":"status-publish","4":"has-post-thumbnail","6":"product_cat-hooldus","7":"product_cat-kuu-tooted","9":"first","10":"instock","11":"taxable","12":"shipping-taxable","13":"purchasable","14":"product-type-simple"},"yoast_head":"<!-- This site is optimized with the Yoast SEO plugin v26.5 - https:\/\/yoast.com\/wordpress\/plugins\/seo\/ -->\n<title>Natural 1L - \u00dcldpuhastusvahend, tugevatoimeline I ZEP Eesti<\/title>\n<meta name=\"description\" content=\"Kontsentreeritud tugevatoimeline \u00fcldpuhastusvahend ning l\u00f5hnastaja. Antud toode puhastab k\u00f5ik pinnad \u2013 p\u00f5randad, seinad, varustus, kumm, v\u00e4rvitud pinnad jne.\" \/>\n<meta name=\"robots\" content=\"index, follow, max-snippet:-1, max-image-preview:large, max-video-preview:-1\" \/>\n<link rel=\"canonical\" href=\"https:\/\/zepestonia.com\/en\/toode\/natural-1l\/\" \/>\n<meta property=\"og:locale\" content=\"en_US\" \/>\n<meta property=\"og:type\" content=\"article\" \/>\n<meta property=\"og:title\" content=\"Natural 1L - \u00dcldpuhastusvahend, tugevatoimeline I ZEP Eesti\" \/>\n<meta property=\"og:description\" content=\"Kontsentreeritud tugevatoimeline \u00fcldpuhastusvahend ning l\u00f5hnastaja. Antud toode puhastab k\u00f5ik pinnad \u2013 p\u00f5randad, seinad, varustus, kumm, v\u00e4rvitud pinnad jne.\" \/>\n<meta property=\"og:url\" content=\"https:\/\/zepestonia.com\/en\/toode\/natural-1l\/\" \/>\n<meta property=\"og:site_name\" content=\"ZEP Eesti I Puhastusvahendid I E-pood\" \/>\n<meta property=\"article:publisher\" content=\"https:\/\/www.facebook.com\/ZepEesti\" \/>\n<meta property=\"article:modified_time\" content=\"2026-04-02T14:53:52+00:00\" \/>\n<meta property=\"og:image\" content=\"https:\/\/zepestonia.com\/wp-content\/uploads\/2022\/02\/NATURAL-29.png\" \/>\n\t<meta property=\"og:image:width\" content=\"400\" \/>\n\t<meta property=\"og:image:height\" content=\"600\" \/>\n\t<meta property=\"og:image:type\" content=\"image\/png\" \/>\n<meta name=\"twitter:card\" content=\"summary_large_image\" \/>\n<meta name=\"twitter:label1\" content=\"Est. reading time\" \/>\n\t<meta name=\"twitter:data1\" content=\"1 minute\" \/>\n<script type=\"application\/ld+json\" class=\"yoast-schema-graph\">{\"@context\":\"https:\/\/schema.org\",\"@graph\":[{\"@type\":\"WebPage\",\"@id\":\"https:\/\/zepestonia.com\/en\/toode\/natural-1l\/\",\"url\":\"https:\/\/zepestonia.com\/en\/toode\/natural-1l\/\",\"name\":\"Natural 1L - \u00dcldpuhastusvahend, tugevatoimeline I ZEP Eesti\",\"isPartOf\":{\"@id\":\"https:\/\/zepestonia.com\/en\/#website\"},\"primaryImageOfPage\":{\"@id\":\"https:\/\/zepestonia.com\/en\/toode\/natural-1l\/#primaryimage\"},\"image\":{\"@id\":\"https:\/\/zepestonia.com\/en\/toode\/natural-1l\/#primaryimage\"},\"thumbnailUrl\":\"https:\/\/zepestonia.com\/wp-content\/uploads\/2022\/02\/NATURAL-29.png\",\"datePublished\":\"2021-11-29T19:00:56+00:00\",\"dateModified\":\"2026-04-02T14:53:52+00:00\",\"description\":\"Kontsentreeritud tugevatoimeline \u00fcldpuhastusvahend ning l\u00f5hnastaja. Antud toode puhastab k\u00f5ik pinnad \u2013 p\u00f5randad, seinad, varustus, kumm, v\u00e4rvitud pinnad jne.\",\"breadcrumb\":{\"@id\":\"https:\/\/zepestonia.com\/en\/toode\/natural-1l\/#breadcrumb\"},\"inLanguage\":\"en-US\",\"potentialAction\":[{\"@type\":\"ReadAction\",\"target\":[\"https:\/\/zepestonia.com\/en\/toode\/natural-1l\/\"]}]},{\"@type\":\"ImageObject\",\"inLanguage\":\"en-US\",\"@id\":\"https:\/\/zepestonia.com\/en\/toode\/natural-1l\/#primaryimage\",\"url\":\"https:\/\/zepestonia.com\/wp-content\/uploads\/2022\/02\/NATURAL-29.png\",\"contentUrl\":\"https:\/\/zepestonia.com\/wp-content\/uploads\/2022\/02\/NATURAL-29.png\",\"width\":400,\"height\":600,\"caption\":\"NATURAL-29\"},{\"@type\":\"BreadcrumbList\",\"@id\":\"https:\/\/zepestonia.com\/en\/toode\/natural-1l\/#breadcrumb\",\"itemListElement\":[{\"@type\":\"ListItem\",\"position\":1,\"name\":\"Home\",\"item\":\"https:\/\/zepestonia.com\/en\/\"},{\"@type\":\"ListItem\",\"position\":2,\"name\":\"Shop\",\"item\":\"https:\/\/zepestonia.com\/en\/?page_id=4643\"},{\"@type\":\"ListItem\",\"position\":3,\"name\":\"Natural 1L &#8211; \u00dcldpuhastusvahend\"}]},{\"@type\":\"WebSite\",\"@id\":\"https:\/\/zepestonia.com\/en\/#website\",\"url\":\"https:\/\/zepestonia.com\/en\/\",\"name\":\"ZEP Eesti I Puhastusvahendid I E-pood\",\"description\":\"Pakume puhastus- ja hooldusprobleemidele efektiivseid keskkonnas\u00f5bralikke lahendusi!\",\"publisher\":{\"@id\":\"https:\/\/zepestonia.com\/en\/#organization\"},\"potentialAction\":[{\"@type\":\"SearchAction\",\"target\":{\"@type\":\"EntryPoint\",\"urlTemplate\":\"https:\/\/zepestonia.com\/en\/?s={search_term_string}\"},\"query-input\":{\"@type\":\"PropertyValueSpecification\",\"valueRequired\":true,\"valueName\":\"search_term_string\"}}],\"inLanguage\":\"en-US\"},{\"@type\":\"Organization\",\"@id\":\"https:\/\/zepestonia.com\/en\/#organization\",\"name\":\"Zep Estonia\",\"url\":\"https:\/\/zepestonia.com\/en\/\",\"logo\":{\"@type\":\"ImageObject\",\"inLanguage\":\"en-US\",\"@id\":\"https:\/\/zepestonia.com\/en\/#\/schema\/logo\/image\/\",\"url\":\"https:\/\/zepestonia.com\/wp-content\/uploads\/2022\/03\/Zep-Logo_png.jpeg\",\"contentUrl\":\"https:\/\/zepestonia.com\/wp-content\/uploads\/2022\/03\/Zep-Logo_png.jpeg\",\"width\":109,\"height\":70,\"caption\":\"Zep Estonia\"},\"image\":{\"@id\":\"https:\/\/zepestonia.com\/en\/#\/schema\/logo\/image\/\"},\"sameAs\":[\"https:\/\/www.facebook.com\/ZepEesti\"]}]}<\/script>\n<!-- \/ Yoast SEO plugin. -->","yoast_head_json":{"title":"Natural 1L - \u00dcldpuhastusvahend, tugevatoimeline I ZEP Eesti","description":"Kontsentreeritud tugevatoimeline \u00fcldpuhastusvahend ning l\u00f5hnastaja. Antud toode puhastab k\u00f5ik pinnad \u2013 p\u00f5randad, seinad, varustus, kumm, v\u00e4rvitud pinnad jne.","robots":{"index":"index","follow":"follow","max-snippet":"max-snippet:-1","max-image-preview":"max-image-preview:large","max-video-preview":"max-video-preview:-1"},"canonical":"https:\/\/zepestonia.com\/en\/toode\/natural-1l\/","og_locale":"en_US","og_type":"article","og_title":"Natural 1L - \u00dcldpuhastusvahend, tugevatoimeline I ZEP Eesti","og_description":"Kontsentreeritud tugevatoimeline \u00fcldpuhastusvahend ning l\u00f5hnastaja. Antud toode puhastab k\u00f5ik pinnad \u2013 p\u00f5randad, seinad, varustus, kumm, v\u00e4rvitud pinnad jne.","og_url":"https:\/\/zepestonia.com\/en\/toode\/natural-1l\/","og_site_name":"ZEP Eesti I Puhastusvahendid I E-pood","article_publisher":"https:\/\/www.facebook.com\/ZepEesti","article_modified_time":"2026-04-02T14:53:52+00:00","og_image":[{"width":400,"height":600,"url":"https:\/\/zepestonia.com\/wp-content\/uploads\/2022\/02\/NATURAL-29.png","type":"image\/png"}],"twitter_card":"summary_large_image","twitter_misc":{"Est. reading time":"1 minute"},"schema":{"@context":"https:\/\/schema.org","@graph":[{"@type":"WebPage","@id":"https:\/\/zepestonia.com\/en\/toode\/natural-1l\/","url":"https:\/\/zepestonia.com\/en\/toode\/natural-1l\/","name":"Natural 1L - \u00dcldpuhastusvahend, tugevatoimeline I ZEP Eesti","isPartOf":{"@id":"https:\/\/zepestonia.com\/en\/#website"},"primaryImageOfPage":{"@id":"https:\/\/zepestonia.com\/en\/toode\/natural-1l\/#primaryimage"},"image":{"@id":"https:\/\/zepestonia.com\/en\/toode\/natural-1l\/#primaryimage"},"thumbnailUrl":"https:\/\/zepestonia.com\/wp-content\/uploads\/2022\/02\/NATURAL-29.png","datePublished":"2021-11-29T19:00:56+00:00","dateModified":"2026-04-02T14:53:52+00:00","description":"Kontsentreeritud tugevatoimeline \u00fcldpuhastusvahend ning l\u00f5hnastaja. Antud toode puhastab k\u00f5ik pinnad \u2013 p\u00f5randad, seinad, varustus, kumm, v\u00e4rvitud pinnad jne.","breadcrumb":{"@id":"https:\/\/zepestonia.com\/en\/toode\/natural-1l\/#breadcrumb"},"inLanguage":"en-US","potentialAction":[{"@type":"ReadAction","target":["https:\/\/zepestonia.com\/en\/toode\/natural-1l\/"]}]},{"@type":"ImageObject","inLanguage":"en-US","@id":"https:\/\/zepestonia.com\/en\/toode\/natural-1l\/#primaryimage","url":"https:\/\/zepestonia.com\/wp-content\/uploads\/2022\/02\/NATURAL-29.png","contentUrl":"https:\/\/zepestonia.com\/wp-content\/uploads\/2022\/02\/NATURAL-29.png","width":400,"height":600,"caption":"NATURAL-29"},{"@type":"BreadcrumbList","@id":"https:\/\/zepestonia.com\/en\/toode\/natural-1l\/#breadcrumb","itemListElement":[{"@type":"ListItem","position":1,"name":"Home","item":"https:\/\/zepestonia.com\/en\/"},{"@type":"ListItem","position":2,"name":"Shop","item":"https:\/\/zepestonia.com\/en\/?page_id=4643"},{"@type":"ListItem","position":3,"name":"Natural 1L &#8211; \u00dcldpuhastusvahend"}]},{"@type":"WebSite","@id":"https:\/\/zepestonia.com\/en\/#website","url":"https:\/\/zepestonia.com\/en\/","name":"ZEP Eesti I Puhastusvahendid I E-pood","description":"Pakume puhastus- ja hooldusprobleemidele efektiivseid keskkonnas\u00f5bralikke lahendusi!","publisher":{"@id":"https:\/\/zepestonia.com\/en\/#organization"},"potentialAction":[{"@type":"SearchAction","target":{"@type":"EntryPoint","urlTemplate":"https:\/\/zepestonia.com\/en\/?s={search_term_string}"},"query-input":{"@type":"PropertyValueSpecification","valueRequired":true,"valueName":"search_term_string"}}],"inLanguage":"en-US"},{"@type":"Organization","@id":"https:\/\/zepestonia.com\/en\/#organization","name":"Zep Estonia","url":"https:\/\/zepestonia.com\/en\/","logo":{"@type":"ImageObject","inLanguage":"en-US","@id":"https:\/\/zepestonia.com\/en\/#\/schema\/logo\/image\/","url":"https:\/\/zepestonia.com\/wp-content\/uploads\/2022\/03\/Zep-Logo_png.jpeg","contentUrl":"https:\/\/zepestonia.com\/wp-content\/uploads\/2022\/03\/Zep-Logo_png.jpeg","width":109,"height":70,"caption":"Zep Estonia"},"image":{"@id":"https:\/\/zepestonia.com\/en\/#\/schema\/logo\/image\/"},"sameAs":["https:\/\/www.facebook.com\/ZepEesti"]}]}},"_links":{"self":[{"href":"https:\/\/zepestonia.com\/en\/wp-json\/wp\/v2\/product\/3125","targetHints":{"allow":["GET"]}}],"collection":[{"href":"https:\/\/zepestonia.com\/en\/wp-json\/wp\/v2\/product"}],"about":[{"href":"https:\/\/zepestonia.com\/en\/wp-json\/wp\/v2\/types\/product"}],"replies":[{"embeddable":true,"href":"https:\/\/zepestonia.com\/en\/wp-json\/wp\/v2\/comments?post=3125"}],"version-history":[{"count":3,"href":"https:\/\/zepestonia.com\/en\/wp-json\/wp\/v2\/product\/3125\/revisions"}],"predecessor-version":[{"id":14295,"href":"https:\/\/zepestonia.com\/en\/wp-json\/wp\/v2\/product\/3125\/revisions\/14295"}],"wp:featuredmedia":[{"embeddable":true,"href":"https:\/\/zepestonia.com\/en\/wp-json\/wp\/v2\/media\/5095"}],"wp:attachment":[{"href":"https:\/\/zepestonia.com\/en\/wp-json\/wp\/v2\/media?parent=3125"}],"wp:term":[{"taxonomy":"product_brand","embeddable":true,"href":"https:\/\/zepestonia.com\/en\/wp-json\/wp\/v2\/product_brand?post=3125"},{"taxonomy":"product_cat","embeddable":true,"href":"https:\/\/zepestonia.com\/en\/wp-json\/wp\/v2\/product_cat?post=3125"},{"taxonomy":"product_tag","embeddable":true,"href":"https:\/\/zepestonia.com\/en\/wp-json\/wp\/v2\/product_tag?post=3125"}],"curies":[{"name":"wp","href":"https:\/\/api.w.org\/{rel}","templated":true}]}}