{"id":3124,"date":"2021-11-29T19:00:56","date_gmt":"2021-11-29T19:00:56","guid":{"rendered":"https:\/\/zep.valgekana.ee\/toode\/toostuslik-rullratt-blue-xl\/"},"modified":"2025-07-01T00:24:23","modified_gmt":"2025-07-01T00:24:23","slug":"toostuslik-rullratt-blue-xl","status":"publish","type":"product","link":"https:\/\/zepestonia.com\/en\/toode\/toostuslik-rullratt-blue-xl\/","title":{"rendered":"T\u00f6\u00f6stuslik rullr\u00e4tt Blue XL"},"content":{"rendered":"<ul>\n<li>2x tselluloos<\/li>\n<li>k\u00f5rgus 24cm.<\/li>\n<li>290jm rull (970lehte)<\/li>\n<\/ul>\n","protected":false},"excerpt":{"rendered":"<p>2x tselluloos k\u00f5rgus 24cm. 290jm rull (970lehte)<\/p>\n","protected":false},"featured_media":3656,"comment_status":"closed","ping_status":"closed","template":"","meta":[],"product_brand":[],"product_cat":[191],"product_tag":[],"class_list":{"0":"post-3124","1":"product","2":"type-product","3":"status-publish","4":"has-post-thumbnail","6":"product_cat-tarvikud","8":"first","9":"instock","10":"taxable","11":"shipping-taxable","12":"purchasable","13":"product-type-simple"},"yoast_head":"<!-- This site is optimized with the Yoast SEO plugin v26.5 - https:\/\/yoast.com\/wordpress\/plugins\/seo\/ -->\n<title>T\u00f6\u00f6stuslik rullr\u00e4tt Blue XL I ZEP Eesti<\/title>\n<meta name=\"robots\" content=\"index, follow, max-snippet:-1, max-image-preview:large, max-video-preview:-1\" \/>\n<link rel=\"canonical\" href=\"https:\/\/zepestonia.com\/en\/toode\/toostuslik-rullratt-blue-xl\/\" \/>\n<meta property=\"og:locale\" content=\"en_US\" \/>\n<meta property=\"og:type\" content=\"article\" \/>\n<meta property=\"og:title\" content=\"T\u00f6\u00f6stuslik rullr\u00e4tt Blue XL I ZEP Eesti\" \/>\n<meta property=\"og:description\" content=\"2x tselluloos k\u00f5rgus 24cm. 290jm rull (970lehte)\" \/>\n<meta property=\"og:url\" content=\"https:\/\/zepestonia.com\/en\/toode\/toostuslik-rullratt-blue-xl\/\" \/>\n<meta property=\"og:site_name\" content=\"ZEP Eesti I Puhastusvahendid I E-pood\" \/>\n<meta property=\"article:publisher\" content=\"https:\/\/www.facebook.com\/ZepEesti\" \/>\n<meta property=\"article:modified_time\" content=\"2025-07-01T00:24:23+00:00\" \/>\n<meta property=\"og:image\" content=\"https:\/\/zepestonia.com\/wp-content\/uploads\/2021\/12\/625-60ea4435795fe4-04187530-TC3B6C3B6stuslik20rullrC3A4tt20Blue.jpg\" \/>\n\t<meta property=\"og:image:width\" content=\"450\" \/>\n\t<meta property=\"og:image:height\" content=\"500\" \/>\n\t<meta property=\"og:image:type\" content=\"image\/jpeg\" \/>\n<meta name=\"twitter:card\" content=\"summary_large_image\" \/>\n<script type=\"application\/ld+json\" class=\"yoast-schema-graph\">{\"@context\":\"https:\/\/schema.org\",\"@graph\":[{\"@type\":\"WebPage\",\"@id\":\"https:\/\/zepestonia.com\/en\/toode\/toostuslik-rullratt-blue-xl\/\",\"url\":\"https:\/\/zepestonia.com\/en\/toode\/toostuslik-rullratt-blue-xl\/\",\"name\":\"T\u00f6\u00f6stuslik rullr\u00e4tt Blue XL I ZEP Eesti\",\"isPartOf\":{\"@id\":\"https:\/\/zepestonia.com\/en\/#website\"},\"primaryImageOfPage\":{\"@id\":\"https:\/\/zepestonia.com\/en\/toode\/toostuslik-rullratt-blue-xl\/#primaryimage\"},\"image\":{\"@id\":\"https:\/\/zepestonia.com\/en\/toode\/toostuslik-rullratt-blue-xl\/#primaryimage\"},\"thumbnailUrl\":\"https:\/\/zepestonia.com\/wp-content\/uploads\/2021\/12\/625-60ea4435795fe4-04187530-TC3B6C3B6stuslik20rullrC3A4tt20Blue.jpg\",\"datePublished\":\"2021-11-29T19:00:56+00:00\",\"dateModified\":\"2025-07-01T00:24:23+00:00\",\"breadcrumb\":{\"@id\":\"https:\/\/zepestonia.com\/en\/toode\/toostuslik-rullratt-blue-xl\/#breadcrumb\"},\"inLanguage\":\"en-US\",\"potentialAction\":[{\"@type\":\"ReadAction\",\"target\":[\"https:\/\/zepestonia.com\/en\/toode\/toostuslik-rullratt-blue-xl\/\"]}]},{\"@type\":\"ImageObject\",\"inLanguage\":\"en-US\",\"@id\":\"https:\/\/zepestonia.com\/en\/toode\/toostuslik-rullratt-blue-xl\/#primaryimage\",\"url\":\"https:\/\/zepestonia.com\/wp-content\/uploads\/2021\/12\/625-60ea4435795fe4-04187530-TC3B6C3B6stuslik20rullrC3A4tt20Blue.jpg\",\"contentUrl\":\"https:\/\/zepestonia.com\/wp-content\/uploads\/2021\/12\/625-60ea4435795fe4-04187530-TC3B6C3B6stuslik20rullrC3A4tt20Blue.jpg\",\"width\":450,\"height\":500,\"caption\":\"625-60ea4435795fe4-04187530-TC3B6C3B6stuslik20rullrC3A4tt20Blue\"},{\"@type\":\"BreadcrumbList\",\"@id\":\"https:\/\/zepestonia.com\/en\/toode\/toostuslik-rullratt-blue-xl\/#breadcrumb\",\"itemListElement\":[{\"@type\":\"ListItem\",\"position\":1,\"name\":\"Home\",\"item\":\"https:\/\/zepestonia.com\/en\/\"},{\"@type\":\"ListItem\",\"position\":2,\"name\":\"Shop\",\"item\":\"https:\/\/zepestonia.com\/en\/?page_id=4643\"},{\"@type\":\"ListItem\",\"position\":3,\"name\":\"T\u00f6\u00f6stuslik rullr\u00e4tt Blue XL\"}]},{\"@type\":\"WebSite\",\"@id\":\"https:\/\/zepestonia.com\/en\/#website\",\"url\":\"https:\/\/zepestonia.com\/en\/\",\"name\":\"ZEP Eesti I Puhastusvahendid I E-pood\",\"description\":\"Pakume puhastus- ja hooldusprobleemidele efektiivseid keskkonnas\u00f5bralikke lahendusi!\",\"publisher\":{\"@id\":\"https:\/\/zepestonia.com\/en\/#organization\"},\"potentialAction\":[{\"@type\":\"SearchAction\",\"target\":{\"@type\":\"EntryPoint\",\"urlTemplate\":\"https:\/\/zepestonia.com\/en\/?s={search_term_string}\"},\"query-input\":{\"@type\":\"PropertyValueSpecification\",\"valueRequired\":true,\"valueName\":\"search_term_string\"}}],\"inLanguage\":\"en-US\"},{\"@type\":\"Organization\",\"@id\":\"https:\/\/zepestonia.com\/en\/#organization\",\"name\":\"Zep Estonia\",\"url\":\"https:\/\/zepestonia.com\/en\/\",\"logo\":{\"@type\":\"ImageObject\",\"inLanguage\":\"en-US\",\"@id\":\"https:\/\/zepestonia.com\/en\/#\/schema\/logo\/image\/\",\"url\":\"https:\/\/zepestonia.com\/wp-content\/uploads\/2022\/03\/Zep-Logo_png.jpeg\",\"contentUrl\":\"https:\/\/zepestonia.com\/wp-content\/uploads\/2022\/03\/Zep-Logo_png.jpeg\",\"width\":109,\"height\":70,\"caption\":\"Zep Estonia\"},\"image\":{\"@id\":\"https:\/\/zepestonia.com\/en\/#\/schema\/logo\/image\/\"},\"sameAs\":[\"https:\/\/www.facebook.com\/ZepEesti\"]}]}<\/script>\n<!-- \/ Yoast SEO plugin. -->","yoast_head_json":{"title":"T\u00f6\u00f6stuslik rullr\u00e4tt Blue XL I ZEP Eesti","robots":{"index":"index","follow":"follow","max-snippet":"max-snippet:-1","max-image-preview":"max-image-preview:large","max-video-preview":"max-video-preview:-1"},"canonical":"https:\/\/zepestonia.com\/en\/toode\/toostuslik-rullratt-blue-xl\/","og_locale":"en_US","og_type":"article","og_title":"T\u00f6\u00f6stuslik rullr\u00e4tt Blue XL I ZEP Eesti","og_description":"2x tselluloos k\u00f5rgus 24cm. 290jm rull (970lehte)","og_url":"https:\/\/zepestonia.com\/en\/toode\/toostuslik-rullratt-blue-xl\/","og_site_name":"ZEP Eesti I Puhastusvahendid I E-pood","article_publisher":"https:\/\/www.facebook.com\/ZepEesti","article_modified_time":"2025-07-01T00:24:23+00:00","og_image":[{"width":450,"height":500,"url":"https:\/\/zepestonia.com\/wp-content\/uploads\/2021\/12\/625-60ea4435795fe4-04187530-TC3B6C3B6stuslik20rullrC3A4tt20Blue.jpg","type":"image\/jpeg"}],"twitter_card":"summary_large_image","schema":{"@context":"https:\/\/schema.org","@graph":[{"@type":"WebPage","@id":"https:\/\/zepestonia.com\/en\/toode\/toostuslik-rullratt-blue-xl\/","url":"https:\/\/zepestonia.com\/en\/toode\/toostuslik-rullratt-blue-xl\/","name":"T\u00f6\u00f6stuslik rullr\u00e4tt Blue XL I ZEP Eesti","isPartOf":{"@id":"https:\/\/zepestonia.com\/en\/#website"},"primaryImageOfPage":{"@id":"https:\/\/zepestonia.com\/en\/toode\/toostuslik-rullratt-blue-xl\/#primaryimage"},"image":{"@id":"https:\/\/zepestonia.com\/en\/toode\/toostuslik-rullratt-blue-xl\/#primaryimage"},"thumbnailUrl":"https:\/\/zepestonia.com\/wp-content\/uploads\/2021\/12\/625-60ea4435795fe4-04187530-TC3B6C3B6stuslik20rullrC3A4tt20Blue.jpg","datePublished":"2021-11-29T19:00:56+00:00","dateModified":"2025-07-01T00:24:23+00:00","breadcrumb":{"@id":"https:\/\/zepestonia.com\/en\/toode\/toostuslik-rullratt-blue-xl\/#breadcrumb"},"inLanguage":"en-US","potentialAction":[{"@type":"ReadAction","target":["https:\/\/zepestonia.com\/en\/toode\/toostuslik-rullratt-blue-xl\/"]}]},{"@type":"ImageObject","inLanguage":"en-US","@id":"https:\/\/zepestonia.com\/en\/toode\/toostuslik-rullratt-blue-xl\/#primaryimage","url":"https:\/\/zepestonia.com\/wp-content\/uploads\/2021\/12\/625-60ea4435795fe4-04187530-TC3B6C3B6stuslik20rullrC3A4tt20Blue.jpg","contentUrl":"https:\/\/zepestonia.com\/wp-content\/uploads\/2021\/12\/625-60ea4435795fe4-04187530-TC3B6C3B6stuslik20rullrC3A4tt20Blue.jpg","width":450,"height":500,"caption":"625-60ea4435795fe4-04187530-TC3B6C3B6stuslik20rullrC3A4tt20Blue"},{"@type":"BreadcrumbList","@id":"https:\/\/zepestonia.com\/en\/toode\/toostuslik-rullratt-blue-xl\/#breadcrumb","itemListElement":[{"@type":"ListItem","position":1,"name":"Home","item":"https:\/\/zepestonia.com\/en\/"},{"@type":"ListItem","position":2,"name":"Shop","item":"https:\/\/zepestonia.com\/en\/?page_id=4643"},{"@type":"ListItem","position":3,"name":"T\u00f6\u00f6stuslik rullr\u00e4tt Blue XL"}]},{"@type":"WebSite","@id":"https:\/\/zepestonia.com\/en\/#website","url":"https:\/\/zepestonia.com\/en\/","name":"ZEP Eesti I Puhastusvahendid I E-pood","description":"Pakume puhastus- ja hooldusprobleemidele efektiivseid keskkonnas\u00f5bralikke lahendusi!","publisher":{"@id":"https:\/\/zepestonia.com\/en\/#organization"},"potentialAction":[{"@type":"SearchAction","target":{"@type":"EntryPoint","urlTemplate":"https:\/\/zepestonia.com\/en\/?s={search_term_string}"},"query-input":{"@type":"PropertyValueSpecification","valueRequired":true,"valueName":"search_term_string"}}],"inLanguage":"en-US"},{"@type":"Organization","@id":"https:\/\/zepestonia.com\/en\/#organization","name":"Zep Estonia","url":"https:\/\/zepestonia.com\/en\/","logo":{"@type":"ImageObject","inLanguage":"en-US","@id":"https:\/\/zepestonia.com\/en\/#\/schema\/logo\/image\/","url":"https:\/\/zepestonia.com\/wp-content\/uploads\/2022\/03\/Zep-Logo_png.jpeg","contentUrl":"https:\/\/zepestonia.com\/wp-content\/uploads\/2022\/03\/Zep-Logo_png.jpeg","width":109,"height":70,"caption":"Zep Estonia"},"image":{"@id":"https:\/\/zepestonia.com\/en\/#\/schema\/logo\/image\/"},"sameAs":["https:\/\/www.facebook.com\/ZepEesti"]}]}},"_links":{"self":[{"href":"https:\/\/zepestonia.com\/en\/wp-json\/wp\/v2\/product\/3124","targetHints":{"allow":["GET"]}}],"collection":[{"href":"https:\/\/zepestonia.com\/en\/wp-json\/wp\/v2\/product"}],"about":[{"href":"https:\/\/zepestonia.com\/en\/wp-json\/wp\/v2\/types\/product"}],"replies":[{"embeddable":true,"href":"https:\/\/zepestonia.com\/en\/wp-json\/wp\/v2\/comments?post=3124"}],"version-history":[{"count":1,"href":"https:\/\/zepestonia.com\/en\/wp-json\/wp\/v2\/product\/3124\/revisions"}],"predecessor-version":[{"id":10160,"href":"https:\/\/zepestonia.com\/en\/wp-json\/wp\/v2\/product\/3124\/revisions\/10160"}],"wp:featuredmedia":[{"embeddable":true,"href":"https:\/\/zepestonia.com\/en\/wp-json\/wp\/v2\/media\/3656"}],"wp:attachment":[{"href":"https:\/\/zepestonia.com\/en\/wp-json\/wp\/v2\/media?parent=3124"}],"wp:term":[{"taxonomy":"product_brand","embeddable":true,"href":"https:\/\/zepestonia.com\/en\/wp-json\/wp\/v2\/product_brand?post=3124"},{"taxonomy":"product_cat","embeddable":true,"href":"https:\/\/zepestonia.com\/en\/wp-json\/wp\/v2\/product_cat?post=3124"},{"taxonomy":"product_tag","embeddable":true,"href":"https:\/\/zepestonia.com\/en\/wp-json\/wp\/v2\/product_tag?post=3124"}],"curies":[{"name":"wp","href":"https:\/\/api.w.org\/{rel}","templated":true}]}}