{"id":3123,"date":"2021-11-29T19:00:56","date_gmt":"2021-11-29T19:00:56","guid":{"rendered":"https:\/\/zep.valgekana.ee\/toode\/dk-san-1l\/"},"modified":"2025-07-01T00:24:02","modified_gmt":"2025-07-01T00:24:02","slug":"dk-san-1l","status":"publish","type":"product","link":"https:\/\/zepestonia.com\/en\/toode\/dk-san-1l\/","title":{"rendered":"DK SAN 1L &#8211; Desinfitseeriv puhastusvahend"},"content":{"rendered":"<p><span style=\"font-size:14px\"><strong><span class=\"markedContent\" id=\"page3R_mcid37\"><span dir=\"ltr\" role=\"presentation\" style=\"left: 90px;top: 1015.14px;font-family: sans-serif\">M\u00c4\u00c4RDUNUD PINDADE<\/span><span dir=\"ltr\" role=\"presentation\" style=\"left: 314.3px;top: 1015.14px;font-family: sans-serif\"> <\/span><span dir=\"ltr\" role=\"presentation\" style=\"left: 320.083px;top: 1015.14px;font-family: sans-serif\">PUHASTAMINE<\/span><\/span>:<\/strong><\/span><\/p>\n<ul>\n<li><span style=\"font-size:14px\">kerge mustus&nbsp; 1-2%<\/span><\/li>\n<li><span style=\"font-size:14px\">tugev mustus&nbsp;&nbsp;&nbsp; 2-5%<\/span><\/li>\n<li><span style=\"font-size:14px\"><span class=\"markedContent\" id=\"page3R_mcid48\"><span dir=\"ltr\" role=\"presentation\" style=\"left: 150.04px;top: 1133.99px;font-family: sans-serif\">Kanda lahus pu<\/span><span dir=\"ltr\" role=\"presentation\" style=\"left: 289.233px;top: 1133.99px;font-family: sans-serif\">hastatavale p<\/span><span dir=\"ltr\" role=\"presentation\" style=\"left: 408.283px;top: 1133.99px;font-family: sans-serif\">innal<\/span><span dir=\"ltr\" role=\"presentation\" style=\"left: 450.483px;top: 1133.99px;font-family: sans-serif\">e kas pritsi v\u00f5i mopiga.<\/span><\/span><\/span><\/li>\n<li><span style=\"font-size:14px\"><span class=\"markedContent\" id=\"page3R_mcid49\"><span dir=\"ltr\" role=\"presentation\" style=\"left: 150.04px;top: 1158.39px;font-family: sans-serif\">Lasta m\u00f5juda kuni 5 minutit.<\/span><\/span><\/span><\/li>\n<li><span style=\"font-size:14px\"><span class=\"markedContent\"><span dir=\"ltr\" role=\"presentation\" style=\"left: 150.04px;top: 1182.59px;font-family: sans-serif\">Loputada<\/span><\/span><\/span><\/li>\n<\/ul>\n<p><span style=\"font-size:14px\"><strong><span class=\"markedContent\" id=\"page42R_mcid0\"><span dir=\"ltr\" role=\"presentation\" style=\"left: 90px;top: 184.861px;font-family: sans-serif\">DESINFITSEERIMINE:<\/span><\/span><\/strong><\/span><\/p>\n<ul>\n<li><span style=\"font-size:14px\"><span class=\"markedContent\" id=\"page42R_mcid2\"><span dir=\"ltr\" role=\"presentation\" style=\"left: 150.04px;top: 232.261px;font-family: sans-serif\">K<\/span><span dir=\"ltr\" role=\"presentation\" style=\"left: 163.44px;top: 232.261px;font-family: sans-serif\">asutada<\/span><span dir=\"ltr\" role=\"presentation\" style=\"left: 234.68px;top: 232.261px;font-family: sans-serif\"> <\/span><span dir=\"ltr\" role=\"presentation\" style=\"left: 240.233px;top: 232.261px;font-family: sans-serif\">2<\/span><span dir=\"ltr\" role=\"presentation\" style=\"left: 251.433px;top: 232.261px;font-family: sans-serif\">&#8211;<\/span><span dir=\"ltr\" role=\"presentation\" style=\"left: 258.033px;top: 232.261px;font-family: sans-serif\">5% vesilahust<\/span><span dir=\"ltr\" role=\"presentation\" style=\"left: 381.483px;top: 232.261px;font-family: sans-serif\">.<\/span><\/span><\/span><\/li>\n<li><span style=\"font-size:14px\"><span class=\"markedContent\" id=\"page42R_mcid3\"><span dir=\"ltr\" role=\"presentation\" style=\"left: 150.04px;top: 256.461px;font-family: sans-serif\">Vahend toimib juba 1 minuti jooksul, kuid t\u00e4ielik<\/span><span dir=\"ltr\" role=\"presentation\" style=\"left: 590.46px;top: 256.461px;font-family: sans-serif\"> <\/span><span dir=\"ltr\" role=\"presentation\" style=\"left: 599.517px;top: 256.461px;font-family: sans-serif\">desinfits<\/span><span dir=\"ltr\" role=\"presentation\" style=\"left: 673.117px;top: 256.461px;font-family: sans-serif\">eeri<\/span><span dir=\"ltr\" role=\"presentation\" style=\"left: 706.317px;top: 256.461px;font-family: sans-serif\">v tulemus sa<\/span><span dir=\"ltr\" role=\"presentation\" style=\"left: 824.967px;top: 256.461px;font-family: sans-serif\">abub<\/span><span dir=\"ltr\" role=\"presentation\" style=\"left: 869.447px;top: 256.461px;font-family: sans-serif\"> <\/span><span dir=\"ltr\" role=\"presentation\" style=\"left: 878.167px;top: 256.461px;font-family: sans-serif\">10<\/span> <span dir=\"ltr\" role=\"presentation\" style=\"left: 150.04px;top: 279.461px;font-family: sans-serif\">minuti<\/span><span dir=\"ltr\" role=\"presentation\" style=\"left: 203.6px;top: 279.461px;font-family: sans-serif\"> <\/span><span dir=\"ltr\" role=\"presentation\" style=\"left: 209.033px;top: 279.461px;font-family: sans-serif\">m\u00f6\u00f6dumisel<\/span><span dir=\"ltr\" role=\"presentation\" style=\"left: 316.833px;top: 279.461px;font-family: sans-serif\">.<\/span><\/span><\/span><\/li>\n<li><span style=\"font-size:14px\"><span class=\"markedContent\" id=\"page42R_mcid4\"><span dir=\"ltr\" role=\"presentation\" style=\"left: 150.04px;top: 303.861px;font-family: sans-serif\">Vajadusel<\/span><span dir=\"ltr\" role=\"presentation\" style=\"left: 238px;top: 303.861px;font-family: sans-serif\"> <\/span><span dir=\"ltr\" role=\"presentation\" style=\"left: 243.633px;top: 303.861px;font-family: sans-serif\">loputada pinnad.<\/span><\/span><\/span><\/li>\n<\/ul>\n<p><span class=\"markedContent\" id=\"page42R_mcid6\"><span style=\"font-size:14px\"><strong><span style=\"color:#FF0000\"><span dir=\"ltr\" role=\"presentation\" style=\"left: 90px;top: 349.861px;font-family: sans-serif\">NB! <\/span><\/span><\/strong><span dir=\"ltr\" role=\"presentation\" style=\"left: 90px;top: 349.861px;font-family: sans-serif\"><span class=\"markedContent\"><span style=\"font-size:14px\"><span dir=\"ltr\" role=\"presentation\" style=\"left: 131.04px;top: 349.861px;font-family: sans-serif\">Trichopyton (s\u00fcgelev nahaseen) t\u00fc\u00fcpi bakterite eemaldamiseks<\/span><span dir=\"ltr\" role=\"presentation\" style=\"left: 702.22px;top: 349.861px;font-family: sans-serif\"> <\/span><span dir=\"ltr\" role=\"presentation\" style=\"left: 710.317px;top: 349.861px;font-family: sans-serif\">basseinide servadest<\/span> <span dir=\"ltr\" role=\"presentation\" style=\"left: 90px;top: 372.861px;font-family: sans-serif\">kasutada 1:20<\/span><span dir=\"ltr\" role=\"presentation\" style=\"left: 215.833px;top: 372.861px;font-family: sans-serif\">&#8211;<\/span><\/span><span dir=\"ltr\" role=\"presentation\" style=\"left: 222.433px;top: 372.861px;font-size: 20px;font-family: sans-serif\"><span style=\"font-size:14px\">30 vesilahust.<br \/>\npH 11,0<\/span><\/span><\/span><\/span><\/span><\/span><br \/>\n&nbsp;<\/p>\n","protected":false},"excerpt":{"rendered":"<p>Kontsentreeritud desinfitseerimisvahend t\u00f6\u00f6riistade, seadmete ja p\u00f5randate puhastamiseks.<br \/>\nSobib eriti h\u00e4sti p\u00f5randate, seinte, t\u00f6\u00f6riistade, seadmete, konteinerite, segistite, k\u00fclmruumide puhastamiseks ja desinfitseerimiseks<br \/>\nerinevates t\u00f6\u00f6stusharudes, s.h. ka p\u00f5llumajanduslikes- ja toiduainetet\u00f6\u00f6stustes (k.a. meditsiini valdkonnas tegelevates ettev\u00f5ttetes).<br \/>\nPuhastab efektiivselt rasvased ja orgaaniliselt m\u00e4\u00e4rdunud pinnad.<br \/>\nSobib nii roostevaba terasest, alumiiniumist, emaileeritud, teras-, messing-, s\u00fcnteetilisest kummist, plastpindadel jne.<br \/>\nVastab m\u00e4\u00e4rusele (E\u00dc) nr 852\/2004 ja seadusandlikule m\u00e4\u00e4rusele 193\/2007-HACCP, mis k\u00e4sitlevad puhastamist ja desinfitseerimist toidusektoris.<\/p>\n<p>DK SAN on efektiivne bakteritsiid selliste mikroorganismide vastu nagu:<br \/>\n\u2022 Salmonella cholera suis<br \/>\n\u2022 Salmonella typhosa<br \/>\n\u2022 Escherichia coli<br \/>\n\u2022 Pseudomonas aeruginosa<br \/>\n\u2022 Mikrots\u00fckoosi p\u00fcogeen<br \/>\n\u2022 Staphilococcus aureus<br \/>\n\u2022 Staphilococcus aureus<br \/>\n\u2022 Legionella pneumophila<br \/>\nToimeaine on efektiivne ka koronaviridae perekonda kuuluvate kapseldatud viiruste vastu.<\/p>\n","protected":false},"featured_media":4986,"comment_status":"closed","ping_status":"closed","template":"","meta":[],"product_brand":[],"product_cat":[211],"product_tag":[],"class_list":{"0":"post-3123","1":"product","2":"type-product","3":"status-publish","4":"has-post-thumbnail","6":"product_cat-desinfitseerimine","8":"first","9":"instock","10":"taxable","11":"shipping-taxable","12":"purchasable","13":"product-type-simple"},"yoast_head":"<!-- This site is optimized with the Yoast SEO plugin v26.5 - https:\/\/yoast.com\/wordpress\/plugins\/seo\/ -->\n<title>DK SAN 1L - Desinfitseeriv puhastusvahend I ZEP Eesti<\/title>\n<meta name=\"description\" content=\"Kontsentreeritud desinfitseerimisvahend t\u00f6\u00f6riistade, seadmete ja p\u00f5randate puhastamiseks. Puhastab efektiivselt rasvased ja orgaaniliselt m\u00e4\u00e4rdunud pinnad.\" \/>\n<meta name=\"robots\" content=\"index, follow, max-snippet:-1, max-image-preview:large, max-video-preview:-1\" \/>\n<link rel=\"canonical\" href=\"https:\/\/zepestonia.com\/en\/toode\/dk-san-1l\/\" \/>\n<meta property=\"og:locale\" content=\"en_US\" \/>\n<meta property=\"og:type\" content=\"article\" \/>\n<meta property=\"og:title\" content=\"DK SAN 1L - Desinfitseeriv puhastusvahend I ZEP Eesti\" \/>\n<meta property=\"og:description\" content=\"Kontsentreeritud desinfitseerimisvahend t\u00f6\u00f6riistade, seadmete ja p\u00f5randate puhastamiseks. Puhastab efektiivselt rasvased ja orgaaniliselt m\u00e4\u00e4rdunud pinnad.\" \/>\n<meta property=\"og:url\" content=\"https:\/\/zepestonia.com\/en\/toode\/dk-san-1l\/\" \/>\n<meta property=\"og:site_name\" content=\"ZEP Eesti I Puhastusvahendid I E-pood\" \/>\n<meta property=\"article:publisher\" content=\"https:\/\/www.facebook.com\/ZepEesti\" \/>\n<meta property=\"article:modified_time\" content=\"2025-07-01T00:24:02+00:00\" \/>\n<meta property=\"og:image\" content=\"https:\/\/zepestonia.com\/wp-content\/uploads\/2022\/02\/DK-SAN-2.png\" \/>\n\t<meta property=\"og:image:width\" content=\"400\" \/>\n\t<meta property=\"og:image:height\" content=\"600\" \/>\n\t<meta property=\"og:image:type\" content=\"image\/png\" \/>\n<meta name=\"twitter:card\" content=\"summary_large_image\" \/>\n<script type=\"application\/ld+json\" class=\"yoast-schema-graph\">{\"@context\":\"https:\/\/schema.org\",\"@graph\":[{\"@type\":\"WebPage\",\"@id\":\"https:\/\/zepestonia.com\/en\/toode\/dk-san-1l\/\",\"url\":\"https:\/\/zepestonia.com\/en\/toode\/dk-san-1l\/\",\"name\":\"DK SAN 1L - Desinfitseeriv puhastusvahend I ZEP Eesti\",\"isPartOf\":{\"@id\":\"https:\/\/zepestonia.com\/en\/#website\"},\"primaryImageOfPage\":{\"@id\":\"https:\/\/zepestonia.com\/en\/toode\/dk-san-1l\/#primaryimage\"},\"image\":{\"@id\":\"https:\/\/zepestonia.com\/en\/toode\/dk-san-1l\/#primaryimage\"},\"thumbnailUrl\":\"https:\/\/zepestonia.com\/wp-content\/uploads\/2022\/02\/DK-SAN-2.png\",\"datePublished\":\"2021-11-29T19:00:56+00:00\",\"dateModified\":\"2025-07-01T00:24:02+00:00\",\"description\":\"Kontsentreeritud desinfitseerimisvahend t\u00f6\u00f6riistade, seadmete ja p\u00f5randate puhastamiseks. Puhastab efektiivselt rasvased ja orgaaniliselt m\u00e4\u00e4rdunud pinnad.\",\"breadcrumb\":{\"@id\":\"https:\/\/zepestonia.com\/en\/toode\/dk-san-1l\/#breadcrumb\"},\"inLanguage\":\"en-US\",\"potentialAction\":[{\"@type\":\"ReadAction\",\"target\":[\"https:\/\/zepestonia.com\/en\/toode\/dk-san-1l\/\"]}]},{\"@type\":\"ImageObject\",\"inLanguage\":\"en-US\",\"@id\":\"https:\/\/zepestonia.com\/en\/toode\/dk-san-1l\/#primaryimage\",\"url\":\"https:\/\/zepestonia.com\/wp-content\/uploads\/2022\/02\/DK-SAN-2.png\",\"contentUrl\":\"https:\/\/zepestonia.com\/wp-content\/uploads\/2022\/02\/DK-SAN-2.png\",\"width\":400,\"height\":600,\"caption\":\"DK-SAN-2\"},{\"@type\":\"BreadcrumbList\",\"@id\":\"https:\/\/zepestonia.com\/en\/toode\/dk-san-1l\/#breadcrumb\",\"itemListElement\":[{\"@type\":\"ListItem\",\"position\":1,\"name\":\"Home\",\"item\":\"https:\/\/zepestonia.com\/en\/\"},{\"@type\":\"ListItem\",\"position\":2,\"name\":\"Shop\",\"item\":\"https:\/\/zepestonia.com\/en\/?page_id=4643\"},{\"@type\":\"ListItem\",\"position\":3,\"name\":\"DK SAN 1L &#8211; Desinfitseeriv puhastusvahend\"}]},{\"@type\":\"WebSite\",\"@id\":\"https:\/\/zepestonia.com\/en\/#website\",\"url\":\"https:\/\/zepestonia.com\/en\/\",\"name\":\"ZEP Eesti I Puhastusvahendid I E-pood\",\"description\":\"Pakume puhastus- ja hooldusprobleemidele efektiivseid keskkonnas\u00f5bralikke lahendusi!\",\"publisher\":{\"@id\":\"https:\/\/zepestonia.com\/en\/#organization\"},\"potentialAction\":[{\"@type\":\"SearchAction\",\"target\":{\"@type\":\"EntryPoint\",\"urlTemplate\":\"https:\/\/zepestonia.com\/en\/?s={search_term_string}\"},\"query-input\":{\"@type\":\"PropertyValueSpecification\",\"valueRequired\":true,\"valueName\":\"search_term_string\"}}],\"inLanguage\":\"en-US\"},{\"@type\":\"Organization\",\"@id\":\"https:\/\/zepestonia.com\/en\/#organization\",\"name\":\"Zep Estonia\",\"url\":\"https:\/\/zepestonia.com\/en\/\",\"logo\":{\"@type\":\"ImageObject\",\"inLanguage\":\"en-US\",\"@id\":\"https:\/\/zepestonia.com\/en\/#\/schema\/logo\/image\/\",\"url\":\"https:\/\/zepestonia.com\/wp-content\/uploads\/2022\/03\/Zep-Logo_png.jpeg\",\"contentUrl\":\"https:\/\/zepestonia.com\/wp-content\/uploads\/2022\/03\/Zep-Logo_png.jpeg\",\"width\":109,\"height\":70,\"caption\":\"Zep Estonia\"},\"image\":{\"@id\":\"https:\/\/zepestonia.com\/en\/#\/schema\/logo\/image\/\"},\"sameAs\":[\"https:\/\/www.facebook.com\/ZepEesti\"]}]}<\/script>\n<!-- \/ Yoast SEO plugin. -->","yoast_head_json":{"title":"DK SAN 1L - Desinfitseeriv puhastusvahend I ZEP Eesti","description":"Kontsentreeritud desinfitseerimisvahend t\u00f6\u00f6riistade, seadmete ja p\u00f5randate puhastamiseks. Puhastab efektiivselt rasvased ja orgaaniliselt m\u00e4\u00e4rdunud pinnad.","robots":{"index":"index","follow":"follow","max-snippet":"max-snippet:-1","max-image-preview":"max-image-preview:large","max-video-preview":"max-video-preview:-1"},"canonical":"https:\/\/zepestonia.com\/en\/toode\/dk-san-1l\/","og_locale":"en_US","og_type":"article","og_title":"DK SAN 1L - Desinfitseeriv puhastusvahend I ZEP Eesti","og_description":"Kontsentreeritud desinfitseerimisvahend t\u00f6\u00f6riistade, seadmete ja p\u00f5randate puhastamiseks. Puhastab efektiivselt rasvased ja orgaaniliselt m\u00e4\u00e4rdunud pinnad.","og_url":"https:\/\/zepestonia.com\/en\/toode\/dk-san-1l\/","og_site_name":"ZEP Eesti I Puhastusvahendid I E-pood","article_publisher":"https:\/\/www.facebook.com\/ZepEesti","article_modified_time":"2025-07-01T00:24:02+00:00","og_image":[{"width":400,"height":600,"url":"https:\/\/zepestonia.com\/wp-content\/uploads\/2022\/02\/DK-SAN-2.png","type":"image\/png"}],"twitter_card":"summary_large_image","schema":{"@context":"https:\/\/schema.org","@graph":[{"@type":"WebPage","@id":"https:\/\/zepestonia.com\/en\/toode\/dk-san-1l\/","url":"https:\/\/zepestonia.com\/en\/toode\/dk-san-1l\/","name":"DK SAN 1L - Desinfitseeriv puhastusvahend I ZEP Eesti","isPartOf":{"@id":"https:\/\/zepestonia.com\/en\/#website"},"primaryImageOfPage":{"@id":"https:\/\/zepestonia.com\/en\/toode\/dk-san-1l\/#primaryimage"},"image":{"@id":"https:\/\/zepestonia.com\/en\/toode\/dk-san-1l\/#primaryimage"},"thumbnailUrl":"https:\/\/zepestonia.com\/wp-content\/uploads\/2022\/02\/DK-SAN-2.png","datePublished":"2021-11-29T19:00:56+00:00","dateModified":"2025-07-01T00:24:02+00:00","description":"Kontsentreeritud desinfitseerimisvahend t\u00f6\u00f6riistade, seadmete ja p\u00f5randate puhastamiseks. Puhastab efektiivselt rasvased ja orgaaniliselt m\u00e4\u00e4rdunud pinnad.","breadcrumb":{"@id":"https:\/\/zepestonia.com\/en\/toode\/dk-san-1l\/#breadcrumb"},"inLanguage":"en-US","potentialAction":[{"@type":"ReadAction","target":["https:\/\/zepestonia.com\/en\/toode\/dk-san-1l\/"]}]},{"@type":"ImageObject","inLanguage":"en-US","@id":"https:\/\/zepestonia.com\/en\/toode\/dk-san-1l\/#primaryimage","url":"https:\/\/zepestonia.com\/wp-content\/uploads\/2022\/02\/DK-SAN-2.png","contentUrl":"https:\/\/zepestonia.com\/wp-content\/uploads\/2022\/02\/DK-SAN-2.png","width":400,"height":600,"caption":"DK-SAN-2"},{"@type":"BreadcrumbList","@id":"https:\/\/zepestonia.com\/en\/toode\/dk-san-1l\/#breadcrumb","itemListElement":[{"@type":"ListItem","position":1,"name":"Home","item":"https:\/\/zepestonia.com\/en\/"},{"@type":"ListItem","position":2,"name":"Shop","item":"https:\/\/zepestonia.com\/en\/?page_id=4643"},{"@type":"ListItem","position":3,"name":"DK SAN 1L &#8211; Desinfitseeriv puhastusvahend"}]},{"@type":"WebSite","@id":"https:\/\/zepestonia.com\/en\/#website","url":"https:\/\/zepestonia.com\/en\/","name":"ZEP Eesti I Puhastusvahendid I E-pood","description":"Pakume puhastus- ja hooldusprobleemidele efektiivseid keskkonnas\u00f5bralikke lahendusi!","publisher":{"@id":"https:\/\/zepestonia.com\/en\/#organization"},"potentialAction":[{"@type":"SearchAction","target":{"@type":"EntryPoint","urlTemplate":"https:\/\/zepestonia.com\/en\/?s={search_term_string}"},"query-input":{"@type":"PropertyValueSpecification","valueRequired":true,"valueName":"search_term_string"}}],"inLanguage":"en-US"},{"@type":"Organization","@id":"https:\/\/zepestonia.com\/en\/#organization","name":"Zep Estonia","url":"https:\/\/zepestonia.com\/en\/","logo":{"@type":"ImageObject","inLanguage":"en-US","@id":"https:\/\/zepestonia.com\/en\/#\/schema\/logo\/image\/","url":"https:\/\/zepestonia.com\/wp-content\/uploads\/2022\/03\/Zep-Logo_png.jpeg","contentUrl":"https:\/\/zepestonia.com\/wp-content\/uploads\/2022\/03\/Zep-Logo_png.jpeg","width":109,"height":70,"caption":"Zep Estonia"},"image":{"@id":"https:\/\/zepestonia.com\/en\/#\/schema\/logo\/image\/"},"sameAs":["https:\/\/www.facebook.com\/ZepEesti"]}]}},"_links":{"self":[{"href":"https:\/\/zepestonia.com\/en\/wp-json\/wp\/v2\/product\/3123","targetHints":{"allow":["GET"]}}],"collection":[{"href":"https:\/\/zepestonia.com\/en\/wp-json\/wp\/v2\/product"}],"about":[{"href":"https:\/\/zepestonia.com\/en\/wp-json\/wp\/v2\/types\/product"}],"replies":[{"embeddable":true,"href":"https:\/\/zepestonia.com\/en\/wp-json\/wp\/v2\/comments?post=3123"}],"version-history":[{"count":2,"href":"https:\/\/zepestonia.com\/en\/wp-json\/wp\/v2\/product\/3123\/revisions"}],"predecessor-version":[{"id":11196,"href":"https:\/\/zepestonia.com\/en\/wp-json\/wp\/v2\/product\/3123\/revisions\/11196"}],"wp:featuredmedia":[{"embeddable":true,"href":"https:\/\/zepestonia.com\/en\/wp-json\/wp\/v2\/media\/4986"}],"wp:attachment":[{"href":"https:\/\/zepestonia.com\/en\/wp-json\/wp\/v2\/media?parent=3123"}],"wp:term":[{"taxonomy":"product_brand","embeddable":true,"href":"https:\/\/zepestonia.com\/en\/wp-json\/wp\/v2\/product_brand?post=3123"},{"taxonomy":"product_cat","embeddable":true,"href":"https:\/\/zepestonia.com\/en\/wp-json\/wp\/v2\/product_cat?post=3123"},{"taxonomy":"product_tag","embeddable":true,"href":"https:\/\/zepestonia.com\/en\/wp-json\/wp\/v2\/product_tag?post=3123"}],"curies":[{"name":"wp","href":"https:\/\/api.w.org\/{rel}","templated":true}]}}