{"id":3122,"date":"2021-11-29T19:00:56","date_gmt":"2021-11-29T19:00:56","guid":{"rendered":"https:\/\/zep.valgekana.ee\/toode\/rust-eraser-eu-1l\/"},"modified":"2025-07-01T00:23:40","modified_gmt":"2025-07-01T00:23:40","slug":"rust-eraser-eu-1l","status":"publish","type":"product","link":"https:\/\/zepestonia.com\/en\/toode\/rust-eraser-eu-1l\/","title":{"rendered":"Rust Eraser EU 1L &#8211; Happevaba rooste eemaldaja"},"content":{"rendered":"<ul>\n<li><span style=\"font-size:14px\"><span class=\"markedContent\" id=\"page3R_mcid52\"><span dir=\"ltr\" role=\"presentation\" style=\"left: 149.04px;top: 873.544px;font-family: sans-serif\">Kasta rasvast puhastatud ese tootesse.<\/span><\/span><\/span><\/li>\n<li><span style=\"font-size:14px\"><span class=\"markedContent\" id=\"page3R_mcid53\"><span dir=\"ltr\" role=\"presentation\" style=\"left: 149.04px;top: 897.744px;font-family: sans-serif\">Lasta seista<\/span><span dir=\"ltr\" role=\"presentation\" style=\"left: 255.833px;top: 897.744px;font-family: sans-serif\">, kuni rooste eemaldub.<\/span><\/span><\/span><\/li>\n<li><span style=\"font-size:14px\"><span class=\"markedContent\" id=\"page3R_mcid54\"><span dir=\"ltr\" role=\"presentation\" style=\"left: 149.04px;top: 922.144px;font-family: sans-serif\">Kasutada kas roostevaba<\/span><span dir=\"ltr\" role=\"presentation\" style=\"left: 374.883px;top: 922.144px;font-family: sans-serif\">&#8211;<\/span><span dir=\"ltr\" role=\"presentation\" style=\"left: 381.543px;top: 922.144px;font-family: sans-serif\"> <\/span><span dir=\"ltr\" role=\"presentation\" style=\"left: 387.083px;top: 922.144px;font-family: sans-serif\">v\u00f5i plastikn\u00f5ud.<\/span><\/span><\/span><\/li>\n<li><span style=\"font-size:14px\"><span class=\"markedContent\" id=\"page3R_mcid55\"><span dir=\"ltr\" role=\"presentation\" style=\"left: 149.04px;top: 946.544px;font-family: sans-serif\">Kuumutamine ei ole vajalik.<\/span><\/span><\/span><\/li>\n<li><span style=\"font-size:14px\"><span class=\"markedContent\"><span dir=\"ltr\" role=\"presentation\" style=\"left: 149.04px;top: 970.944px;font-family: sans-serif\">Pindmine rooste eemaldub u. 30 minutiga; tugeva rooste puhul v\u00f5ib kuluda kuni 4<\/span><span style=\"font-size:14px\"><span class=\"markedContent\" id=\"page3R_mcid56\"><span dir=\"ltr\" role=\"presentation\" style=\"left: 150.04px;top: 993.944px;font-family: sans-serif\">tundi. <\/span><\/span><\/span><\/span><\/span><\/li>\n<li><span style=\"font-size:14px\"><span class=\"markedContent\"><span dir=\"ltr\" role=\"presentation\" style=\"left: 150.04px;top: 993.944px;font-family: sans-serif\">Tugevasti roostetanud esemed v\u00f5ib ligunema j\u00e4tta ka terveks \u00f6\u00f6ks.<\/span><\/span><\/span><\/li>\n<\/ul>\n<p><span style=\"color:#FF0000\"><strong>NB!<\/strong><\/span><\/p>\n<ul>\n<li><span style=\"font-size:14px\"><span class=\"markedContent\" id=\"page3R_mcid57\"><span dir=\"ltr\" role=\"presentation\" style=\"left: 149.04px;top: 1018.14px;font-family: sans-serif\">Mitte<\/span><span dir=\"ltr\" role=\"presentation\" style=\"left: 192.32px;top: 1018.14px;font-family: sans-serif\"> <\/span><span dir=\"ltr\" role=\"presentation\" style=\"left: 198.033px;top: 1018.14px;font-family: sans-serif\">lasta liguneda rohkem kui 24 tundi.<\/span><\/span><\/span><\/li>\n<li><span style=\"font-size:14px\"><span class=\"markedContent\" id=\"page3R_mcid58\"><span dir=\"ltr\" role=\"presentation\" style=\"left: 149.04px;top: 1042.59px;font-family: sans-serif\">P\u00e4rast<\/span><span dir=\"ltr\" role=\"presentation\" style=\"left: 206.94px;top: 1042.59px;font-family: sans-serif\"> <\/span><span dir=\"ltr\" role=\"presentation\" style=\"left: 222.36px;top: 1042.59px;font-family: sans-serif\">rooste<\/span><span dir=\"ltr\" role=\"presentation\" style=\"left: 277.82px;top: 1042.59px;font-family: sans-serif\"> <\/span><span dir=\"ltr\" role=\"presentation\" style=\"left: 293.1px;top: 1042.59px;font-family: sans-serif\">eemaldamist<\/span><span dir=\"ltr\" role=\"presentation\" style=\"left: 406.58px;top: 1042.59px;font-family: sans-serif\"> <\/span><span dir=\"ltr\" role=\"presentation\" style=\"left: 421.76px;top: 1042.59px;font-family: sans-serif\">loputada<\/span><span dir=\"ltr\" role=\"presentation\" style=\"left: 498.44px;top: 1042.59px;font-family: sans-serif\"> <\/span><span dir=\"ltr\" role=\"presentation\" style=\"left: 513.88px;top: 1042.59px;font-family: sans-serif\">korralikult<\/span><span dir=\"ltr\" role=\"presentation\" style=\"left: 599.22px;top: 1042.59px;font-family: sans-serif\"> <\/span><span dir=\"ltr\" role=\"presentation\" style=\"left: 614.6px;top: 1042.59px;font-family: sans-serif\">enne,<\/span><span dir=\"ltr\" role=\"presentation\" style=\"left: 664.7px;top: 1042.59px;font-family: sans-serif\"> <\/span><span dir=\"ltr\" role=\"presentation\" style=\"left: 680.717px;top: 1042.59px;font-family: sans-serif\">kui<\/span><span dir=\"ltr\" role=\"presentation\" style=\"left: 706.137px;top: 1042.59px;font-family: sans-serif\"> <\/span><span dir=\"ltr\" role=\"presentation\" style=\"left: 721.477px;top: 1042.59px;font-family: sans-serif\">ese<\/span><span dir=\"ltr\" role=\"presentation\" style=\"left: 753.577px;top: 1042.59px;font-family: sans-serif\"> <\/span><span dir=\"ltr\" role=\"presentation\" style=\"left: 769.017px;top: 1042.59px;font-family: sans-serif\">v\u00e4rvitakse<\/span><span dir=\"ltr\" role=\"presentation\" style=\"left: 859.097px;top: 1042.59px;font-family: sans-serif\"> <\/span><span dir=\"ltr\" role=\"presentation\" style=\"left: 874.537px;top: 1042.59px;font-family: sans-serif\">v\u00f5i<\/span> <span dir=\"ltr\" role=\"presentation\" style=\"left: 150.04px;top: 1065.59px;font-family: sans-serif\">kaetakse.<\/span><\/span><\/span><\/li>\n<li><span style=\"font-size:14px\"><span class=\"markedContent\" id=\"page3R_mcid59\"><span dir=\"ltr\" role=\"presentation\" style=\"left: 149.04px;top: 1089.99px;font-family: sans-serif\">Et hoida \u00e4ra kiiret roostetamist, v\u00f5ib puhastatud osad hetkeks tootesse kasta ja lasta<\/span> <span dir=\"ltr\" role=\"presentation\" style=\"left: 150.04px;top: 1112.99px;font-family: sans-serif\">\u00e4ra kuivada<\/span><\/span><\/span><\/li>\n<\/ul>\n<p><span style=\"font-size:14px\"><span class=\"markedContent\"><span dir=\"ltr\" role=\"presentation\" style=\"left: 150.04px;top: 1112.99px;font-family: sans-serif\">pH 5,5-6,5<\/span><\/span><\/span><\/p>\n","protected":false},"excerpt":{"rendered":"<p>Uue p\u00f5lvkonna koostisega rooste eemaldaja, mis ei sisalda \u00fchtegi lenduvat hapet.<br \/>\nNeutraalne segu, mis ei lase baas metallil korrosiooni tekitada.<br \/>\nEi aura<br \/>\nT\u00f6\u00f6tab sama kiiresti kui igasugune happeline toode, kuid ei ole m\u00fcrgine.<br \/>\nEemaldab rooste ilma kraapimata.<br \/>\nOhutu nii kasutajale kui materjalile.<br \/>\nEi v\u00f5ta maha v\u00e4rvi ja kroomi ja teisi mitte-oksiidilisi kihte.<br \/>\nKaitse nn. kiire rooste eest<br \/>\nM\u00f5eldud kasutamiseks rauast, terasest, kroomist, vasest ja alumiiniumist t\u00f6\u00f6riistadel, kettidel, ehitusvarustusel ja k\u00f5ikjal, kus esineb rooste probleemi.<\/p>\n","protected":false},"featured_media":4924,"comment_status":"closed","ping_status":"closed","template":"","meta":[],"product_brand":[],"product_cat":[215],"product_tag":[],"class_list":{"0":"post-3122","1":"product","2":"type-product","3":"status-publish","4":"has-post-thumbnail","6":"product_cat-metall","8":"first","9":"instock","10":"taxable","11":"shipping-taxable","12":"purchasable","13":"product-type-simple"},"yoast_head":"<!-- This site is optimized with the Yoast SEO plugin v26.5 - https:\/\/yoast.com\/wordpress\/plugins\/seo\/ -->\n<title>Rust Eraser EU 1L - Happevaba roosteemaldaja I ZEP Eesti<\/title>\n<meta name=\"description\" content=\"Uue p\u00f5lvkonna koostisega rooste eemaldaja, ega sisalda \u00fchtegi lenduvat hapet. Neutraalne segu, mis ei lase baas metallil korrosiooni tekitada. Ohutu kasutada.\" \/>\n<meta name=\"robots\" content=\"index, follow, max-snippet:-1, max-image-preview:large, max-video-preview:-1\" \/>\n<link rel=\"canonical\" href=\"https:\/\/zepestonia.com\/en\/toode\/rust-eraser-eu-1l\/\" \/>\n<meta property=\"og:locale\" content=\"en_US\" \/>\n<meta property=\"og:type\" content=\"article\" \/>\n<meta property=\"og:title\" content=\"Rust Eraser EU 1L - Happevaba roosteemaldaja I ZEP Eesti\" \/>\n<meta property=\"og:description\" content=\"Uue p\u00f5lvkonna koostisega rooste eemaldaja, ega sisalda \u00fchtegi lenduvat hapet. Neutraalne segu, mis ei lase baas metallil korrosiooni tekitada. Ohutu kasutada.\" \/>\n<meta property=\"og:url\" content=\"https:\/\/zepestonia.com\/en\/toode\/rust-eraser-eu-1l\/\" \/>\n<meta property=\"og:site_name\" content=\"ZEP Eesti I Puhastusvahendid I E-pood\" \/>\n<meta property=\"article:publisher\" content=\"https:\/\/www.facebook.com\/ZepEesti\" \/>\n<meta property=\"article:modified_time\" content=\"2025-07-01T00:23:40+00:00\" \/>\n<meta property=\"og:image\" content=\"https:\/\/zepestonia.com\/wp-content\/uploads\/2022\/02\/Rust-Eraser-EU-2.png\" \/>\n\t<meta property=\"og:image:width\" content=\"321\" \/>\n\t<meta property=\"og:image:height\" content=\"482\" \/>\n\t<meta property=\"og:image:type\" content=\"image\/png\" \/>\n<meta name=\"twitter:card\" content=\"summary_large_image\" \/>\n<script type=\"application\/ld+json\" class=\"yoast-schema-graph\">{\"@context\":\"https:\/\/schema.org\",\"@graph\":[{\"@type\":\"WebPage\",\"@id\":\"https:\/\/zepestonia.com\/en\/toode\/rust-eraser-eu-1l\/\",\"url\":\"https:\/\/zepestonia.com\/en\/toode\/rust-eraser-eu-1l\/\",\"name\":\"Rust Eraser EU 1L - Happevaba roosteemaldaja I ZEP Eesti\",\"isPartOf\":{\"@id\":\"https:\/\/zepestonia.com\/en\/#website\"},\"primaryImageOfPage\":{\"@id\":\"https:\/\/zepestonia.com\/en\/toode\/rust-eraser-eu-1l\/#primaryimage\"},\"image\":{\"@id\":\"https:\/\/zepestonia.com\/en\/toode\/rust-eraser-eu-1l\/#primaryimage\"},\"thumbnailUrl\":\"https:\/\/zepestonia.com\/wp-content\/uploads\/2022\/02\/Rust-Eraser-EU-2.png\",\"datePublished\":\"2021-11-29T19:00:56+00:00\",\"dateModified\":\"2025-07-01T00:23:40+00:00\",\"description\":\"Uue p\u00f5lvkonna koostisega rooste eemaldaja, ega sisalda \u00fchtegi lenduvat hapet. Neutraalne segu, mis ei lase baas metallil korrosiooni tekitada. Ohutu kasutada.\",\"breadcrumb\":{\"@id\":\"https:\/\/zepestonia.com\/en\/toode\/rust-eraser-eu-1l\/#breadcrumb\"},\"inLanguage\":\"en-US\",\"potentialAction\":[{\"@type\":\"ReadAction\",\"target\":[\"https:\/\/zepestonia.com\/en\/toode\/rust-eraser-eu-1l\/\"]}]},{\"@type\":\"ImageObject\",\"inLanguage\":\"en-US\",\"@id\":\"https:\/\/zepestonia.com\/en\/toode\/rust-eraser-eu-1l\/#primaryimage\",\"url\":\"https:\/\/zepestonia.com\/wp-content\/uploads\/2022\/02\/Rust-Eraser-EU-2.png\",\"contentUrl\":\"https:\/\/zepestonia.com\/wp-content\/uploads\/2022\/02\/Rust-Eraser-EU-2.png\",\"width\":321,\"height\":482,\"caption\":\"Rust-Eraser-EU-2\"},{\"@type\":\"BreadcrumbList\",\"@id\":\"https:\/\/zepestonia.com\/en\/toode\/rust-eraser-eu-1l\/#breadcrumb\",\"itemListElement\":[{\"@type\":\"ListItem\",\"position\":1,\"name\":\"Home\",\"item\":\"https:\/\/zepestonia.com\/en\/\"},{\"@type\":\"ListItem\",\"position\":2,\"name\":\"Shop\",\"item\":\"https:\/\/zepestonia.com\/en\/?page_id=4643\"},{\"@type\":\"ListItem\",\"position\":3,\"name\":\"Rust Eraser EU 1L &#8211; Happevaba rooste eemaldaja\"}]},{\"@type\":\"WebSite\",\"@id\":\"https:\/\/zepestonia.com\/en\/#website\",\"url\":\"https:\/\/zepestonia.com\/en\/\",\"name\":\"ZEP Eesti I Puhastusvahendid I E-pood\",\"description\":\"Pakume puhastus- ja hooldusprobleemidele efektiivseid keskkonnas\u00f5bralikke lahendusi!\",\"publisher\":{\"@id\":\"https:\/\/zepestonia.com\/en\/#organization\"},\"potentialAction\":[{\"@type\":\"SearchAction\",\"target\":{\"@type\":\"EntryPoint\",\"urlTemplate\":\"https:\/\/zepestonia.com\/en\/?s={search_term_string}\"},\"query-input\":{\"@type\":\"PropertyValueSpecification\",\"valueRequired\":true,\"valueName\":\"search_term_string\"}}],\"inLanguage\":\"en-US\"},{\"@type\":\"Organization\",\"@id\":\"https:\/\/zepestonia.com\/en\/#organization\",\"name\":\"Zep Estonia\",\"url\":\"https:\/\/zepestonia.com\/en\/\",\"logo\":{\"@type\":\"ImageObject\",\"inLanguage\":\"en-US\",\"@id\":\"https:\/\/zepestonia.com\/en\/#\/schema\/logo\/image\/\",\"url\":\"https:\/\/zepestonia.com\/wp-content\/uploads\/2022\/03\/Zep-Logo_png.jpeg\",\"contentUrl\":\"https:\/\/zepestonia.com\/wp-content\/uploads\/2022\/03\/Zep-Logo_png.jpeg\",\"width\":109,\"height\":70,\"caption\":\"Zep Estonia\"},\"image\":{\"@id\":\"https:\/\/zepestonia.com\/en\/#\/schema\/logo\/image\/\"},\"sameAs\":[\"https:\/\/www.facebook.com\/ZepEesti\"]}]}<\/script>\n<!-- \/ Yoast SEO plugin. -->","yoast_head_json":{"title":"Rust Eraser EU 1L - Happevaba roosteemaldaja I ZEP Eesti","description":"Uue p\u00f5lvkonna koostisega rooste eemaldaja, ega sisalda \u00fchtegi lenduvat hapet. Neutraalne segu, mis ei lase baas metallil korrosiooni tekitada. Ohutu kasutada.","robots":{"index":"index","follow":"follow","max-snippet":"max-snippet:-1","max-image-preview":"max-image-preview:large","max-video-preview":"max-video-preview:-1"},"canonical":"https:\/\/zepestonia.com\/en\/toode\/rust-eraser-eu-1l\/","og_locale":"en_US","og_type":"article","og_title":"Rust Eraser EU 1L - Happevaba roosteemaldaja I ZEP Eesti","og_description":"Uue p\u00f5lvkonna koostisega rooste eemaldaja, ega sisalda \u00fchtegi lenduvat hapet. Neutraalne segu, mis ei lase baas metallil korrosiooni tekitada. Ohutu kasutada.","og_url":"https:\/\/zepestonia.com\/en\/toode\/rust-eraser-eu-1l\/","og_site_name":"ZEP Eesti I Puhastusvahendid I E-pood","article_publisher":"https:\/\/www.facebook.com\/ZepEesti","article_modified_time":"2025-07-01T00:23:40+00:00","og_image":[{"width":321,"height":482,"url":"https:\/\/zepestonia.com\/wp-content\/uploads\/2022\/02\/Rust-Eraser-EU-2.png","type":"image\/png"}],"twitter_card":"summary_large_image","schema":{"@context":"https:\/\/schema.org","@graph":[{"@type":"WebPage","@id":"https:\/\/zepestonia.com\/en\/toode\/rust-eraser-eu-1l\/","url":"https:\/\/zepestonia.com\/en\/toode\/rust-eraser-eu-1l\/","name":"Rust Eraser EU 1L - Happevaba roosteemaldaja I ZEP Eesti","isPartOf":{"@id":"https:\/\/zepestonia.com\/en\/#website"},"primaryImageOfPage":{"@id":"https:\/\/zepestonia.com\/en\/toode\/rust-eraser-eu-1l\/#primaryimage"},"image":{"@id":"https:\/\/zepestonia.com\/en\/toode\/rust-eraser-eu-1l\/#primaryimage"},"thumbnailUrl":"https:\/\/zepestonia.com\/wp-content\/uploads\/2022\/02\/Rust-Eraser-EU-2.png","datePublished":"2021-11-29T19:00:56+00:00","dateModified":"2025-07-01T00:23:40+00:00","description":"Uue p\u00f5lvkonna koostisega rooste eemaldaja, ega sisalda \u00fchtegi lenduvat hapet. Neutraalne segu, mis ei lase baas metallil korrosiooni tekitada. Ohutu kasutada.","breadcrumb":{"@id":"https:\/\/zepestonia.com\/en\/toode\/rust-eraser-eu-1l\/#breadcrumb"},"inLanguage":"en-US","potentialAction":[{"@type":"ReadAction","target":["https:\/\/zepestonia.com\/en\/toode\/rust-eraser-eu-1l\/"]}]},{"@type":"ImageObject","inLanguage":"en-US","@id":"https:\/\/zepestonia.com\/en\/toode\/rust-eraser-eu-1l\/#primaryimage","url":"https:\/\/zepestonia.com\/wp-content\/uploads\/2022\/02\/Rust-Eraser-EU-2.png","contentUrl":"https:\/\/zepestonia.com\/wp-content\/uploads\/2022\/02\/Rust-Eraser-EU-2.png","width":321,"height":482,"caption":"Rust-Eraser-EU-2"},{"@type":"BreadcrumbList","@id":"https:\/\/zepestonia.com\/en\/toode\/rust-eraser-eu-1l\/#breadcrumb","itemListElement":[{"@type":"ListItem","position":1,"name":"Home","item":"https:\/\/zepestonia.com\/en\/"},{"@type":"ListItem","position":2,"name":"Shop","item":"https:\/\/zepestonia.com\/en\/?page_id=4643"},{"@type":"ListItem","position":3,"name":"Rust Eraser EU 1L &#8211; Happevaba rooste eemaldaja"}]},{"@type":"WebSite","@id":"https:\/\/zepestonia.com\/en\/#website","url":"https:\/\/zepestonia.com\/en\/","name":"ZEP Eesti I Puhastusvahendid I E-pood","description":"Pakume puhastus- ja hooldusprobleemidele efektiivseid keskkonnas\u00f5bralikke lahendusi!","publisher":{"@id":"https:\/\/zepestonia.com\/en\/#organization"},"potentialAction":[{"@type":"SearchAction","target":{"@type":"EntryPoint","urlTemplate":"https:\/\/zepestonia.com\/en\/?s={search_term_string}"},"query-input":{"@type":"PropertyValueSpecification","valueRequired":true,"valueName":"search_term_string"}}],"inLanguage":"en-US"},{"@type":"Organization","@id":"https:\/\/zepestonia.com\/en\/#organization","name":"Zep Estonia","url":"https:\/\/zepestonia.com\/en\/","logo":{"@type":"ImageObject","inLanguage":"en-US","@id":"https:\/\/zepestonia.com\/en\/#\/schema\/logo\/image\/","url":"https:\/\/zepestonia.com\/wp-content\/uploads\/2022\/03\/Zep-Logo_png.jpeg","contentUrl":"https:\/\/zepestonia.com\/wp-content\/uploads\/2022\/03\/Zep-Logo_png.jpeg","width":109,"height":70,"caption":"Zep Estonia"},"image":{"@id":"https:\/\/zepestonia.com\/en\/#\/schema\/logo\/image\/"},"sameAs":["https:\/\/www.facebook.com\/ZepEesti"]}]}},"_links":{"self":[{"href":"https:\/\/zepestonia.com\/en\/wp-json\/wp\/v2\/product\/3122","targetHints":{"allow":["GET"]}}],"collection":[{"href":"https:\/\/zepestonia.com\/en\/wp-json\/wp\/v2\/product"}],"about":[{"href":"https:\/\/zepestonia.com\/en\/wp-json\/wp\/v2\/types\/product"}],"replies":[{"embeddable":true,"href":"https:\/\/zepestonia.com\/en\/wp-json\/wp\/v2\/comments?post=3122"}],"version-history":[{"count":2,"href":"https:\/\/zepestonia.com\/en\/wp-json\/wp\/v2\/product\/3122\/revisions"}],"predecessor-version":[{"id":11253,"href":"https:\/\/zepestonia.com\/en\/wp-json\/wp\/v2\/product\/3122\/revisions\/11253"}],"wp:featuredmedia":[{"embeddable":true,"href":"https:\/\/zepestonia.com\/en\/wp-json\/wp\/v2\/media\/4924"}],"wp:attachment":[{"href":"https:\/\/zepestonia.com\/en\/wp-json\/wp\/v2\/media?parent=3122"}],"wp:term":[{"taxonomy":"product_brand","embeddable":true,"href":"https:\/\/zepestonia.com\/en\/wp-json\/wp\/v2\/product_brand?post=3122"},{"taxonomy":"product_cat","embeddable":true,"href":"https:\/\/zepestonia.com\/en\/wp-json\/wp\/v2\/product_cat?post=3122"},{"taxonomy":"product_tag","embeddable":true,"href":"https:\/\/zepestonia.com\/en\/wp-json\/wp\/v2\/product_tag?post=3122"}],"curies":[{"name":"wp","href":"https:\/\/api.w.org\/{rel}","templated":true}]}}