{"id":3119,"date":"2021-11-29T19:00:55","date_gmt":"2021-11-29T19:00:55","guid":{"rendered":"https:\/\/zep.valgekana.ee\/toode\/curve-mango\/"},"modified":"2026-02-02T00:00:07","modified_gmt":"2026-02-02T00:00:07","slug":"curve-mango","status":"publish","type":"product","link":"https:\/\/zepestonia.com\/en\/toode\/curve-mango\/","title":{"rendered":"Curve &#8211; Mango &#8211; \u00d5huv\u00e4rskendaja"},"content":{"rendered":"<ul>\n<li>Kollakat v\u00e4rvi<\/li>\n<li>Mango l\u00f5hnaga<\/li>\n<li>Enne kinnitamist eemaldada n\u00e4dala ja kuu markerid<\/li>\n<li>Kinnitatav pinnale kahepoolse teibiga v\u00f5i kruviga<\/li>\n<li>100% taaskasutatav<\/li>\n<\/ul>\n","protected":false},"excerpt":{"rendered":"<p>Sisaldab 50 korda rohkem l\u00f5hnaaineid kui standardne \u00f5huv\u00e4rskendaja ja seet\u00f5ttu kestab v\u00e4hemalt 30 p\u00e4eva.<br \/>\nLisaks on l\u00f5hnaelemendile lisatud meeldetuletamise v\u00f5imalus, millal tuleks see asendada, et tagada regulaarne \u00f5huv\u00e4rskendus.<br \/>\nOhutu ja efektiivne toode ja kuulub maailma ainsasse suletud ahelaga \u00f5huv\u00e4rskendajate ringlussev\u00f5tu programmi.<\/p>\n","protected":false},"featured_media":3875,"comment_status":"closed","ping_status":"closed","template":"","meta":[],"product_brand":[],"product_cat":[195],"product_tag":[],"class_list":{"0":"post-3119","1":"product","2":"type-product","3":"status-publish","4":"has-post-thumbnail","6":"product_cat-hooldus","8":"first","9":"instock","10":"taxable","11":"shipping-taxable","12":"purchasable","13":"product-type-simple"},"yoast_head":"<!-- This site is optimized with the Yoast SEO plugin v26.5 - https:\/\/yoast.com\/wordpress\/plugins\/seo\/ -->\n<title>Curve - Mango - \u00d5huv\u00e4rskendaja, 100% taaskasutatav I ZEP Eesti<\/title>\n<meta name=\"description\" content=\"\u00d5huv\u00e4rskendaja sisaldab 50 korda rohkem l\u00f5hnaaineid kui standardne \u00f5huv\u00e4rskendaja ja seet\u00f5ttu kestab v\u00e4hemalt 30 p\u00e4eva. Antud toode on ohutu ja efektiivne.\" \/>\n<meta name=\"robots\" content=\"index, follow, max-snippet:-1, max-image-preview:large, max-video-preview:-1\" \/>\n<link rel=\"canonical\" href=\"https:\/\/zepestonia.com\/en\/toode\/curve-mango\/\" \/>\n<meta property=\"og:locale\" content=\"en_US\" \/>\n<meta property=\"og:type\" content=\"article\" \/>\n<meta property=\"og:title\" content=\"Curve - Mango - \u00d5huv\u00e4rskendaja, 100% taaskasutatav I ZEP Eesti\" \/>\n<meta property=\"og:description\" content=\"\u00d5huv\u00e4rskendaja sisaldab 50 korda rohkem l\u00f5hnaaineid kui standardne \u00f5huv\u00e4rskendaja ja seet\u00f5ttu kestab v\u00e4hemalt 30 p\u00e4eva. Antud toode on ohutu ja efektiivne.\" \/>\n<meta property=\"og:url\" content=\"https:\/\/zepestonia.com\/en\/toode\/curve-mango\/\" \/>\n<meta property=\"og:site_name\" content=\"ZEP Eesti I Puhastusvahendid I E-pood\" \/>\n<meta property=\"article:publisher\" content=\"https:\/\/www.facebook.com\/ZepEesti\" \/>\n<meta property=\"article:modified_time\" content=\"2026-02-02T00:00:07+00:00\" \/>\n<meta property=\"og:image\" content=\"https:\/\/zepestonia.com\/wp-content\/uploads\/2021\/12\/587-60e8fb7f4b1ae4-27745323-CURVE.png\" \/>\n\t<meta property=\"og:image:width\" content=\"400\" \/>\n\t<meta property=\"og:image:height\" content=\"600\" \/>\n\t<meta property=\"og:image:type\" content=\"image\/png\" \/>\n<meta name=\"twitter:card\" content=\"summary_large_image\" \/>\n<script type=\"application\/ld+json\" class=\"yoast-schema-graph\">{\"@context\":\"https:\/\/schema.org\",\"@graph\":[{\"@type\":\"WebPage\",\"@id\":\"https:\/\/zepestonia.com\/en\/toode\/curve-mango\/\",\"url\":\"https:\/\/zepestonia.com\/en\/toode\/curve-mango\/\",\"name\":\"Curve - Mango - \u00d5huv\u00e4rskendaja, 100% taaskasutatav I ZEP Eesti\",\"isPartOf\":{\"@id\":\"https:\/\/zepestonia.com\/en\/#website\"},\"primaryImageOfPage\":{\"@id\":\"https:\/\/zepestonia.com\/en\/toode\/curve-mango\/#primaryimage\"},\"image\":{\"@id\":\"https:\/\/zepestonia.com\/en\/toode\/curve-mango\/#primaryimage\"},\"thumbnailUrl\":\"https:\/\/zepestonia.com\/wp-content\/uploads\/2021\/12\/587-60e8fb7f4b1ae4-27745323-CURVE.png\",\"datePublished\":\"2021-11-29T19:00:55+00:00\",\"dateModified\":\"2026-02-02T00:00:07+00:00\",\"description\":\"\u00d5huv\u00e4rskendaja sisaldab 50 korda rohkem l\u00f5hnaaineid kui standardne \u00f5huv\u00e4rskendaja ja seet\u00f5ttu kestab v\u00e4hemalt 30 p\u00e4eva. Antud toode on ohutu ja efektiivne.\",\"breadcrumb\":{\"@id\":\"https:\/\/zepestonia.com\/en\/toode\/curve-mango\/#breadcrumb\"},\"inLanguage\":\"en-US\",\"potentialAction\":[{\"@type\":\"ReadAction\",\"target\":[\"https:\/\/zepestonia.com\/en\/toode\/curve-mango\/\"]}]},{\"@type\":\"ImageObject\",\"inLanguage\":\"en-US\",\"@id\":\"https:\/\/zepestonia.com\/en\/toode\/curve-mango\/#primaryimage\",\"url\":\"https:\/\/zepestonia.com\/wp-content\/uploads\/2021\/12\/587-60e8fb7f4b1ae4-27745323-CURVE.png\",\"contentUrl\":\"https:\/\/zepestonia.com\/wp-content\/uploads\/2021\/12\/587-60e8fb7f4b1ae4-27745323-CURVE.png\",\"width\":400,\"height\":600,\"caption\":\"587-60e8fb7f4b1ae4-27745323-CURVE\"},{\"@type\":\"BreadcrumbList\",\"@id\":\"https:\/\/zepestonia.com\/en\/toode\/curve-mango\/#breadcrumb\",\"itemListElement\":[{\"@type\":\"ListItem\",\"position\":1,\"name\":\"Home\",\"item\":\"https:\/\/zepestonia.com\/en\/\"},{\"@type\":\"ListItem\",\"position\":2,\"name\":\"Shop\",\"item\":\"https:\/\/zepestonia.com\/en\/?page_id=4643\"},{\"@type\":\"ListItem\",\"position\":3,\"name\":\"Curve &#8211; Mango &#8211; \u00d5huv\u00e4rskendaja\"}]},{\"@type\":\"WebSite\",\"@id\":\"https:\/\/zepestonia.com\/en\/#website\",\"url\":\"https:\/\/zepestonia.com\/en\/\",\"name\":\"ZEP Eesti I Puhastusvahendid I E-pood\",\"description\":\"Pakume puhastus- ja hooldusprobleemidele efektiivseid keskkonnas\u00f5bralikke lahendusi!\",\"publisher\":{\"@id\":\"https:\/\/zepestonia.com\/en\/#organization\"},\"potentialAction\":[{\"@type\":\"SearchAction\",\"target\":{\"@type\":\"EntryPoint\",\"urlTemplate\":\"https:\/\/zepestonia.com\/en\/?s={search_term_string}\"},\"query-input\":{\"@type\":\"PropertyValueSpecification\",\"valueRequired\":true,\"valueName\":\"search_term_string\"}}],\"inLanguage\":\"en-US\"},{\"@type\":\"Organization\",\"@id\":\"https:\/\/zepestonia.com\/en\/#organization\",\"name\":\"Zep Estonia\",\"url\":\"https:\/\/zepestonia.com\/en\/\",\"logo\":{\"@type\":\"ImageObject\",\"inLanguage\":\"en-US\",\"@id\":\"https:\/\/zepestonia.com\/en\/#\/schema\/logo\/image\/\",\"url\":\"https:\/\/zepestonia.com\/wp-content\/uploads\/2022\/03\/Zep-Logo_png.jpeg\",\"contentUrl\":\"https:\/\/zepestonia.com\/wp-content\/uploads\/2022\/03\/Zep-Logo_png.jpeg\",\"width\":109,\"height\":70,\"caption\":\"Zep Estonia\"},\"image\":{\"@id\":\"https:\/\/zepestonia.com\/en\/#\/schema\/logo\/image\/\"},\"sameAs\":[\"https:\/\/www.facebook.com\/ZepEesti\"]}]}<\/script>\n<!-- \/ Yoast SEO plugin. -->","yoast_head_json":{"title":"Curve - Mango - \u00d5huv\u00e4rskendaja, 100% taaskasutatav I ZEP Eesti","description":"\u00d5huv\u00e4rskendaja sisaldab 50 korda rohkem l\u00f5hnaaineid kui standardne \u00f5huv\u00e4rskendaja ja seet\u00f5ttu kestab v\u00e4hemalt 30 p\u00e4eva. Antud toode on ohutu ja efektiivne.","robots":{"index":"index","follow":"follow","max-snippet":"max-snippet:-1","max-image-preview":"max-image-preview:large","max-video-preview":"max-video-preview:-1"},"canonical":"https:\/\/zepestonia.com\/en\/toode\/curve-mango\/","og_locale":"en_US","og_type":"article","og_title":"Curve - Mango - \u00d5huv\u00e4rskendaja, 100% taaskasutatav I ZEP Eesti","og_description":"\u00d5huv\u00e4rskendaja sisaldab 50 korda rohkem l\u00f5hnaaineid kui standardne \u00f5huv\u00e4rskendaja ja seet\u00f5ttu kestab v\u00e4hemalt 30 p\u00e4eva. Antud toode on ohutu ja efektiivne.","og_url":"https:\/\/zepestonia.com\/en\/toode\/curve-mango\/","og_site_name":"ZEP Eesti I Puhastusvahendid I E-pood","article_publisher":"https:\/\/www.facebook.com\/ZepEesti","article_modified_time":"2026-02-02T00:00:07+00:00","og_image":[{"width":400,"height":600,"url":"https:\/\/zepestonia.com\/wp-content\/uploads\/2021\/12\/587-60e8fb7f4b1ae4-27745323-CURVE.png","type":"image\/png"}],"twitter_card":"summary_large_image","schema":{"@context":"https:\/\/schema.org","@graph":[{"@type":"WebPage","@id":"https:\/\/zepestonia.com\/en\/toode\/curve-mango\/","url":"https:\/\/zepestonia.com\/en\/toode\/curve-mango\/","name":"Curve - Mango - \u00d5huv\u00e4rskendaja, 100% taaskasutatav I ZEP Eesti","isPartOf":{"@id":"https:\/\/zepestonia.com\/en\/#website"},"primaryImageOfPage":{"@id":"https:\/\/zepestonia.com\/en\/toode\/curve-mango\/#primaryimage"},"image":{"@id":"https:\/\/zepestonia.com\/en\/toode\/curve-mango\/#primaryimage"},"thumbnailUrl":"https:\/\/zepestonia.com\/wp-content\/uploads\/2021\/12\/587-60e8fb7f4b1ae4-27745323-CURVE.png","datePublished":"2021-11-29T19:00:55+00:00","dateModified":"2026-02-02T00:00:07+00:00","description":"\u00d5huv\u00e4rskendaja sisaldab 50 korda rohkem l\u00f5hnaaineid kui standardne \u00f5huv\u00e4rskendaja ja seet\u00f5ttu kestab v\u00e4hemalt 30 p\u00e4eva. Antud toode on ohutu ja efektiivne.","breadcrumb":{"@id":"https:\/\/zepestonia.com\/en\/toode\/curve-mango\/#breadcrumb"},"inLanguage":"en-US","potentialAction":[{"@type":"ReadAction","target":["https:\/\/zepestonia.com\/en\/toode\/curve-mango\/"]}]},{"@type":"ImageObject","inLanguage":"en-US","@id":"https:\/\/zepestonia.com\/en\/toode\/curve-mango\/#primaryimage","url":"https:\/\/zepestonia.com\/wp-content\/uploads\/2021\/12\/587-60e8fb7f4b1ae4-27745323-CURVE.png","contentUrl":"https:\/\/zepestonia.com\/wp-content\/uploads\/2021\/12\/587-60e8fb7f4b1ae4-27745323-CURVE.png","width":400,"height":600,"caption":"587-60e8fb7f4b1ae4-27745323-CURVE"},{"@type":"BreadcrumbList","@id":"https:\/\/zepestonia.com\/en\/toode\/curve-mango\/#breadcrumb","itemListElement":[{"@type":"ListItem","position":1,"name":"Home","item":"https:\/\/zepestonia.com\/en\/"},{"@type":"ListItem","position":2,"name":"Shop","item":"https:\/\/zepestonia.com\/en\/?page_id=4643"},{"@type":"ListItem","position":3,"name":"Curve &#8211; Mango &#8211; \u00d5huv\u00e4rskendaja"}]},{"@type":"WebSite","@id":"https:\/\/zepestonia.com\/en\/#website","url":"https:\/\/zepestonia.com\/en\/","name":"ZEP Eesti I Puhastusvahendid I E-pood","description":"Pakume puhastus- ja hooldusprobleemidele efektiivseid keskkonnas\u00f5bralikke lahendusi!","publisher":{"@id":"https:\/\/zepestonia.com\/en\/#organization"},"potentialAction":[{"@type":"SearchAction","target":{"@type":"EntryPoint","urlTemplate":"https:\/\/zepestonia.com\/en\/?s={search_term_string}"},"query-input":{"@type":"PropertyValueSpecification","valueRequired":true,"valueName":"search_term_string"}}],"inLanguage":"en-US"},{"@type":"Organization","@id":"https:\/\/zepestonia.com\/en\/#organization","name":"Zep Estonia","url":"https:\/\/zepestonia.com\/en\/","logo":{"@type":"ImageObject","inLanguage":"en-US","@id":"https:\/\/zepestonia.com\/en\/#\/schema\/logo\/image\/","url":"https:\/\/zepestonia.com\/wp-content\/uploads\/2022\/03\/Zep-Logo_png.jpeg","contentUrl":"https:\/\/zepestonia.com\/wp-content\/uploads\/2022\/03\/Zep-Logo_png.jpeg","width":109,"height":70,"caption":"Zep Estonia"},"image":{"@id":"https:\/\/zepestonia.com\/en\/#\/schema\/logo\/image\/"},"sameAs":["https:\/\/www.facebook.com\/ZepEesti"]}]}},"_links":{"self":[{"href":"https:\/\/zepestonia.com\/en\/wp-json\/wp\/v2\/product\/3119","targetHints":{"allow":["GET"]}}],"collection":[{"href":"https:\/\/zepestonia.com\/en\/wp-json\/wp\/v2\/product"}],"about":[{"href":"https:\/\/zepestonia.com\/en\/wp-json\/wp\/v2\/types\/product"}],"replies":[{"embeddable":true,"href":"https:\/\/zepestonia.com\/en\/wp-json\/wp\/v2\/comments?post=3119"}],"version-history":[{"count":1,"href":"https:\/\/zepestonia.com\/en\/wp-json\/wp\/v2\/product\/3119\/revisions"}],"predecessor-version":[{"id":12305,"href":"https:\/\/zepestonia.com\/en\/wp-json\/wp\/v2\/product\/3119\/revisions\/12305"}],"wp:featuredmedia":[{"embeddable":true,"href":"https:\/\/zepestonia.com\/en\/wp-json\/wp\/v2\/media\/3875"}],"wp:attachment":[{"href":"https:\/\/zepestonia.com\/en\/wp-json\/wp\/v2\/media?parent=3119"}],"wp:term":[{"taxonomy":"product_brand","embeddable":true,"href":"https:\/\/zepestonia.com\/en\/wp-json\/wp\/v2\/product_brand?post=3119"},{"taxonomy":"product_cat","embeddable":true,"href":"https:\/\/zepestonia.com\/en\/wp-json\/wp\/v2\/product_cat?post=3119"},{"taxonomy":"product_tag","embeddable":true,"href":"https:\/\/zepestonia.com\/en\/wp-json\/wp\/v2\/product_tag?post=3119"}],"curies":[{"name":"wp","href":"https:\/\/api.w.org\/{rel}","templated":true}]}}