{"id":3118,"date":"2021-11-29T19:00:55","date_gmt":"2021-11-29T19:00:55","guid":{"rendered":"https:\/\/zep.valgekana.ee\/toode\/biocontrol-pool-aq-1120-5l\/"},"modified":"2025-07-01T00:24:06","modified_gmt":"2025-07-01T00:24:06","slug":"biocontrol-pool-aq-1120-5l","status":"publish","type":"product","link":"https:\/\/zepestonia.com\/en\/toode\/biocontrol-pool-aq-1120-5l\/","title":{"rendered":"Biocontrol Pool 5L &#8211; V\u00e4libasseini- ja t\u00fcnnisauna vee hooldaja"},"content":{"rendered":"<p><strong>Hallituse eemaldamine: <\/strong><\/p>\n<ul>\n<li>Valmistada lahus 1:1.<\/li>\n<li>Piserdada puhastatavale pinnale ja lasta kuivada.<\/li>\n<\/ul>\n<p><strong>Vees\u00fcsteemi hooldus basseinides, t\u00fcnnisaunades: <\/strong><\/p>\n<ul>\n<li>Esimeseks hoolduseks lisada 1 L ainet iga 10 000 L basseinivee kohta. &nbsp;<\/li>\n<li>J\u00e4relhoolduseks lisada 1 L kemikaali iga 50 000 L vee kohta.<\/li>\n<li>Korrata protseduuri iga 5-6 p\u00e4eva tagant.<\/li>\n<li>K\u00f5rghooajal suurendada doosi 25% v\u00f5rra, et kontrollida vetikate kasvu.<\/li>\n<\/ul>\n<p><strong>Vent.s\u00fcsteemide desinfitseerimine: <\/strong><\/p>\n<ul>\n<li>Valmistada vesilahus 1:200 ja pritsida lahust t\u00f6\u00f6deldavatele pindadele.<\/li>\n<li>Mitte loputada.<\/li>\n<\/ul>\n<p><strong style=\"font-size: 15px;font-style: normal;letter-spacing: normal;text-align: start;text-indent: 0px;text-transform: none\">Kasutades toodet mitteotstarbelise puhastajana:<\/strong><\/p>\n<ul>\n<li>Valmistada vesilahus 1:200 ja pritsida lahust t\u00f6\u00f6deldavatele pindadele.<\/li>\n<li>Mitte loputada.<\/li>\n<\/ul>\n","protected":false},"excerpt":{"rendered":"<p>Efektiivne hooldusvahend, mis sobib kasutamiseks basseini ja t\u00fcnnisaunade vees, ning ventilatsioonis\u00fcsteemides.<br \/>\nTakistab hallituse ja ebameeldivate l\u00f5hnade tekkimist (sobib kasutamiseks toiduainetet\u00f6\u00f6stuses).<\/p>\n","protected":false},"featured_media":9986,"comment_status":"closed","ping_status":"closed","template":"","meta":[],"product_brand":[],"product_cat":[220],"product_tag":[],"class_list":{"0":"post-3118","1":"product","2":"type-product","3":"status-publish","4":"has-post-thumbnail","6":"product_cat-tarbevesi","8":"first","9":"instock","10":"taxable","11":"shipping-taxable","12":"purchasable","13":"product-type-simple"},"yoast_head":"<!-- This site is optimized with the Yoast SEO plugin v26.5 - https:\/\/yoast.com\/wordpress\/plugins\/seo\/ -->\n<title>Biocontrol Pool 5L-Basseinivee ja k\u00f5vade pindade puhastaja I ZEP Eesti<\/title>\n<meta name=\"description\" content=\"Hooldusvahend, mis sobib kasutamiseks basseini ja t\u00fcnnisaunade vees ning ventilatsioonis\u00fcsteemides. Takistab hallituse ning ebameeldivate l\u00f5hnade tekkimist.\" \/>\n<meta name=\"robots\" content=\"index, follow, max-snippet:-1, max-image-preview:large, max-video-preview:-1\" \/>\n<link rel=\"canonical\" href=\"https:\/\/zepestonia.com\/en\/toode\/biocontrol-pool-aq-1120-5l\/\" \/>\n<meta property=\"og:locale\" content=\"en_US\" \/>\n<meta property=\"og:type\" content=\"article\" \/>\n<meta property=\"og:title\" content=\"Biocontrol Pool 5L-Basseinivee ja k\u00f5vade pindade puhastaja I ZEP Eesti\" \/>\n<meta property=\"og:description\" content=\"Hooldusvahend, mis sobib kasutamiseks basseini ja t\u00fcnnisaunade vees ning ventilatsioonis\u00fcsteemides. Takistab hallituse ning ebameeldivate l\u00f5hnade tekkimist.\" \/>\n<meta property=\"og:url\" content=\"https:\/\/zepestonia.com\/en\/toode\/biocontrol-pool-aq-1120-5l\/\" \/>\n<meta property=\"og:site_name\" content=\"ZEP Eesti I Puhastusvahendid I E-pood\" \/>\n<meta property=\"article:publisher\" content=\"https:\/\/www.facebook.com\/ZepEesti\" \/>\n<meta property=\"article:modified_time\" content=\"2025-07-01T00:24:06+00:00\" \/>\n<meta property=\"og:image\" content=\"https:\/\/zepestonia.com\/wp-content\/uploads\/2022\/07\/BIOCONTROL-POOL-2.png\" \/>\n\t<meta property=\"og:image:width\" content=\"200\" \/>\n\t<meta property=\"og:image:height\" content=\"300\" \/>\n\t<meta property=\"og:image:type\" content=\"image\/png\" \/>\n<meta name=\"twitter:card\" content=\"summary_large_image\" \/>\n<script type=\"application\/ld+json\" class=\"yoast-schema-graph\">{\"@context\":\"https:\/\/schema.org\",\"@graph\":[{\"@type\":\"WebPage\",\"@id\":\"https:\/\/zepestonia.com\/en\/toode\/biocontrol-pool-aq-1120-5l\/\",\"url\":\"https:\/\/zepestonia.com\/en\/toode\/biocontrol-pool-aq-1120-5l\/\",\"name\":\"Biocontrol Pool 5L-Basseinivee ja k\u00f5vade pindade puhastaja I ZEP Eesti\",\"isPartOf\":{\"@id\":\"https:\/\/zepestonia.com\/en\/#website\"},\"primaryImageOfPage\":{\"@id\":\"https:\/\/zepestonia.com\/en\/toode\/biocontrol-pool-aq-1120-5l\/#primaryimage\"},\"image\":{\"@id\":\"https:\/\/zepestonia.com\/en\/toode\/biocontrol-pool-aq-1120-5l\/#primaryimage\"},\"thumbnailUrl\":\"https:\/\/zepestonia.com\/wp-content\/uploads\/2022\/07\/BIOCONTROL-POOL-2.png\",\"datePublished\":\"2021-11-29T19:00:55+00:00\",\"dateModified\":\"2025-07-01T00:24:06+00:00\",\"description\":\"Hooldusvahend, mis sobib kasutamiseks basseini ja t\u00fcnnisaunade vees ning ventilatsioonis\u00fcsteemides. Takistab hallituse ning ebameeldivate l\u00f5hnade tekkimist.\",\"breadcrumb\":{\"@id\":\"https:\/\/zepestonia.com\/en\/toode\/biocontrol-pool-aq-1120-5l\/#breadcrumb\"},\"inLanguage\":\"en-US\",\"potentialAction\":[{\"@type\":\"ReadAction\",\"target\":[\"https:\/\/zepestonia.com\/en\/toode\/biocontrol-pool-aq-1120-5l\/\"]}]},{\"@type\":\"ImageObject\",\"inLanguage\":\"en-US\",\"@id\":\"https:\/\/zepestonia.com\/en\/toode\/biocontrol-pool-aq-1120-5l\/#primaryimage\",\"url\":\"https:\/\/zepestonia.com\/wp-content\/uploads\/2022\/07\/BIOCONTROL-POOL-2.png\",\"contentUrl\":\"https:\/\/zepestonia.com\/wp-content\/uploads\/2022\/07\/BIOCONTROL-POOL-2.png\",\"width\":200,\"height\":300,\"caption\":\"BIOCONTROL-POOL-2\"},{\"@type\":\"BreadcrumbList\",\"@id\":\"https:\/\/zepestonia.com\/en\/toode\/biocontrol-pool-aq-1120-5l\/#breadcrumb\",\"itemListElement\":[{\"@type\":\"ListItem\",\"position\":1,\"name\":\"Home\",\"item\":\"https:\/\/zepestonia.com\/en\/\"},{\"@type\":\"ListItem\",\"position\":2,\"name\":\"Shop\",\"item\":\"https:\/\/zepestonia.com\/en\/?page_id=4643\"},{\"@type\":\"ListItem\",\"position\":3,\"name\":\"Biocontrol Pool 5L &#8211; V\u00e4libasseini- ja t\u00fcnnisauna vee hooldaja\"}]},{\"@type\":\"WebSite\",\"@id\":\"https:\/\/zepestonia.com\/en\/#website\",\"url\":\"https:\/\/zepestonia.com\/en\/\",\"name\":\"ZEP Eesti I Puhastusvahendid I E-pood\",\"description\":\"Pakume puhastus- ja hooldusprobleemidele efektiivseid keskkonnas\u00f5bralikke lahendusi!\",\"publisher\":{\"@id\":\"https:\/\/zepestonia.com\/en\/#organization\"},\"potentialAction\":[{\"@type\":\"SearchAction\",\"target\":{\"@type\":\"EntryPoint\",\"urlTemplate\":\"https:\/\/zepestonia.com\/en\/?s={search_term_string}\"},\"query-input\":{\"@type\":\"PropertyValueSpecification\",\"valueRequired\":true,\"valueName\":\"search_term_string\"}}],\"inLanguage\":\"en-US\"},{\"@type\":\"Organization\",\"@id\":\"https:\/\/zepestonia.com\/en\/#organization\",\"name\":\"Zep Estonia\",\"url\":\"https:\/\/zepestonia.com\/en\/\",\"logo\":{\"@type\":\"ImageObject\",\"inLanguage\":\"en-US\",\"@id\":\"https:\/\/zepestonia.com\/en\/#\/schema\/logo\/image\/\",\"url\":\"https:\/\/zepestonia.com\/wp-content\/uploads\/2022\/03\/Zep-Logo_png.jpeg\",\"contentUrl\":\"https:\/\/zepestonia.com\/wp-content\/uploads\/2022\/03\/Zep-Logo_png.jpeg\",\"width\":109,\"height\":70,\"caption\":\"Zep Estonia\"},\"image\":{\"@id\":\"https:\/\/zepestonia.com\/en\/#\/schema\/logo\/image\/\"},\"sameAs\":[\"https:\/\/www.facebook.com\/ZepEesti\"]}]}<\/script>\n<!-- \/ Yoast SEO plugin. -->","yoast_head_json":{"title":"Biocontrol Pool 5L-Basseinivee ja k\u00f5vade pindade puhastaja I ZEP Eesti","description":"Hooldusvahend, mis sobib kasutamiseks basseini ja t\u00fcnnisaunade vees ning ventilatsioonis\u00fcsteemides. Takistab hallituse ning ebameeldivate l\u00f5hnade tekkimist.","robots":{"index":"index","follow":"follow","max-snippet":"max-snippet:-1","max-image-preview":"max-image-preview:large","max-video-preview":"max-video-preview:-1"},"canonical":"https:\/\/zepestonia.com\/en\/toode\/biocontrol-pool-aq-1120-5l\/","og_locale":"en_US","og_type":"article","og_title":"Biocontrol Pool 5L-Basseinivee ja k\u00f5vade pindade puhastaja I ZEP Eesti","og_description":"Hooldusvahend, mis sobib kasutamiseks basseini ja t\u00fcnnisaunade vees ning ventilatsioonis\u00fcsteemides. Takistab hallituse ning ebameeldivate l\u00f5hnade tekkimist.","og_url":"https:\/\/zepestonia.com\/en\/toode\/biocontrol-pool-aq-1120-5l\/","og_site_name":"ZEP Eesti I Puhastusvahendid I E-pood","article_publisher":"https:\/\/www.facebook.com\/ZepEesti","article_modified_time":"2025-07-01T00:24:06+00:00","og_image":[{"width":200,"height":300,"url":"https:\/\/zepestonia.com\/wp-content\/uploads\/2022\/07\/BIOCONTROL-POOL-2.png","type":"image\/png"}],"twitter_card":"summary_large_image","schema":{"@context":"https:\/\/schema.org","@graph":[{"@type":"WebPage","@id":"https:\/\/zepestonia.com\/en\/toode\/biocontrol-pool-aq-1120-5l\/","url":"https:\/\/zepestonia.com\/en\/toode\/biocontrol-pool-aq-1120-5l\/","name":"Biocontrol Pool 5L-Basseinivee ja k\u00f5vade pindade puhastaja I ZEP Eesti","isPartOf":{"@id":"https:\/\/zepestonia.com\/en\/#website"},"primaryImageOfPage":{"@id":"https:\/\/zepestonia.com\/en\/toode\/biocontrol-pool-aq-1120-5l\/#primaryimage"},"image":{"@id":"https:\/\/zepestonia.com\/en\/toode\/biocontrol-pool-aq-1120-5l\/#primaryimage"},"thumbnailUrl":"https:\/\/zepestonia.com\/wp-content\/uploads\/2022\/07\/BIOCONTROL-POOL-2.png","datePublished":"2021-11-29T19:00:55+00:00","dateModified":"2025-07-01T00:24:06+00:00","description":"Hooldusvahend, mis sobib kasutamiseks basseini ja t\u00fcnnisaunade vees ning ventilatsioonis\u00fcsteemides. Takistab hallituse ning ebameeldivate l\u00f5hnade tekkimist.","breadcrumb":{"@id":"https:\/\/zepestonia.com\/en\/toode\/biocontrol-pool-aq-1120-5l\/#breadcrumb"},"inLanguage":"en-US","potentialAction":[{"@type":"ReadAction","target":["https:\/\/zepestonia.com\/en\/toode\/biocontrol-pool-aq-1120-5l\/"]}]},{"@type":"ImageObject","inLanguage":"en-US","@id":"https:\/\/zepestonia.com\/en\/toode\/biocontrol-pool-aq-1120-5l\/#primaryimage","url":"https:\/\/zepestonia.com\/wp-content\/uploads\/2022\/07\/BIOCONTROL-POOL-2.png","contentUrl":"https:\/\/zepestonia.com\/wp-content\/uploads\/2022\/07\/BIOCONTROL-POOL-2.png","width":200,"height":300,"caption":"BIOCONTROL-POOL-2"},{"@type":"BreadcrumbList","@id":"https:\/\/zepestonia.com\/en\/toode\/biocontrol-pool-aq-1120-5l\/#breadcrumb","itemListElement":[{"@type":"ListItem","position":1,"name":"Home","item":"https:\/\/zepestonia.com\/en\/"},{"@type":"ListItem","position":2,"name":"Shop","item":"https:\/\/zepestonia.com\/en\/?page_id=4643"},{"@type":"ListItem","position":3,"name":"Biocontrol Pool 5L &#8211; V\u00e4libasseini- ja t\u00fcnnisauna vee hooldaja"}]},{"@type":"WebSite","@id":"https:\/\/zepestonia.com\/en\/#website","url":"https:\/\/zepestonia.com\/en\/","name":"ZEP Eesti I Puhastusvahendid I E-pood","description":"Pakume puhastus- ja hooldusprobleemidele efektiivseid keskkonnas\u00f5bralikke lahendusi!","publisher":{"@id":"https:\/\/zepestonia.com\/en\/#organization"},"potentialAction":[{"@type":"SearchAction","target":{"@type":"EntryPoint","urlTemplate":"https:\/\/zepestonia.com\/en\/?s={search_term_string}"},"query-input":{"@type":"PropertyValueSpecification","valueRequired":true,"valueName":"search_term_string"}}],"inLanguage":"en-US"},{"@type":"Organization","@id":"https:\/\/zepestonia.com\/en\/#organization","name":"Zep Estonia","url":"https:\/\/zepestonia.com\/en\/","logo":{"@type":"ImageObject","inLanguage":"en-US","@id":"https:\/\/zepestonia.com\/en\/#\/schema\/logo\/image\/","url":"https:\/\/zepestonia.com\/wp-content\/uploads\/2022\/03\/Zep-Logo_png.jpeg","contentUrl":"https:\/\/zepestonia.com\/wp-content\/uploads\/2022\/03\/Zep-Logo_png.jpeg","width":109,"height":70,"caption":"Zep Estonia"},"image":{"@id":"https:\/\/zepestonia.com\/en\/#\/schema\/logo\/image\/"},"sameAs":["https:\/\/www.facebook.com\/ZepEesti"]}]}},"_links":{"self":[{"href":"https:\/\/zepestonia.com\/en\/wp-json\/wp\/v2\/product\/3118","targetHints":{"allow":["GET"]}}],"collection":[{"href":"https:\/\/zepestonia.com\/en\/wp-json\/wp\/v2\/product"}],"about":[{"href":"https:\/\/zepestonia.com\/en\/wp-json\/wp\/v2\/types\/product"}],"replies":[{"embeddable":true,"href":"https:\/\/zepestonia.com\/en\/wp-json\/wp\/v2\/comments?post=3118"}],"version-history":[{"count":3,"href":"https:\/\/zepestonia.com\/en\/wp-json\/wp\/v2\/product\/3118\/revisions"}],"predecessor-version":[{"id":11749,"href":"https:\/\/zepestonia.com\/en\/wp-json\/wp\/v2\/product\/3118\/revisions\/11749"}],"wp:featuredmedia":[{"embeddable":true,"href":"https:\/\/zepestonia.com\/en\/wp-json\/wp\/v2\/media\/9986"}],"wp:attachment":[{"href":"https:\/\/zepestonia.com\/en\/wp-json\/wp\/v2\/media?parent=3118"}],"wp:term":[{"taxonomy":"product_brand","embeddable":true,"href":"https:\/\/zepestonia.com\/en\/wp-json\/wp\/v2\/product_brand?post=3118"},{"taxonomy":"product_cat","embeddable":true,"href":"https:\/\/zepestonia.com\/en\/wp-json\/wp\/v2\/product_cat?post=3118"},{"taxonomy":"product_tag","embeddable":true,"href":"https:\/\/zepestonia.com\/en\/wp-json\/wp\/v2\/product_tag?post=3118"}],"curies":[{"name":"wp","href":"https:\/\/api.w.org\/{rel}","templated":true}]}}