{"id":3114,"date":"2021-11-29T19:00:55","date_gmt":"2021-11-29T19:00:55","guid":{"rendered":"https:\/\/zep.valgekana.ee\/toode\/superfoam\/"},"modified":"2026-03-27T00:00:14","modified_gmt":"2026-03-27T00:00:14","slug":"superfoam","status":"publish","type":"product","link":"https:\/\/zepestonia.com\/en\/toode\/superfoam\/","title":{"rendered":"Superfoam* &#8211; Mitmeostarbeline puhastusvaht"},"content":{"rendered":"<ul>\n<li><span style=\"font-size:14px\"><span class=\"markedContent\" id=\"page3R_mcid33\"><span dir=\"ltr\" role=\"presentation\" style=\"left: 120.04px;top: 1010.94px;font-family: sans-serif\">Pihustada t\u00f6\u00f6deldavale pinnale 20<\/span><span dir=\"ltr\" role=\"presentation\" style=\"left: 426.083px;top: 1010.94px;font-family: sans-serif\">&#8211;<\/span><span dir=\"ltr\" role=\"presentation\" style=\"left: 432.683px;top: 1010.94px;font-family: sans-serif\">30 cm kauguselt.<\/span><\/span><\/span><\/li>\n<li><span style=\"font-size:14px\"><span class=\"markedContent\" id=\"page3R_mcid34\"><span dir=\"ltr\" role=\"presentation\" style=\"left: 120.04px;top: 1033.99px;font-family: sans-serif\">Lasta pisut m\u00f5juda.<\/span><\/span><\/span><\/li>\n<li><span style=\"font-size:14px\"><span class=\"markedContent\" id=\"page3R_mcid35\"><span dir=\"ltr\" role=\"presentation\" style=\"left: 120.04px;top: 1056.99px;font-family: sans-serif\">P\u00fchkida era<\/span><span dir=\"ltr\" role=\"presentation\" style=\"left: 227.033px;top: 1056.99px;font-family: sans-serif\">ldunud mustus majapidamispaberi v\u00f5i<\/span><span dir=\"ltr\" role=\"presentation\" style=\"left: 561.053px;top: 1056.99px;font-family: sans-serif\"> <\/span><span dir=\"ltr\" role=\"presentation\" style=\"left: 566.917px;top: 1056.99px;font-family: sans-serif\">&#8211;<\/span><span dir=\"ltr\" role=\"presentation\" style=\"left: 573.517px;top: 1056.99px;font-family: sans-serif\">lapiga.<\/span><\/span><\/span><\/li>\n<\/ul>\n","protected":false},"excerpt":{"rendered":"<p>Sobib kasutamiseks v\u00e4ga erinevatel pindadel nagu keraamilised plaadid, portselan, t\u00f6\u00f6tasapinnad, roostevaba teras, vin\u00fc\u00fcl, alumiinium, k\u00f6\u00f6gid, kaupluste kontorid ja tootmisalad.<br \/>\nPuhastab k\u00f5ik k\u00f5vad pinnad, mis on m\u00e4\u00e4rdunud mustuse, t\u00f5rva, tindi, m\u00e4\u00e4rde, toiduplekkide ja tubakaga.<br \/>\nKasutamiseks k\u00f5igis haridus-, t\u00f6\u00f6stus- ja tootmiskeskkondades ning ka koduses majapidamises.<\/p>\n","protected":false},"featured_media":4846,"comment_status":"closed","ping_status":"closed","template":"","meta":[],"product_brand":[],"product_cat":[196],"product_tag":[],"class_list":{"0":"post-3114","1":"product","2":"type-product","3":"status-publish","4":"has-post-thumbnail","6":"product_cat-suvapuhastus","8":"first","9":"instock","10":"taxable","11":"shipping-taxable","12":"purchasable","13":"product-type-simple"},"yoast_head":"<!-- This site is optimized with the Yoast SEO plugin v26.5 - https:\/\/yoast.com\/wordpress\/plugins\/seo\/ -->\n<title>Superfoam* - Mitmeostarbeline puhastusvaht I ZEP Eesti<\/title>\n<meta name=\"description\" content=\"Puhastusvaht sobib kasutamiseks v\u00e4ga erinevatel pindadel. Puhastab k\u00f5ik k\u00f5vad pinnad, mis on m\u00e4\u00e4rdunud mustuse, t\u00f5rva, tindi, m\u00e4\u00e4rde, toiduplekkide ja tubakaga.\" \/>\n<meta name=\"robots\" content=\"index, follow, max-snippet:-1, max-image-preview:large, max-video-preview:-1\" \/>\n<link rel=\"canonical\" href=\"https:\/\/zepestonia.com\/en\/toode\/superfoam\/\" \/>\n<meta property=\"og:locale\" content=\"en_US\" \/>\n<meta property=\"og:type\" content=\"article\" \/>\n<meta property=\"og:title\" content=\"Superfoam* - Mitmeostarbeline puhastusvaht I ZEP Eesti\" \/>\n<meta property=\"og:description\" content=\"Puhastusvaht sobib kasutamiseks v\u00e4ga erinevatel pindadel. Puhastab k\u00f5ik k\u00f5vad pinnad, mis on m\u00e4\u00e4rdunud mustuse, t\u00f5rva, tindi, m\u00e4\u00e4rde, toiduplekkide ja tubakaga.\" \/>\n<meta property=\"og:url\" content=\"https:\/\/zepestonia.com\/en\/toode\/superfoam\/\" \/>\n<meta property=\"og:site_name\" content=\"ZEP Eesti I Puhastusvahendid I E-pood\" \/>\n<meta property=\"article:publisher\" content=\"https:\/\/www.facebook.com\/ZepEesti\" \/>\n<meta property=\"article:modified_time\" content=\"2026-03-27T00:00:14+00:00\" \/>\n<meta property=\"og:image\" content=\"https:\/\/zepestonia.com\/wp-content\/uploads\/2022\/02\/Superfoam-2.png\" \/>\n\t<meta property=\"og:image:width\" content=\"400\" \/>\n\t<meta property=\"og:image:height\" content=\"600\" \/>\n\t<meta property=\"og:image:type\" content=\"image\/png\" \/>\n<meta name=\"twitter:card\" content=\"summary_large_image\" \/>\n<script type=\"application\/ld+json\" class=\"yoast-schema-graph\">{\"@context\":\"https:\/\/schema.org\",\"@graph\":[{\"@type\":\"WebPage\",\"@id\":\"https:\/\/zepestonia.com\/en\/toode\/superfoam\/\",\"url\":\"https:\/\/zepestonia.com\/en\/toode\/superfoam\/\",\"name\":\"Superfoam* - Mitmeostarbeline puhastusvaht I ZEP Eesti\",\"isPartOf\":{\"@id\":\"https:\/\/zepestonia.com\/en\/#website\"},\"primaryImageOfPage\":{\"@id\":\"https:\/\/zepestonia.com\/en\/toode\/superfoam\/#primaryimage\"},\"image\":{\"@id\":\"https:\/\/zepestonia.com\/en\/toode\/superfoam\/#primaryimage\"},\"thumbnailUrl\":\"https:\/\/zepestonia.com\/wp-content\/uploads\/2022\/02\/Superfoam-2.png\",\"datePublished\":\"2021-11-29T19:00:55+00:00\",\"dateModified\":\"2026-03-27T00:00:14+00:00\",\"description\":\"Puhastusvaht sobib kasutamiseks v\u00e4ga erinevatel pindadel. Puhastab k\u00f5ik k\u00f5vad pinnad, mis on m\u00e4\u00e4rdunud mustuse, t\u00f5rva, tindi, m\u00e4\u00e4rde, toiduplekkide ja tubakaga.\",\"breadcrumb\":{\"@id\":\"https:\/\/zepestonia.com\/en\/toode\/superfoam\/#breadcrumb\"},\"inLanguage\":\"en-US\",\"potentialAction\":[{\"@type\":\"ReadAction\",\"target\":[\"https:\/\/zepestonia.com\/en\/toode\/superfoam\/\"]}]},{\"@type\":\"ImageObject\",\"inLanguage\":\"en-US\",\"@id\":\"https:\/\/zepestonia.com\/en\/toode\/superfoam\/#primaryimage\",\"url\":\"https:\/\/zepestonia.com\/wp-content\/uploads\/2022\/02\/Superfoam-2.png\",\"contentUrl\":\"https:\/\/zepestonia.com\/wp-content\/uploads\/2022\/02\/Superfoam-2.png\",\"width\":400,\"height\":600,\"caption\":\"Superfoam-2\"},{\"@type\":\"BreadcrumbList\",\"@id\":\"https:\/\/zepestonia.com\/en\/toode\/superfoam\/#breadcrumb\",\"itemListElement\":[{\"@type\":\"ListItem\",\"position\":1,\"name\":\"Home\",\"item\":\"https:\/\/zepestonia.com\/en\/\"},{\"@type\":\"ListItem\",\"position\":2,\"name\":\"Shop\",\"item\":\"https:\/\/zepestonia.com\/en\/?page_id=4643\"},{\"@type\":\"ListItem\",\"position\":3,\"name\":\"Superfoam* &#8211; Mitmeostarbeline puhastusvaht\"}]},{\"@type\":\"WebSite\",\"@id\":\"https:\/\/zepestonia.com\/en\/#website\",\"url\":\"https:\/\/zepestonia.com\/en\/\",\"name\":\"ZEP Eesti I Puhastusvahendid I E-pood\",\"description\":\"Pakume puhastus- ja hooldusprobleemidele efektiivseid keskkonnas\u00f5bralikke lahendusi!\",\"publisher\":{\"@id\":\"https:\/\/zepestonia.com\/en\/#organization\"},\"potentialAction\":[{\"@type\":\"SearchAction\",\"target\":{\"@type\":\"EntryPoint\",\"urlTemplate\":\"https:\/\/zepestonia.com\/en\/?s={search_term_string}\"},\"query-input\":{\"@type\":\"PropertyValueSpecification\",\"valueRequired\":true,\"valueName\":\"search_term_string\"}}],\"inLanguage\":\"en-US\"},{\"@type\":\"Organization\",\"@id\":\"https:\/\/zepestonia.com\/en\/#organization\",\"name\":\"Zep Estonia\",\"url\":\"https:\/\/zepestonia.com\/en\/\",\"logo\":{\"@type\":\"ImageObject\",\"inLanguage\":\"en-US\",\"@id\":\"https:\/\/zepestonia.com\/en\/#\/schema\/logo\/image\/\",\"url\":\"https:\/\/zepestonia.com\/wp-content\/uploads\/2022\/03\/Zep-Logo_png.jpeg\",\"contentUrl\":\"https:\/\/zepestonia.com\/wp-content\/uploads\/2022\/03\/Zep-Logo_png.jpeg\",\"width\":109,\"height\":70,\"caption\":\"Zep Estonia\"},\"image\":{\"@id\":\"https:\/\/zepestonia.com\/en\/#\/schema\/logo\/image\/\"},\"sameAs\":[\"https:\/\/www.facebook.com\/ZepEesti\"]}]}<\/script>\n<!-- \/ Yoast SEO plugin. -->","yoast_head_json":{"title":"Superfoam* - Mitmeostarbeline puhastusvaht I ZEP Eesti","description":"Puhastusvaht sobib kasutamiseks v\u00e4ga erinevatel pindadel. Puhastab k\u00f5ik k\u00f5vad pinnad, mis on m\u00e4\u00e4rdunud mustuse, t\u00f5rva, tindi, m\u00e4\u00e4rde, toiduplekkide ja tubakaga.","robots":{"index":"index","follow":"follow","max-snippet":"max-snippet:-1","max-image-preview":"max-image-preview:large","max-video-preview":"max-video-preview:-1"},"canonical":"https:\/\/zepestonia.com\/en\/toode\/superfoam\/","og_locale":"en_US","og_type":"article","og_title":"Superfoam* - Mitmeostarbeline puhastusvaht I ZEP Eesti","og_description":"Puhastusvaht sobib kasutamiseks v\u00e4ga erinevatel pindadel. Puhastab k\u00f5ik k\u00f5vad pinnad, mis on m\u00e4\u00e4rdunud mustuse, t\u00f5rva, tindi, m\u00e4\u00e4rde, toiduplekkide ja tubakaga.","og_url":"https:\/\/zepestonia.com\/en\/toode\/superfoam\/","og_site_name":"ZEP Eesti I Puhastusvahendid I E-pood","article_publisher":"https:\/\/www.facebook.com\/ZepEesti","article_modified_time":"2026-03-27T00:00:14+00:00","og_image":[{"width":400,"height":600,"url":"https:\/\/zepestonia.com\/wp-content\/uploads\/2022\/02\/Superfoam-2.png","type":"image\/png"}],"twitter_card":"summary_large_image","schema":{"@context":"https:\/\/schema.org","@graph":[{"@type":"WebPage","@id":"https:\/\/zepestonia.com\/en\/toode\/superfoam\/","url":"https:\/\/zepestonia.com\/en\/toode\/superfoam\/","name":"Superfoam* - Mitmeostarbeline puhastusvaht I ZEP Eesti","isPartOf":{"@id":"https:\/\/zepestonia.com\/en\/#website"},"primaryImageOfPage":{"@id":"https:\/\/zepestonia.com\/en\/toode\/superfoam\/#primaryimage"},"image":{"@id":"https:\/\/zepestonia.com\/en\/toode\/superfoam\/#primaryimage"},"thumbnailUrl":"https:\/\/zepestonia.com\/wp-content\/uploads\/2022\/02\/Superfoam-2.png","datePublished":"2021-11-29T19:00:55+00:00","dateModified":"2026-03-27T00:00:14+00:00","description":"Puhastusvaht sobib kasutamiseks v\u00e4ga erinevatel pindadel. Puhastab k\u00f5ik k\u00f5vad pinnad, mis on m\u00e4\u00e4rdunud mustuse, t\u00f5rva, tindi, m\u00e4\u00e4rde, toiduplekkide ja tubakaga.","breadcrumb":{"@id":"https:\/\/zepestonia.com\/en\/toode\/superfoam\/#breadcrumb"},"inLanguage":"en-US","potentialAction":[{"@type":"ReadAction","target":["https:\/\/zepestonia.com\/en\/toode\/superfoam\/"]}]},{"@type":"ImageObject","inLanguage":"en-US","@id":"https:\/\/zepestonia.com\/en\/toode\/superfoam\/#primaryimage","url":"https:\/\/zepestonia.com\/wp-content\/uploads\/2022\/02\/Superfoam-2.png","contentUrl":"https:\/\/zepestonia.com\/wp-content\/uploads\/2022\/02\/Superfoam-2.png","width":400,"height":600,"caption":"Superfoam-2"},{"@type":"BreadcrumbList","@id":"https:\/\/zepestonia.com\/en\/toode\/superfoam\/#breadcrumb","itemListElement":[{"@type":"ListItem","position":1,"name":"Home","item":"https:\/\/zepestonia.com\/en\/"},{"@type":"ListItem","position":2,"name":"Shop","item":"https:\/\/zepestonia.com\/en\/?page_id=4643"},{"@type":"ListItem","position":3,"name":"Superfoam* &#8211; Mitmeostarbeline puhastusvaht"}]},{"@type":"WebSite","@id":"https:\/\/zepestonia.com\/en\/#website","url":"https:\/\/zepestonia.com\/en\/","name":"ZEP Eesti I Puhastusvahendid I E-pood","description":"Pakume puhastus- ja hooldusprobleemidele efektiivseid keskkonnas\u00f5bralikke lahendusi!","publisher":{"@id":"https:\/\/zepestonia.com\/en\/#organization"},"potentialAction":[{"@type":"SearchAction","target":{"@type":"EntryPoint","urlTemplate":"https:\/\/zepestonia.com\/en\/?s={search_term_string}"},"query-input":{"@type":"PropertyValueSpecification","valueRequired":true,"valueName":"search_term_string"}}],"inLanguage":"en-US"},{"@type":"Organization","@id":"https:\/\/zepestonia.com\/en\/#organization","name":"Zep Estonia","url":"https:\/\/zepestonia.com\/en\/","logo":{"@type":"ImageObject","inLanguage":"en-US","@id":"https:\/\/zepestonia.com\/en\/#\/schema\/logo\/image\/","url":"https:\/\/zepestonia.com\/wp-content\/uploads\/2022\/03\/Zep-Logo_png.jpeg","contentUrl":"https:\/\/zepestonia.com\/wp-content\/uploads\/2022\/03\/Zep-Logo_png.jpeg","width":109,"height":70,"caption":"Zep Estonia"},"image":{"@id":"https:\/\/zepestonia.com\/en\/#\/schema\/logo\/image\/"},"sameAs":["https:\/\/www.facebook.com\/ZepEesti"]}]}},"_links":{"self":[{"href":"https:\/\/zepestonia.com\/en\/wp-json\/wp\/v2\/product\/3114","targetHints":{"allow":["GET"]}}],"collection":[{"href":"https:\/\/zepestonia.com\/en\/wp-json\/wp\/v2\/product"}],"about":[{"href":"https:\/\/zepestonia.com\/en\/wp-json\/wp\/v2\/types\/product"}],"replies":[{"embeddable":true,"href":"https:\/\/zepestonia.com\/en\/wp-json\/wp\/v2\/comments?post=3114"}],"version-history":[{"count":2,"href":"https:\/\/zepestonia.com\/en\/wp-json\/wp\/v2\/product\/3114\/revisions"}],"predecessor-version":[{"id":11257,"href":"https:\/\/zepestonia.com\/en\/wp-json\/wp\/v2\/product\/3114\/revisions\/11257"}],"wp:featuredmedia":[{"embeddable":true,"href":"https:\/\/zepestonia.com\/en\/wp-json\/wp\/v2\/media\/4846"}],"wp:attachment":[{"href":"https:\/\/zepestonia.com\/en\/wp-json\/wp\/v2\/media?parent=3114"}],"wp:term":[{"taxonomy":"product_brand","embeddable":true,"href":"https:\/\/zepestonia.com\/en\/wp-json\/wp\/v2\/product_brand?post=3114"},{"taxonomy":"product_cat","embeddable":true,"href":"https:\/\/zepestonia.com\/en\/wp-json\/wp\/v2\/product_cat?post=3114"},{"taxonomy":"product_tag","embeddable":true,"href":"https:\/\/zepestonia.com\/en\/wp-json\/wp\/v2\/product_tag?post=3114"}],"curies":[{"name":"wp","href":"https:\/\/api.w.org\/{rel}","templated":true}]}}