{"id":3111,"date":"2021-11-29T19:00:55","date_gmt":"2021-11-29T19:00:55","guid":{"rendered":"https:\/\/zep.valgekana.ee\/toode\/ac-clean-sanitizer-20l\/"},"modified":"2026-03-20T00:00:06","modified_gmt":"2026-03-20T00:00:06","slug":"ac-clean-sanitizer-20l","status":"publish","type":"product","link":"https:\/\/zepestonia.com\/en\/toode\/ac-clean-sanitizer-20l\/","title":{"rendered":"AC Clean Sanitizer 20L &#8211;  Desinfitseeriv konditsioneeride puhastusvadend"},"content":{"rendered":"<ul>\n<li><span style=\"font-size:14px\"><span class=\"markedContent\" id=\"page3R_mcid29\"><span dir=\"ltr\" role=\"presentation\" style=\"left: 150.04px;top: 739.158px;font-family: sans-serif\">L<\/span><span dir=\"ltr\" role=\"presentation\" style=\"left: 318.483px;top: 739.158px;font-family: sans-serif\">ahustatakse<\/span><span dir=\"ltr\" role=\"presentation\" style=\"left: 421.284px;top: 739.158px;font-family: sans-serif\"> <\/span><span dir=\"ltr\" role=\"presentation\" style=\"left: 426.483px;top: 739.158px;font-family: sans-serif\">veega vahekorras<\/span><span dir=\"ltr\" role=\"presentation\" style=\"left: 572.101px;top: 739.158px;font-family: sans-serif\"> <\/span><span dir=\"ltr\" role=\"presentation\" style=\"left: 577.317px;top: 739.158px;font-family: sans-serif\">1:3<\/span><span dir=\"ltr\" role=\"presentation\" style=\"left: 603.717px;top: 739.158px;font-family: sans-serif\">.<\/span><\/span><\/span><\/li>\n<li><span style=\"font-size:14px\">Piserdatakse pinnale<\/span><\/li>\n<li><span style=\"font-size:14px\"><span class=\"markedContent\" id=\"page3R_mcid30\"><span dir=\"ltr\" role=\"presentation\" style=\"left: 150.04px;top: 761.358px;font-family: sans-serif\">Ei vaja loputamist, kuna aine uhutakse \u00e4ra kondensaadiga,<\/span><\/span> <span class=\"markedContent\" id=\"page3R_mcid31\"><span dir=\"ltr\" role=\"presentation\" style=\"left: 149.04px;top: 782.358px;font-family: sans-serif\">mis tekib kuumuse<\/span><span dir=\"ltr\" role=\"presentation\" style=\"left: 301.061px;top: 782.358px;font-family: sans-serif\"> <\/span><span dir=\"ltr\" role=\"presentation\" style=\"left: 306.033px;top: 782.358px;font-family: sans-serif\">jaotamise<\/span><span dir=\"ltr\" role=\"presentation\" style=\"left: 384.399px;top: 782.358px;font-family: sans-serif\"> <\/span><span dir=\"ltr\" role=\"presentation\" style=\"left: 389.683px;top: 782.358px;font-family: sans-serif\">protse<\/span><span dir=\"ltr\" role=\"presentation\" style=\"left: 440.683px;top: 782.358px;font-family: sans-serif\">ssis<\/span><span dir=\"ltr\" role=\"presentation\" style=\"left: 472.083px;top: 782.358px;font-family: sans-serif\">.<\/span><\/span><\/span><\/li>\n<li><span style=\"font-size:14px\"><span class=\"markedContent\"><span dir=\"ltr\" role=\"presentation\" style=\"left: 472.083px;top: 782.358px;font-family: sans-serif\">Puhastusprotsessi korratakse iga kuu<\/span><\/span><\/span><\/li>\n<\/ul>\n<p><span style=\"font-size:14px\"><span class=\"markedContent\"><span dir=\"ltr\" role=\"presentation\" style=\"left: 472.083px;top: 782.358px;font-family: sans-serif\">pH 10,5<br \/>\nKulu: <\/span><\/span><\/span><span style=\"font-family: Arial;font-size: 13px;font-style: normal;letter-spacing: normal;text-align: left;text-indent: 0px;text-transform: none;text-decoration: none;font-weight: bold\">1L<\/span><span style=\"font-family: Arial;font-size: 13px;font-style: normal;font-weight: normal;letter-spacing: normal;text-align: left;text-indent: 0px;text-transform: none;text-decoration: none\">+3L\/H<\/span><span style=\"font-family: Arial;font-style: normal;font-weight: normal;letter-spacing: normal;text-align: left;text-indent: 0px;text-transform: none;text-decoration: none;font-size: 8px\">2<\/span><span style=\"font-family: Arial;font-size: 13px;font-style: normal;font-weight: normal;letter-spacing: normal;text-align: left;text-indent: 0px;text-transform: none;text-decoration: none\">O \u2248 <\/span><span style=\"font-family: Arial;font-size: 13px;font-style: normal;letter-spacing: normal;text-align: left;text-indent: 0px;text-transform: none;text-decoration: none;font-weight: bold\">120m\u00b2<\/span><\/p>\n","protected":false},"excerpt":{"rendered":"<p>Desinfitseeriv \u00f5hukonditsioneeride soojusvahetite ja filtrite puhastusvahend.<br \/>\nEi kahjusta puhastatavat pinda<br \/>\nSisaldab kvaternaarseid ammooniumsoolasid, mis puhastavad efektiivselt \u00f5hku.<br \/>\nVahendi piserdamisel \u00f5hujuhasse toimub lisaks \u00f5hu puhastamisele ka l\u00f5hnastamine.<br \/>\nSisaldab puhastusaineid ja korrosiooni inhibiitoreid.<br \/>\nKasutamiseks k\u00f5ikidele materjalidele k.a. alumiinium, vask, teras ja plastik.<\/p>\n","protected":false},"featured_media":5084,"comment_status":"closed","ping_status":"closed","template":"","meta":[],"product_brand":[],"product_cat":[196],"product_tag":[],"class_list":{"0":"post-3111","1":"product","2":"type-product","3":"status-publish","4":"has-post-thumbnail","6":"product_cat-suvapuhastus","8":"first","9":"instock","10":"taxable","11":"shipping-taxable","12":"purchasable","13":"product-type-simple"},"yoast_head":"<!-- This site is optimized with the Yoast SEO plugin v26.5 - https:\/\/yoast.com\/wordpress\/plugins\/seo\/ -->\n<title>AC Clean Sanitizer 20L - Konditsioneeride puhastusvahend I ZEP Eesti<\/title>\n<meta name=\"description\" content=\"Desinfitseeriv \u00f5hukonditsioneeride soojusvahetite ja filtrite puhastusvahend. Toode sisaldab kvaternaarseid ammooniumsoolasid, mis puhastavad efektiivselt \u00f5hku.\" \/>\n<meta name=\"robots\" content=\"index, follow, max-snippet:-1, max-image-preview:large, max-video-preview:-1\" \/>\n<link rel=\"canonical\" href=\"https:\/\/zepestonia.com\/en\/toode\/ac-clean-sanitizer-20l\/\" \/>\n<meta property=\"og:locale\" content=\"en_US\" \/>\n<meta property=\"og:type\" content=\"article\" \/>\n<meta property=\"og:title\" content=\"AC Clean Sanitizer 20L - Konditsioneeride puhastusvahend I ZEP Eesti\" \/>\n<meta property=\"og:description\" content=\"Desinfitseeriv \u00f5hukonditsioneeride soojusvahetite ja filtrite puhastusvahend. Toode sisaldab kvaternaarseid ammooniumsoolasid, mis puhastavad efektiivselt \u00f5hku.\" \/>\n<meta property=\"og:url\" content=\"https:\/\/zepestonia.com\/en\/toode\/ac-clean-sanitizer-20l\/\" \/>\n<meta property=\"og:site_name\" content=\"ZEP Eesti I Puhastusvahendid I E-pood\" \/>\n<meta property=\"article:publisher\" content=\"https:\/\/www.facebook.com\/ZepEesti\" \/>\n<meta property=\"article:modified_time\" content=\"2026-03-20T00:00:06+00:00\" \/>\n<meta property=\"og:image\" content=\"https:\/\/zepestonia.com\/wp-content\/uploads\/2022\/02\/AC-CLEAN-SANIT-3.png\" \/>\n\t<meta property=\"og:image:width\" content=\"200\" \/>\n\t<meta property=\"og:image:height\" content=\"300\" \/>\n\t<meta property=\"og:image:type\" content=\"image\/png\" \/>\n<meta name=\"twitter:card\" content=\"summary_large_image\" \/>\n<script type=\"application\/ld+json\" class=\"yoast-schema-graph\">{\"@context\":\"https:\/\/schema.org\",\"@graph\":[{\"@type\":\"WebPage\",\"@id\":\"https:\/\/zepestonia.com\/en\/toode\/ac-clean-sanitizer-20l\/\",\"url\":\"https:\/\/zepestonia.com\/en\/toode\/ac-clean-sanitizer-20l\/\",\"name\":\"AC Clean Sanitizer 20L - Konditsioneeride puhastusvahend I ZEP Eesti\",\"isPartOf\":{\"@id\":\"https:\/\/zepestonia.com\/en\/#website\"},\"primaryImageOfPage\":{\"@id\":\"https:\/\/zepestonia.com\/en\/toode\/ac-clean-sanitizer-20l\/#primaryimage\"},\"image\":{\"@id\":\"https:\/\/zepestonia.com\/en\/toode\/ac-clean-sanitizer-20l\/#primaryimage\"},\"thumbnailUrl\":\"https:\/\/zepestonia.com\/wp-content\/uploads\/2022\/02\/AC-CLEAN-SANIT-3.png\",\"datePublished\":\"2021-11-29T19:00:55+00:00\",\"dateModified\":\"2026-03-20T00:00:06+00:00\",\"description\":\"Desinfitseeriv \u00f5hukonditsioneeride soojusvahetite ja filtrite puhastusvahend. Toode sisaldab kvaternaarseid ammooniumsoolasid, mis puhastavad efektiivselt \u00f5hku.\",\"breadcrumb\":{\"@id\":\"https:\/\/zepestonia.com\/en\/toode\/ac-clean-sanitizer-20l\/#breadcrumb\"},\"inLanguage\":\"en-US\",\"potentialAction\":[{\"@type\":\"ReadAction\",\"target\":[\"https:\/\/zepestonia.com\/en\/toode\/ac-clean-sanitizer-20l\/\"]}]},{\"@type\":\"ImageObject\",\"inLanguage\":\"en-US\",\"@id\":\"https:\/\/zepestonia.com\/en\/toode\/ac-clean-sanitizer-20l\/#primaryimage\",\"url\":\"https:\/\/zepestonia.com\/wp-content\/uploads\/2022\/02\/AC-CLEAN-SANIT-3.png\",\"contentUrl\":\"https:\/\/zepestonia.com\/wp-content\/uploads\/2022\/02\/AC-CLEAN-SANIT-3.png\",\"width\":200,\"height\":300,\"caption\":\"AC-CLEAN-SANIT-3\"},{\"@type\":\"BreadcrumbList\",\"@id\":\"https:\/\/zepestonia.com\/en\/toode\/ac-clean-sanitizer-20l\/#breadcrumb\",\"itemListElement\":[{\"@type\":\"ListItem\",\"position\":1,\"name\":\"Home\",\"item\":\"https:\/\/zepestonia.com\/en\/\"},{\"@type\":\"ListItem\",\"position\":2,\"name\":\"Shop\",\"item\":\"https:\/\/zepestonia.com\/en\/?page_id=4643\"},{\"@type\":\"ListItem\",\"position\":3,\"name\":\"AC Clean Sanitizer 20L &#8211; Desinfitseeriv konditsioneeride puhastusvadend\"}]},{\"@type\":\"WebSite\",\"@id\":\"https:\/\/zepestonia.com\/en\/#website\",\"url\":\"https:\/\/zepestonia.com\/en\/\",\"name\":\"ZEP Eesti I Puhastusvahendid I E-pood\",\"description\":\"Pakume puhastus- ja hooldusprobleemidele efektiivseid keskkonnas\u00f5bralikke lahendusi!\",\"publisher\":{\"@id\":\"https:\/\/zepestonia.com\/en\/#organization\"},\"potentialAction\":[{\"@type\":\"SearchAction\",\"target\":{\"@type\":\"EntryPoint\",\"urlTemplate\":\"https:\/\/zepestonia.com\/en\/?s={search_term_string}\"},\"query-input\":{\"@type\":\"PropertyValueSpecification\",\"valueRequired\":true,\"valueName\":\"search_term_string\"}}],\"inLanguage\":\"en-US\"},{\"@type\":\"Organization\",\"@id\":\"https:\/\/zepestonia.com\/en\/#organization\",\"name\":\"Zep Estonia\",\"url\":\"https:\/\/zepestonia.com\/en\/\",\"logo\":{\"@type\":\"ImageObject\",\"inLanguage\":\"en-US\",\"@id\":\"https:\/\/zepestonia.com\/en\/#\/schema\/logo\/image\/\",\"url\":\"https:\/\/zepestonia.com\/wp-content\/uploads\/2022\/03\/Zep-Logo_png.jpeg\",\"contentUrl\":\"https:\/\/zepestonia.com\/wp-content\/uploads\/2022\/03\/Zep-Logo_png.jpeg\",\"width\":109,\"height\":70,\"caption\":\"Zep Estonia\"},\"image\":{\"@id\":\"https:\/\/zepestonia.com\/en\/#\/schema\/logo\/image\/\"},\"sameAs\":[\"https:\/\/www.facebook.com\/ZepEesti\"]}]}<\/script>\n<!-- \/ Yoast SEO plugin. -->","yoast_head_json":{"title":"AC Clean Sanitizer 20L - Konditsioneeride puhastusvahend I ZEP Eesti","description":"Desinfitseeriv \u00f5hukonditsioneeride soojusvahetite ja filtrite puhastusvahend. Toode sisaldab kvaternaarseid ammooniumsoolasid, mis puhastavad efektiivselt \u00f5hku.","robots":{"index":"index","follow":"follow","max-snippet":"max-snippet:-1","max-image-preview":"max-image-preview:large","max-video-preview":"max-video-preview:-1"},"canonical":"https:\/\/zepestonia.com\/en\/toode\/ac-clean-sanitizer-20l\/","og_locale":"en_US","og_type":"article","og_title":"AC Clean Sanitizer 20L - Konditsioneeride puhastusvahend I ZEP Eesti","og_description":"Desinfitseeriv \u00f5hukonditsioneeride soojusvahetite ja filtrite puhastusvahend. Toode sisaldab kvaternaarseid ammooniumsoolasid, mis puhastavad efektiivselt \u00f5hku.","og_url":"https:\/\/zepestonia.com\/en\/toode\/ac-clean-sanitizer-20l\/","og_site_name":"ZEP Eesti I Puhastusvahendid I E-pood","article_publisher":"https:\/\/www.facebook.com\/ZepEesti","article_modified_time":"2026-03-20T00:00:06+00:00","og_image":[{"width":200,"height":300,"url":"https:\/\/zepestonia.com\/wp-content\/uploads\/2022\/02\/AC-CLEAN-SANIT-3.png","type":"image\/png"}],"twitter_card":"summary_large_image","schema":{"@context":"https:\/\/schema.org","@graph":[{"@type":"WebPage","@id":"https:\/\/zepestonia.com\/en\/toode\/ac-clean-sanitizer-20l\/","url":"https:\/\/zepestonia.com\/en\/toode\/ac-clean-sanitizer-20l\/","name":"AC Clean Sanitizer 20L - Konditsioneeride puhastusvahend I ZEP Eesti","isPartOf":{"@id":"https:\/\/zepestonia.com\/en\/#website"},"primaryImageOfPage":{"@id":"https:\/\/zepestonia.com\/en\/toode\/ac-clean-sanitizer-20l\/#primaryimage"},"image":{"@id":"https:\/\/zepestonia.com\/en\/toode\/ac-clean-sanitizer-20l\/#primaryimage"},"thumbnailUrl":"https:\/\/zepestonia.com\/wp-content\/uploads\/2022\/02\/AC-CLEAN-SANIT-3.png","datePublished":"2021-11-29T19:00:55+00:00","dateModified":"2026-03-20T00:00:06+00:00","description":"Desinfitseeriv \u00f5hukonditsioneeride soojusvahetite ja filtrite puhastusvahend. Toode sisaldab kvaternaarseid ammooniumsoolasid, mis puhastavad efektiivselt \u00f5hku.","breadcrumb":{"@id":"https:\/\/zepestonia.com\/en\/toode\/ac-clean-sanitizer-20l\/#breadcrumb"},"inLanguage":"en-US","potentialAction":[{"@type":"ReadAction","target":["https:\/\/zepestonia.com\/en\/toode\/ac-clean-sanitizer-20l\/"]}]},{"@type":"ImageObject","inLanguage":"en-US","@id":"https:\/\/zepestonia.com\/en\/toode\/ac-clean-sanitizer-20l\/#primaryimage","url":"https:\/\/zepestonia.com\/wp-content\/uploads\/2022\/02\/AC-CLEAN-SANIT-3.png","contentUrl":"https:\/\/zepestonia.com\/wp-content\/uploads\/2022\/02\/AC-CLEAN-SANIT-3.png","width":200,"height":300,"caption":"AC-CLEAN-SANIT-3"},{"@type":"BreadcrumbList","@id":"https:\/\/zepestonia.com\/en\/toode\/ac-clean-sanitizer-20l\/#breadcrumb","itemListElement":[{"@type":"ListItem","position":1,"name":"Home","item":"https:\/\/zepestonia.com\/en\/"},{"@type":"ListItem","position":2,"name":"Shop","item":"https:\/\/zepestonia.com\/en\/?page_id=4643"},{"@type":"ListItem","position":3,"name":"AC Clean Sanitizer 20L &#8211; Desinfitseeriv konditsioneeride puhastusvadend"}]},{"@type":"WebSite","@id":"https:\/\/zepestonia.com\/en\/#website","url":"https:\/\/zepestonia.com\/en\/","name":"ZEP Eesti I Puhastusvahendid I E-pood","description":"Pakume puhastus- ja hooldusprobleemidele efektiivseid keskkonnas\u00f5bralikke lahendusi!","publisher":{"@id":"https:\/\/zepestonia.com\/en\/#organization"},"potentialAction":[{"@type":"SearchAction","target":{"@type":"EntryPoint","urlTemplate":"https:\/\/zepestonia.com\/en\/?s={search_term_string}"},"query-input":{"@type":"PropertyValueSpecification","valueRequired":true,"valueName":"search_term_string"}}],"inLanguage":"en-US"},{"@type":"Organization","@id":"https:\/\/zepestonia.com\/en\/#organization","name":"Zep Estonia","url":"https:\/\/zepestonia.com\/en\/","logo":{"@type":"ImageObject","inLanguage":"en-US","@id":"https:\/\/zepestonia.com\/en\/#\/schema\/logo\/image\/","url":"https:\/\/zepestonia.com\/wp-content\/uploads\/2022\/03\/Zep-Logo_png.jpeg","contentUrl":"https:\/\/zepestonia.com\/wp-content\/uploads\/2022\/03\/Zep-Logo_png.jpeg","width":109,"height":70,"caption":"Zep Estonia"},"image":{"@id":"https:\/\/zepestonia.com\/en\/#\/schema\/logo\/image\/"},"sameAs":["https:\/\/www.facebook.com\/ZepEesti"]}]}},"_links":{"self":[{"href":"https:\/\/zepestonia.com\/en\/wp-json\/wp\/v2\/product\/3111","targetHints":{"allow":["GET"]}}],"collection":[{"href":"https:\/\/zepestonia.com\/en\/wp-json\/wp\/v2\/product"}],"about":[{"href":"https:\/\/zepestonia.com\/en\/wp-json\/wp\/v2\/types\/product"}],"replies":[{"embeddable":true,"href":"https:\/\/zepestonia.com\/en\/wp-json\/wp\/v2\/comments?post=3111"}],"version-history":[{"count":2,"href":"https:\/\/zepestonia.com\/en\/wp-json\/wp\/v2\/product\/3111\/revisions"}],"predecessor-version":[{"id":11146,"href":"https:\/\/zepestonia.com\/en\/wp-json\/wp\/v2\/product\/3111\/revisions\/11146"}],"wp:featuredmedia":[{"embeddable":true,"href":"https:\/\/zepestonia.com\/en\/wp-json\/wp\/v2\/media\/5084"}],"wp:attachment":[{"href":"https:\/\/zepestonia.com\/en\/wp-json\/wp\/v2\/media?parent=3111"}],"wp:term":[{"taxonomy":"product_brand","embeddable":true,"href":"https:\/\/zepestonia.com\/en\/wp-json\/wp\/v2\/product_brand?post=3111"},{"taxonomy":"product_cat","embeddable":true,"href":"https:\/\/zepestonia.com\/en\/wp-json\/wp\/v2\/product_cat?post=3111"},{"taxonomy":"product_tag","embeddable":true,"href":"https:\/\/zepestonia.com\/en\/wp-json\/wp\/v2\/product_tag?post=3111"}],"curies":[{"name":"wp","href":"https:\/\/api.w.org\/{rel}","templated":true}]}}