{"id":3100,"date":"2021-11-29T19:00:54","date_gmt":"2021-11-29T19:00:54","guid":{"rendered":"https:\/\/zep.valgekana.ee\/toode\/zeptabs-evo\/"},"modified":"2025-07-01T00:24:29","modified_gmt":"2025-07-01T00:24:29","slug":"zeptabs-evo","status":"publish","type":"product","link":"https:\/\/zepestonia.com\/en\/toode\/zeptabs-evo\/","title":{"rendered":"Zeptabs EVO  &#8211; Konditsioneeride hooldustabletid 3:1"},"content":{"rendered":"<ul>\n<li><span class=\"VIiyi\" lang=\"et\"><span class=\"JLqJ4b\" data-language-for-alternatives=\"et\" data-language-to-translate-into=\"it\" data-number-of-phrases=\"1\" data-phrase-index=\"0\"><span>Eemaldage (l\u00f5igake k\u00e4\u00e4ridega) eraldi olev tablet teistest tablettidest<\/span><\/span><\/span><\/li>\n<li><span class=\"VIiyi\" lang=\"et\"><span class=\"JLqJ4b\" data-language-for-alternatives=\"et\" data-language-to-translate-into=\"it\" data-number-of-phrases=\"1\" data-phrase-index=\"0\"><span>Asetage \u00fcksik tablet \u00e4ravoolu ava juure ja teised renni l\u00f5ppu (3\/4) vedeliku piirile<\/span><\/span><\/span><\/li>\n<li><span class=\"VIiyi\" lang=\"et\"><span class=\"JLqJ4b\" data-language-for-alternatives=\"et\" data-language-to-translate-into=\"it\" data-number-of-phrases=\"1\" data-phrase-index=\"0\"><span>Asetage tablet renni k\u00e4snaga allapoole, nii et kondenseerunud vesi v\u00f5ib tablette niisutada ja lahustada j\u00e4rk-j\u00e4rgult. <\/span><\/span><\/span><\/li>\n<li><span class=\"VIiyi\" lang=\"et\"><span class=\"JLqJ4b\" data-language-for-alternatives=\"et\" data-language-to-translate-into=\"it\" data-number-of-phrases=\"1\" data-phrase-index=\"0\"><span>\u00dcks komplekt suudab toime tulla <\/span><\/span><\/span><span class=\"VIiyi\" lang=\"et\"><span class=\"JLqJ4b\" data-language-for-alternatives=\"et\" data-language-to-translate-into=\"it\" data-number-of-phrases=\"1\" data-phrase-index=\"0\"><span>5-6 kuud, jahutusv\u00f5imsusega 15-18KW .<\/span><\/span><\/span><\/li>\n<\/ul>\n<p><span class=\"VIiyi\" lang=\"et\"><span class=\"JLqJ4b\" data-language-for-alternatives=\"et\" data-language-to-translate-into=\"it\" data-number-of-phrases=\"1\" data-phrase-index=\"0\"><strong><span style=\"color:#FF0000\">NB!<\/span><\/strong><\/span><\/span><\/p>\n<ul>\n<li><span class=\"VIiyi\" lang=\"et\"><span class=\"JLqJ4b\" data-language-for-alternatives=\"et\" data-language-to-translate-into=\"it\" data-number-of-phrases=\"1\" data-phrase-index=\"0\"><span>Hoidke tabletid eemal otsese p\u00e4ikesevalguse k\u00e4es ja temperatuuril mitte \u00fcle 35 \u00b0 C.<\/span><\/span><\/span><\/li>\n<\/ul>\n","protected":false},"excerpt":{"rendered":"<p>Tablett l\u00f5hnastab, puhastab ja kaitseb kliimaseadme kondensaadi vett, &#8211; renni ja \u00e4ravoolu.<\/p>\n","protected":false},"featured_media":3593,"comment_status":"closed","ping_status":"closed","template":"","meta":[],"product_brand":[],"product_cat":[195],"product_tag":[],"class_list":{"0":"post-3100","1":"product","2":"type-product","3":"status-publish","4":"has-post-thumbnail","6":"product_cat-hooldus","8":"first","9":"instock","10":"taxable","11":"shipping-taxable","12":"purchasable","13":"product-type-simple"},"yoast_head":"<!-- This site is optimized with the Yoast SEO plugin v26.5 - https:\/\/yoast.com\/wordpress\/plugins\/seo\/ -->\n<title>Zeptabs EVO - Konditsioneeride hooldustabletid 3:1 I ZEP Eesti<\/title>\n<meta name=\"description\" content=\"Tablett l\u00f5hnastab, puhastab ja kaitseb kliimaseadme kondensaadi vett, - renni ja \u00e4ravoolu. \u00dcks komplekt suudab toime tulla 5-6 kuud, jahutusv\u00f5imsusega 15-18KW.\" \/>\n<meta name=\"robots\" content=\"index, follow, max-snippet:-1, max-image-preview:large, max-video-preview:-1\" \/>\n<link rel=\"canonical\" href=\"https:\/\/zepestonia.com\/en\/toode\/zeptabs-evo\/\" \/>\n<meta property=\"og:locale\" content=\"en_US\" \/>\n<meta property=\"og:type\" content=\"article\" \/>\n<meta property=\"og:title\" content=\"Zeptabs EVO - Konditsioneeride hooldustabletid 3:1 I ZEP Eesti\" \/>\n<meta property=\"og:description\" content=\"Tablett l\u00f5hnastab, puhastab ja kaitseb kliimaseadme kondensaadi vett, - renni ja \u00e4ravoolu. \u00dcks komplekt suudab toime tulla 5-6 kuud, jahutusv\u00f5imsusega 15-18KW.\" \/>\n<meta property=\"og:url\" content=\"https:\/\/zepestonia.com\/en\/toode\/zeptabs-evo\/\" \/>\n<meta property=\"og:site_name\" content=\"ZEP Eesti I Puhastusvahendid I E-pood\" \/>\n<meta property=\"article:publisher\" content=\"https:\/\/www.facebook.com\/ZepEesti\" \/>\n<meta property=\"article:modified_time\" content=\"2025-07-01T00:24:29+00:00\" \/>\n<meta property=\"og:image\" content=\"https:\/\/zepestonia.com\/wp-content\/uploads\/2021\/12\/189-60ea36942b2ca6-85280129-Zeptabs20EVO20.png\" \/>\n\t<meta property=\"og:image:width\" content=\"200\" \/>\n\t<meta property=\"og:image:height\" content=\"300\" \/>\n\t<meta property=\"og:image:type\" content=\"image\/png\" \/>\n<meta name=\"twitter:card\" content=\"summary_large_image\" \/>\n<script type=\"application\/ld+json\" class=\"yoast-schema-graph\">{\"@context\":\"https:\/\/schema.org\",\"@graph\":[{\"@type\":\"WebPage\",\"@id\":\"https:\/\/zepestonia.com\/en\/toode\/zeptabs-evo\/\",\"url\":\"https:\/\/zepestonia.com\/en\/toode\/zeptabs-evo\/\",\"name\":\"Zeptabs EVO - Konditsioneeride hooldustabletid 3:1 I ZEP Eesti\",\"isPartOf\":{\"@id\":\"https:\/\/zepestonia.com\/en\/#website\"},\"primaryImageOfPage\":{\"@id\":\"https:\/\/zepestonia.com\/en\/toode\/zeptabs-evo\/#primaryimage\"},\"image\":{\"@id\":\"https:\/\/zepestonia.com\/en\/toode\/zeptabs-evo\/#primaryimage\"},\"thumbnailUrl\":\"https:\/\/zepestonia.com\/wp-content\/uploads\/2021\/12\/189-60ea36942b2ca6-85280129-Zeptabs20EVO20.png\",\"datePublished\":\"2021-11-29T19:00:54+00:00\",\"dateModified\":\"2025-07-01T00:24:29+00:00\",\"description\":\"Tablett l\u00f5hnastab, puhastab ja kaitseb kliimaseadme kondensaadi vett, - renni ja \u00e4ravoolu. \u00dcks komplekt suudab toime tulla 5-6 kuud, jahutusv\u00f5imsusega 15-18KW.\",\"breadcrumb\":{\"@id\":\"https:\/\/zepestonia.com\/en\/toode\/zeptabs-evo\/#breadcrumb\"},\"inLanguage\":\"en-US\",\"potentialAction\":[{\"@type\":\"ReadAction\",\"target\":[\"https:\/\/zepestonia.com\/en\/toode\/zeptabs-evo\/\"]}]},{\"@type\":\"ImageObject\",\"inLanguage\":\"en-US\",\"@id\":\"https:\/\/zepestonia.com\/en\/toode\/zeptabs-evo\/#primaryimage\",\"url\":\"https:\/\/zepestonia.com\/wp-content\/uploads\/2021\/12\/189-60ea36942b2ca6-85280129-Zeptabs20EVO20.png\",\"contentUrl\":\"https:\/\/zepestonia.com\/wp-content\/uploads\/2021\/12\/189-60ea36942b2ca6-85280129-Zeptabs20EVO20.png\",\"width\":200,\"height\":300,\"caption\":\"189-60ea36942b2ca6-85280129-Zeptabs20EVO20\"},{\"@type\":\"BreadcrumbList\",\"@id\":\"https:\/\/zepestonia.com\/en\/toode\/zeptabs-evo\/#breadcrumb\",\"itemListElement\":[{\"@type\":\"ListItem\",\"position\":1,\"name\":\"Home\",\"item\":\"https:\/\/zepestonia.com\/en\/\"},{\"@type\":\"ListItem\",\"position\":2,\"name\":\"Shop\",\"item\":\"https:\/\/zepestonia.com\/en\/?page_id=4643\"},{\"@type\":\"ListItem\",\"position\":3,\"name\":\"Zeptabs EVO &#8211; Konditsioneeride hooldustabletid 3:1\"}]},{\"@type\":\"WebSite\",\"@id\":\"https:\/\/zepestonia.com\/en\/#website\",\"url\":\"https:\/\/zepestonia.com\/en\/\",\"name\":\"ZEP Eesti I Puhastusvahendid I E-pood\",\"description\":\"Pakume puhastus- ja hooldusprobleemidele efektiivseid keskkonnas\u00f5bralikke lahendusi!\",\"publisher\":{\"@id\":\"https:\/\/zepestonia.com\/en\/#organization\"},\"potentialAction\":[{\"@type\":\"SearchAction\",\"target\":{\"@type\":\"EntryPoint\",\"urlTemplate\":\"https:\/\/zepestonia.com\/en\/?s={search_term_string}\"},\"query-input\":{\"@type\":\"PropertyValueSpecification\",\"valueRequired\":true,\"valueName\":\"search_term_string\"}}],\"inLanguage\":\"en-US\"},{\"@type\":\"Organization\",\"@id\":\"https:\/\/zepestonia.com\/en\/#organization\",\"name\":\"Zep Estonia\",\"url\":\"https:\/\/zepestonia.com\/en\/\",\"logo\":{\"@type\":\"ImageObject\",\"inLanguage\":\"en-US\",\"@id\":\"https:\/\/zepestonia.com\/en\/#\/schema\/logo\/image\/\",\"url\":\"https:\/\/zepestonia.com\/wp-content\/uploads\/2022\/03\/Zep-Logo_png.jpeg\",\"contentUrl\":\"https:\/\/zepestonia.com\/wp-content\/uploads\/2022\/03\/Zep-Logo_png.jpeg\",\"width\":109,\"height\":70,\"caption\":\"Zep Estonia\"},\"image\":{\"@id\":\"https:\/\/zepestonia.com\/en\/#\/schema\/logo\/image\/\"},\"sameAs\":[\"https:\/\/www.facebook.com\/ZepEesti\"]}]}<\/script>\n<!-- \/ Yoast SEO plugin. -->","yoast_head_json":{"title":"Zeptabs EVO - Konditsioneeride hooldustabletid 3:1 I ZEP Eesti","description":"Tablett l\u00f5hnastab, puhastab ja kaitseb kliimaseadme kondensaadi vett, - renni ja \u00e4ravoolu. \u00dcks komplekt suudab toime tulla 5-6 kuud, jahutusv\u00f5imsusega 15-18KW.","robots":{"index":"index","follow":"follow","max-snippet":"max-snippet:-1","max-image-preview":"max-image-preview:large","max-video-preview":"max-video-preview:-1"},"canonical":"https:\/\/zepestonia.com\/en\/toode\/zeptabs-evo\/","og_locale":"en_US","og_type":"article","og_title":"Zeptabs EVO - Konditsioneeride hooldustabletid 3:1 I ZEP Eesti","og_description":"Tablett l\u00f5hnastab, puhastab ja kaitseb kliimaseadme kondensaadi vett, - renni ja \u00e4ravoolu. \u00dcks komplekt suudab toime tulla 5-6 kuud, jahutusv\u00f5imsusega 15-18KW.","og_url":"https:\/\/zepestonia.com\/en\/toode\/zeptabs-evo\/","og_site_name":"ZEP Eesti I Puhastusvahendid I E-pood","article_publisher":"https:\/\/www.facebook.com\/ZepEesti","article_modified_time":"2025-07-01T00:24:29+00:00","og_image":[{"width":200,"height":300,"url":"https:\/\/zepestonia.com\/wp-content\/uploads\/2021\/12\/189-60ea36942b2ca6-85280129-Zeptabs20EVO20.png","type":"image\/png"}],"twitter_card":"summary_large_image","schema":{"@context":"https:\/\/schema.org","@graph":[{"@type":"WebPage","@id":"https:\/\/zepestonia.com\/en\/toode\/zeptabs-evo\/","url":"https:\/\/zepestonia.com\/en\/toode\/zeptabs-evo\/","name":"Zeptabs EVO - Konditsioneeride hooldustabletid 3:1 I ZEP Eesti","isPartOf":{"@id":"https:\/\/zepestonia.com\/en\/#website"},"primaryImageOfPage":{"@id":"https:\/\/zepestonia.com\/en\/toode\/zeptabs-evo\/#primaryimage"},"image":{"@id":"https:\/\/zepestonia.com\/en\/toode\/zeptabs-evo\/#primaryimage"},"thumbnailUrl":"https:\/\/zepestonia.com\/wp-content\/uploads\/2021\/12\/189-60ea36942b2ca6-85280129-Zeptabs20EVO20.png","datePublished":"2021-11-29T19:00:54+00:00","dateModified":"2025-07-01T00:24:29+00:00","description":"Tablett l\u00f5hnastab, puhastab ja kaitseb kliimaseadme kondensaadi vett, - renni ja \u00e4ravoolu. \u00dcks komplekt suudab toime tulla 5-6 kuud, jahutusv\u00f5imsusega 15-18KW.","breadcrumb":{"@id":"https:\/\/zepestonia.com\/en\/toode\/zeptabs-evo\/#breadcrumb"},"inLanguage":"en-US","potentialAction":[{"@type":"ReadAction","target":["https:\/\/zepestonia.com\/en\/toode\/zeptabs-evo\/"]}]},{"@type":"ImageObject","inLanguage":"en-US","@id":"https:\/\/zepestonia.com\/en\/toode\/zeptabs-evo\/#primaryimage","url":"https:\/\/zepestonia.com\/wp-content\/uploads\/2021\/12\/189-60ea36942b2ca6-85280129-Zeptabs20EVO20.png","contentUrl":"https:\/\/zepestonia.com\/wp-content\/uploads\/2021\/12\/189-60ea36942b2ca6-85280129-Zeptabs20EVO20.png","width":200,"height":300,"caption":"189-60ea36942b2ca6-85280129-Zeptabs20EVO20"},{"@type":"BreadcrumbList","@id":"https:\/\/zepestonia.com\/en\/toode\/zeptabs-evo\/#breadcrumb","itemListElement":[{"@type":"ListItem","position":1,"name":"Home","item":"https:\/\/zepestonia.com\/en\/"},{"@type":"ListItem","position":2,"name":"Shop","item":"https:\/\/zepestonia.com\/en\/?page_id=4643"},{"@type":"ListItem","position":3,"name":"Zeptabs EVO &#8211; Konditsioneeride hooldustabletid 3:1"}]},{"@type":"WebSite","@id":"https:\/\/zepestonia.com\/en\/#website","url":"https:\/\/zepestonia.com\/en\/","name":"ZEP Eesti I Puhastusvahendid I E-pood","description":"Pakume puhastus- ja hooldusprobleemidele efektiivseid keskkonnas\u00f5bralikke lahendusi!","publisher":{"@id":"https:\/\/zepestonia.com\/en\/#organization"},"potentialAction":[{"@type":"SearchAction","target":{"@type":"EntryPoint","urlTemplate":"https:\/\/zepestonia.com\/en\/?s={search_term_string}"},"query-input":{"@type":"PropertyValueSpecification","valueRequired":true,"valueName":"search_term_string"}}],"inLanguage":"en-US"},{"@type":"Organization","@id":"https:\/\/zepestonia.com\/en\/#organization","name":"Zep Estonia","url":"https:\/\/zepestonia.com\/en\/","logo":{"@type":"ImageObject","inLanguage":"en-US","@id":"https:\/\/zepestonia.com\/en\/#\/schema\/logo\/image\/","url":"https:\/\/zepestonia.com\/wp-content\/uploads\/2022\/03\/Zep-Logo_png.jpeg","contentUrl":"https:\/\/zepestonia.com\/wp-content\/uploads\/2022\/03\/Zep-Logo_png.jpeg","width":109,"height":70,"caption":"Zep Estonia"},"image":{"@id":"https:\/\/zepestonia.com\/en\/#\/schema\/logo\/image\/"},"sameAs":["https:\/\/www.facebook.com\/ZepEesti"]}]}},"_links":{"self":[{"href":"https:\/\/zepestonia.com\/en\/wp-json\/wp\/v2\/product\/3100","targetHints":{"allow":["GET"]}}],"collection":[{"href":"https:\/\/zepestonia.com\/en\/wp-json\/wp\/v2\/product"}],"about":[{"href":"https:\/\/zepestonia.com\/en\/wp-json\/wp\/v2\/types\/product"}],"replies":[{"embeddable":true,"href":"https:\/\/zepestonia.com\/en\/wp-json\/wp\/v2\/comments?post=3100"}],"version-history":[{"count":1,"href":"https:\/\/zepestonia.com\/en\/wp-json\/wp\/v2\/product\/3100\/revisions"}],"predecessor-version":[{"id":10362,"href":"https:\/\/zepestonia.com\/en\/wp-json\/wp\/v2\/product\/3100\/revisions\/10362"}],"wp:featuredmedia":[{"embeddable":true,"href":"https:\/\/zepestonia.com\/en\/wp-json\/wp\/v2\/media\/3593"}],"wp:attachment":[{"href":"https:\/\/zepestonia.com\/en\/wp-json\/wp\/v2\/media?parent=3100"}],"wp:term":[{"taxonomy":"product_brand","embeddable":true,"href":"https:\/\/zepestonia.com\/en\/wp-json\/wp\/v2\/product_brand?post=3100"},{"taxonomy":"product_cat","embeddable":true,"href":"https:\/\/zepestonia.com\/en\/wp-json\/wp\/v2\/product_cat?post=3100"},{"taxonomy":"product_tag","embeddable":true,"href":"https:\/\/zepestonia.com\/en\/wp-json\/wp\/v2\/product_tag?post=3100"}],"curies":[{"name":"wp","href":"https:\/\/api.w.org\/{rel}","templated":true}]}}