{"id":3098,"date":"2021-11-29T19:00:54","date_gmt":"2021-11-29T19:00:54","guid":{"rendered":"https:\/\/zep.valgekana.ee\/toode\/therma-fluid-1l\/"},"modified":"2026-04-23T00:00:07","modified_gmt":"2026-04-23T00:00:07","slug":"therma-fluid-1l","status":"publish","type":"product","link":"https:\/\/zepestonia.com\/en\/toode\/therma-fluid-1l\/","title":{"rendered":"THERMA-FLUID 1L &#8211; Ummistuste kiire avaja"},"content":{"rendered":"<ul>\n<li>Vahend on kasutusvalmis.\n<ul>\n<li><strong>Trapi<\/strong> puhastamiseks valada <strong>50-100ml.<\/strong> vahendit<\/li>\n<li><strong>\u00d8 50<\/strong> Torustikku valada aeglaselt <strong>100-250ml<\/strong>. vahendit<\/li>\n<li><strong>\u00d8 100<\/strong> Torustikku valada aeglaselt <strong>300-500ml<\/strong>. vahendit<\/li>\n<\/ul>\n<\/li>\n<li>Lasta toimida 2-10 minutit.<\/li>\n<li>Uhtuda rohke k\u00fclma veega!<\/li>\n<\/ul>\n<p><strong><span style=\"color:#FF0000\">NB!<\/span><\/strong><\/p>\n<ul>\n<li>Ei tohi kasutada koos leelistega!<\/li>\n<li>Kasutada kaitseprille ja -kindaid!<\/li>\n<li>pH: &lt; 1,0<\/li>\n<li>Erikaal 1,83 g\/cm\u00b3<\/li>\n<li>Ooleum (suitsev v\u00e4\u00e4velhape)<\/li>\n<\/ul>\n","protected":false},"excerpt":{"rendered":"<p>THERMA-FLUID on v\u00e4ga kiiretoimeline ja t\u00f5hus ummistuste avaja ummistunud trappides v\u00f5i torudes, lihtsustades san.tehnikute igap\u00e4evat\u00f6\u00f6d.<br \/>\nSobib h\u00e4sti kasutamiseks kinnisvara hooldamisel, restoranides, suurk\u00f6\u00f6kides, haiglates, hotellides, juuksurisalongides jne.<\/p>\n<p>Toode on m\u00f5eldud ainult professionaalseks kasutamiseks vastavalt Euroopa  Parlamendi ja n\u00f5ukogu m\u00e4\u00e4rusele (EL) 2019\/1148.<br \/>\nM\u00fc\u00fck vaid juriidilistele isikutele!<\/p>\n","protected":false},"featured_media":3615,"comment_status":"closed","ping_status":"closed","template":"","meta":[],"product_brand":[],"product_cat":[208],"product_tag":[],"class_list":{"0":"post-3098","1":"product","2":"type-product","3":"status-publish","4":"has-post-thumbnail","6":"product_cat-heitvesi","8":"first","9":"instock","10":"taxable","11":"shipping-taxable","12":"purchasable","13":"product-type-simple"},"yoast_head":"<!-- This site is optimized with the Yoast SEO plugin v26.5 - https:\/\/yoast.com\/wordpress\/plugins\/seo\/ -->\n<title>THERMA-FLUID 1L - Ummistuste kiire avaja I ZEP Eesti<\/title>\n<meta name=\"description\" content=\"THERMA-FLUID on v\u00e4ga kiiretoimeline ja t\u00f5hus ummistuste avaja trappides v\u00f5i torudes. Sobib h\u00e4sti kasutamiseks kinnisvara hooldamise, haiglates, hotellides jne.\" \/>\n<meta name=\"robots\" content=\"index, follow, max-snippet:-1, max-image-preview:large, max-video-preview:-1\" \/>\n<link rel=\"canonical\" href=\"https:\/\/zepestonia.com\/en\/toode\/therma-fluid-1l\/\" \/>\n<meta property=\"og:locale\" content=\"en_US\" \/>\n<meta property=\"og:type\" content=\"article\" \/>\n<meta property=\"og:title\" content=\"THERMA-FLUID 1L - Ummistuste kiire avaja I ZEP Eesti\" \/>\n<meta property=\"og:description\" content=\"THERMA-FLUID on v\u00e4ga kiiretoimeline ja t\u00f5hus ummistuste avaja trappides v\u00f5i torudes. Sobib h\u00e4sti kasutamiseks kinnisvara hooldamise, haiglates, hotellides jne.\" \/>\n<meta property=\"og:url\" content=\"https:\/\/zepestonia.com\/en\/toode\/therma-fluid-1l\/\" \/>\n<meta property=\"og:site_name\" content=\"ZEP Eesti I Puhastusvahendid I E-pood\" \/>\n<meta property=\"article:publisher\" content=\"https:\/\/www.facebook.com\/ZepEesti\" \/>\n<meta property=\"article:modified_time\" content=\"2026-04-23T00:00:07+00:00\" \/>\n<meta property=\"og:image\" content=\"https:\/\/zepestonia.com\/wp-content\/uploads\/2021\/12\/196-5fb4dba8cc4445-08149042-Therma-Fluid201L20400x600.png\" \/>\n\t<meta property=\"og:image:width\" content=\"413\" \/>\n\t<meta property=\"og:image:height\" content=\"609\" \/>\n\t<meta property=\"og:image:type\" content=\"image\/png\" \/>\n<meta name=\"twitter:card\" content=\"summary_large_image\" \/>\n<meta name=\"twitter:label1\" content=\"Est. reading time\" \/>\n\t<meta name=\"twitter:data1\" content=\"1 minute\" \/>\n<script type=\"application\/ld+json\" class=\"yoast-schema-graph\">{\"@context\":\"https:\/\/schema.org\",\"@graph\":[{\"@type\":\"WebPage\",\"@id\":\"https:\/\/zepestonia.com\/en\/toode\/therma-fluid-1l\/\",\"url\":\"https:\/\/zepestonia.com\/en\/toode\/therma-fluid-1l\/\",\"name\":\"THERMA-FLUID 1L - Ummistuste kiire avaja I ZEP Eesti\",\"isPartOf\":{\"@id\":\"https:\/\/zepestonia.com\/en\/#website\"},\"primaryImageOfPage\":{\"@id\":\"https:\/\/zepestonia.com\/en\/toode\/therma-fluid-1l\/#primaryimage\"},\"image\":{\"@id\":\"https:\/\/zepestonia.com\/en\/toode\/therma-fluid-1l\/#primaryimage\"},\"thumbnailUrl\":\"https:\/\/zepestonia.com\/wp-content\/uploads\/2021\/12\/196-5fb4dba8cc4445-08149042-Therma-Fluid201L20400x600.png\",\"datePublished\":\"2021-11-29T19:00:54+00:00\",\"dateModified\":\"2026-04-23T00:00:07+00:00\",\"description\":\"THERMA-FLUID on v\u00e4ga kiiretoimeline ja t\u00f5hus ummistuste avaja trappides v\u00f5i torudes. Sobib h\u00e4sti kasutamiseks kinnisvara hooldamise, haiglates, hotellides jne.\",\"breadcrumb\":{\"@id\":\"https:\/\/zepestonia.com\/en\/toode\/therma-fluid-1l\/#breadcrumb\"},\"inLanguage\":\"en-US\",\"potentialAction\":[{\"@type\":\"ReadAction\",\"target\":[\"https:\/\/zepestonia.com\/en\/toode\/therma-fluid-1l\/\"]}]},{\"@type\":\"ImageObject\",\"inLanguage\":\"en-US\",\"@id\":\"https:\/\/zepestonia.com\/en\/toode\/therma-fluid-1l\/#primaryimage\",\"url\":\"https:\/\/zepestonia.com\/wp-content\/uploads\/2021\/12\/196-5fb4dba8cc4445-08149042-Therma-Fluid201L20400x600.png\",\"contentUrl\":\"https:\/\/zepestonia.com\/wp-content\/uploads\/2021\/12\/196-5fb4dba8cc4445-08149042-Therma-Fluid201L20400x600.png\",\"width\":413,\"height\":609,\"caption\":\"196-5fb4dba8cc4445-08149042-Therma-Fluid201L20400x600\"},{\"@type\":\"BreadcrumbList\",\"@id\":\"https:\/\/zepestonia.com\/en\/toode\/therma-fluid-1l\/#breadcrumb\",\"itemListElement\":[{\"@type\":\"ListItem\",\"position\":1,\"name\":\"Home\",\"item\":\"https:\/\/zepestonia.com\/en\/\"},{\"@type\":\"ListItem\",\"position\":2,\"name\":\"Shop\",\"item\":\"https:\/\/zepestonia.com\/en\/?page_id=4643\"},{\"@type\":\"ListItem\",\"position\":3,\"name\":\"THERMA-FLUID 1L &#8211; Ummistuste kiire avaja\"}]},{\"@type\":\"WebSite\",\"@id\":\"https:\/\/zepestonia.com\/en\/#website\",\"url\":\"https:\/\/zepestonia.com\/en\/\",\"name\":\"ZEP Eesti I Puhastusvahendid I E-pood\",\"description\":\"Pakume puhastus- ja hooldusprobleemidele efektiivseid keskkonnas\u00f5bralikke lahendusi!\",\"publisher\":{\"@id\":\"https:\/\/zepestonia.com\/en\/#organization\"},\"potentialAction\":[{\"@type\":\"SearchAction\",\"target\":{\"@type\":\"EntryPoint\",\"urlTemplate\":\"https:\/\/zepestonia.com\/en\/?s={search_term_string}\"},\"query-input\":{\"@type\":\"PropertyValueSpecification\",\"valueRequired\":true,\"valueName\":\"search_term_string\"}}],\"inLanguage\":\"en-US\"},{\"@type\":\"Organization\",\"@id\":\"https:\/\/zepestonia.com\/en\/#organization\",\"name\":\"Zep Estonia\",\"url\":\"https:\/\/zepestonia.com\/en\/\",\"logo\":{\"@type\":\"ImageObject\",\"inLanguage\":\"en-US\",\"@id\":\"https:\/\/zepestonia.com\/en\/#\/schema\/logo\/image\/\",\"url\":\"https:\/\/zepestonia.com\/wp-content\/uploads\/2022\/03\/Zep-Logo_png.jpeg\",\"contentUrl\":\"https:\/\/zepestonia.com\/wp-content\/uploads\/2022\/03\/Zep-Logo_png.jpeg\",\"width\":109,\"height\":70,\"caption\":\"Zep Estonia\"},\"image\":{\"@id\":\"https:\/\/zepestonia.com\/en\/#\/schema\/logo\/image\/\"},\"sameAs\":[\"https:\/\/www.facebook.com\/ZepEesti\"]}]}<\/script>\n<!-- \/ Yoast SEO plugin. -->","yoast_head_json":{"title":"THERMA-FLUID 1L - Ummistuste kiire avaja I ZEP Eesti","description":"THERMA-FLUID on v\u00e4ga kiiretoimeline ja t\u00f5hus ummistuste avaja trappides v\u00f5i torudes. Sobib h\u00e4sti kasutamiseks kinnisvara hooldamise, haiglates, hotellides jne.","robots":{"index":"index","follow":"follow","max-snippet":"max-snippet:-1","max-image-preview":"max-image-preview:large","max-video-preview":"max-video-preview:-1"},"canonical":"https:\/\/zepestonia.com\/en\/toode\/therma-fluid-1l\/","og_locale":"en_US","og_type":"article","og_title":"THERMA-FLUID 1L - Ummistuste kiire avaja I ZEP Eesti","og_description":"THERMA-FLUID on v\u00e4ga kiiretoimeline ja t\u00f5hus ummistuste avaja trappides v\u00f5i torudes. Sobib h\u00e4sti kasutamiseks kinnisvara hooldamise, haiglates, hotellides jne.","og_url":"https:\/\/zepestonia.com\/en\/toode\/therma-fluid-1l\/","og_site_name":"ZEP Eesti I Puhastusvahendid I E-pood","article_publisher":"https:\/\/www.facebook.com\/ZepEesti","article_modified_time":"2026-04-23T00:00:07+00:00","og_image":[{"width":413,"height":609,"url":"https:\/\/zepestonia.com\/wp-content\/uploads\/2021\/12\/196-5fb4dba8cc4445-08149042-Therma-Fluid201L20400x600.png","type":"image\/png"}],"twitter_card":"summary_large_image","twitter_misc":{"Est. reading time":"1 minute"},"schema":{"@context":"https:\/\/schema.org","@graph":[{"@type":"WebPage","@id":"https:\/\/zepestonia.com\/en\/toode\/therma-fluid-1l\/","url":"https:\/\/zepestonia.com\/en\/toode\/therma-fluid-1l\/","name":"THERMA-FLUID 1L - Ummistuste kiire avaja I ZEP Eesti","isPartOf":{"@id":"https:\/\/zepestonia.com\/en\/#website"},"primaryImageOfPage":{"@id":"https:\/\/zepestonia.com\/en\/toode\/therma-fluid-1l\/#primaryimage"},"image":{"@id":"https:\/\/zepestonia.com\/en\/toode\/therma-fluid-1l\/#primaryimage"},"thumbnailUrl":"https:\/\/zepestonia.com\/wp-content\/uploads\/2021\/12\/196-5fb4dba8cc4445-08149042-Therma-Fluid201L20400x600.png","datePublished":"2021-11-29T19:00:54+00:00","dateModified":"2026-04-23T00:00:07+00:00","description":"THERMA-FLUID on v\u00e4ga kiiretoimeline ja t\u00f5hus ummistuste avaja trappides v\u00f5i torudes. Sobib h\u00e4sti kasutamiseks kinnisvara hooldamise, haiglates, hotellides jne.","breadcrumb":{"@id":"https:\/\/zepestonia.com\/en\/toode\/therma-fluid-1l\/#breadcrumb"},"inLanguage":"en-US","potentialAction":[{"@type":"ReadAction","target":["https:\/\/zepestonia.com\/en\/toode\/therma-fluid-1l\/"]}]},{"@type":"ImageObject","inLanguage":"en-US","@id":"https:\/\/zepestonia.com\/en\/toode\/therma-fluid-1l\/#primaryimage","url":"https:\/\/zepestonia.com\/wp-content\/uploads\/2021\/12\/196-5fb4dba8cc4445-08149042-Therma-Fluid201L20400x600.png","contentUrl":"https:\/\/zepestonia.com\/wp-content\/uploads\/2021\/12\/196-5fb4dba8cc4445-08149042-Therma-Fluid201L20400x600.png","width":413,"height":609,"caption":"196-5fb4dba8cc4445-08149042-Therma-Fluid201L20400x600"},{"@type":"BreadcrumbList","@id":"https:\/\/zepestonia.com\/en\/toode\/therma-fluid-1l\/#breadcrumb","itemListElement":[{"@type":"ListItem","position":1,"name":"Home","item":"https:\/\/zepestonia.com\/en\/"},{"@type":"ListItem","position":2,"name":"Shop","item":"https:\/\/zepestonia.com\/en\/?page_id=4643"},{"@type":"ListItem","position":3,"name":"THERMA-FLUID 1L &#8211; Ummistuste kiire avaja"}]},{"@type":"WebSite","@id":"https:\/\/zepestonia.com\/en\/#website","url":"https:\/\/zepestonia.com\/en\/","name":"ZEP Eesti I Puhastusvahendid I E-pood","description":"Pakume puhastus- ja hooldusprobleemidele efektiivseid keskkonnas\u00f5bralikke lahendusi!","publisher":{"@id":"https:\/\/zepestonia.com\/en\/#organization"},"potentialAction":[{"@type":"SearchAction","target":{"@type":"EntryPoint","urlTemplate":"https:\/\/zepestonia.com\/en\/?s={search_term_string}"},"query-input":{"@type":"PropertyValueSpecification","valueRequired":true,"valueName":"search_term_string"}}],"inLanguage":"en-US"},{"@type":"Organization","@id":"https:\/\/zepestonia.com\/en\/#organization","name":"Zep Estonia","url":"https:\/\/zepestonia.com\/en\/","logo":{"@type":"ImageObject","inLanguage":"en-US","@id":"https:\/\/zepestonia.com\/en\/#\/schema\/logo\/image\/","url":"https:\/\/zepestonia.com\/wp-content\/uploads\/2022\/03\/Zep-Logo_png.jpeg","contentUrl":"https:\/\/zepestonia.com\/wp-content\/uploads\/2022\/03\/Zep-Logo_png.jpeg","width":109,"height":70,"caption":"Zep Estonia"},"image":{"@id":"https:\/\/zepestonia.com\/en\/#\/schema\/logo\/image\/"},"sameAs":["https:\/\/www.facebook.com\/ZepEesti"]}]}},"_links":{"self":[{"href":"https:\/\/zepestonia.com\/en\/wp-json\/wp\/v2\/product\/3098","targetHints":{"allow":["GET"]}}],"collection":[{"href":"https:\/\/zepestonia.com\/en\/wp-json\/wp\/v2\/product"}],"about":[{"href":"https:\/\/zepestonia.com\/en\/wp-json\/wp\/v2\/types\/product"}],"replies":[{"embeddable":true,"href":"https:\/\/zepestonia.com\/en\/wp-json\/wp\/v2\/comments?post=3098"}],"version-history":[{"count":5,"href":"https:\/\/zepestonia.com\/en\/wp-json\/wp\/v2\/product\/3098\/revisions"}],"predecessor-version":[{"id":13701,"href":"https:\/\/zepestonia.com\/en\/wp-json\/wp\/v2\/product\/3098\/revisions\/13701"}],"wp:featuredmedia":[{"embeddable":true,"href":"https:\/\/zepestonia.com\/en\/wp-json\/wp\/v2\/media\/3615"}],"wp:attachment":[{"href":"https:\/\/zepestonia.com\/en\/wp-json\/wp\/v2\/media?parent=3098"}],"wp:term":[{"taxonomy":"product_brand","embeddable":true,"href":"https:\/\/zepestonia.com\/en\/wp-json\/wp\/v2\/product_brand?post=3098"},{"taxonomy":"product_cat","embeddable":true,"href":"https:\/\/zepestonia.com\/en\/wp-json\/wp\/v2\/product_cat?post=3098"},{"taxonomy":"product_tag","embeddable":true,"href":"https:\/\/zepestonia.com\/en\/wp-json\/wp\/v2\/product_tag?post=3098"}],"curies":[{"name":"wp","href":"https:\/\/api.w.org\/{rel}","templated":true}]}}