{"id":3092,"date":"2021-11-29T19:00:54","date_gmt":"2021-11-29T19:00:54","guid":{"rendered":"https:\/\/zep.valgekana.ee\/toode\/c-900-1l\/"},"modified":"2025-07-01T00:23:18","modified_gmt":"2025-07-01T00:23:18","slug":"c-900-1l","status":"publish","type":"product","link":"https:\/\/zepestonia.com\/en\/toode\/c-900-1l\/","title":{"rendered":"C 900  1L &#8211; Rasvaeemaldusvahend"},"content":{"rendered":"<p><strong>K\u00e4sitsi puhastus:<\/strong><\/p>\n<ul>\n<li>T\u00f6\u00f6stusp\u00f5randad&nbsp; 5-20%<\/li>\n<li>Kerge m\u00e4\u00e4rdumine 10-30%<\/li>\n<li>Tugev m\u00e4\u00e4rdumine 5-20%<\/li>\n<\/ul>\n<p><strong>Automaatne puhastus:<\/strong><\/p>\n<ul>\n<li>Masinpesu 2-5%<\/li>\n<li>Survepesu 3-10%<\/li>\n<li>Ultrahelipesu 1-5%<\/li>\n<\/ul>\n<p>pH 11,0<br \/>\n&nbsp;<\/p>\n","protected":false},"excerpt":{"rendered":"<p>Puhastab t\u00f6\u00f6pinke, \u00f5liplekilisi p\u00f5randaid, presenti, paate, tr\u00fckimasinaid.<br \/>\nSee ei ole tuleohtlik ega sisalda kahjulikke aure, ei ole s\u00f6\u00f6vitav ja sobib k\u00f5igi materjalidega.<br \/>\nSeda kasutatakse pihustiga v\u00f5i pintsliga., eemaldades muda-, \u00f5li- ja rasvaj\u00e4\u00e4gid.<\/p>\n","protected":false},"featured_media":5006,"comment_status":"closed","ping_status":"closed","template":"","meta":[],"product_brand":[],"product_cat":[196],"product_tag":[],"class_list":{"0":"post-3092","1":"product","2":"type-product","3":"status-publish","4":"has-post-thumbnail","6":"product_cat-suvapuhastus","8":"first","9":"instock","10":"taxable","11":"shipping-taxable","12":"purchasable","13":"product-type-simple"},"yoast_head":"<!-- This site is optimized with the Yoast SEO plugin v26.5 - https:\/\/yoast.com\/wordpress\/plugins\/seo\/ -->\n<title>C 900 1L - Rasvaeemaldusvahend, erinevates kogustes I ZEP Eesti<\/title>\n<meta name=\"description\" content=\"Puhastab t\u00f6\u00f6pinke, \u00f5liplekilisi p\u00f5randaid, presenti, paate, tr\u00fckimasinaid. Ei ole tuleohtlik, s\u00f6\u00f6vitav ega sisalda kahjulikke aure. Sobib k\u00f5igi materjalidega.\" \/>\n<meta name=\"robots\" content=\"index, follow, max-snippet:-1, max-image-preview:large, max-video-preview:-1\" \/>\n<link rel=\"canonical\" href=\"https:\/\/zepestonia.com\/en\/toode\/c-900-1l\/\" \/>\n<meta property=\"og:locale\" content=\"en_US\" \/>\n<meta property=\"og:type\" content=\"article\" \/>\n<meta property=\"og:title\" content=\"C 900 1L - Rasvaeemaldusvahend, erinevates kogustes I ZEP Eesti\" \/>\n<meta property=\"og:description\" content=\"Puhastab t\u00f6\u00f6pinke, \u00f5liplekilisi p\u00f5randaid, presenti, paate, tr\u00fckimasinaid. Ei ole tuleohtlik, s\u00f6\u00f6vitav ega sisalda kahjulikke aure. Sobib k\u00f5igi materjalidega.\" \/>\n<meta property=\"og:url\" content=\"https:\/\/zepestonia.com\/en\/toode\/c-900-1l\/\" \/>\n<meta property=\"og:site_name\" content=\"ZEP Eesti I Puhastusvahendid I E-pood\" \/>\n<meta property=\"article:publisher\" content=\"https:\/\/www.facebook.com\/ZepEesti\" \/>\n<meta property=\"article:modified_time\" content=\"2025-07-01T00:23:18+00:00\" \/>\n<meta property=\"og:image\" content=\"https:\/\/zepestonia.com\/wp-content\/uploads\/2022\/02\/C-900-2.png\" \/>\n\t<meta property=\"og:image:width\" content=\"200\" \/>\n\t<meta property=\"og:image:height\" content=\"300\" \/>\n\t<meta property=\"og:image:type\" content=\"image\/png\" \/>\n<meta name=\"twitter:card\" content=\"summary_large_image\" \/>\n<script type=\"application\/ld+json\" class=\"yoast-schema-graph\">{\"@context\":\"https:\/\/schema.org\",\"@graph\":[{\"@type\":\"WebPage\",\"@id\":\"https:\/\/zepestonia.com\/en\/toode\/c-900-1l\/\",\"url\":\"https:\/\/zepestonia.com\/en\/toode\/c-900-1l\/\",\"name\":\"C 900 1L - Rasvaeemaldusvahend, erinevates kogustes I ZEP Eesti\",\"isPartOf\":{\"@id\":\"https:\/\/zepestonia.com\/en\/#website\"},\"primaryImageOfPage\":{\"@id\":\"https:\/\/zepestonia.com\/en\/toode\/c-900-1l\/#primaryimage\"},\"image\":{\"@id\":\"https:\/\/zepestonia.com\/en\/toode\/c-900-1l\/#primaryimage\"},\"thumbnailUrl\":\"https:\/\/zepestonia.com\/wp-content\/uploads\/2022\/02\/C-900-2.png\",\"datePublished\":\"2021-11-29T19:00:54+00:00\",\"dateModified\":\"2025-07-01T00:23:18+00:00\",\"description\":\"Puhastab t\u00f6\u00f6pinke, \u00f5liplekilisi p\u00f5randaid, presenti, paate, tr\u00fckimasinaid. Ei ole tuleohtlik, s\u00f6\u00f6vitav ega sisalda kahjulikke aure. Sobib k\u00f5igi materjalidega.\",\"breadcrumb\":{\"@id\":\"https:\/\/zepestonia.com\/en\/toode\/c-900-1l\/#breadcrumb\"},\"inLanguage\":\"en-US\",\"potentialAction\":[{\"@type\":\"ReadAction\",\"target\":[\"https:\/\/zepestonia.com\/en\/toode\/c-900-1l\/\"]}]},{\"@type\":\"ImageObject\",\"inLanguage\":\"en-US\",\"@id\":\"https:\/\/zepestonia.com\/en\/toode\/c-900-1l\/#primaryimage\",\"url\":\"https:\/\/zepestonia.com\/wp-content\/uploads\/2022\/02\/C-900-2.png\",\"contentUrl\":\"https:\/\/zepestonia.com\/wp-content\/uploads\/2022\/02\/C-900-2.png\",\"width\":200,\"height\":300,\"caption\":\"C-900-2\"},{\"@type\":\"BreadcrumbList\",\"@id\":\"https:\/\/zepestonia.com\/en\/toode\/c-900-1l\/#breadcrumb\",\"itemListElement\":[{\"@type\":\"ListItem\",\"position\":1,\"name\":\"Home\",\"item\":\"https:\/\/zepestonia.com\/en\/\"},{\"@type\":\"ListItem\",\"position\":2,\"name\":\"Shop\",\"item\":\"https:\/\/zepestonia.com\/en\/?page_id=4643\"},{\"@type\":\"ListItem\",\"position\":3,\"name\":\"C 900 1L &#8211; Rasvaeemaldusvahend\"}]},{\"@type\":\"WebSite\",\"@id\":\"https:\/\/zepestonia.com\/en\/#website\",\"url\":\"https:\/\/zepestonia.com\/en\/\",\"name\":\"ZEP Eesti I Puhastusvahendid I E-pood\",\"description\":\"Pakume puhastus- ja hooldusprobleemidele efektiivseid keskkonnas\u00f5bralikke lahendusi!\",\"publisher\":{\"@id\":\"https:\/\/zepestonia.com\/en\/#organization\"},\"potentialAction\":[{\"@type\":\"SearchAction\",\"target\":{\"@type\":\"EntryPoint\",\"urlTemplate\":\"https:\/\/zepestonia.com\/en\/?s={search_term_string}\"},\"query-input\":{\"@type\":\"PropertyValueSpecification\",\"valueRequired\":true,\"valueName\":\"search_term_string\"}}],\"inLanguage\":\"en-US\"},{\"@type\":\"Organization\",\"@id\":\"https:\/\/zepestonia.com\/en\/#organization\",\"name\":\"Zep Estonia\",\"url\":\"https:\/\/zepestonia.com\/en\/\",\"logo\":{\"@type\":\"ImageObject\",\"inLanguage\":\"en-US\",\"@id\":\"https:\/\/zepestonia.com\/en\/#\/schema\/logo\/image\/\",\"url\":\"https:\/\/zepestonia.com\/wp-content\/uploads\/2022\/03\/Zep-Logo_png.jpeg\",\"contentUrl\":\"https:\/\/zepestonia.com\/wp-content\/uploads\/2022\/03\/Zep-Logo_png.jpeg\",\"width\":109,\"height\":70,\"caption\":\"Zep Estonia\"},\"image\":{\"@id\":\"https:\/\/zepestonia.com\/en\/#\/schema\/logo\/image\/\"},\"sameAs\":[\"https:\/\/www.facebook.com\/ZepEesti\"]}]}<\/script>\n<!-- \/ Yoast SEO plugin. -->","yoast_head_json":{"title":"C 900 1L - Rasvaeemaldusvahend, erinevates kogustes I ZEP Eesti","description":"Puhastab t\u00f6\u00f6pinke, \u00f5liplekilisi p\u00f5randaid, presenti, paate, tr\u00fckimasinaid. Ei ole tuleohtlik, s\u00f6\u00f6vitav ega sisalda kahjulikke aure. Sobib k\u00f5igi materjalidega.","robots":{"index":"index","follow":"follow","max-snippet":"max-snippet:-1","max-image-preview":"max-image-preview:large","max-video-preview":"max-video-preview:-1"},"canonical":"https:\/\/zepestonia.com\/en\/toode\/c-900-1l\/","og_locale":"en_US","og_type":"article","og_title":"C 900 1L - Rasvaeemaldusvahend, erinevates kogustes I ZEP Eesti","og_description":"Puhastab t\u00f6\u00f6pinke, \u00f5liplekilisi p\u00f5randaid, presenti, paate, tr\u00fckimasinaid. Ei ole tuleohtlik, s\u00f6\u00f6vitav ega sisalda kahjulikke aure. Sobib k\u00f5igi materjalidega.","og_url":"https:\/\/zepestonia.com\/en\/toode\/c-900-1l\/","og_site_name":"ZEP Eesti I Puhastusvahendid I E-pood","article_publisher":"https:\/\/www.facebook.com\/ZepEesti","article_modified_time":"2025-07-01T00:23:18+00:00","og_image":[{"width":200,"height":300,"url":"https:\/\/zepestonia.com\/wp-content\/uploads\/2022\/02\/C-900-2.png","type":"image\/png"}],"twitter_card":"summary_large_image","schema":{"@context":"https:\/\/schema.org","@graph":[{"@type":"WebPage","@id":"https:\/\/zepestonia.com\/en\/toode\/c-900-1l\/","url":"https:\/\/zepestonia.com\/en\/toode\/c-900-1l\/","name":"C 900 1L - Rasvaeemaldusvahend, erinevates kogustes I ZEP Eesti","isPartOf":{"@id":"https:\/\/zepestonia.com\/en\/#website"},"primaryImageOfPage":{"@id":"https:\/\/zepestonia.com\/en\/toode\/c-900-1l\/#primaryimage"},"image":{"@id":"https:\/\/zepestonia.com\/en\/toode\/c-900-1l\/#primaryimage"},"thumbnailUrl":"https:\/\/zepestonia.com\/wp-content\/uploads\/2022\/02\/C-900-2.png","datePublished":"2021-11-29T19:00:54+00:00","dateModified":"2025-07-01T00:23:18+00:00","description":"Puhastab t\u00f6\u00f6pinke, \u00f5liplekilisi p\u00f5randaid, presenti, paate, tr\u00fckimasinaid. Ei ole tuleohtlik, s\u00f6\u00f6vitav ega sisalda kahjulikke aure. Sobib k\u00f5igi materjalidega.","breadcrumb":{"@id":"https:\/\/zepestonia.com\/en\/toode\/c-900-1l\/#breadcrumb"},"inLanguage":"en-US","potentialAction":[{"@type":"ReadAction","target":["https:\/\/zepestonia.com\/en\/toode\/c-900-1l\/"]}]},{"@type":"ImageObject","inLanguage":"en-US","@id":"https:\/\/zepestonia.com\/en\/toode\/c-900-1l\/#primaryimage","url":"https:\/\/zepestonia.com\/wp-content\/uploads\/2022\/02\/C-900-2.png","contentUrl":"https:\/\/zepestonia.com\/wp-content\/uploads\/2022\/02\/C-900-2.png","width":200,"height":300,"caption":"C-900-2"},{"@type":"BreadcrumbList","@id":"https:\/\/zepestonia.com\/en\/toode\/c-900-1l\/#breadcrumb","itemListElement":[{"@type":"ListItem","position":1,"name":"Home","item":"https:\/\/zepestonia.com\/en\/"},{"@type":"ListItem","position":2,"name":"Shop","item":"https:\/\/zepestonia.com\/en\/?page_id=4643"},{"@type":"ListItem","position":3,"name":"C 900 1L &#8211; Rasvaeemaldusvahend"}]},{"@type":"WebSite","@id":"https:\/\/zepestonia.com\/en\/#website","url":"https:\/\/zepestonia.com\/en\/","name":"ZEP Eesti I Puhastusvahendid I E-pood","description":"Pakume puhastus- ja hooldusprobleemidele efektiivseid keskkonnas\u00f5bralikke lahendusi!","publisher":{"@id":"https:\/\/zepestonia.com\/en\/#organization"},"potentialAction":[{"@type":"SearchAction","target":{"@type":"EntryPoint","urlTemplate":"https:\/\/zepestonia.com\/en\/?s={search_term_string}"},"query-input":{"@type":"PropertyValueSpecification","valueRequired":true,"valueName":"search_term_string"}}],"inLanguage":"en-US"},{"@type":"Organization","@id":"https:\/\/zepestonia.com\/en\/#organization","name":"Zep Estonia","url":"https:\/\/zepestonia.com\/en\/","logo":{"@type":"ImageObject","inLanguage":"en-US","@id":"https:\/\/zepestonia.com\/en\/#\/schema\/logo\/image\/","url":"https:\/\/zepestonia.com\/wp-content\/uploads\/2022\/03\/Zep-Logo_png.jpeg","contentUrl":"https:\/\/zepestonia.com\/wp-content\/uploads\/2022\/03\/Zep-Logo_png.jpeg","width":109,"height":70,"caption":"Zep Estonia"},"image":{"@id":"https:\/\/zepestonia.com\/en\/#\/schema\/logo\/image\/"},"sameAs":["https:\/\/www.facebook.com\/ZepEesti"]}]}},"_links":{"self":[{"href":"https:\/\/zepestonia.com\/en\/wp-json\/wp\/v2\/product\/3092","targetHints":{"allow":["GET"]}}],"collection":[{"href":"https:\/\/zepestonia.com\/en\/wp-json\/wp\/v2\/product"}],"about":[{"href":"https:\/\/zepestonia.com\/en\/wp-json\/wp\/v2\/types\/product"}],"replies":[{"embeddable":true,"href":"https:\/\/zepestonia.com\/en\/wp-json\/wp\/v2\/comments?post=3092"}],"version-history":[{"count":1,"href":"https:\/\/zepestonia.com\/en\/wp-json\/wp\/v2\/product\/3092\/revisions"}],"predecessor-version":[{"id":12308,"href":"https:\/\/zepestonia.com\/en\/wp-json\/wp\/v2\/product\/3092\/revisions\/12308"}],"wp:featuredmedia":[{"embeddable":true,"href":"https:\/\/zepestonia.com\/en\/wp-json\/wp\/v2\/media\/5006"}],"wp:attachment":[{"href":"https:\/\/zepestonia.com\/en\/wp-json\/wp\/v2\/media?parent=3092"}],"wp:term":[{"taxonomy":"product_brand","embeddable":true,"href":"https:\/\/zepestonia.com\/en\/wp-json\/wp\/v2\/product_brand?post=3092"},{"taxonomy":"product_cat","embeddable":true,"href":"https:\/\/zepestonia.com\/en\/wp-json\/wp\/v2\/product_cat?post=3092"},{"taxonomy":"product_tag","embeddable":true,"href":"https:\/\/zepestonia.com\/en\/wp-json\/wp\/v2\/product_tag?post=3092"}],"curies":[{"name":"wp","href":"https:\/\/api.w.org\/{rel}","templated":true}]}}