{"id":3089,"date":"2021-11-29T19:00:53","date_gmt":"2021-11-29T19:00:53","guid":{"rendered":"https:\/\/zep.valgekana.ee\/toode\/super-royal-flush\/"},"modified":"2026-03-17T07:04:56","modified_gmt":"2026-03-17T07:04:56","slug":"super-royal-flush","status":"publish","type":"product","link":"https:\/\/zepestonia.com\/en\/toode\/super-royal-flush\/","title":{"rendered":"BIOFLUSH* &#8211; Bioloogiline Pissuaari tablet"},"content":{"rendered":"<ul>\n<li><span style=\"font-size:14px\"><span class=\"markedContent\" id=\"page3R_mcid38\"><span dir=\"ltr\" role=\"presentation\" style=\"left: 90px;top: 760.144px;font-family: sans-serif\">Paigaldada \u00fcks tablett ko<\/span><span dir=\"ltr\" role=\"presentation\" style=\"left: 313.633px;top: 760.144px;font-family: sans-serif\">os pakendiga pissuaari.<\/span><\/span><\/span><\/li>\n<\/ul>\n","protected":false},"excerpt":{"rendered":"<p>Bioflush kasutab looduslikke uuendatavate loodusvarude tugevust, et eemaldada l\u00f5hnad ja hoida torustik puhtana.<br \/>\nPromikroobid v\u00e4hendavad haisusid p\u00f5hjustavat orgaanikat j\u00e4ttes tualetti v\u00e4rske meeldiva \u00f5una l\u00f5hna.<br \/>\nOmab \u00d6kologo sertifikaati CCD-110.<br \/>\nTorustik on pidevalt kaitstud promikroobide poolt, mis v\u00e4hendavad haisusid tekitavat orgaanikat.<br \/>\nHappe osakesed ei lase ladestuda kuse- ja katlakivil.<br \/>\nT\u00e4nu spetsiaalsele pakendile on toodet mugav ja ohutu k\u00e4idelda.<\/p>\n","protected":false},"featured_media":3657,"comment_status":"closed","ping_status":"closed","template":"","meta":[],"product_brand":[],"product_cat":[208],"product_tag":[],"class_list":{"0":"post-3089","1":"product","2":"type-product","3":"status-publish","4":"has-post-thumbnail","6":"product_cat-heitvesi","8":"first","9":"instock","10":"taxable","11":"shipping-taxable","12":"purchasable","13":"product-type-simple"},"yoast_head":"<!-- This site is optimized with the Yoast SEO plugin v26.5 - https:\/\/yoast.com\/wordpress\/plugins\/seo\/ -->\n<title>BIOFLUSH* - Bioloogiline Pissuaari tablet I ZEP Eesti<\/title>\n<meta name=\"description\" content=\"Bioloogiline pissuaari tablett elimineerib l\u00f5hnad ning hoiab torustiku puhtana. Vahendis olevad ained v\u00e4hendavad haisusid ning j\u00e4tab tualetti v\u00e4rske l\u00f5hna.\" \/>\n<meta name=\"robots\" content=\"index, follow, max-snippet:-1, max-image-preview:large, max-video-preview:-1\" \/>\n<link rel=\"canonical\" href=\"https:\/\/zepestonia.com\/en\/toode\/super-royal-flush\/\" \/>\n<meta property=\"og:locale\" content=\"en_US\" \/>\n<meta property=\"og:type\" content=\"article\" \/>\n<meta property=\"og:title\" content=\"BIOFLUSH* - Bioloogiline Pissuaari tablet I ZEP Eesti\" \/>\n<meta property=\"og:description\" content=\"Bioloogiline pissuaari tablett elimineerib l\u00f5hnad ning hoiab torustiku puhtana. Vahendis olevad ained v\u00e4hendavad haisusid ning j\u00e4tab tualetti v\u00e4rske l\u00f5hna.\" \/>\n<meta property=\"og:url\" content=\"https:\/\/zepestonia.com\/en\/toode\/super-royal-flush\/\" \/>\n<meta property=\"og:site_name\" content=\"ZEP Eesti I Puhastusvahendid I E-pood\" \/>\n<meta property=\"article:publisher\" content=\"https:\/\/www.facebook.com\/ZepEesti\" \/>\n<meta property=\"article:modified_time\" content=\"2026-03-17T07:04:56+00:00\" \/>\n<meta property=\"og:image\" content=\"https:\/\/zepestonia.com\/wp-content\/uploads\/2021\/12\/664-60ea2e5f84f3a4-02863330-Super20Royal20Flush20.png\" \/>\n\t<meta property=\"og:image:width\" content=\"200\" \/>\n\t<meta property=\"og:image:height\" content=\"300\" \/>\n\t<meta property=\"og:image:type\" content=\"image\/png\" \/>\n<meta name=\"twitter:card\" content=\"summary_large_image\" \/>\n<script type=\"application\/ld+json\" class=\"yoast-schema-graph\">{\"@context\":\"https:\/\/schema.org\",\"@graph\":[{\"@type\":\"WebPage\",\"@id\":\"https:\/\/zepestonia.com\/en\/toode\/super-royal-flush\/\",\"url\":\"https:\/\/zepestonia.com\/en\/toode\/super-royal-flush\/\",\"name\":\"BIOFLUSH* - Bioloogiline Pissuaari tablet I ZEP Eesti\",\"isPartOf\":{\"@id\":\"https:\/\/zepestonia.com\/en\/#website\"},\"primaryImageOfPage\":{\"@id\":\"https:\/\/zepestonia.com\/en\/toode\/super-royal-flush\/#primaryimage\"},\"image\":{\"@id\":\"https:\/\/zepestonia.com\/en\/toode\/super-royal-flush\/#primaryimage\"},\"thumbnailUrl\":\"https:\/\/zepestonia.com\/wp-content\/uploads\/2021\/12\/664-60ea2e5f84f3a4-02863330-Super20Royal20Flush20.png\",\"datePublished\":\"2021-11-29T19:00:53+00:00\",\"dateModified\":\"2026-03-17T07:04:56+00:00\",\"description\":\"Bioloogiline pissuaari tablett elimineerib l\u00f5hnad ning hoiab torustiku puhtana. Vahendis olevad ained v\u00e4hendavad haisusid ning j\u00e4tab tualetti v\u00e4rske l\u00f5hna.\",\"breadcrumb\":{\"@id\":\"https:\/\/zepestonia.com\/en\/toode\/super-royal-flush\/#breadcrumb\"},\"inLanguage\":\"en-US\",\"potentialAction\":[{\"@type\":\"ReadAction\",\"target\":[\"https:\/\/zepestonia.com\/en\/toode\/super-royal-flush\/\"]}]},{\"@type\":\"ImageObject\",\"inLanguage\":\"en-US\",\"@id\":\"https:\/\/zepestonia.com\/en\/toode\/super-royal-flush\/#primaryimage\",\"url\":\"https:\/\/zepestonia.com\/wp-content\/uploads\/2021\/12\/664-60ea2e5f84f3a4-02863330-Super20Royal20Flush20.png\",\"contentUrl\":\"https:\/\/zepestonia.com\/wp-content\/uploads\/2021\/12\/664-60ea2e5f84f3a4-02863330-Super20Royal20Flush20.png\",\"width\":200,\"height\":300,\"caption\":\"664-60ea2e5f84f3a4-02863330-Super20Royal20Flush20\"},{\"@type\":\"BreadcrumbList\",\"@id\":\"https:\/\/zepestonia.com\/en\/toode\/super-royal-flush\/#breadcrumb\",\"itemListElement\":[{\"@type\":\"ListItem\",\"position\":1,\"name\":\"Home\",\"item\":\"https:\/\/zepestonia.com\/en\/\"},{\"@type\":\"ListItem\",\"position\":2,\"name\":\"Shop\",\"item\":\"https:\/\/zepestonia.com\/en\/?page_id=4643\"},{\"@type\":\"ListItem\",\"position\":3,\"name\":\"BIOFLUSH* &#8211; Bioloogiline Pissuaari tablet\"}]},{\"@type\":\"WebSite\",\"@id\":\"https:\/\/zepestonia.com\/en\/#website\",\"url\":\"https:\/\/zepestonia.com\/en\/\",\"name\":\"ZEP Eesti I Puhastusvahendid I E-pood\",\"description\":\"Pakume puhastus- ja hooldusprobleemidele efektiivseid keskkonnas\u00f5bralikke lahendusi!\",\"publisher\":{\"@id\":\"https:\/\/zepestonia.com\/en\/#organization\"},\"potentialAction\":[{\"@type\":\"SearchAction\",\"target\":{\"@type\":\"EntryPoint\",\"urlTemplate\":\"https:\/\/zepestonia.com\/en\/?s={search_term_string}\"},\"query-input\":{\"@type\":\"PropertyValueSpecification\",\"valueRequired\":true,\"valueName\":\"search_term_string\"}}],\"inLanguage\":\"en-US\"},{\"@type\":\"Organization\",\"@id\":\"https:\/\/zepestonia.com\/en\/#organization\",\"name\":\"Zep Estonia\",\"url\":\"https:\/\/zepestonia.com\/en\/\",\"logo\":{\"@type\":\"ImageObject\",\"inLanguage\":\"en-US\",\"@id\":\"https:\/\/zepestonia.com\/en\/#\/schema\/logo\/image\/\",\"url\":\"https:\/\/zepestonia.com\/wp-content\/uploads\/2022\/03\/Zep-Logo_png.jpeg\",\"contentUrl\":\"https:\/\/zepestonia.com\/wp-content\/uploads\/2022\/03\/Zep-Logo_png.jpeg\",\"width\":109,\"height\":70,\"caption\":\"Zep Estonia\"},\"image\":{\"@id\":\"https:\/\/zepestonia.com\/en\/#\/schema\/logo\/image\/\"},\"sameAs\":[\"https:\/\/www.facebook.com\/ZepEesti\"]}]}<\/script>\n<!-- \/ Yoast SEO plugin. -->","yoast_head_json":{"title":"BIOFLUSH* - Bioloogiline Pissuaari tablet I ZEP Eesti","description":"Bioloogiline pissuaari tablett elimineerib l\u00f5hnad ning hoiab torustiku puhtana. Vahendis olevad ained v\u00e4hendavad haisusid ning j\u00e4tab tualetti v\u00e4rske l\u00f5hna.","robots":{"index":"index","follow":"follow","max-snippet":"max-snippet:-1","max-image-preview":"max-image-preview:large","max-video-preview":"max-video-preview:-1"},"canonical":"https:\/\/zepestonia.com\/en\/toode\/super-royal-flush\/","og_locale":"en_US","og_type":"article","og_title":"BIOFLUSH* - Bioloogiline Pissuaari tablet I ZEP Eesti","og_description":"Bioloogiline pissuaari tablett elimineerib l\u00f5hnad ning hoiab torustiku puhtana. Vahendis olevad ained v\u00e4hendavad haisusid ning j\u00e4tab tualetti v\u00e4rske l\u00f5hna.","og_url":"https:\/\/zepestonia.com\/en\/toode\/super-royal-flush\/","og_site_name":"ZEP Eesti I Puhastusvahendid I E-pood","article_publisher":"https:\/\/www.facebook.com\/ZepEesti","article_modified_time":"2026-03-17T07:04:56+00:00","og_image":[{"width":200,"height":300,"url":"https:\/\/zepestonia.com\/wp-content\/uploads\/2021\/12\/664-60ea2e5f84f3a4-02863330-Super20Royal20Flush20.png","type":"image\/png"}],"twitter_card":"summary_large_image","schema":{"@context":"https:\/\/schema.org","@graph":[{"@type":"WebPage","@id":"https:\/\/zepestonia.com\/en\/toode\/super-royal-flush\/","url":"https:\/\/zepestonia.com\/en\/toode\/super-royal-flush\/","name":"BIOFLUSH* - Bioloogiline Pissuaari tablet I ZEP Eesti","isPartOf":{"@id":"https:\/\/zepestonia.com\/en\/#website"},"primaryImageOfPage":{"@id":"https:\/\/zepestonia.com\/en\/toode\/super-royal-flush\/#primaryimage"},"image":{"@id":"https:\/\/zepestonia.com\/en\/toode\/super-royal-flush\/#primaryimage"},"thumbnailUrl":"https:\/\/zepestonia.com\/wp-content\/uploads\/2021\/12\/664-60ea2e5f84f3a4-02863330-Super20Royal20Flush20.png","datePublished":"2021-11-29T19:00:53+00:00","dateModified":"2026-03-17T07:04:56+00:00","description":"Bioloogiline pissuaari tablett elimineerib l\u00f5hnad ning hoiab torustiku puhtana. Vahendis olevad ained v\u00e4hendavad haisusid ning j\u00e4tab tualetti v\u00e4rske l\u00f5hna.","breadcrumb":{"@id":"https:\/\/zepestonia.com\/en\/toode\/super-royal-flush\/#breadcrumb"},"inLanguage":"en-US","potentialAction":[{"@type":"ReadAction","target":["https:\/\/zepestonia.com\/en\/toode\/super-royal-flush\/"]}]},{"@type":"ImageObject","inLanguage":"en-US","@id":"https:\/\/zepestonia.com\/en\/toode\/super-royal-flush\/#primaryimage","url":"https:\/\/zepestonia.com\/wp-content\/uploads\/2021\/12\/664-60ea2e5f84f3a4-02863330-Super20Royal20Flush20.png","contentUrl":"https:\/\/zepestonia.com\/wp-content\/uploads\/2021\/12\/664-60ea2e5f84f3a4-02863330-Super20Royal20Flush20.png","width":200,"height":300,"caption":"664-60ea2e5f84f3a4-02863330-Super20Royal20Flush20"},{"@type":"BreadcrumbList","@id":"https:\/\/zepestonia.com\/en\/toode\/super-royal-flush\/#breadcrumb","itemListElement":[{"@type":"ListItem","position":1,"name":"Home","item":"https:\/\/zepestonia.com\/en\/"},{"@type":"ListItem","position":2,"name":"Shop","item":"https:\/\/zepestonia.com\/en\/?page_id=4643"},{"@type":"ListItem","position":3,"name":"BIOFLUSH* &#8211; Bioloogiline Pissuaari tablet"}]},{"@type":"WebSite","@id":"https:\/\/zepestonia.com\/en\/#website","url":"https:\/\/zepestonia.com\/en\/","name":"ZEP Eesti I Puhastusvahendid I E-pood","description":"Pakume puhastus- ja hooldusprobleemidele efektiivseid keskkonnas\u00f5bralikke lahendusi!","publisher":{"@id":"https:\/\/zepestonia.com\/en\/#organization"},"potentialAction":[{"@type":"SearchAction","target":{"@type":"EntryPoint","urlTemplate":"https:\/\/zepestonia.com\/en\/?s={search_term_string}"},"query-input":{"@type":"PropertyValueSpecification","valueRequired":true,"valueName":"search_term_string"}}],"inLanguage":"en-US"},{"@type":"Organization","@id":"https:\/\/zepestonia.com\/en\/#organization","name":"Zep Estonia","url":"https:\/\/zepestonia.com\/en\/","logo":{"@type":"ImageObject","inLanguage":"en-US","@id":"https:\/\/zepestonia.com\/en\/#\/schema\/logo\/image\/","url":"https:\/\/zepestonia.com\/wp-content\/uploads\/2022\/03\/Zep-Logo_png.jpeg","contentUrl":"https:\/\/zepestonia.com\/wp-content\/uploads\/2022\/03\/Zep-Logo_png.jpeg","width":109,"height":70,"caption":"Zep Estonia"},"image":{"@id":"https:\/\/zepestonia.com\/en\/#\/schema\/logo\/image\/"},"sameAs":["https:\/\/www.facebook.com\/ZepEesti"]}]}},"_links":{"self":[{"href":"https:\/\/zepestonia.com\/en\/wp-json\/wp\/v2\/product\/3089","targetHints":{"allow":["GET"]}}],"collection":[{"href":"https:\/\/zepestonia.com\/en\/wp-json\/wp\/v2\/product"}],"about":[{"href":"https:\/\/zepestonia.com\/en\/wp-json\/wp\/v2\/types\/product"}],"replies":[{"embeddable":true,"href":"https:\/\/zepestonia.com\/en\/wp-json\/wp\/v2\/comments?post=3089"}],"version-history":[{"count":2,"href":"https:\/\/zepestonia.com\/en\/wp-json\/wp\/v2\/product\/3089\/revisions"}],"predecessor-version":[{"id":11315,"href":"https:\/\/zepestonia.com\/en\/wp-json\/wp\/v2\/product\/3089\/revisions\/11315"}],"wp:featuredmedia":[{"embeddable":true,"href":"https:\/\/zepestonia.com\/en\/wp-json\/wp\/v2\/media\/3657"}],"wp:attachment":[{"href":"https:\/\/zepestonia.com\/en\/wp-json\/wp\/v2\/media?parent=3089"}],"wp:term":[{"taxonomy":"product_brand","embeddable":true,"href":"https:\/\/zepestonia.com\/en\/wp-json\/wp\/v2\/product_brand?post=3089"},{"taxonomy":"product_cat","embeddable":true,"href":"https:\/\/zepestonia.com\/en\/wp-json\/wp\/v2\/product_cat?post=3089"},{"taxonomy":"product_tag","embeddable":true,"href":"https:\/\/zepestonia.com\/en\/wp-json\/wp\/v2\/product_tag?post=3089"}],"curies":[{"name":"wp","href":"https:\/\/api.w.org\/{rel}","templated":true}]}}