{"id":3088,"date":"2021-11-29T19:00:53","date_gmt":"2021-11-29T19:00:53","guid":{"rendered":"https:\/\/zep.valgekana.ee\/toode\/kamove-inox\/"},"modified":"2025-10-31T00:00:15","modified_gmt":"2025-10-31T00:00:15","slug":"kamove-inox","status":"publish","type":"product","link":"https:\/\/zepestonia.com\/en\/toode\/kamove-inox\/","title":{"rendered":"KAMOVE INOX- K\u00fclmv\u00e4rv (Al, Inox)"},"content":{"rendered":"<ul>\n<li><span style=\"font-size:14px\"><span class=\"markedContent\"><span dir=\"ltr\" role=\"presentation\" style=\"left: 90px;top: 293.661px;font-family: sans-serif\">Eemaldada pinnalt mustus ja rooste. <\/span><\/span><\/span><\/li>\n<li><span style=\"font-size:14px\"><span class=\"markedContent\"><span dir=\"ltr\" role=\"presentation\" style=\"left: 90px;top: 293.661px;font-family: sans-serif\">Lasta pinnal kuivada<\/span><\/span><\/span><\/li>\n<li><span style=\"font-size:14px\"><span class=\"markedContent\" id=\"page37R_mcid11\"><span dir=\"ltr\" role=\"presentation\" style=\"left: 149.04px;top: 341.061px;font-family: sans-serif\">Enne kasu<\/span><\/span><span class=\"markedContent\" id=\"page37R_mcid12\"><span dir=\"ltr\" role=\"presentation\" style=\"left: 243.633px;top: 341.061px;font-family: sans-serif\">tamist loksutada 1 minut.<\/span><\/span><\/span><\/li>\n<li><span style=\"font-size:14px\"><span class=\"markedContent\" id=\"page37R_mcid15\"><span dir=\"ltr\" role=\"presentation\" style=\"left: 149.04px;top: 365.261px;font-family: sans-serif\">Raputada toodet<\/span><\/span><span class=\"markedContent\" id=\"page37R_mcid16\"><span dir=\"ltr\" role=\"presentation\" style=\"left: 297.04px;top: 365.261px;font-family: sans-serif\"> <\/span><span dir=\"ltr\" role=\"presentation\" style=\"left: 302.633px;top: 365.261px;font-family: sans-serif\">regulaarselt<\/span><\/span><span class=\"markedContent\" id=\"page37R_mcid18\"><span dir=\"ltr\" role=\"presentation\" style=\"left: 407.133px;top: 365.261px;font-family: sans-serif\"> <\/span><span dir=\"ltr\" role=\"presentation\" style=\"left: 412.883px;top: 365.261px;font-family: sans-serif\">ka kasutamise ajal<\/span><\/span><span class=\"markedContent\" id=\"page37R_mcid19\"><span dir=\"ltr\" role=\"presentation\" style=\"left: 577.317px;top: 365.261px;font-family: sans-serif\">.<\/span><\/span><\/span><\/li>\n<li><span style=\"font-size:14px\"><span class=\"markedContent\" id=\"page37R_mcid22\"><span dir=\"ltr\" role=\"presentation\" style=\"left: 149.04px;top: 389.661px;font-family: sans-serif\">Pihustada umbes 25 cm kauguselt.<\/span><\/span><\/span><\/li>\n<li><span style=\"font-size:14px\"><span class=\"markedContent\" id=\"page37R_mcid25\"><span dir=\"ltr\" role=\"presentation\" style=\"left: 149.04px;top: 414.061px;font-family: sans-serif\">1 paksu kihi asemel on soovitatav kanda kaks \u00f5hukest kihti.<\/span><\/span><\/span><\/li>\n<li><span style=\"font-size:14px\"><span class=\"markedContent\" id=\"page37R_mcid28\"><span dir=\"ltr\" role=\"presentation\" style=\"left: 149.04px;top: 438.461px;font-family: sans-serif\">Enne teise kihi pealekandmist oodata<\/span><\/span><span class=\"markedContent\" id=\"page37R_mcid29\"><span dir=\"ltr\" role=\"presentation\" style=\"left: 480.26px;top: 438.461px;font-family: sans-serif\"> <\/span><span dir=\"ltr\" role=\"presentation\" style=\"left: 486.283px;top: 438.461px;font-family: sans-serif\">v\u00e4hemalt<\/span><\/span><span class=\"markedContent\" id=\"page37R_mcid30\"><span dir=\"ltr\" role=\"presentation\" style=\"left: 567.223px;top: 438.461px;font-family: sans-serif\"> <\/span><span dir=\"ltr\" role=\"presentation\" style=\"left: 572.917px;top: 438.461px;font-family: sans-serif\">15 minutit.<\/span><\/span><\/span><\/li>\n<li><span style=\"font-size:14px\"><span class=\"markedContent\" id=\"page37R_mcid33\"><span dir=\"ltr\" role=\"presentation\" style=\"left: 149.04px;top: 462.711px;font-family: sans-serif\">P\u00e4rast peal<\/span><\/span><span class=\"markedContent\" id=\"page37R_mcid34\"><span dir=\"ltr\" role=\"presentation\" style=\"left: 250.433px;top: 462.711px;font-family: sans-serif\">ekandmist oodata 60<\/span><\/span><span class=\"markedContent\" id=\"page37R_mcid36\"><span dir=\"ltr\" role=\"presentation\" style=\"left: 435.773px;top: 462.711px;font-family: sans-serif\"> <\/span><span dir=\"ltr\" role=\"presentation\" style=\"left: 441.483px;top: 462.711px;font-family: sans-serif\">minutit enne t\u00f6\u00f6deldud detaili k\u00e4sitsemist.<\/span><\/span><\/span><\/li>\n<li><span style=\"font-size:14px\"><span class=\"markedContent\" id=\"page37R_mcid39\"><span dir=\"ltr\" role=\"presentation\" style=\"left: 149.04px;top: 487.111px;font-family: sans-serif\">T\u00f6\u00f6protsessi l\u00f5ppedes p\u00f6\u00f6rata<\/span><\/span><span class=\"markedContent\" id=\"page37R_mcid40\"><span dir=\"ltr\" role=\"presentation\" style=\"left: 423.52px;top: 487.111px;font-family: sans-serif\"> <\/span><span dir=\"ltr\" role=\"presentation\" style=\"left: 429.483px;top: 487.111px;font-family: sans-serif\">toode<\/span><\/span><span class=\"markedContent\" id=\"page37R_mcid42\"><span dir=\"ltr\" role=\"presentation\" style=\"left: 479.363px;top: 487.111px;font-family: sans-serif\"> <\/span><span dir=\"ltr\" role=\"presentation\" style=\"left: 485.083px;top: 487.111px;font-family: sans-serif\">tagurpidi ja pihustada,<\/span><\/span><span class=\"markedContent\" id=\"page37R_mcid44\"><span dir=\"ltr\" role=\"presentation\" style=\"left: 680.683px;top: 487.111px;font-family: sans-serif\"> <\/span><span dir=\"ltr\" role=\"presentation\" style=\"left: 686.317px;top: 487.111px;font-family: sans-serif\">et d\u00fc\u00fcs puhastuks.<\/span><\/span><\/span><\/li>\n<\/ul>\n<p><span style=\"font-size:14px\"><span class=\"markedContent\"><span dir=\"ltr\" role=\"presentation\" style=\"left: 686.317px;top: 487.111px;font-family: sans-serif\">Sobib k\u00f5ikidele metallpindadele!<\/span><\/span><\/span><\/p>\n","protected":false},"excerpt":{"rendered":"<p>Mikroniseeritud alumiiniumi ja roostevabast terasest pulbri segu.<br \/>\nAnnab t\u00f6\u00f6deldud pindadele vastupidava ja kvaliteetse viimistluse.<br \/>\nPaksus 35-50\u00b5 (mikronit) pakub pikaajalist kaitset korrosiooni eest k\u00f5igile t\u00f6\u00f6deldud pindadele.<br \/>\nSoovitatav kasutada v\u00e4rviliste sulamite katmiseks t\u00f6\u00f6stuslikel seadmetel, torustikel, keevitatud teraspindadel, erinevatel rajatistel, merekonstruktsioonidel ja roostevabast<br \/>\nterasest konstruktsioonidel.<\/p>\n","protected":false},"featured_media":3902,"comment_status":"closed","ping_status":"closed","template":"","meta":[],"product_brand":[],"product_cat":[215],"product_tag":[],"class_list":{"0":"post-3088","1":"product","2":"type-product","3":"status-publish","4":"has-post-thumbnail","6":"product_cat-metall","8":"first","9":"instock","10":"taxable","11":"shipping-taxable","12":"purchasable","13":"product-type-simple"},"yoast_head":"<!-- This site is optimized with the Yoast SEO plugin v26.5 - https:\/\/yoast.com\/wordpress\/plugins\/seo\/ -->\n<title>KAMOVE INOX - K\u00fclmv\u00e4rv (Al, Inox), k\u00f5ik metallpinnad I ZEP Eesti<\/title>\n<meta name=\"description\" content=\"Antud toode on mikroniseeritud alumiiniumi ja roostevabast terasest pulbri segu. K\u00fclmv\u00e4rv annab t\u00f6\u00f6deldud pindadele vastupidava ja kvaliteetse viimistluse.\" \/>\n<meta name=\"robots\" content=\"index, follow, max-snippet:-1, max-image-preview:large, max-video-preview:-1\" \/>\n<link rel=\"canonical\" href=\"https:\/\/zepestonia.com\/en\/toode\/kamove-inox\/\" \/>\n<meta property=\"og:locale\" content=\"en_US\" \/>\n<meta property=\"og:type\" content=\"article\" \/>\n<meta property=\"og:title\" content=\"KAMOVE INOX - K\u00fclmv\u00e4rv (Al, Inox), k\u00f5ik metallpinnad I ZEP Eesti\" \/>\n<meta property=\"og:description\" content=\"Antud toode on mikroniseeritud alumiiniumi ja roostevabast terasest pulbri segu. K\u00fclmv\u00e4rv annab t\u00f6\u00f6deldud pindadele vastupidava ja kvaliteetse viimistluse.\" \/>\n<meta property=\"og:url\" content=\"https:\/\/zepestonia.com\/en\/toode\/kamove-inox\/\" \/>\n<meta property=\"og:site_name\" content=\"ZEP Eesti I Puhastusvahendid I E-pood\" \/>\n<meta property=\"article:publisher\" content=\"https:\/\/www.facebook.com\/ZepEesti\" \/>\n<meta property=\"article:modified_time\" content=\"2025-10-31T00:00:15+00:00\" \/>\n<meta property=\"og:image\" content=\"https:\/\/zepestonia.com\/wp-content\/uploads\/2021\/12\/621-60debc119ec2a4-18965053-KAMOWE20INOX.png\" \/>\n\t<meta property=\"og:image:width\" content=\"400\" \/>\n\t<meta property=\"og:image:height\" content=\"600\" \/>\n\t<meta property=\"og:image:type\" content=\"image\/png\" \/>\n<meta name=\"twitter:card\" content=\"summary_large_image\" \/>\n<script type=\"application\/ld+json\" class=\"yoast-schema-graph\">{\"@context\":\"https:\/\/schema.org\",\"@graph\":[{\"@type\":\"WebPage\",\"@id\":\"https:\/\/zepestonia.com\/en\/toode\/kamove-inox\/\",\"url\":\"https:\/\/zepestonia.com\/en\/toode\/kamove-inox\/\",\"name\":\"KAMOVE INOX - K\u00fclmv\u00e4rv (Al, Inox), k\u00f5ik metallpinnad I ZEP Eesti\",\"isPartOf\":{\"@id\":\"https:\/\/zepestonia.com\/en\/#website\"},\"primaryImageOfPage\":{\"@id\":\"https:\/\/zepestonia.com\/en\/toode\/kamove-inox\/#primaryimage\"},\"image\":{\"@id\":\"https:\/\/zepestonia.com\/en\/toode\/kamove-inox\/#primaryimage\"},\"thumbnailUrl\":\"https:\/\/zepestonia.com\/wp-content\/uploads\/2021\/12\/621-60debc119ec2a4-18965053-KAMOWE20INOX.png\",\"datePublished\":\"2021-11-29T19:00:53+00:00\",\"dateModified\":\"2025-10-31T00:00:15+00:00\",\"description\":\"Antud toode on mikroniseeritud alumiiniumi ja roostevabast terasest pulbri segu. K\u00fclmv\u00e4rv annab t\u00f6\u00f6deldud pindadele vastupidava ja kvaliteetse viimistluse.\",\"breadcrumb\":{\"@id\":\"https:\/\/zepestonia.com\/en\/toode\/kamove-inox\/#breadcrumb\"},\"inLanguage\":\"en-US\",\"potentialAction\":[{\"@type\":\"ReadAction\",\"target\":[\"https:\/\/zepestonia.com\/en\/toode\/kamove-inox\/\"]}]},{\"@type\":\"ImageObject\",\"inLanguage\":\"en-US\",\"@id\":\"https:\/\/zepestonia.com\/en\/toode\/kamove-inox\/#primaryimage\",\"url\":\"https:\/\/zepestonia.com\/wp-content\/uploads\/2021\/12\/621-60debc119ec2a4-18965053-KAMOWE20INOX.png\",\"contentUrl\":\"https:\/\/zepestonia.com\/wp-content\/uploads\/2021\/12\/621-60debc119ec2a4-18965053-KAMOWE20INOX.png\",\"width\":400,\"height\":600,\"caption\":\"621-60debc119ec2a4-18965053-KAMOWE20INOX\"},{\"@type\":\"BreadcrumbList\",\"@id\":\"https:\/\/zepestonia.com\/en\/toode\/kamove-inox\/#breadcrumb\",\"itemListElement\":[{\"@type\":\"ListItem\",\"position\":1,\"name\":\"Home\",\"item\":\"https:\/\/zepestonia.com\/en\/\"},{\"@type\":\"ListItem\",\"position\":2,\"name\":\"Shop\",\"item\":\"https:\/\/zepestonia.com\/en\/?page_id=4643\"},{\"@type\":\"ListItem\",\"position\":3,\"name\":\"KAMOVE INOX- K\u00fclmv\u00e4rv (Al, Inox)\"}]},{\"@type\":\"WebSite\",\"@id\":\"https:\/\/zepestonia.com\/en\/#website\",\"url\":\"https:\/\/zepestonia.com\/en\/\",\"name\":\"ZEP Eesti I Puhastusvahendid I E-pood\",\"description\":\"Pakume puhastus- ja hooldusprobleemidele efektiivseid keskkonnas\u00f5bralikke lahendusi!\",\"publisher\":{\"@id\":\"https:\/\/zepestonia.com\/en\/#organization\"},\"potentialAction\":[{\"@type\":\"SearchAction\",\"target\":{\"@type\":\"EntryPoint\",\"urlTemplate\":\"https:\/\/zepestonia.com\/en\/?s={search_term_string}\"},\"query-input\":{\"@type\":\"PropertyValueSpecification\",\"valueRequired\":true,\"valueName\":\"search_term_string\"}}],\"inLanguage\":\"en-US\"},{\"@type\":\"Organization\",\"@id\":\"https:\/\/zepestonia.com\/en\/#organization\",\"name\":\"Zep Estonia\",\"url\":\"https:\/\/zepestonia.com\/en\/\",\"logo\":{\"@type\":\"ImageObject\",\"inLanguage\":\"en-US\",\"@id\":\"https:\/\/zepestonia.com\/en\/#\/schema\/logo\/image\/\",\"url\":\"https:\/\/zepestonia.com\/wp-content\/uploads\/2022\/03\/Zep-Logo_png.jpeg\",\"contentUrl\":\"https:\/\/zepestonia.com\/wp-content\/uploads\/2022\/03\/Zep-Logo_png.jpeg\",\"width\":109,\"height\":70,\"caption\":\"Zep Estonia\"},\"image\":{\"@id\":\"https:\/\/zepestonia.com\/en\/#\/schema\/logo\/image\/\"},\"sameAs\":[\"https:\/\/www.facebook.com\/ZepEesti\"]}]}<\/script>\n<!-- \/ Yoast SEO plugin. -->","yoast_head_json":{"title":"KAMOVE INOX - K\u00fclmv\u00e4rv (Al, Inox), k\u00f5ik metallpinnad I ZEP Eesti","description":"Antud toode on mikroniseeritud alumiiniumi ja roostevabast terasest pulbri segu. K\u00fclmv\u00e4rv annab t\u00f6\u00f6deldud pindadele vastupidava ja kvaliteetse viimistluse.","robots":{"index":"index","follow":"follow","max-snippet":"max-snippet:-1","max-image-preview":"max-image-preview:large","max-video-preview":"max-video-preview:-1"},"canonical":"https:\/\/zepestonia.com\/en\/toode\/kamove-inox\/","og_locale":"en_US","og_type":"article","og_title":"KAMOVE INOX - K\u00fclmv\u00e4rv (Al, Inox), k\u00f5ik metallpinnad I ZEP Eesti","og_description":"Antud toode on mikroniseeritud alumiiniumi ja roostevabast terasest pulbri segu. K\u00fclmv\u00e4rv annab t\u00f6\u00f6deldud pindadele vastupidava ja kvaliteetse viimistluse.","og_url":"https:\/\/zepestonia.com\/en\/toode\/kamove-inox\/","og_site_name":"ZEP Eesti I Puhastusvahendid I E-pood","article_publisher":"https:\/\/www.facebook.com\/ZepEesti","article_modified_time":"2025-10-31T00:00:15+00:00","og_image":[{"width":400,"height":600,"url":"https:\/\/zepestonia.com\/wp-content\/uploads\/2021\/12\/621-60debc119ec2a4-18965053-KAMOWE20INOX.png","type":"image\/png"}],"twitter_card":"summary_large_image","schema":{"@context":"https:\/\/schema.org","@graph":[{"@type":"WebPage","@id":"https:\/\/zepestonia.com\/en\/toode\/kamove-inox\/","url":"https:\/\/zepestonia.com\/en\/toode\/kamove-inox\/","name":"KAMOVE INOX - K\u00fclmv\u00e4rv (Al, Inox), k\u00f5ik metallpinnad I ZEP Eesti","isPartOf":{"@id":"https:\/\/zepestonia.com\/en\/#website"},"primaryImageOfPage":{"@id":"https:\/\/zepestonia.com\/en\/toode\/kamove-inox\/#primaryimage"},"image":{"@id":"https:\/\/zepestonia.com\/en\/toode\/kamove-inox\/#primaryimage"},"thumbnailUrl":"https:\/\/zepestonia.com\/wp-content\/uploads\/2021\/12\/621-60debc119ec2a4-18965053-KAMOWE20INOX.png","datePublished":"2021-11-29T19:00:53+00:00","dateModified":"2025-10-31T00:00:15+00:00","description":"Antud toode on mikroniseeritud alumiiniumi ja roostevabast terasest pulbri segu. K\u00fclmv\u00e4rv annab t\u00f6\u00f6deldud pindadele vastupidava ja kvaliteetse viimistluse.","breadcrumb":{"@id":"https:\/\/zepestonia.com\/en\/toode\/kamove-inox\/#breadcrumb"},"inLanguage":"en-US","potentialAction":[{"@type":"ReadAction","target":["https:\/\/zepestonia.com\/en\/toode\/kamove-inox\/"]}]},{"@type":"ImageObject","inLanguage":"en-US","@id":"https:\/\/zepestonia.com\/en\/toode\/kamove-inox\/#primaryimage","url":"https:\/\/zepestonia.com\/wp-content\/uploads\/2021\/12\/621-60debc119ec2a4-18965053-KAMOWE20INOX.png","contentUrl":"https:\/\/zepestonia.com\/wp-content\/uploads\/2021\/12\/621-60debc119ec2a4-18965053-KAMOWE20INOX.png","width":400,"height":600,"caption":"621-60debc119ec2a4-18965053-KAMOWE20INOX"},{"@type":"BreadcrumbList","@id":"https:\/\/zepestonia.com\/en\/toode\/kamove-inox\/#breadcrumb","itemListElement":[{"@type":"ListItem","position":1,"name":"Home","item":"https:\/\/zepestonia.com\/en\/"},{"@type":"ListItem","position":2,"name":"Shop","item":"https:\/\/zepestonia.com\/en\/?page_id=4643"},{"@type":"ListItem","position":3,"name":"KAMOVE INOX- K\u00fclmv\u00e4rv (Al, Inox)"}]},{"@type":"WebSite","@id":"https:\/\/zepestonia.com\/en\/#website","url":"https:\/\/zepestonia.com\/en\/","name":"ZEP Eesti I Puhastusvahendid I E-pood","description":"Pakume puhastus- ja hooldusprobleemidele efektiivseid keskkonnas\u00f5bralikke lahendusi!","publisher":{"@id":"https:\/\/zepestonia.com\/en\/#organization"},"potentialAction":[{"@type":"SearchAction","target":{"@type":"EntryPoint","urlTemplate":"https:\/\/zepestonia.com\/en\/?s={search_term_string}"},"query-input":{"@type":"PropertyValueSpecification","valueRequired":true,"valueName":"search_term_string"}}],"inLanguage":"en-US"},{"@type":"Organization","@id":"https:\/\/zepestonia.com\/en\/#organization","name":"Zep Estonia","url":"https:\/\/zepestonia.com\/en\/","logo":{"@type":"ImageObject","inLanguage":"en-US","@id":"https:\/\/zepestonia.com\/en\/#\/schema\/logo\/image\/","url":"https:\/\/zepestonia.com\/wp-content\/uploads\/2022\/03\/Zep-Logo_png.jpeg","contentUrl":"https:\/\/zepestonia.com\/wp-content\/uploads\/2022\/03\/Zep-Logo_png.jpeg","width":109,"height":70,"caption":"Zep Estonia"},"image":{"@id":"https:\/\/zepestonia.com\/en\/#\/schema\/logo\/image\/"},"sameAs":["https:\/\/www.facebook.com\/ZepEesti"]}]}},"_links":{"self":[{"href":"https:\/\/zepestonia.com\/en\/wp-json\/wp\/v2\/product\/3088","targetHints":{"allow":["GET"]}}],"collection":[{"href":"https:\/\/zepestonia.com\/en\/wp-json\/wp\/v2\/product"}],"about":[{"href":"https:\/\/zepestonia.com\/en\/wp-json\/wp\/v2\/types\/product"}],"replies":[{"embeddable":true,"href":"https:\/\/zepestonia.com\/en\/wp-json\/wp\/v2\/comments?post=3088"}],"version-history":[{"count":2,"href":"https:\/\/zepestonia.com\/en\/wp-json\/wp\/v2\/product\/3088\/revisions"}],"predecessor-version":[{"id":11212,"href":"https:\/\/zepestonia.com\/en\/wp-json\/wp\/v2\/product\/3088\/revisions\/11212"}],"wp:featuredmedia":[{"embeddable":true,"href":"https:\/\/zepestonia.com\/en\/wp-json\/wp\/v2\/media\/3902"}],"wp:attachment":[{"href":"https:\/\/zepestonia.com\/en\/wp-json\/wp\/v2\/media?parent=3088"}],"wp:term":[{"taxonomy":"product_brand","embeddable":true,"href":"https:\/\/zepestonia.com\/en\/wp-json\/wp\/v2\/product_brand?post=3088"},{"taxonomy":"product_cat","embeddable":true,"href":"https:\/\/zepestonia.com\/en\/wp-json\/wp\/v2\/product_cat?post=3088"},{"taxonomy":"product_tag","embeddable":true,"href":"https:\/\/zepestonia.com\/en\/wp-json\/wp\/v2\/product_tag?post=3088"}],"curies":[{"name":"wp","href":"https:\/\/api.w.org\/{rel}","templated":true}]}}