{"id":3087,"date":"2021-11-29T19:00:53","date_gmt":"2021-11-29T19:00:53","guid":{"rendered":"https:\/\/zep.valgekana.ee\/toode\/vita-pin-5l\/"},"modified":"2026-04-15T00:00:11","modified_gmt":"2026-04-15T00:00:11","slug":"vita-pin-5l","status":"publish","type":"product","link":"https:\/\/zepestonia.com\/en\/toode\/vita-pin-5l\/","title":{"rendered":"Vita Pin 5L &#8211; P\u00f5randapesuvahend"},"content":{"rendered":"<ul>\n<li><span style=\"font-size:14px\"><span class=\"markedContent\" id=\"page3R_mcid41\"><span dir=\"ltr\" role=\"presentation\" style=\"left: 99px;top: 771.944px;font-family: sans-serif\">Tugev mustus<\/span><\/span><span class=\"markedContent\" id=\"page3R_mcid42\"><span dir=\"ltr\" role=\"presentation\" style=\"left: 224.68px;top: 771.944px;font-family: sans-serif\"> <\/span><span dir=\"ltr\" role=\"presentation\" style=\"left: 285.433px;top: 771.944px;font-family: sans-serif\">1:100<\/span><\/span><\/span><\/li>\n<li><span style=\"font-size:14px\"><span class=\"markedContent\" id=\"page3R_mcid43\"><span dir=\"ltr\" role=\"presentation\" style=\"left: 99px;top: 802.744px;font-family: sans-serif\">Kerge mustus<\/span><\/span><span class=\"markedContent\" id=\"page3R_mcid44\"><span dir=\"ltr\" role=\"presentation\" style=\"left: 222.48px;top: 802.744px;font-family: sans-serif\"> <\/span><span dir=\"ltr\" role=\"presentation\" style=\"left: 285.433px;top: 802.744px;font-family: sans-serif\">1:400<\/span><\/span><\/span><\/li>\n<li><span style=\"font-size:14px\"><span class=\"markedContent\" id=\"page3R_mcid45\"><span dir=\"ltr\" role=\"presentation\" style=\"left: 99px;top: 830.944px;font-family: sans-serif\">Masinpesu<\/span><\/span><span class=\"markedContent\" id=\"page3R_mcid46\"><span dir=\"ltr\" role=\"presentation\" style=\"left: 195.86px;top: 830.944px;font-family: sans-serif\"> <\/span><span dir=\"ltr\" role=\"presentation\" style=\"left: 285.433px;top: 830.944px;font-family: sans-serif\">1:800-1000<\/span><\/span><\/span><\/li>\n<\/ul>\n<p><span style=\"font-size:14px\"><span class=\"markedContent\"><span dir=\"ltr\" role=\"presentation\" style=\"left: 285.433px;top: 830.944px;font-family: sans-serif\">pH 7,0<\/span><\/span><\/span><\/p>\n","protected":false},"excerpt":{"rendered":"<p>K\u00f5rge kontsentratsiooniga p\u00f5randapesuvahend.<br \/>\nV\u00f5ib kasutada ka v\u00e4ga madala kontsentratsiooniga lahust.<br \/>\nSobib k\u00f5ikidele p\u00f5randat\u00fc\u00fcpidele k.a marmor.<br \/>\nJ\u00e4tab meeldiva m\u00e4nni ja eukal\u00fcpti l\u00f5hna.<\/p>\n","protected":false},"featured_media":3870,"comment_status":"closed","ping_status":"closed","template":"","meta":[],"product_brand":[],"product_cat":[195],"product_tag":[],"class_list":{"0":"post-3087","1":"product","2":"type-product","3":"status-publish","4":"has-post-thumbnail","6":"product_cat-hooldus","8":"first","9":"instock","10":"taxable","11":"shipping-taxable","12":"purchasable","13":"product-type-simple"},"yoast_head":"<!-- This site is optimized with the Yoast SEO plugin v26.5 - https:\/\/yoast.com\/wordpress\/plugins\/seo\/ -->\n<title>Vita Pin 5L - P\u00f5randapesuvahend, k\u00f5ikidele p\u00f5randatele I ZEP Eesti<\/title>\n<meta name=\"description\" content=\"K\u00f5rge kontsentratsiooniga p\u00f5randapesuvahend. Antud vahend sobib k\u00f5ikidele p\u00f5randat\u00fc\u00fcpidele k.a marmor. Pesuvahend j\u00e4tab meeldiva m\u00e4nni ning eukal\u00fcpti l\u00f5hna.\" \/>\n<meta name=\"robots\" content=\"index, follow, max-snippet:-1, max-image-preview:large, max-video-preview:-1\" \/>\n<link rel=\"canonical\" href=\"https:\/\/zepestonia.com\/en\/toode\/vita-pin-5l\/\" \/>\n<meta property=\"og:locale\" content=\"en_US\" \/>\n<meta property=\"og:type\" content=\"article\" \/>\n<meta property=\"og:title\" content=\"Vita Pin 5L - P\u00f5randapesuvahend, k\u00f5ikidele p\u00f5randatele I ZEP Eesti\" \/>\n<meta property=\"og:description\" content=\"K\u00f5rge kontsentratsiooniga p\u00f5randapesuvahend. Antud vahend sobib k\u00f5ikidele p\u00f5randat\u00fc\u00fcpidele k.a marmor. Pesuvahend j\u00e4tab meeldiva m\u00e4nni ning eukal\u00fcpti l\u00f5hna.\" \/>\n<meta property=\"og:url\" content=\"https:\/\/zepestonia.com\/en\/toode\/vita-pin-5l\/\" \/>\n<meta property=\"og:site_name\" content=\"ZEP Eesti I Puhastusvahendid I E-pood\" \/>\n<meta property=\"article:publisher\" content=\"https:\/\/www.facebook.com\/ZepEesti\" \/>\n<meta property=\"article:modified_time\" content=\"2026-04-15T00:00:11+00:00\" \/>\n<meta property=\"og:image\" content=\"https:\/\/zepestonia.com\/wp-content\/uploads\/2021\/12\/539-60ea4833732674-51795730-VITA20PIN.png\" \/>\n\t<meta property=\"og:image:width\" content=\"400\" \/>\n\t<meta property=\"og:image:height\" content=\"600\" \/>\n\t<meta property=\"og:image:type\" content=\"image\/png\" \/>\n<meta name=\"twitter:card\" content=\"summary_large_image\" \/>\n<script type=\"application\/ld+json\" class=\"yoast-schema-graph\">{\"@context\":\"https:\/\/schema.org\",\"@graph\":[{\"@type\":\"WebPage\",\"@id\":\"https:\/\/zepestonia.com\/en\/toode\/vita-pin-5l\/\",\"url\":\"https:\/\/zepestonia.com\/en\/toode\/vita-pin-5l\/\",\"name\":\"Vita Pin 5L - P\u00f5randapesuvahend, k\u00f5ikidele p\u00f5randatele I ZEP Eesti\",\"isPartOf\":{\"@id\":\"https:\/\/zepestonia.com\/en\/#website\"},\"primaryImageOfPage\":{\"@id\":\"https:\/\/zepestonia.com\/en\/toode\/vita-pin-5l\/#primaryimage\"},\"image\":{\"@id\":\"https:\/\/zepestonia.com\/en\/toode\/vita-pin-5l\/#primaryimage\"},\"thumbnailUrl\":\"https:\/\/zepestonia.com\/wp-content\/uploads\/2021\/12\/539-60ea4833732674-51795730-VITA20PIN.png\",\"datePublished\":\"2021-11-29T19:00:53+00:00\",\"dateModified\":\"2026-04-15T00:00:11+00:00\",\"description\":\"K\u00f5rge kontsentratsiooniga p\u00f5randapesuvahend. Antud vahend sobib k\u00f5ikidele p\u00f5randat\u00fc\u00fcpidele k.a marmor. Pesuvahend j\u00e4tab meeldiva m\u00e4nni ning eukal\u00fcpti l\u00f5hna.\",\"breadcrumb\":{\"@id\":\"https:\/\/zepestonia.com\/en\/toode\/vita-pin-5l\/#breadcrumb\"},\"inLanguage\":\"en-US\",\"potentialAction\":[{\"@type\":\"ReadAction\",\"target\":[\"https:\/\/zepestonia.com\/en\/toode\/vita-pin-5l\/\"]}]},{\"@type\":\"ImageObject\",\"inLanguage\":\"en-US\",\"@id\":\"https:\/\/zepestonia.com\/en\/toode\/vita-pin-5l\/#primaryimage\",\"url\":\"https:\/\/zepestonia.com\/wp-content\/uploads\/2021\/12\/539-60ea4833732674-51795730-VITA20PIN.png\",\"contentUrl\":\"https:\/\/zepestonia.com\/wp-content\/uploads\/2021\/12\/539-60ea4833732674-51795730-VITA20PIN.png\",\"width\":400,\"height\":600,\"caption\":\"539-60ea4833732674-51795730-VITA20PIN\"},{\"@type\":\"BreadcrumbList\",\"@id\":\"https:\/\/zepestonia.com\/en\/toode\/vita-pin-5l\/#breadcrumb\",\"itemListElement\":[{\"@type\":\"ListItem\",\"position\":1,\"name\":\"Home\",\"item\":\"https:\/\/zepestonia.com\/en\/\"},{\"@type\":\"ListItem\",\"position\":2,\"name\":\"Shop\",\"item\":\"https:\/\/zepestonia.com\/en\/?page_id=4643\"},{\"@type\":\"ListItem\",\"position\":3,\"name\":\"Vita Pin 5L &#8211; P\u00f5randapesuvahend\"}]},{\"@type\":\"WebSite\",\"@id\":\"https:\/\/zepestonia.com\/en\/#website\",\"url\":\"https:\/\/zepestonia.com\/en\/\",\"name\":\"ZEP Eesti I Puhastusvahendid I E-pood\",\"description\":\"Pakume puhastus- ja hooldusprobleemidele efektiivseid keskkonnas\u00f5bralikke lahendusi!\",\"publisher\":{\"@id\":\"https:\/\/zepestonia.com\/en\/#organization\"},\"potentialAction\":[{\"@type\":\"SearchAction\",\"target\":{\"@type\":\"EntryPoint\",\"urlTemplate\":\"https:\/\/zepestonia.com\/en\/?s={search_term_string}\"},\"query-input\":{\"@type\":\"PropertyValueSpecification\",\"valueRequired\":true,\"valueName\":\"search_term_string\"}}],\"inLanguage\":\"en-US\"},{\"@type\":\"Organization\",\"@id\":\"https:\/\/zepestonia.com\/en\/#organization\",\"name\":\"Zep Estonia\",\"url\":\"https:\/\/zepestonia.com\/en\/\",\"logo\":{\"@type\":\"ImageObject\",\"inLanguage\":\"en-US\",\"@id\":\"https:\/\/zepestonia.com\/en\/#\/schema\/logo\/image\/\",\"url\":\"https:\/\/zepestonia.com\/wp-content\/uploads\/2022\/03\/Zep-Logo_png.jpeg\",\"contentUrl\":\"https:\/\/zepestonia.com\/wp-content\/uploads\/2022\/03\/Zep-Logo_png.jpeg\",\"width\":109,\"height\":70,\"caption\":\"Zep Estonia\"},\"image\":{\"@id\":\"https:\/\/zepestonia.com\/en\/#\/schema\/logo\/image\/\"},\"sameAs\":[\"https:\/\/www.facebook.com\/ZepEesti\"]}]}<\/script>\n<!-- \/ Yoast SEO plugin. -->","yoast_head_json":{"title":"Vita Pin 5L - P\u00f5randapesuvahend, k\u00f5ikidele p\u00f5randatele I ZEP Eesti","description":"K\u00f5rge kontsentratsiooniga p\u00f5randapesuvahend. Antud vahend sobib k\u00f5ikidele p\u00f5randat\u00fc\u00fcpidele k.a marmor. Pesuvahend j\u00e4tab meeldiva m\u00e4nni ning eukal\u00fcpti l\u00f5hna.","robots":{"index":"index","follow":"follow","max-snippet":"max-snippet:-1","max-image-preview":"max-image-preview:large","max-video-preview":"max-video-preview:-1"},"canonical":"https:\/\/zepestonia.com\/en\/toode\/vita-pin-5l\/","og_locale":"en_US","og_type":"article","og_title":"Vita Pin 5L - P\u00f5randapesuvahend, k\u00f5ikidele p\u00f5randatele I ZEP Eesti","og_description":"K\u00f5rge kontsentratsiooniga p\u00f5randapesuvahend. Antud vahend sobib k\u00f5ikidele p\u00f5randat\u00fc\u00fcpidele k.a marmor. Pesuvahend j\u00e4tab meeldiva m\u00e4nni ning eukal\u00fcpti l\u00f5hna.","og_url":"https:\/\/zepestonia.com\/en\/toode\/vita-pin-5l\/","og_site_name":"ZEP Eesti I Puhastusvahendid I E-pood","article_publisher":"https:\/\/www.facebook.com\/ZepEesti","article_modified_time":"2026-04-15T00:00:11+00:00","og_image":[{"width":400,"height":600,"url":"https:\/\/zepestonia.com\/wp-content\/uploads\/2021\/12\/539-60ea4833732674-51795730-VITA20PIN.png","type":"image\/png"}],"twitter_card":"summary_large_image","schema":{"@context":"https:\/\/schema.org","@graph":[{"@type":"WebPage","@id":"https:\/\/zepestonia.com\/en\/toode\/vita-pin-5l\/","url":"https:\/\/zepestonia.com\/en\/toode\/vita-pin-5l\/","name":"Vita Pin 5L - P\u00f5randapesuvahend, k\u00f5ikidele p\u00f5randatele I ZEP Eesti","isPartOf":{"@id":"https:\/\/zepestonia.com\/en\/#website"},"primaryImageOfPage":{"@id":"https:\/\/zepestonia.com\/en\/toode\/vita-pin-5l\/#primaryimage"},"image":{"@id":"https:\/\/zepestonia.com\/en\/toode\/vita-pin-5l\/#primaryimage"},"thumbnailUrl":"https:\/\/zepestonia.com\/wp-content\/uploads\/2021\/12\/539-60ea4833732674-51795730-VITA20PIN.png","datePublished":"2021-11-29T19:00:53+00:00","dateModified":"2026-04-15T00:00:11+00:00","description":"K\u00f5rge kontsentratsiooniga p\u00f5randapesuvahend. Antud vahend sobib k\u00f5ikidele p\u00f5randat\u00fc\u00fcpidele k.a marmor. Pesuvahend j\u00e4tab meeldiva m\u00e4nni ning eukal\u00fcpti l\u00f5hna.","breadcrumb":{"@id":"https:\/\/zepestonia.com\/en\/toode\/vita-pin-5l\/#breadcrumb"},"inLanguage":"en-US","potentialAction":[{"@type":"ReadAction","target":["https:\/\/zepestonia.com\/en\/toode\/vita-pin-5l\/"]}]},{"@type":"ImageObject","inLanguage":"en-US","@id":"https:\/\/zepestonia.com\/en\/toode\/vita-pin-5l\/#primaryimage","url":"https:\/\/zepestonia.com\/wp-content\/uploads\/2021\/12\/539-60ea4833732674-51795730-VITA20PIN.png","contentUrl":"https:\/\/zepestonia.com\/wp-content\/uploads\/2021\/12\/539-60ea4833732674-51795730-VITA20PIN.png","width":400,"height":600,"caption":"539-60ea4833732674-51795730-VITA20PIN"},{"@type":"BreadcrumbList","@id":"https:\/\/zepestonia.com\/en\/toode\/vita-pin-5l\/#breadcrumb","itemListElement":[{"@type":"ListItem","position":1,"name":"Home","item":"https:\/\/zepestonia.com\/en\/"},{"@type":"ListItem","position":2,"name":"Shop","item":"https:\/\/zepestonia.com\/en\/?page_id=4643"},{"@type":"ListItem","position":3,"name":"Vita Pin 5L &#8211; P\u00f5randapesuvahend"}]},{"@type":"WebSite","@id":"https:\/\/zepestonia.com\/en\/#website","url":"https:\/\/zepestonia.com\/en\/","name":"ZEP Eesti I Puhastusvahendid I E-pood","description":"Pakume puhastus- ja hooldusprobleemidele efektiivseid keskkonnas\u00f5bralikke lahendusi!","publisher":{"@id":"https:\/\/zepestonia.com\/en\/#organization"},"potentialAction":[{"@type":"SearchAction","target":{"@type":"EntryPoint","urlTemplate":"https:\/\/zepestonia.com\/en\/?s={search_term_string}"},"query-input":{"@type":"PropertyValueSpecification","valueRequired":true,"valueName":"search_term_string"}}],"inLanguage":"en-US"},{"@type":"Organization","@id":"https:\/\/zepestonia.com\/en\/#organization","name":"Zep Estonia","url":"https:\/\/zepestonia.com\/en\/","logo":{"@type":"ImageObject","inLanguage":"en-US","@id":"https:\/\/zepestonia.com\/en\/#\/schema\/logo\/image\/","url":"https:\/\/zepestonia.com\/wp-content\/uploads\/2022\/03\/Zep-Logo_png.jpeg","contentUrl":"https:\/\/zepestonia.com\/wp-content\/uploads\/2022\/03\/Zep-Logo_png.jpeg","width":109,"height":70,"caption":"Zep Estonia"},"image":{"@id":"https:\/\/zepestonia.com\/en\/#\/schema\/logo\/image\/"},"sameAs":["https:\/\/www.facebook.com\/ZepEesti"]}]}},"_links":{"self":[{"href":"https:\/\/zepestonia.com\/en\/wp-json\/wp\/v2\/product\/3087","targetHints":{"allow":["GET"]}}],"collection":[{"href":"https:\/\/zepestonia.com\/en\/wp-json\/wp\/v2\/product"}],"about":[{"href":"https:\/\/zepestonia.com\/en\/wp-json\/wp\/v2\/types\/product"}],"replies":[{"embeddable":true,"href":"https:\/\/zepestonia.com\/en\/wp-json\/wp\/v2\/comments?post=3087"}],"version-history":[{"count":3,"href":"https:\/\/zepestonia.com\/en\/wp-json\/wp\/v2\/product\/3087\/revisions"}],"predecessor-version":[{"id":11260,"href":"https:\/\/zepestonia.com\/en\/wp-json\/wp\/v2\/product\/3087\/revisions\/11260"}],"wp:featuredmedia":[{"embeddable":true,"href":"https:\/\/zepestonia.com\/en\/wp-json\/wp\/v2\/media\/3870"}],"wp:attachment":[{"href":"https:\/\/zepestonia.com\/en\/wp-json\/wp\/v2\/media?parent=3087"}],"wp:term":[{"taxonomy":"product_brand","embeddable":true,"href":"https:\/\/zepestonia.com\/en\/wp-json\/wp\/v2\/product_brand?post=3087"},{"taxonomy":"product_cat","embeddable":true,"href":"https:\/\/zepestonia.com\/en\/wp-json\/wp\/v2\/product_cat?post=3087"},{"taxonomy":"product_tag","embeddable":true,"href":"https:\/\/zepestonia.com\/en\/wp-json\/wp\/v2\/product_tag?post=3087"}],"curies":[{"name":"wp","href":"https:\/\/api.w.org\/{rel}","templated":true}]}}