{"id":3085,"date":"2021-11-29T19:00:53","date_gmt":"2021-11-29T19:00:53","guid":{"rendered":"https:\/\/zep.valgekana.ee\/toode\/splash-hog-urinal-screen-mango\/"},"modified":"2025-07-01T00:23:55","modified_gmt":"2025-07-01T00:23:55","slug":"splash-hog-urinal-screen-mango","status":"publish","type":"product","link":"https:\/\/zepestonia.com\/en\/toode\/splash-hog-urinal-screen-mango\/","title":{"rendered":"Splash Hog Urinal Screen &#8211; Mango"},"content":{"rendered":"","protected":false},"excerpt":{"rendered":"<p>\u2022 Hedgehog disain peatab pritsimise<br \/>\n\u2022 60-p\u00e4evase desodoraatoriga<br \/>\n\u2022 Sisseehitatud ens\u00fcmaatilised omadused, mis aitavad hoida \u00e4ravoolud ja torud puhtad.<br \/>\n\u2022 100% taaskasutatav<br \/>\n\u2022 Lihtne kasutada ja vaevatu asendamine.<br \/>\n\u2022 Aeglaselt vabanev aroom<br \/>\n\u2022 Pole vaja tualettklotse ega aerosoole<br \/>\n\u2022 V\u00e4hem segadust, mis s\u00e4\u00e4stab teie aega ja raha<br \/>\n\u2022 T\u00f6\u00f6j\u00f5us\u00e4\u00e4stlik ja hooldusvaba<\/p>\n","protected":false},"featured_media":4840,"comment_status":"closed","ping_status":"closed","template":"","meta":[],"product_brand":[],"product_cat":[195],"product_tag":[],"class_list":{"0":"post-3085","1":"product","2":"type-product","3":"status-publish","4":"has-post-thumbnail","6":"product_cat-hooldus","8":"first","9":"instock","10":"taxable","11":"shipping-taxable","12":"purchasable","13":"product-type-simple"},"yoast_head":"<!-- This site is optimized with the Yoast SEO plugin v26.5 - https:\/\/yoast.com\/wordpress\/plugins\/seo\/ -->\n<title>Splash Hog Urinal Screen - Mango, 100% taaskasutatav I ZEP Eesti<\/title>\n<meta name=\"description\" content=\"Hedgehog disain peatab pritsimise. Sisseehitatud ens\u00fcmaatilised omadused, mis aitavad hoida \u00e4ravoolud ja torud puhtad. 100% taaskasutatav. Lihtne kasutada.\" \/>\n<meta name=\"robots\" content=\"index, follow, max-snippet:-1, max-image-preview:large, max-video-preview:-1\" \/>\n<link rel=\"canonical\" href=\"https:\/\/zepestonia.com\/en\/toode\/splash-hog-urinal-screen-mango\/\" \/>\n<meta property=\"og:locale\" content=\"en_US\" \/>\n<meta property=\"og:type\" content=\"article\" \/>\n<meta property=\"og:title\" content=\"Splash Hog Urinal Screen - Mango, 100% taaskasutatav I ZEP Eesti\" \/>\n<meta property=\"og:description\" content=\"Hedgehog disain peatab pritsimise. Sisseehitatud ens\u00fcmaatilised omadused, mis aitavad hoida \u00e4ravoolud ja torud puhtad. 100% taaskasutatav. Lihtne kasutada.\" \/>\n<meta property=\"og:url\" content=\"https:\/\/zepestonia.com\/en\/toode\/splash-hog-urinal-screen-mango\/\" \/>\n<meta property=\"og:site_name\" content=\"ZEP Eesti I Puhastusvahendid I E-pood\" \/>\n<meta property=\"article:publisher\" content=\"https:\/\/www.facebook.com\/ZepEesti\" \/>\n<meta property=\"article:modified_time\" content=\"2025-07-01T00:23:55+00:00\" \/>\n<meta property=\"og:image\" content=\"https:\/\/zepestonia.com\/wp-content\/uploads\/2022\/02\/Splash-Hog-Urinal-Mango.png\" \/>\n\t<meta property=\"og:image:width\" content=\"666\" \/>\n\t<meta property=\"og:image:height\" content=\"1000\" \/>\n\t<meta property=\"og:image:type\" content=\"image\/png\" \/>\n<meta name=\"twitter:card\" content=\"summary_large_image\" \/>\n<script type=\"application\/ld+json\" class=\"yoast-schema-graph\">{\"@context\":\"https:\/\/schema.org\",\"@graph\":[{\"@type\":\"WebPage\",\"@id\":\"https:\/\/zepestonia.com\/en\/toode\/splash-hog-urinal-screen-mango\/\",\"url\":\"https:\/\/zepestonia.com\/en\/toode\/splash-hog-urinal-screen-mango\/\",\"name\":\"Splash Hog Urinal Screen - Mango, 100% taaskasutatav I ZEP Eesti\",\"isPartOf\":{\"@id\":\"https:\/\/zepestonia.com\/en\/#website\"},\"primaryImageOfPage\":{\"@id\":\"https:\/\/zepestonia.com\/en\/toode\/splash-hog-urinal-screen-mango\/#primaryimage\"},\"image\":{\"@id\":\"https:\/\/zepestonia.com\/en\/toode\/splash-hog-urinal-screen-mango\/#primaryimage\"},\"thumbnailUrl\":\"https:\/\/zepestonia.com\/wp-content\/uploads\/2022\/02\/Splash-Hog-Urinal-Mango.png\",\"datePublished\":\"2021-11-29T19:00:53+00:00\",\"dateModified\":\"2025-07-01T00:23:55+00:00\",\"description\":\"Hedgehog disain peatab pritsimise. Sisseehitatud ens\u00fcmaatilised omadused, mis aitavad hoida \u00e4ravoolud ja torud puhtad. 100% taaskasutatav. Lihtne kasutada.\",\"breadcrumb\":{\"@id\":\"https:\/\/zepestonia.com\/en\/toode\/splash-hog-urinal-screen-mango\/#breadcrumb\"},\"inLanguage\":\"en-US\",\"potentialAction\":[{\"@type\":\"ReadAction\",\"target\":[\"https:\/\/zepestonia.com\/en\/toode\/splash-hog-urinal-screen-mango\/\"]}]},{\"@type\":\"ImageObject\",\"inLanguage\":\"en-US\",\"@id\":\"https:\/\/zepestonia.com\/en\/toode\/splash-hog-urinal-screen-mango\/#primaryimage\",\"url\":\"https:\/\/zepestonia.com\/wp-content\/uploads\/2022\/02\/Splash-Hog-Urinal-Mango.png\",\"contentUrl\":\"https:\/\/zepestonia.com\/wp-content\/uploads\/2022\/02\/Splash-Hog-Urinal-Mango.png\",\"width\":666,\"height\":1000,\"caption\":\"Splash-Hog-Urinal-Mango\"},{\"@type\":\"BreadcrumbList\",\"@id\":\"https:\/\/zepestonia.com\/en\/toode\/splash-hog-urinal-screen-mango\/#breadcrumb\",\"itemListElement\":[{\"@type\":\"ListItem\",\"position\":1,\"name\":\"Home\",\"item\":\"https:\/\/zepestonia.com\/en\/\"},{\"@type\":\"ListItem\",\"position\":2,\"name\":\"Shop\",\"item\":\"https:\/\/zepestonia.com\/en\/?page_id=4643\"},{\"@type\":\"ListItem\",\"position\":3,\"name\":\"Splash Hog Urinal Screen &#8211; Mango\"}]},{\"@type\":\"WebSite\",\"@id\":\"https:\/\/zepestonia.com\/en\/#website\",\"url\":\"https:\/\/zepestonia.com\/en\/\",\"name\":\"ZEP Eesti I Puhastusvahendid I E-pood\",\"description\":\"Pakume puhastus- ja hooldusprobleemidele efektiivseid keskkonnas\u00f5bralikke lahendusi!\",\"publisher\":{\"@id\":\"https:\/\/zepestonia.com\/en\/#organization\"},\"potentialAction\":[{\"@type\":\"SearchAction\",\"target\":{\"@type\":\"EntryPoint\",\"urlTemplate\":\"https:\/\/zepestonia.com\/en\/?s={search_term_string}\"},\"query-input\":{\"@type\":\"PropertyValueSpecification\",\"valueRequired\":true,\"valueName\":\"search_term_string\"}}],\"inLanguage\":\"en-US\"},{\"@type\":\"Organization\",\"@id\":\"https:\/\/zepestonia.com\/en\/#organization\",\"name\":\"Zep Estonia\",\"url\":\"https:\/\/zepestonia.com\/en\/\",\"logo\":{\"@type\":\"ImageObject\",\"inLanguage\":\"en-US\",\"@id\":\"https:\/\/zepestonia.com\/en\/#\/schema\/logo\/image\/\",\"url\":\"https:\/\/zepestonia.com\/wp-content\/uploads\/2022\/03\/Zep-Logo_png.jpeg\",\"contentUrl\":\"https:\/\/zepestonia.com\/wp-content\/uploads\/2022\/03\/Zep-Logo_png.jpeg\",\"width\":109,\"height\":70,\"caption\":\"Zep Estonia\"},\"image\":{\"@id\":\"https:\/\/zepestonia.com\/en\/#\/schema\/logo\/image\/\"},\"sameAs\":[\"https:\/\/www.facebook.com\/ZepEesti\"]}]}<\/script>\n<!-- \/ Yoast SEO plugin. -->","yoast_head_json":{"title":"Splash Hog Urinal Screen - Mango, 100% taaskasutatav I ZEP Eesti","description":"Hedgehog disain peatab pritsimise. Sisseehitatud ens\u00fcmaatilised omadused, mis aitavad hoida \u00e4ravoolud ja torud puhtad. 100% taaskasutatav. Lihtne kasutada.","robots":{"index":"index","follow":"follow","max-snippet":"max-snippet:-1","max-image-preview":"max-image-preview:large","max-video-preview":"max-video-preview:-1"},"canonical":"https:\/\/zepestonia.com\/en\/toode\/splash-hog-urinal-screen-mango\/","og_locale":"en_US","og_type":"article","og_title":"Splash Hog Urinal Screen - Mango, 100% taaskasutatav I ZEP Eesti","og_description":"Hedgehog disain peatab pritsimise. Sisseehitatud ens\u00fcmaatilised omadused, mis aitavad hoida \u00e4ravoolud ja torud puhtad. 100% taaskasutatav. Lihtne kasutada.","og_url":"https:\/\/zepestonia.com\/en\/toode\/splash-hog-urinal-screen-mango\/","og_site_name":"ZEP Eesti I Puhastusvahendid I E-pood","article_publisher":"https:\/\/www.facebook.com\/ZepEesti","article_modified_time":"2025-07-01T00:23:55+00:00","og_image":[{"width":666,"height":1000,"url":"https:\/\/zepestonia.com\/wp-content\/uploads\/2022\/02\/Splash-Hog-Urinal-Mango.png","type":"image\/png"}],"twitter_card":"summary_large_image","schema":{"@context":"https:\/\/schema.org","@graph":[{"@type":"WebPage","@id":"https:\/\/zepestonia.com\/en\/toode\/splash-hog-urinal-screen-mango\/","url":"https:\/\/zepestonia.com\/en\/toode\/splash-hog-urinal-screen-mango\/","name":"Splash Hog Urinal Screen - Mango, 100% taaskasutatav I ZEP Eesti","isPartOf":{"@id":"https:\/\/zepestonia.com\/en\/#website"},"primaryImageOfPage":{"@id":"https:\/\/zepestonia.com\/en\/toode\/splash-hog-urinal-screen-mango\/#primaryimage"},"image":{"@id":"https:\/\/zepestonia.com\/en\/toode\/splash-hog-urinal-screen-mango\/#primaryimage"},"thumbnailUrl":"https:\/\/zepestonia.com\/wp-content\/uploads\/2022\/02\/Splash-Hog-Urinal-Mango.png","datePublished":"2021-11-29T19:00:53+00:00","dateModified":"2025-07-01T00:23:55+00:00","description":"Hedgehog disain peatab pritsimise. Sisseehitatud ens\u00fcmaatilised omadused, mis aitavad hoida \u00e4ravoolud ja torud puhtad. 100% taaskasutatav. Lihtne kasutada.","breadcrumb":{"@id":"https:\/\/zepestonia.com\/en\/toode\/splash-hog-urinal-screen-mango\/#breadcrumb"},"inLanguage":"en-US","potentialAction":[{"@type":"ReadAction","target":["https:\/\/zepestonia.com\/en\/toode\/splash-hog-urinal-screen-mango\/"]}]},{"@type":"ImageObject","inLanguage":"en-US","@id":"https:\/\/zepestonia.com\/en\/toode\/splash-hog-urinal-screen-mango\/#primaryimage","url":"https:\/\/zepestonia.com\/wp-content\/uploads\/2022\/02\/Splash-Hog-Urinal-Mango.png","contentUrl":"https:\/\/zepestonia.com\/wp-content\/uploads\/2022\/02\/Splash-Hog-Urinal-Mango.png","width":666,"height":1000,"caption":"Splash-Hog-Urinal-Mango"},{"@type":"BreadcrumbList","@id":"https:\/\/zepestonia.com\/en\/toode\/splash-hog-urinal-screen-mango\/#breadcrumb","itemListElement":[{"@type":"ListItem","position":1,"name":"Home","item":"https:\/\/zepestonia.com\/en\/"},{"@type":"ListItem","position":2,"name":"Shop","item":"https:\/\/zepestonia.com\/en\/?page_id=4643"},{"@type":"ListItem","position":3,"name":"Splash Hog Urinal Screen &#8211; Mango"}]},{"@type":"WebSite","@id":"https:\/\/zepestonia.com\/en\/#website","url":"https:\/\/zepestonia.com\/en\/","name":"ZEP Eesti I Puhastusvahendid I E-pood","description":"Pakume puhastus- ja hooldusprobleemidele efektiivseid keskkonnas\u00f5bralikke lahendusi!","publisher":{"@id":"https:\/\/zepestonia.com\/en\/#organization"},"potentialAction":[{"@type":"SearchAction","target":{"@type":"EntryPoint","urlTemplate":"https:\/\/zepestonia.com\/en\/?s={search_term_string}"},"query-input":{"@type":"PropertyValueSpecification","valueRequired":true,"valueName":"search_term_string"}}],"inLanguage":"en-US"},{"@type":"Organization","@id":"https:\/\/zepestonia.com\/en\/#organization","name":"Zep Estonia","url":"https:\/\/zepestonia.com\/en\/","logo":{"@type":"ImageObject","inLanguage":"en-US","@id":"https:\/\/zepestonia.com\/en\/#\/schema\/logo\/image\/","url":"https:\/\/zepestonia.com\/wp-content\/uploads\/2022\/03\/Zep-Logo_png.jpeg","contentUrl":"https:\/\/zepestonia.com\/wp-content\/uploads\/2022\/03\/Zep-Logo_png.jpeg","width":109,"height":70,"caption":"Zep Estonia"},"image":{"@id":"https:\/\/zepestonia.com\/en\/#\/schema\/logo\/image\/"},"sameAs":["https:\/\/www.facebook.com\/ZepEesti"]}]}},"_links":{"self":[{"href":"https:\/\/zepestonia.com\/en\/wp-json\/wp\/v2\/product\/3085","targetHints":{"allow":["GET"]}}],"collection":[{"href":"https:\/\/zepestonia.com\/en\/wp-json\/wp\/v2\/product"}],"about":[{"href":"https:\/\/zepestonia.com\/en\/wp-json\/wp\/v2\/types\/product"}],"replies":[{"embeddable":true,"href":"https:\/\/zepestonia.com\/en\/wp-json\/wp\/v2\/comments?post=3085"}],"version-history":[{"count":1,"href":"https:\/\/zepestonia.com\/en\/wp-json\/wp\/v2\/product\/3085\/revisions"}],"predecessor-version":[{"id":12313,"href":"https:\/\/zepestonia.com\/en\/wp-json\/wp\/v2\/product\/3085\/revisions\/12313"}],"wp:featuredmedia":[{"embeddable":true,"href":"https:\/\/zepestonia.com\/en\/wp-json\/wp\/v2\/media\/4840"}],"wp:attachment":[{"href":"https:\/\/zepestonia.com\/en\/wp-json\/wp\/v2\/media?parent=3085"}],"wp:term":[{"taxonomy":"product_brand","embeddable":true,"href":"https:\/\/zepestonia.com\/en\/wp-json\/wp\/v2\/product_brand?post=3085"},{"taxonomy":"product_cat","embeddable":true,"href":"https:\/\/zepestonia.com\/en\/wp-json\/wp\/v2\/product_cat?post=3085"},{"taxonomy":"product_tag","embeddable":true,"href":"https:\/\/zepestonia.com\/en\/wp-json\/wp\/v2\/product_tag?post=3085"}],"curies":[{"name":"wp","href":"https:\/\/api.w.org\/{rel}","templated":true}]}}