{"id":3078,"date":"2021-11-29T19:00:53","date_gmt":"2021-11-29T19:00:53","guid":{"rendered":"https:\/\/zep.valgekana.ee\/toode\/cherry-bomb-38l\/"},"modified":"2025-07-16T00:03:27","modified_gmt":"2025-07-16T00:03:27","slug":"cherry-bomb-38l","status":"publish","type":"product","link":"https:\/\/zepestonia.com\/en\/toode\/cherry-bomb-38l\/","title":{"rendered":"Cherry Bomb 3,8L * &#8211; T\u00f6\u00f6stuslik k\u00e4tepesuseep"},"content":{"rendered":"<ul>\n<li><span style=\"font-family:arial,helvetica,sans-serif\"><span style=\"font-size:14px\"><span class=\"markedContent\" id=\"page3R_mcid55\"><span dir=\"ltr\" role=\"presentation\" style=\"left: 150.04px;top: 980.944px\">Kanda kuivadele v\u00f5i \u00f5rnalt niisketele<\/span> <span dir=\"ltr\" role=\"presentation\" style=\"left: 149.04px;top: 1003.94px\">k\u00e4tele.<\/span><\/span><\/span><\/span><\/li>\n<li><span style=\"font-family:arial,helvetica,sans-serif\"><span style=\"font-size:14px\"><span class=\"markedContent\" id=\"page3R_mcid56\"><span dir=\"ltr\" role=\"presentation\" style=\"left: 150.04px;top: 1028.19px\">H\u00f5\u00f5ruda, et emulgeerida mustus.<\/span><\/span><\/span><\/span><\/li>\n<li><span style=\"font-family:arial,helvetica,sans-serif\"><span style=\"font-size:14px\"><span class=\"markedContent\" id=\"page3R_mcid57\"><span dir=\"ltr\" role=\"presentation\" style=\"left: 150.04px;top: 1052.59px\">Kasutada<\/span><span dir=\"ltr\" role=\"presentation\" style=\"left: 234.66px;top: 1052.59px\"> <\/span><span dir=\"ltr\" role=\"presentation\" style=\"left: 255.32px;top: 1052.59px\">natuke<\/span><span dir=\"ltr\" role=\"presentation\" style=\"left: 315.4px;top: 1052.59px\"> <\/span><span dir=\"ltr\" role=\"presentation\" style=\"left: 336.06px;top: 1052.59px\">vett<\/span><span dir=\"ltr\" role=\"presentation\" style=\"left: 368.16px;top: 1052.59px\"> <\/span><span dir=\"ltr\" role=\"presentation\" style=\"left: 389px;top: 1052.59px\">ja<\/span><span dir=\"ltr\" role=\"presentation\" style=\"left: 404.56px;top: 1052.59px\"> <\/span><span dir=\"ltr\" role=\"presentation\" style=\"left: 425.38px;top: 1052.59px\">j\u00e4tkata<\/span> <span dir=\"ltr\" role=\"presentation\" style=\"left: 149.04px;top: 1075.59px\">h\u00f5\u00f5rumist.<\/span><\/span><\/span><\/span><\/li>\n<li><span style=\"font-family:arial,helvetica,sans-serif\"><span style=\"font-size:14px\"><span class=\"markedContent\" id=\"page3R_mcid58\"><span dir=\"ltr\" role=\"presentation\" style=\"left: 150.04px;top: 1099.99px\">Loputada korralikult.<\/span><\/span><\/span><\/span><\/li>\n<\/ul>\n<p><span style=\"font-family:arial,helvetica,sans-serif\"><span style=\"font-size:14px\"><span class=\"markedContent\" id=\"page3R_mcid59\">pH 7,0<br \/>\n<span dir=\"ltr\" role=\"presentation\" style=\"left: 150.04px;top: 1124.19px\">Tarvik:&nbsp;<\/span><span dir=\"ltr\" role=\"presentation\" style=\"left: 412.2px;top: 1124.19px\"> <\/span><span dir=\"ltr\" role=\"presentation\" style=\"left: 419.083px;top: 1124.19px\">D<\/span><span dir=\"ltr\" role=\"presentation\" style=\"left: 433.483px;top: 1124.19px\">&#8211;<\/span><span dir=\"ltr\" role=\"presentation\" style=\"left: 440.083px;top: 1124.19px\">4000<\/span><\/span><\/span><\/span><br \/>\n&nbsp;<\/p>\n","protected":false},"excerpt":{"rendered":"<p>Seep eemaldab tugevad mustused nagu rasv, tahm, s\u00fcsinik, asfalt, tint, liim ja v\u00e4rv.<br \/>\nVahend imbub kiiresti ja vedeldab mustuse ning puhastab k\u00e4ed s\u00fcgavuti, eemaldades ka sisses\u00f6\u00f6binud mustuse.<br \/>\nTootel on meeldiv kirsiaroom.<br \/>\nK\u00e4tepesuseep sisaldab nahapehmendajaid, mist\u00f5ttu k\u00e4ed ei kuiva.<\/p>\n","protected":false},"featured_media":3667,"comment_status":"closed","ping_status":"closed","template":"","meta":[],"product_brand":[],"product_cat":[187],"product_tag":[],"class_list":{"0":"post-3078","1":"product","2":"type-product","3":"status-publish","4":"has-post-thumbnail","6":"product_cat-puhastus","8":"first","9":"instock","10":"taxable","11":"shipping-taxable","12":"purchasable","13":"product-type-simple"},"yoast_head":"<!-- This site is optimized with the Yoast SEO plugin v26.5 - https:\/\/yoast.com\/wordpress\/plugins\/seo\/ -->\n<title>Cherry Bomb 3,8L * - T\u00f6\u00f6stuslik k\u00e4tepesuseep I ZEP Eesti<\/title>\n<meta name=\"description\" content=\"Seep eemaldab tugevad mustused nagu rasv, tahm, s\u00fcsinik, asfalt, tint, liim ning v\u00e4rv. Tootel on meeldiv kirsiaroom. K\u00e4tepesuseep sisaldab nahapehmendajaid.\" \/>\n<meta name=\"robots\" content=\"index, follow, max-snippet:-1, max-image-preview:large, max-video-preview:-1\" \/>\n<link rel=\"canonical\" href=\"https:\/\/zepestonia.com\/en\/toode\/cherry-bomb-38l\/\" \/>\n<meta property=\"og:locale\" content=\"en_US\" \/>\n<meta property=\"og:type\" content=\"article\" \/>\n<meta property=\"og:title\" content=\"Cherry Bomb 3,8L * - T\u00f6\u00f6stuslik k\u00e4tepesuseep I ZEP Eesti\" \/>\n<meta property=\"og:description\" content=\"Seep eemaldab tugevad mustused nagu rasv, tahm, s\u00fcsinik, asfalt, tint, liim ning v\u00e4rv. Tootel on meeldiv kirsiaroom. K\u00e4tepesuseep sisaldab nahapehmendajaid.\" \/>\n<meta property=\"og:url\" content=\"https:\/\/zepestonia.com\/en\/toode\/cherry-bomb-38l\/\" \/>\n<meta property=\"og:site_name\" content=\"ZEP Eesti I Puhastusvahendid I E-pood\" \/>\n<meta property=\"article:publisher\" content=\"https:\/\/www.facebook.com\/ZepEesti\" \/>\n<meta property=\"article:modified_time\" content=\"2025-07-16T00:03:27+00:00\" \/>\n<meta property=\"og:image\" content=\"https:\/\/zepestonia.com\/wp-content\/uploads\/2021\/12\/51-60bb286f74fef4-18061093-CHERRY20BOMB.png\" \/>\n\t<meta property=\"og:image:width\" content=\"400\" \/>\n\t<meta property=\"og:image:height\" content=\"600\" \/>\n\t<meta property=\"og:image:type\" content=\"image\/png\" \/>\n<meta name=\"twitter:card\" content=\"summary_large_image\" \/>\n<script type=\"application\/ld+json\" class=\"yoast-schema-graph\">{\"@context\":\"https:\/\/schema.org\",\"@graph\":[{\"@type\":\"WebPage\",\"@id\":\"https:\/\/zepestonia.com\/en\/toode\/cherry-bomb-38l\/\",\"url\":\"https:\/\/zepestonia.com\/en\/toode\/cherry-bomb-38l\/\",\"name\":\"Cherry Bomb 3,8L * - T\u00f6\u00f6stuslik k\u00e4tepesuseep I ZEP Eesti\",\"isPartOf\":{\"@id\":\"https:\/\/zepestonia.com\/en\/#website\"},\"primaryImageOfPage\":{\"@id\":\"https:\/\/zepestonia.com\/en\/toode\/cherry-bomb-38l\/#primaryimage\"},\"image\":{\"@id\":\"https:\/\/zepestonia.com\/en\/toode\/cherry-bomb-38l\/#primaryimage\"},\"thumbnailUrl\":\"https:\/\/zepestonia.com\/wp-content\/uploads\/2021\/12\/51-60bb286f74fef4-18061093-CHERRY20BOMB.png\",\"datePublished\":\"2021-11-29T19:00:53+00:00\",\"dateModified\":\"2025-07-16T00:03:27+00:00\",\"description\":\"Seep eemaldab tugevad mustused nagu rasv, tahm, s\u00fcsinik, asfalt, tint, liim ning v\u00e4rv. Tootel on meeldiv kirsiaroom. K\u00e4tepesuseep sisaldab nahapehmendajaid.\",\"breadcrumb\":{\"@id\":\"https:\/\/zepestonia.com\/en\/toode\/cherry-bomb-38l\/#breadcrumb\"},\"inLanguage\":\"en-US\",\"potentialAction\":[{\"@type\":\"ReadAction\",\"target\":[\"https:\/\/zepestonia.com\/en\/toode\/cherry-bomb-38l\/\"]}]},{\"@type\":\"ImageObject\",\"inLanguage\":\"en-US\",\"@id\":\"https:\/\/zepestonia.com\/en\/toode\/cherry-bomb-38l\/#primaryimage\",\"url\":\"https:\/\/zepestonia.com\/wp-content\/uploads\/2021\/12\/51-60bb286f74fef4-18061093-CHERRY20BOMB.png\",\"contentUrl\":\"https:\/\/zepestonia.com\/wp-content\/uploads\/2021\/12\/51-60bb286f74fef4-18061093-CHERRY20BOMB.png\",\"width\":400,\"height\":600,\"caption\":\"51-60bb286f74fef4-18061093-CHERRY20BOMB\"},{\"@type\":\"BreadcrumbList\",\"@id\":\"https:\/\/zepestonia.com\/en\/toode\/cherry-bomb-38l\/#breadcrumb\",\"itemListElement\":[{\"@type\":\"ListItem\",\"position\":1,\"name\":\"Home\",\"item\":\"https:\/\/zepestonia.com\/en\/\"},{\"@type\":\"ListItem\",\"position\":2,\"name\":\"Shop\",\"item\":\"https:\/\/zepestonia.com\/en\/?page_id=4643\"},{\"@type\":\"ListItem\",\"position\":3,\"name\":\"Cherry Bomb 3,8L * &#8211; T\u00f6\u00f6stuslik k\u00e4tepesuseep\"}]},{\"@type\":\"WebSite\",\"@id\":\"https:\/\/zepestonia.com\/en\/#website\",\"url\":\"https:\/\/zepestonia.com\/en\/\",\"name\":\"ZEP Eesti I Puhastusvahendid I E-pood\",\"description\":\"Pakume puhastus- ja hooldusprobleemidele efektiivseid keskkonnas\u00f5bralikke lahendusi!\",\"publisher\":{\"@id\":\"https:\/\/zepestonia.com\/en\/#organization\"},\"potentialAction\":[{\"@type\":\"SearchAction\",\"target\":{\"@type\":\"EntryPoint\",\"urlTemplate\":\"https:\/\/zepestonia.com\/en\/?s={search_term_string}\"},\"query-input\":{\"@type\":\"PropertyValueSpecification\",\"valueRequired\":true,\"valueName\":\"search_term_string\"}}],\"inLanguage\":\"en-US\"},{\"@type\":\"Organization\",\"@id\":\"https:\/\/zepestonia.com\/en\/#organization\",\"name\":\"Zep Estonia\",\"url\":\"https:\/\/zepestonia.com\/en\/\",\"logo\":{\"@type\":\"ImageObject\",\"inLanguage\":\"en-US\",\"@id\":\"https:\/\/zepestonia.com\/en\/#\/schema\/logo\/image\/\",\"url\":\"https:\/\/zepestonia.com\/wp-content\/uploads\/2022\/03\/Zep-Logo_png.jpeg\",\"contentUrl\":\"https:\/\/zepestonia.com\/wp-content\/uploads\/2022\/03\/Zep-Logo_png.jpeg\",\"width\":109,\"height\":70,\"caption\":\"Zep Estonia\"},\"image\":{\"@id\":\"https:\/\/zepestonia.com\/en\/#\/schema\/logo\/image\/\"},\"sameAs\":[\"https:\/\/www.facebook.com\/ZepEesti\"]}]}<\/script>\n<!-- \/ Yoast SEO plugin. -->","yoast_head_json":{"title":"Cherry Bomb 3,8L * - T\u00f6\u00f6stuslik k\u00e4tepesuseep I ZEP Eesti","description":"Seep eemaldab tugevad mustused nagu rasv, tahm, s\u00fcsinik, asfalt, tint, liim ning v\u00e4rv. Tootel on meeldiv kirsiaroom. K\u00e4tepesuseep sisaldab nahapehmendajaid.","robots":{"index":"index","follow":"follow","max-snippet":"max-snippet:-1","max-image-preview":"max-image-preview:large","max-video-preview":"max-video-preview:-1"},"canonical":"https:\/\/zepestonia.com\/en\/toode\/cherry-bomb-38l\/","og_locale":"en_US","og_type":"article","og_title":"Cherry Bomb 3,8L * - T\u00f6\u00f6stuslik k\u00e4tepesuseep I ZEP Eesti","og_description":"Seep eemaldab tugevad mustused nagu rasv, tahm, s\u00fcsinik, asfalt, tint, liim ning v\u00e4rv. Tootel on meeldiv kirsiaroom. K\u00e4tepesuseep sisaldab nahapehmendajaid.","og_url":"https:\/\/zepestonia.com\/en\/toode\/cherry-bomb-38l\/","og_site_name":"ZEP Eesti I Puhastusvahendid I E-pood","article_publisher":"https:\/\/www.facebook.com\/ZepEesti","article_modified_time":"2025-07-16T00:03:27+00:00","og_image":[{"width":400,"height":600,"url":"https:\/\/zepestonia.com\/wp-content\/uploads\/2021\/12\/51-60bb286f74fef4-18061093-CHERRY20BOMB.png","type":"image\/png"}],"twitter_card":"summary_large_image","schema":{"@context":"https:\/\/schema.org","@graph":[{"@type":"WebPage","@id":"https:\/\/zepestonia.com\/en\/toode\/cherry-bomb-38l\/","url":"https:\/\/zepestonia.com\/en\/toode\/cherry-bomb-38l\/","name":"Cherry Bomb 3,8L * - T\u00f6\u00f6stuslik k\u00e4tepesuseep I ZEP Eesti","isPartOf":{"@id":"https:\/\/zepestonia.com\/en\/#website"},"primaryImageOfPage":{"@id":"https:\/\/zepestonia.com\/en\/toode\/cherry-bomb-38l\/#primaryimage"},"image":{"@id":"https:\/\/zepestonia.com\/en\/toode\/cherry-bomb-38l\/#primaryimage"},"thumbnailUrl":"https:\/\/zepestonia.com\/wp-content\/uploads\/2021\/12\/51-60bb286f74fef4-18061093-CHERRY20BOMB.png","datePublished":"2021-11-29T19:00:53+00:00","dateModified":"2025-07-16T00:03:27+00:00","description":"Seep eemaldab tugevad mustused nagu rasv, tahm, s\u00fcsinik, asfalt, tint, liim ning v\u00e4rv. Tootel on meeldiv kirsiaroom. K\u00e4tepesuseep sisaldab nahapehmendajaid.","breadcrumb":{"@id":"https:\/\/zepestonia.com\/en\/toode\/cherry-bomb-38l\/#breadcrumb"},"inLanguage":"en-US","potentialAction":[{"@type":"ReadAction","target":["https:\/\/zepestonia.com\/en\/toode\/cherry-bomb-38l\/"]}]},{"@type":"ImageObject","inLanguage":"en-US","@id":"https:\/\/zepestonia.com\/en\/toode\/cherry-bomb-38l\/#primaryimage","url":"https:\/\/zepestonia.com\/wp-content\/uploads\/2021\/12\/51-60bb286f74fef4-18061093-CHERRY20BOMB.png","contentUrl":"https:\/\/zepestonia.com\/wp-content\/uploads\/2021\/12\/51-60bb286f74fef4-18061093-CHERRY20BOMB.png","width":400,"height":600,"caption":"51-60bb286f74fef4-18061093-CHERRY20BOMB"},{"@type":"BreadcrumbList","@id":"https:\/\/zepestonia.com\/en\/toode\/cherry-bomb-38l\/#breadcrumb","itemListElement":[{"@type":"ListItem","position":1,"name":"Home","item":"https:\/\/zepestonia.com\/en\/"},{"@type":"ListItem","position":2,"name":"Shop","item":"https:\/\/zepestonia.com\/en\/?page_id=4643"},{"@type":"ListItem","position":3,"name":"Cherry Bomb 3,8L * &#8211; T\u00f6\u00f6stuslik k\u00e4tepesuseep"}]},{"@type":"WebSite","@id":"https:\/\/zepestonia.com\/en\/#website","url":"https:\/\/zepestonia.com\/en\/","name":"ZEP Eesti I Puhastusvahendid I E-pood","description":"Pakume puhastus- ja hooldusprobleemidele efektiivseid keskkonnas\u00f5bralikke lahendusi!","publisher":{"@id":"https:\/\/zepestonia.com\/en\/#organization"},"potentialAction":[{"@type":"SearchAction","target":{"@type":"EntryPoint","urlTemplate":"https:\/\/zepestonia.com\/en\/?s={search_term_string}"},"query-input":{"@type":"PropertyValueSpecification","valueRequired":true,"valueName":"search_term_string"}}],"inLanguage":"en-US"},{"@type":"Organization","@id":"https:\/\/zepestonia.com\/en\/#organization","name":"Zep Estonia","url":"https:\/\/zepestonia.com\/en\/","logo":{"@type":"ImageObject","inLanguage":"en-US","@id":"https:\/\/zepestonia.com\/en\/#\/schema\/logo\/image\/","url":"https:\/\/zepestonia.com\/wp-content\/uploads\/2022\/03\/Zep-Logo_png.jpeg","contentUrl":"https:\/\/zepestonia.com\/wp-content\/uploads\/2022\/03\/Zep-Logo_png.jpeg","width":109,"height":70,"caption":"Zep Estonia"},"image":{"@id":"https:\/\/zepestonia.com\/en\/#\/schema\/logo\/image\/"},"sameAs":["https:\/\/www.facebook.com\/ZepEesti"]}]}},"_links":{"self":[{"href":"https:\/\/zepestonia.com\/en\/wp-json\/wp\/v2\/product\/3078","targetHints":{"allow":["GET"]}}],"collection":[{"href":"https:\/\/zepestonia.com\/en\/wp-json\/wp\/v2\/product"}],"about":[{"href":"https:\/\/zepestonia.com\/en\/wp-json\/wp\/v2\/types\/product"}],"replies":[{"embeddable":true,"href":"https:\/\/zepestonia.com\/en\/wp-json\/wp\/v2\/comments?post=3078"}],"version-history":[{"count":2,"href":"https:\/\/zepestonia.com\/en\/wp-json\/wp\/v2\/product\/3078\/revisions"}],"predecessor-version":[{"id":11239,"href":"https:\/\/zepestonia.com\/en\/wp-json\/wp\/v2\/product\/3078\/revisions\/11239"}],"wp:featuredmedia":[{"embeddable":true,"href":"https:\/\/zepestonia.com\/en\/wp-json\/wp\/v2\/media\/3667"}],"wp:attachment":[{"href":"https:\/\/zepestonia.com\/en\/wp-json\/wp\/v2\/media?parent=3078"}],"wp:term":[{"taxonomy":"product_brand","embeddable":true,"href":"https:\/\/zepestonia.com\/en\/wp-json\/wp\/v2\/product_brand?post=3078"},{"taxonomy":"product_cat","embeddable":true,"href":"https:\/\/zepestonia.com\/en\/wp-json\/wp\/v2\/product_cat?post=3078"},{"taxonomy":"product_tag","embeddable":true,"href":"https:\/\/zepestonia.com\/en\/wp-json\/wp\/v2\/product_tag?post=3078"}],"curies":[{"name":"wp","href":"https:\/\/api.w.org\/{rel}","templated":true}]}}