{"id":3077,"date":"2021-11-29T19:00:53","date_gmt":"2021-11-29T19:00:53","guid":{"rendered":"https:\/\/zep.valgekana.ee\/toode\/slide-xl\/"},"modified":"2025-07-15T00:03:46","modified_gmt":"2025-07-15T00:03:46","slug":"slide-xl","status":"publish","type":"product","link":"https:\/\/zepestonia.com\/en\/toode\/slide-xl\/","title":{"rendered":"Slide XL &#8211; Silikoonm\u00e4\u00e4re"},"content":{"rendered":"<p><strong><span style=\"font-size:14px\"><span class=\"markedContent\" id=\"page3R_mcid19\"><span dir=\"ltr\" role=\"presentation\" style=\"left: 60px;top: 642.911px;font-family: sans-serif\">M\u00e4\u00e4rdeain<\/span><span dir=\"ltr\" role=\"presentation\" style=\"left: 154.64px;top: 642.911px;font-family: sans-serif\">ena:<\/span><\/span><\/span><\/strong><\/p>\n<ul>\n<li><span style=\"font-size:14px\"><span class=\"markedContent\" id=\"page3R_mcid21\"><span dir=\"ltr\" role=\"presentation\" style=\"left: 120.04px;top: 688.911px;font-family: sans-serif\">V<\/span><span dir=\"ltr\" role=\"presentation\" style=\"left: 133.44px;top: 688.911px;font-family: sans-serif\">\u00e4ikes<\/span><span dir=\"ltr\" role=\"presentation\" style=\"left: 180.233px;top: 688.911px;font-family: sans-serif\">tel<\/span><span dir=\"ltr\" role=\"presentation\" style=\"left: 201.233px;top: 688.911px;font-family: sans-serif\">e<\/span><span dir=\"ltr\" role=\"presentation\" style=\"left: 212.353px;top: 688.911px;font-family: sans-serif\"> <\/span><span dir=\"ltr\" role=\"presentation\" style=\"left: 218.033px;top: 688.911px;font-family: sans-serif\">aeglasel<\/span><span dir=\"ltr\" role=\"presentation\" style=\"left: 292.633px;top: 688.911px;font-family: sans-serif\">t<\/span><span dir=\"ltr\" role=\"presentation\" style=\"left: 298.193px;top: 688.911px;font-family: sans-serif\"> <\/span><span dir=\"ltr\" role=\"presentation\" style=\"left: 303.633px;top: 688.911px;font-family: sans-serif\">liikuva<\/span><span dir=\"ltr\" role=\"presentation\" style=\"left: 359.283px;top: 688.911px;font-family: sans-serif\">tel<\/span><span dir=\"ltr\" role=\"presentation\" style=\"left: 380.503px;top: 688.911px;font-family: sans-serif\"> <\/span><span dir=\"ltr\" role=\"presentation\" style=\"left: 385.883px;top: 688.911px;font-family: sans-serif\">mehhanismi<\/span><span dir=\"ltr\" role=\"presentation\" style=\"left: 493.683px;top: 688.911px;font-family: sans-serif\">del<\/span><span dir=\"ltr\" role=\"presentation\" style=\"left: 520.283px;top: 688.911px;font-family: sans-serif\">e<\/span><span dir=\"ltr\" role=\"presentation\" style=\"left: 531.517px;top: 688.911px;font-family: sans-serif\">:<\/span><\/span><\/span><\/li>\n<li><span style=\"font-size:14px\"><span class=\"markedContent\" id=\"page3R_mcid22\"><span dir=\"ltr\" role=\"presentation\" style=\"left: 180.033px;top: 711.911px;font-family: sans-serif\">H<\/span><span dir=\"ltr\" role=\"presentation\" style=\"left: 194.433px;top: 711.911px;font-family: sans-serif\">inged<\/span><span dir=\"ltr\" role=\"presentation\" style=\"left: 243.513px;top: 711.911px;font-family: sans-serif\"> <\/span><span dir=\"ltr\" role=\"presentation\" style=\"left: 249.233px;top: 711.911px;font-family: sans-serif\">ja<\/span><span dir=\"ltr\" role=\"presentation\" style=\"left: 264.753px;top: 711.911px;font-family: sans-serif\"> <\/span><span dir=\"ltr\" role=\"presentation\" style=\"left: 270.233px;top: 711.911px;font-family: sans-serif\">lu<\/span><span dir=\"ltr\" role=\"presentation\" style=\"left: 285.833px;top: 711.911px;font-family: sans-serif\">kud akendel ja ustel<\/span><span dir=\"ltr\" role=\"presentation\" style=\"left: 462.683px;top: 711.911px;font-family: sans-serif\">.<\/span><\/span><\/span><\/li>\n<li><span style=\"font-size:14px\"><span class=\"markedContent\" id=\"page3R_mcid23\"><span dir=\"ltr\" role=\"presentation\" style=\"left: 180.033px;top: 734.911px;font-family: sans-serif\">T<\/span><span dir=\"ltr\" role=\"presentation\" style=\"left: 192.233px;top: 734.911px;font-family: sans-serif\">\u00f5mblukud<\/span><span dir=\"ltr\" role=\"presentation\" style=\"left: 279.053px;top: 734.911px;font-family: sans-serif\"> <\/span><span dir=\"ltr\" role=\"presentation\" style=\"left: 284.833px;top: 734.911px;font-family: sans-serif\">ja p<\/span><span dir=\"ltr\" role=\"presentation\" style=\"left: 317.083px;top: 734.911px;font-family: sans-serif\">lastiku<\/span><span dir=\"ltr\" role=\"presentation\" style=\"left: 373.683px;top: 734.911px;font-family: sans-serif\">st<\/span><span dir=\"ltr\" role=\"presentation\" style=\"left: 389.043px;top: 734.911px;font-family: sans-serif\"> <\/span><span dir=\"ltr\" role=\"presentation\" style=\"left: 394.683px;top: 734.911px;font-family: sans-serif\">liikuvad mehhanismid<\/span><span dir=\"ltr\" role=\"presentation\" style=\"left: 585.903px;top: 734.911px;font-family: sans-serif\"> <\/span><span dir=\"ltr\" role=\"presentation\" style=\"left: 591.517px;top: 734.911px;font-family: sans-serif\">jne<\/span><span dir=\"ltr\" role=\"presentation\" style=\"left: 618.317px;top: 734.911px;font-family: sans-serif\">.<\/span><\/span><\/span><\/li>\n<li><span style=\"font-size:14px\"><span class=\"markedContent\" id=\"page3R_mcid24\"><span dir=\"ltr\" role=\"presentation\" style=\"left: 120.04px;top: 757.911px;font-family: sans-serif\">Elektriseadmete puhastamine ja m\u00e4\u00e4rimine.<\/span><\/span><\/span><\/li>\n<li><span style=\"font-size:14px\"><span class=\"markedContent\" id=\"page3R_mcid25\"><span dir=\"ltr\" role=\"presentation\" style=\"left: 120.04px;top: 780.944px;font-family: sans-serif\">H\u00f5lbustab puidu, papi, tekstiili ja<\/span><span dir=\"ltr\" role=\"presentation\" style=\"left: 405.64px;top: 780.944px;font-family: sans-serif\"> <\/span><span dir=\"ltr\" role=\"presentation\" style=\"left: 411.483px;top: 780.944px;font-family: sans-serif\">plasti<\/span><span dir=\"ltr\" role=\"presentation\" style=\"left: 458.283px;top: 780.944px;font-family: sans-serif\">kust detaili<\/span><span dir=\"ltr\" role=\"presentation\" style=\"left: 552.443px;top: 780.944px;font-family: sans-serif\"> <\/span><span dir=\"ltr\" role=\"presentation\" style=\"left: 558.117px;top: 780.944px;font-family: sans-serif\">libisemist.<\/span><\/span><\/span><\/li>\n<li><span style=\"font-size:14px\"><span class=\"markedContent\" id=\"page3R_mcid26\">I<span dir=\"ltr\" role=\"presentation\" style=\"left: 125.64px;top: 803.944px;font-family: sans-serif\">deaalne kaitse<\/span><span dir=\"ltr\" role=\"presentation\" style=\"left: 254.833px;top: 803.944px;font-family: sans-serif\">&#8211;<\/span><span dir=\"ltr\" role=\"presentation\" style=\"left: 261.493px;top: 803.944px;font-family: sans-serif\"> <\/span><span dir=\"ltr\" role=\"presentation\" style=\"left: 267.033px;top: 803.944px;font-family: sans-serif\">ja l\u00e4ike<\/span><span dir=\"ltr\" role=\"presentation\" style=\"left: 329.283px;top: 803.944px;font-family: sans-serif\">vahend aut<\/span><span dir=\"ltr\" role=\"presentation\" style=\"left: 428.283px;top: 803.944px;font-family: sans-serif\">o a<\/span><span dir=\"ltr\" role=\"presentation\" style=\"left: 456.283px;top: 803.944px;font-family: sans-serif\">rmatuurlau<\/span><span dir=\"ltr\" role=\"presentation\" style=\"left: 551.717px;top: 803.944px;font-family: sans-serif\">d<\/span><span dir=\"ltr\" role=\"presentation\" style=\"left: 562.917px;top: 803.944px;font-family: sans-serif\">ade<\/span><span dir=\"ltr\" role=\"presentation\" style=\"left: 596.317px;top: 803.944px;font-family: sans-serif\">le<\/span><span dir=\"ltr\" role=\"presentation\" style=\"left: 611.877px;top: 803.944px;font-family: sans-serif\"> <\/span><span dir=\"ltr\" role=\"presentation\" style=\"left: 623.117px;top: 803.944px;font-family: sans-serif\">jm<\/span><span dir=\"ltr\" role=\"presentation\" style=\"left: 644.117px;top: 803.944px;font-family: sans-serif\">.<\/span><span dir=\"ltr\" role=\"presentation\" style=\"left: 649.677px;top: 803.944px;font-family: sans-serif\"> <\/span><span dir=\"ltr\" role=\"presentation\" style=\"left: 660.717px;top: 803.944px;font-family: sans-serif\">plast<\/span><span dir=\"ltr\" role=\"presentation\" style=\"left: 703.117px;top: 803.944px;font-family: sans-serif\">ikust v\u00f5i nahast<\/span> <span dir=\"ltr\" role=\"presentation\" style=\"left: 120.04px;top: 826.944px;font-family: sans-serif\">pin<\/span><span dir=\"ltr\" role=\"presentation\" style=\"left: 146.84px;top: 826.944px;font-family: sans-serif\">dade<\/span><span dir=\"ltr\" role=\"presentation\" style=\"left: 191.433px;top: 826.944px;font-family: sans-serif\">le<\/span><span dir=\"ltr\" role=\"presentation\" style=\"left: 206.953px;top: 826.944px;font-family: sans-serif\"> <\/span><span dir=\"ltr\" role=\"presentation\" style=\"left: 212.433px;top: 826.944px;font-family: sans-serif\">aga ka<\/span><span dir=\"ltr\" role=\"presentation\" style=\"left: 272.473px;top: 826.944px;font-family: sans-serif\"> <\/span><span dir=\"ltr\" role=\"presentation\" style=\"left: 283.633px;top: 826.944px;font-family: sans-serif\">uste<\/span><span dir=\"ltr\" role=\"presentation\" style=\"left: 321.333px;top: 826.944px;font-family: sans-serif\"> <\/span><span dir=\"ltr\" role=\"presentation\" style=\"left: 326.883px;top: 826.944px;font-family: sans-serif\">kummitihen<\/span><span dir=\"ltr\" role=\"presentation\" style=\"left: 429.283px;top: 826.944px;font-family: sans-serif\">di<\/span><span dir=\"ltr\" role=\"presentation\" style=\"left: 444.883px;top: 826.944px;font-family: sans-serif\">te<\/span><span dir=\"ltr\" role=\"presentation\" style=\"left: 461.483px;top: 826.944px;font-family: sans-serif\">le<\/span><span dir=\"ltr\" role=\"presentation\" style=\"left: 477.083px;top: 826.944px;font-family: sans-serif\">.<\/span><\/span><\/span><\/li>\n<\/ul>\n<p><strong><span style=\"font-size:14px\"><span class=\"markedContent\" id=\"page3R_mcid28\"><span dir=\"ltr\" role=\"presentation\" style=\"left: 60px;top: 872.944px;font-family: sans-serif\">Demonteerimine:<\/span><\/span><\/span><\/strong><\/p>\n<ul>\n<li><span style=\"font-size:14px\"><span class=\"markedContent\" id=\"page3R_mcid30\"><span dir=\"ltr\" role=\"presentation\" style=\"left: 120.04px;top: 918.944px;font-family: sans-serif\">Aitab<\/span><span dir=\"ltr\" role=\"presentation\" style=\"left: 165.72px;top: 918.944px;font-family: sans-serif\"> <\/span><span dir=\"ltr\" role=\"presentation\" style=\"left: 171.433px;top: 918.944px;font-family: sans-serif\">v<\/span><span dir=\"ltr\" role=\"presentation\" style=\"left: 181.233px;top: 918.944px;font-family: sans-serif\">\u00e4l<\/span><span dir=\"ltr\" role=\"presentation\" style=\"left: 196.833px;top: 918.944px;font-family: sans-serif\">tida<\/span><span dir=\"ltr\" role=\"presentation\" style=\"left: 229.133px;top: 918.944px;font-family: sans-serif\"> <\/span><span dir=\"ltr\" role=\"presentation\" style=\"left: 234.833px;top: 918.944px;font-family: sans-serif\">kleepumist pol\u00fcestri, epoks<\/span><span dir=\"ltr\" role=\"presentation\" style=\"left: 476.083px;top: 918.944px;font-family: sans-serif\">\u00fc<\/span><span dir=\"ltr\" role=\"presentation\" style=\"left: 487.083px;top: 918.944px;font-family: sans-serif\">, pol\u00fcet\u00fcleeni, aminovaikude, fenplastide, vin\u00fc\u00fcli,<\/span> <span dir=\"ltr\" role=\"presentation\" style=\"left: 120.04px;top: 941.944px;font-family: sans-serif\">akr\u00fc\u00fcli, pol\u00fcst\u00fcreeni, nailoni, tselluloosi, pneumaatiliste<\/span><span dir=\"ltr\" role=\"presentation\" style=\"left: 606.54px;top: 941.944px;font-family: sans-serif\"> <\/span><span dir=\"ltr\" role=\"presentation\" style=\"left: 612.717px;top: 941.944px;font-family: sans-serif\">jne mittepoorsel<\/span><span dir=\"ltr\" role=\"presentation\" style=\"left: 753.677px;top: 941.944px;font-family: sans-serif\"> <\/span><span dir=\"ltr\" role=\"presentation\" style=\"left: 759.367px;top: 941.944px;font-family: sans-serif\">pinnal<\/span><span dir=\"ltr\" role=\"presentation\" style=\"left: 812.967px;top: 941.944px;font-family: sans-serif\">.<\/span><\/span><\/span><\/li>\n<li><span style=\"font-size:14px\"><span class=\"markedContent\" id=\"page3R_mcid31\"><span dir=\"ltr\" role=\"presentation\" style=\"left: 120.04px;top: 964.944px;font-family: sans-serif\">Kondensatsioonivastane h\u00fcdroisolatsioon: elektrilis<\/span><span dir=\"ltr\" role=\"presentation\" style=\"left: 572.717px;top: 964.944px;font-family: sans-serif\">ed s<\/span><span dir=\"ltr\" role=\"presentation\" style=\"left: 610.717px;top: 964.944px;font-family: sans-serif\">eadmed<\/span><span dir=\"ltr\" role=\"presentation\" style=\"left: 683.117px;top: 964.944px;font-family: sans-serif\">, autod ja paadid.<\/span><\/span><\/span><\/li>\n<\/ul>\n<p><span style=\"font-size:14px\"><span class=\"markedContent\" id=\"page3R_mcid37\"><span dir=\"ltr\" role=\"presentation\" style=\"left: 120.04px;top: 1102.99px;font-family: sans-serif\">Vastupidav kuni + 350 \u00b0 C<\/span><\/span><\/span><\/p>\n","protected":false},"excerpt":{"rendered":"<p>Aerosoolpudelis kontsentreeritud silikoonm\u00e4\u00e4rde- ja puhastusaine.<br \/>\nV\u00e4hendab v\u00e4ikeste aeglastelt liikuvate mehhanismide h\u00f5\u00f5rdumist.<br \/>\nPuhastab ja kaitseb elektriseadmeid.<br \/>\nTekitab poorsetele pindadele kaitsekihi, mis aitab v\u00e4ltida pindade kleepumist ja tagab pindade veekindluse.<br \/>\nKuivab kiiresti ja ei j\u00e4ta n\u00e4htavat kilekihti.<\/p>\n","protected":false},"featured_media":3529,"comment_status":"closed","ping_status":"closed","template":"","meta":[],"product_brand":[],"product_cat":[224],"product_tag":[],"class_list":{"0":"post-3077","1":"product","2":"type-product","3":"status-publish","4":"has-post-thumbnail","6":"product_cat-maarded","8":"first","9":"instock","10":"taxable","11":"shipping-taxable","12":"purchasable","13":"product-type-simple"},"yoast_head":"<!-- This site is optimized with the Yoast SEO plugin v26.5 - https:\/\/yoast.com\/wordpress\/plugins\/seo\/ -->\n<title>Slide XL - Silikoonm\u00e4\u00e4re, puhastusaine I ZEP Eesti<\/title>\n<meta name=\"description\" content=\"Aerosoolpudelis kontsentreeritud silikoonm\u00e4\u00e4re- ja puhastusaine. V\u00e4hendab v\u00e4ikeste liikuvate mehhanismide h\u00f5\u00f5rdumist. Puhastab ning kaitseb elektriseadmeid.\" \/>\n<meta name=\"robots\" content=\"index, follow, max-snippet:-1, max-image-preview:large, max-video-preview:-1\" \/>\n<link rel=\"canonical\" href=\"https:\/\/zepestonia.com\/en\/toode\/slide-xl\/\" \/>\n<meta property=\"og:locale\" content=\"en_US\" \/>\n<meta property=\"og:type\" content=\"article\" \/>\n<meta property=\"og:title\" content=\"Slide XL - Silikoonm\u00e4\u00e4re, puhastusaine I ZEP Eesti\" \/>\n<meta property=\"og:description\" content=\"Aerosoolpudelis kontsentreeritud silikoonm\u00e4\u00e4re- ja puhastusaine. V\u00e4hendab v\u00e4ikeste liikuvate mehhanismide h\u00f5\u00f5rdumist. Puhastab ning kaitseb elektriseadmeid.\" \/>\n<meta property=\"og:url\" content=\"https:\/\/zepestonia.com\/en\/toode\/slide-xl\/\" \/>\n<meta property=\"og:site_name\" content=\"ZEP Eesti I Puhastusvahendid I E-pood\" \/>\n<meta property=\"article:publisher\" content=\"https:\/\/www.facebook.com\/ZepEesti\" \/>\n<meta property=\"article:modified_time\" content=\"2025-07-15T00:03:46+00:00\" \/>\n<meta property=\"og:image\" content=\"https:\/\/zepestonia.com\/wp-content\/uploads\/2021\/12\/647-60e907976b0633-72452671-Slide20XL.png\" \/>\n\t<meta property=\"og:image:width\" content=\"400\" \/>\n\t<meta property=\"og:image:height\" content=\"600\" \/>\n\t<meta property=\"og:image:type\" content=\"image\/png\" \/>\n<meta name=\"twitter:card\" content=\"summary_large_image\" \/>\n<script type=\"application\/ld+json\" class=\"yoast-schema-graph\">{\"@context\":\"https:\/\/schema.org\",\"@graph\":[{\"@type\":\"WebPage\",\"@id\":\"https:\/\/zepestonia.com\/en\/toode\/slide-xl\/\",\"url\":\"https:\/\/zepestonia.com\/en\/toode\/slide-xl\/\",\"name\":\"Slide XL - Silikoonm\u00e4\u00e4re, puhastusaine I ZEP Eesti\",\"isPartOf\":{\"@id\":\"https:\/\/zepestonia.com\/en\/#website\"},\"primaryImageOfPage\":{\"@id\":\"https:\/\/zepestonia.com\/en\/toode\/slide-xl\/#primaryimage\"},\"image\":{\"@id\":\"https:\/\/zepestonia.com\/en\/toode\/slide-xl\/#primaryimage\"},\"thumbnailUrl\":\"https:\/\/zepestonia.com\/wp-content\/uploads\/2021\/12\/647-60e907976b0633-72452671-Slide20XL.png\",\"datePublished\":\"2021-11-29T19:00:53+00:00\",\"dateModified\":\"2025-07-15T00:03:46+00:00\",\"description\":\"Aerosoolpudelis kontsentreeritud silikoonm\u00e4\u00e4re- ja puhastusaine. V\u00e4hendab v\u00e4ikeste liikuvate mehhanismide h\u00f5\u00f5rdumist. Puhastab ning kaitseb elektriseadmeid.\",\"breadcrumb\":{\"@id\":\"https:\/\/zepestonia.com\/en\/toode\/slide-xl\/#breadcrumb\"},\"inLanguage\":\"en-US\",\"potentialAction\":[{\"@type\":\"ReadAction\",\"target\":[\"https:\/\/zepestonia.com\/en\/toode\/slide-xl\/\"]}]},{\"@type\":\"ImageObject\",\"inLanguage\":\"en-US\",\"@id\":\"https:\/\/zepestonia.com\/en\/toode\/slide-xl\/#primaryimage\",\"url\":\"https:\/\/zepestonia.com\/wp-content\/uploads\/2021\/12\/647-60e907976b0633-72452671-Slide20XL.png\",\"contentUrl\":\"https:\/\/zepestonia.com\/wp-content\/uploads\/2021\/12\/647-60e907976b0633-72452671-Slide20XL.png\",\"width\":400,\"height\":600,\"caption\":\"647-60e907976b0633-72452671-Slide20XL\"},{\"@type\":\"BreadcrumbList\",\"@id\":\"https:\/\/zepestonia.com\/en\/toode\/slide-xl\/#breadcrumb\",\"itemListElement\":[{\"@type\":\"ListItem\",\"position\":1,\"name\":\"Home\",\"item\":\"https:\/\/zepestonia.com\/en\/\"},{\"@type\":\"ListItem\",\"position\":2,\"name\":\"Shop\",\"item\":\"https:\/\/zepestonia.com\/en\/?page_id=4643\"},{\"@type\":\"ListItem\",\"position\":3,\"name\":\"Slide XL &#8211; Silikoonm\u00e4\u00e4re\"}]},{\"@type\":\"WebSite\",\"@id\":\"https:\/\/zepestonia.com\/en\/#website\",\"url\":\"https:\/\/zepestonia.com\/en\/\",\"name\":\"ZEP Eesti I Puhastusvahendid I E-pood\",\"description\":\"Pakume puhastus- ja hooldusprobleemidele efektiivseid keskkonnas\u00f5bralikke lahendusi!\",\"publisher\":{\"@id\":\"https:\/\/zepestonia.com\/en\/#organization\"},\"potentialAction\":[{\"@type\":\"SearchAction\",\"target\":{\"@type\":\"EntryPoint\",\"urlTemplate\":\"https:\/\/zepestonia.com\/en\/?s={search_term_string}\"},\"query-input\":{\"@type\":\"PropertyValueSpecification\",\"valueRequired\":true,\"valueName\":\"search_term_string\"}}],\"inLanguage\":\"en-US\"},{\"@type\":\"Organization\",\"@id\":\"https:\/\/zepestonia.com\/en\/#organization\",\"name\":\"Zep Estonia\",\"url\":\"https:\/\/zepestonia.com\/en\/\",\"logo\":{\"@type\":\"ImageObject\",\"inLanguage\":\"en-US\",\"@id\":\"https:\/\/zepestonia.com\/en\/#\/schema\/logo\/image\/\",\"url\":\"https:\/\/zepestonia.com\/wp-content\/uploads\/2022\/03\/Zep-Logo_png.jpeg\",\"contentUrl\":\"https:\/\/zepestonia.com\/wp-content\/uploads\/2022\/03\/Zep-Logo_png.jpeg\",\"width\":109,\"height\":70,\"caption\":\"Zep Estonia\"},\"image\":{\"@id\":\"https:\/\/zepestonia.com\/en\/#\/schema\/logo\/image\/\"},\"sameAs\":[\"https:\/\/www.facebook.com\/ZepEesti\"]}]}<\/script>\n<!-- \/ Yoast SEO plugin. -->","yoast_head_json":{"title":"Slide XL - Silikoonm\u00e4\u00e4re, puhastusaine I ZEP Eesti","description":"Aerosoolpudelis kontsentreeritud silikoonm\u00e4\u00e4re- ja puhastusaine. V\u00e4hendab v\u00e4ikeste liikuvate mehhanismide h\u00f5\u00f5rdumist. Puhastab ning kaitseb elektriseadmeid.","robots":{"index":"index","follow":"follow","max-snippet":"max-snippet:-1","max-image-preview":"max-image-preview:large","max-video-preview":"max-video-preview:-1"},"canonical":"https:\/\/zepestonia.com\/en\/toode\/slide-xl\/","og_locale":"en_US","og_type":"article","og_title":"Slide XL - Silikoonm\u00e4\u00e4re, puhastusaine I ZEP Eesti","og_description":"Aerosoolpudelis kontsentreeritud silikoonm\u00e4\u00e4re- ja puhastusaine. V\u00e4hendab v\u00e4ikeste liikuvate mehhanismide h\u00f5\u00f5rdumist. Puhastab ning kaitseb elektriseadmeid.","og_url":"https:\/\/zepestonia.com\/en\/toode\/slide-xl\/","og_site_name":"ZEP Eesti I Puhastusvahendid I E-pood","article_publisher":"https:\/\/www.facebook.com\/ZepEesti","article_modified_time":"2025-07-15T00:03:46+00:00","og_image":[{"width":400,"height":600,"url":"https:\/\/zepestonia.com\/wp-content\/uploads\/2021\/12\/647-60e907976b0633-72452671-Slide20XL.png","type":"image\/png"}],"twitter_card":"summary_large_image","schema":{"@context":"https:\/\/schema.org","@graph":[{"@type":"WebPage","@id":"https:\/\/zepestonia.com\/en\/toode\/slide-xl\/","url":"https:\/\/zepestonia.com\/en\/toode\/slide-xl\/","name":"Slide XL - Silikoonm\u00e4\u00e4re, puhastusaine I ZEP Eesti","isPartOf":{"@id":"https:\/\/zepestonia.com\/en\/#website"},"primaryImageOfPage":{"@id":"https:\/\/zepestonia.com\/en\/toode\/slide-xl\/#primaryimage"},"image":{"@id":"https:\/\/zepestonia.com\/en\/toode\/slide-xl\/#primaryimage"},"thumbnailUrl":"https:\/\/zepestonia.com\/wp-content\/uploads\/2021\/12\/647-60e907976b0633-72452671-Slide20XL.png","datePublished":"2021-11-29T19:00:53+00:00","dateModified":"2025-07-15T00:03:46+00:00","description":"Aerosoolpudelis kontsentreeritud silikoonm\u00e4\u00e4re- ja puhastusaine. V\u00e4hendab v\u00e4ikeste liikuvate mehhanismide h\u00f5\u00f5rdumist. Puhastab ning kaitseb elektriseadmeid.","breadcrumb":{"@id":"https:\/\/zepestonia.com\/en\/toode\/slide-xl\/#breadcrumb"},"inLanguage":"en-US","potentialAction":[{"@type":"ReadAction","target":["https:\/\/zepestonia.com\/en\/toode\/slide-xl\/"]}]},{"@type":"ImageObject","inLanguage":"en-US","@id":"https:\/\/zepestonia.com\/en\/toode\/slide-xl\/#primaryimage","url":"https:\/\/zepestonia.com\/wp-content\/uploads\/2021\/12\/647-60e907976b0633-72452671-Slide20XL.png","contentUrl":"https:\/\/zepestonia.com\/wp-content\/uploads\/2021\/12\/647-60e907976b0633-72452671-Slide20XL.png","width":400,"height":600,"caption":"647-60e907976b0633-72452671-Slide20XL"},{"@type":"BreadcrumbList","@id":"https:\/\/zepestonia.com\/en\/toode\/slide-xl\/#breadcrumb","itemListElement":[{"@type":"ListItem","position":1,"name":"Home","item":"https:\/\/zepestonia.com\/en\/"},{"@type":"ListItem","position":2,"name":"Shop","item":"https:\/\/zepestonia.com\/en\/?page_id=4643"},{"@type":"ListItem","position":3,"name":"Slide XL &#8211; Silikoonm\u00e4\u00e4re"}]},{"@type":"WebSite","@id":"https:\/\/zepestonia.com\/en\/#website","url":"https:\/\/zepestonia.com\/en\/","name":"ZEP Eesti I Puhastusvahendid I E-pood","description":"Pakume puhastus- ja hooldusprobleemidele efektiivseid keskkonnas\u00f5bralikke lahendusi!","publisher":{"@id":"https:\/\/zepestonia.com\/en\/#organization"},"potentialAction":[{"@type":"SearchAction","target":{"@type":"EntryPoint","urlTemplate":"https:\/\/zepestonia.com\/en\/?s={search_term_string}"},"query-input":{"@type":"PropertyValueSpecification","valueRequired":true,"valueName":"search_term_string"}}],"inLanguage":"en-US"},{"@type":"Organization","@id":"https:\/\/zepestonia.com\/en\/#organization","name":"Zep Estonia","url":"https:\/\/zepestonia.com\/en\/","logo":{"@type":"ImageObject","inLanguage":"en-US","@id":"https:\/\/zepestonia.com\/en\/#\/schema\/logo\/image\/","url":"https:\/\/zepestonia.com\/wp-content\/uploads\/2022\/03\/Zep-Logo_png.jpeg","contentUrl":"https:\/\/zepestonia.com\/wp-content\/uploads\/2022\/03\/Zep-Logo_png.jpeg","width":109,"height":70,"caption":"Zep Estonia"},"image":{"@id":"https:\/\/zepestonia.com\/en\/#\/schema\/logo\/image\/"},"sameAs":["https:\/\/www.facebook.com\/ZepEesti"]}]}},"_links":{"self":[{"href":"https:\/\/zepestonia.com\/en\/wp-json\/wp\/v2\/product\/3077","targetHints":{"allow":["GET"]}}],"collection":[{"href":"https:\/\/zepestonia.com\/en\/wp-json\/wp\/v2\/product"}],"about":[{"href":"https:\/\/zepestonia.com\/en\/wp-json\/wp\/v2\/types\/product"}],"replies":[{"embeddable":true,"href":"https:\/\/zepestonia.com\/en\/wp-json\/wp\/v2\/comments?post=3077"}],"version-history":[{"count":2,"href":"https:\/\/zepestonia.com\/en\/wp-json\/wp\/v2\/product\/3077\/revisions"}],"predecessor-version":[{"id":11309,"href":"https:\/\/zepestonia.com\/en\/wp-json\/wp\/v2\/product\/3077\/revisions\/11309"}],"wp:featuredmedia":[{"embeddable":true,"href":"https:\/\/zepestonia.com\/en\/wp-json\/wp\/v2\/media\/3529"}],"wp:attachment":[{"href":"https:\/\/zepestonia.com\/en\/wp-json\/wp\/v2\/media?parent=3077"}],"wp:term":[{"taxonomy":"product_brand","embeddable":true,"href":"https:\/\/zepestonia.com\/en\/wp-json\/wp\/v2\/product_brand?post=3077"},{"taxonomy":"product_cat","embeddable":true,"href":"https:\/\/zepestonia.com\/en\/wp-json\/wp\/v2\/product_cat?post=3077"},{"taxonomy":"product_tag","embeddable":true,"href":"https:\/\/zepestonia.com\/en\/wp-json\/wp\/v2\/product_tag?post=3077"}],"curies":[{"name":"wp","href":"https:\/\/api.w.org\/{rel}","templated":true}]}}