{"id":3060,"date":"2021-11-29T19:00:51","date_gmt":"2021-11-29T19:00:51","guid":{"rendered":"https:\/\/zep.valgekana.ee\/toode\/sol-degreaser-10l\/"},"modified":"2025-07-01T00:24:28","modified_gmt":"2025-07-01T00:24:28","slug":"sol-degreaser-10l","status":"publish","type":"product","link":"https:\/\/zepestonia.com\/en\/toode\/sol-degreaser-10l\/","title":{"rendered":"Sol Degreaser 10L &#8211; Raskeveokite pesuaine"},"content":{"rendered":"<ul>\n<li>Kerge m\u00e4\u00e4rdumine 1:50-100<\/li>\n<li>Tugev m\u00e4\u00e4rdumine 1:5-10<\/li>\n<\/ul>\n<p>pH 12,2<br \/>\n&nbsp;<\/p>\n","protected":false},"excerpt":{"rendered":"<p>Eemaldab kiiresti mustuse kerelt, presenditelt, paatidelt, p\u00f5randatelt, taevalt, velgedelt, paakidelt, pr\u00fcgikastidelt ja mis tahes rasvatustavalt pinnalt.<br \/>\nSOL DEGREASER on eriti aktiivne kahekomponentne rasvaeemaldaja tugeva mustuse eemaldamisel igat t\u00fc\u00fcpi materjalidelt ja pindadelt.<br \/>\nSobib eriti h\u00e4sti ka presendiga s\u00f5idukitele ja veoautodele.<br \/>\nSee ei kahjusta v\u00e4rve ja s\u00f5iduki viimistlust<\/p>\n","protected":false},"featured_media":3545,"comment_status":"closed","ping_status":"closed","template":"","meta":[],"product_brand":[],"product_cat":[199],"product_tag":[],"class_list":{"0":"post-3060","1":"product","2":"type-product","3":"status-publish","4":"has-post-thumbnail","6":"product_cat-autod","8":"first","9":"instock","10":"taxable","11":"shipping-taxable","12":"purchasable","13":"product-type-simple"},"yoast_head":"<!-- This site is optimized with the Yoast SEO plugin v26.5 - https:\/\/yoast.com\/wordpress\/plugins\/seo\/ -->\n<title>Sol Degreaser 10L - Raskeveokite pesuaine I ZEP Eesti<\/title>\n<meta name=\"description\" content=\"Eemaldab kiiresti mustuse kerelt, presenditelt, paatidelt, p\u00f5randatelt, taevalt, velgedelt, paakidelt, pr\u00fcgikastidelt ja mis tahes rasvatustavalt pinnalt. nSOL DEGREASER on eriti aktiivne kahekomponentne rasvaeemaldaja tugeva mustuse eemaldamisel igat t\u00fc\u00fcpi materjalidelt ja pindadelt. nSobib eriti h\u00e4sti ka presendiga s\u00f5idukitele ja veoautodele. nSee ei kahjusta v\u00e4rve ja s\u00f5iduki viimistlust\" \/>\n<meta name=\"robots\" content=\"index, follow, max-snippet:-1, max-image-preview:large, max-video-preview:-1\" \/>\n<link rel=\"canonical\" href=\"https:\/\/zepestonia.com\/en\/toode\/sol-degreaser-10l\/\" \/>\n<meta property=\"og:locale\" content=\"en_US\" \/>\n<meta property=\"og:type\" content=\"article\" \/>\n<meta property=\"og:title\" content=\"Sol Degreaser 10L - Raskeveokite pesuaine I ZEP Eesti\" \/>\n<meta property=\"og:description\" content=\"Eemaldab kiiresti mustuse kerelt, presenditelt, paatidelt, p\u00f5randatelt, taevalt, velgedelt, paakidelt, pr\u00fcgikastidelt ja mis tahes rasvatustavalt pinnalt. nSOL DEGREASER on eriti aktiivne kahekomponentne rasvaeemaldaja tugeva mustuse eemaldamisel igat t\u00fc\u00fcpi materjalidelt ja pindadelt. nSobib eriti h\u00e4sti ka presendiga s\u00f5idukitele ja veoautodele. nSee ei kahjusta v\u00e4rve ja s\u00f5iduki viimistlust\" \/>\n<meta property=\"og:url\" content=\"https:\/\/zepestonia.com\/en\/toode\/sol-degreaser-10l\/\" \/>\n<meta property=\"og:site_name\" content=\"ZEP Eesti I Puhastusvahendid I E-pood\" \/>\n<meta property=\"article:publisher\" content=\"https:\/\/www.facebook.com\/ZepEesti\" \/>\n<meta property=\"article:modified_time\" content=\"2025-07-01T00:24:28+00:00\" \/>\n<meta property=\"og:image\" content=\"https:\/\/zepestonia.com\/wp-content\/uploads\/2021\/12\/160-60e908df383446-99909337-Sol20Degreaser.png\" \/>\n\t<meta property=\"og:image:width\" content=\"200\" \/>\n\t<meta property=\"og:image:height\" content=\"300\" \/>\n\t<meta property=\"og:image:type\" content=\"image\/png\" \/>\n<meta name=\"twitter:card\" content=\"summary_large_image\" \/>\n<script type=\"application\/ld+json\" class=\"yoast-schema-graph\">{\"@context\":\"https:\/\/schema.org\",\"@graph\":[{\"@type\":\"WebPage\",\"@id\":\"https:\/\/zepestonia.com\/en\/toode\/sol-degreaser-10l\/\",\"url\":\"https:\/\/zepestonia.com\/en\/toode\/sol-degreaser-10l\/\",\"name\":\"Sol Degreaser 10L - Raskeveokite pesuaine I ZEP Eesti\",\"isPartOf\":{\"@id\":\"https:\/\/zepestonia.com\/en\/#website\"},\"primaryImageOfPage\":{\"@id\":\"https:\/\/zepestonia.com\/en\/toode\/sol-degreaser-10l\/#primaryimage\"},\"image\":{\"@id\":\"https:\/\/zepestonia.com\/en\/toode\/sol-degreaser-10l\/#primaryimage\"},\"thumbnailUrl\":\"https:\/\/zepestonia.com\/wp-content\/uploads\/2021\/12\/160-60e908df383446-99909337-Sol20Degreaser.png\",\"datePublished\":\"2021-11-29T19:00:51+00:00\",\"dateModified\":\"2025-07-01T00:24:28+00:00\",\"description\":\"Eemaldab kiiresti mustuse kerelt, presenditelt, paatidelt, p\u00f5randatelt, taevalt, velgedelt, paakidelt, pr\u00fcgikastidelt ja mis tahes rasvatustavalt pinnalt. \\\\nSOL DEGREASER on eriti aktiivne kahekomponentne rasvaeemaldaja tugeva mustuse eemaldamisel igat t\u00fc\u00fcpi materjalidelt ja pindadelt. \\\\nSobib eriti h\u00e4sti ka presendiga s\u00f5idukitele ja veoautodele. \\\\nSee ei kahjusta v\u00e4rve ja s\u00f5iduki viimistlust\",\"breadcrumb\":{\"@id\":\"https:\/\/zepestonia.com\/en\/toode\/sol-degreaser-10l\/#breadcrumb\"},\"inLanguage\":\"en-US\",\"potentialAction\":[{\"@type\":\"ReadAction\",\"target\":[\"https:\/\/zepestonia.com\/en\/toode\/sol-degreaser-10l\/\"]}]},{\"@type\":\"ImageObject\",\"inLanguage\":\"en-US\",\"@id\":\"https:\/\/zepestonia.com\/en\/toode\/sol-degreaser-10l\/#primaryimage\",\"url\":\"https:\/\/zepestonia.com\/wp-content\/uploads\/2021\/12\/160-60e908df383446-99909337-Sol20Degreaser.png\",\"contentUrl\":\"https:\/\/zepestonia.com\/wp-content\/uploads\/2021\/12\/160-60e908df383446-99909337-Sol20Degreaser.png\",\"width\":200,\"height\":300,\"caption\":\"160-60e908df383446-99909337-Sol20Degreaser\"},{\"@type\":\"BreadcrumbList\",\"@id\":\"https:\/\/zepestonia.com\/en\/toode\/sol-degreaser-10l\/#breadcrumb\",\"itemListElement\":[{\"@type\":\"ListItem\",\"position\":1,\"name\":\"Home\",\"item\":\"https:\/\/zepestonia.com\/en\/\"},{\"@type\":\"ListItem\",\"position\":2,\"name\":\"Shop\",\"item\":\"https:\/\/zepestonia.com\/en\/?page_id=4643\"},{\"@type\":\"ListItem\",\"position\":3,\"name\":\"Sol Degreaser 10L &#8211; Raskeveokite pesuaine\"}]},{\"@type\":\"WebSite\",\"@id\":\"https:\/\/zepestonia.com\/en\/#website\",\"url\":\"https:\/\/zepestonia.com\/en\/\",\"name\":\"ZEP Eesti I Puhastusvahendid I E-pood\",\"description\":\"Pakume puhastus- ja hooldusprobleemidele efektiivseid keskkonnas\u00f5bralikke lahendusi!\",\"publisher\":{\"@id\":\"https:\/\/zepestonia.com\/en\/#organization\"},\"potentialAction\":[{\"@type\":\"SearchAction\",\"target\":{\"@type\":\"EntryPoint\",\"urlTemplate\":\"https:\/\/zepestonia.com\/en\/?s={search_term_string}\"},\"query-input\":{\"@type\":\"PropertyValueSpecification\",\"valueRequired\":true,\"valueName\":\"search_term_string\"}}],\"inLanguage\":\"en-US\"},{\"@type\":\"Organization\",\"@id\":\"https:\/\/zepestonia.com\/en\/#organization\",\"name\":\"Zep Estonia\",\"url\":\"https:\/\/zepestonia.com\/en\/\",\"logo\":{\"@type\":\"ImageObject\",\"inLanguage\":\"en-US\",\"@id\":\"https:\/\/zepestonia.com\/en\/#\/schema\/logo\/image\/\",\"url\":\"https:\/\/zepestonia.com\/wp-content\/uploads\/2022\/03\/Zep-Logo_png.jpeg\",\"contentUrl\":\"https:\/\/zepestonia.com\/wp-content\/uploads\/2022\/03\/Zep-Logo_png.jpeg\",\"width\":109,\"height\":70,\"caption\":\"Zep Estonia\"},\"image\":{\"@id\":\"https:\/\/zepestonia.com\/en\/#\/schema\/logo\/image\/\"},\"sameAs\":[\"https:\/\/www.facebook.com\/ZepEesti\"]}]}<\/script>\n<!-- \/ Yoast SEO plugin. -->","yoast_head_json":{"title":"Sol Degreaser 10L - Raskeveokite pesuaine I ZEP Eesti","description":"Eemaldab kiiresti mustuse kerelt, presenditelt, paatidelt, p\u00f5randatelt, taevalt, velgedelt, paakidelt, pr\u00fcgikastidelt ja mis tahes rasvatustavalt pinnalt. nSOL DEGREASER on eriti aktiivne kahekomponentne rasvaeemaldaja tugeva mustuse eemaldamisel igat t\u00fc\u00fcpi materjalidelt ja pindadelt. nSobib eriti h\u00e4sti ka presendiga s\u00f5idukitele ja veoautodele. nSee ei kahjusta v\u00e4rve ja s\u00f5iduki viimistlust","robots":{"index":"index","follow":"follow","max-snippet":"max-snippet:-1","max-image-preview":"max-image-preview:large","max-video-preview":"max-video-preview:-1"},"canonical":"https:\/\/zepestonia.com\/en\/toode\/sol-degreaser-10l\/","og_locale":"en_US","og_type":"article","og_title":"Sol Degreaser 10L - Raskeveokite pesuaine I ZEP Eesti","og_description":"Eemaldab kiiresti mustuse kerelt, presenditelt, paatidelt, p\u00f5randatelt, taevalt, velgedelt, paakidelt, pr\u00fcgikastidelt ja mis tahes rasvatustavalt pinnalt. nSOL DEGREASER on eriti aktiivne kahekomponentne rasvaeemaldaja tugeva mustuse eemaldamisel igat t\u00fc\u00fcpi materjalidelt ja pindadelt. nSobib eriti h\u00e4sti ka presendiga s\u00f5idukitele ja veoautodele. nSee ei kahjusta v\u00e4rve ja s\u00f5iduki viimistlust","og_url":"https:\/\/zepestonia.com\/en\/toode\/sol-degreaser-10l\/","og_site_name":"ZEP Eesti I Puhastusvahendid I E-pood","article_publisher":"https:\/\/www.facebook.com\/ZepEesti","article_modified_time":"2025-07-01T00:24:28+00:00","og_image":[{"width":200,"height":300,"url":"https:\/\/zepestonia.com\/wp-content\/uploads\/2021\/12\/160-60e908df383446-99909337-Sol20Degreaser.png","type":"image\/png"}],"twitter_card":"summary_large_image","schema":{"@context":"https:\/\/schema.org","@graph":[{"@type":"WebPage","@id":"https:\/\/zepestonia.com\/en\/toode\/sol-degreaser-10l\/","url":"https:\/\/zepestonia.com\/en\/toode\/sol-degreaser-10l\/","name":"Sol Degreaser 10L - Raskeveokite pesuaine I ZEP Eesti","isPartOf":{"@id":"https:\/\/zepestonia.com\/en\/#website"},"primaryImageOfPage":{"@id":"https:\/\/zepestonia.com\/en\/toode\/sol-degreaser-10l\/#primaryimage"},"image":{"@id":"https:\/\/zepestonia.com\/en\/toode\/sol-degreaser-10l\/#primaryimage"},"thumbnailUrl":"https:\/\/zepestonia.com\/wp-content\/uploads\/2021\/12\/160-60e908df383446-99909337-Sol20Degreaser.png","datePublished":"2021-11-29T19:00:51+00:00","dateModified":"2025-07-01T00:24:28+00:00","description":"Eemaldab kiiresti mustuse kerelt, presenditelt, paatidelt, p\u00f5randatelt, taevalt, velgedelt, paakidelt, pr\u00fcgikastidelt ja mis tahes rasvatustavalt pinnalt. \\nSOL DEGREASER on eriti aktiivne kahekomponentne rasvaeemaldaja tugeva mustuse eemaldamisel igat t\u00fc\u00fcpi materjalidelt ja pindadelt. \\nSobib eriti h\u00e4sti ka presendiga s\u00f5idukitele ja veoautodele. \\nSee ei kahjusta v\u00e4rve ja s\u00f5iduki viimistlust","breadcrumb":{"@id":"https:\/\/zepestonia.com\/en\/toode\/sol-degreaser-10l\/#breadcrumb"},"inLanguage":"en-US","potentialAction":[{"@type":"ReadAction","target":["https:\/\/zepestonia.com\/en\/toode\/sol-degreaser-10l\/"]}]},{"@type":"ImageObject","inLanguage":"en-US","@id":"https:\/\/zepestonia.com\/en\/toode\/sol-degreaser-10l\/#primaryimage","url":"https:\/\/zepestonia.com\/wp-content\/uploads\/2021\/12\/160-60e908df383446-99909337-Sol20Degreaser.png","contentUrl":"https:\/\/zepestonia.com\/wp-content\/uploads\/2021\/12\/160-60e908df383446-99909337-Sol20Degreaser.png","width":200,"height":300,"caption":"160-60e908df383446-99909337-Sol20Degreaser"},{"@type":"BreadcrumbList","@id":"https:\/\/zepestonia.com\/en\/toode\/sol-degreaser-10l\/#breadcrumb","itemListElement":[{"@type":"ListItem","position":1,"name":"Home","item":"https:\/\/zepestonia.com\/en\/"},{"@type":"ListItem","position":2,"name":"Shop","item":"https:\/\/zepestonia.com\/en\/?page_id=4643"},{"@type":"ListItem","position":3,"name":"Sol Degreaser 10L &#8211; Raskeveokite pesuaine"}]},{"@type":"WebSite","@id":"https:\/\/zepestonia.com\/en\/#website","url":"https:\/\/zepestonia.com\/en\/","name":"ZEP Eesti I Puhastusvahendid I E-pood","description":"Pakume puhastus- ja hooldusprobleemidele efektiivseid keskkonnas\u00f5bralikke lahendusi!","publisher":{"@id":"https:\/\/zepestonia.com\/en\/#organization"},"potentialAction":[{"@type":"SearchAction","target":{"@type":"EntryPoint","urlTemplate":"https:\/\/zepestonia.com\/en\/?s={search_term_string}"},"query-input":{"@type":"PropertyValueSpecification","valueRequired":true,"valueName":"search_term_string"}}],"inLanguage":"en-US"},{"@type":"Organization","@id":"https:\/\/zepestonia.com\/en\/#organization","name":"Zep Estonia","url":"https:\/\/zepestonia.com\/en\/","logo":{"@type":"ImageObject","inLanguage":"en-US","@id":"https:\/\/zepestonia.com\/en\/#\/schema\/logo\/image\/","url":"https:\/\/zepestonia.com\/wp-content\/uploads\/2022\/03\/Zep-Logo_png.jpeg","contentUrl":"https:\/\/zepestonia.com\/wp-content\/uploads\/2022\/03\/Zep-Logo_png.jpeg","width":109,"height":70,"caption":"Zep Estonia"},"image":{"@id":"https:\/\/zepestonia.com\/en\/#\/schema\/logo\/image\/"},"sameAs":["https:\/\/www.facebook.com\/ZepEesti"]}]}},"_links":{"self":[{"href":"https:\/\/zepestonia.com\/en\/wp-json\/wp\/v2\/product\/3060","targetHints":{"allow":["GET"]}}],"collection":[{"href":"https:\/\/zepestonia.com\/en\/wp-json\/wp\/v2\/product"}],"about":[{"href":"https:\/\/zepestonia.com\/en\/wp-json\/wp\/v2\/types\/product"}],"replies":[{"embeddable":true,"href":"https:\/\/zepestonia.com\/en\/wp-json\/wp\/v2\/comments?post=3060"}],"version-history":[{"count":1,"href":"https:\/\/zepestonia.com\/en\/wp-json\/wp\/v2\/product\/3060\/revisions"}],"predecessor-version":[{"id":12320,"href":"https:\/\/zepestonia.com\/en\/wp-json\/wp\/v2\/product\/3060\/revisions\/12320"}],"wp:featuredmedia":[{"embeddable":true,"href":"https:\/\/zepestonia.com\/en\/wp-json\/wp\/v2\/media\/3545"}],"wp:attachment":[{"href":"https:\/\/zepestonia.com\/en\/wp-json\/wp\/v2\/media?parent=3060"}],"wp:term":[{"taxonomy":"product_brand","embeddable":true,"href":"https:\/\/zepestonia.com\/en\/wp-json\/wp\/v2\/product_brand?post=3060"},{"taxonomy":"product_cat","embeddable":true,"href":"https:\/\/zepestonia.com\/en\/wp-json\/wp\/v2\/product_cat?post=3060"},{"taxonomy":"product_tag","embeddable":true,"href":"https:\/\/zepestonia.com\/en\/wp-json\/wp\/v2\/product_tag?post=3060"}],"curies":[{"name":"wp","href":"https:\/\/api.w.org\/{rel}","templated":true}]}}