{"id":3058,"date":"2021-11-29T19:00:51","date_gmt":"2021-11-29T19:00:51","guid":{"rendered":"https:\/\/zep.valgekana.ee\/toode\/buff-up-1l\/"},"modified":"2025-07-01T00:24:36","modified_gmt":"2025-07-01T00:24:36","slug":"buff-up-1l","status":"publish","type":"product","link":"https:\/\/zepestonia.com\/en\/toode\/buff-up-1l\/","title":{"rendered":"Buff UP 1L &#8211; Puhastusvahendiga poleerija"},"content":{"rendered":"<ul>\n<li><span style=\"font-family:arial,helvetica,sans-serif\"><span style=\"font-size:14px\"><span class=\"markedContent\" id=\"page3R_mcid47\"><span dir=\"ltr\" role=\"presentation\" style=\"left: 150.04px;top: 826.344px\">Puhastada p\u00f5rand tolmust.<\/span><\/span><\/span><\/span><\/li>\n<li><span style=\"font-family:arial,helvetica,sans-serif\"><span style=\"font-size:14px\"><span class=\"markedContent\" id=\"page3R_mcid48\"><span dir=\"ltr\" role=\"presentation\" style=\"left: 150.04px;top: 850.744px\">Tugeva mustuse korral<\/span><span dir=\"ltr\" role=\"presentation\" style=\"left: 353.52px;top: 850.744px\"> <\/span><span dir=\"ltr\" role=\"presentation\" style=\"left: 359.083px;top: 850.744px\">puhastada<\/span><span dir=\"ltr\" role=\"presentation\" style=\"left: 452.523px;top: 850.744px\"> <\/span><span dir=\"ltr\" role=\"presentation\" style=\"left: 458.083px;top: 850.744px\">pind<\/span><span dir=\"ltr\" role=\"presentation\" style=\"left: 495.943px;top: 850.744px\"> <\/span><span dir=\"ltr\" role=\"presentation\" style=\"left: 501.483px;top: 850.744px\">eelnevalt<\/span><span dir=\"ltr\" role=\"presentation\" style=\"left: 581.423px;top: 850.744px\"> <\/span><span dir=\"ltr\" role=\"presentation\" style=\"left: 587.117px;top: 850.744px\">tootega<\/span><span dir=\"ltr\" role=\"presentation\" style=\"left: 653.797px;top: 850.744px\"> <\/span><span dir=\"ltr\" role=\"presentation\" style=\"left: 659.517px;top: 850.744px\">Vita<\/span><span dir=\"ltr\" role=\"presentation\" style=\"left: 696.057px;top: 850.744px\"> <\/span><span dir=\"ltr\" role=\"presentation\" style=\"left: 701.717px;top: 850.744px\">P<\/span><span dir=\"ltr\" role=\"presentation\" style=\"left: 715.117px;top: 850.744px\">in<\/span><span dir=\"ltr\" role=\"presentation\" style=\"left: 732.717px;top: 850.744px\">.<\/span><\/span><\/span><\/span><\/li>\n<li><span style=\"font-family:arial,helvetica,sans-serif\"><span style=\"font-size:14px\"><span class=\"markedContent\" id=\"page3R_mcid49\"><span dir=\"ltr\" role=\"presentation\" style=\"left: 150.04px;top: 875.144px\">Kasutada<\/span><span dir=\"ltr\" role=\"presentation\" style=\"left: 234.66px;top: 875.144px\"> <\/span><span dir=\"ltr\" role=\"presentation\" style=\"left: 240.233px;top: 875.144px\">punase l\u00e4ike<\/span><span dir=\"ltr\" role=\"presentation\" style=\"left: 352.483px;top: 875.144px\">kettaga<\/span><span dir=\"ltr\" role=\"presentation\" style=\"left: 418.143px;top: 875.144px\"> <\/span><span dir=\"ltr\" role=\"presentation\" style=\"left: 423.683px;top: 875.144px\">poleerimismasinat<\/span><span dir=\"ltr\" role=\"presentation\" style=\"left: 585.117px;top: 875.144px\">.<\/span><\/span><\/span><\/span><\/li>\n<li><span style=\"font-family:arial,helvetica,sans-serif\"><span style=\"font-size:14px\"><span class=\"markedContent\" id=\"page3R_mcid50\"><span dir=\"ltr\" role=\"presentation\" style=\"left: 150.04px;top: 899.344px\">Piserdada<\/span><span dir=\"ltr\" role=\"presentation\" style=\"left: 240.1px;top: 899.344px\"> <\/span><span dir=\"ltr\" role=\"presentation\" style=\"left: 245.833px;top: 899.344px\">Buff Up<\/span><span dir=\"ltr\" role=\"presentation\" style=\"left: 312.513px;top: 899.344px\"> <\/span><span dir=\"ltr\" role=\"presentation\" style=\"left: 318.083px;top: 899.344px\">p\u00f5randapinna<\/span><span dir=\"ltr\" role=\"presentation\" style=\"left: 440.283px;top: 899.344px\"> <\/span><span dir=\"ltr\" role=\"presentation\" style=\"left: 446.083px;top: 899.344px\">v\u00e4ikesele<\/span><span dir=\"ltr\" role=\"presentation\" style=\"left: 529.383px;top: 899.344px\"> <\/span><span dir=\"ltr\" role=\"presentation\" style=\"left: 534.917px;top: 899.344px\">osale<\/span><span dir=\"ltr\" role=\"presentation\" style=\"left: 582.717px;top: 899.344px\">.<\/span><\/span><\/span><\/span><\/li>\n<li><span style=\"font-family:arial,helvetica,sans-serif\"><span style=\"font-size:14px\"><span class=\"markedContent\" id=\"page3R_mcid51\"><span dir=\"ltr\" role=\"presentation\" style=\"left: 150.04px;top: 923.744px\">Poleerida masinaga kuivamiseni.<\/span><\/span><\/span><\/span><\/li>\n<li><span style=\"font-family:arial,helvetica,sans-serif\"><span style=\"font-size:14px\"><span class=\"markedContent\" id=\"page3R_mcid52\"><span dir=\"ltr\" role=\"presentation\" style=\"left: 150.04px;top: 948.144px\">J\u00e4tkata samamoodi<\/span><span dir=\"ltr\" role=\"presentation\" style=\"left: 323.54px;top: 948.144px\"> <\/span><span dir=\"ltr\" role=\"presentation\" style=\"left: 334.683px;top: 948.144px\">\u00fclej\u00e4\u00e4nud p\u00f5randal<\/span><span dir=\"ltr\" role=\"presentation\" style=\"left: 505.083px;top: 948.144px\">.<\/span><\/span><\/span><\/span><\/li>\n<li><span style=\"font-family:arial,helvetica,sans-serif\"><span style=\"font-size:14px\"><span class=\"markedContent\"><span dir=\"ltr\" role=\"presentation\" style=\"left: 150.04px;top: 972.544px\">Kontrollida hoolikal<\/span><span dir=\"ltr\" role=\"presentation\" style=\"left: 318.083px;top: 972.544px\">t piserduskogust. <\/span><\/span><\/span><\/span><\/li>\n<li><span style=\"font-family:arial,helvetica,sans-serif\"><span style=\"font-size:14px\"><span class=\"markedContent\" id=\"page3R_mcid53\"><span dir=\"ltr\" role=\"presentation\" style=\"left: 318.083px;top: 972.544px\">Liiga suur kogus<\/span><span dir=\"ltr\" role=\"presentation\" style=\"left: 620.443px;top: 972.544px\"> <\/span><span dir=\"ltr\" role=\"presentation\" style=\"left: 626.317px;top: 972.544px\">vahendit<\/span><span dir=\"ltr\" role=\"presentation\" style=\"left: 701.837px;top: 972.544px\"> <\/span><span dir=\"ltr\" role=\"presentation\" style=\"left: 712.917px;top: 972.544px\">v\u00f5ib kuhjuda ning<\/span> <span dir=\"ltr\" role=\"presentation\" style=\"left: 150.04px;top: 995.544px\">v\u00e4hendada<\/span><span dir=\"ltr\" role=\"presentation\" style=\"left: 249.06px;top: 995.544px\"> <\/span><span dir=\"ltr\" role=\"presentation\" style=\"left: 254.833px;top: 995.544px\">vahendi<\/span><span dir=\"ltr\" role=\"presentation\" style=\"left: 324.793px;top: 995.544px\"> <\/span><span dir=\"ltr\" role=\"presentation\" style=\"left: 330.283px;top: 995.544px\">efektiivsust.<\/span><\/span><\/span><\/span><\/li>\n<\/ul>\n<p><span style=\"font-family:arial,helvetica,sans-serif\"><span style=\"font-size:14px\"><span class=\"markedContent\"><span dir=\"ltr\" role=\"presentation\" style=\"left: 330.283px;top: 995.544px\">pH 8,0-9,0<br \/>\nKulu \u2248 150m\u00b2<\/span><\/span><\/span><\/span><\/p>\n","protected":false},"excerpt":{"rendered":"<p>Kasutusvalmis veep\u00f5hine puhastusvahendit sisaldav poleerija, mis puhastab ja noorendab enamikke p\u00f5randate kattevahendeid.<br \/>\nV\u00e4hendab pideva pesemise, vahaeemalduse ja uuesti vahatamise vajadust.<br \/>\nKasutamiseks lennujaamades, hotellides, haiglates, lasteaedades, haridus-, hooldus-, l\u00f5bustus- ja toitlustusasutustes jne. asuvate p\u00f5randate puhastamiseks ja poleerimiseks<br \/>\nsaavutades pinna uuev\u00e4\u00e4rse k\u00f5rgl\u00e4ike.<br \/>\nSobib igat t\u00fc\u00fcpi p\u00f5randatele.<\/p>\n","protected":false},"featured_media":3624,"comment_status":"closed","ping_status":"closed","template":"","meta":[],"product_brand":[],"product_cat":[197],"product_tag":[],"class_list":{"0":"post-3058","1":"product","2":"type-product","3":"status-publish","4":"has-post-thumbnail","6":"product_cat-kaitse","8":"first","9":"instock","10":"taxable","11":"shipping-taxable","12":"purchasable","13":"product-type-simple"},"yoast_head":"<!-- This site is optimized with the Yoast SEO plugin v26.5 - https:\/\/yoast.com\/wordpress\/plugins\/seo\/ -->\n<title>Buff UP 1L - Puhastusvahendiga poleerija I ZEP Eesti<\/title>\n<meta name=\"description\" content=\"Veep\u00f5hist puhastusvahendit sisaldav poleerija. Puhastab enamikke p\u00f5randate kattevahendeid. V\u00e4hendab pideva pesemise, vahaeemalduse ja uuesti vahatamise vajadust.\" \/>\n<meta name=\"robots\" content=\"index, follow, max-snippet:-1, max-image-preview:large, max-video-preview:-1\" \/>\n<link rel=\"canonical\" href=\"https:\/\/zepestonia.com\/en\/toode\/buff-up-1l\/\" \/>\n<meta property=\"og:locale\" content=\"en_US\" \/>\n<meta property=\"og:type\" content=\"article\" \/>\n<meta property=\"og:title\" content=\"Buff UP 1L - Puhastusvahendiga poleerija I ZEP Eesti\" \/>\n<meta property=\"og:description\" content=\"Veep\u00f5hist puhastusvahendit sisaldav poleerija. Puhastab enamikke p\u00f5randate kattevahendeid. V\u00e4hendab pideva pesemise, vahaeemalduse ja uuesti vahatamise vajadust.\" \/>\n<meta property=\"og:url\" content=\"https:\/\/zepestonia.com\/en\/toode\/buff-up-1l\/\" \/>\n<meta property=\"og:site_name\" content=\"ZEP Eesti I Puhastusvahendid I E-pood\" \/>\n<meta property=\"article:publisher\" content=\"https:\/\/www.facebook.com\/ZepEesti\" \/>\n<meta property=\"article:modified_time\" content=\"2025-07-01T00:24:36+00:00\" \/>\n<meta property=\"og:image\" content=\"https:\/\/zepestonia.com\/wp-content\/uploads\/2021\/12\/46-60badc73ad3cd8-74395618-BUFF20UP.png\" \/>\n\t<meta property=\"og:image:width\" content=\"400\" \/>\n\t<meta property=\"og:image:height\" content=\"600\" \/>\n\t<meta property=\"og:image:type\" content=\"image\/png\" \/>\n<meta name=\"twitter:card\" content=\"summary_large_image\" \/>\n<script type=\"application\/ld+json\" class=\"yoast-schema-graph\">{\"@context\":\"https:\/\/schema.org\",\"@graph\":[{\"@type\":\"WebPage\",\"@id\":\"https:\/\/zepestonia.com\/en\/toode\/buff-up-1l\/\",\"url\":\"https:\/\/zepestonia.com\/en\/toode\/buff-up-1l\/\",\"name\":\"Buff UP 1L - Puhastusvahendiga poleerija I ZEP Eesti\",\"isPartOf\":{\"@id\":\"https:\/\/zepestonia.com\/en\/#website\"},\"primaryImageOfPage\":{\"@id\":\"https:\/\/zepestonia.com\/en\/toode\/buff-up-1l\/#primaryimage\"},\"image\":{\"@id\":\"https:\/\/zepestonia.com\/en\/toode\/buff-up-1l\/#primaryimage\"},\"thumbnailUrl\":\"https:\/\/zepestonia.com\/wp-content\/uploads\/2021\/12\/46-60badc73ad3cd8-74395618-BUFF20UP.png\",\"datePublished\":\"2021-11-29T19:00:51+00:00\",\"dateModified\":\"2025-07-01T00:24:36+00:00\",\"description\":\"Veep\u00f5hist puhastusvahendit sisaldav poleerija. Puhastab enamikke p\u00f5randate kattevahendeid. V\u00e4hendab pideva pesemise, vahaeemalduse ja uuesti vahatamise vajadust.\",\"breadcrumb\":{\"@id\":\"https:\/\/zepestonia.com\/en\/toode\/buff-up-1l\/#breadcrumb\"},\"inLanguage\":\"en-US\",\"potentialAction\":[{\"@type\":\"ReadAction\",\"target\":[\"https:\/\/zepestonia.com\/en\/toode\/buff-up-1l\/\"]}]},{\"@type\":\"ImageObject\",\"inLanguage\":\"en-US\",\"@id\":\"https:\/\/zepestonia.com\/en\/toode\/buff-up-1l\/#primaryimage\",\"url\":\"https:\/\/zepestonia.com\/wp-content\/uploads\/2021\/12\/46-60badc73ad3cd8-74395618-BUFF20UP.png\",\"contentUrl\":\"https:\/\/zepestonia.com\/wp-content\/uploads\/2021\/12\/46-60badc73ad3cd8-74395618-BUFF20UP.png\",\"width\":400,\"height\":600,\"caption\":\"46-60badc73ad3cd8-74395618-BUFF20UP\"},{\"@type\":\"BreadcrumbList\",\"@id\":\"https:\/\/zepestonia.com\/en\/toode\/buff-up-1l\/#breadcrumb\",\"itemListElement\":[{\"@type\":\"ListItem\",\"position\":1,\"name\":\"Home\",\"item\":\"https:\/\/zepestonia.com\/en\/\"},{\"@type\":\"ListItem\",\"position\":2,\"name\":\"Shop\",\"item\":\"https:\/\/zepestonia.com\/en\/?page_id=4643\"},{\"@type\":\"ListItem\",\"position\":3,\"name\":\"Buff UP 1L &#8211; Puhastusvahendiga poleerija\"}]},{\"@type\":\"WebSite\",\"@id\":\"https:\/\/zepestonia.com\/en\/#website\",\"url\":\"https:\/\/zepestonia.com\/en\/\",\"name\":\"ZEP Eesti I Puhastusvahendid I E-pood\",\"description\":\"Pakume puhastus- ja hooldusprobleemidele efektiivseid keskkonnas\u00f5bralikke lahendusi!\",\"publisher\":{\"@id\":\"https:\/\/zepestonia.com\/en\/#organization\"},\"potentialAction\":[{\"@type\":\"SearchAction\",\"target\":{\"@type\":\"EntryPoint\",\"urlTemplate\":\"https:\/\/zepestonia.com\/en\/?s={search_term_string}\"},\"query-input\":{\"@type\":\"PropertyValueSpecification\",\"valueRequired\":true,\"valueName\":\"search_term_string\"}}],\"inLanguage\":\"en-US\"},{\"@type\":\"Organization\",\"@id\":\"https:\/\/zepestonia.com\/en\/#organization\",\"name\":\"Zep Estonia\",\"url\":\"https:\/\/zepestonia.com\/en\/\",\"logo\":{\"@type\":\"ImageObject\",\"inLanguage\":\"en-US\",\"@id\":\"https:\/\/zepestonia.com\/en\/#\/schema\/logo\/image\/\",\"url\":\"https:\/\/zepestonia.com\/wp-content\/uploads\/2022\/03\/Zep-Logo_png.jpeg\",\"contentUrl\":\"https:\/\/zepestonia.com\/wp-content\/uploads\/2022\/03\/Zep-Logo_png.jpeg\",\"width\":109,\"height\":70,\"caption\":\"Zep Estonia\"},\"image\":{\"@id\":\"https:\/\/zepestonia.com\/en\/#\/schema\/logo\/image\/\"},\"sameAs\":[\"https:\/\/www.facebook.com\/ZepEesti\"]}]}<\/script>\n<!-- \/ Yoast SEO plugin. -->","yoast_head_json":{"title":"Buff UP 1L - Puhastusvahendiga poleerija I ZEP Eesti","description":"Veep\u00f5hist puhastusvahendit sisaldav poleerija. Puhastab enamikke p\u00f5randate kattevahendeid. V\u00e4hendab pideva pesemise, vahaeemalduse ja uuesti vahatamise vajadust.","robots":{"index":"index","follow":"follow","max-snippet":"max-snippet:-1","max-image-preview":"max-image-preview:large","max-video-preview":"max-video-preview:-1"},"canonical":"https:\/\/zepestonia.com\/en\/toode\/buff-up-1l\/","og_locale":"en_US","og_type":"article","og_title":"Buff UP 1L - Puhastusvahendiga poleerija I ZEP Eesti","og_description":"Veep\u00f5hist puhastusvahendit sisaldav poleerija. Puhastab enamikke p\u00f5randate kattevahendeid. V\u00e4hendab pideva pesemise, vahaeemalduse ja uuesti vahatamise vajadust.","og_url":"https:\/\/zepestonia.com\/en\/toode\/buff-up-1l\/","og_site_name":"ZEP Eesti I Puhastusvahendid I E-pood","article_publisher":"https:\/\/www.facebook.com\/ZepEesti","article_modified_time":"2025-07-01T00:24:36+00:00","og_image":[{"width":400,"height":600,"url":"https:\/\/zepestonia.com\/wp-content\/uploads\/2021\/12\/46-60badc73ad3cd8-74395618-BUFF20UP.png","type":"image\/png"}],"twitter_card":"summary_large_image","schema":{"@context":"https:\/\/schema.org","@graph":[{"@type":"WebPage","@id":"https:\/\/zepestonia.com\/en\/toode\/buff-up-1l\/","url":"https:\/\/zepestonia.com\/en\/toode\/buff-up-1l\/","name":"Buff UP 1L - Puhastusvahendiga poleerija I ZEP Eesti","isPartOf":{"@id":"https:\/\/zepestonia.com\/en\/#website"},"primaryImageOfPage":{"@id":"https:\/\/zepestonia.com\/en\/toode\/buff-up-1l\/#primaryimage"},"image":{"@id":"https:\/\/zepestonia.com\/en\/toode\/buff-up-1l\/#primaryimage"},"thumbnailUrl":"https:\/\/zepestonia.com\/wp-content\/uploads\/2021\/12\/46-60badc73ad3cd8-74395618-BUFF20UP.png","datePublished":"2021-11-29T19:00:51+00:00","dateModified":"2025-07-01T00:24:36+00:00","description":"Veep\u00f5hist puhastusvahendit sisaldav poleerija. Puhastab enamikke p\u00f5randate kattevahendeid. V\u00e4hendab pideva pesemise, vahaeemalduse ja uuesti vahatamise vajadust.","breadcrumb":{"@id":"https:\/\/zepestonia.com\/en\/toode\/buff-up-1l\/#breadcrumb"},"inLanguage":"en-US","potentialAction":[{"@type":"ReadAction","target":["https:\/\/zepestonia.com\/en\/toode\/buff-up-1l\/"]}]},{"@type":"ImageObject","inLanguage":"en-US","@id":"https:\/\/zepestonia.com\/en\/toode\/buff-up-1l\/#primaryimage","url":"https:\/\/zepestonia.com\/wp-content\/uploads\/2021\/12\/46-60badc73ad3cd8-74395618-BUFF20UP.png","contentUrl":"https:\/\/zepestonia.com\/wp-content\/uploads\/2021\/12\/46-60badc73ad3cd8-74395618-BUFF20UP.png","width":400,"height":600,"caption":"46-60badc73ad3cd8-74395618-BUFF20UP"},{"@type":"BreadcrumbList","@id":"https:\/\/zepestonia.com\/en\/toode\/buff-up-1l\/#breadcrumb","itemListElement":[{"@type":"ListItem","position":1,"name":"Home","item":"https:\/\/zepestonia.com\/en\/"},{"@type":"ListItem","position":2,"name":"Shop","item":"https:\/\/zepestonia.com\/en\/?page_id=4643"},{"@type":"ListItem","position":3,"name":"Buff UP 1L &#8211; Puhastusvahendiga poleerija"}]},{"@type":"WebSite","@id":"https:\/\/zepestonia.com\/en\/#website","url":"https:\/\/zepestonia.com\/en\/","name":"ZEP Eesti I Puhastusvahendid I E-pood","description":"Pakume puhastus- ja hooldusprobleemidele efektiivseid keskkonnas\u00f5bralikke lahendusi!","publisher":{"@id":"https:\/\/zepestonia.com\/en\/#organization"},"potentialAction":[{"@type":"SearchAction","target":{"@type":"EntryPoint","urlTemplate":"https:\/\/zepestonia.com\/en\/?s={search_term_string}"},"query-input":{"@type":"PropertyValueSpecification","valueRequired":true,"valueName":"search_term_string"}}],"inLanguage":"en-US"},{"@type":"Organization","@id":"https:\/\/zepestonia.com\/en\/#organization","name":"Zep Estonia","url":"https:\/\/zepestonia.com\/en\/","logo":{"@type":"ImageObject","inLanguage":"en-US","@id":"https:\/\/zepestonia.com\/en\/#\/schema\/logo\/image\/","url":"https:\/\/zepestonia.com\/wp-content\/uploads\/2022\/03\/Zep-Logo_png.jpeg","contentUrl":"https:\/\/zepestonia.com\/wp-content\/uploads\/2022\/03\/Zep-Logo_png.jpeg","width":109,"height":70,"caption":"Zep Estonia"},"image":{"@id":"https:\/\/zepestonia.com\/en\/#\/schema\/logo\/image\/"},"sameAs":["https:\/\/www.facebook.com\/ZepEesti"]}]}},"_links":{"self":[{"href":"https:\/\/zepestonia.com\/en\/wp-json\/wp\/v2\/product\/3058","targetHints":{"allow":["GET"]}}],"collection":[{"href":"https:\/\/zepestonia.com\/en\/wp-json\/wp\/v2\/product"}],"about":[{"href":"https:\/\/zepestonia.com\/en\/wp-json\/wp\/v2\/types\/product"}],"replies":[{"embeddable":true,"href":"https:\/\/zepestonia.com\/en\/wp-json\/wp\/v2\/comments?post=3058"}],"version-history":[{"count":2,"href":"https:\/\/zepestonia.com\/en\/wp-json\/wp\/v2\/product\/3058\/revisions"}],"predecessor-version":[{"id":11248,"href":"https:\/\/zepestonia.com\/en\/wp-json\/wp\/v2\/product\/3058\/revisions\/11248"}],"wp:featuredmedia":[{"embeddable":true,"href":"https:\/\/zepestonia.com\/en\/wp-json\/wp\/v2\/media\/3624"}],"wp:attachment":[{"href":"https:\/\/zepestonia.com\/en\/wp-json\/wp\/v2\/media?parent=3058"}],"wp:term":[{"taxonomy":"product_brand","embeddable":true,"href":"https:\/\/zepestonia.com\/en\/wp-json\/wp\/v2\/product_brand?post=3058"},{"taxonomy":"product_cat","embeddable":true,"href":"https:\/\/zepestonia.com\/en\/wp-json\/wp\/v2\/product_cat?post=3058"},{"taxonomy":"product_tag","embeddable":true,"href":"https:\/\/zepestonia.com\/en\/wp-json\/wp\/v2\/product_tag?post=3058"}],"curies":[{"name":"wp","href":"https:\/\/api.w.org\/{rel}","templated":true}]}}