{"id":3054,"date":"2021-11-29T19:00:51","date_gmt":"2021-11-29T19:00:51","guid":{"rendered":"https:\/\/zep.valgekana.ee\/toode\/bio-scale-1-kotti\/"},"modified":"2025-07-09T00:00:09","modified_gmt":"2025-07-09T00:00:09","slug":"bio-scale-1-kotti","status":"publish","type":"product","link":"https:\/\/zepestonia.com\/en\/toode\/bio-scale-1-kotti\/","title":{"rendered":"Bio Scale 1 kotti * &#8211; Pissuaari hooldusvahend"},"content":{"rendered":"<ul>\n<li>Asetada 1 pakk n\u00e4dalas WC potti v\u00f5i pissuaari.<\/li>\n<li>Kasutustihedus s\u00f5ltub vee karedusest.<\/li>\n<li>Lasta m\u00f5juda kuni kivistised on lahustunud.<\/li>\n<li>H\u00f5\u00f5ruda pind kergelt harjaga \u00fcle ja loputada.<\/li>\n<li>Suurema ladestuse korral pikendada kontaktaega ja kasutussagedust kuni 3 korda n\u00e4dalas.<\/li>\n<\/ul>\n","protected":false},"excerpt":{"rendered":"<p>Orgaaniliste hapete, ens\u00fc\u00fcmide ja valitud bakterite segu, mis puhastab ja eemaldab kuse- ja katlakivi tualetipottides ja pissuaarides.<br \/>\nBakteriaalne toime v\u00f5imaldab hoida kanalisatsioonitorusid l\u00f5hnavabad.<br \/>\nPakendatud vees lahustuvatesse kotikestesse.<\/p>\n","protected":false},"featured_media":3716,"comment_status":"closed","ping_status":"closed","template":"","meta":[],"product_brand":[],"product_cat":[208],"product_tag":[],"class_list":{"0":"post-3054","1":"product","2":"type-product","3":"status-publish","4":"has-post-thumbnail","6":"product_cat-heitvesi","8":"first","9":"instock","10":"taxable","11":"shipping-taxable","12":"purchasable","13":"product-type-simple"},"yoast_head":"<!-- This site is optimized with the Yoast SEO plugin v26.5 - https:\/\/yoast.com\/wordpress\/plugins\/seo\/ -->\n<title>Bio Scale 1 kotti * - Pissuaari hooldusvahend I ZEP Eesti<\/title>\n<meta name=\"description\" content=\"Orgaaniliste hapete, ens\u00fc\u00fcmide ja bakterite segu. Puhastab ja eemaldab kuse- ja katlakivi pottidest ja pissuaaridest. Bakteriaalne toime hoidab l\u00f5hnavabana.\" \/>\n<meta name=\"robots\" content=\"index, follow, max-snippet:-1, max-image-preview:large, max-video-preview:-1\" \/>\n<link rel=\"canonical\" href=\"https:\/\/zepestonia.com\/en\/toode\/bio-scale-1-kotti\/\" \/>\n<meta property=\"og:locale\" content=\"en_US\" \/>\n<meta property=\"og:type\" content=\"article\" \/>\n<meta property=\"og:title\" content=\"Bio Scale 1 kotti * - Pissuaari hooldusvahend I ZEP Eesti\" \/>\n<meta property=\"og:description\" content=\"Orgaaniliste hapete, ens\u00fc\u00fcmide ja bakterite segu. Puhastab ja eemaldab kuse- ja katlakivi pottidest ja pissuaaridest. Bakteriaalne toime hoidab l\u00f5hnavabana.\" \/>\n<meta property=\"og:url\" content=\"https:\/\/zepestonia.com\/en\/toode\/bio-scale-1-kotti\/\" \/>\n<meta property=\"og:site_name\" content=\"ZEP Eesti I Puhastusvahendid I E-pood\" \/>\n<meta property=\"article:publisher\" content=\"https:\/\/www.facebook.com\/ZepEesti\" \/>\n<meta property=\"article:modified_time\" content=\"2025-07-09T00:00:09+00:00\" \/>\n<meta property=\"og:image\" content=\"https:\/\/zepestonia.com\/wp-content\/uploads\/2021\/12\/241-60bacf87287119-65045864-BIOSCALE.png\" \/>\n\t<meta property=\"og:image:width\" content=\"400\" \/>\n\t<meta property=\"og:image:height\" content=\"600\" \/>\n\t<meta property=\"og:image:type\" content=\"image\/png\" \/>\n<meta name=\"twitter:card\" content=\"summary_large_image\" \/>\n<script type=\"application\/ld+json\" class=\"yoast-schema-graph\">{\"@context\":\"https:\/\/schema.org\",\"@graph\":[{\"@type\":\"WebPage\",\"@id\":\"https:\/\/zepestonia.com\/en\/toode\/bio-scale-1-kotti\/\",\"url\":\"https:\/\/zepestonia.com\/en\/toode\/bio-scale-1-kotti\/\",\"name\":\"Bio Scale 1 kotti * - Pissuaari hooldusvahend I ZEP Eesti\",\"isPartOf\":{\"@id\":\"https:\/\/zepestonia.com\/en\/#website\"},\"primaryImageOfPage\":{\"@id\":\"https:\/\/zepestonia.com\/en\/toode\/bio-scale-1-kotti\/#primaryimage\"},\"image\":{\"@id\":\"https:\/\/zepestonia.com\/en\/toode\/bio-scale-1-kotti\/#primaryimage\"},\"thumbnailUrl\":\"https:\/\/zepestonia.com\/wp-content\/uploads\/2021\/12\/241-60bacf87287119-65045864-BIOSCALE.png\",\"datePublished\":\"2021-11-29T19:00:51+00:00\",\"dateModified\":\"2025-07-09T00:00:09+00:00\",\"description\":\"Orgaaniliste hapete, ens\u00fc\u00fcmide ja bakterite segu. Puhastab ja eemaldab kuse- ja katlakivi pottidest ja pissuaaridest. Bakteriaalne toime hoidab l\u00f5hnavabana.\",\"breadcrumb\":{\"@id\":\"https:\/\/zepestonia.com\/en\/toode\/bio-scale-1-kotti\/#breadcrumb\"},\"inLanguage\":\"en-US\",\"potentialAction\":[{\"@type\":\"ReadAction\",\"target\":[\"https:\/\/zepestonia.com\/en\/toode\/bio-scale-1-kotti\/\"]}]},{\"@type\":\"ImageObject\",\"inLanguage\":\"en-US\",\"@id\":\"https:\/\/zepestonia.com\/en\/toode\/bio-scale-1-kotti\/#primaryimage\",\"url\":\"https:\/\/zepestonia.com\/wp-content\/uploads\/2021\/12\/241-60bacf87287119-65045864-BIOSCALE.png\",\"contentUrl\":\"https:\/\/zepestonia.com\/wp-content\/uploads\/2021\/12\/241-60bacf87287119-65045864-BIOSCALE.png\",\"width\":400,\"height\":600,\"caption\":\"241-60bacf87287119-65045864-BIOSCALE\"},{\"@type\":\"BreadcrumbList\",\"@id\":\"https:\/\/zepestonia.com\/en\/toode\/bio-scale-1-kotti\/#breadcrumb\",\"itemListElement\":[{\"@type\":\"ListItem\",\"position\":1,\"name\":\"Home\",\"item\":\"https:\/\/zepestonia.com\/en\/\"},{\"@type\":\"ListItem\",\"position\":2,\"name\":\"Shop\",\"item\":\"https:\/\/zepestonia.com\/en\/?page_id=4643\"},{\"@type\":\"ListItem\",\"position\":3,\"name\":\"Bio Scale 1 kotti * &#8211; Pissuaari hooldusvahend\"}]},{\"@type\":\"WebSite\",\"@id\":\"https:\/\/zepestonia.com\/en\/#website\",\"url\":\"https:\/\/zepestonia.com\/en\/\",\"name\":\"ZEP Eesti I Puhastusvahendid I E-pood\",\"description\":\"Pakume puhastus- ja hooldusprobleemidele efektiivseid keskkonnas\u00f5bralikke lahendusi!\",\"publisher\":{\"@id\":\"https:\/\/zepestonia.com\/en\/#organization\"},\"potentialAction\":[{\"@type\":\"SearchAction\",\"target\":{\"@type\":\"EntryPoint\",\"urlTemplate\":\"https:\/\/zepestonia.com\/en\/?s={search_term_string}\"},\"query-input\":{\"@type\":\"PropertyValueSpecification\",\"valueRequired\":true,\"valueName\":\"search_term_string\"}}],\"inLanguage\":\"en-US\"},{\"@type\":\"Organization\",\"@id\":\"https:\/\/zepestonia.com\/en\/#organization\",\"name\":\"Zep Estonia\",\"url\":\"https:\/\/zepestonia.com\/en\/\",\"logo\":{\"@type\":\"ImageObject\",\"inLanguage\":\"en-US\",\"@id\":\"https:\/\/zepestonia.com\/en\/#\/schema\/logo\/image\/\",\"url\":\"https:\/\/zepestonia.com\/wp-content\/uploads\/2022\/03\/Zep-Logo_png.jpeg\",\"contentUrl\":\"https:\/\/zepestonia.com\/wp-content\/uploads\/2022\/03\/Zep-Logo_png.jpeg\",\"width\":109,\"height\":70,\"caption\":\"Zep Estonia\"},\"image\":{\"@id\":\"https:\/\/zepestonia.com\/en\/#\/schema\/logo\/image\/\"},\"sameAs\":[\"https:\/\/www.facebook.com\/ZepEesti\"]}]}<\/script>\n<!-- \/ Yoast SEO plugin. -->","yoast_head_json":{"title":"Bio Scale 1 kotti * - Pissuaari hooldusvahend I ZEP Eesti","description":"Orgaaniliste hapete, ens\u00fc\u00fcmide ja bakterite segu. Puhastab ja eemaldab kuse- ja katlakivi pottidest ja pissuaaridest. Bakteriaalne toime hoidab l\u00f5hnavabana.","robots":{"index":"index","follow":"follow","max-snippet":"max-snippet:-1","max-image-preview":"max-image-preview:large","max-video-preview":"max-video-preview:-1"},"canonical":"https:\/\/zepestonia.com\/en\/toode\/bio-scale-1-kotti\/","og_locale":"en_US","og_type":"article","og_title":"Bio Scale 1 kotti * - Pissuaari hooldusvahend I ZEP Eesti","og_description":"Orgaaniliste hapete, ens\u00fc\u00fcmide ja bakterite segu. Puhastab ja eemaldab kuse- ja katlakivi pottidest ja pissuaaridest. Bakteriaalne toime hoidab l\u00f5hnavabana.","og_url":"https:\/\/zepestonia.com\/en\/toode\/bio-scale-1-kotti\/","og_site_name":"ZEP Eesti I Puhastusvahendid I E-pood","article_publisher":"https:\/\/www.facebook.com\/ZepEesti","article_modified_time":"2025-07-09T00:00:09+00:00","og_image":[{"width":400,"height":600,"url":"https:\/\/zepestonia.com\/wp-content\/uploads\/2021\/12\/241-60bacf87287119-65045864-BIOSCALE.png","type":"image\/png"}],"twitter_card":"summary_large_image","schema":{"@context":"https:\/\/schema.org","@graph":[{"@type":"WebPage","@id":"https:\/\/zepestonia.com\/en\/toode\/bio-scale-1-kotti\/","url":"https:\/\/zepestonia.com\/en\/toode\/bio-scale-1-kotti\/","name":"Bio Scale 1 kotti * - Pissuaari hooldusvahend I ZEP Eesti","isPartOf":{"@id":"https:\/\/zepestonia.com\/en\/#website"},"primaryImageOfPage":{"@id":"https:\/\/zepestonia.com\/en\/toode\/bio-scale-1-kotti\/#primaryimage"},"image":{"@id":"https:\/\/zepestonia.com\/en\/toode\/bio-scale-1-kotti\/#primaryimage"},"thumbnailUrl":"https:\/\/zepestonia.com\/wp-content\/uploads\/2021\/12\/241-60bacf87287119-65045864-BIOSCALE.png","datePublished":"2021-11-29T19:00:51+00:00","dateModified":"2025-07-09T00:00:09+00:00","description":"Orgaaniliste hapete, ens\u00fc\u00fcmide ja bakterite segu. Puhastab ja eemaldab kuse- ja katlakivi pottidest ja pissuaaridest. Bakteriaalne toime hoidab l\u00f5hnavabana.","breadcrumb":{"@id":"https:\/\/zepestonia.com\/en\/toode\/bio-scale-1-kotti\/#breadcrumb"},"inLanguage":"en-US","potentialAction":[{"@type":"ReadAction","target":["https:\/\/zepestonia.com\/en\/toode\/bio-scale-1-kotti\/"]}]},{"@type":"ImageObject","inLanguage":"en-US","@id":"https:\/\/zepestonia.com\/en\/toode\/bio-scale-1-kotti\/#primaryimage","url":"https:\/\/zepestonia.com\/wp-content\/uploads\/2021\/12\/241-60bacf87287119-65045864-BIOSCALE.png","contentUrl":"https:\/\/zepestonia.com\/wp-content\/uploads\/2021\/12\/241-60bacf87287119-65045864-BIOSCALE.png","width":400,"height":600,"caption":"241-60bacf87287119-65045864-BIOSCALE"},{"@type":"BreadcrumbList","@id":"https:\/\/zepestonia.com\/en\/toode\/bio-scale-1-kotti\/#breadcrumb","itemListElement":[{"@type":"ListItem","position":1,"name":"Home","item":"https:\/\/zepestonia.com\/en\/"},{"@type":"ListItem","position":2,"name":"Shop","item":"https:\/\/zepestonia.com\/en\/?page_id=4643"},{"@type":"ListItem","position":3,"name":"Bio Scale 1 kotti * &#8211; Pissuaari hooldusvahend"}]},{"@type":"WebSite","@id":"https:\/\/zepestonia.com\/en\/#website","url":"https:\/\/zepestonia.com\/en\/","name":"ZEP Eesti I Puhastusvahendid I E-pood","description":"Pakume puhastus- ja hooldusprobleemidele efektiivseid keskkonnas\u00f5bralikke lahendusi!","publisher":{"@id":"https:\/\/zepestonia.com\/en\/#organization"},"potentialAction":[{"@type":"SearchAction","target":{"@type":"EntryPoint","urlTemplate":"https:\/\/zepestonia.com\/en\/?s={search_term_string}"},"query-input":{"@type":"PropertyValueSpecification","valueRequired":true,"valueName":"search_term_string"}}],"inLanguage":"en-US"},{"@type":"Organization","@id":"https:\/\/zepestonia.com\/en\/#organization","name":"Zep Estonia","url":"https:\/\/zepestonia.com\/en\/","logo":{"@type":"ImageObject","inLanguage":"en-US","@id":"https:\/\/zepestonia.com\/en\/#\/schema\/logo\/image\/","url":"https:\/\/zepestonia.com\/wp-content\/uploads\/2022\/03\/Zep-Logo_png.jpeg","contentUrl":"https:\/\/zepestonia.com\/wp-content\/uploads\/2022\/03\/Zep-Logo_png.jpeg","width":109,"height":70,"caption":"Zep Estonia"},"image":{"@id":"https:\/\/zepestonia.com\/en\/#\/schema\/logo\/image\/"},"sameAs":["https:\/\/www.facebook.com\/ZepEesti"]}]}},"_links":{"self":[{"href":"https:\/\/zepestonia.com\/en\/wp-json\/wp\/v2\/product\/3054","targetHints":{"allow":["GET"]}}],"collection":[{"href":"https:\/\/zepestonia.com\/en\/wp-json\/wp\/v2\/product"}],"about":[{"href":"https:\/\/zepestonia.com\/en\/wp-json\/wp\/v2\/types\/product"}],"replies":[{"embeddable":true,"href":"https:\/\/zepestonia.com\/en\/wp-json\/wp\/v2\/comments?post=3054"}],"version-history":[{"count":1,"href":"https:\/\/zepestonia.com\/en\/wp-json\/wp\/v2\/product\/3054\/revisions"}],"predecessor-version":[{"id":12319,"href":"https:\/\/zepestonia.com\/en\/wp-json\/wp\/v2\/product\/3054\/revisions\/12319"}],"wp:featuredmedia":[{"embeddable":true,"href":"https:\/\/zepestonia.com\/en\/wp-json\/wp\/v2\/media\/3716"}],"wp:attachment":[{"href":"https:\/\/zepestonia.com\/en\/wp-json\/wp\/v2\/media?parent=3054"}],"wp:term":[{"taxonomy":"product_brand","embeddable":true,"href":"https:\/\/zepestonia.com\/en\/wp-json\/wp\/v2\/product_brand?post=3054"},{"taxonomy":"product_cat","embeddable":true,"href":"https:\/\/zepestonia.com\/en\/wp-json\/wp\/v2\/product_cat?post=3054"},{"taxonomy":"product_tag","embeddable":true,"href":"https:\/\/zepestonia.com\/en\/wp-json\/wp\/v2\/product_tag?post=3054"}],"curies":[{"name":"wp","href":"https:\/\/api.w.org\/{rel}","templated":true}]}}