{"id":3048,"date":"2021-11-29T19:00:50","date_gmt":"2021-11-29T19:00:50","guid":{"rendered":"https:\/\/zep.valgekana.ee\/toode\/repel-tekstiil-sgi\/"},"modified":"2025-07-01T00:23:49","modified_gmt":"2025-07-01T00:23:49","slug":"repel-tekstiil-sgi","status":"publish","type":"product","link":"https:\/\/zepestonia.com\/en\/toode\/repel-tekstiil-sgi\/","title":{"rendered":"Repel &#8211; Niiskuse t\u00f5rjevahend"},"content":{"rendered":"<ul>\n<li><span style=\"font-size:14px\"><span class=\"markedContent\" id=\"page3R_mcid35\"><span dir=\"ltr\" role=\"presentation\" style=\"left: 120.04px;top: 1022.74px;font-family: sans-serif\">Puhastada<\/span><span dir=\"ltr\" role=\"presentation\" style=\"left: 215.66px;top: 1022.74px;font-family: sans-serif\"> <\/span><span dir=\"ltr\" role=\"presentation\" style=\"left: 221.433px;top: 1022.74px;font-family: sans-serif\">eelnevalt<\/span><span dir=\"ltr\" role=\"presentation\" style=\"left: 301.373px;top: 1022.74px;font-family: sans-serif\"> <\/span><span dir=\"ltr\" role=\"presentation\" style=\"left: 307.033px;top: 1022.74px;font-family: sans-serif\">t\u00f6\u00f6tlemist vajav pind mustusest<\/span><span dir=\"ltr\" role=\"presentation\" style=\"left: 585.117px;top: 1022.74px;font-family: sans-serif\">.<\/span><\/span><\/span><\/li>\n<li><span style=\"font-size:14px\"><span class=\"markedContent\" id=\"page3R_mcid36\"><span dir=\"ltr\" role=\"presentation\" style=\"left: 120.04px;top: 1045.79px;font-family: sans-serif\">Pihustada toodet pinnale umbes<\/span><span dir=\"ltr\" role=\"presentation\" style=\"left: 405.8px;top: 1045.79px;font-family: sans-serif\"> <\/span><span dir=\"ltr\" role=\"presentation\" style=\"left: 411.483px;top: 1045.79px;font-family: sans-serif\">20<\/span><span dir=\"ltr\" role=\"presentation\" style=\"left: 433.883px;top: 1045.79px;font-family: sans-serif\">&#8211;<\/span><span dir=\"ltr\" role=\"presentation\" style=\"left: 440.483px;top: 1045.79px;font-family: sans-serif\">30<\/span><span dir=\"ltr\" role=\"presentation\" style=\"left: 462.683px;top: 1045.79px;font-family: sans-serif\">cm kauguselt<\/span><span dir=\"ltr\" role=\"presentation\" style=\"left: 580.517px;top: 1045.79px;font-family: sans-serif\">.<\/span><\/span><\/span><\/li>\n<li><span style=\"font-size:14px\"><span class=\"markedContent\" id=\"page3R_mcid37\"><span dir=\"ltr\" role=\"presentation\" style=\"left: 120.04px;top: 1068.79px;font-family: sans-serif\">T\u00f6\u00f6delda vajadusel<\/span><span dir=\"ltr\" role=\"presentation\" style=\"left: 294.08px;top: 1068.79px;font-family: sans-serif\"> <\/span><span dir=\"ltr\" role=\"presentation\" style=\"left: 300.433px;top: 1068.79px;font-family: sans-serif\">Repeliga kaetud<\/span><span dir=\"ltr\" role=\"presentation\" style=\"left: 445.233px;top: 1068.79px;font-family: sans-serif\"> <\/span><span dir=\"ltr\" role=\"presentation\" style=\"left: 451.683px;top: 1068.79px;font-family: sans-serif\">pinda (v<\/span><span dir=\"ltr\" role=\"presentation\" style=\"left: 522.883px;top: 1068.79px;font-family: sans-serif\">.a.<\/span><span dir=\"ltr\" role=\"presentation\" style=\"left: 545.223px;top: 1068.79px;font-family: sans-serif\"> <\/span><span dir=\"ltr\" role=\"presentation\" style=\"left: 551.517px;top: 1068.79px;font-family: sans-serif\">k\u00f5ik kangap\u00f5hised pinnad<\/span><span dir=\"ltr\" role=\"presentation\" style=\"left: 784.167px;top: 1068.79px;font-family: sans-serif\">)<\/span><span dir=\"ltr\" role=\"presentation\" style=\"left: 790.827px;top: 1068.79px;font-family: sans-serif\"> <\/span><span dir=\"ltr\" role=\"presentation\" style=\"left: 796.967px;top: 1068.79px;font-family: sans-serif\">kuiva ja pehme<\/span> <span dir=\"ltr\" role=\"presentation\" style=\"left: 120.04px;top: 1091.79px;font-family: sans-serif\">lapiga<\/span><span dir=\"ltr\" role=\"presentation\" style=\"left: 173.34px;top: 1091.79px;font-family: sans-serif\"> <\/span><span dir=\"ltr\" role=\"presentation\" style=\"left: 179.033px;top: 1091.79px;font-family: sans-serif\">ringjate liigutustega saavutamaks \u00fchtlasem kattekiht.<\/span><\/span><\/span><\/li>\n<\/ul>\n<p><span style=\"font-size:14px\"><span class=\"markedContent\"><span dir=\"ltr\" role=\"presentation\" style=\"left: 179.033px;top: 1091.79px;font-family: sans-serif\">pH4,5<\/span><\/span><\/span><\/p>\n","protected":false},"excerpt":{"rendered":"<p>T\u00f5rjub nii \u00f5li kui ka vett.<br \/>\nNiiskuse piisad libisevad t\u00f6\u00f6deldud pinnalt kergelt maha.<br \/>\nV\u00e4hendab k\u00fclmas temperatuuris j\u00e4\u00e4tumist.<br \/>\nToimib korrosioonivastase kattena andes kuni 5 korda suurema kaitse kui teised korrosioonit\u00f5rje vahendid.<br \/>\nRepel on isepuhastuv ja hoiab \u00e4ra muda, mustuse, edasise pinna m\u00e4\u00e4rdumise ja \u00f5lide kleepumise t\u00f6\u00f6riistade, masinate v\u00f5i t\u00f6\u00f6riiete k\u00fclge.<br \/>\nSuure kasutusega piirkonnas on v\u00e4rskendusprotsessina uus kiht peale kanda lihtne ja mugav.<br \/>\nEriti efektiivne on see metalli, puidu, kanga, l\u00f5uendi, alumiiniumi, tsingitud terase, PVC, betooni, m\u00fc\u00fcritise, asfaldi, klaaskiud ja enamiku plastide puhul.<\/p>\n","protected":false},"featured_media":3777,"comment_status":"closed","ping_status":"closed","template":"","meta":[],"product_brand":[],"product_cat":[197],"product_tag":[],"class_list":{"0":"post-3048","1":"product","2":"type-product","3":"status-publish","4":"has-post-thumbnail","6":"product_cat-kaitse","8":"first","9":"instock","10":"taxable","11":"shipping-taxable","12":"purchasable","13":"product-type-simple"},"yoast_head":"<!-- This site is optimized with the Yoast SEO plugin v26.5 - https:\/\/yoast.com\/wordpress\/plugins\/seo\/ -->\n<title>Repel - Niiskuse t\u00f5rjevahend, t\u00f5rjub nii \u00f5li kui ka vett I ZEP Eesti<\/title>\n<meta name=\"description\" content=\"Antud vahend t\u00f5rjub \u00f5li kui ka vett. Niiskuse piisad libisevad t\u00f6\u00f6deldud pinnalt kergelt maha. V\u00e4hendab k\u00fclmas temperatuuris j\u00e4\u00e4tumist. Toode on isepuhastuv.\" \/>\n<meta name=\"robots\" content=\"index, follow, max-snippet:-1, max-image-preview:large, max-video-preview:-1\" \/>\n<link rel=\"canonical\" href=\"https:\/\/zepestonia.com\/en\/toode\/repel-tekstiil-sgi\/\" \/>\n<meta property=\"og:locale\" content=\"en_US\" \/>\n<meta property=\"og:type\" content=\"article\" \/>\n<meta property=\"og:title\" content=\"Repel - Niiskuse t\u00f5rjevahend, t\u00f5rjub nii \u00f5li kui ka vett I ZEP Eesti\" \/>\n<meta property=\"og:description\" content=\"Antud vahend t\u00f5rjub \u00f5li kui ka vett. Niiskuse piisad libisevad t\u00f6\u00f6deldud pinnalt kergelt maha. V\u00e4hendab k\u00fclmas temperatuuris j\u00e4\u00e4tumist. Toode on isepuhastuv.\" \/>\n<meta property=\"og:url\" content=\"https:\/\/zepestonia.com\/en\/toode\/repel-tekstiil-sgi\/\" \/>\n<meta property=\"og:site_name\" content=\"ZEP Eesti I Puhastusvahendid I E-pood\" \/>\n<meta property=\"article:publisher\" content=\"https:\/\/www.facebook.com\/ZepEesti\" \/>\n<meta property=\"article:modified_time\" content=\"2025-07-01T00:23:49+00:00\" \/>\n<meta property=\"og:image\" content=\"https:\/\/zepestonia.com\/wp-content\/uploads\/2021\/12\/581-60e8efa9ba1bf3-83474663-REPEL2028SGI29.png\" \/>\n\t<meta property=\"og:image:width\" content=\"400\" \/>\n\t<meta property=\"og:image:height\" content=\"600\" \/>\n\t<meta property=\"og:image:type\" content=\"image\/png\" \/>\n<meta name=\"twitter:card\" content=\"summary_large_image\" \/>\n<script type=\"application\/ld+json\" class=\"yoast-schema-graph\">{\"@context\":\"https:\/\/schema.org\",\"@graph\":[{\"@type\":\"WebPage\",\"@id\":\"https:\/\/zepestonia.com\/en\/toode\/repel-tekstiil-sgi\/\",\"url\":\"https:\/\/zepestonia.com\/en\/toode\/repel-tekstiil-sgi\/\",\"name\":\"Repel - Niiskuse t\u00f5rjevahend, t\u00f5rjub nii \u00f5li kui ka vett I ZEP Eesti\",\"isPartOf\":{\"@id\":\"https:\/\/zepestonia.com\/en\/#website\"},\"primaryImageOfPage\":{\"@id\":\"https:\/\/zepestonia.com\/en\/toode\/repel-tekstiil-sgi\/#primaryimage\"},\"image\":{\"@id\":\"https:\/\/zepestonia.com\/en\/toode\/repel-tekstiil-sgi\/#primaryimage\"},\"thumbnailUrl\":\"https:\/\/zepestonia.com\/wp-content\/uploads\/2021\/12\/581-60e8efa9ba1bf3-83474663-REPEL2028SGI29.png\",\"datePublished\":\"2021-11-29T19:00:50+00:00\",\"dateModified\":\"2025-07-01T00:23:49+00:00\",\"description\":\"Antud vahend t\u00f5rjub \u00f5li kui ka vett. Niiskuse piisad libisevad t\u00f6\u00f6deldud pinnalt kergelt maha. V\u00e4hendab k\u00fclmas temperatuuris j\u00e4\u00e4tumist. Toode on isepuhastuv.\",\"breadcrumb\":{\"@id\":\"https:\/\/zepestonia.com\/en\/toode\/repel-tekstiil-sgi\/#breadcrumb\"},\"inLanguage\":\"en-US\",\"potentialAction\":[{\"@type\":\"ReadAction\",\"target\":[\"https:\/\/zepestonia.com\/en\/toode\/repel-tekstiil-sgi\/\"]}]},{\"@type\":\"ImageObject\",\"inLanguage\":\"en-US\",\"@id\":\"https:\/\/zepestonia.com\/en\/toode\/repel-tekstiil-sgi\/#primaryimage\",\"url\":\"https:\/\/zepestonia.com\/wp-content\/uploads\/2021\/12\/581-60e8efa9ba1bf3-83474663-REPEL2028SGI29.png\",\"contentUrl\":\"https:\/\/zepestonia.com\/wp-content\/uploads\/2021\/12\/581-60e8efa9ba1bf3-83474663-REPEL2028SGI29.png\",\"width\":400,\"height\":600,\"caption\":\"581-60e8efa9ba1bf3-83474663-REPEL2028SGI29\"},{\"@type\":\"BreadcrumbList\",\"@id\":\"https:\/\/zepestonia.com\/en\/toode\/repel-tekstiil-sgi\/#breadcrumb\",\"itemListElement\":[{\"@type\":\"ListItem\",\"position\":1,\"name\":\"Home\",\"item\":\"https:\/\/zepestonia.com\/en\/\"},{\"@type\":\"ListItem\",\"position\":2,\"name\":\"Shop\",\"item\":\"https:\/\/zepestonia.com\/en\/?page_id=4643\"},{\"@type\":\"ListItem\",\"position\":3,\"name\":\"Repel &#8211; Niiskuse t\u00f5rjevahend\"}]},{\"@type\":\"WebSite\",\"@id\":\"https:\/\/zepestonia.com\/en\/#website\",\"url\":\"https:\/\/zepestonia.com\/en\/\",\"name\":\"ZEP Eesti I Puhastusvahendid I E-pood\",\"description\":\"Pakume puhastus- ja hooldusprobleemidele efektiivseid keskkonnas\u00f5bralikke lahendusi!\",\"publisher\":{\"@id\":\"https:\/\/zepestonia.com\/en\/#organization\"},\"potentialAction\":[{\"@type\":\"SearchAction\",\"target\":{\"@type\":\"EntryPoint\",\"urlTemplate\":\"https:\/\/zepestonia.com\/en\/?s={search_term_string}\"},\"query-input\":{\"@type\":\"PropertyValueSpecification\",\"valueRequired\":true,\"valueName\":\"search_term_string\"}}],\"inLanguage\":\"en-US\"},{\"@type\":\"Organization\",\"@id\":\"https:\/\/zepestonia.com\/en\/#organization\",\"name\":\"Zep Estonia\",\"url\":\"https:\/\/zepestonia.com\/en\/\",\"logo\":{\"@type\":\"ImageObject\",\"inLanguage\":\"en-US\",\"@id\":\"https:\/\/zepestonia.com\/en\/#\/schema\/logo\/image\/\",\"url\":\"https:\/\/zepestonia.com\/wp-content\/uploads\/2022\/03\/Zep-Logo_png.jpeg\",\"contentUrl\":\"https:\/\/zepestonia.com\/wp-content\/uploads\/2022\/03\/Zep-Logo_png.jpeg\",\"width\":109,\"height\":70,\"caption\":\"Zep Estonia\"},\"image\":{\"@id\":\"https:\/\/zepestonia.com\/en\/#\/schema\/logo\/image\/\"},\"sameAs\":[\"https:\/\/www.facebook.com\/ZepEesti\"]}]}<\/script>\n<!-- \/ Yoast SEO plugin. -->","yoast_head_json":{"title":"Repel - Niiskuse t\u00f5rjevahend, t\u00f5rjub nii \u00f5li kui ka vett I ZEP Eesti","description":"Antud vahend t\u00f5rjub \u00f5li kui ka vett. Niiskuse piisad libisevad t\u00f6\u00f6deldud pinnalt kergelt maha. V\u00e4hendab k\u00fclmas temperatuuris j\u00e4\u00e4tumist. Toode on isepuhastuv.","robots":{"index":"index","follow":"follow","max-snippet":"max-snippet:-1","max-image-preview":"max-image-preview:large","max-video-preview":"max-video-preview:-1"},"canonical":"https:\/\/zepestonia.com\/en\/toode\/repel-tekstiil-sgi\/","og_locale":"en_US","og_type":"article","og_title":"Repel - Niiskuse t\u00f5rjevahend, t\u00f5rjub nii \u00f5li kui ka vett I ZEP Eesti","og_description":"Antud vahend t\u00f5rjub \u00f5li kui ka vett. Niiskuse piisad libisevad t\u00f6\u00f6deldud pinnalt kergelt maha. V\u00e4hendab k\u00fclmas temperatuuris j\u00e4\u00e4tumist. Toode on isepuhastuv.","og_url":"https:\/\/zepestonia.com\/en\/toode\/repel-tekstiil-sgi\/","og_site_name":"ZEP Eesti I Puhastusvahendid I E-pood","article_publisher":"https:\/\/www.facebook.com\/ZepEesti","article_modified_time":"2025-07-01T00:23:49+00:00","og_image":[{"width":400,"height":600,"url":"https:\/\/zepestonia.com\/wp-content\/uploads\/2021\/12\/581-60e8efa9ba1bf3-83474663-REPEL2028SGI29.png","type":"image\/png"}],"twitter_card":"summary_large_image","schema":{"@context":"https:\/\/schema.org","@graph":[{"@type":"WebPage","@id":"https:\/\/zepestonia.com\/en\/toode\/repel-tekstiil-sgi\/","url":"https:\/\/zepestonia.com\/en\/toode\/repel-tekstiil-sgi\/","name":"Repel - Niiskuse t\u00f5rjevahend, t\u00f5rjub nii \u00f5li kui ka vett I ZEP Eesti","isPartOf":{"@id":"https:\/\/zepestonia.com\/en\/#website"},"primaryImageOfPage":{"@id":"https:\/\/zepestonia.com\/en\/toode\/repel-tekstiil-sgi\/#primaryimage"},"image":{"@id":"https:\/\/zepestonia.com\/en\/toode\/repel-tekstiil-sgi\/#primaryimage"},"thumbnailUrl":"https:\/\/zepestonia.com\/wp-content\/uploads\/2021\/12\/581-60e8efa9ba1bf3-83474663-REPEL2028SGI29.png","datePublished":"2021-11-29T19:00:50+00:00","dateModified":"2025-07-01T00:23:49+00:00","description":"Antud vahend t\u00f5rjub \u00f5li kui ka vett. Niiskuse piisad libisevad t\u00f6\u00f6deldud pinnalt kergelt maha. V\u00e4hendab k\u00fclmas temperatuuris j\u00e4\u00e4tumist. Toode on isepuhastuv.","breadcrumb":{"@id":"https:\/\/zepestonia.com\/en\/toode\/repel-tekstiil-sgi\/#breadcrumb"},"inLanguage":"en-US","potentialAction":[{"@type":"ReadAction","target":["https:\/\/zepestonia.com\/en\/toode\/repel-tekstiil-sgi\/"]}]},{"@type":"ImageObject","inLanguage":"en-US","@id":"https:\/\/zepestonia.com\/en\/toode\/repel-tekstiil-sgi\/#primaryimage","url":"https:\/\/zepestonia.com\/wp-content\/uploads\/2021\/12\/581-60e8efa9ba1bf3-83474663-REPEL2028SGI29.png","contentUrl":"https:\/\/zepestonia.com\/wp-content\/uploads\/2021\/12\/581-60e8efa9ba1bf3-83474663-REPEL2028SGI29.png","width":400,"height":600,"caption":"581-60e8efa9ba1bf3-83474663-REPEL2028SGI29"},{"@type":"BreadcrumbList","@id":"https:\/\/zepestonia.com\/en\/toode\/repel-tekstiil-sgi\/#breadcrumb","itemListElement":[{"@type":"ListItem","position":1,"name":"Home","item":"https:\/\/zepestonia.com\/en\/"},{"@type":"ListItem","position":2,"name":"Shop","item":"https:\/\/zepestonia.com\/en\/?page_id=4643"},{"@type":"ListItem","position":3,"name":"Repel &#8211; Niiskuse t\u00f5rjevahend"}]},{"@type":"WebSite","@id":"https:\/\/zepestonia.com\/en\/#website","url":"https:\/\/zepestonia.com\/en\/","name":"ZEP Eesti I Puhastusvahendid I E-pood","description":"Pakume puhastus- ja hooldusprobleemidele efektiivseid keskkonnas\u00f5bralikke lahendusi!","publisher":{"@id":"https:\/\/zepestonia.com\/en\/#organization"},"potentialAction":[{"@type":"SearchAction","target":{"@type":"EntryPoint","urlTemplate":"https:\/\/zepestonia.com\/en\/?s={search_term_string}"},"query-input":{"@type":"PropertyValueSpecification","valueRequired":true,"valueName":"search_term_string"}}],"inLanguage":"en-US"},{"@type":"Organization","@id":"https:\/\/zepestonia.com\/en\/#organization","name":"Zep Estonia","url":"https:\/\/zepestonia.com\/en\/","logo":{"@type":"ImageObject","inLanguage":"en-US","@id":"https:\/\/zepestonia.com\/en\/#\/schema\/logo\/image\/","url":"https:\/\/zepestonia.com\/wp-content\/uploads\/2022\/03\/Zep-Logo_png.jpeg","contentUrl":"https:\/\/zepestonia.com\/wp-content\/uploads\/2022\/03\/Zep-Logo_png.jpeg","width":109,"height":70,"caption":"Zep Estonia"},"image":{"@id":"https:\/\/zepestonia.com\/en\/#\/schema\/logo\/image\/"},"sameAs":["https:\/\/www.facebook.com\/ZepEesti"]}]}},"_links":{"self":[{"href":"https:\/\/zepestonia.com\/en\/wp-json\/wp\/v2\/product\/3048","targetHints":{"allow":["GET"]}}],"collection":[{"href":"https:\/\/zepestonia.com\/en\/wp-json\/wp\/v2\/product"}],"about":[{"href":"https:\/\/zepestonia.com\/en\/wp-json\/wp\/v2\/types\/product"}],"replies":[{"embeddable":true,"href":"https:\/\/zepestonia.com\/en\/wp-json\/wp\/v2\/comments?post=3048"}],"version-history":[{"count":2,"href":"https:\/\/zepestonia.com\/en\/wp-json\/wp\/v2\/product\/3048\/revisions"}],"predecessor-version":[{"id":11311,"href":"https:\/\/zepestonia.com\/en\/wp-json\/wp\/v2\/product\/3048\/revisions\/11311"}],"wp:featuredmedia":[{"embeddable":true,"href":"https:\/\/zepestonia.com\/en\/wp-json\/wp\/v2\/media\/3777"}],"wp:attachment":[{"href":"https:\/\/zepestonia.com\/en\/wp-json\/wp\/v2\/media?parent=3048"}],"wp:term":[{"taxonomy":"product_brand","embeddable":true,"href":"https:\/\/zepestonia.com\/en\/wp-json\/wp\/v2\/product_brand?post=3048"},{"taxonomy":"product_cat","embeddable":true,"href":"https:\/\/zepestonia.com\/en\/wp-json\/wp\/v2\/product_cat?post=3048"},{"taxonomy":"product_tag","embeddable":true,"href":"https:\/\/zepestonia.com\/en\/wp-json\/wp\/v2\/product_tag?post=3048"}],"curies":[{"name":"wp","href":"https:\/\/api.w.org\/{rel}","templated":true}]}}