{"id":3046,"date":"2021-11-29T19:00:50","date_gmt":"2021-11-29T19:00:50","guid":{"rendered":"https:\/\/zep.valgekana.ee\/toode\/dee-lime\/"},"modified":"2026-02-21T01:15:33","modified_gmt":"2026-02-21T01:15:33","slug":"dee-lime","status":"publish","type":"product","link":"https:\/\/zepestonia.com\/en\/toode\/dee-lime\/","title":{"rendered":"DEE LIME 5L &#8211; Katlakivieemaldusvahend toiduainet\u00f6\u00f6stusele"},"content":{"rendered":"<ul>\n<li><span class=\"VIiyi\" lang=\"et\"><span class=\"JLqJ4b\" data-language-for-alternatives=\"et\" data-language-to-translate-into=\"it\" data-number-of-phrases=\"1\" data-phrase-index=\"0\"><span>Loputage s\u00fcsteem veega. <\/span><\/span><\/span><\/li>\n<li><span class=\"VIiyi\" lang=\"et\"><span class=\"JLqJ4b\" data-language-for-alternatives=\"et\" data-language-to-translate-into=\"it\" data-number-of-phrases=\"1\" data-phrase-index=\"0\"><span>Valmistage kontsentreeritud lahus m\u00e4rgitud: <\/span><\/span><\/span>\n<ul>\n<li><span class=\"VIiyi\" lang=\"et\"><span class=\"JLqJ4b\" data-language-for-alternatives=\"et\" data-language-to-translate-into=\"it\" data-number-of-phrases=\"1\" data-phrase-index=\"0\"><span>Katlakivieemaldus kohvimasinad: 1% <\/span><\/span><\/span><\/li>\n<li><span class=\"VIiyi\" lang=\"et\"><span class=\"JLqJ4b\" data-language-for-alternatives=\"et\" data-language-to-translate-into=\"it\" data-number-of-phrases=\"1\" data-phrase-index=\"0\"><span>Puhastusvahendid alumiiniumist: 3% <\/span><\/span><\/span><\/li>\n<li><span class=\"VIiyi\" lang=\"et\"><span class=\"JLqJ4b\" data-language-for-alternatives=\"et\" data-language-to-translate-into=\"it\" data-number-of-phrases=\"1\" data-phrase-index=\"0\"><span>Klaasn\u00f5ud ja plast: 3% <\/span><\/span><\/span><\/li>\n<\/ul>\n<\/li>\n<li><span class=\"VIiyi\" lang=\"et\"><span class=\"JLqJ4b\" data-language-for-alternatives=\"et\" data-language-to-translate-into=\"it\" data-number-of-phrases=\"1\" data-phrase-index=\"0\"><span>Laske tootel m\u00f5nda aega m\u00f5juda ,j\u00e4\u00e4kide eemaldamiseks vajalik loputada joogiveega. <\/span><\/span><\/span><\/li>\n<\/ul>\n<p><span class=\"VIiyi\" lang=\"et\"><span class=\"JLqJ4b\" data-language-for-alternatives=\"et\" data-language-to-translate-into=\"it\" data-number-of-phrases=\"1\" data-phrase-index=\"0\"><span>On soovitatav kasutada kindaid ja kaitseprille.<br \/>\npH &lt;1,0<\/span><\/span><\/span><br \/>\n<img decoding=\"async\" src=\"https:\/\/cdn.erply.com\/assets\/386945\/file\/hDvMfH2w1EgjEDhy6n0KaZd3ZtPG1aUD78gdm5WhUPbuuX3v9i.jpg\" \/><\/p>\n","protected":false},"excerpt":{"rendered":"<p>Mittevahutav happeline katlakivieemaldusvahend toiduainet\u00f6\u00f6stuses, restoranides kohvikutes ja k\u00f6\u00f6gikides.<br \/>\nRegistreeritud NSF A3<\/p>\n","protected":false},"featured_media":3658,"comment_status":"closed","ping_status":"closed","template":"","meta":[],"product_brand":[],"product_cat":[217],"product_tag":[],"class_list":{"0":"post-3046","1":"product","2":"type-product","3":"status-publish","4":"has-post-thumbnail","6":"product_cat-suvapuhastus-horeca","8":"first","9":"instock","10":"taxable","11":"shipping-taxable","12":"purchasable","13":"product-type-simple"},"yoast_head":"<!-- This site is optimized with the Yoast SEO plugin v26.5 - https:\/\/yoast.com\/wordpress\/plugins\/seo\/ -->\n<title>DEE LIME - Katlakivieemaldusvahend toiduainet\u00f6\u00f6stusele I ZEP Eesti<\/title>\n<meta name=\"description\" content=\"Mittevahutav happeline katlakivieemaldusvahend toiduainet\u00f6\u00f6stuses, restoranides kohvikutes ja k\u00f6\u00f6kides. Antud tootest tuleb valmistada kontsertreeritud lahus.\" \/>\n<meta name=\"robots\" content=\"index, follow, max-snippet:-1, max-image-preview:large, max-video-preview:-1\" \/>\n<link rel=\"canonical\" href=\"https:\/\/zepestonia.com\/en\/toode\/dee-lime\/\" \/>\n<meta property=\"og:locale\" content=\"en_US\" \/>\n<meta property=\"og:type\" content=\"article\" \/>\n<meta property=\"og:title\" content=\"DEE LIME - Katlakivieemaldusvahend toiduainet\u00f6\u00f6stusele I ZEP Eesti\" \/>\n<meta property=\"og:description\" content=\"Mittevahutav happeline katlakivieemaldusvahend toiduainet\u00f6\u00f6stuses, restoranides kohvikutes ja k\u00f6\u00f6kides. Antud tootest tuleb valmistada kontsertreeritud lahus.\" \/>\n<meta property=\"og:url\" content=\"https:\/\/zepestonia.com\/en\/toode\/dee-lime\/\" \/>\n<meta property=\"og:site_name\" content=\"ZEP Eesti I Puhastusvahendid I E-pood\" \/>\n<meta property=\"article:publisher\" content=\"https:\/\/www.facebook.com\/ZepEesti\" \/>\n<meta property=\"article:modified_time\" content=\"2026-02-21T01:15:33+00:00\" \/>\n<meta property=\"og:image\" content=\"https:\/\/zepestonia.com\/wp-content\/uploads\/2021\/12\/691-60fa55e35e2cb2-01274267-DEE20LIME.png\" \/>\n\t<meta property=\"og:image:width\" content=\"200\" \/>\n\t<meta property=\"og:image:height\" content=\"300\" \/>\n\t<meta property=\"og:image:type\" content=\"image\/png\" \/>\n<meta name=\"twitter:card\" content=\"summary_large_image\" \/>\n<script type=\"application\/ld+json\" class=\"yoast-schema-graph\">{\"@context\":\"https:\/\/schema.org\",\"@graph\":[{\"@type\":\"WebPage\",\"@id\":\"https:\/\/zepestonia.com\/en\/toode\/dee-lime\/\",\"url\":\"https:\/\/zepestonia.com\/en\/toode\/dee-lime\/\",\"name\":\"DEE LIME - Katlakivieemaldusvahend toiduainet\u00f6\u00f6stusele I ZEP Eesti\",\"isPartOf\":{\"@id\":\"https:\/\/zepestonia.com\/en\/#website\"},\"primaryImageOfPage\":{\"@id\":\"https:\/\/zepestonia.com\/en\/toode\/dee-lime\/#primaryimage\"},\"image\":{\"@id\":\"https:\/\/zepestonia.com\/en\/toode\/dee-lime\/#primaryimage\"},\"thumbnailUrl\":\"https:\/\/zepestonia.com\/wp-content\/uploads\/2021\/12\/691-60fa55e35e2cb2-01274267-DEE20LIME.png\",\"datePublished\":\"2021-11-29T19:00:50+00:00\",\"dateModified\":\"2026-02-21T01:15:33+00:00\",\"description\":\"Mittevahutav happeline katlakivieemaldusvahend toiduainet\u00f6\u00f6stuses, restoranides kohvikutes ja k\u00f6\u00f6kides. Antud tootest tuleb valmistada kontsertreeritud lahus.\",\"breadcrumb\":{\"@id\":\"https:\/\/zepestonia.com\/en\/toode\/dee-lime\/#breadcrumb\"},\"inLanguage\":\"en-US\",\"potentialAction\":[{\"@type\":\"ReadAction\",\"target\":[\"https:\/\/zepestonia.com\/en\/toode\/dee-lime\/\"]}]},{\"@type\":\"ImageObject\",\"inLanguage\":\"en-US\",\"@id\":\"https:\/\/zepestonia.com\/en\/toode\/dee-lime\/#primaryimage\",\"url\":\"https:\/\/zepestonia.com\/wp-content\/uploads\/2021\/12\/691-60fa55e35e2cb2-01274267-DEE20LIME.png\",\"contentUrl\":\"https:\/\/zepestonia.com\/wp-content\/uploads\/2021\/12\/691-60fa55e35e2cb2-01274267-DEE20LIME.png\",\"width\":200,\"height\":300,\"caption\":\"691-60fa55e35e2cb2-01274267-DEE20LIME\"},{\"@type\":\"BreadcrumbList\",\"@id\":\"https:\/\/zepestonia.com\/en\/toode\/dee-lime\/#breadcrumb\",\"itemListElement\":[{\"@type\":\"ListItem\",\"position\":1,\"name\":\"Home\",\"item\":\"https:\/\/zepestonia.com\/en\/\"},{\"@type\":\"ListItem\",\"position\":2,\"name\":\"Shop\",\"item\":\"https:\/\/zepestonia.com\/en\/?page_id=4643\"},{\"@type\":\"ListItem\",\"position\":3,\"name\":\"DEE LIME 5L &#8211; Katlakivieemaldusvahend toiduainet\u00f6\u00f6stusele\"}]},{\"@type\":\"WebSite\",\"@id\":\"https:\/\/zepestonia.com\/en\/#website\",\"url\":\"https:\/\/zepestonia.com\/en\/\",\"name\":\"ZEP Eesti I Puhastusvahendid I E-pood\",\"description\":\"Pakume puhastus- ja hooldusprobleemidele efektiivseid keskkonnas\u00f5bralikke lahendusi!\",\"publisher\":{\"@id\":\"https:\/\/zepestonia.com\/en\/#organization\"},\"potentialAction\":[{\"@type\":\"SearchAction\",\"target\":{\"@type\":\"EntryPoint\",\"urlTemplate\":\"https:\/\/zepestonia.com\/en\/?s={search_term_string}\"},\"query-input\":{\"@type\":\"PropertyValueSpecification\",\"valueRequired\":true,\"valueName\":\"search_term_string\"}}],\"inLanguage\":\"en-US\"},{\"@type\":\"Organization\",\"@id\":\"https:\/\/zepestonia.com\/en\/#organization\",\"name\":\"Zep Estonia\",\"url\":\"https:\/\/zepestonia.com\/en\/\",\"logo\":{\"@type\":\"ImageObject\",\"inLanguage\":\"en-US\",\"@id\":\"https:\/\/zepestonia.com\/en\/#\/schema\/logo\/image\/\",\"url\":\"https:\/\/zepestonia.com\/wp-content\/uploads\/2022\/03\/Zep-Logo_png.jpeg\",\"contentUrl\":\"https:\/\/zepestonia.com\/wp-content\/uploads\/2022\/03\/Zep-Logo_png.jpeg\",\"width\":109,\"height\":70,\"caption\":\"Zep Estonia\"},\"image\":{\"@id\":\"https:\/\/zepestonia.com\/en\/#\/schema\/logo\/image\/\"},\"sameAs\":[\"https:\/\/www.facebook.com\/ZepEesti\"]}]}<\/script>\n<!-- \/ Yoast SEO plugin. -->","yoast_head_json":{"title":"DEE LIME - Katlakivieemaldusvahend toiduainet\u00f6\u00f6stusele I ZEP Eesti","description":"Mittevahutav happeline katlakivieemaldusvahend toiduainet\u00f6\u00f6stuses, restoranides kohvikutes ja k\u00f6\u00f6kides. Antud tootest tuleb valmistada kontsertreeritud lahus.","robots":{"index":"index","follow":"follow","max-snippet":"max-snippet:-1","max-image-preview":"max-image-preview:large","max-video-preview":"max-video-preview:-1"},"canonical":"https:\/\/zepestonia.com\/en\/toode\/dee-lime\/","og_locale":"en_US","og_type":"article","og_title":"DEE LIME - Katlakivieemaldusvahend toiduainet\u00f6\u00f6stusele I ZEP Eesti","og_description":"Mittevahutav happeline katlakivieemaldusvahend toiduainet\u00f6\u00f6stuses, restoranides kohvikutes ja k\u00f6\u00f6kides. Antud tootest tuleb valmistada kontsertreeritud lahus.","og_url":"https:\/\/zepestonia.com\/en\/toode\/dee-lime\/","og_site_name":"ZEP Eesti I Puhastusvahendid I E-pood","article_publisher":"https:\/\/www.facebook.com\/ZepEesti","article_modified_time":"2026-02-21T01:15:33+00:00","og_image":[{"width":200,"height":300,"url":"https:\/\/zepestonia.com\/wp-content\/uploads\/2021\/12\/691-60fa55e35e2cb2-01274267-DEE20LIME.png","type":"image\/png"}],"twitter_card":"summary_large_image","schema":{"@context":"https:\/\/schema.org","@graph":[{"@type":"WebPage","@id":"https:\/\/zepestonia.com\/en\/toode\/dee-lime\/","url":"https:\/\/zepestonia.com\/en\/toode\/dee-lime\/","name":"DEE LIME - Katlakivieemaldusvahend toiduainet\u00f6\u00f6stusele I ZEP Eesti","isPartOf":{"@id":"https:\/\/zepestonia.com\/en\/#website"},"primaryImageOfPage":{"@id":"https:\/\/zepestonia.com\/en\/toode\/dee-lime\/#primaryimage"},"image":{"@id":"https:\/\/zepestonia.com\/en\/toode\/dee-lime\/#primaryimage"},"thumbnailUrl":"https:\/\/zepestonia.com\/wp-content\/uploads\/2021\/12\/691-60fa55e35e2cb2-01274267-DEE20LIME.png","datePublished":"2021-11-29T19:00:50+00:00","dateModified":"2026-02-21T01:15:33+00:00","description":"Mittevahutav happeline katlakivieemaldusvahend toiduainet\u00f6\u00f6stuses, restoranides kohvikutes ja k\u00f6\u00f6kides. Antud tootest tuleb valmistada kontsertreeritud lahus.","breadcrumb":{"@id":"https:\/\/zepestonia.com\/en\/toode\/dee-lime\/#breadcrumb"},"inLanguage":"en-US","potentialAction":[{"@type":"ReadAction","target":["https:\/\/zepestonia.com\/en\/toode\/dee-lime\/"]}]},{"@type":"ImageObject","inLanguage":"en-US","@id":"https:\/\/zepestonia.com\/en\/toode\/dee-lime\/#primaryimage","url":"https:\/\/zepestonia.com\/wp-content\/uploads\/2021\/12\/691-60fa55e35e2cb2-01274267-DEE20LIME.png","contentUrl":"https:\/\/zepestonia.com\/wp-content\/uploads\/2021\/12\/691-60fa55e35e2cb2-01274267-DEE20LIME.png","width":200,"height":300,"caption":"691-60fa55e35e2cb2-01274267-DEE20LIME"},{"@type":"BreadcrumbList","@id":"https:\/\/zepestonia.com\/en\/toode\/dee-lime\/#breadcrumb","itemListElement":[{"@type":"ListItem","position":1,"name":"Home","item":"https:\/\/zepestonia.com\/en\/"},{"@type":"ListItem","position":2,"name":"Shop","item":"https:\/\/zepestonia.com\/en\/?page_id=4643"},{"@type":"ListItem","position":3,"name":"DEE LIME 5L &#8211; Katlakivieemaldusvahend toiduainet\u00f6\u00f6stusele"}]},{"@type":"WebSite","@id":"https:\/\/zepestonia.com\/en\/#website","url":"https:\/\/zepestonia.com\/en\/","name":"ZEP Eesti I Puhastusvahendid I E-pood","description":"Pakume puhastus- ja hooldusprobleemidele efektiivseid keskkonnas\u00f5bralikke lahendusi!","publisher":{"@id":"https:\/\/zepestonia.com\/en\/#organization"},"potentialAction":[{"@type":"SearchAction","target":{"@type":"EntryPoint","urlTemplate":"https:\/\/zepestonia.com\/en\/?s={search_term_string}"},"query-input":{"@type":"PropertyValueSpecification","valueRequired":true,"valueName":"search_term_string"}}],"inLanguage":"en-US"},{"@type":"Organization","@id":"https:\/\/zepestonia.com\/en\/#organization","name":"Zep Estonia","url":"https:\/\/zepestonia.com\/en\/","logo":{"@type":"ImageObject","inLanguage":"en-US","@id":"https:\/\/zepestonia.com\/en\/#\/schema\/logo\/image\/","url":"https:\/\/zepestonia.com\/wp-content\/uploads\/2022\/03\/Zep-Logo_png.jpeg","contentUrl":"https:\/\/zepestonia.com\/wp-content\/uploads\/2022\/03\/Zep-Logo_png.jpeg","width":109,"height":70,"caption":"Zep Estonia"},"image":{"@id":"https:\/\/zepestonia.com\/en\/#\/schema\/logo\/image\/"},"sameAs":["https:\/\/www.facebook.com\/ZepEesti"]}]}},"_links":{"self":[{"href":"https:\/\/zepestonia.com\/en\/wp-json\/wp\/v2\/product\/3046","targetHints":{"allow":["GET"]}}],"collection":[{"href":"https:\/\/zepestonia.com\/en\/wp-json\/wp\/v2\/product"}],"about":[{"href":"https:\/\/zepestonia.com\/en\/wp-json\/wp\/v2\/types\/product"}],"replies":[{"embeddable":true,"href":"https:\/\/zepestonia.com\/en\/wp-json\/wp\/v2\/comments?post=3046"}],"version-history":[{"count":4,"href":"https:\/\/zepestonia.com\/en\/wp-json\/wp\/v2\/product\/3046\/revisions"}],"predecessor-version":[{"id":14203,"href":"https:\/\/zepestonia.com\/en\/wp-json\/wp\/v2\/product\/3046\/revisions\/14203"}],"wp:featuredmedia":[{"embeddable":true,"href":"https:\/\/zepestonia.com\/en\/wp-json\/wp\/v2\/media\/3658"}],"wp:attachment":[{"href":"https:\/\/zepestonia.com\/en\/wp-json\/wp\/v2\/media?parent=3046"}],"wp:term":[{"taxonomy":"product_brand","embeddable":true,"href":"https:\/\/zepestonia.com\/en\/wp-json\/wp\/v2\/product_brand?post=3046"},{"taxonomy":"product_cat","embeddable":true,"href":"https:\/\/zepestonia.com\/en\/wp-json\/wp\/v2\/product_cat?post=3046"},{"taxonomy":"product_tag","embeddable":true,"href":"https:\/\/zepestonia.com\/en\/wp-json\/wp\/v2\/product_tag?post=3046"}],"curies":[{"name":"wp","href":"https:\/\/api.w.org\/{rel}","templated":true}]}}