{"id":3041,"date":"2021-11-29T19:00:50","date_gmt":"2021-11-29T19:00:50","guid":{"rendered":"https:\/\/zep.valgekana.ee\/toode\/all-around-1l\/"},"modified":"2025-07-01T00:23:54","modified_gmt":"2025-07-01T00:23:54","slug":"all-around-1l","status":"publish","type":"product","link":"https:\/\/zepestonia.com\/en\/toode\/all-around-1l\/","title":{"rendered":"All Around 1L  &#8211; Vin\u00fc\u00fcl- ja kummipindade kaitsevahend"},"content":{"rendered":"<ul>\n<li>Puhastada hooldatav pind ja kuivatada.<\/li>\n<li>Kanda vahend \u00fchtlaselt lapile v\u00f5i k\u00e4snale ja seej\u00e4rel pinnale.<\/li>\n<li>\u00d5rnalt p\u00fchkida pinda, et aine saaks imbuda ja j\u00e4tta s\u00e4rava l\u00e4ike.<\/li>\n<li>Vajadusel korrata protseduuri.<\/li>\n<\/ul>\n<p>NB!<\/p>\n<ul>\n<li>V\u00e4ltida aine sattumist p\u00f5randale, kuna see v\u00f5ib p\u00f5randapinna libedaks muuta.<\/li>\n<li>Ettevatust! Kangas- v\u00f5i klaaspinnaga kokkupuude All Aroundiga p\u00f5hjustab m\u00e4\u00e4rdumise.<\/li>\n<\/ul>\n","protected":false},"excerpt":{"rendered":"<p>Lo\u0303hnatu toode paljude pindade (vinu\u0308u\u0308li, kummi, akru\u0308u\u0308li) kaitseks ning ilusamaks tegemiseks.<br \/>\nImbub, kaitseb ja ilustab, j\u00e4ttes pinnale s\u00e4rava l\u00e4ike ning uuendades vana ja v\u00e4sinud pinda.<br \/>\nKaitseb pinna materjali murenemise, kuivamise, lendumise v\u00f5i k\u00f5venemise eest.<br \/>\nKasutamiseks rehvidel, esipaneelidel, armatuurlaudadel, istmetel, kohvritel, paatidel, akr\u00fc\u00fclesemetel jne.<\/p>\n","protected":false},"featured_media":3830,"comment_status":"closed","ping_status":"closed","template":"","meta":[],"product_brand":[],"product_cat":[199],"product_tag":[],"class_list":{"0":"post-3041","1":"product","2":"type-product","3":"status-publish","4":"has-post-thumbnail","6":"product_cat-autod","8":"first","9":"instock","10":"taxable","11":"shipping-taxable","12":"purchasable","13":"product-type-simple"},"yoast_head":"<!-- This site is optimized with the Yoast SEO plugin v26.5 - https:\/\/yoast.com\/wordpress\/plugins\/seo\/ -->\n<title>All Around 1L - Vin\u00fc\u00fcl- ja kummipindade kaitsevahend I ZEP Eesti<\/title>\n<meta name=\"description\" content=\"Lo\u0303hnatu toode paljude pindade kaitseks ning ilusamaks tegemiseks. Imbub, kaitseb ja ilustab, j\u00e4ttes pinnale s\u00e4rava l\u00e4ike ning uuendades vana ja v\u00e4sinud pinda.\" \/>\n<meta name=\"robots\" content=\"index, follow, max-snippet:-1, max-image-preview:large, max-video-preview:-1\" \/>\n<link rel=\"canonical\" href=\"https:\/\/zepestonia.com\/en\/toode\/all-around-1l\/\" \/>\n<meta property=\"og:locale\" content=\"en_US\" \/>\n<meta property=\"og:type\" content=\"article\" \/>\n<meta property=\"og:title\" content=\"All Around 1L - Vin\u00fc\u00fcl- ja kummipindade kaitsevahend I ZEP Eesti\" \/>\n<meta property=\"og:description\" content=\"Lo\u0303hnatu toode paljude pindade kaitseks ning ilusamaks tegemiseks. Imbub, kaitseb ja ilustab, j\u00e4ttes pinnale s\u00e4rava l\u00e4ike ning uuendades vana ja v\u00e4sinud pinda.\" \/>\n<meta property=\"og:url\" content=\"https:\/\/zepestonia.com\/en\/toode\/all-around-1l\/\" \/>\n<meta property=\"og:site_name\" content=\"ZEP Eesti I Puhastusvahendid I E-pood\" \/>\n<meta property=\"article:publisher\" content=\"https:\/\/www.facebook.com\/ZepEesti\" \/>\n<meta property=\"article:modified_time\" content=\"2025-07-01T00:23:54+00:00\" \/>\n<meta property=\"og:image\" content=\"https:\/\/zepestonia.com\/wp-content\/uploads\/2021\/12\/17-60b98f630cf830-01528822-All20Around.png\" \/>\n\t<meta property=\"og:image:width\" content=\"200\" \/>\n\t<meta property=\"og:image:height\" content=\"300\" \/>\n\t<meta property=\"og:image:type\" content=\"image\/png\" \/>\n<meta name=\"twitter:card\" content=\"summary_large_image\" \/>\n<script type=\"application\/ld+json\" class=\"yoast-schema-graph\">{\"@context\":\"https:\/\/schema.org\",\"@graph\":[{\"@type\":\"WebPage\",\"@id\":\"https:\/\/zepestonia.com\/en\/toode\/all-around-1l\/\",\"url\":\"https:\/\/zepestonia.com\/en\/toode\/all-around-1l\/\",\"name\":\"All Around 1L - Vin\u00fc\u00fcl- ja kummipindade kaitsevahend I ZEP Eesti\",\"isPartOf\":{\"@id\":\"https:\/\/zepestonia.com\/en\/#website\"},\"primaryImageOfPage\":{\"@id\":\"https:\/\/zepestonia.com\/en\/toode\/all-around-1l\/#primaryimage\"},\"image\":{\"@id\":\"https:\/\/zepestonia.com\/en\/toode\/all-around-1l\/#primaryimage\"},\"thumbnailUrl\":\"https:\/\/zepestonia.com\/wp-content\/uploads\/2021\/12\/17-60b98f630cf830-01528822-All20Around.png\",\"datePublished\":\"2021-11-29T19:00:50+00:00\",\"dateModified\":\"2025-07-01T00:23:54+00:00\",\"description\":\"Lo\u0303hnatu toode paljude pindade kaitseks ning ilusamaks tegemiseks. Imbub, kaitseb ja ilustab, j\u00e4ttes pinnale s\u00e4rava l\u00e4ike ning uuendades vana ja v\u00e4sinud pinda.\",\"breadcrumb\":{\"@id\":\"https:\/\/zepestonia.com\/en\/toode\/all-around-1l\/#breadcrumb\"},\"inLanguage\":\"en-US\",\"potentialAction\":[{\"@type\":\"ReadAction\",\"target\":[\"https:\/\/zepestonia.com\/en\/toode\/all-around-1l\/\"]}]},{\"@type\":\"ImageObject\",\"inLanguage\":\"en-US\",\"@id\":\"https:\/\/zepestonia.com\/en\/toode\/all-around-1l\/#primaryimage\",\"url\":\"https:\/\/zepestonia.com\/wp-content\/uploads\/2021\/12\/17-60b98f630cf830-01528822-All20Around.png\",\"contentUrl\":\"https:\/\/zepestonia.com\/wp-content\/uploads\/2021\/12\/17-60b98f630cf830-01528822-All20Around.png\",\"width\":200,\"height\":300,\"caption\":\"17-60b98f630cf830-01528822-All20Around\"},{\"@type\":\"BreadcrumbList\",\"@id\":\"https:\/\/zepestonia.com\/en\/toode\/all-around-1l\/#breadcrumb\",\"itemListElement\":[{\"@type\":\"ListItem\",\"position\":1,\"name\":\"Home\",\"item\":\"https:\/\/zepestonia.com\/en\/\"},{\"@type\":\"ListItem\",\"position\":2,\"name\":\"Shop\",\"item\":\"https:\/\/zepestonia.com\/en\/?page_id=4643\"},{\"@type\":\"ListItem\",\"position\":3,\"name\":\"All Around 1L &#8211; Vin\u00fc\u00fcl- ja kummipindade kaitsevahend\"}]},{\"@type\":\"WebSite\",\"@id\":\"https:\/\/zepestonia.com\/en\/#website\",\"url\":\"https:\/\/zepestonia.com\/en\/\",\"name\":\"ZEP Eesti I Puhastusvahendid I E-pood\",\"description\":\"Pakume puhastus- ja hooldusprobleemidele efektiivseid keskkonnas\u00f5bralikke lahendusi!\",\"publisher\":{\"@id\":\"https:\/\/zepestonia.com\/en\/#organization\"},\"potentialAction\":[{\"@type\":\"SearchAction\",\"target\":{\"@type\":\"EntryPoint\",\"urlTemplate\":\"https:\/\/zepestonia.com\/en\/?s={search_term_string}\"},\"query-input\":{\"@type\":\"PropertyValueSpecification\",\"valueRequired\":true,\"valueName\":\"search_term_string\"}}],\"inLanguage\":\"en-US\"},{\"@type\":\"Organization\",\"@id\":\"https:\/\/zepestonia.com\/en\/#organization\",\"name\":\"Zep Estonia\",\"url\":\"https:\/\/zepestonia.com\/en\/\",\"logo\":{\"@type\":\"ImageObject\",\"inLanguage\":\"en-US\",\"@id\":\"https:\/\/zepestonia.com\/en\/#\/schema\/logo\/image\/\",\"url\":\"https:\/\/zepestonia.com\/wp-content\/uploads\/2022\/03\/Zep-Logo_png.jpeg\",\"contentUrl\":\"https:\/\/zepestonia.com\/wp-content\/uploads\/2022\/03\/Zep-Logo_png.jpeg\",\"width\":109,\"height\":70,\"caption\":\"Zep Estonia\"},\"image\":{\"@id\":\"https:\/\/zepestonia.com\/en\/#\/schema\/logo\/image\/\"},\"sameAs\":[\"https:\/\/www.facebook.com\/ZepEesti\"]}]}<\/script>\n<!-- \/ Yoast SEO plugin. -->","yoast_head_json":{"title":"All Around 1L - Vin\u00fc\u00fcl- ja kummipindade kaitsevahend I ZEP Eesti","description":"Lo\u0303hnatu toode paljude pindade kaitseks ning ilusamaks tegemiseks. Imbub, kaitseb ja ilustab, j\u00e4ttes pinnale s\u00e4rava l\u00e4ike ning uuendades vana ja v\u00e4sinud pinda.","robots":{"index":"index","follow":"follow","max-snippet":"max-snippet:-1","max-image-preview":"max-image-preview:large","max-video-preview":"max-video-preview:-1"},"canonical":"https:\/\/zepestonia.com\/en\/toode\/all-around-1l\/","og_locale":"en_US","og_type":"article","og_title":"All Around 1L - Vin\u00fc\u00fcl- ja kummipindade kaitsevahend I ZEP Eesti","og_description":"Lo\u0303hnatu toode paljude pindade kaitseks ning ilusamaks tegemiseks. Imbub, kaitseb ja ilustab, j\u00e4ttes pinnale s\u00e4rava l\u00e4ike ning uuendades vana ja v\u00e4sinud pinda.","og_url":"https:\/\/zepestonia.com\/en\/toode\/all-around-1l\/","og_site_name":"ZEP Eesti I Puhastusvahendid I E-pood","article_publisher":"https:\/\/www.facebook.com\/ZepEesti","article_modified_time":"2025-07-01T00:23:54+00:00","og_image":[{"width":200,"height":300,"url":"https:\/\/zepestonia.com\/wp-content\/uploads\/2021\/12\/17-60b98f630cf830-01528822-All20Around.png","type":"image\/png"}],"twitter_card":"summary_large_image","schema":{"@context":"https:\/\/schema.org","@graph":[{"@type":"WebPage","@id":"https:\/\/zepestonia.com\/en\/toode\/all-around-1l\/","url":"https:\/\/zepestonia.com\/en\/toode\/all-around-1l\/","name":"All Around 1L - Vin\u00fc\u00fcl- ja kummipindade kaitsevahend I ZEP Eesti","isPartOf":{"@id":"https:\/\/zepestonia.com\/en\/#website"},"primaryImageOfPage":{"@id":"https:\/\/zepestonia.com\/en\/toode\/all-around-1l\/#primaryimage"},"image":{"@id":"https:\/\/zepestonia.com\/en\/toode\/all-around-1l\/#primaryimage"},"thumbnailUrl":"https:\/\/zepestonia.com\/wp-content\/uploads\/2021\/12\/17-60b98f630cf830-01528822-All20Around.png","datePublished":"2021-11-29T19:00:50+00:00","dateModified":"2025-07-01T00:23:54+00:00","description":"Lo\u0303hnatu toode paljude pindade kaitseks ning ilusamaks tegemiseks. Imbub, kaitseb ja ilustab, j\u00e4ttes pinnale s\u00e4rava l\u00e4ike ning uuendades vana ja v\u00e4sinud pinda.","breadcrumb":{"@id":"https:\/\/zepestonia.com\/en\/toode\/all-around-1l\/#breadcrumb"},"inLanguage":"en-US","potentialAction":[{"@type":"ReadAction","target":["https:\/\/zepestonia.com\/en\/toode\/all-around-1l\/"]}]},{"@type":"ImageObject","inLanguage":"en-US","@id":"https:\/\/zepestonia.com\/en\/toode\/all-around-1l\/#primaryimage","url":"https:\/\/zepestonia.com\/wp-content\/uploads\/2021\/12\/17-60b98f630cf830-01528822-All20Around.png","contentUrl":"https:\/\/zepestonia.com\/wp-content\/uploads\/2021\/12\/17-60b98f630cf830-01528822-All20Around.png","width":200,"height":300,"caption":"17-60b98f630cf830-01528822-All20Around"},{"@type":"BreadcrumbList","@id":"https:\/\/zepestonia.com\/en\/toode\/all-around-1l\/#breadcrumb","itemListElement":[{"@type":"ListItem","position":1,"name":"Home","item":"https:\/\/zepestonia.com\/en\/"},{"@type":"ListItem","position":2,"name":"Shop","item":"https:\/\/zepestonia.com\/en\/?page_id=4643"},{"@type":"ListItem","position":3,"name":"All Around 1L &#8211; Vin\u00fc\u00fcl- ja kummipindade kaitsevahend"}]},{"@type":"WebSite","@id":"https:\/\/zepestonia.com\/en\/#website","url":"https:\/\/zepestonia.com\/en\/","name":"ZEP Eesti I Puhastusvahendid I E-pood","description":"Pakume puhastus- ja hooldusprobleemidele efektiivseid keskkonnas\u00f5bralikke lahendusi!","publisher":{"@id":"https:\/\/zepestonia.com\/en\/#organization"},"potentialAction":[{"@type":"SearchAction","target":{"@type":"EntryPoint","urlTemplate":"https:\/\/zepestonia.com\/en\/?s={search_term_string}"},"query-input":{"@type":"PropertyValueSpecification","valueRequired":true,"valueName":"search_term_string"}}],"inLanguage":"en-US"},{"@type":"Organization","@id":"https:\/\/zepestonia.com\/en\/#organization","name":"Zep Estonia","url":"https:\/\/zepestonia.com\/en\/","logo":{"@type":"ImageObject","inLanguage":"en-US","@id":"https:\/\/zepestonia.com\/en\/#\/schema\/logo\/image\/","url":"https:\/\/zepestonia.com\/wp-content\/uploads\/2022\/03\/Zep-Logo_png.jpeg","contentUrl":"https:\/\/zepestonia.com\/wp-content\/uploads\/2022\/03\/Zep-Logo_png.jpeg","width":109,"height":70,"caption":"Zep Estonia"},"image":{"@id":"https:\/\/zepestonia.com\/en\/#\/schema\/logo\/image\/"},"sameAs":["https:\/\/www.facebook.com\/ZepEesti"]}]}},"_links":{"self":[{"href":"https:\/\/zepestonia.com\/en\/wp-json\/wp\/v2\/product\/3041","targetHints":{"allow":["GET"]}}],"collection":[{"href":"https:\/\/zepestonia.com\/en\/wp-json\/wp\/v2\/product"}],"about":[{"href":"https:\/\/zepestonia.com\/en\/wp-json\/wp\/v2\/types\/product"}],"replies":[{"embeddable":true,"href":"https:\/\/zepestonia.com\/en\/wp-json\/wp\/v2\/comments?post=3041"}],"version-history":[{"count":1,"href":"https:\/\/zepestonia.com\/en\/wp-json\/wp\/v2\/product\/3041\/revisions"}],"predecessor-version":[{"id":12323,"href":"https:\/\/zepestonia.com\/en\/wp-json\/wp\/v2\/product\/3041\/revisions\/12323"}],"wp:featuredmedia":[{"embeddable":true,"href":"https:\/\/zepestonia.com\/en\/wp-json\/wp\/v2\/media\/3830"}],"wp:attachment":[{"href":"https:\/\/zepestonia.com\/en\/wp-json\/wp\/v2\/media?parent=3041"}],"wp:term":[{"taxonomy":"product_brand","embeddable":true,"href":"https:\/\/zepestonia.com\/en\/wp-json\/wp\/v2\/product_brand?post=3041"},{"taxonomy":"product_cat","embeddable":true,"href":"https:\/\/zepestonia.com\/en\/wp-json\/wp\/v2\/product_cat?post=3041"},{"taxonomy":"product_tag","embeddable":true,"href":"https:\/\/zepestonia.com\/en\/wp-json\/wp\/v2\/product_tag?post=3041"}],"curies":[{"name":"wp","href":"https:\/\/api.w.org\/{rel}","templated":true}]}}