{"id":3039,"date":"2021-11-29T19:00:50","date_gmt":"2021-11-29T19:00:50","guid":{"rendered":"https:\/\/zep.valgekana.ee\/toode\/natura-box\/"},"modified":"2025-07-01T00:23:59","modified_gmt":"2025-07-01T00:23:59","slug":"natura-box","status":"publish","type":"product","link":"https:\/\/zepestonia.com\/en\/toode\/natura-box\/","title":{"rendered":"Natura Box &#8211; Absorbendiga koristusk\u00e4ru"},"content":{"rendered":"<ul>\n<li><span class=\"VIiyi\" lang=\"et\"><span class=\"JLqJ4b\" data-language-for-alternatives=\"et\" data-language-to-translate-into=\"nl\" data-number-of-phrases=\"1\" data-phrase-index=\"0\"><span>Eemaldage s\u00f5el ja t\u00e4itke Natura Box 1 kuni 2 kotiga Looduslik sorb. <\/span><\/span><\/span><\/li>\n<li><span class=\"VIiyi\" lang=\"et\"><span class=\"JLqJ4b\" data-language-for-alternatives=\"et\" data-language-to-translate-into=\"nl\" data-number-of-phrases=\"1\" data-phrase-index=\"0\"><span>Vahetage kurn ja asetage labidas ja pr\u00fcgikast klambrites. <\/span><\/span><\/span><\/li>\n<li><span class=\"VIiyi\" lang=\"et\"><span class=\"JLqJ4b\" data-language-for-alternatives=\"et\" data-language-to-translate-into=\"nl\" data-number-of-phrases=\"1\" data-phrase-index=\"0\"><span>Natura Box on n\u00fc\u00fcd kasutamiseks valmis kasutada. <\/span><\/span><\/span><\/li>\n<li><span class=\"VIiyi\" lang=\"et\"><span class=\"JLqJ4b\" data-language-for-alternatives=\"et\" data-language-to-translate-into=\"nl\" data-number-of-phrases=\"1\" data-phrase-index=\"0\"><span>Eemaldage seadmest vajalik absorbent ja m\u00e4\u00e4ri see imenduvale vedelikule. pintsel ja visake m\u00e4\u00e4rdunud absorbent l\u00e4bi s\u00f5ela<\/span><\/span><\/span><\/li>\n<\/ul>\n","protected":false},"excerpt":{"rendered":"<p>Suur mahutavus: mahutab kuni 50 liitrit absorbenti.<br \/>\nLihtne s\u00e4ilitada ja kasutada ilma tarbetu absorbendi raiskamiseta.<br \/>\nPraktiline: komplektis on kookosluud\/pol\u00fcprop\u00fcleen, mittes\u00fcttiv labidas ja<br \/>\nPr\u00fcgikast.<br \/>\nK\u00fclgmised kinnitusklambrid purgile ja harjale.<br \/>\nKasutavad autot\u00f6\u00f6stus, mehaanilised t\u00f6\u00f6kojad, garaa\u017eid, tr\u00fckikojad, tanklad, hooldus- ja remondit\u00f6\u00f6kojad.<\/p>\n","protected":false},"featured_media":3523,"comment_status":"closed","ping_status":"closed","template":"","meta":[],"product_brand":[],"product_cat":[204],"product_tag":[],"class_list":{"0":"post-3039","1":"product","2":"type-product","3":"status-publish","4":"has-post-thumbnail","6":"product_cat-keskkond","8":"first","9":"instock","10":"taxable","11":"shipping-taxable","12":"purchasable","13":"product-type-simple"},"yoast_head":"<!-- This site is optimized with the Yoast SEO plugin v26.5 - https:\/\/yoast.com\/wordpress\/plugins\/seo\/ -->\n<title>Natura Box - Absorbendiga koristusk\u00e4ru I ZEP Eesti<\/title>\n<meta name=\"description\" content=\"Koristusk\u00e4ru mahutab kuni 50 liitrit absorbenti. Komplektis on kookosluud\/pol\u00fcprop\u00fcleen, mittes\u00fcttiv labidas ja pr\u00fcgikast. Kasutatakse erinevates t\u00f6\u00f6kojades.\" \/>\n<meta name=\"robots\" content=\"index, follow, max-snippet:-1, max-image-preview:large, max-video-preview:-1\" \/>\n<link rel=\"canonical\" href=\"https:\/\/zepestonia.com\/en\/toode\/natura-box\/\" \/>\n<meta property=\"og:locale\" content=\"en_US\" \/>\n<meta property=\"og:type\" content=\"article\" \/>\n<meta property=\"og:title\" content=\"Natura Box - Absorbendiga koristusk\u00e4ru I ZEP Eesti\" \/>\n<meta property=\"og:description\" content=\"Koristusk\u00e4ru mahutab kuni 50 liitrit absorbenti. Komplektis on kookosluud\/pol\u00fcprop\u00fcleen, mittes\u00fcttiv labidas ja pr\u00fcgikast. Kasutatakse erinevates t\u00f6\u00f6kojades.\" \/>\n<meta property=\"og:url\" content=\"https:\/\/zepestonia.com\/en\/toode\/natura-box\/\" \/>\n<meta property=\"og:site_name\" content=\"ZEP Eesti I Puhastusvahendid I E-pood\" \/>\n<meta property=\"article:publisher\" content=\"https:\/\/www.facebook.com\/ZepEesti\" \/>\n<meta property=\"article:modified_time\" content=\"2025-07-01T00:23:59+00:00\" \/>\n<meta property=\"og:image\" content=\"https:\/\/zepestonia.com\/wp-content\/uploads\/2021\/12\/636-60e11529a987d3-31682559-Natura20Box.png\" \/>\n\t<meta property=\"og:image:width\" content=\"200\" \/>\n\t<meta property=\"og:image:height\" content=\"300\" \/>\n\t<meta property=\"og:image:type\" content=\"image\/png\" \/>\n<meta name=\"twitter:card\" content=\"summary_large_image\" \/>\n<meta name=\"twitter:label1\" content=\"Est. reading time\" \/>\n\t<meta name=\"twitter:data1\" content=\"1 minute\" \/>\n<script type=\"application\/ld+json\" class=\"yoast-schema-graph\">{\"@context\":\"https:\/\/schema.org\",\"@graph\":[{\"@type\":\"WebPage\",\"@id\":\"https:\/\/zepestonia.com\/en\/toode\/natura-box\/\",\"url\":\"https:\/\/zepestonia.com\/en\/toode\/natura-box\/\",\"name\":\"Natura Box - Absorbendiga koristusk\u00e4ru I ZEP Eesti\",\"isPartOf\":{\"@id\":\"https:\/\/zepestonia.com\/en\/#website\"},\"primaryImageOfPage\":{\"@id\":\"https:\/\/zepestonia.com\/en\/toode\/natura-box\/#primaryimage\"},\"image\":{\"@id\":\"https:\/\/zepestonia.com\/en\/toode\/natura-box\/#primaryimage\"},\"thumbnailUrl\":\"https:\/\/zepestonia.com\/wp-content\/uploads\/2021\/12\/636-60e11529a987d3-31682559-Natura20Box.png\",\"datePublished\":\"2021-11-29T19:00:50+00:00\",\"dateModified\":\"2025-07-01T00:23:59+00:00\",\"description\":\"Koristusk\u00e4ru mahutab kuni 50 liitrit absorbenti. Komplektis on kookosluud\/pol\u00fcprop\u00fcleen, mittes\u00fcttiv labidas ja pr\u00fcgikast. Kasutatakse erinevates t\u00f6\u00f6kojades.\",\"breadcrumb\":{\"@id\":\"https:\/\/zepestonia.com\/en\/toode\/natura-box\/#breadcrumb\"},\"inLanguage\":\"en-US\",\"potentialAction\":[{\"@type\":\"ReadAction\",\"target\":[\"https:\/\/zepestonia.com\/en\/toode\/natura-box\/\"]}]},{\"@type\":\"ImageObject\",\"inLanguage\":\"en-US\",\"@id\":\"https:\/\/zepestonia.com\/en\/toode\/natura-box\/#primaryimage\",\"url\":\"https:\/\/zepestonia.com\/wp-content\/uploads\/2021\/12\/636-60e11529a987d3-31682559-Natura20Box.png\",\"contentUrl\":\"https:\/\/zepestonia.com\/wp-content\/uploads\/2021\/12\/636-60e11529a987d3-31682559-Natura20Box.png\",\"width\":200,\"height\":300,\"caption\":\"636-60e11529a987d3-31682559-Natura20Box\"},{\"@type\":\"BreadcrumbList\",\"@id\":\"https:\/\/zepestonia.com\/en\/toode\/natura-box\/#breadcrumb\",\"itemListElement\":[{\"@type\":\"ListItem\",\"position\":1,\"name\":\"Home\",\"item\":\"https:\/\/zepestonia.com\/en\/\"},{\"@type\":\"ListItem\",\"position\":2,\"name\":\"Shop\",\"item\":\"https:\/\/zepestonia.com\/en\/?page_id=4643\"},{\"@type\":\"ListItem\",\"position\":3,\"name\":\"Natura Box &#8211; Absorbendiga koristusk\u00e4ru\"}]},{\"@type\":\"WebSite\",\"@id\":\"https:\/\/zepestonia.com\/en\/#website\",\"url\":\"https:\/\/zepestonia.com\/en\/\",\"name\":\"ZEP Eesti I Puhastusvahendid I E-pood\",\"description\":\"Pakume puhastus- ja hooldusprobleemidele efektiivseid keskkonnas\u00f5bralikke lahendusi!\",\"publisher\":{\"@id\":\"https:\/\/zepestonia.com\/en\/#organization\"},\"potentialAction\":[{\"@type\":\"SearchAction\",\"target\":{\"@type\":\"EntryPoint\",\"urlTemplate\":\"https:\/\/zepestonia.com\/en\/?s={search_term_string}\"},\"query-input\":{\"@type\":\"PropertyValueSpecification\",\"valueRequired\":true,\"valueName\":\"search_term_string\"}}],\"inLanguage\":\"en-US\"},{\"@type\":\"Organization\",\"@id\":\"https:\/\/zepestonia.com\/en\/#organization\",\"name\":\"Zep Estonia\",\"url\":\"https:\/\/zepestonia.com\/en\/\",\"logo\":{\"@type\":\"ImageObject\",\"inLanguage\":\"en-US\",\"@id\":\"https:\/\/zepestonia.com\/en\/#\/schema\/logo\/image\/\",\"url\":\"https:\/\/zepestonia.com\/wp-content\/uploads\/2022\/03\/Zep-Logo_png.jpeg\",\"contentUrl\":\"https:\/\/zepestonia.com\/wp-content\/uploads\/2022\/03\/Zep-Logo_png.jpeg\",\"width\":109,\"height\":70,\"caption\":\"Zep Estonia\"},\"image\":{\"@id\":\"https:\/\/zepestonia.com\/en\/#\/schema\/logo\/image\/\"},\"sameAs\":[\"https:\/\/www.facebook.com\/ZepEesti\"]}]}<\/script>\n<!-- \/ Yoast SEO plugin. -->","yoast_head_json":{"title":"Natura Box - Absorbendiga koristusk\u00e4ru I ZEP Eesti","description":"Koristusk\u00e4ru mahutab kuni 50 liitrit absorbenti. Komplektis on kookosluud\/pol\u00fcprop\u00fcleen, mittes\u00fcttiv labidas ja pr\u00fcgikast. Kasutatakse erinevates t\u00f6\u00f6kojades.","robots":{"index":"index","follow":"follow","max-snippet":"max-snippet:-1","max-image-preview":"max-image-preview:large","max-video-preview":"max-video-preview:-1"},"canonical":"https:\/\/zepestonia.com\/en\/toode\/natura-box\/","og_locale":"en_US","og_type":"article","og_title":"Natura Box - Absorbendiga koristusk\u00e4ru I ZEP Eesti","og_description":"Koristusk\u00e4ru mahutab kuni 50 liitrit absorbenti. Komplektis on kookosluud\/pol\u00fcprop\u00fcleen, mittes\u00fcttiv labidas ja pr\u00fcgikast. Kasutatakse erinevates t\u00f6\u00f6kojades.","og_url":"https:\/\/zepestonia.com\/en\/toode\/natura-box\/","og_site_name":"ZEP Eesti I Puhastusvahendid I E-pood","article_publisher":"https:\/\/www.facebook.com\/ZepEesti","article_modified_time":"2025-07-01T00:23:59+00:00","og_image":[{"width":200,"height":300,"url":"https:\/\/zepestonia.com\/wp-content\/uploads\/2021\/12\/636-60e11529a987d3-31682559-Natura20Box.png","type":"image\/png"}],"twitter_card":"summary_large_image","twitter_misc":{"Est. reading time":"1 minute"},"schema":{"@context":"https:\/\/schema.org","@graph":[{"@type":"WebPage","@id":"https:\/\/zepestonia.com\/en\/toode\/natura-box\/","url":"https:\/\/zepestonia.com\/en\/toode\/natura-box\/","name":"Natura Box - Absorbendiga koristusk\u00e4ru I ZEP Eesti","isPartOf":{"@id":"https:\/\/zepestonia.com\/en\/#website"},"primaryImageOfPage":{"@id":"https:\/\/zepestonia.com\/en\/toode\/natura-box\/#primaryimage"},"image":{"@id":"https:\/\/zepestonia.com\/en\/toode\/natura-box\/#primaryimage"},"thumbnailUrl":"https:\/\/zepestonia.com\/wp-content\/uploads\/2021\/12\/636-60e11529a987d3-31682559-Natura20Box.png","datePublished":"2021-11-29T19:00:50+00:00","dateModified":"2025-07-01T00:23:59+00:00","description":"Koristusk\u00e4ru mahutab kuni 50 liitrit absorbenti. Komplektis on kookosluud\/pol\u00fcprop\u00fcleen, mittes\u00fcttiv labidas ja pr\u00fcgikast. Kasutatakse erinevates t\u00f6\u00f6kojades.","breadcrumb":{"@id":"https:\/\/zepestonia.com\/en\/toode\/natura-box\/#breadcrumb"},"inLanguage":"en-US","potentialAction":[{"@type":"ReadAction","target":["https:\/\/zepestonia.com\/en\/toode\/natura-box\/"]}]},{"@type":"ImageObject","inLanguage":"en-US","@id":"https:\/\/zepestonia.com\/en\/toode\/natura-box\/#primaryimage","url":"https:\/\/zepestonia.com\/wp-content\/uploads\/2021\/12\/636-60e11529a987d3-31682559-Natura20Box.png","contentUrl":"https:\/\/zepestonia.com\/wp-content\/uploads\/2021\/12\/636-60e11529a987d3-31682559-Natura20Box.png","width":200,"height":300,"caption":"636-60e11529a987d3-31682559-Natura20Box"},{"@type":"BreadcrumbList","@id":"https:\/\/zepestonia.com\/en\/toode\/natura-box\/#breadcrumb","itemListElement":[{"@type":"ListItem","position":1,"name":"Home","item":"https:\/\/zepestonia.com\/en\/"},{"@type":"ListItem","position":2,"name":"Shop","item":"https:\/\/zepestonia.com\/en\/?page_id=4643"},{"@type":"ListItem","position":3,"name":"Natura Box &#8211; Absorbendiga koristusk\u00e4ru"}]},{"@type":"WebSite","@id":"https:\/\/zepestonia.com\/en\/#website","url":"https:\/\/zepestonia.com\/en\/","name":"ZEP Eesti I Puhastusvahendid I E-pood","description":"Pakume puhastus- ja hooldusprobleemidele efektiivseid keskkonnas\u00f5bralikke lahendusi!","publisher":{"@id":"https:\/\/zepestonia.com\/en\/#organization"},"potentialAction":[{"@type":"SearchAction","target":{"@type":"EntryPoint","urlTemplate":"https:\/\/zepestonia.com\/en\/?s={search_term_string}"},"query-input":{"@type":"PropertyValueSpecification","valueRequired":true,"valueName":"search_term_string"}}],"inLanguage":"en-US"},{"@type":"Organization","@id":"https:\/\/zepestonia.com\/en\/#organization","name":"Zep Estonia","url":"https:\/\/zepestonia.com\/en\/","logo":{"@type":"ImageObject","inLanguage":"en-US","@id":"https:\/\/zepestonia.com\/en\/#\/schema\/logo\/image\/","url":"https:\/\/zepestonia.com\/wp-content\/uploads\/2022\/03\/Zep-Logo_png.jpeg","contentUrl":"https:\/\/zepestonia.com\/wp-content\/uploads\/2022\/03\/Zep-Logo_png.jpeg","width":109,"height":70,"caption":"Zep Estonia"},"image":{"@id":"https:\/\/zepestonia.com\/en\/#\/schema\/logo\/image\/"},"sameAs":["https:\/\/www.facebook.com\/ZepEesti"]}]}},"_links":{"self":[{"href":"https:\/\/zepestonia.com\/en\/wp-json\/wp\/v2\/product\/3039","targetHints":{"allow":["GET"]}}],"collection":[{"href":"https:\/\/zepestonia.com\/en\/wp-json\/wp\/v2\/product"}],"about":[{"href":"https:\/\/zepestonia.com\/en\/wp-json\/wp\/v2\/types\/product"}],"replies":[{"embeddable":true,"href":"https:\/\/zepestonia.com\/en\/wp-json\/wp\/v2\/comments?post=3039"}],"version-history":[{"count":3,"href":"https:\/\/zepestonia.com\/en\/wp-json\/wp\/v2\/product\/3039\/revisions"}],"predecessor-version":[{"id":13622,"href":"https:\/\/zepestonia.com\/en\/wp-json\/wp\/v2\/product\/3039\/revisions\/13622"}],"wp:featuredmedia":[{"embeddable":true,"href":"https:\/\/zepestonia.com\/en\/wp-json\/wp\/v2\/media\/3523"}],"wp:attachment":[{"href":"https:\/\/zepestonia.com\/en\/wp-json\/wp\/v2\/media?parent=3039"}],"wp:term":[{"taxonomy":"product_brand","embeddable":true,"href":"https:\/\/zepestonia.com\/en\/wp-json\/wp\/v2\/product_brand?post=3039"},{"taxonomy":"product_cat","embeddable":true,"href":"https:\/\/zepestonia.com\/en\/wp-json\/wp\/v2\/product_cat?post=3039"},{"taxonomy":"product_tag","embeddable":true,"href":"https:\/\/zepestonia.com\/en\/wp-json\/wp\/v2\/product_tag?post=3039"}],"curies":[{"name":"wp","href":"https:\/\/api.w.org\/{rel}","templated":true}]}}