{"id":3037,"date":"2021-11-29T19:00:50","date_gmt":"2021-11-29T19:00:50","guid":{"rendered":"https:\/\/zep.valgekana.ee\/toode\/oven-brite-eu-20l\/"},"modified":"2026-03-23T00:00:07","modified_gmt":"2026-03-23T00:00:07","slug":"oven-brite-eu-20l","status":"publish","type":"product","link":"https:\/\/zepestonia.com\/en\/toode\/oven-brite-eu-20l\/","title":{"rendered":"Oven Brite 20L &#8211; Ahjude ja grillide puhastusvahend"},"content":{"rendered":"<ul>\n<li><span style=\"font-size:14px\"><span class=\"markedContent\" id=\"page3R_mcid64\"><span dir=\"ltr\" role=\"presentation\" style=\"left: 149.04px;top: 1050.74px;font-family: sans-serif\">Kuumutada ahi 60<\/span><\/span><span class=\"markedContent\"> <span dir=\"ltr\" role=\"presentation\" style=\"left: 311.633px;top: 1050.74px;font-family: sans-serif\">&#8211;<\/span><span dir=\"ltr\" role=\"presentation\" style=\"left: 318.283px;top: 1050.74px;font-family: sans-serif\"> 80\u00b0C ja l\u00fclitada see v\u00e4lja.<\/span><\/span><\/span><\/li>\n<li><span style=\"font-size:14px\"><span class=\"markedContent\" id=\"page3R_mcid65\"><span dir=\"ltr\" role=\"presentation\" style=\"left: 149.04px;top: 1075.14px;font-family: sans-serif\">Piserdada ainet pinnale ja las<\/span><span dir=\"ltr\" role=\"presentation\" style=\"left: 410.683px;top: 1075.14px;font-family: sans-serif\">ta m\u00f5juda 5<\/span><span dir=\"ltr\" role=\"presentation\" style=\"left: 515.083px;top: 1075.14px;font-family: sans-serif\">&#8211;<\/span><span dir=\"ltr\" role=\"presentation\" style=\"left: 521.683px;top: 1075.14px;font-family: sans-serif\">10 min.<\/span><\/span><\/span><\/li>\n<li><span style=\"font-size:14px\"><span class=\"markedContent\" id=\"page3R_mcid66\"><span dir=\"ltr\" role=\"presentation\" style=\"left: 149.04px;top: 1099.39px;font-family: sans-serif\">P\u00fchkida niiske<\/span><span dir=\"ltr\" role=\"presentation\" style=\"left: 278.06px;top: 1099.39px;font-family: sans-serif\"> <\/span><span dir=\"ltr\" role=\"presentation\" style=\"left: 283.833px;top: 1099.39px;font-family: sans-serif\">\u0161<\/span><span dir=\"ltr\" role=\"presentation\" style=\"left: 293.833px;top: 1099.39px;font-family: sans-serif\">vammi v\u00f5i lapiga mustus \u00e4ra ja loputada.<\/span><\/span><\/span><\/li>\n<li><span style=\"font-size:14px\"><span class=\"markedContent\" id=\"page3R_mcid67\"><span dir=\"ltr\" role=\"presentation\" style=\"left: 149.04px;top: 1123.79px;font-family: sans-serif\">Vajadusel korrata protseduuri.<\/span><\/span><\/span><\/li>\n<li><span style=\"font-size:14px\"><span class=\"markedContent\" id=\"page3R_mcid68\"><span dir=\"ltr\" role=\"presentation\" style=\"left: 149.04px;top: 1148.19px;font-family: sans-serif\">P\u00e4rast puhastamist kuumutada ahju v\u00e4hemalt 10 minutit<\/span><\/span> <span class=\"markedContent\" id=\"page3R_mcid69\"><span dir=\"ltr\" role=\"presentation\" style=\"left: 148.04px;top: 1171.19px;font-family: sans-serif\">enne uuesti kasutamist.<\/span><\/span><\/span><\/li>\n<li><span style=\"font-size:14px\"><span class=\"markedContent\"><span dir=\"ltr\" role=\"presentation\" style=\"left: 129.04px;top: 1194.19px;font-family: sans-serif\">Vahendiga t\u00f6\u00f6tamise<\/span><span dir=\"ltr\" role=\"presentation\" style=\"left: 316.833px;top: 1194.19px;font-family: sans-serif\">l<\/span><span dir=\"ltr\" role=\"presentation\" style=\"left: 321.273px;top: 1194.19px;font-family: sans-serif\"> <\/span><span dir=\"ltr\" role=\"presentation\" style=\"left: 326.883px;top: 1194.19px;font-family: sans-serif\">k<\/span><span dir=\"ltr\" role=\"presentation\" style=\"left: 336.883px;top: 1194.19px;font-family: sans-serif\">asutada kaitsekindaid ja<\/span><span dir=\"ltr\" role=\"presentation\" style=\"left: 550.443px;top: 1194.19px;font-family: sans-serif\"> <\/span><span dir=\"ltr\" role=\"presentation\" style=\"left: 556.117px;top: 1194.19px;font-family: sans-serif\">&#8211;<\/span><span dir=\"ltr\" role=\"presentation\" style=\"left: 562.717px;top: 1194.19px;font-family: sans-serif\">prille<\/span><span dir=\"ltr\" role=\"presentation\" style=\"left: 604.917px;top: 1194.19px;font-family: sans-serif\">!<\/span><\/span><\/span><\/li>\n<\/ul>\n<p><span style=\"font-size:14px\"><span class=\"markedContent\"><span dir=\"ltr\" role=\"presentation\" style=\"left: 604.917px;top: 1194.19px;font-family: sans-serif\"><span style=\"font-size:14px\"><span class=\"markedContent\"><span dir=\"ltr\" role=\"presentation\" style=\"left: 604.917px;top: 1194.19px;font-family: sans-serif\">pH 13,0<\/span><\/span><\/span><\/span><\/span><\/span><br \/>\n<img decoding=\"async\" src=\"https:\/\/cdn.erply.com\/assets\/386945\/file\/hDvMfH2w1EgjEDhy6n0KaZd3ZtPG1aUD78gdm5WhUPbuuX3v9i.jpg\" \/><\/p>\n","protected":false},"excerpt":{"rendered":"<p>Eemaldab ja vedeldab k\u00fclgek\u00f5rbenud toidu j\u00e4\u00e4tmed, s\u00fcsiniku j\u00e4\u00e4gid, rasva ja tahma ahjudest, grillidest, p\u00f6\u00f6rlevates grillidest, kubudelt, pannidelt, restidelt ja p\u00f5letitelt.<br \/>\nValmislahus, ei ole vaja segada ega lahjendada.<br \/>\nKinnitub vertikaalsetele pindadele ja kindlustab mustusega pikema m\u00f5jumisaja.<br \/>\nKuna vahend tungib l\u00e4bi mustuse, saab rasva ja tahmaj\u00e4\u00e4gid kergesti \u00e4ra p\u00fchkida.<br \/>\nRegistreeritud NSF A8<\/p>\n","protected":false},"featured_media":5050,"comment_status":"closed","ping_status":"closed","template":"","meta":[],"product_brand":[],"product_cat":[217],"product_tag":[],"class_list":{"0":"post-3037","1":"product","2":"type-product","3":"status-publish","4":"has-post-thumbnail","6":"product_cat-suvapuhastus-horeca","8":"first","9":"instock","10":"taxable","11":"shipping-taxable","12":"purchasable","13":"product-type-simple"},"yoast_head":"<!-- This site is optimized with the Yoast SEO plugin v26.5 - https:\/\/yoast.com\/wordpress\/plugins\/seo\/ -->\n<title>Oven Brite 20L - Ahjude ja grillide puhastusvahend I ZEP Eesti<\/title>\n<meta name=\"description\" content=\"Eemaldab ja vedeldab k\u00fclgek\u00f5rbenud toidu j\u00e4\u00e4tmed, rasva ja tahma ahjudest, grillidest, p\u00f6\u00f6rlevates grillidest, kubudelt, pannidelt, restidelt ja p\u00f5letitelt.\" \/>\n<meta name=\"robots\" content=\"index, follow, max-snippet:-1, max-image-preview:large, max-video-preview:-1\" \/>\n<link rel=\"canonical\" href=\"https:\/\/zepestonia.com\/en\/toode\/oven-brite-eu-20l\/\" \/>\n<meta property=\"og:locale\" content=\"en_US\" \/>\n<meta property=\"og:type\" content=\"article\" \/>\n<meta property=\"og:title\" content=\"Oven Brite 20L - Ahjude ja grillide puhastusvahend I ZEP Eesti\" \/>\n<meta property=\"og:description\" content=\"Eemaldab ja vedeldab k\u00fclgek\u00f5rbenud toidu j\u00e4\u00e4tmed, rasva ja tahma ahjudest, grillidest, p\u00f6\u00f6rlevates grillidest, kubudelt, pannidelt, restidelt ja p\u00f5letitelt.\" \/>\n<meta property=\"og:url\" content=\"https:\/\/zepestonia.com\/en\/toode\/oven-brite-eu-20l\/\" \/>\n<meta property=\"og:site_name\" content=\"ZEP Eesti I Puhastusvahendid I E-pood\" \/>\n<meta property=\"article:publisher\" content=\"https:\/\/www.facebook.com\/ZepEesti\" \/>\n<meta property=\"article:modified_time\" content=\"2026-03-23T00:00:07+00:00\" \/>\n<meta property=\"og:image\" content=\"https:\/\/zepestonia.com\/wp-content\/uploads\/2022\/02\/OVEN-BRITE-4.png\" \/>\n\t<meta property=\"og:image:width\" content=\"200\" \/>\n\t<meta property=\"og:image:height\" content=\"300\" \/>\n\t<meta property=\"og:image:type\" content=\"image\/png\" \/>\n<meta name=\"twitter:card\" content=\"summary_large_image\" \/>\n<script type=\"application\/ld+json\" class=\"yoast-schema-graph\">{\"@context\":\"https:\/\/schema.org\",\"@graph\":[{\"@type\":\"WebPage\",\"@id\":\"https:\/\/zepestonia.com\/en\/toode\/oven-brite-eu-20l\/\",\"url\":\"https:\/\/zepestonia.com\/en\/toode\/oven-brite-eu-20l\/\",\"name\":\"Oven Brite 20L - Ahjude ja grillide puhastusvahend I ZEP Eesti\",\"isPartOf\":{\"@id\":\"https:\/\/zepestonia.com\/en\/#website\"},\"primaryImageOfPage\":{\"@id\":\"https:\/\/zepestonia.com\/en\/toode\/oven-brite-eu-20l\/#primaryimage\"},\"image\":{\"@id\":\"https:\/\/zepestonia.com\/en\/toode\/oven-brite-eu-20l\/#primaryimage\"},\"thumbnailUrl\":\"https:\/\/zepestonia.com\/wp-content\/uploads\/2022\/02\/OVEN-BRITE-4.png\",\"datePublished\":\"2021-11-29T19:00:50+00:00\",\"dateModified\":\"2026-03-23T00:00:07+00:00\",\"description\":\"Eemaldab ja vedeldab k\u00fclgek\u00f5rbenud toidu j\u00e4\u00e4tmed, rasva ja tahma ahjudest, grillidest, p\u00f6\u00f6rlevates grillidest, kubudelt, pannidelt, restidelt ja p\u00f5letitelt.\",\"breadcrumb\":{\"@id\":\"https:\/\/zepestonia.com\/en\/toode\/oven-brite-eu-20l\/#breadcrumb\"},\"inLanguage\":\"en-US\",\"potentialAction\":[{\"@type\":\"ReadAction\",\"target\":[\"https:\/\/zepestonia.com\/en\/toode\/oven-brite-eu-20l\/\"]}]},{\"@type\":\"ImageObject\",\"inLanguage\":\"en-US\",\"@id\":\"https:\/\/zepestonia.com\/en\/toode\/oven-brite-eu-20l\/#primaryimage\",\"url\":\"https:\/\/zepestonia.com\/wp-content\/uploads\/2022\/02\/OVEN-BRITE-4.png\",\"contentUrl\":\"https:\/\/zepestonia.com\/wp-content\/uploads\/2022\/02\/OVEN-BRITE-4.png\",\"width\":200,\"height\":300,\"caption\":\"OVEN-BRITE-4\"},{\"@type\":\"BreadcrumbList\",\"@id\":\"https:\/\/zepestonia.com\/en\/toode\/oven-brite-eu-20l\/#breadcrumb\",\"itemListElement\":[{\"@type\":\"ListItem\",\"position\":1,\"name\":\"Home\",\"item\":\"https:\/\/zepestonia.com\/en\/\"},{\"@type\":\"ListItem\",\"position\":2,\"name\":\"Shop\",\"item\":\"https:\/\/zepestonia.com\/en\/?page_id=4643\"},{\"@type\":\"ListItem\",\"position\":3,\"name\":\"Oven Brite 20L &#8211; Ahjude ja grillide puhastusvahend\"}]},{\"@type\":\"WebSite\",\"@id\":\"https:\/\/zepestonia.com\/en\/#website\",\"url\":\"https:\/\/zepestonia.com\/en\/\",\"name\":\"ZEP Eesti I Puhastusvahendid I E-pood\",\"description\":\"Pakume puhastus- ja hooldusprobleemidele efektiivseid keskkonnas\u00f5bralikke lahendusi!\",\"publisher\":{\"@id\":\"https:\/\/zepestonia.com\/en\/#organization\"},\"potentialAction\":[{\"@type\":\"SearchAction\",\"target\":{\"@type\":\"EntryPoint\",\"urlTemplate\":\"https:\/\/zepestonia.com\/en\/?s={search_term_string}\"},\"query-input\":{\"@type\":\"PropertyValueSpecification\",\"valueRequired\":true,\"valueName\":\"search_term_string\"}}],\"inLanguage\":\"en-US\"},{\"@type\":\"Organization\",\"@id\":\"https:\/\/zepestonia.com\/en\/#organization\",\"name\":\"Zep Estonia\",\"url\":\"https:\/\/zepestonia.com\/en\/\",\"logo\":{\"@type\":\"ImageObject\",\"inLanguage\":\"en-US\",\"@id\":\"https:\/\/zepestonia.com\/en\/#\/schema\/logo\/image\/\",\"url\":\"https:\/\/zepestonia.com\/wp-content\/uploads\/2022\/03\/Zep-Logo_png.jpeg\",\"contentUrl\":\"https:\/\/zepestonia.com\/wp-content\/uploads\/2022\/03\/Zep-Logo_png.jpeg\",\"width\":109,\"height\":70,\"caption\":\"Zep Estonia\"},\"image\":{\"@id\":\"https:\/\/zepestonia.com\/en\/#\/schema\/logo\/image\/\"},\"sameAs\":[\"https:\/\/www.facebook.com\/ZepEesti\"]}]}<\/script>\n<!-- \/ Yoast SEO plugin. -->","yoast_head_json":{"title":"Oven Brite 20L - Ahjude ja grillide puhastusvahend I ZEP Eesti","description":"Eemaldab ja vedeldab k\u00fclgek\u00f5rbenud toidu j\u00e4\u00e4tmed, rasva ja tahma ahjudest, grillidest, p\u00f6\u00f6rlevates grillidest, kubudelt, pannidelt, restidelt ja p\u00f5letitelt.","robots":{"index":"index","follow":"follow","max-snippet":"max-snippet:-1","max-image-preview":"max-image-preview:large","max-video-preview":"max-video-preview:-1"},"canonical":"https:\/\/zepestonia.com\/en\/toode\/oven-brite-eu-20l\/","og_locale":"en_US","og_type":"article","og_title":"Oven Brite 20L - Ahjude ja grillide puhastusvahend I ZEP Eesti","og_description":"Eemaldab ja vedeldab k\u00fclgek\u00f5rbenud toidu j\u00e4\u00e4tmed, rasva ja tahma ahjudest, grillidest, p\u00f6\u00f6rlevates grillidest, kubudelt, pannidelt, restidelt ja p\u00f5letitelt.","og_url":"https:\/\/zepestonia.com\/en\/toode\/oven-brite-eu-20l\/","og_site_name":"ZEP Eesti I Puhastusvahendid I E-pood","article_publisher":"https:\/\/www.facebook.com\/ZepEesti","article_modified_time":"2026-03-23T00:00:07+00:00","og_image":[{"width":200,"height":300,"url":"https:\/\/zepestonia.com\/wp-content\/uploads\/2022\/02\/OVEN-BRITE-4.png","type":"image\/png"}],"twitter_card":"summary_large_image","schema":{"@context":"https:\/\/schema.org","@graph":[{"@type":"WebPage","@id":"https:\/\/zepestonia.com\/en\/toode\/oven-brite-eu-20l\/","url":"https:\/\/zepestonia.com\/en\/toode\/oven-brite-eu-20l\/","name":"Oven Brite 20L - Ahjude ja grillide puhastusvahend I ZEP Eesti","isPartOf":{"@id":"https:\/\/zepestonia.com\/en\/#website"},"primaryImageOfPage":{"@id":"https:\/\/zepestonia.com\/en\/toode\/oven-brite-eu-20l\/#primaryimage"},"image":{"@id":"https:\/\/zepestonia.com\/en\/toode\/oven-brite-eu-20l\/#primaryimage"},"thumbnailUrl":"https:\/\/zepestonia.com\/wp-content\/uploads\/2022\/02\/OVEN-BRITE-4.png","datePublished":"2021-11-29T19:00:50+00:00","dateModified":"2026-03-23T00:00:07+00:00","description":"Eemaldab ja vedeldab k\u00fclgek\u00f5rbenud toidu j\u00e4\u00e4tmed, rasva ja tahma ahjudest, grillidest, p\u00f6\u00f6rlevates grillidest, kubudelt, pannidelt, restidelt ja p\u00f5letitelt.","breadcrumb":{"@id":"https:\/\/zepestonia.com\/en\/toode\/oven-brite-eu-20l\/#breadcrumb"},"inLanguage":"en-US","potentialAction":[{"@type":"ReadAction","target":["https:\/\/zepestonia.com\/en\/toode\/oven-brite-eu-20l\/"]}]},{"@type":"ImageObject","inLanguage":"en-US","@id":"https:\/\/zepestonia.com\/en\/toode\/oven-brite-eu-20l\/#primaryimage","url":"https:\/\/zepestonia.com\/wp-content\/uploads\/2022\/02\/OVEN-BRITE-4.png","contentUrl":"https:\/\/zepestonia.com\/wp-content\/uploads\/2022\/02\/OVEN-BRITE-4.png","width":200,"height":300,"caption":"OVEN-BRITE-4"},{"@type":"BreadcrumbList","@id":"https:\/\/zepestonia.com\/en\/toode\/oven-brite-eu-20l\/#breadcrumb","itemListElement":[{"@type":"ListItem","position":1,"name":"Home","item":"https:\/\/zepestonia.com\/en\/"},{"@type":"ListItem","position":2,"name":"Shop","item":"https:\/\/zepestonia.com\/en\/?page_id=4643"},{"@type":"ListItem","position":3,"name":"Oven Brite 20L &#8211; Ahjude ja grillide puhastusvahend"}]},{"@type":"WebSite","@id":"https:\/\/zepestonia.com\/en\/#website","url":"https:\/\/zepestonia.com\/en\/","name":"ZEP Eesti I Puhastusvahendid I E-pood","description":"Pakume puhastus- ja hooldusprobleemidele efektiivseid keskkonnas\u00f5bralikke lahendusi!","publisher":{"@id":"https:\/\/zepestonia.com\/en\/#organization"},"potentialAction":[{"@type":"SearchAction","target":{"@type":"EntryPoint","urlTemplate":"https:\/\/zepestonia.com\/en\/?s={search_term_string}"},"query-input":{"@type":"PropertyValueSpecification","valueRequired":true,"valueName":"search_term_string"}}],"inLanguage":"en-US"},{"@type":"Organization","@id":"https:\/\/zepestonia.com\/en\/#organization","name":"Zep Estonia","url":"https:\/\/zepestonia.com\/en\/","logo":{"@type":"ImageObject","inLanguage":"en-US","@id":"https:\/\/zepestonia.com\/en\/#\/schema\/logo\/image\/","url":"https:\/\/zepestonia.com\/wp-content\/uploads\/2022\/03\/Zep-Logo_png.jpeg","contentUrl":"https:\/\/zepestonia.com\/wp-content\/uploads\/2022\/03\/Zep-Logo_png.jpeg","width":109,"height":70,"caption":"Zep Estonia"},"image":{"@id":"https:\/\/zepestonia.com\/en\/#\/schema\/logo\/image\/"},"sameAs":["https:\/\/www.facebook.com\/ZepEesti"]}]}},"_links":{"self":[{"href":"https:\/\/zepestonia.com\/en\/wp-json\/wp\/v2\/product\/3037","targetHints":{"allow":["GET"]}}],"collection":[{"href":"https:\/\/zepestonia.com\/en\/wp-json\/wp\/v2\/product"}],"about":[{"href":"https:\/\/zepestonia.com\/en\/wp-json\/wp\/v2\/types\/product"}],"replies":[{"embeddable":true,"href":"https:\/\/zepestonia.com\/en\/wp-json\/wp\/v2\/comments?post=3037"}],"version-history":[{"count":4,"href":"https:\/\/zepestonia.com\/en\/wp-json\/wp\/v2\/product\/3037\/revisions"}],"predecessor-version":[{"id":14211,"href":"https:\/\/zepestonia.com\/en\/wp-json\/wp\/v2\/product\/3037\/revisions\/14211"}],"wp:featuredmedia":[{"embeddable":true,"href":"https:\/\/zepestonia.com\/en\/wp-json\/wp\/v2\/media\/5050"}],"wp:attachment":[{"href":"https:\/\/zepestonia.com\/en\/wp-json\/wp\/v2\/media?parent=3037"}],"wp:term":[{"taxonomy":"product_brand","embeddable":true,"href":"https:\/\/zepestonia.com\/en\/wp-json\/wp\/v2\/product_brand?post=3037"},{"taxonomy":"product_cat","embeddable":true,"href":"https:\/\/zepestonia.com\/en\/wp-json\/wp\/v2\/product_cat?post=3037"},{"taxonomy":"product_tag","embeddable":true,"href":"https:\/\/zepestonia.com\/en\/wp-json\/wp\/v2\/product_tag?post=3037"}],"curies":[{"name":"wp","href":"https:\/\/api.w.org\/{rel}","templated":true}]}}